{"id":10544,"date":"2020-04-28T14:17:51","date_gmt":"2020-04-28T12:17:51","guid":{"rendered":"https:\/\/captain-guitar-lounge.com\/?post_type=product&#038;p=10544"},"modified":"2023-12-07T16:07:19","modified_gmt":"2023-12-07T15:07:19","slug":"captain-ftc58-tweed-champ","status":"publish","type":"product","link":"https:\/\/captain-guitar-lounge.com\/en\/product\/captain-ftc58-tweed-champ\/","title":{"rendered":"Captain FTC FiftyNine Tweed Champ"},"content":{"rendered":"<p>Der Champ war der kleinste Verst\u00e4rker im Programm Leo Fenders. Eine 6V6 im Class A-Betrieb macht so 3 bis 6 Watt, je nach Baujahr. Ab 1955 gabs statt dem 6 Zoll einen 8 Zoll Jensen Speaker. Das Modell wurde bis 1961 weitergebaut, am Ende in schwarzem Tolex.<br \/>\nZu besonderen Ehren kam der kleine Champ als ein gewisser Eric Clapton ein Lied Namens Layla mit ihm aufnahm. Billy F. Gibbons hat angeblich La Grange mit einem Tweed Champ eingespielt, genauso wie Joe Walsch das Slide-Solo von Rocky Mountain Way. Die Jungs h\u00e4tten sicher auch jeden anderen Amp verwenden k\u00f6nnen, so ein Champ mu\u00df wohl was besonderes haben.<\/p>\n<hr \/>\n<p><strong>Optionen:<\/strong><br \/>\nCaptain Power Soak <a href=\"https:\/\/captain-guitar-lounge.com\/produkt\/captain-power-soak-cps\/\"><strong>CPS6<\/strong><\/a><br \/>\nNOS R\u00f6hren Aufpreis ab ca.\u00a0\u00a0\u00a0\u00a0 <strong>140,- Euro\u00a0<\/strong>\u00a0 (nach Verf\u00fcgbarkeit)<strong><br \/>\n<\/strong>Tolex und Frontbespannung nach Kundenwunsch ab <strong>127,- Euro<br \/>\n<\/strong>Eine Auswahl findest du<a href=\"https:\/\/www.captain-koerg.de\/captain-amps\/geh%C3%A4usebau\/standard-tolex-grille\/\"><strong> HIER<\/strong><\/a><\/p>\n<p>Und wenns aussehen soll als w\u00e4r der Amp aus den 50ern gibts das <strong><a href=\"https:\/\/captain-guitar-lounge.com\/produkt\/captain-tweed-amp-aging\/\">Captain Tweed Aging<\/a><\/strong><\/p>\n<p><strong>Headroom Upgrade<br \/>\n<\/strong>5Watt sind f\u00fcr zuhause sicher laut genug, in einer Band kommt man aber schnell an die Lautst\u00e4rkegrenze.<br \/>\nMit der doppelten Leistung wird der Amp zwar nicht doppelt so laut, aber bekommt deutlich mehr Headroom.<br \/>\n&#8211; Mercury Magnetics Netztrafo mit h\u00f6herer Spannung und mehr Heizstrom<br \/>\n&#8211; Mercury Magnetics Ausgangs\u00fcbertrager mit mehr Eisen (FatStack) und 4\/8 Ohm Ausgang<br \/>\n&#8211; TAD 6L6WGC oder 5881WXT<br \/>\n&#8211; Leistung: ca. 10 Watt<br \/>\n<strong>Preis:207,- Euro<\/strong><\/p>\n<p>Dazu passend:<br \/>\nCaptain Power Soak<a href=\"https:\/\/captain-guitar-lounge.com\/produkt\/captain-power-soak-cps\/\"><strong> CPS12 <\/strong><\/a><\/p>\n<p>F\u00fcr alle Modelle:<br \/>\n<a href=\"https:\/\/captain-guitar-lounge.com\/produkt\/captain-ft112-cabinet\/\"><strong>1&#215;12&#8243; Extension Cab Captain FT112<\/strong><\/a><\/p>\n<p>Und auf Wunsch machen wir dir ein passendes <a href=\"https:\/\/www.captain-koerg.de\/shop\/captain-amp-covers\/\"><strong>Captain Amp Cover<\/strong><\/a><\/p>\n<hr \/>\n<p><strong>Kundenbewertungen:<\/strong><\/p>\n<blockquote><p><em>Moin Captain,<\/em><\/p>\n<p><em>lange Rede kurzer Sinn: Der Amp ist total Class A!!!<br \/>\n<\/em><em>Der Champ macht so viel Spa\u00df!!! Man f\u00fchlt sich wie Keith R. oder Neil Y. auf der grossen B\u00fchne, aber eben im Wohnzimmer! Und das, dank des Powersoaks, zu jeder Tages- und Nacht Zeit.<br \/>\n<\/em><em>Trotz der geringen Watt Zahl ist der Amp n\u00e4mlich ganz sch\u00f6n laut wenn man ihn in die S\u00e4ttigung f\u00e4hrt, und dass will man doch bei einem Tweed Amp.<br \/>\n<\/em><em>Deshalb der Powersoak! Zuerst fand ich die Idee irgendwie affig bei so einem kleinen Amp, aber das ist die beste Entscheidung gewesen. Grosses Lob an den Captain, das Powersoak ist der absolute Wahnsinn. Dadurch wird der Champ extrem vielseitig, ohne dass die Nachbarn gleich randalieren, weil man wirklich die Lautst\u00e4rke voll runter regeln kann ohne den Sound zu ver\u00e4ndern.<\/em><\/p>\n<p><em>Ich hab mich f\u00fcr den Champ entschieden, weil mir die simple Art des Aufbaus gef\u00e4llt; einschalten, Gitarre rein und man kann alles mit dem Volume Poti regeln. Oder Reverb davor schalten, noch ein Zerrer, alles ist drin. Und selbst ich als Laie kann mal ganz schnell die Endstufenr\u00f6hren wechseln ( ist ja nur eine ) um etwas zu Experimentieren.<\/em><\/p>\n<p><em>Am besten arbeitet er mit Gitarren im 50ger Stile, andere Gitarren mit mehr Output gehen auch, aber man sollte den Amp nicht zu sehr aufrei\u00dfen und mit den basslastigeren Halstonabnehemern spielen, da matscht er etwas. Der 8\u201c Speaker macht sich dann bemerkbar.<\/em><\/p>\n<p><em>Fazit:<br \/>\n<\/em><em>Wie ein kleiner Ein-Kanaliger Verst\u00e4rker so viel Laune und Vielseitigkeit bringt ist faszinierend. Ich spiel ihn wirklich jeden Tag.<br \/>\n<\/em><em>Der Powersoak ist selbst bei 5Watt ein absolutes Muss, dazu kommt der leicht zug\u00e4ngliche Anschluss f\u00fcr den externen Speaker, sehr genial!!!<br \/>\n<\/em><em>Ein geiles Teil und wie Frank mit seinem Marshall Class 7 schon so sch\u00f6n in seiner Rezension geschrieben hat <\/em><em>\u201edein Logo auf dem Amp hast du dir echt verdient\u201c<br \/>\n<\/em><em>Dies ist auch meine Meinung lieber Captain!<br \/>\n<\/em><em>Super Beratung, wie immer viel Geduld und ein tolles Endergebnis.<\/em><\/p>\n<p><em>Vielen Dank<br \/>\n<\/em><em>Chris<\/em><\/p><\/blockquote>\n","protected":false},"excerpt":{"rendered":"<hr \/>\n<p>Wie bei allen <a href=\"https:\/\/captain-guitar-lounge.com\/produkt-kategorie\/captain-amps\/captain-classic-amps\/\"><strong>Captain Classic Amps<\/strong><\/a> verwenden wir auch hier <strong>Mercury Magnetics<\/strong> Trafos und <strong>Weber<\/strong> Speaker aus den USA.<br \/>\nUnd auch die anderen Bauteile sind selektiert um dem Originalsound so nahe wie m\u00f6glich zu kommen.<br \/>\nDer Verst\u00e4rker wird wie das Vorbild liebevoll und mit viel Erfahrung handverdrahtet.<\/p>\n<hr \/>\n<p><strong>Features Captain FTC FiftyNine<\/strong><\/p>\n<ul>\n<li>Schaltung: 5F1<\/li>\n<li>Leistung:\u00a0ca. 5 Watt<\/li>\n<li>Impedanz: 4 Ohm<\/li>\n<li>R\u00f6hren: 1x 12AX7, 1x 6V6GT, 1x 5Y3GT<\/li>\n<li>\n<div>Holz: Massiv Pinie, fingerverzahnt<\/div>\n<\/li>\n<li>\n<div>Bezug: Tweed mit Nitro-Lack-Schutzlasur<\/div>\n<\/li>\n<li>Frontbespannstoff: Oxblood with stripes<br \/>\n(Technische \u00c4nderungen vorbehalten)<\/li>\n<\/ul>\n<div>Dieser Verst\u00e4rker wird auf Bestellung f\u00fcr Dich angefertigt, \u00c4nderungsw\u00fcnsche sind daher immer m\u00f6glich!<br \/>\nDie Lieferzeit betr\u00e4gt vier Wochen bis drei Monate, je nach den gew\u00fcnschten Optionen und der Verf\u00fcgbarkeit.<\/p>\n<hr \/>\n<p>Den <strong>Captain FTC59<\/strong> gibt es in drei verschiedenen Varianten:<\/p>\n<\/div>\n<ul>\n<li><strong>FTC59-8\u00a0\u00a0\u00a0\u00a0 mit 8&#8243; Weber Alnico 8A125<\/strong><\/li>\n<li><strong>FTC59-10\u00a0\u00a0 mit 10&#8243; Weber Alnico 10A125<\/strong><\/li>\n<li><strong>FTC59-12\u00a0\u00a0 mit 12&#8243; Weber Alnico 12A125<\/strong><\/li>\n<\/ul>\n<p>Alle Lautsprecher erhalten den <a href=\"https:\/\/captain-guitar-lounge.com\/produkt\/captain-speaker-shakedown\/\">24hrs Captain Speaker Shakedown<\/a><br \/>\nAndere Lautsprecher auf Anfrage.<\/p>\n","protected":false},"featured_media":10551,"comment_status":"closed","ping_status":"closed","template":"","meta":{"_et_pb_use_builder":"","_et_pb_old_content":"","_et_gb_content_width":""},"product_brand":[],"product_cat":[735],"product_tag":[],"class_list":{"0":"post-10544","1":"product","2":"type-product","3":"status-publish","4":"has-post-thumbnail","6":"product_cat-captain-classic-amps","7":"product_shipping_class-standard","8":"pa_amp-features-master-volume","9":"pa_amp-features-powersoak","10":"pa_artikelzustand-neuer-artikel","11":"pa_captain-amp-leistung-bis-5-watt","12":"pa_captain-amp-leistung-bis-10-watt","13":"pa_captain-amp-serie-captain-classic-amps","14":"pa_captain-amp-speaker-8-zoll","15":"pa_captain-amp-speaker-10-zoll","16":"pa_captain-amp-speaker-12-zoll","17":"pa_captain-amp-style-us-fifties","18":"pa_captain-amp-tubes-6v6","19":"pa_captain-amp-tubes-6l6","21":"first","22":"onbackorder","23":"taxable","24":"shipping-taxable","25":"purchasable","26":"product-type-variable","27":"has-default-attributes"},"composite_virtual":false,"composite_layout":"","composite_add_to_cart_form_location":"","composite_editable_in_cart":false,"composite_sold_individually_context":"","composite_shop_price_calc":"","composite_components":[],"composite_scenarios":[],"pp_statuses_selecting_workflow":false,"pp_workflow_action":"current","pp_status_selection":"publish","yoast_head":"<!-- This site is optimized with the Yoast SEO plugin v26.8 - https:\/\/yoast.com\/product\/yoast-seo-wordpress\/ -->\n<title>Captain FTC FiftyNine Tweed Champ - captain-guitar-lounge.com<\/title>\n<meta name=\"robots\" content=\"index, follow, max-snippet:-1, max-image-preview:large, max-video-preview:-1\" \/>\n<link rel=\"canonical\" href=\"https:\/\/captain-guitar-lounge.com\/en\/product\/captain-ftc58-tweed-champ\/\" \/>\n<meta property=\"og:locale\" content=\"en_US\" \/>\n<meta property=\"og:type\" content=\"article\" \/>\n<meta property=\"og:title\" content=\"Captain FTC FiftyNine Tweed Champ - captain-guitar-lounge.com\" \/>\n<meta property=\"og:description\" content=\"Wie bei allen Captain Classic Amps verwenden wir auch hier Mercury Magnetics Trafos und Weber Speaker aus den USA. Und auch die anderen Bauteile sind selektiert um dem Originalsound so nahe wie m\u00f6glich zu kommen. Der Verst\u00e4rker wird wie das Vorbild liebevoll und mit viel Erfahrung handverdrahtet.    Features Captain FTC FiftyNine   Schaltung: 5F1  Leistung:\u00a0ca. 5 Watt  Impedanz: 4 Ohm  R\u00f6hren: 1x 12AX7, 1x 6V6GT, 1x 5Y3GT   Holz: Massiv Pinie, fingerverzahnt   Bezug: Tweed mit Nitro-Lack-Schutzlasur  Frontbespannstoff: Oxblood with stripes (Technische \u00c4nderungen vorbehalten)  Dieser Verst\u00e4rker wird auf Bestellung f\u00fcr Dich angefertigt, \u00c4nderungsw\u00fcnsche sind daher immer m\u00f6glich! Die Lieferzeit betr\u00e4gt vier Wochen bis drei Monate, je nach den gew\u00fcnschten Optionen und der Verf\u00fcgbarkeit.    Den Captain FTC59 gibt es in drei verschiedenen Varianten:     FTC59-8\u00a0\u00a0\u00a0\u00a0 mit 8&quot; Weber Alnico 8A125  FTC59-10\u00a0\u00a0 mit 10&quot; Weber Alnico 10A125  FTC59-12\u00a0\u00a0 mit 12&quot; Weber Alnico 12A125  Alle Lautsprecher erhalten den 24hrs Captain Speaker Shakedown Andere Lautsprecher auf Anfrage.\" \/>\n<meta property=\"og:url\" content=\"https:\/\/captain-guitar-lounge.com\/en\/product\/captain-ftc58-tweed-champ\/\" \/>\n<meta property=\"og:site_name\" content=\"captain-guitar-lounge.com\" \/>\n<meta property=\"article:publisher\" content=\"https:\/\/www.facebook.com\/Captain-Guitar-Lounge-140457272682315\/\" \/>\n<meta property=\"article:modified_time\" content=\"2023-12-07T15:07:19+00:00\" \/>\n<meta property=\"og:image\" content=\"https:\/\/captain-guitar-lounge.com\/wp-content\/uploads\/2020\/04\/IMG_6632k-scaled.jpg\" \/>\n\t<meta property=\"og:image:width\" content=\"2560\" \/>\n\t<meta property=\"og:image:height\" content=\"1920\" \/>\n\t<meta property=\"og:image:type\" content=\"image\/jpeg\" \/>\n<meta name=\"twitter:card\" content=\"summary_large_image\" \/>\n<meta name=\"twitter:label1\" content=\"Est. reading time\" \/>\n\t<meta name=\"twitter:data1\" content=\"2 minutes\" \/>\n<script type=\"application\/ld+json\" class=\"yoast-schema-graph\">{\"@context\":\"https:\/\/schema.org\",\"@graph\":[{\"@type\":\"WebPage\",\"@id\":\"https:\/\/captain-guitar-lounge.com\/en\/product\/captain-ftc58-tweed-champ\/\",\"url\":\"https:\/\/captain-guitar-lounge.com\/en\/product\/captain-ftc58-tweed-champ\/\",\"name\":\"Captain FTC FiftyNine Tweed Champ - captain-guitar-lounge.com\",\"isPartOf\":{\"@id\":\"https:\/\/captain-guitar-lounge.com\/en\/#website\"},\"primaryImageOfPage\":{\"@id\":\"https:\/\/captain-guitar-lounge.com\/en\/product\/captain-ftc58-tweed-champ\/#primaryimage\"},\"image\":{\"@id\":\"https:\/\/captain-guitar-lounge.com\/en\/product\/captain-ftc58-tweed-champ\/#primaryimage\"},\"thumbnailUrl\":\"https:\/\/captain-guitar-lounge.com\/wp-content\/uploads\/2020\/04\/IMG_6632k-scaled.jpg\",\"datePublished\":\"2020-04-28T12:17:51+00:00\",\"dateModified\":\"2023-12-07T15:07:19+00:00\",\"breadcrumb\":{\"@id\":\"https:\/\/captain-guitar-lounge.com\/en\/product\/captain-ftc58-tweed-champ\/#breadcrumb\"},\"inLanguage\":\"en-US\",\"potentialAction\":[{\"@type\":\"ReadAction\",\"target\":[\"https:\/\/captain-guitar-lounge.com\/en\/product\/captain-ftc58-tweed-champ\/\"]}]},{\"@type\":\"ImageObject\",\"inLanguage\":\"en-US\",\"@id\":\"https:\/\/captain-guitar-lounge.com\/en\/product\/captain-ftc58-tweed-champ\/#primaryimage\",\"url\":\"https:\/\/captain-guitar-lounge.com\/wp-content\/uploads\/2020\/04\/IMG_6632k-scaled.jpg\",\"contentUrl\":\"https:\/\/captain-guitar-lounge.com\/wp-content\/uploads\/2020\/04\/IMG_6632k-scaled.jpg\",\"width\":2560,\"height\":1920,\"caption\":\"Captain FTC58-10\"},{\"@type\":\"BreadcrumbList\",\"@id\":\"https:\/\/captain-guitar-lounge.com\/en\/product\/captain-ftc58-tweed-champ\/#breadcrumb\",\"itemListElement\":[{\"@type\":\"ListItem\",\"position\":1,\"name\":\"Startseite\",\"item\":\"https:\/\/captain-guitar-lounge.com\/en\/\"},{\"@type\":\"ListItem\",\"position\":2,\"name\":\"Shop\",\"item\":\"https:\/\/captain-guitar-lounge.com\/shop\/\"},{\"@type\":\"ListItem\",\"position\":3,\"name\":\"Captain FTC FiftyNine Tweed Champ\"}]},{\"@type\":\"WebSite\",\"@id\":\"https:\/\/captain-guitar-lounge.com\/en\/#website\",\"url\":\"https:\/\/captain-guitar-lounge.com\/en\/\",\"name\":\"captain-guitar-lounge.com\",\"description\":\"Fine Amps and Guitars and more\",\"potentialAction\":[{\"@type\":\"SearchAction\",\"target\":{\"@type\":\"EntryPoint\",\"urlTemplate\":\"https:\/\/captain-guitar-lounge.com\/en\/?s={search_term_string}\"},\"query-input\":{\"@type\":\"PropertyValueSpecification\",\"valueRequired\":true,\"valueName\":\"search_term_string\"}}],\"inLanguage\":\"en-US\"}]}<\/script>\n<!-- \/ Yoast SEO plugin. -->","yoast_head_json":{"title":"Captain FTC FiftyNine Tweed Champ - captain-guitar-lounge.com","robots":{"index":"index","follow":"follow","max-snippet":"max-snippet:-1","max-image-preview":"max-image-preview:large","max-video-preview":"max-video-preview:-1"},"canonical":"https:\/\/captain-guitar-lounge.com\/en\/product\/captain-ftc58-tweed-champ\/","og_locale":"en_US","og_type":"article","og_title":"Captain FTC FiftyNine Tweed Champ - captain-guitar-lounge.com","og_description":"Wie bei allen Captain Classic Amps verwenden wir auch hier Mercury Magnetics Trafos und Weber Speaker aus den USA. Und auch die anderen Bauteile sind selektiert um dem Originalsound so nahe wie m\u00f6glich zu kommen. Der Verst\u00e4rker wird wie das Vorbild liebevoll und mit viel Erfahrung handverdrahtet.    Features Captain FTC FiftyNine   Schaltung: 5F1  Leistung:\u00a0ca. 5 Watt  Impedanz: 4 Ohm  R\u00f6hren: 1x 12AX7, 1x 6V6GT, 1x 5Y3GT   Holz: Massiv Pinie, fingerverzahnt   Bezug: Tweed mit Nitro-Lack-Schutzlasur  Frontbespannstoff: Oxblood with stripes (Technische \u00c4nderungen vorbehalten)  Dieser Verst\u00e4rker wird auf Bestellung f\u00fcr Dich angefertigt, \u00c4nderungsw\u00fcnsche sind daher immer m\u00f6glich! Die Lieferzeit betr\u00e4gt vier Wochen bis drei Monate, je nach den gew\u00fcnschten Optionen und der Verf\u00fcgbarkeit.    Den Captain FTC59 gibt es in drei verschiedenen Varianten:     FTC59-8\u00a0\u00a0\u00a0\u00a0 mit 8\" Weber Alnico 8A125  FTC59-10\u00a0\u00a0 mit 10\" Weber Alnico 10A125  FTC59-12\u00a0\u00a0 mit 12\" Weber Alnico 12A125  Alle Lautsprecher erhalten den 24hrs Captain Speaker Shakedown Andere Lautsprecher auf Anfrage.","og_url":"https:\/\/captain-guitar-lounge.com\/en\/product\/captain-ftc58-tweed-champ\/","og_site_name":"captain-guitar-lounge.com","article_publisher":"https:\/\/www.facebook.com\/Captain-Guitar-Lounge-140457272682315\/","article_modified_time":"2023-12-07T15:07:19+00:00","og_image":[{"width":2560,"height":1920,"url":"https:\/\/captain-guitar-lounge.com\/wp-content\/uploads\/2020\/04\/IMG_6632k-scaled.jpg","type":"image\/jpeg"}],"twitter_card":"summary_large_image","twitter_misc":{"Est. reading time":"2 minutes"},"schema":{"@context":"https:\/\/schema.org","@graph":[{"@type":"WebPage","@id":"https:\/\/captain-guitar-lounge.com\/en\/product\/captain-ftc58-tweed-champ\/","url":"https:\/\/captain-guitar-lounge.com\/en\/product\/captain-ftc58-tweed-champ\/","name":"Captain FTC FiftyNine Tweed Champ - captain-guitar-lounge.com","isPartOf":{"@id":"https:\/\/captain-guitar-lounge.com\/en\/#website"},"primaryImageOfPage":{"@id":"https:\/\/captain-guitar-lounge.com\/en\/product\/captain-ftc58-tweed-champ\/#primaryimage"},"image":{"@id":"https:\/\/captain-guitar-lounge.com\/en\/product\/captain-ftc58-tweed-champ\/#primaryimage"},"thumbnailUrl":"https:\/\/captain-guitar-lounge.com\/wp-content\/uploads\/2020\/04\/IMG_6632k-scaled.jpg","datePublished":"2020-04-28T12:17:51+00:00","dateModified":"2023-12-07T15:07:19+00:00","breadcrumb":{"@id":"https:\/\/captain-guitar-lounge.com\/en\/product\/captain-ftc58-tweed-champ\/#breadcrumb"},"inLanguage":"en-US","potentialAction":[{"@type":"ReadAction","target":["https:\/\/captain-guitar-lounge.com\/en\/product\/captain-ftc58-tweed-champ\/"]}]},{"@type":"ImageObject","inLanguage":"en-US","@id":"https:\/\/captain-guitar-lounge.com\/en\/product\/captain-ftc58-tweed-champ\/#primaryimage","url":"https:\/\/captain-guitar-lounge.com\/wp-content\/uploads\/2020\/04\/IMG_6632k-scaled.jpg","contentUrl":"https:\/\/captain-guitar-lounge.com\/wp-content\/uploads\/2020\/04\/IMG_6632k-scaled.jpg","width":2560,"height":1920,"caption":"Captain FTC58-10"},{"@type":"BreadcrumbList","@id":"https:\/\/captain-guitar-lounge.com\/en\/product\/captain-ftc58-tweed-champ\/#breadcrumb","itemListElement":[{"@type":"ListItem","position":1,"name":"Startseite","item":"https:\/\/captain-guitar-lounge.com\/en\/"},{"@type":"ListItem","position":2,"name":"Shop","item":"https:\/\/captain-guitar-lounge.com\/shop\/"},{"@type":"ListItem","position":3,"name":"Captain FTC FiftyNine Tweed Champ"}]},{"@type":"WebSite","@id":"https:\/\/captain-guitar-lounge.com\/en\/#website","url":"https:\/\/captain-guitar-lounge.com\/en\/","name":"captain-guitar-lounge.com","description":"Fine Amps and Guitars and more","potentialAction":[{"@type":"SearchAction","target":{"@type":"EntryPoint","urlTemplate":"https:\/\/captain-guitar-lounge.com\/en\/?s={search_term_string}"},"query-input":{"@type":"PropertyValueSpecification","valueRequired":true,"valueName":"search_term_string"}}],"inLanguage":"en-US"}]}},"_links":{"self":[{"href":"https:\/\/captain-guitar-lounge.com\/en\/wp-json\/wp\/v2\/product\/10544","targetHints":{"allow":["GET"]}}],"collection":[{"href":"https:\/\/captain-guitar-lounge.com\/en\/wp-json\/wp\/v2\/product"}],"about":[{"href":"https:\/\/captain-guitar-lounge.com\/en\/wp-json\/wp\/v2\/types\/product"}],"replies":[{"embeddable":true,"href":"https:\/\/captain-guitar-lounge.com\/en\/wp-json\/wp\/v2\/comments?post=10544"}],"wp:featuredmedia":[{"embeddable":true,"href":"https:\/\/captain-guitar-lounge.com\/en\/wp-json\/wp\/v2\/media\/10551"}],"wp:attachment":[{"href":"https:\/\/captain-guitar-lounge.com\/en\/wp-json\/wp\/v2\/media?parent=10544"}],"wp:term":[{"taxonomy":"product_brand","embeddable":true,"href":"https:\/\/captain-guitar-lounge.com\/en\/wp-json\/wp\/v2\/product_brand?post=10544"},{"taxonomy":"product_cat","embeddable":true,"href":"https:\/\/captain-guitar-lounge.com\/en\/wp-json\/wp\/v2\/product_cat?post=10544"},{"taxonomy":"product_tag","embeddable":true,"href":"https:\/\/captain-guitar-lounge.com\/en\/wp-json\/wp\/v2\/product_tag?post=10544"}],"curies":[{"name":"wp","href":"https:\/\/api.w.org\/{rel}","templated":true}]}}