{"id":10557,"date":"2020-04-29T09:59:08","date_gmt":"2020-04-29T07:59:08","guid":{"rendered":"https:\/\/captain-guitar-lounge.com\/?p=10557&#038;post_type=product&#038;preview_id=10557"},"modified":"2024-08-23T09:28:13","modified_gmt":"2024-08-23T07:28:13","slug":"captain-tweed-amp-aging","status":"publish","type":"product","link":"https:\/\/captain-guitar-lounge.com\/en\/product\/captain-tweed-amp-aging\/","title":{"rendered":"Captain Tweed Amp Aging"},"content":{"rendered":"<p>Die alten Tweed Amps aus den 40er- und 50er Jahren beziehen einen gro\u00dfen Teil ihres Charmes aus ihrer Optik. Nach \u00fcber 60 Jahren sieht der Baumwollstoff nicht mehr neu aus. An den Ecken ist er meist mehr oder weniger durchgewetzt und das Tuch hat sich \u00fcber die Jahre mit allerlei Fl\u00fcssigkeiten vollgesaugt.<br \/>\nZudem sind alle Metallteile und Schrauben mindestens angelaufen oder gar richtig rostig. Meist hat auch die Frontbespannung gelitten und weist absch\u00fcrfungen oder sogar Risse auf.<br \/>\nDas Captain Tweed Amp Aging bildet diesen Zustand sehr authentisch nach, der Amp sieht aus wie ein Original, das schon in 1000 Kneipen gespielt wurde.<br \/>\nHier noch ein <a href=\"https:\/\/captain-guitar-lounge.com\/2022\/02\/16\/captain-tweed-aging-fuer-fender-champ\/\">Beispiel<\/a>.<\/p>\n","protected":false},"excerpt":{"rendered":"<div class=\"n module-type-text diyfeLiveArea \">\n<p>Der Grad des Agings wird zusammen mit dem Kunden definiert.<br \/>\nVon &#8220;<em>leicht gebraucht<\/em>&#8221; bis &#8220;<em>lag 10 Jahre in der Isar<\/em>&#8221; ist alles m\u00f6glich!<\/p>\n<p><strong>Light Aging:<\/strong> Einige Schrammen im Tweed, Kratzer in der Frontbespannung, Metallteile leicht angelaufen<\/p>\n<p><strong>Medium Aging:<\/strong> Tweed nachgedunkelt und abgewetzt, Ecken aufgescheuert, Frontbespannung verkratzt mit Macken, Metallteile leicht rostig<\/p>\n<p><strong>Heavy Aging:<\/strong> Tweed nachgedunkelt und stellenweise ausgefranst, Ecken durchgewetzt, Frontbespannung mit Kratzern und Rissen, Metallteile rostig, Kn\u00f6pfe vergilbt<\/p>\n<p>Die Preise sind Anhaltspreise und richten sich nach Umfang und Aufwand und nach der Gr\u00f6\u00dfe des Verst\u00e4rkers.<\/p>\n<\/div>\n","protected":false},"featured_media":10564,"comment_status":"closed","ping_status":"closed","template":"","meta":{"_et_pb_use_builder":"","_et_pb_old_content":"","_et_gb_content_width":""},"product_brand":[],"product_cat":[1113],"product_tag":[],"class_list":{"0":"post-10557","1":"product","2":"type-product","3":"status-publish","4":"has-post-thumbnail","6":"product_cat-appearence-mods","7":"product_shipping_class-nur-abholung","9":"first","10":"instock","11":"sold-individually","12":"taxable","13":"shipping-taxable","14":"purchasable","15":"product-type-variable"},"composite_virtual":false,"composite_layout":"","composite_add_to_cart_form_location":"","composite_editable_in_cart":false,"composite_sold_individually_context":"","composite_shop_price_calc":"","composite_components":[],"composite_scenarios":[],"pp_statuses_selecting_workflow":false,"pp_workflow_action":"current","pp_status_selection":"publish","yoast_head":"<!-- This site is optimized with the Yoast SEO plugin v26.8 - https:\/\/yoast.com\/product\/yoast-seo-wordpress\/ -->\n<title>Captain Tweed Amp Aging - captain-guitar-lounge.com<\/title>\n<meta name=\"robots\" content=\"index, follow, max-snippet:-1, max-image-preview:large, max-video-preview:-1\" \/>\n<link rel=\"canonical\" href=\"https:\/\/captain-guitar-lounge.com\/en\/product\/captain-tweed-amp-aging\/\" \/>\n<meta property=\"og:locale\" content=\"en_US\" \/>\n<meta property=\"og:type\" content=\"article\" \/>\n<meta property=\"og:title\" content=\"Captain Tweed Amp Aging - captain-guitar-lounge.com\" \/>\n<meta property=\"og:description\" content=\"Der Grad des Agings wird zusammen mit dem Kunden definiert. Von &quot;leicht gebraucht&quot; bis &quot;lag 10 Jahre in der Isar&quot; ist alles m\u00f6glich!  Light Aging: Einige Schrammen im Tweed, Kratzer in der Frontbespannung, Metallteile leicht angelaufen  Medium Aging: Tweed nachgedunkelt und abgewetzt, Ecken aufgescheuert, Frontbespannung verkratzt mit Macken, Metallteile leicht rostig  Heavy Aging: Tweed nachgedunkelt und stellenweise ausgefranst, Ecken durchgewetzt, Frontbespannung mit Kratzern und Rissen, Metallteile rostig, Kn\u00f6pfe vergilbt  Die Preise sind Anhaltspreise und richten sich nach Umfang und Aufwand und nach der Gr\u00f6\u00dfe des Verst\u00e4rkers.\" \/>\n<meta property=\"og:url\" content=\"https:\/\/captain-guitar-lounge.com\/en\/product\/captain-tweed-amp-aging\/\" \/>\n<meta property=\"og:site_name\" content=\"captain-guitar-lounge.com\" \/>\n<meta property=\"article:publisher\" content=\"https:\/\/www.facebook.com\/Captain-Guitar-Lounge-140457272682315\/\" \/>\n<meta property=\"article:modified_time\" content=\"2024-08-23T07:28:13+00:00\" \/>\n<meta property=\"og:image\" content=\"https:\/\/captain-guitar-lounge.com\/wp-content\/uploads\/2020\/04\/k-IMG_3052.jpg\" \/>\n\t<meta property=\"og:image:width\" content=\"640\" \/>\n\t<meta property=\"og:image:height\" content=\"480\" \/>\n\t<meta property=\"og:image:type\" content=\"image\/jpeg\" \/>\n<meta name=\"twitter:card\" content=\"summary_large_image\" \/>\n<meta name=\"twitter:label1\" content=\"Est. reading time\" \/>\n\t<meta name=\"twitter:data1\" content=\"1 minute\" \/>\n<script type=\"application\/ld+json\" class=\"yoast-schema-graph\">{\"@context\":\"https:\/\/schema.org\",\"@graph\":[{\"@type\":\"WebPage\",\"@id\":\"https:\/\/captain-guitar-lounge.com\/en\/product\/captain-tweed-amp-aging\/\",\"url\":\"https:\/\/captain-guitar-lounge.com\/en\/product\/captain-tweed-amp-aging\/\",\"name\":\"Captain Tweed Amp Aging - captain-guitar-lounge.com\",\"isPartOf\":{\"@id\":\"https:\/\/captain-guitar-lounge.com\/en\/#website\"},\"primaryImageOfPage\":{\"@id\":\"https:\/\/captain-guitar-lounge.com\/en\/product\/captain-tweed-amp-aging\/#primaryimage\"},\"image\":{\"@id\":\"https:\/\/captain-guitar-lounge.com\/en\/product\/captain-tweed-amp-aging\/#primaryimage\"},\"thumbnailUrl\":\"https:\/\/captain-guitar-lounge.com\/wp-content\/uploads\/2020\/04\/k-IMG_3052.jpg\",\"datePublished\":\"2020-04-29T07:59:08+00:00\",\"dateModified\":\"2024-08-23T07:28:13+00:00\",\"breadcrumb\":{\"@id\":\"https:\/\/captain-guitar-lounge.com\/en\/product\/captain-tweed-amp-aging\/#breadcrumb\"},\"inLanguage\":\"en-US\",\"potentialAction\":[{\"@type\":\"ReadAction\",\"target\":[\"https:\/\/captain-guitar-lounge.com\/en\/product\/captain-tweed-amp-aging\/\"]}]},{\"@type\":\"ImageObject\",\"inLanguage\":\"en-US\",\"@id\":\"https:\/\/captain-guitar-lounge.com\/en\/product\/captain-tweed-amp-aging\/#primaryimage\",\"url\":\"https:\/\/captain-guitar-lounge.com\/wp-content\/uploads\/2020\/04\/k-IMG_3052.jpg\",\"contentUrl\":\"https:\/\/captain-guitar-lounge.com\/wp-content\/uploads\/2020\/04\/k-IMG_3052.jpg\",\"width\":640,\"height\":480,\"caption\":\"Captain Tweed Aging\"},{\"@type\":\"BreadcrumbList\",\"@id\":\"https:\/\/captain-guitar-lounge.com\/en\/product\/captain-tweed-amp-aging\/#breadcrumb\",\"itemListElement\":[{\"@type\":\"ListItem\",\"position\":1,\"name\":\"Startseite\",\"item\":\"https:\/\/captain-guitar-lounge.com\/en\/\"},{\"@type\":\"ListItem\",\"position\":2,\"name\":\"Shop\",\"item\":\"https:\/\/captain-guitar-lounge.com\/shop\/\"},{\"@type\":\"ListItem\",\"position\":3,\"name\":\"Captain Tweed Amp Aging\"}]},{\"@type\":\"WebSite\",\"@id\":\"https:\/\/captain-guitar-lounge.com\/en\/#website\",\"url\":\"https:\/\/captain-guitar-lounge.com\/en\/\",\"name\":\"captain-guitar-lounge.com\",\"description\":\"Fine Amps and Guitars and more\",\"potentialAction\":[{\"@type\":\"SearchAction\",\"target\":{\"@type\":\"EntryPoint\",\"urlTemplate\":\"https:\/\/captain-guitar-lounge.com\/en\/?s={search_term_string}\"},\"query-input\":{\"@type\":\"PropertyValueSpecification\",\"valueRequired\":true,\"valueName\":\"search_term_string\"}}],\"inLanguage\":\"en-US\"}]}<\/script>\n<!-- \/ Yoast SEO plugin. -->","yoast_head_json":{"title":"Captain Tweed Amp Aging - captain-guitar-lounge.com","robots":{"index":"index","follow":"follow","max-snippet":"max-snippet:-1","max-image-preview":"max-image-preview:large","max-video-preview":"max-video-preview:-1"},"canonical":"https:\/\/captain-guitar-lounge.com\/en\/product\/captain-tweed-amp-aging\/","og_locale":"en_US","og_type":"article","og_title":"Captain Tweed Amp Aging - captain-guitar-lounge.com","og_description":"Der Grad des Agings wird zusammen mit dem Kunden definiert. Von \"leicht gebraucht\" bis \"lag 10 Jahre in der Isar\" ist alles m\u00f6glich!  Light Aging: Einige Schrammen im Tweed, Kratzer in der Frontbespannung, Metallteile leicht angelaufen  Medium Aging: Tweed nachgedunkelt und abgewetzt, Ecken aufgescheuert, Frontbespannung verkratzt mit Macken, Metallteile leicht rostig  Heavy Aging: Tweed nachgedunkelt und stellenweise ausgefranst, Ecken durchgewetzt, Frontbespannung mit Kratzern und Rissen, Metallteile rostig, Kn\u00f6pfe vergilbt  Die Preise sind Anhaltspreise und richten sich nach Umfang und Aufwand und nach der Gr\u00f6\u00dfe des Verst\u00e4rkers.","og_url":"https:\/\/captain-guitar-lounge.com\/en\/product\/captain-tweed-amp-aging\/","og_site_name":"captain-guitar-lounge.com","article_publisher":"https:\/\/www.facebook.com\/Captain-Guitar-Lounge-140457272682315\/","article_modified_time":"2024-08-23T07:28:13+00:00","og_image":[{"width":640,"height":480,"url":"https:\/\/captain-guitar-lounge.com\/wp-content\/uploads\/2020\/04\/k-IMG_3052.jpg","type":"image\/jpeg"}],"twitter_card":"summary_large_image","twitter_misc":{"Est. reading time":"1 minute"},"schema":{"@context":"https:\/\/schema.org","@graph":[{"@type":"WebPage","@id":"https:\/\/captain-guitar-lounge.com\/en\/product\/captain-tweed-amp-aging\/","url":"https:\/\/captain-guitar-lounge.com\/en\/product\/captain-tweed-amp-aging\/","name":"Captain Tweed Amp Aging - captain-guitar-lounge.com","isPartOf":{"@id":"https:\/\/captain-guitar-lounge.com\/en\/#website"},"primaryImageOfPage":{"@id":"https:\/\/captain-guitar-lounge.com\/en\/product\/captain-tweed-amp-aging\/#primaryimage"},"image":{"@id":"https:\/\/captain-guitar-lounge.com\/en\/product\/captain-tweed-amp-aging\/#primaryimage"},"thumbnailUrl":"https:\/\/captain-guitar-lounge.com\/wp-content\/uploads\/2020\/04\/k-IMG_3052.jpg","datePublished":"2020-04-29T07:59:08+00:00","dateModified":"2024-08-23T07:28:13+00:00","breadcrumb":{"@id":"https:\/\/captain-guitar-lounge.com\/en\/product\/captain-tweed-amp-aging\/#breadcrumb"},"inLanguage":"en-US","potentialAction":[{"@type":"ReadAction","target":["https:\/\/captain-guitar-lounge.com\/en\/product\/captain-tweed-amp-aging\/"]}]},{"@type":"ImageObject","inLanguage":"en-US","@id":"https:\/\/captain-guitar-lounge.com\/en\/product\/captain-tweed-amp-aging\/#primaryimage","url":"https:\/\/captain-guitar-lounge.com\/wp-content\/uploads\/2020\/04\/k-IMG_3052.jpg","contentUrl":"https:\/\/captain-guitar-lounge.com\/wp-content\/uploads\/2020\/04\/k-IMG_3052.jpg","width":640,"height":480,"caption":"Captain Tweed Aging"},{"@type":"BreadcrumbList","@id":"https:\/\/captain-guitar-lounge.com\/en\/product\/captain-tweed-amp-aging\/#breadcrumb","itemListElement":[{"@type":"ListItem","position":1,"name":"Startseite","item":"https:\/\/captain-guitar-lounge.com\/en\/"},{"@type":"ListItem","position":2,"name":"Shop","item":"https:\/\/captain-guitar-lounge.com\/shop\/"},{"@type":"ListItem","position":3,"name":"Captain Tweed Amp Aging"}]},{"@type":"WebSite","@id":"https:\/\/captain-guitar-lounge.com\/en\/#website","url":"https:\/\/captain-guitar-lounge.com\/en\/","name":"captain-guitar-lounge.com","description":"Fine Amps and Guitars and more","potentialAction":[{"@type":"SearchAction","target":{"@type":"EntryPoint","urlTemplate":"https:\/\/captain-guitar-lounge.com\/en\/?s={search_term_string}"},"query-input":{"@type":"PropertyValueSpecification","valueRequired":true,"valueName":"search_term_string"}}],"inLanguage":"en-US"}]}},"_links":{"self":[{"href":"https:\/\/captain-guitar-lounge.com\/en\/wp-json\/wp\/v2\/product\/10557","targetHints":{"allow":["GET"]}}],"collection":[{"href":"https:\/\/captain-guitar-lounge.com\/en\/wp-json\/wp\/v2\/product"}],"about":[{"href":"https:\/\/captain-guitar-lounge.com\/en\/wp-json\/wp\/v2\/types\/product"}],"replies":[{"embeddable":true,"href":"https:\/\/captain-guitar-lounge.com\/en\/wp-json\/wp\/v2\/comments?post=10557"}],"wp:featuredmedia":[{"embeddable":true,"href":"https:\/\/captain-guitar-lounge.com\/en\/wp-json\/wp\/v2\/media\/10564"}],"wp:attachment":[{"href":"https:\/\/captain-guitar-lounge.com\/en\/wp-json\/wp\/v2\/media?parent=10557"}],"wp:term":[{"taxonomy":"product_brand","embeddable":true,"href":"https:\/\/captain-guitar-lounge.com\/en\/wp-json\/wp\/v2\/product_brand?post=10557"},{"taxonomy":"product_cat","embeddable":true,"href":"https:\/\/captain-guitar-lounge.com\/en\/wp-json\/wp\/v2\/product_cat?post=10557"},{"taxonomy":"product_tag","embeddable":true,"href":"https:\/\/captain-guitar-lounge.com\/en\/wp-json\/wp\/v2\/product_tag?post=10557"}],"curies":[{"name":"wp","href":"https:\/\/api.w.org\/{rel}","templated":true}]}}