{"id":10575,"date":"2020-04-29T16:54:56","date_gmt":"2020-04-29T14:54:56","guid":{"rendered":"https:\/\/captain-guitar-lounge.com\/?p=10575&#038;post_type=product&#038;preview_id=10575"},"modified":"2025-03-14T11:26:19","modified_gmt":"2025-03-14T10:26:19","slug":"captain-ftd-fiftynine","status":"publish","type":"product","link":"https:\/\/captain-guitar-lounge.com\/en\/product\/captain-ftd-fiftynine\/","title":{"rendered":"Captain FTD FiftyNine Tweed Deluxe"},"content":{"rendered":"<div class=\"n module-type-text diyfeLiveArea \">\n<p>Das K\u00fcrzel 5E3 zaubert ein L\u00e4cheln auf die Gesichter der meisten Gitarristen. Es beschreibt die Schaltungsvariante des Tweed Deluxe gebaut von 1955 bis 1960.<br \/>\nBeim Narrow Panel Tweed Deluxe stimmt einfach alles. Die beiden 6V6 geben ca. 12Watt an einen Jensen 12&#8243; Speaker ab und erzeugen diesen s\u00fc\u00dflichen Ton, der beim Aufdrehen des Volume Potis immer mehr mit Obert\u00f6nen angereichert wird und am Rechtsanschlag zu einem fetten Crunch-Brett wird.<\/p>\n<p>Aber genau das funktioniert bei vielen betagten Exemplaren nicht mehr, weil die Speaker ausgeleiert und die Elkos alt sind. Bei vielen Nachbauten ist jedoch der Ton meilenweit vom Original entfernt weil billige Trafos und Speaker verwendet und beim Aufbau Fehler gemacht werden. Wir verwenden nur die besten Bauteile und das Ergebnis gibt uns Recht!<\/p>\n<\/div>\n<hr \/>\n<p><strong>Optionen:<\/strong><br \/>\n&#8211; PPIMV Master Volume und Off\/StBy\/On Schalter\u00a0\u00a0 <strong>99,- Euro<\/strong><br \/>\n&#8211; Captain Power Soak <a href=\"https:\/\/captain-guitar-lounge.com\/produkt\/captain-power-soak-cps\/\"><strong>CPS12<\/strong><\/a><br \/>\n&#8211; NOS R\u00f6hren Aufpreis ab ca.\u00a0\u00a0\u00a0\u00a0 <strong>260,- Euro\u00a0<\/strong> (nach Verf\u00fcgbarkeit)<strong><br \/>\n<\/strong>&#8211; Tolex und Frontbespannung nach Kundenwunsch ab <strong>127,- Euro<br \/>\n<\/strong>\u00a0\u00a0\u00a0\u00a0\u00a0\u00a0\u00a0\u00a0 Eine Auswahl findest du<a href=\"https:\/\/www.captain-koerg.de\/captain-amps\/geh%C3%A4usebau\/standard-tolex-grille\/\"><strong> HIER<\/strong><\/a><\/p>\n<p>Und auf Wunsch machen wir dir ein passendes <a href=\"https:\/\/www.captain-koerg.de\/shop\/captain-amp-covers\/\"><strong>Captain Amp Cover<\/strong><\/a><\/p>\n<p><strong>Passende Boxen zum Topteil:<br \/>\n1&#215;12&#8243; Tweed Cab<\/strong> Closed Back mit Weber 12A125A<strong> \u00a0 917,- Euro<br \/>\n1&#215;12&#8243; Tweed Cab <\/strong>Open Back mit Weber 12A125A<strong> \u00a0 907,- Euro<br \/>\n<\/strong><\/p>\n<hr \/>\n<p><strong>Kundenbewertungen:<\/strong><\/p>\n<p>Respekt Captain!<\/p>\n<p>so geht Tweed &#8211; und keinen Zoll anders. Ein absolutes Sahnest\u00fcck.<br \/>\nIch bin beeindruckt!<br \/>\nToller Amp mit Spassfaktor 1000 !<br \/>\nDanke f\u00fcr die schnelle Lieferung.<\/p>\n<p>Viele Gr\u00fc\u00dfe, bis zum n\u00e4chsten mal<br \/>\nWolfgang<\/p>\n<blockquote><p><em>Hallo Captain,<\/em><\/p>\n<div><em>hier meine gesammelten Erfahrungen mit dem Amp:<\/em><\/div>\n<div>\n<p><em>Mein Gitarrenlehrer, der mich im Jazz- und Bluesbereich unterrichtet, findet den FTD 59 auch ganz toll, weil er eben bei moderater Lautst\u00e4rke leicht anzerrt, wenn man&#8217;s will, auf alle E-Gitarrenarten mit Humbuckern und Singlecoils und Spieltechniken wie Fingerpicking und Flatpicking gleichm\u00e4\u00dfig gut anspricht und auch gut transportabel ist. In meiner Band, in der ich Bass spiele, fand ich den Klang auch sehr pr\u00e4gnant, &#8220;fenderig&#8221;, wie der Gitarrist sagte. Er hat dann aber bald wieder seinen Vox- und Marshallsound mit Pedalen bevorzugt, weil die Leistungsreserven mit Bass, Schlagzeug, zweiter Gitarre und Keyboards doch an ihre Grenzen stie\u00dfen, seiner Meinung nach. Mir selbst gefiel allerdings der Klang in der Band und ich fand ihn auch nicht zu leise, aber das ist ja eine Entscheidung der pers\u00f6nlichen Vorlieben. Ich habe den Tweed Deluxe auch mal allein voll aufgedreht gespielt, was sehr viel Spa\u00df gemacht hat. Der Klang ist irgendwie Raum f\u00fcllend und kommt nicht so gepresst aus der kleinen Kiste, sondern trotz Verzerrung transparent und voll. Finde ich wirklich erstaunlich und sehr anregend. Mir reicht die einfache Klangregelung zusammen mit der Regelung an der Gitarre v\u00f6llig aus und man kann durch Patchen der Eing\u00e4nge auch noch ein bisschen herumprobieren. Ich mag es, wenn man nicht zu viel regeln muss. Kurz und gut: Ich bin gl\u00fccklich mit dem FTD 59 und schalte ihn immer wieder gerne an. M\u00f6ge er mir noch lange erhalten bleiben.<\/em><\/p>\n<\/div>\n<div><em>Ich w\u00fcnsche dir noch viel Erfolg, Gesundheit, zufriedene Kunden und viel Spa\u00df mit der Musik. Wenn&#8217;s sich hier anbietet, werde ich dich weiterempfehlen.<\/em><\/div>\n<div><em>Viele Gr\u00fc\u00dfe und alles Gute<\/em><\/div>\n<div><em>Peter<br \/>\n<\/em><\/div>\n<\/blockquote>\n<div>\n<div class=\"n module-type-text diyfeLiveArea \">\n<blockquote><p><em>Hier geht es um den Fender Narrow Panel Tweed Deluxe.<br \/>\n<\/em><em>Schaltungsvariante 5E3. Alles klar!?<br \/>\n<\/em><em>Zuallererst: Ich liebe Neil Youngs Gitarren-Ton.<\/em><\/p>\n<p><em>Zweitens: Der Fender Narrow- Panel Deluxe 5E3 gilt bei einigen als der beste Gitarren Amp, der je gebaut wurde.<\/em><\/p>\n<p><em>Sicherlich muss es sich bei diesem kleinen Biest um etwas ganz besonderes handeln \u2013 und nicht zuletzt, weil er der Verst\u00e4rker der Wahl von Neil Young, Billy Gibbons, Larry Carlton, Ronnie Wood, The Edge, Don Felder &#8230; war oder ist.<\/em><\/p>\n<p><em>Bei diesem Amp muss Fender etwas ganz besonders richtig gemacht haben!<\/em><\/p>\n<p><em>Also&#8230;so einen musste ich haben!<br \/>\n<\/em><em>Die Sache hatte nur einen Haken: Funktionierende Originale sind entweder gar nicht auf dem Markt und wenn&#8230;f\u00fcr mich unbezahlbar teuer.<br \/>\n<\/em><em>Bei den meisten Reissues ist der Ton meilenweit vom Original entfernt, da billige Teile verwendet und beim Aufbau Fehler gemacht werden.<\/em><\/p>\n<p><em>Und dann bin ich nach langer Suche endlich auf den Captain FTD59 gesto\u00dfen. Die Suche hatte ein Ende. \u00a0Diese Kiste kommt so nahe an das Original heran, dass es schon fast weh tut.<\/em><\/p>\n<p><em>Ich erkl\u00e4re mir das Erfolgs-Rezept so: Der Captain hat schon einige Originale restauriert und daher eine Menge Erfahrung. Zudem verwendet er nur hochwertigste Bauteile, die passenden Mercury Magnetics Trafos und Weber Speaker. Ich habe mir noch NOS-R\u00f6hren geg\u00f6nnt und dem Sound damit das Sahneh\u00e4ubchen aufgesetzt.<\/em><\/p>\n<p><em>Und nun m\u00f6chte ich noch ein bisschen schw\u00e4rmen:<\/em><\/p>\n<p><em>Es gibt zwei Kan\u00e4le (Normal und Bright) und insgesamt nur drei Kontrollen: Je ein Volumen f\u00fcr die einzelnen Kan\u00e4le und die Tone-Control. Man sollte sich durch diese Einfachheit aber nicht hinters Licht f\u00fchren lassen. Das Sound-Shaping dieses Verst\u00e4rkers ist weitaus differenzierter, als diese drei Kn\u00f6pfe vermuten lassen.<\/em><\/p>\n<p><em>Es ist erstaunlich, wie sich der Charakter dieses Amps ver\u00e4ndert, je nachdem, welche Aufgabe man ihm gibt und wie man an diesen drei Kn\u00f6pfen dreht.<\/em><\/p>\n<p><em>Bei Clean-Sound und mildem Overdrive ist der Ton tiefgr\u00fcndig, ausbalanciert und funkelnd. Je mehr man aufdreht, desto mehr Obert\u00f6ne kommen dazu und schlie\u00dflich macht man am Rechtsanschlag Bekanntschaft mit einem r\u00f6hrenden Monster.<\/em><\/p>\n<p><em>Und&#8230;wie gute R\u00f6hren-Verst\u00e4rker sich nun mal benehmen: alle Zwischeneinstellungen sind perfekt zu haben.<\/em><\/p>\n<p><em>Die Volumen-Kontrollen der beiden Kan\u00e4le sind h\u00f6chst interaktiv, selbst wenn nur ein Kanal eingest\u00f6pselt ist. Man darf und sollte deshalb ein wenig herumexperimentieren, um zu verstehen, wie dieses Baby arbeitet und wie man das Beste f\u00fcr den ganz speziellen eigenen Ton herausholen kann. Erw\u00e4hnenswert ist auch, dass die gemeinsame Tone-Control den Umfang und die F\u00e4rbung der Verzerrung beeinflusst. Ja&#8230;bei einem guten Verst\u00e4rker beeinflusst alles die Verzerrung&#8230;<\/em><\/p>\n<p><em>Da ich viel zu Hause \u00fcbe, habe ich ein PPIMV Master und ein Power Soak einbauen lassen. Funktioniert prima!<br \/>\nIch verwende diese beiden Funktionen wie folgt:<br \/>\nClean Sound =&gt; PPIMV Master (Ground) voll auf und mit Volumen Lautst\u00e4rke regeln.<br \/>\nZerr Sound =&gt; Volumen je nach Geschmack auf und mit Ground Lautst\u00e4rke regeln.<\/em><\/p>\n<p><em>Mit dem Power Soak das ganze dann auf Zimmerlautst\u00e4rke einstellen.<\/em><\/p>\n<p><em>Zusammenfassend m\u00f6chte ich sagen, dass der Captain hier ein wahres Meisterwerk geschaffen hat! Und da ich so zufrieden bin, habe ich mir auch noch einen Captain BDR66 und einen Captain M18RP zugelegt, die \u2013 jeder auf seine spezielle Art \u2013 ihren Dienst genauso brillant und \u00e4u\u00dferst zufriedenstellend bei mir leisten. Dazu sp\u00e4ter vielleicht mehr.<\/em><\/p>\n<p><em>Reiner<\/em><\/p><\/blockquote>\n<\/div>\n<\/div>\n","protected":false},"excerpt":{"rendered":"<hr \/>\n<p>Wie bei allen <a href=\"https:\/\/captain-guitar-lounge.com\/produkt-kategorie\/captain-amps\/captain-classic-amps\/\"><strong>Captain Classic Amps<\/strong><\/a> verwenden wir auch hier <strong>Mercury Magnetics<\/strong> Trafos und <strong>Weber<\/strong> Speaker aus den USA.<br \/>\nUnd auch die anderen Bauteile sind selektiert um dem Originalsound so nahe wie m\u00f6glich zu kommen.<br \/>\nDer Verst\u00e4rker wird wie das Vorbild liebevoll und mit viel Erfahrung handverdrahtet.<\/p>\n<hr \/>\n<p><strong>Features Captain FTD FiftyNine<\/strong><\/p>\n<ul>\n<li>Schaltung: 5E3<\/li>\n<li>Leistung: ca. 12 Watt<\/li>\n<li>Impedanz: 8 Ohm<\/li>\n<li>R\u00f6hren: 1x 12AY7, 1x 12AX7, 2x 6V6GT, 1x 5Y3GT<\/li>\n<li>Lautsprecher: Weber 12&#8243; Alnico 12A125A<\/li>\n<li>\n<div>Holz: Massiv Pinie, fingerverzahnt<\/div>\n<\/li>\n<li>\n<div>Bezug: Tweed mit Nitro-Lack-Schutzlasur<\/div>\n<\/li>\n<li>Frontbespannstoff: Oxblood with stripes<br \/>\n(Technische \u00c4nderungen vorbehalten)<\/li>\n<\/ul>\n<div>Dieser Verst\u00e4rker wird auf Bestellung f\u00fcr Dich angefertigt, \u00c4nderungsw\u00fcnsche sind daher immer m\u00f6glich!<br \/>\nDie Lieferzeit betr\u00e4gt vier Wochen bis drei Monate, je nach den gew\u00fcnschten Optionen und der Verf\u00fcgbarkeit.<\/div>\n<div>Incl. <a href=\"https:\/\/captain-guitar-lounge.com\/produkt\/captain-speaker-shakedown\/\">24hrs Captain Speaker Shakedown <\/a>f\u00fcr den Lautsprecher.<br \/>\nAndere Lautsprecher auf Anfrage.<\/p>\n<hr \/>\n<p>Den <strong>Captain FTD59<\/strong> gibt es als Combo oder Topteil<\/p>\n<\/div>\n<p>&nbsp;<\/p>\n","protected":false},"featured_media":10581,"comment_status":"closed","ping_status":"closed","template":"","meta":{"_et_pb_use_builder":"","_et_pb_old_content":"","_et_gb_content_width":""},"product_brand":[],"product_cat":[735,1233],"product_tag":[],"class_list":{"0":"post-10575","1":"product","2":"type-product","3":"status-publish","4":"has-post-thumbnail","6":"product_cat-captain-classic-amps","7":"product_cat-verfuegbare-captain-amps-new","8":"product_shipping_class-standard","9":"pa_amp-features-master-volume","10":"pa_amp-features-powersoak","11":"pa_artikelzustand-neuer-artikel","12":"pa_captain-amp-leistung-bis-20-watt","13":"pa_captain-amp-serie-captain-classic-amps","14":"pa_captain-amp-speaker-12-zoll","15":"pa_captain-amp-style-us-fifties","16":"pa_captain-amp-tubes-6v6","18":"first","19":"instock","20":"taxable","21":"shipping-taxable","22":"purchasable","23":"product-type-variable"},"composite_virtual":false,"composite_layout":"","composite_add_to_cart_form_location":"","composite_editable_in_cart":false,"composite_sold_individually_context":"","composite_shop_price_calc":"","composite_components":[],"composite_scenarios":[],"pp_statuses_selecting_workflow":false,"pp_workflow_action":"current","pp_status_selection":"publish","yoast_head":"<!-- This site is optimized with the Yoast SEO plugin v26.8 - https:\/\/yoast.com\/product\/yoast-seo-wordpress\/ -->\n<title>Captain FTD FiftyNine Tweed Deluxe - captain-guitar-lounge.com<\/title>\n<meta name=\"robots\" content=\"index, follow, max-snippet:-1, max-image-preview:large, max-video-preview:-1\" \/>\n<link rel=\"canonical\" href=\"https:\/\/captain-guitar-lounge.com\/en\/product\/captain-ftd-fiftynine\/\" \/>\n<meta property=\"og:locale\" content=\"en_US\" \/>\n<meta property=\"og:type\" content=\"article\" \/>\n<meta property=\"og:title\" content=\"Captain FTD FiftyNine Tweed Deluxe - captain-guitar-lounge.com\" \/>\n<meta property=\"og:description\" content=\"Wie bei allen Captain Classic Amps verwenden wir auch hier Mercury Magnetics Trafos und Weber Speaker aus den USA. Und auch die anderen Bauteile sind selektiert um dem Originalsound so nahe wie m\u00f6glich zu kommen. Der Verst\u00e4rker wird wie das Vorbild liebevoll und mit viel Erfahrung handverdrahtet.    Features Captain FTD FiftyNine   Schaltung: 5E3  Leistung: ca. 12 Watt  Impedanz: 8 Ohm  R\u00f6hren: 1x 12AY7, 1x 12AX7, 2x 6V6GT, 1x 5Y3GT  Lautsprecher: Weber 12&quot; Alnico 12A125A   Holz: Massiv Pinie, fingerverzahnt   Bezug: Tweed mit Nitro-Lack-Schutzlasur  Frontbespannstoff: Oxblood with stripes (Technische \u00c4nderungen vorbehalten)  Dieser Verst\u00e4rker wird auf Bestellung f\u00fcr Dich angefertigt, \u00c4nderungsw\u00fcnsche sind daher immer m\u00f6glich! Die Lieferzeit betr\u00e4gt vier Wochen bis drei Monate, je nach den gew\u00fcnschten Optionen und der Verf\u00fcgbarkeit. Incl. 24hrs Captain Speaker Shakedown f\u00fcr den Lautsprecher. Andere Lautsprecher auf Anfrage.    Den Captain FTD59 gibt es als Combo oder Topteil   &nbsp;\" \/>\n<meta property=\"og:url\" content=\"https:\/\/captain-guitar-lounge.com\/en\/product\/captain-ftd-fiftynine\/\" \/>\n<meta property=\"og:site_name\" content=\"captain-guitar-lounge.com\" \/>\n<meta property=\"article:publisher\" content=\"https:\/\/www.facebook.com\/Captain-Guitar-Lounge-140457272682315\/\" \/>\n<meta property=\"article:modified_time\" content=\"2025-03-14T10:26:19+00:00\" \/>\n<meta property=\"og:image\" content=\"https:\/\/captain-guitar-lounge.com\/wp-content\/uploads\/2020\/04\/40-IMG_0346.jpg\" \/>\n\t<meta property=\"og:image:width\" content=\"1632\" \/>\n\t<meta property=\"og:image:height\" content=\"1224\" \/>\n\t<meta property=\"og:image:type\" content=\"image\/jpeg\" \/>\n<meta name=\"twitter:card\" content=\"summary_large_image\" \/>\n<meta name=\"twitter:label1\" content=\"Est. reading time\" \/>\n\t<meta name=\"twitter:data1\" content=\"2 minutes\" \/>\n<script type=\"application\/ld+json\" class=\"yoast-schema-graph\">{\"@context\":\"https:\/\/schema.org\",\"@graph\":[{\"@type\":\"WebPage\",\"@id\":\"https:\/\/captain-guitar-lounge.com\/en\/product\/captain-ftd-fiftynine\/\",\"url\":\"https:\/\/captain-guitar-lounge.com\/en\/product\/captain-ftd-fiftynine\/\",\"name\":\"Captain FTD FiftyNine Tweed Deluxe - captain-guitar-lounge.com\",\"isPartOf\":{\"@id\":\"https:\/\/captain-guitar-lounge.com\/en\/#website\"},\"primaryImageOfPage\":{\"@id\":\"https:\/\/captain-guitar-lounge.com\/en\/product\/captain-ftd-fiftynine\/#primaryimage\"},\"image\":{\"@id\":\"https:\/\/captain-guitar-lounge.com\/en\/product\/captain-ftd-fiftynine\/#primaryimage\"},\"thumbnailUrl\":\"https:\/\/captain-guitar-lounge.com\/wp-content\/uploads\/2020\/04\/40-IMG_0346.jpg\",\"datePublished\":\"2020-04-29T14:54:56+00:00\",\"dateModified\":\"2025-03-14T10:26:19+00:00\",\"breadcrumb\":{\"@id\":\"https:\/\/captain-guitar-lounge.com\/en\/product\/captain-ftd-fiftynine\/#breadcrumb\"},\"inLanguage\":\"en-US\",\"potentialAction\":[{\"@type\":\"ReadAction\",\"target\":[\"https:\/\/captain-guitar-lounge.com\/en\/product\/captain-ftd-fiftynine\/\"]}]},{\"@type\":\"ImageObject\",\"inLanguage\":\"en-US\",\"@id\":\"https:\/\/captain-guitar-lounge.com\/en\/product\/captain-ftd-fiftynine\/#primaryimage\",\"url\":\"https:\/\/captain-guitar-lounge.com\/wp-content\/uploads\/2020\/04\/40-IMG_0346.jpg\",\"contentUrl\":\"https:\/\/captain-guitar-lounge.com\/wp-content\/uploads\/2020\/04\/40-IMG_0346.jpg\",\"width\":1632,\"height\":1224,\"caption\":\"Captain FTD59 Tweed Deluxe\"},{\"@type\":\"BreadcrumbList\",\"@id\":\"https:\/\/captain-guitar-lounge.com\/en\/product\/captain-ftd-fiftynine\/#breadcrumb\",\"itemListElement\":[{\"@type\":\"ListItem\",\"position\":1,\"name\":\"Startseite\",\"item\":\"https:\/\/captain-guitar-lounge.com\/en\/\"},{\"@type\":\"ListItem\",\"position\":2,\"name\":\"Shop\",\"item\":\"https:\/\/captain-guitar-lounge.com\/shop\/\"},{\"@type\":\"ListItem\",\"position\":3,\"name\":\"Captain FTD FiftyNine Tweed Deluxe\"}]},{\"@type\":\"WebSite\",\"@id\":\"https:\/\/captain-guitar-lounge.com\/en\/#website\",\"url\":\"https:\/\/captain-guitar-lounge.com\/en\/\",\"name\":\"captain-guitar-lounge.com\",\"description\":\"Fine Amps and Guitars and more\",\"potentialAction\":[{\"@type\":\"SearchAction\",\"target\":{\"@type\":\"EntryPoint\",\"urlTemplate\":\"https:\/\/captain-guitar-lounge.com\/en\/?s={search_term_string}\"},\"query-input\":{\"@type\":\"PropertyValueSpecification\",\"valueRequired\":true,\"valueName\":\"search_term_string\"}}],\"inLanguage\":\"en-US\"}]}<\/script>\n<!-- \/ Yoast SEO plugin. -->","yoast_head_json":{"title":"Captain FTD FiftyNine Tweed Deluxe - captain-guitar-lounge.com","robots":{"index":"index","follow":"follow","max-snippet":"max-snippet:-1","max-image-preview":"max-image-preview:large","max-video-preview":"max-video-preview:-1"},"canonical":"https:\/\/captain-guitar-lounge.com\/en\/product\/captain-ftd-fiftynine\/","og_locale":"en_US","og_type":"article","og_title":"Captain FTD FiftyNine Tweed Deluxe - captain-guitar-lounge.com","og_description":"Wie bei allen Captain Classic Amps verwenden wir auch hier Mercury Magnetics Trafos und Weber Speaker aus den USA. Und auch die anderen Bauteile sind selektiert um dem Originalsound so nahe wie m\u00f6glich zu kommen. Der Verst\u00e4rker wird wie das Vorbild liebevoll und mit viel Erfahrung handverdrahtet.    Features Captain FTD FiftyNine   Schaltung: 5E3  Leistung: ca. 12 Watt  Impedanz: 8 Ohm  R\u00f6hren: 1x 12AY7, 1x 12AX7, 2x 6V6GT, 1x 5Y3GT  Lautsprecher: Weber 12\" Alnico 12A125A   Holz: Massiv Pinie, fingerverzahnt   Bezug: Tweed mit Nitro-Lack-Schutzlasur  Frontbespannstoff: Oxblood with stripes (Technische \u00c4nderungen vorbehalten)  Dieser Verst\u00e4rker wird auf Bestellung f\u00fcr Dich angefertigt, \u00c4nderungsw\u00fcnsche sind daher immer m\u00f6glich! Die Lieferzeit betr\u00e4gt vier Wochen bis drei Monate, je nach den gew\u00fcnschten Optionen und der Verf\u00fcgbarkeit. Incl. 24hrs Captain Speaker Shakedown f\u00fcr den Lautsprecher. Andere Lautsprecher auf Anfrage.    Den Captain FTD59 gibt es als Combo oder Topteil   &nbsp;","og_url":"https:\/\/captain-guitar-lounge.com\/en\/product\/captain-ftd-fiftynine\/","og_site_name":"captain-guitar-lounge.com","article_publisher":"https:\/\/www.facebook.com\/Captain-Guitar-Lounge-140457272682315\/","article_modified_time":"2025-03-14T10:26:19+00:00","og_image":[{"width":1632,"height":1224,"url":"https:\/\/captain-guitar-lounge.com\/wp-content\/uploads\/2020\/04\/40-IMG_0346.jpg","type":"image\/jpeg"}],"twitter_card":"summary_large_image","twitter_misc":{"Est. reading time":"2 minutes"},"schema":{"@context":"https:\/\/schema.org","@graph":[{"@type":"WebPage","@id":"https:\/\/captain-guitar-lounge.com\/en\/product\/captain-ftd-fiftynine\/","url":"https:\/\/captain-guitar-lounge.com\/en\/product\/captain-ftd-fiftynine\/","name":"Captain FTD FiftyNine Tweed Deluxe - captain-guitar-lounge.com","isPartOf":{"@id":"https:\/\/captain-guitar-lounge.com\/en\/#website"},"primaryImageOfPage":{"@id":"https:\/\/captain-guitar-lounge.com\/en\/product\/captain-ftd-fiftynine\/#primaryimage"},"image":{"@id":"https:\/\/captain-guitar-lounge.com\/en\/product\/captain-ftd-fiftynine\/#primaryimage"},"thumbnailUrl":"https:\/\/captain-guitar-lounge.com\/wp-content\/uploads\/2020\/04\/40-IMG_0346.jpg","datePublished":"2020-04-29T14:54:56+00:00","dateModified":"2025-03-14T10:26:19+00:00","breadcrumb":{"@id":"https:\/\/captain-guitar-lounge.com\/en\/product\/captain-ftd-fiftynine\/#breadcrumb"},"inLanguage":"en-US","potentialAction":[{"@type":"ReadAction","target":["https:\/\/captain-guitar-lounge.com\/en\/product\/captain-ftd-fiftynine\/"]}]},{"@type":"ImageObject","inLanguage":"en-US","@id":"https:\/\/captain-guitar-lounge.com\/en\/product\/captain-ftd-fiftynine\/#primaryimage","url":"https:\/\/captain-guitar-lounge.com\/wp-content\/uploads\/2020\/04\/40-IMG_0346.jpg","contentUrl":"https:\/\/captain-guitar-lounge.com\/wp-content\/uploads\/2020\/04\/40-IMG_0346.jpg","width":1632,"height":1224,"caption":"Captain FTD59 Tweed Deluxe"},{"@type":"BreadcrumbList","@id":"https:\/\/captain-guitar-lounge.com\/en\/product\/captain-ftd-fiftynine\/#breadcrumb","itemListElement":[{"@type":"ListItem","position":1,"name":"Startseite","item":"https:\/\/captain-guitar-lounge.com\/en\/"},{"@type":"ListItem","position":2,"name":"Shop","item":"https:\/\/captain-guitar-lounge.com\/shop\/"},{"@type":"ListItem","position":3,"name":"Captain FTD FiftyNine Tweed Deluxe"}]},{"@type":"WebSite","@id":"https:\/\/captain-guitar-lounge.com\/en\/#website","url":"https:\/\/captain-guitar-lounge.com\/en\/","name":"captain-guitar-lounge.com","description":"Fine Amps and Guitars and more","potentialAction":[{"@type":"SearchAction","target":{"@type":"EntryPoint","urlTemplate":"https:\/\/captain-guitar-lounge.com\/en\/?s={search_term_string}"},"query-input":{"@type":"PropertyValueSpecification","valueRequired":true,"valueName":"search_term_string"}}],"inLanguage":"en-US"}]}},"_links":{"self":[{"href":"https:\/\/captain-guitar-lounge.com\/en\/wp-json\/wp\/v2\/product\/10575","targetHints":{"allow":["GET"]}}],"collection":[{"href":"https:\/\/captain-guitar-lounge.com\/en\/wp-json\/wp\/v2\/product"}],"about":[{"href":"https:\/\/captain-guitar-lounge.com\/en\/wp-json\/wp\/v2\/types\/product"}],"replies":[{"embeddable":true,"href":"https:\/\/captain-guitar-lounge.com\/en\/wp-json\/wp\/v2\/comments?post=10575"}],"wp:featuredmedia":[{"embeddable":true,"href":"https:\/\/captain-guitar-lounge.com\/en\/wp-json\/wp\/v2\/media\/10581"}],"wp:attachment":[{"href":"https:\/\/captain-guitar-lounge.com\/en\/wp-json\/wp\/v2\/media?parent=10575"}],"wp:term":[{"taxonomy":"product_brand","embeddable":true,"href":"https:\/\/captain-guitar-lounge.com\/en\/wp-json\/wp\/v2\/product_brand?post=10575"},{"taxonomy":"product_cat","embeddable":true,"href":"https:\/\/captain-guitar-lounge.com\/en\/wp-json\/wp\/v2\/product_cat?post=10575"},{"taxonomy":"product_tag","embeddable":true,"href":"https:\/\/captain-guitar-lounge.com\/en\/wp-json\/wp\/v2\/product_tag?post=10575"}],"curies":[{"name":"wp","href":"https:\/\/api.w.org\/{rel}","templated":true}]}}