{"id":10760,"date":"2020-05-05T09:55:31","date_gmt":"2020-05-05T07:55:31","guid":{"rendered":"https:\/\/captain-guitar-lounge.com\/?p=10760&#038;post_type=product&#038;preview_id=10760"},"modified":"2024-07-10T17:17:41","modified_gmt":"2024-07-10T15:17:41","slug":"little-blue-wonder-weichgummirollen","status":"publish","type":"product","link":"https:\/\/captain-guitar-lounge.com\/en\/product\/little-blue-wonder-weichgummirollen\/","title":{"rendered":"Little Blue Wonder Weichgummirollen"},"content":{"rendered":"<div class=\"textwrapper\">\n<p>Normale Rollen sind hart und geben die Ersch\u00fctterungen ungefiltert an das teure Equipment weiter. R\u00f6hren sind da recht empfindlich, besonders wenn sie noch hei\u00df sind. Aber auch f\u00fcr Lautsprecher sind die radialen Kr\u00e4fte ungesund.<\/p>\n<p>Die <strong>Little Blue Wonder<\/strong> Weichgummirollen haben eine exraweiche Lauffl\u00e4che und sch\u00fctzen Deinen Amp.<\/p>\n<div class=\"textwrapper\">\n<p>Au\u00dferdem ist hier alles mit Kugeln gelagert und der Feststeller blockiert auch den Kopf, damit alles sicher steht. Profiqualit\u00e4t auf Industrie-Standard. Zudem entkoppelt die Gummiauflage die Box vom Boden. L\u00e4stiges Dr\u00f6hnen und Brummen ist damit vermieden.<\/p>\n<p>Und wenn die blaue Farbe nicht zum Amp passt: Die <strong>Little Blue Wonder<\/strong> gibts auch in <strong>grau<\/strong> und die Geh\u00e4use wahlweise mit <strong>Anti-Reflexx Beschichtung<\/strong>.<\/p>\n<p>Durch die mattschwarze KTL-Beschichtung werden Reflexionen der verzinkten Geh\u00e4use vermieden.<\/p>\n<\/div>\n<\/div>\n","protected":false},"excerpt":{"rendered":"<div class=\"n module-type-text diyfeLiveArea \">\n<p><strong>Vorteile auf einen Blick:<\/strong><\/p>\n<ul>\n<li>\u00a0wesentlich leiseres, weichers Laufverhalten<\/li>\n<li>Ger\u00e4teschonend f\u00fcr R\u00f6hren und Lautsprecher<\/li>\n<li>sehr gute K\u00f6rperschallentkopplung im Live- und Studiobetrieb<\/li>\n<li>Pr\u00e4zisionskugellager 2RS als Radlagerung<\/li>\n<li>Kipphebel Totalfeststeller (Rad- und Kopffeststellerung)<\/li>\n<li>Kopflager mit doppeltem Kugelkranz<\/li>\n<\/ul>\n<p><strong>Technische Daten:<\/strong><\/p>\n<ul>\n<li>Weichgummi<\/li>\n<li>Raddurchmesser 50x19mm<\/li>\n<li>Bauh\u00f6he 70mm<\/li>\n<li>Traglast 50kg dynamisch bis 4m\/h<\/li>\n<li>Anschraubplatte 60x60mm<\/li>\n<\/ul>\n<p>Empfohlen werden zwei ungebremste und zwei gebremste Rollen in diagonaler Anordnung.<br \/>\nDie Preise gelten f\u00fcr ein Set, Einzelpreise bitte anfragen.<\/p>\n<\/div>\n","protected":false},"featured_media":10767,"comment_status":"closed","ping_status":"closed","template":"","meta":{"_et_pb_use_builder":"","_et_pb_old_content":"","_et_gb_content_width":""},"product_brand":[],"product_cat":[566],"product_tag":[],"class_list":{"0":"post-10760","1":"product","2":"type-product","3":"status-publish","4":"has-post-thumbnail","6":"product_cat-amp-parts","7":"product_shipping_class-small","8":"pa_artikelzustand-neuer-artikel","10":"first","11":"instock","12":"taxable","13":"shipping-taxable","14":"purchasable","15":"product-type-variable","16":"has-default-attributes"},"composite_virtual":false,"composite_layout":"","composite_add_to_cart_form_location":"","composite_editable_in_cart":false,"composite_sold_individually_context":"","composite_shop_price_calc":"","composite_components":[],"composite_scenarios":[],"pp_statuses_selecting_workflow":false,"pp_workflow_action":"current","pp_status_selection":"publish","yoast_head":"<!-- This site is optimized with the Yoast SEO plugin v26.8 - https:\/\/yoast.com\/product\/yoast-seo-wordpress\/ -->\n<title>Little Blue Wonder Weichgummirollen - captain-guitar-lounge.com<\/title>\n<meta name=\"robots\" content=\"index, follow, max-snippet:-1, max-image-preview:large, max-video-preview:-1\" \/>\n<link rel=\"canonical\" href=\"https:\/\/captain-guitar-lounge.com\/en\/product\/little-blue-wonder-weichgummirollen\/\" \/>\n<meta property=\"og:locale\" content=\"en_US\" \/>\n<meta property=\"og:type\" content=\"article\" \/>\n<meta property=\"og:title\" content=\"Little Blue Wonder Weichgummirollen - captain-guitar-lounge.com\" \/>\n<meta property=\"og:description\" content=\"Vorteile auf einen Blick:   \u00a0wesentlich leiseres, weichers Laufverhalten  Ger\u00e4teschonend f\u00fcr R\u00f6hren und Lautsprecher  sehr gute K\u00f6rperschallentkopplung im Live- und Studiobetrieb  Pr\u00e4zisionskugellager 2RS als Radlagerung  Kipphebel Totalfeststeller (Rad- und Kopffeststellerung)  Kopflager mit doppeltem Kugelkranz  Technische Daten:   Weichgummi  Raddurchmesser 50x19mm  Bauh\u00f6he 70mm  Traglast 50kg dynamisch bis 4m\/h  Anschraubplatte 60x60mm  Empfohlen werden zwei ungebremste und zwei gebremste Rollen in diagonaler Anordnung. Die Preise gelten f\u00fcr ein Set, Einzelpreise bitte anfragen.\" \/>\n<meta property=\"og:url\" content=\"https:\/\/captain-guitar-lounge.com\/en\/product\/little-blue-wonder-weichgummirollen\/\" \/>\n<meta property=\"og:site_name\" content=\"captain-guitar-lounge.com\" \/>\n<meta property=\"article:publisher\" content=\"https:\/\/www.facebook.com\/Captain-Guitar-Lounge-140457272682315\/\" \/>\n<meta property=\"article:modified_time\" content=\"2024-07-10T15:17:41+00:00\" \/>\n<meta property=\"og:image\" content=\"https:\/\/captain-guitar-lounge.com\/wp-content\/uploads\/2020\/05\/k-IMG_1638.jpg\" \/>\n\t<meta property=\"og:image:width\" content=\"1024\" \/>\n\t<meta property=\"og:image:height\" content=\"768\" \/>\n\t<meta property=\"og:image:type\" content=\"image\/jpeg\" \/>\n<meta name=\"twitter:card\" content=\"summary_large_image\" \/>\n<meta name=\"twitter:label1\" content=\"Est. reading time\" \/>\n\t<meta name=\"twitter:data1\" content=\"1 minute\" \/>\n<script type=\"application\/ld+json\" class=\"yoast-schema-graph\">{\"@context\":\"https:\/\/schema.org\",\"@graph\":[{\"@type\":\"WebPage\",\"@id\":\"https:\/\/captain-guitar-lounge.com\/en\/product\/little-blue-wonder-weichgummirollen\/\",\"url\":\"https:\/\/captain-guitar-lounge.com\/en\/product\/little-blue-wonder-weichgummirollen\/\",\"name\":\"Little Blue Wonder Weichgummirollen - captain-guitar-lounge.com\",\"isPartOf\":{\"@id\":\"https:\/\/captain-guitar-lounge.com\/en\/#website\"},\"primaryImageOfPage\":{\"@id\":\"https:\/\/captain-guitar-lounge.com\/en\/product\/little-blue-wonder-weichgummirollen\/#primaryimage\"},\"image\":{\"@id\":\"https:\/\/captain-guitar-lounge.com\/en\/product\/little-blue-wonder-weichgummirollen\/#primaryimage\"},\"thumbnailUrl\":\"https:\/\/captain-guitar-lounge.com\/wp-content\/uploads\/2020\/05\/k-IMG_1638.jpg\",\"datePublished\":\"2020-05-05T07:55:31+00:00\",\"dateModified\":\"2024-07-10T15:17:41+00:00\",\"breadcrumb\":{\"@id\":\"https:\/\/captain-guitar-lounge.com\/en\/product\/little-blue-wonder-weichgummirollen\/#breadcrumb\"},\"inLanguage\":\"en-US\",\"potentialAction\":[{\"@type\":\"ReadAction\",\"target\":[\"https:\/\/captain-guitar-lounge.com\/en\/product\/little-blue-wonder-weichgummirollen\/\"]}]},{\"@type\":\"ImageObject\",\"inLanguage\":\"en-US\",\"@id\":\"https:\/\/captain-guitar-lounge.com\/en\/product\/little-blue-wonder-weichgummirollen\/#primaryimage\",\"url\":\"https:\/\/captain-guitar-lounge.com\/wp-content\/uploads\/2020\/05\/k-IMG_1638.jpg\",\"contentUrl\":\"https:\/\/captain-guitar-lounge.com\/wp-content\/uploads\/2020\/05\/k-IMG_1638.jpg\",\"width\":1024,\"height\":768,\"caption\":\"Blau \/ Silber\"},{\"@type\":\"BreadcrumbList\",\"@id\":\"https:\/\/captain-guitar-lounge.com\/en\/product\/little-blue-wonder-weichgummirollen\/#breadcrumb\",\"itemListElement\":[{\"@type\":\"ListItem\",\"position\":1,\"name\":\"Startseite\",\"item\":\"https:\/\/captain-guitar-lounge.com\/en\/\"},{\"@type\":\"ListItem\",\"position\":2,\"name\":\"Shop\",\"item\":\"https:\/\/captain-guitar-lounge.com\/shop\/\"},{\"@type\":\"ListItem\",\"position\":3,\"name\":\"Little Blue Wonder Weichgummirollen\"}]},{\"@type\":\"WebSite\",\"@id\":\"https:\/\/captain-guitar-lounge.com\/en\/#website\",\"url\":\"https:\/\/captain-guitar-lounge.com\/en\/\",\"name\":\"captain-guitar-lounge.com\",\"description\":\"Fine Amps and Guitars and more\",\"potentialAction\":[{\"@type\":\"SearchAction\",\"target\":{\"@type\":\"EntryPoint\",\"urlTemplate\":\"https:\/\/captain-guitar-lounge.com\/en\/?s={search_term_string}\"},\"query-input\":{\"@type\":\"PropertyValueSpecification\",\"valueRequired\":true,\"valueName\":\"search_term_string\"}}],\"inLanguage\":\"en-US\"}]}<\/script>\n<!-- \/ Yoast SEO plugin. -->","yoast_head_json":{"title":"Little Blue Wonder Weichgummirollen - captain-guitar-lounge.com","robots":{"index":"index","follow":"follow","max-snippet":"max-snippet:-1","max-image-preview":"max-image-preview:large","max-video-preview":"max-video-preview:-1"},"canonical":"https:\/\/captain-guitar-lounge.com\/en\/product\/little-blue-wonder-weichgummirollen\/","og_locale":"en_US","og_type":"article","og_title":"Little Blue Wonder Weichgummirollen - captain-guitar-lounge.com","og_description":"Vorteile auf einen Blick:   \u00a0wesentlich leiseres, weichers Laufverhalten  Ger\u00e4teschonend f\u00fcr R\u00f6hren und Lautsprecher  sehr gute K\u00f6rperschallentkopplung im Live- und Studiobetrieb  Pr\u00e4zisionskugellager 2RS als Radlagerung  Kipphebel Totalfeststeller (Rad- und Kopffeststellerung)  Kopflager mit doppeltem Kugelkranz  Technische Daten:   Weichgummi  Raddurchmesser 50x19mm  Bauh\u00f6he 70mm  Traglast 50kg dynamisch bis 4m\/h  Anschraubplatte 60x60mm  Empfohlen werden zwei ungebremste und zwei gebremste Rollen in diagonaler Anordnung. Die Preise gelten f\u00fcr ein Set, Einzelpreise bitte anfragen.","og_url":"https:\/\/captain-guitar-lounge.com\/en\/product\/little-blue-wonder-weichgummirollen\/","og_site_name":"captain-guitar-lounge.com","article_publisher":"https:\/\/www.facebook.com\/Captain-Guitar-Lounge-140457272682315\/","article_modified_time":"2024-07-10T15:17:41+00:00","og_image":[{"width":1024,"height":768,"url":"https:\/\/captain-guitar-lounge.com\/wp-content\/uploads\/2020\/05\/k-IMG_1638.jpg","type":"image\/jpeg"}],"twitter_card":"summary_large_image","twitter_misc":{"Est. reading time":"1 minute"},"schema":{"@context":"https:\/\/schema.org","@graph":[{"@type":"WebPage","@id":"https:\/\/captain-guitar-lounge.com\/en\/product\/little-blue-wonder-weichgummirollen\/","url":"https:\/\/captain-guitar-lounge.com\/en\/product\/little-blue-wonder-weichgummirollen\/","name":"Little Blue Wonder Weichgummirollen - captain-guitar-lounge.com","isPartOf":{"@id":"https:\/\/captain-guitar-lounge.com\/en\/#website"},"primaryImageOfPage":{"@id":"https:\/\/captain-guitar-lounge.com\/en\/product\/little-blue-wonder-weichgummirollen\/#primaryimage"},"image":{"@id":"https:\/\/captain-guitar-lounge.com\/en\/product\/little-blue-wonder-weichgummirollen\/#primaryimage"},"thumbnailUrl":"https:\/\/captain-guitar-lounge.com\/wp-content\/uploads\/2020\/05\/k-IMG_1638.jpg","datePublished":"2020-05-05T07:55:31+00:00","dateModified":"2024-07-10T15:17:41+00:00","breadcrumb":{"@id":"https:\/\/captain-guitar-lounge.com\/en\/product\/little-blue-wonder-weichgummirollen\/#breadcrumb"},"inLanguage":"en-US","potentialAction":[{"@type":"ReadAction","target":["https:\/\/captain-guitar-lounge.com\/en\/product\/little-blue-wonder-weichgummirollen\/"]}]},{"@type":"ImageObject","inLanguage":"en-US","@id":"https:\/\/captain-guitar-lounge.com\/en\/product\/little-blue-wonder-weichgummirollen\/#primaryimage","url":"https:\/\/captain-guitar-lounge.com\/wp-content\/uploads\/2020\/05\/k-IMG_1638.jpg","contentUrl":"https:\/\/captain-guitar-lounge.com\/wp-content\/uploads\/2020\/05\/k-IMG_1638.jpg","width":1024,"height":768,"caption":"Blau \/ Silber"},{"@type":"BreadcrumbList","@id":"https:\/\/captain-guitar-lounge.com\/en\/product\/little-blue-wonder-weichgummirollen\/#breadcrumb","itemListElement":[{"@type":"ListItem","position":1,"name":"Startseite","item":"https:\/\/captain-guitar-lounge.com\/en\/"},{"@type":"ListItem","position":2,"name":"Shop","item":"https:\/\/captain-guitar-lounge.com\/shop\/"},{"@type":"ListItem","position":3,"name":"Little Blue Wonder Weichgummirollen"}]},{"@type":"WebSite","@id":"https:\/\/captain-guitar-lounge.com\/en\/#website","url":"https:\/\/captain-guitar-lounge.com\/en\/","name":"captain-guitar-lounge.com","description":"Fine Amps and Guitars and more","potentialAction":[{"@type":"SearchAction","target":{"@type":"EntryPoint","urlTemplate":"https:\/\/captain-guitar-lounge.com\/en\/?s={search_term_string}"},"query-input":{"@type":"PropertyValueSpecification","valueRequired":true,"valueName":"search_term_string"}}],"inLanguage":"en-US"}]}},"_links":{"self":[{"href":"https:\/\/captain-guitar-lounge.com\/en\/wp-json\/wp\/v2\/product\/10760","targetHints":{"allow":["GET"]}}],"collection":[{"href":"https:\/\/captain-guitar-lounge.com\/en\/wp-json\/wp\/v2\/product"}],"about":[{"href":"https:\/\/captain-guitar-lounge.com\/en\/wp-json\/wp\/v2\/types\/product"}],"replies":[{"embeddable":true,"href":"https:\/\/captain-guitar-lounge.com\/en\/wp-json\/wp\/v2\/comments?post=10760"}],"wp:featuredmedia":[{"embeddable":true,"href":"https:\/\/captain-guitar-lounge.com\/en\/wp-json\/wp\/v2\/media\/10767"}],"wp:attachment":[{"href":"https:\/\/captain-guitar-lounge.com\/en\/wp-json\/wp\/v2\/media?parent=10760"}],"wp:term":[{"taxonomy":"product_brand","embeddable":true,"href":"https:\/\/captain-guitar-lounge.com\/en\/wp-json\/wp\/v2\/product_brand?post=10760"},{"taxonomy":"product_cat","embeddable":true,"href":"https:\/\/captain-guitar-lounge.com\/en\/wp-json\/wp\/v2\/product_cat?post=10760"},{"taxonomy":"product_tag","embeddable":true,"href":"https:\/\/captain-guitar-lounge.com\/en\/wp-json\/wp\/v2\/product_tag?post=10760"}],"curies":[{"name":"wp","href":"https:\/\/api.w.org\/{rel}","templated":true}]}}