{"id":10914,"date":"2020-08-16T17:25:09","date_gmt":"2020-08-16T15:25:09","guid":{"rendered":"https:\/\/captain-guitar-lounge.com\/?p=10914&#038;post_type=product&#038;preview_id=10914"},"modified":"2023-12-07T16:07:43","modified_gmt":"2023-12-07T15:07:43","slug":"captain-fts-fiftynine-tweed-super-amp","status":"publish","type":"product","link":"https:\/\/captain-guitar-lounge.com\/en\/product\/captain-fts-fiftynine-tweed-super-amp\/","title":{"rendered":"Captain FTS FiftyNine Tweed Super Amp"},"content":{"rendered":"<div class=\"n module-type-text diyfeLiveArea \">\n<p>Der Tweed Super teilt sich das Amp-Chassis mit dem Pro und dem Bandmaster, nur die Speaker und der Ausgangs\u00fcbertrager sind unterschiedlich.<br \/>\nAuch hier gibts ca. 30Watt aus zwei 6L6WGC Endstufenr\u00f6hren.<br \/>\nDie Finale Version, gebaut von 1956 bis 1960, wohnt im Narrow-Panel-Geh\u00e4use und folgt der Schaltungsvariante 5F4.<\/p>\n<\/div>\n<div class=\"n module-type-text diyfeLiveArea \">\n<div class=\"n module-type-text diyfeLiveArea \">\n<div class=\"n\">\n<div class=\"n\">\n<hr \/>\n<p>Dar\u00fcberhinaus kann der <strong>Captain Tweed Super FiftyNine<\/strong> mit weiteren Optionen an Deine Bed\u00fcrfnisse angepasst werden:<\/p>\n<p>\u2013 High\/Low Power-Umschaltung mit Gleichricherr\u00f6hre oder Diodengleichrichtung\u00a0 <strong>77,- Euro<br \/>\n<\/strong>\u2013 PPIMV Master Volume\u00a0 <strong>97,- Euro<\/strong><br \/>\n\u2013 Captain Power Soak <a href=\"https:\/\/www.captain-koerg.de\/amp-mods\/captain-power-soak\/\"><strong>CPS60<\/strong><\/a><br \/>\n\u2013 NOS R\u00f6hren auf Anfrage<strong><br \/>\n<\/strong>\u2013 Tolex und Frontbespannung nach Kundenwunsch ab <strong>97,- Euro<br \/>\n<\/strong>\u00a0\u00a0\u00a0\u00a0\u00a0\u00a0\u00a0\u00a0 Eine Auswahl findest du<a href=\"https:\/\/www.captain-koerg.de\/captain-amps\/geh%C3%A4usebau\/standard-tolex-grille\/\"><strong> HIER<\/strong><\/a><\/p>\n<p>Und auf Wunsch machen wir dir ein passendes <a href=\"https:\/\/www.captain-koerg.de\/shop\/captain-amp-covers\/\"><strong>Captain Amp Cover<\/strong><\/a><\/p>\n<\/div>\n<\/div>\n<\/div>\n<\/div>\n<hr \/>\n<p><strong>Kundenbewertungen:<\/strong><\/p>\n<blockquote><p>Servus Captain,<br \/>\njetzt komme ich mal dazu, dir ein ausf\u00fchrliches Feedback zu meinem neuen Captain Amp zu schreiben.<br \/>\nIch habe ihn ja nun seit einigen Wochen ausf\u00fchrlich getestet, in der Probe gespielt und gestern auch erstmals live verwendet, wobei er sich bestens bew\u00e4hrt hat und auch ohne gro\u00dfe Lautst\u00e4rke durchsetzt. Der Amp hat mich ja von Anfang an mit seiner Dreidimensionalit\u00e4t, F\u00fclle, Tiefe und Detailreichheit seines Klangs \u00fcberzeugt. Trotz Tweed matscht es nur, wenn man es darauf anlegt. Aber bei richtiger Einstellung ist alles bestens definiert, die B\u00e4sse kommen mit den 2&#215;10 richtig knackig und das Ding macht bei Bedarf L\u00e4rm ohne Ende. Dabei kann er auch richtig laut clean, wenn es gew\u00fcnscht wird. Am sch\u00f6nsten f\u00fcr mich ist es jedoch, den Amp so gerade am \u00dcbergang von clean zu crunch zu betreiben. Dabei ist die Tonregelung, so wie von dir beschrieben, h\u00f6chst effektiv und unbedingt in die gesamte Ton- und Gainformung mit einzubeziehen. Sehr sch\u00f6n ist auch das Br\u00fccken der Kan\u00e4le, hier gibts ebenfalls jede Menge an Nuancen zu erforschen. Meine &#8220;Extras&#8221;, die Umschaltung von R\u00f6hren- auf Diodengleichrichtung und das PPIMV, haben sich ebenfalls bestens bew\u00e4hrt. Da ich es gerne knackiger habe, l\u00e4uft der Amp bei mir Tweed-untypisch mit Diodengleichrichtung. Mit R\u00f6hre und entsprechender Einstellung ist aber auch der Neil Young kein Thema.<br \/>\nMeine vorgeschalteten Zerrer, ein Klon des Analogman King of Tone sowie ein TC Spark Booster, und die vorgeschalteten Delays (TC Flashback) sowie das T-Rex Wah nimmt er gerne und willig. Damit und mit dem Volumepoti der Gitarre ist eigentlich alles von clean bis rockig dirty in top Qualit\u00e4t und Soundg\u00fcte m\u00f6glich. Dass das kein Metalamp ist, versteht sich glaube ich von selbst.<br \/>\nEin absoluter Knaller ist f\u00fcr mich auch das PPIMV. Damit bringe ich den Amp von doch &#8220;ziemlich laut&#8221; auf eine angenehme Proben- und Clublautst\u00e4rke ohne f\u00fcr mich feststellbare Soundverluste. Man hat seinen Sound praktisch immer in der passenden Lautst\u00e4rke dabei, PERFEKT !!<br \/>\nIch habe alle anderen Amps verkauft, der Tweed Super ist genauso wie sein Name &#8211; super! Als Backup gibts nur noch die EHX Magnum 44 Endstufe im Pedalformat, um ggf. einen Ausfall des Amps bei einem Gig kompensieren zu k\u00f6nnen. Auch die funktioniert sehr gut zusammen mit den Weber Speakern.<\/p>\n<p>Von daher nochmals danke f\u00fcr die tolle Beratung und f\u00fcr die Herstellung solch toller Amps. Von mir gibts sicher eine Weiterempfehlung, egal ob gefragt oder ungefragt :).<\/p>\n<p>VG<br \/>\nRainer<\/p><\/blockquote>\n<p><iframe loading=\"lazy\" title=\"Captain Amps FTS59 Tweed Super Amp\" width=\"1080\" height=\"608\" src=\"https:\/\/www.youtube.com\/embed\/RngsBNMsSfI?start=1&#038;feature=oembed\"  allow=\"accelerometer; autoplay; clipboard-write; encrypted-media; gyroscope; picture-in-picture; web-share\" allowfullscreen><\/iframe><\/p>\n","protected":false},"excerpt":{"rendered":"<hr \/>\n<p>Wie bei allen <a href=\"https:\/\/captain-guitar-lounge.com\/produkt-kategorie\/captain-amps\/captain-classic-amps\/\"><strong>Captain Classic Amps<\/strong><\/a> verwenden wir auch hier <strong>Mercury Magnetics<\/strong> Trafos und <strong>Weber<\/strong> Speaker aus den USA.<br \/>\nUnd auch die anderen Bauteile sind selektiert um dem Originalsound so nahe wie m\u00f6glich zu kommen.<br \/>\nDer Verst\u00e4rker wird wie das Vorbild liebevoll und mit viel Erfahrung handverdrahtet.<\/p>\n<hr \/>\n<p><strong>Features Captain Tweed Super FiftyNine:<\/strong><\/p>\n<ul>\n<li>Schaltung: 5F4<\/li>\n<li>Leistung ca. 30 Watt aus 2 TAD 6L6WGC-STR<\/li>\n<li>Impedanz: 4 Ohm<\/li>\n<li>Mercury Magnetics Transformator und Ausgangs\u00fcbertrager<\/li>\n<li>Weber Alnico 10A125 Speaker<br \/>\noder\/und Weber Ceramik 10F125<\/li>\n<li>TAD 5U4G Gleichrichterr\u00f6hre<\/li>\n<li>TAD 12AY7 und 12AX7 Vorstufenr\u00f6hren<\/li>\n<li>\n<div>Holz: Massiv Pinie, fingerverzahnt<\/div>\n<\/li>\n<li>\n<div>Bezug: Tweed mit Nitro-Lack-Schutzlasur<\/div>\n<\/li>\n<li>Frontbespannstoff: Oxblood with stripes<\/li>\n<li>Ma\u00dfe ca. 56,5cm x 47cm x 26,5cm<\/li>\n<li>Gewicht ca. 19,5kg<br \/>\n(Technische \u00c4nderungen vorbehalten)<\/li>\n<\/ul>\n<div>Dieser Verst\u00e4rker wird auf Bestellung f\u00fcr Dich angefertigt, \u00c4nderungsw\u00fcnsche sind daher immer m\u00f6glich!<br \/>\nDie Lieferzeit betr\u00e4gt vier Wochen bis drei Monate, je nach den gew\u00fcnschten Optionen und der Verf\u00fcgbarkeit.<\/div>\n<div>Incl. <a href=\"https:\/\/captain-guitar-lounge.com\/produkt\/captain-speaker-shakedown\/\">24hrs Captain Speaker Shakedown <\/a>f\u00fcr die Lautsprecher.<br \/>\nAndere Lautsprecher auf Anfrage.<\/p>\n<hr \/>\n<\/div>\n","protected":false},"featured_media":14583,"comment_status":"closed","ping_status":"closed","template":"","meta":{"_et_pb_use_builder":"","_et_pb_old_content":"","_et_gb_content_width":""},"product_brand":[],"product_cat":[735],"product_tag":[],"class_list":{"0":"post-10914","1":"product","2":"type-product","3":"status-publish","4":"has-post-thumbnail","6":"product_cat-captain-classic-amps","7":"product_shipping_class-large","8":"pa_amp-features-master-volume","9":"pa_artikelzustand-neuer-artikel","10":"pa_captain-amp-leistung-bis-30-watt","11":"pa_captain-amp-serie-captain-classic-amps","12":"pa_captain-amp-speaker-10-zoll","13":"pa_captain-amp-style-us-fifties","14":"pa_captain-amp-tubes-6l6","16":"first","17":"onbackorder","18":"taxable","19":"shipping-taxable","20":"purchasable","21":"product-type-variable","22":"has-default-attributes"},"composite_virtual":false,"composite_layout":"","composite_add_to_cart_form_location":"","composite_editable_in_cart":false,"composite_sold_individually_context":"","composite_shop_price_calc":"","composite_components":[],"composite_scenarios":[],"pp_statuses_selecting_workflow":false,"pp_workflow_action":"current","pp_status_selection":"publish","yoast_head":"<!-- This site is optimized with the Yoast SEO plugin v26.8 - https:\/\/yoast.com\/product\/yoast-seo-wordpress\/ -->\n<title>Captain FTS FiftyNine Tweed Super Amp - captain-guitar-lounge.com<\/title>\n<meta name=\"robots\" content=\"index, follow, max-snippet:-1, max-image-preview:large, max-video-preview:-1\" \/>\n<link rel=\"canonical\" href=\"https:\/\/captain-guitar-lounge.com\/en\/product\/captain-fts-fiftynine-tweed-super-amp\/\" \/>\n<meta property=\"og:locale\" content=\"en_US\" \/>\n<meta property=\"og:type\" content=\"article\" \/>\n<meta property=\"og:title\" content=\"Captain FTS FiftyNine Tweed Super Amp - captain-guitar-lounge.com\" \/>\n<meta property=\"og:description\" content=\"Wie bei allen Captain Classic Amps verwenden wir auch hier Mercury Magnetics Trafos und Weber Speaker aus den USA. Und auch die anderen Bauteile sind selektiert um dem Originalsound so nahe wie m\u00f6glich zu kommen. Der Verst\u00e4rker wird wie das Vorbild liebevoll und mit viel Erfahrung handverdrahtet.    Features Captain Tweed Super FiftyNine:   Schaltung: 5F4  Leistung ca. 30 Watt aus 2 TAD 6L6WGC-STR  Impedanz: 4 Ohm  Mercury Magnetics Transformator und Ausgangs\u00fcbertrager  Weber Alnico 10A125 Speaker oder\/und Weber Ceramik 10F125  TAD 5U4G Gleichrichterr\u00f6hre  TAD 12AY7 und 12AX7 Vorstufenr\u00f6hren   Holz: Massiv Pinie, fingerverzahnt   Bezug: Tweed mit Nitro-Lack-Schutzlasur  Frontbespannstoff: Oxblood with stripes  Ma\u00dfe ca. 56,5cm x 47cm x 26,5cm  Gewicht ca. 19,5kg (Technische \u00c4nderungen vorbehalten)  Dieser Verst\u00e4rker wird auf Bestellung f\u00fcr Dich angefertigt, \u00c4nderungsw\u00fcnsche sind daher immer m\u00f6glich! Die Lieferzeit betr\u00e4gt vier Wochen bis drei Monate, je nach den gew\u00fcnschten Optionen und der Verf\u00fcgbarkeit. Incl. 24hrs Captain Speaker Shakedown f\u00fcr die Lautsprecher. Andere Lautsprecher auf Anfrage.\" \/>\n<meta property=\"og:url\" content=\"https:\/\/captain-guitar-lounge.com\/en\/product\/captain-fts-fiftynine-tweed-super-amp\/\" \/>\n<meta property=\"og:site_name\" content=\"captain-guitar-lounge.com\" \/>\n<meta property=\"article:publisher\" content=\"https:\/\/www.facebook.com\/Captain-Guitar-Lounge-140457272682315\/\" \/>\n<meta property=\"article:modified_time\" content=\"2023-12-07T15:07:43+00:00\" \/>\n<meta property=\"og:image\" content=\"https:\/\/captain-guitar-lounge.com\/wp-content\/uploads\/2020\/05\/k-IMG_6203.jpg\" \/>\n\t<meta property=\"og:image:width\" content=\"1024\" \/>\n\t<meta property=\"og:image:height\" content=\"1024\" \/>\n\t<meta property=\"og:image:type\" content=\"image\/jpeg\" \/>\n<meta name=\"twitter:card\" content=\"summary_large_image\" \/>\n<meta name=\"twitter:label1\" content=\"Est. reading time\" \/>\n\t<meta name=\"twitter:data1\" content=\"1 minute\" \/>\n<script type=\"application\/ld+json\" class=\"yoast-schema-graph\">{\"@context\":\"https:\/\/schema.org\",\"@graph\":[{\"@type\":\"WebPage\",\"@id\":\"https:\/\/captain-guitar-lounge.com\/en\/product\/captain-fts-fiftynine-tweed-super-amp\/\",\"url\":\"https:\/\/captain-guitar-lounge.com\/en\/product\/captain-fts-fiftynine-tweed-super-amp\/\",\"name\":\"Captain FTS FiftyNine Tweed Super Amp - captain-guitar-lounge.com\",\"isPartOf\":{\"@id\":\"https:\/\/captain-guitar-lounge.com\/en\/#website\"},\"primaryImageOfPage\":{\"@id\":\"https:\/\/captain-guitar-lounge.com\/en\/product\/captain-fts-fiftynine-tweed-super-amp\/#primaryimage\"},\"image\":{\"@id\":\"https:\/\/captain-guitar-lounge.com\/en\/product\/captain-fts-fiftynine-tweed-super-amp\/#primaryimage\"},\"thumbnailUrl\":\"https:\/\/captain-guitar-lounge.com\/wp-content\/uploads\/2020\/05\/k-IMG_6203.jpg\",\"datePublished\":\"2020-08-16T15:25:09+00:00\",\"dateModified\":\"2023-12-07T15:07:43+00:00\",\"breadcrumb\":{\"@id\":\"https:\/\/captain-guitar-lounge.com\/en\/product\/captain-fts-fiftynine-tweed-super-amp\/#breadcrumb\"},\"inLanguage\":\"en-US\",\"potentialAction\":[{\"@type\":\"ReadAction\",\"target\":[\"https:\/\/captain-guitar-lounge.com\/en\/product\/captain-fts-fiftynine-tweed-super-amp\/\"]}]},{\"@type\":\"ImageObject\",\"inLanguage\":\"en-US\",\"@id\":\"https:\/\/captain-guitar-lounge.com\/en\/product\/captain-fts-fiftynine-tweed-super-amp\/#primaryimage\",\"url\":\"https:\/\/captain-guitar-lounge.com\/wp-content\/uploads\/2020\/05\/k-IMG_6203.jpg\",\"contentUrl\":\"https:\/\/captain-guitar-lounge.com\/wp-content\/uploads\/2020\/05\/k-IMG_6203.jpg\",\"width\":1024,\"height\":1024},{\"@type\":\"BreadcrumbList\",\"@id\":\"https:\/\/captain-guitar-lounge.com\/en\/product\/captain-fts-fiftynine-tweed-super-amp\/#breadcrumb\",\"itemListElement\":[{\"@type\":\"ListItem\",\"position\":1,\"name\":\"Startseite\",\"item\":\"https:\/\/captain-guitar-lounge.com\/en\/\"},{\"@type\":\"ListItem\",\"position\":2,\"name\":\"Shop\",\"item\":\"https:\/\/captain-guitar-lounge.com\/shop\/\"},{\"@type\":\"ListItem\",\"position\":3,\"name\":\"Captain FTS FiftyNine Tweed Super Amp\"}]},{\"@type\":\"WebSite\",\"@id\":\"https:\/\/captain-guitar-lounge.com\/en\/#website\",\"url\":\"https:\/\/captain-guitar-lounge.com\/en\/\",\"name\":\"captain-guitar-lounge.com\",\"description\":\"Fine Amps and Guitars and more\",\"potentialAction\":[{\"@type\":\"SearchAction\",\"target\":{\"@type\":\"EntryPoint\",\"urlTemplate\":\"https:\/\/captain-guitar-lounge.com\/en\/?s={search_term_string}\"},\"query-input\":{\"@type\":\"PropertyValueSpecification\",\"valueRequired\":true,\"valueName\":\"search_term_string\"}}],\"inLanguage\":\"en-US\"}]}<\/script>\n<!-- \/ Yoast SEO plugin. -->","yoast_head_json":{"title":"Captain FTS FiftyNine Tweed Super Amp - captain-guitar-lounge.com","robots":{"index":"index","follow":"follow","max-snippet":"max-snippet:-1","max-image-preview":"max-image-preview:large","max-video-preview":"max-video-preview:-1"},"canonical":"https:\/\/captain-guitar-lounge.com\/en\/product\/captain-fts-fiftynine-tweed-super-amp\/","og_locale":"en_US","og_type":"article","og_title":"Captain FTS FiftyNine Tweed Super Amp - captain-guitar-lounge.com","og_description":"Wie bei allen Captain Classic Amps verwenden wir auch hier Mercury Magnetics Trafos und Weber Speaker aus den USA. Und auch die anderen Bauteile sind selektiert um dem Originalsound so nahe wie m\u00f6glich zu kommen. Der Verst\u00e4rker wird wie das Vorbild liebevoll und mit viel Erfahrung handverdrahtet.    Features Captain Tweed Super FiftyNine:   Schaltung: 5F4  Leistung ca. 30 Watt aus 2 TAD 6L6WGC-STR  Impedanz: 4 Ohm  Mercury Magnetics Transformator und Ausgangs\u00fcbertrager  Weber Alnico 10A125 Speaker oder\/und Weber Ceramik 10F125  TAD 5U4G Gleichrichterr\u00f6hre  TAD 12AY7 und 12AX7 Vorstufenr\u00f6hren   Holz: Massiv Pinie, fingerverzahnt   Bezug: Tweed mit Nitro-Lack-Schutzlasur  Frontbespannstoff: Oxblood with stripes  Ma\u00dfe ca. 56,5cm x 47cm x 26,5cm  Gewicht ca. 19,5kg (Technische \u00c4nderungen vorbehalten)  Dieser Verst\u00e4rker wird auf Bestellung f\u00fcr Dich angefertigt, \u00c4nderungsw\u00fcnsche sind daher immer m\u00f6glich! Die Lieferzeit betr\u00e4gt vier Wochen bis drei Monate, je nach den gew\u00fcnschten Optionen und der Verf\u00fcgbarkeit. Incl. 24hrs Captain Speaker Shakedown f\u00fcr die Lautsprecher. Andere Lautsprecher auf Anfrage.","og_url":"https:\/\/captain-guitar-lounge.com\/en\/product\/captain-fts-fiftynine-tweed-super-amp\/","og_site_name":"captain-guitar-lounge.com","article_publisher":"https:\/\/www.facebook.com\/Captain-Guitar-Lounge-140457272682315\/","article_modified_time":"2023-12-07T15:07:43+00:00","og_image":[{"width":1024,"height":1024,"url":"https:\/\/captain-guitar-lounge.com\/wp-content\/uploads\/2020\/05\/k-IMG_6203.jpg","type":"image\/jpeg"}],"twitter_card":"summary_large_image","twitter_misc":{"Est. reading time":"1 minute"},"schema":{"@context":"https:\/\/schema.org","@graph":[{"@type":"WebPage","@id":"https:\/\/captain-guitar-lounge.com\/en\/product\/captain-fts-fiftynine-tweed-super-amp\/","url":"https:\/\/captain-guitar-lounge.com\/en\/product\/captain-fts-fiftynine-tweed-super-amp\/","name":"Captain FTS FiftyNine Tweed Super Amp - captain-guitar-lounge.com","isPartOf":{"@id":"https:\/\/captain-guitar-lounge.com\/en\/#website"},"primaryImageOfPage":{"@id":"https:\/\/captain-guitar-lounge.com\/en\/product\/captain-fts-fiftynine-tweed-super-amp\/#primaryimage"},"image":{"@id":"https:\/\/captain-guitar-lounge.com\/en\/product\/captain-fts-fiftynine-tweed-super-amp\/#primaryimage"},"thumbnailUrl":"https:\/\/captain-guitar-lounge.com\/wp-content\/uploads\/2020\/05\/k-IMG_6203.jpg","datePublished":"2020-08-16T15:25:09+00:00","dateModified":"2023-12-07T15:07:43+00:00","breadcrumb":{"@id":"https:\/\/captain-guitar-lounge.com\/en\/product\/captain-fts-fiftynine-tweed-super-amp\/#breadcrumb"},"inLanguage":"en-US","potentialAction":[{"@type":"ReadAction","target":["https:\/\/captain-guitar-lounge.com\/en\/product\/captain-fts-fiftynine-tweed-super-amp\/"]}]},{"@type":"ImageObject","inLanguage":"en-US","@id":"https:\/\/captain-guitar-lounge.com\/en\/product\/captain-fts-fiftynine-tweed-super-amp\/#primaryimage","url":"https:\/\/captain-guitar-lounge.com\/wp-content\/uploads\/2020\/05\/k-IMG_6203.jpg","contentUrl":"https:\/\/captain-guitar-lounge.com\/wp-content\/uploads\/2020\/05\/k-IMG_6203.jpg","width":1024,"height":1024},{"@type":"BreadcrumbList","@id":"https:\/\/captain-guitar-lounge.com\/en\/product\/captain-fts-fiftynine-tweed-super-amp\/#breadcrumb","itemListElement":[{"@type":"ListItem","position":1,"name":"Startseite","item":"https:\/\/captain-guitar-lounge.com\/en\/"},{"@type":"ListItem","position":2,"name":"Shop","item":"https:\/\/captain-guitar-lounge.com\/shop\/"},{"@type":"ListItem","position":3,"name":"Captain FTS FiftyNine Tweed Super Amp"}]},{"@type":"WebSite","@id":"https:\/\/captain-guitar-lounge.com\/en\/#website","url":"https:\/\/captain-guitar-lounge.com\/en\/","name":"captain-guitar-lounge.com","description":"Fine Amps and Guitars and more","potentialAction":[{"@type":"SearchAction","target":{"@type":"EntryPoint","urlTemplate":"https:\/\/captain-guitar-lounge.com\/en\/?s={search_term_string}"},"query-input":{"@type":"PropertyValueSpecification","valueRequired":true,"valueName":"search_term_string"}}],"inLanguage":"en-US"}]}},"_links":{"self":[{"href":"https:\/\/captain-guitar-lounge.com\/en\/wp-json\/wp\/v2\/product\/10914","targetHints":{"allow":["GET"]}}],"collection":[{"href":"https:\/\/captain-guitar-lounge.com\/en\/wp-json\/wp\/v2\/product"}],"about":[{"href":"https:\/\/captain-guitar-lounge.com\/en\/wp-json\/wp\/v2\/types\/product"}],"replies":[{"embeddable":true,"href":"https:\/\/captain-guitar-lounge.com\/en\/wp-json\/wp\/v2\/comments?post=10914"}],"wp:featuredmedia":[{"embeddable":true,"href":"https:\/\/captain-guitar-lounge.com\/en\/wp-json\/wp\/v2\/media\/14583"}],"wp:attachment":[{"href":"https:\/\/captain-guitar-lounge.com\/en\/wp-json\/wp\/v2\/media?parent=10914"}],"wp:term":[{"taxonomy":"product_brand","embeddable":true,"href":"https:\/\/captain-guitar-lounge.com\/en\/wp-json\/wp\/v2\/product_brand?post=10914"},{"taxonomy":"product_cat","embeddable":true,"href":"https:\/\/captain-guitar-lounge.com\/en\/wp-json\/wp\/v2\/product_cat?post=10914"},{"taxonomy":"product_tag","embeddable":true,"href":"https:\/\/captain-guitar-lounge.com\/en\/wp-json\/wp\/v2\/product_tag?post=10914"}],"curies":[{"name":"wp","href":"https:\/\/api.w.org\/{rel}","templated":true}]}}