{"id":10917,"date":"2020-05-10T17:18:46","date_gmt":"2020-05-10T15:18:46","guid":{"rendered":"https:\/\/captain-guitar-lounge.com\/?p=10917&#038;post_type=product&#038;preview_id=10917"},"modified":"2024-09-16T13:14:40","modified_gmt":"2024-09-16T11:14:40","slug":"captain-ftp-fiftynine","status":"publish","type":"product","link":"https:\/\/captain-guitar-lounge.com\/en\/product\/captain-ftp-fiftynine\/","title":{"rendered":"Captain FTP FiftyNine Tweed Pro Amp"},"content":{"rendered":"<div class=\"n module-type-text diyfeLiveArea \">\n<div class=\"n module-type-text diyfeLiveArea \">Pro steht f\u00fcr Professional, und das trifft die Sache ziemlich gut. Der Tweed Pro ist im Vergleich zum Deluxe oder gar Champ wesentlich erwachsener.<br \/>\nDas liegt nicht nur am 15&#8243; Lautsprecher, der einfach mehr Luft bewegt, sondern haupts\u00e4chlich an der Endstufe mit 2 6L6GC R\u00f6hren und der daraus resultierenden Leistung von ca. 30 Watt.<\/div>\n<div class=\"n module-type-text diyfeLiveArea \">Der Narrow Panel Pro wurde zun\u00e4chst in der 5E5 Schaltung gebaut, bei der jeder der vier Eing\u00e4nge eine eigene Eingangs-Triode hatte. Auf eine Gegenkopplung in der Endstufe wurde verzichtet. Mit der 5E5-A Schaltung wurde dann der Split-Load Phasendreher durch die Long-Tail Version ersetzt, eine Klangregelung mit Treble und Bass erweitert die Regelm\u00f6glichkeiten und eine Gegenkopplung samt Presence-Regler macht die Endstufe stabiler. Diese Schaltung ist sehr viel besser und wurde als Grundlage f\u00fcr den FTP FiftyNine verwendet.<\/div>\n<div class=\"n module-type-text diyfeLiveArea \">\n<div class=\"n\">\n<div class=\"n\">\n<hr \/>\n<p>Dar\u00fcberhinaus kann der <strong>Captain Tweed Pro FiftyNine<\/strong> mit weiteren Optionen an Deine Bed\u00fcrfnisse angepasst werden:<\/p>\n<p>\u2013 High\/Low Power-Umschaltung mit Gleichricherr\u00f6hre oder Diodengleichrichtung\u00a0 <strong>77,- Euro<br \/>\n<\/strong>\u2013 PPIMV Master Volume\u00a0 <strong>97,- Euro<\/strong><br \/>\n\u2013 Captain Power Soak <a href=\"https:\/\/www.captain-koerg.de\/amp-mods\/captain-power-soak\/\"><strong>CPS60<\/strong><\/a><br \/>\n\u2013 NOS R\u00f6hren auf Anfrage<strong><br \/>\n<\/strong>\u2013 Tolex und Frontbespannung nach Kundenwunsch ab <strong>97,- Euro<br \/>\n<\/strong>\u00a0\u00a0\u00a0\u00a0\u00a0\u00a0\u00a0\u00a0 Eine Auswahl findest du<a href=\"https:\/\/www.captain-koerg.de\/captain-amps\/geh%C3%A4usebau\/standard-tolex-grille\/\"><strong> HIER<\/strong><\/a><\/p>\n<p>Und auf Wunsch machen wir dir ein passendes <a href=\"https:\/\/www.captain-koerg.de\/shop\/captain-amp-covers\/\"><strong>Captain Amp Cover<\/strong><\/a><\/p>\n<\/div>\n<\/div>\n<\/div>\n<\/div>\n<hr \/>\n<p><strong>Kundenbewertungen:<\/strong><\/p>\n<blockquote><p><em>Hallo Captain,<br \/>\nhier nun mein Feedback zum FTP59:<br \/>\nEndlich hat das ewige Suchen und dieses sich st\u00e4ndige fragen:\u00a0&#8220;Warum klingt das nicht so?&#8221;, ein Ende!<br \/>\nMeine H\u00f6rgewohnheiten bezogen sich auf Aufnahmen aus den 50er Jahren (Chet Atkins, Merle Travis, Scotty Moore).<br \/>\nMeine Gretsch White Falcon (TV-Jones Pickups) und mein Fulltone Tube Tape Echo in Kombination mit dem Amp bringen genau diesen Sound.<br \/>\nKnackige B\u00e4sse und durchsetzungsf\u00e4hige H\u00f6hen beim Fingerpicking (Travis Picking).<br \/>\nIm Vergleich zu meinem Fender Bassman hat der\u00a0FTP59 einen Sound\u00a0wie ein\u00a0Konzertfl\u00fcgel.<br \/>\nDer singt und schwingt! Aber sowas von&#8230;!<br \/>\nDer Bassman war eher steif, ohne lebendigen\u00a0Ton und auch von der Lautsprecherbest\u00fcckung her\u00a0die falsche Wahl.<br \/>\nTja, nachher ist man immer schlauer, besonders dann, wenn einem der Captain sagt woran es liegt.<br \/>\nAlso habe ich mich beim FTP59 f\u00fcr einen 15-Zoll-Lautsprecher entschieden. Die perfekte Wahl f\u00fcr den gew\u00fcnschten Sound.<br \/>\nIch kann den Amp sehr guten Gewissens an alle, die den puren Rockabilly-Sound suchen, weiterempfehlen.<br \/>\nDa braucht man keinen\u00a0Victoria oder\u00a0v\u00f6llig \u00fcberteuerten\u00a0Standel-Amp. Der Captain-Amp hat Alles, was den &#8220;Guten Ton&#8221; ausmacht.<br \/>\nKostet ein bi\u00dfchen was aber das ist er allemal wert. Ich bin auf jeden Fall \u00e4u\u00dferst zufrieden.<\/em><\/p>\n<p>Danke also f\u00fcr den sehr freundlichen und sehr guten Service und den alles \u00fcberragenden Amp.<\/p>\n<p>Ich w\u00fcnsche Dir weiterhin gute Gesch\u00e4fte und das sich Dein K\u00f6nnen rumspricht.<\/p>\n<p>Danke<br \/>\nMarcus<\/p><\/blockquote>\n","protected":false},"excerpt":{"rendered":"<hr \/>\n<p>Wie bei allen <a href=\"https:\/\/captain-guitar-lounge.com\/produkt-kategorie\/captain-amps\/captain-classic-amps\/\"><strong>Captain Classic Amps<\/strong><\/a> verwenden wir auch hier <strong>Mercury Magnetics<\/strong> Trafos und <strong>Weber<\/strong> Speaker aus den USA.<br \/>\nUnd auch die anderen Bauteile sind selektiert um dem Originalsound so nahe wie m\u00f6glich zu kommen.<br \/>\nDer Verst\u00e4rker wird wie das Vorbild liebevoll und mit viel Erfahrung handverdrahtet.<\/p>\n<hr \/>\n<p><strong>Features Captain Tweed Pro FiftyNine:<\/strong><\/p>\n<ul>\n<li>Schaltung: 5E5-A<\/li>\n<li>Leistung ca. 30 Watt aus 2 TAD 6L6WGC-STR<\/li>\n<li>Impedanz: 8 Ohm<\/li>\n<li>Mercury Magnetics Transformator und Ausgangs\u00fcbertrager<\/li>\n<li>Weber 15A150 Speaker<\/li>\n<li>TAD 5U4G Gleichrichterr\u00f6hre<\/li>\n<li>TAD 12AY7 und 12AX7 Vorstufenr\u00f6hren<\/li>\n<li>\n<div>Holz: Massiv Pinie, fingerverzahnt<\/div>\n<\/li>\n<li>\n<div>Bezug: Tweed mit Nitro-Lack-Schutzlasur<\/div>\n<\/li>\n<li>Frontbespannstoff: Oxblood with stripes<\/li>\n<li>Ma\u00dfe ca.<\/li>\n<li>Gewicht ca.<br \/>\n(Technische \u00c4nderungen vorbehalten)<\/li>\n<\/ul>\n<div>Dieser Verst\u00e4rker wird auf Bestellung f\u00fcr Dich angefertigt, \u00c4nderungsw\u00fcnsche sind daher immer m\u00f6glich!<br \/>\nDie Lieferzeit betr\u00e4gt vier Wochen bis drei Monate, je nach den gew\u00fcnschten Optionen und der Verf\u00fcgbarkeit.<\/div>\n<div>Incl. <a href=\"https:\/\/captain-guitar-lounge.com\/produkt\/captain-speaker-shakedown\/\">24hrs Captain Speaker Shakedown <\/a>f\u00fcr den Lautsprecher.<br \/>\nAndere Lautsprecher auf Anfrage.<\/p>\n<hr \/>\n<\/div>\n","protected":false},"featured_media":10921,"comment_status":"closed","ping_status":"closed","template":"","meta":{"_et_pb_use_builder":"","_et_pb_old_content":"","_et_gb_content_width":""},"product_brand":[],"product_cat":[735],"product_tag":[],"class_list":{"0":"post-10917","1":"product","2":"type-product","3":"status-publish","4":"has-post-thumbnail","6":"product_cat-captain-classic-amps","7":"product_shipping_class-large","8":"pa_amp-features-master-volume","9":"pa_artikelzustand-neuer-artikel","10":"pa_captain-amp-leistung-bis-30-watt","11":"pa_captain-amp-serie-captain-classic-amps","12":"pa_captain-amp-speaker-15-zoll","13":"pa_captain-amp-style-us-fifties","14":"pa_captain-amp-tubes-6l6","16":"first","17":"onbackorder","18":"taxable","19":"shipping-taxable","20":"purchasable","21":"product-type-simple"},"composite_virtual":false,"composite_layout":"","composite_add_to_cart_form_location":"","composite_editable_in_cart":false,"composite_sold_individually_context":"","composite_shop_price_calc":"","composite_components":[],"composite_scenarios":[],"pp_statuses_selecting_workflow":false,"pp_workflow_action":"current","pp_status_selection":"publish","yoast_head":"<!-- This site is optimized with the Yoast SEO plugin v26.8 - https:\/\/yoast.com\/product\/yoast-seo-wordpress\/ -->\n<title>Captain FTP FiftyNine Tweed Pro Amp - captain-guitar-lounge.com<\/title>\n<meta name=\"robots\" content=\"index, follow, max-snippet:-1, max-image-preview:large, max-video-preview:-1\" \/>\n<link rel=\"canonical\" href=\"https:\/\/captain-guitar-lounge.com\/en\/product\/captain-ftp-fiftynine\/\" \/>\n<meta property=\"og:locale\" content=\"en_US\" \/>\n<meta property=\"og:type\" content=\"article\" \/>\n<meta property=\"og:title\" content=\"Captain FTP FiftyNine Tweed Pro Amp - captain-guitar-lounge.com\" \/>\n<meta property=\"og:description\" content=\"Wie bei allen Captain Classic Amps verwenden wir auch hier Mercury Magnetics Trafos und Weber Speaker aus den USA. Und auch die anderen Bauteile sind selektiert um dem Originalsound so nahe wie m\u00f6glich zu kommen. Der Verst\u00e4rker wird wie das Vorbild liebevoll und mit viel Erfahrung handverdrahtet.    Features Captain Tweed Pro FiftyNine:   Schaltung: 5E5-A  Leistung ca. 30 Watt aus 2 TAD 6L6WGC-STR  Impedanz: 8 Ohm  Mercury Magnetics Transformator und Ausgangs\u00fcbertrager  Weber 15A150 Speaker  TAD 5U4G Gleichrichterr\u00f6hre  TAD 12AY7 und 12AX7 Vorstufenr\u00f6hren   Holz: Massiv Pinie, fingerverzahnt   Bezug: Tweed mit Nitro-Lack-Schutzlasur  Frontbespannstoff: Oxblood with stripes  Ma\u00dfe ca.  Gewicht ca. (Technische \u00c4nderungen vorbehalten)  Dieser Verst\u00e4rker wird auf Bestellung f\u00fcr Dich angefertigt, \u00c4nderungsw\u00fcnsche sind daher immer m\u00f6glich! Die Lieferzeit betr\u00e4gt vier Wochen bis drei Monate, je nach den gew\u00fcnschten Optionen und der Verf\u00fcgbarkeit. Incl. 24hrs Captain Speaker Shakedown f\u00fcr den Lautsprecher. Andere Lautsprecher auf Anfrage.\" \/>\n<meta property=\"og:url\" content=\"https:\/\/captain-guitar-lounge.com\/en\/product\/captain-ftp-fiftynine\/\" \/>\n<meta property=\"og:site_name\" content=\"captain-guitar-lounge.com\" \/>\n<meta property=\"article:publisher\" content=\"https:\/\/www.facebook.com\/Captain-Guitar-Lounge-140457272682315\/\" \/>\n<meta property=\"article:modified_time\" content=\"2024-09-16T11:14:40+00:00\" \/>\n<meta property=\"og:image\" content=\"https:\/\/captain-guitar-lounge.com\/wp-content\/uploads\/2020\/05\/IMG_3260k-scaled.jpg\" \/>\n\t<meta property=\"og:image:width\" content=\"1912\" \/>\n\t<meta property=\"og:image:height\" content=\"2560\" \/>\n\t<meta property=\"og:image:type\" content=\"image\/jpeg\" \/>\n<meta name=\"twitter:card\" content=\"summary_large_image\" \/>\n<meta name=\"twitter:label1\" content=\"Est. reading time\" \/>\n\t<meta name=\"twitter:data1\" content=\"2 minutes\" \/>\n<script type=\"application\/ld+json\" class=\"yoast-schema-graph\">{\"@context\":\"https:\/\/schema.org\",\"@graph\":[{\"@type\":\"WebPage\",\"@id\":\"https:\/\/captain-guitar-lounge.com\/en\/product\/captain-ftp-fiftynine\/\",\"url\":\"https:\/\/captain-guitar-lounge.com\/en\/product\/captain-ftp-fiftynine\/\",\"name\":\"Captain FTP FiftyNine Tweed Pro Amp - captain-guitar-lounge.com\",\"isPartOf\":{\"@id\":\"https:\/\/captain-guitar-lounge.com\/en\/#website\"},\"primaryImageOfPage\":{\"@id\":\"https:\/\/captain-guitar-lounge.com\/en\/product\/captain-ftp-fiftynine\/#primaryimage\"},\"image\":{\"@id\":\"https:\/\/captain-guitar-lounge.com\/en\/product\/captain-ftp-fiftynine\/#primaryimage\"},\"thumbnailUrl\":\"https:\/\/captain-guitar-lounge.com\/wp-content\/uploads\/2020\/05\/IMG_3260k-scaled.jpg\",\"datePublished\":\"2020-05-10T15:18:46+00:00\",\"dateModified\":\"2024-09-16T11:14:40+00:00\",\"breadcrumb\":{\"@id\":\"https:\/\/captain-guitar-lounge.com\/en\/product\/captain-ftp-fiftynine\/#breadcrumb\"},\"inLanguage\":\"en-US\",\"potentialAction\":[{\"@type\":\"ReadAction\",\"target\":[\"https:\/\/captain-guitar-lounge.com\/en\/product\/captain-ftp-fiftynine\/\"]}]},{\"@type\":\"ImageObject\",\"inLanguage\":\"en-US\",\"@id\":\"https:\/\/captain-guitar-lounge.com\/en\/product\/captain-ftp-fiftynine\/#primaryimage\",\"url\":\"https:\/\/captain-guitar-lounge.com\/wp-content\/uploads\/2020\/05\/IMG_3260k-scaled.jpg\",\"contentUrl\":\"https:\/\/captain-guitar-lounge.com\/wp-content\/uploads\/2020\/05\/IMG_3260k-scaled.jpg\",\"width\":1912,\"height\":2560,\"caption\":\"Captain FTP59 Tweed Pro Amp\"},{\"@type\":\"BreadcrumbList\",\"@id\":\"https:\/\/captain-guitar-lounge.com\/en\/product\/captain-ftp-fiftynine\/#breadcrumb\",\"itemListElement\":[{\"@type\":\"ListItem\",\"position\":1,\"name\":\"Startseite\",\"item\":\"https:\/\/captain-guitar-lounge.com\/en\/\"},{\"@type\":\"ListItem\",\"position\":2,\"name\":\"Shop\",\"item\":\"https:\/\/captain-guitar-lounge.com\/shop\/\"},{\"@type\":\"ListItem\",\"position\":3,\"name\":\"Captain FTP FiftyNine Tweed Pro Amp\"}]},{\"@type\":\"WebSite\",\"@id\":\"https:\/\/captain-guitar-lounge.com\/en\/#website\",\"url\":\"https:\/\/captain-guitar-lounge.com\/en\/\",\"name\":\"captain-guitar-lounge.com\",\"description\":\"Fine Amps and Guitars and more\",\"potentialAction\":[{\"@type\":\"SearchAction\",\"target\":{\"@type\":\"EntryPoint\",\"urlTemplate\":\"https:\/\/captain-guitar-lounge.com\/en\/?s={search_term_string}\"},\"query-input\":{\"@type\":\"PropertyValueSpecification\",\"valueRequired\":true,\"valueName\":\"search_term_string\"}}],\"inLanguage\":\"en-US\"}]}<\/script>\n<!-- \/ Yoast SEO plugin. -->","yoast_head_json":{"title":"Captain FTP FiftyNine Tweed Pro Amp - captain-guitar-lounge.com","robots":{"index":"index","follow":"follow","max-snippet":"max-snippet:-1","max-image-preview":"max-image-preview:large","max-video-preview":"max-video-preview:-1"},"canonical":"https:\/\/captain-guitar-lounge.com\/en\/product\/captain-ftp-fiftynine\/","og_locale":"en_US","og_type":"article","og_title":"Captain FTP FiftyNine Tweed Pro Amp - captain-guitar-lounge.com","og_description":"Wie bei allen Captain Classic Amps verwenden wir auch hier Mercury Magnetics Trafos und Weber Speaker aus den USA. Und auch die anderen Bauteile sind selektiert um dem Originalsound so nahe wie m\u00f6glich zu kommen. Der Verst\u00e4rker wird wie das Vorbild liebevoll und mit viel Erfahrung handverdrahtet.    Features Captain Tweed Pro FiftyNine:   Schaltung: 5E5-A  Leistung ca. 30 Watt aus 2 TAD 6L6WGC-STR  Impedanz: 8 Ohm  Mercury Magnetics Transformator und Ausgangs\u00fcbertrager  Weber 15A150 Speaker  TAD 5U4G Gleichrichterr\u00f6hre  TAD 12AY7 und 12AX7 Vorstufenr\u00f6hren   Holz: Massiv Pinie, fingerverzahnt   Bezug: Tweed mit Nitro-Lack-Schutzlasur  Frontbespannstoff: Oxblood with stripes  Ma\u00dfe ca.  Gewicht ca. (Technische \u00c4nderungen vorbehalten)  Dieser Verst\u00e4rker wird auf Bestellung f\u00fcr Dich angefertigt, \u00c4nderungsw\u00fcnsche sind daher immer m\u00f6glich! Die Lieferzeit betr\u00e4gt vier Wochen bis drei Monate, je nach den gew\u00fcnschten Optionen und der Verf\u00fcgbarkeit. Incl. 24hrs Captain Speaker Shakedown f\u00fcr den Lautsprecher. Andere Lautsprecher auf Anfrage.","og_url":"https:\/\/captain-guitar-lounge.com\/en\/product\/captain-ftp-fiftynine\/","og_site_name":"captain-guitar-lounge.com","article_publisher":"https:\/\/www.facebook.com\/Captain-Guitar-Lounge-140457272682315\/","article_modified_time":"2024-09-16T11:14:40+00:00","og_image":[{"width":1912,"height":2560,"url":"https:\/\/captain-guitar-lounge.com\/wp-content\/uploads\/2020\/05\/IMG_3260k-scaled.jpg","type":"image\/jpeg"}],"twitter_card":"summary_large_image","twitter_misc":{"Est. reading time":"2 minutes"},"schema":{"@context":"https:\/\/schema.org","@graph":[{"@type":"WebPage","@id":"https:\/\/captain-guitar-lounge.com\/en\/product\/captain-ftp-fiftynine\/","url":"https:\/\/captain-guitar-lounge.com\/en\/product\/captain-ftp-fiftynine\/","name":"Captain FTP FiftyNine Tweed Pro Amp - captain-guitar-lounge.com","isPartOf":{"@id":"https:\/\/captain-guitar-lounge.com\/en\/#website"},"primaryImageOfPage":{"@id":"https:\/\/captain-guitar-lounge.com\/en\/product\/captain-ftp-fiftynine\/#primaryimage"},"image":{"@id":"https:\/\/captain-guitar-lounge.com\/en\/product\/captain-ftp-fiftynine\/#primaryimage"},"thumbnailUrl":"https:\/\/captain-guitar-lounge.com\/wp-content\/uploads\/2020\/05\/IMG_3260k-scaled.jpg","datePublished":"2020-05-10T15:18:46+00:00","dateModified":"2024-09-16T11:14:40+00:00","breadcrumb":{"@id":"https:\/\/captain-guitar-lounge.com\/en\/product\/captain-ftp-fiftynine\/#breadcrumb"},"inLanguage":"en-US","potentialAction":[{"@type":"ReadAction","target":["https:\/\/captain-guitar-lounge.com\/en\/product\/captain-ftp-fiftynine\/"]}]},{"@type":"ImageObject","inLanguage":"en-US","@id":"https:\/\/captain-guitar-lounge.com\/en\/product\/captain-ftp-fiftynine\/#primaryimage","url":"https:\/\/captain-guitar-lounge.com\/wp-content\/uploads\/2020\/05\/IMG_3260k-scaled.jpg","contentUrl":"https:\/\/captain-guitar-lounge.com\/wp-content\/uploads\/2020\/05\/IMG_3260k-scaled.jpg","width":1912,"height":2560,"caption":"Captain FTP59 Tweed Pro Amp"},{"@type":"BreadcrumbList","@id":"https:\/\/captain-guitar-lounge.com\/en\/product\/captain-ftp-fiftynine\/#breadcrumb","itemListElement":[{"@type":"ListItem","position":1,"name":"Startseite","item":"https:\/\/captain-guitar-lounge.com\/en\/"},{"@type":"ListItem","position":2,"name":"Shop","item":"https:\/\/captain-guitar-lounge.com\/shop\/"},{"@type":"ListItem","position":3,"name":"Captain FTP FiftyNine Tweed Pro Amp"}]},{"@type":"WebSite","@id":"https:\/\/captain-guitar-lounge.com\/en\/#website","url":"https:\/\/captain-guitar-lounge.com\/en\/","name":"captain-guitar-lounge.com","description":"Fine Amps and Guitars and more","potentialAction":[{"@type":"SearchAction","target":{"@type":"EntryPoint","urlTemplate":"https:\/\/captain-guitar-lounge.com\/en\/?s={search_term_string}"},"query-input":{"@type":"PropertyValueSpecification","valueRequired":true,"valueName":"search_term_string"}}],"inLanguage":"en-US"}]}},"_links":{"self":[{"href":"https:\/\/captain-guitar-lounge.com\/en\/wp-json\/wp\/v2\/product\/10917","targetHints":{"allow":["GET"]}}],"collection":[{"href":"https:\/\/captain-guitar-lounge.com\/en\/wp-json\/wp\/v2\/product"}],"about":[{"href":"https:\/\/captain-guitar-lounge.com\/en\/wp-json\/wp\/v2\/types\/product"}],"replies":[{"embeddable":true,"href":"https:\/\/captain-guitar-lounge.com\/en\/wp-json\/wp\/v2\/comments?post=10917"}],"wp:featuredmedia":[{"embeddable":true,"href":"https:\/\/captain-guitar-lounge.com\/en\/wp-json\/wp\/v2\/media\/10921"}],"wp:attachment":[{"href":"https:\/\/captain-guitar-lounge.com\/en\/wp-json\/wp\/v2\/media?parent=10917"}],"wp:term":[{"taxonomy":"product_brand","embeddable":true,"href":"https:\/\/captain-guitar-lounge.com\/en\/wp-json\/wp\/v2\/product_brand?post=10917"},{"taxonomy":"product_cat","embeddable":true,"href":"https:\/\/captain-guitar-lounge.com\/en\/wp-json\/wp\/v2\/product_cat?post=10917"},{"taxonomy":"product_tag","embeddable":true,"href":"https:\/\/captain-guitar-lounge.com\/en\/wp-json\/wp\/v2\/product_tag?post=10917"}],"curies":[{"name":"wp","href":"https:\/\/api.w.org\/{rel}","templated":true}]}}