{"id":10927,"date":"2020-08-16T17:35:36","date_gmt":"2020-08-16T15:35:36","guid":{"rendered":"https:\/\/captain-guitar-lounge.com\/?p=10927&#038;post_type=product&#038;preview_id=10927"},"modified":"2023-12-07T16:07:44","modified_gmt":"2023-12-07T15:07:44","slug":"captain-ftthp-fiftynine-high-power-tweed-twin-amp","status":"publish","type":"product","link":"https:\/\/captain-guitar-lounge.com\/en\/product\/captain-ftthp-fiftynine-high-power-tweed-twin-amp\/","title":{"rendered":"Captain FTTHP FiftyNine High Power Tweed Twin Amp"},"content":{"rendered":"<div class=\"n module-type-text diyfeLiveArea \">\n<div class=\"n module-type-text diyfeLiveArea \">\n<p>Der Fender Twin war seit jeher das Flaggschiff der Fender Amp Reihe. Und ganz besonders der High Power Twin mit seinen fast 80Watt aus vier 6L6 Endstufenr\u00f6hren.<br \/>\nDas ist der Lieblingsamp von Keith Richards, David Gilmore und neuerdings auch von Joe Bonamassa. Und ich weiss auch warum \ud83d\ude09<\/p>\n<p>Da m\u00f6chte man doch losrennen und sich einen holen! Leider sind es nicht mal die 15000 bis 17000 Gr\u00fcnde, die einen davon abhalten, sondern einfach die Verf\u00fcgbarkeit: es werden quasi keine angeboten. Weil es so wenige gab, von 1957 bis 1959 wurden gerade mal 715 St\u00fcck gebaut.<\/p>\n<div class=\"textwrapper\">\n<p>Drum haben wir uns des Themas angenommen und mit den besten Bauteilen einen aufgebaut.<br \/>\nUnd siehe da, sofort versteht man, warum das der Heilige Gral unter den Gitarrenamps ist!<br \/>\nDie pure Gewalt, gepaart mit einer irren Dynamik, dazu dieser s\u00fc\u00dflich &#8211; agressive Tweed-Charakter, das ist schon sensationell!!<br \/>\nDie Mercury Magnetics Trafos sind RIESIG, und so kennt der Amp im Bassbereich keine Gnade, immer alles sch\u00f6n knackig.<br \/>\nF\u00fcr die alten Jensen P12R war das ein Problem, die meisten haben das nicht \u00fcberlebt. Aber die Weber 12A150 stecken das locker weg, da kann jeder 50 Watt.<\/p>\n<\/div>\n<\/div>\n<div class=\"n module-type-textWithImage diyfeLiveArea \">\n<div id=\"textWithImage-5805287578\" class=\"clearover \">\n<div class=\"textwrapper\">\n<p>Schaltungstechnisch haben wir uns ans Original gehalten, gibt ja auch nix zu verbessern \ud83d\ude09<\/p>\n<p>Allerdings ist der Optionale PPIMV-Master eine wirklich gute erg\u00e4nzung, denn das Ding macht schon ordentlich Wind. Und wenn&#8217;s ab Volume 4-5 so richtig Spass macht ist es oft schon zu laut.<\/p>\n<p>Der im Demo-Amp auf den Bildern verbaute <a href=\"https:\/\/www.captain-koerg.de\/amp-mods\/captain-rfb\/\" target=\"_self\" rel=\"noopener noreferrer\">Captain RFB<\/a> ist eine weitere sinnvolle Erg\u00e4nzung. Mit Reverb und Einschleifweg wird der Amp richtig flexibel. Und wenn der Einschleifweg nicht gebraucht wird kann man ihn auch als Booster verwenden.<\/p>\n<\/div>\n<\/div>\n<\/div>\n<div class=\"n module-type-text diyfeLiveArea \">\n<p>Der Sound der alten Tweed Amps ist f\u00fcr viele Gitarristen immer noch das Ma\u00df der Dinge. Das biblische Alter der originalen Amps und die daraus resultierende Unzuverl\u00e4ssigkeit, ihr horrender Preis und die eingeschr\u00e4nkte Flexibilit\u00e4t halten aber viele davon ab, sich so einen Amp anzuschaffen und auch damit auf die B\u00fchne zu gehen.<\/p>\n<p>All diese Punkte haben wir beim Captain FTTHP59 ber\u00fccksichtigt und einen Amp geschaffen, der den alten Sound zuverl\u00e4ssiger, vielseitiger und praxistauglicher zur Verf\u00fcgung stellt.<\/p>\n<\/div>\n<div class=\"n module-type-text diyfeLiveArea \">\n<div class=\"n\">\n<div class=\"n\">\n<hr \/>\n<p>Dar\u00fcberhinaus kann der <strong>Captain High Power Tweed Twin FiftyNine<\/strong> mit weiteren Optionen an Deine Bed\u00fcrfnisse angepasst werden:<\/p>\n<p>\u2013 High\/Low Power-Umschaltung mit Gleichricherr\u00f6hre oder Diodengleichrichtung\u00a0 <strong>77,- Euro<br \/>\n<\/strong>\u2013 PPIMV Master Volume\u00a0 <strong>97,- Euro<\/strong><br \/>\n\u2013 Captain Power Soak <a href=\"https:\/\/www.captain-koerg.de\/amp-mods\/captain-power-soak\/\"><strong>CPS100<\/strong><\/a><br \/>\n\u2013 Captain <strong><a href=\"https:\/\/www.captain-koerg.de\/amp-mods\/captain-rfb\/\">Reverb\/FX\/Boost RFB<\/a><br \/>\n<\/strong>\u2013 Tolex und Frontbespannung nach Kundenwunsch ab <strong>97,- Euro<br \/>\n<\/strong>\u00a0\u00a0\u00a0\u00a0\u00a0\u00a0\u00a0\u00a0 Eine Auswahl findest du<a href=\"https:\/\/www.captain-koerg.de\/captain-amps\/geh%C3%A4usebau\/standard-tolex-grille\/\"><strong> HIER<\/strong><\/a><\/p>\n<p>Und auf Wunsch machen wir dir ein passendes <a href=\"https:\/\/www.captain-koerg.de\/shop\/captain-amp-covers\/\"><strong>Captain Amp Cover<\/strong><\/a><\/p>\n<\/div>\n<\/div>\n<\/div>\n<\/div>\n<hr \/>\n<p><strong>Kundenbewertungen:<\/strong><\/p>\n<blockquote>\n<div class=\"n module-type-text diyfeLiveArea \">\n<p><em>Rezension Captain Twin High Power Amp<\/em><\/p>\n<p><em>Warum dieser?<br \/>\n<\/em><em>Die Fender Tweeds der 50 er Jahre haben mich schon immer gereizt: <\/em><em>Dynamischer Clean Sound, auf unz\u00e4hligen Platten verewigt.<\/em><\/p>\n<p><em>Den richtigen Amp zu finden war fr\u00fcher ungleich schwieriger. Man ging zu Konzerten um einen Blick aufs Equipment der Band werfen zu k\u00f6nnen, in diverse Musikgesch\u00e4fte, oder auch beim Kumpel um den einen oder anderen Amp anzutesten.<\/em><\/p>\n<p><em>Da war es schon mehr oder weniger Gl\u00fccksache den gro\u00dfen Wurf zu finden.<\/em><\/p>\n<p><em>Heute dank Internet und YouTube u.\u00e4. kann man aus der Vielfalt der aufgenommenen und ins Netzt gestellten Amps ausw\u00e4hlen, ohne gro\u00dfe Anstrengungen unternehmen zu m\u00fcssen. Nat\u00fcrlich ist der Sound eventuell durch zugef\u00fcgte Effekte manchmal ver\u00e4ndert oder abh\u00e4ngig vom genutzten Mikro. Mit ein wenig Gef\u00fchl kriegt man die Auswahl aber hin.<\/em><\/p>\n<p><em>Im Netz findet man zus\u00e4tzlich von fast allen bekannten Musikern das genutzte Equipment.<\/em><\/p>\n<p><em>Woher?<\/em><\/p>\n<p><em>Die Auswahl ist also\u00a0 getroffen. Der Fender Tweed Twin Highpower ist das Ziel der Begierde. Was f\u00fcr die\u00a0 Rolling Stones die erste Wahl ist, kann nicht wirklich schlecht sein.<\/em><\/p>\n<p><em>Das Problem ist, dass nur etwa 700 St\u00fcck gebaut wurden. Da seither etwas Zeit vergangen ist, d\u00fcrfte die Mehrzahl der Originale bereits schrottreif oder stark verbastelt im Umlauf sein. Der Rest ist bei den Stars oder bei Sammlern gelandet.\u00a0 Bei\u00a0 Preisen in H\u00f6he eines gehobenen Mittelklassewagens wird die Spielfreude stark beschr\u00e4nkt (es k\u00f6nnte ja was kaputt gehen und der Wert des Amps ins Bodenlose\u00a0 fallen). Also umgeschaut und den Klon von Tube Amp Doctor entdeckt. Selbst zusammenbauen und mega sparen ist der erste Gedanke. In der Nacht jagen einen die Albtr\u00e4ume: man sieht seinen eigenen\u00a0 Grabstein mit der Aufschrift :Twin Highpower war sein letztes Projekt;\u00a0 Eine\u00a0 Spannung von bis zu 500 Volt im Amp ist kein Pappenstiel !<\/em><\/p>\n<p><em>Selbst wenn man das L\u00f6ten einigerma\u00dfen beherrscht: Wer will schon anstatt zu spielen jede freie Minute nach den Fehlern schlechter\u00a0 L\u00f6tstellen fahnden.<\/em><\/p>\n<p><em>N\u00e4chste \u00dcberlegung war dann die m\u00f6gliche Optimierung des Klons, angeboten durch Captains Lounge. Wenn schon neuer Amp, dann aber bitte mit allen heute angebotenen Verbesserungen, jedoch ohne Klangver\u00e4nderung:<\/em><\/p>\n<p><em>Master Volume Regler (Wer spielt schon regelm\u00e4\u00dfig in Wembley, die meisten \u201eGelegenheitsgitarristen\u201c\u00a0 wohl eher im Wohnzimmer oder Hobbyraum.<\/em><\/p>\n<p><em>Der Mastervolume schont die eigenen Ohren und die der Nachbarn bei unver\u00e4ndertem Klanggenuss des\u00a0 (zweidrittel )aufgedrehten Amps<\/em><\/p>\n<p><em>-Weber Alnico Speaker statt altersschwache Jensens (wie im Original):<br \/>\n<\/em><em>-eingebauter Reverb: mit Fu\u00dfschalter<br \/>\n<\/em><em>-Send\/Return Einschleifweg\u00a0\u00a0\u00a0\u00a0<\/em><\/p>\n<p><em>Der frisch gelieferte Amp:<\/em><\/p>\n<p><em>Nach dem Auspacken aus einem stabilen Karton steht der neue Highpower Amp nun vor mir;<br \/>\n<\/em><em>Sch\u00f6nes neues ockerfarbenes Tweed Geh\u00e4use\u00a0 leicht trapezf\u00f6rmig, mit verchromter Reglerplatte. Die \u201eVintage\u201cRegler erinnern mich sofort an den alten Kurzwellenempf\u00e4nger aus der Bundeswehrzeit. Aber wie sagte schon mein alter Schulfreund:\u00a0 \u201edreh mal an den Poties und du erkennst sofort die Qualit\u00e4t eines hochwertigen Verst\u00e4rkers.\u201c<br \/>\n<\/em><em>Richtig, diese hier lassen sich alle drehen wie in \u00d6l gelagert , kein Wackeln oder Spiel, kein Knistern oder Knacken bei angeschaltetem Verst\u00e4rker.<br \/>\nSuper !<\/em><\/p>\n<p><em>Beim braunen Ledergriff des Amp\u00a0 muss ich schmunzeln, da von fast allen Originalen die Ledergriffe zerbrochen sind. Kein Wunder bei fast 24 Kg Tragebelastung .<\/em><\/p>\n<p><em>Eingeschaltet leuchte ein rotes L\u00e4mpchen auf der Bedieneroberfl\u00e4che, welche von der r\u00fcckwertigen Seite des Amp aus lesbar ist (Warum nicht von vorne lesbar? Sp\u00e4ter wird es klarer, man steht besser hinter dem Amp um dem m\u00e4chtigen Schalldruck zu entkommen). Die R\u00fcckwand ist offen und man erkennt eine Reihe glimmender R\u00f6hren. Den meisten Platz nehmen die beiden wuchtigen Weber 12 A 150 Alnico Lautsprecher ein. Rechtsseitig findet man die drei\u00a0 Klinken-Anschl\u00fcsse f\u00fcr:<\/em><\/p>\n<p><em>Send\/ Return und den speziellen (Eigenbau) Reverb (alle mit Drehreglern ausgestattet). Am Reverbanschlu\u00df wird der mitgeliefert Fu\u00dfschalter angeschlossen (FX Boost und Revert ein\/aus).<\/em><\/p>\n<p><em>Der Soundtest:<\/em><\/p>\n<p><em>Zur Verf\u00fcgung stehen hier zwei Gitarren:<br \/>\n<\/em><em>Original Fender Stratocaster Bj 1968<br \/>\n<\/em><em>Original Gibson Les Paul Custom Bj 1982<\/em><\/p>\n<p><em>Zun\u00e4chst die Fender:<\/em><\/p>\n<p><em>Angeschlossen und zun\u00e4chst ein paar L\u00e4ufe gespielt. Klingt super clean,halt\u00a0 nach Fender<br \/>\n<\/em><em>Sound (zun\u00e4chst im Bright modus mit etwas weniger Bass Anteil)<br \/>\n<\/em><em>Presence ca 2\/3<br \/>\n<\/em><em>Volume ca 2\/3<br \/>\n<\/em><em>Master \u00bd<br \/>\n<\/em><em>Gitarre Vol 2\/3<br \/>\n<\/em><em>Den Reverb zugeschaltet mit 50% ergibt einen angenehmen Raumhall.<\/em><\/p>\n<p><em>Auch beim Solo auf den hohen H\/E Saiten ist gen\u00fcgend Lautst\u00e4rke vorhanden, sodass man die Lautst\u00e4rke nicht wirklich nachregeln muss.<br \/>\n<\/em><em>Im Normal Modus klingt die Fender etwas fetter und hat bei gleichen Reglereinstellungen mehr Bassanteil.<br \/>\n<\/em><em>Also die Gitarre ins\u00a0 offenen G runter gestimmt\u00a0 und (Bright) \u201eBrown Sugar\u201c von den Stones angestimmt. Das klingt wirklich erschreckend (erfreulich) nach dem Original Sound,<br \/>\n<\/em><em>nat\u00fcrlich mit etwas mehr Bassanteil als beim lieben Keith, der die tiefe E-Saite einfach ausbaut.<\/em><\/p>\n<p><em>Mit der Schlagzeugbegleitung (Drumcomputer) k\u00f6nnte man so ewig weiter spielen.<\/em><\/p>\n<p><em>Weitere Effekte vermisst man eigentlich jetzt noch nicht.\u00a0<\/em><\/p>\n<p><em>Nun ist mir auch klar warum die Stones\u00a0 fast ganz ohne Effekte\u00a0 ausgekommen sind. Der Amp liefert schon den perfekten Sound f\u00fcr diese Musik.<\/em><\/p>\n<p><em>Die Gibson :<\/em><\/p>\n<p><em>Am Normaleingang\u00a0 ein paar Blues Akkorde angestimmt und man bekommt von den Weber Lautsprechern einen richtigen Bass Punch in die Magengegend.\u00a0 Die Fenster zittern, Omas T\u00e4sschen h\u00fcpfen im Wohnzimmerschrank, selbst die Bespannung des Amps vibriert mit. Dieser Amp hat echt den Blues und ist f\u00fcr den Blues gemacht. Das ist der Sound von<br \/>\n<\/em><em>John Lee Hooker, der vor meinen geistigen Augen mit seinen gichtigen Fingern \u201eBoom,Boom Boom\u201c anstimmt (Nachgegoogled: Hooker hatte tats\u00e4chlich einen Twin Amp).<\/em><\/p>\n<p><em>Zusammenfassung:<\/em><\/p>\n<p><em>Ein solider gebauter Amp mit allen Optionen die man\u00a0 sich als Gitarrist nur w\u00fcnschen kann.<br \/>\n<\/em><em>Reichlich Dynamik und vor allem Bass, sch\u00f6ner Reverb und zus\u00e4tzlich einen\u00a0 Einschleifweg.<br \/>\n<\/em><em>Damit des nicht zu laut wird hat man den Mastervolumen. Ich finde diesen Amp sowohl f\u00fcr Rock n Roll als auch f\u00fcr Blues Sachen ideal. Das ist definitiv kein Klon mehr sondern ein verbesserter neuer Amp mit Anlehnung an den Sound der alten Highpower zu einem erschwinglichen Preis.<\/em><\/p>\n<p><em>Gru\u00df<\/em><\/p>\n<p><em>Andi aus L.<\/em><\/p>\n<\/div>\n<\/blockquote>\n","protected":false},"excerpt":{"rendered":"<hr \/>\n<p>Wie bei allen <a href=\"https:\/\/captain-guitar-lounge.com\/produkt-kategorie\/captain-amps\/captain-classic-amps\/\"><strong>Captain Classic Amps<\/strong><\/a> verwenden wir auch hier <strong>Mercury Magnetics<\/strong> Trafos und <strong>Weber<\/strong> Speaker aus den USA.<br \/>\nUnd auch die anderen Bauteile sind selektiert um dem Originalsound so nahe wie m\u00f6glich zu kommen.<br \/>\nDer Verst\u00e4rker wird wie das Vorbild liebevoll und mit viel Erfahrung handverdrahtet.<\/p>\n<hr \/>\n<p><strong>Features Captain High Power Tweed Twin FiftyNine:<\/strong><\/p>\n<ul>\n<li>Schaltung: 5F8-A<\/li>\n<li>Leistung ca. 80 Watt aus 4 TAD 6L6WGC-STR<\/li>\n<li>Impedanz: 4 Ohm<\/li>\n<li>Mercury Magnetics Transformator und Ausgangs\u00fcbertrager<\/li>\n<li>zwei Weber 12A150 Alnico Speaker<\/li>\n<li>TAD GZ34 Gleichrichterr\u00f6hre<\/li>\n<li>TAD 12AY7 und 12AX7 Vorstufenr\u00f6hren<\/li>\n<li>\n<div>Holz: Massiv Pinie, fingerverzahnt<\/div>\n<\/li>\n<li>\n<div>Bezug: Tweed mit Nitro-Lack-Schutzlasur<\/div>\n<\/li>\n<li>Frontbespannstoff: Oxblood with stripes<\/li>\n<li>Ma\u00dfe: 67,5cm x 48,5cm x 27cm<\/li>\n<li>Gewicht ca. 25,5kg<br \/>\n(Technische \u00c4nderungen vorbehalten)<\/li>\n<\/ul>\n<div>Dieser Verst\u00e4rker wird auf Bestellung f\u00fcr Dich angefertigt, \u00c4nderungsw\u00fcnsche sind daher immer m\u00f6glich!<br \/>\nDie Lieferzeit betr\u00e4gt vier Wochen bis drei Monate, je nach den gew\u00fcnschten Optionen und der Verf\u00fcgbarkeit.<\/div>\n<div>Incl. <a href=\"https:\/\/captain-guitar-lounge.com\/produkt\/captain-speaker-shakedown\/\">24hrs Captain Speaker Shakedown <\/a>f\u00fcr den Lautsprecher.<br \/>\nAndere Lautsprecher auf Anfrage.<\/p>\n<hr \/>\n<\/div>\n","protected":false},"featured_media":14599,"comment_status":"closed","ping_status":"closed","template":"","meta":{"_et_pb_use_builder":"","_et_pb_old_content":"","_et_gb_content_width":""},"product_brand":[],"product_cat":[735],"product_tag":[],"class_list":{"0":"post-10927","1":"product","2":"type-product","3":"status-publish","4":"has-post-thumbnail","6":"product_cat-captain-classic-amps","7":"product_shipping_class-large","8":"pa_amp-features-master-volume","9":"pa_amp-features-powersoak","10":"pa_artikelzustand-neuer-artikel","11":"pa_captain-amp-leistung-bis-80-watt","12":"pa_captain-amp-serie-captain-classic-amps","13":"pa_captain-amp-speaker-12-zoll","14":"pa_captain-amp-style-us-fifties","15":"pa_captain-amp-tubes-6l6","17":"first","18":"onbackorder","19":"taxable","20":"shipping-taxable","21":"purchasable","22":"product-type-simple"},"composite_virtual":false,"composite_layout":"","composite_add_to_cart_form_location":"","composite_editable_in_cart":false,"composite_sold_individually_context":"","composite_shop_price_calc":"","composite_components":[],"composite_scenarios":[],"pp_statuses_selecting_workflow":false,"pp_workflow_action":"current","pp_status_selection":"publish","yoast_head":"<!-- This site is optimized with the Yoast SEO plugin v26.8 - https:\/\/yoast.com\/product\/yoast-seo-wordpress\/ -->\n<title>Captain FTTHP FiftyNine High Power Tweed Twin Amp - captain-guitar-lounge.com<\/title>\n<meta name=\"robots\" content=\"index, follow, max-snippet:-1, max-image-preview:large, max-video-preview:-1\" \/>\n<link rel=\"canonical\" href=\"https:\/\/captain-guitar-lounge.com\/en\/product\/captain-ftthp-fiftynine-high-power-tweed-twin-amp\/\" \/>\n<meta property=\"og:locale\" content=\"en_US\" \/>\n<meta property=\"og:type\" content=\"article\" \/>\n<meta property=\"og:title\" content=\"Captain FTTHP FiftyNine High Power Tweed Twin Amp - captain-guitar-lounge.com\" \/>\n<meta property=\"og:description\" content=\"Wie bei allen Captain Classic Amps verwenden wir auch hier Mercury Magnetics Trafos und Weber Speaker aus den USA. Und auch die anderen Bauteile sind selektiert um dem Originalsound so nahe wie m\u00f6glich zu kommen. Der Verst\u00e4rker wird wie das Vorbild liebevoll und mit viel Erfahrung handverdrahtet.    Features Captain High Power Tweed Twin FiftyNine:   Schaltung: 5F8-A  Leistung ca. 80 Watt aus 4 TAD 6L6WGC-STR  Impedanz: 4 Ohm  Mercury Magnetics Transformator und Ausgangs\u00fcbertrager  zwei Weber 12A150 Alnico Speaker  TAD GZ34 Gleichrichterr\u00f6hre  TAD 12AY7 und 12AX7 Vorstufenr\u00f6hren   Holz: Massiv Pinie, fingerverzahnt   Bezug: Tweed mit Nitro-Lack-Schutzlasur  Frontbespannstoff: Oxblood with stripes  Ma\u00dfe: 67,5cm x 48,5cm x 27cm  Gewicht ca. 25,5kg (Technische \u00c4nderungen vorbehalten)  Dieser Verst\u00e4rker wird auf Bestellung f\u00fcr Dich angefertigt, \u00c4nderungsw\u00fcnsche sind daher immer m\u00f6glich! Die Lieferzeit betr\u00e4gt vier Wochen bis drei Monate, je nach den gew\u00fcnschten Optionen und der Verf\u00fcgbarkeit. Incl. 24hrs Captain Speaker Shakedown f\u00fcr den Lautsprecher. Andere Lautsprecher auf Anfrage.\" \/>\n<meta property=\"og:url\" content=\"https:\/\/captain-guitar-lounge.com\/en\/product\/captain-ftthp-fiftynine-high-power-tweed-twin-amp\/\" \/>\n<meta property=\"og:site_name\" content=\"captain-guitar-lounge.com\" \/>\n<meta property=\"article:publisher\" content=\"https:\/\/www.facebook.com\/Captain-Guitar-Lounge-140457272682315\/\" \/>\n<meta property=\"article:modified_time\" content=\"2023-12-07T15:07:44+00:00\" \/>\n<meta property=\"og:image\" content=\"https:\/\/captain-guitar-lounge.com\/wp-content\/uploads\/2020\/05\/Captain-High-Power-Tweed-Twin-Amp.jpg\" \/>\n\t<meta property=\"og:image:width\" content=\"1224\" \/>\n\t<meta property=\"og:image:height\" content=\"1224\" \/>\n\t<meta property=\"og:image:type\" content=\"image\/jpeg\" \/>\n<meta name=\"twitter:card\" content=\"summary_large_image\" \/>\n<meta name=\"twitter:label1\" content=\"Est. reading time\" \/>\n\t<meta name=\"twitter:data1\" content=\"3 minutes\" \/>\n<script type=\"application\/ld+json\" class=\"yoast-schema-graph\">{\"@context\":\"https:\/\/schema.org\",\"@graph\":[{\"@type\":\"WebPage\",\"@id\":\"https:\/\/captain-guitar-lounge.com\/en\/product\/captain-ftthp-fiftynine-high-power-tweed-twin-amp\/\",\"url\":\"https:\/\/captain-guitar-lounge.com\/en\/product\/captain-ftthp-fiftynine-high-power-tweed-twin-amp\/\",\"name\":\"Captain FTTHP FiftyNine High Power Tweed Twin Amp - captain-guitar-lounge.com\",\"isPartOf\":{\"@id\":\"https:\/\/captain-guitar-lounge.com\/en\/#website\"},\"primaryImageOfPage\":{\"@id\":\"https:\/\/captain-guitar-lounge.com\/en\/product\/captain-ftthp-fiftynine-high-power-tweed-twin-amp\/#primaryimage\"},\"image\":{\"@id\":\"https:\/\/captain-guitar-lounge.com\/en\/product\/captain-ftthp-fiftynine-high-power-tweed-twin-amp\/#primaryimage\"},\"thumbnailUrl\":\"https:\/\/captain-guitar-lounge.com\/wp-content\/uploads\/2020\/05\/Captain-High-Power-Tweed-Twin-Amp.jpg\",\"datePublished\":\"2020-08-16T15:35:36+00:00\",\"dateModified\":\"2023-12-07T15:07:44+00:00\",\"breadcrumb\":{\"@id\":\"https:\/\/captain-guitar-lounge.com\/en\/product\/captain-ftthp-fiftynine-high-power-tweed-twin-amp\/#breadcrumb\"},\"inLanguage\":\"en-US\",\"potentialAction\":[{\"@type\":\"ReadAction\",\"target\":[\"https:\/\/captain-guitar-lounge.com\/en\/product\/captain-ftthp-fiftynine-high-power-tweed-twin-amp\/\"]}]},{\"@type\":\"ImageObject\",\"inLanguage\":\"en-US\",\"@id\":\"https:\/\/captain-guitar-lounge.com\/en\/product\/captain-ftthp-fiftynine-high-power-tweed-twin-amp\/#primaryimage\",\"url\":\"https:\/\/captain-guitar-lounge.com\/wp-content\/uploads\/2020\/05\/Captain-High-Power-Tweed-Twin-Amp.jpg\",\"contentUrl\":\"https:\/\/captain-guitar-lounge.com\/wp-content\/uploads\/2020\/05\/Captain-High-Power-Tweed-Twin-Amp.jpg\",\"width\":1224,\"height\":1224},{\"@type\":\"BreadcrumbList\",\"@id\":\"https:\/\/captain-guitar-lounge.com\/en\/product\/captain-ftthp-fiftynine-high-power-tweed-twin-amp\/#breadcrumb\",\"itemListElement\":[{\"@type\":\"ListItem\",\"position\":1,\"name\":\"Startseite\",\"item\":\"https:\/\/captain-guitar-lounge.com\/en\/captain-guitar-lounge\/\"},{\"@type\":\"ListItem\",\"position\":2,\"name\":\"Shop\",\"item\":\"https:\/\/captain-guitar-lounge.com\/shop\/\"},{\"@type\":\"ListItem\",\"position\":3,\"name\":\"Captain FTTHP FiftyNine High Power Tweed Twin Amp\"}]},{\"@type\":\"WebSite\",\"@id\":\"https:\/\/captain-guitar-lounge.com\/en\/#website\",\"url\":\"https:\/\/captain-guitar-lounge.com\/en\/\",\"name\":\"captain-guitar-lounge.com\",\"description\":\"Fine Amps and Guitars and more\",\"potentialAction\":[{\"@type\":\"SearchAction\",\"target\":{\"@type\":\"EntryPoint\",\"urlTemplate\":\"https:\/\/captain-guitar-lounge.com\/en\/?s={search_term_string}\"},\"query-input\":{\"@type\":\"PropertyValueSpecification\",\"valueRequired\":true,\"valueName\":\"search_term_string\"}}],\"inLanguage\":\"en-US\"}]}<\/script>\n<!-- \/ Yoast SEO plugin. -->","yoast_head_json":{"title":"Captain FTTHP FiftyNine High Power Tweed Twin Amp - captain-guitar-lounge.com","robots":{"index":"index","follow":"follow","max-snippet":"max-snippet:-1","max-image-preview":"max-image-preview:large","max-video-preview":"max-video-preview:-1"},"canonical":"https:\/\/captain-guitar-lounge.com\/en\/product\/captain-ftthp-fiftynine-high-power-tweed-twin-amp\/","og_locale":"en_US","og_type":"article","og_title":"Captain FTTHP FiftyNine High Power Tweed Twin Amp - captain-guitar-lounge.com","og_description":"Wie bei allen Captain Classic Amps verwenden wir auch hier Mercury Magnetics Trafos und Weber Speaker aus den USA. Und auch die anderen Bauteile sind selektiert um dem Originalsound so nahe wie m\u00f6glich zu kommen. Der Verst\u00e4rker wird wie das Vorbild liebevoll und mit viel Erfahrung handverdrahtet.    Features Captain High Power Tweed Twin FiftyNine:   Schaltung: 5F8-A  Leistung ca. 80 Watt aus 4 TAD 6L6WGC-STR  Impedanz: 4 Ohm  Mercury Magnetics Transformator und Ausgangs\u00fcbertrager  zwei Weber 12A150 Alnico Speaker  TAD GZ34 Gleichrichterr\u00f6hre  TAD 12AY7 und 12AX7 Vorstufenr\u00f6hren   Holz: Massiv Pinie, fingerverzahnt   Bezug: Tweed mit Nitro-Lack-Schutzlasur  Frontbespannstoff: Oxblood with stripes  Ma\u00dfe: 67,5cm x 48,5cm x 27cm  Gewicht ca. 25,5kg (Technische \u00c4nderungen vorbehalten)  Dieser Verst\u00e4rker wird auf Bestellung f\u00fcr Dich angefertigt, \u00c4nderungsw\u00fcnsche sind daher immer m\u00f6glich! Die Lieferzeit betr\u00e4gt vier Wochen bis drei Monate, je nach den gew\u00fcnschten Optionen und der Verf\u00fcgbarkeit. Incl. 24hrs Captain Speaker Shakedown f\u00fcr den Lautsprecher. Andere Lautsprecher auf Anfrage.","og_url":"https:\/\/captain-guitar-lounge.com\/en\/product\/captain-ftthp-fiftynine-high-power-tweed-twin-amp\/","og_site_name":"captain-guitar-lounge.com","article_publisher":"https:\/\/www.facebook.com\/Captain-Guitar-Lounge-140457272682315\/","article_modified_time":"2023-12-07T15:07:44+00:00","og_image":[{"width":1224,"height":1224,"url":"https:\/\/captain-guitar-lounge.com\/wp-content\/uploads\/2020\/05\/Captain-High-Power-Tweed-Twin-Amp.jpg","type":"image\/jpeg"}],"twitter_card":"summary_large_image","twitter_misc":{"Est. reading time":"3 minutes"},"schema":{"@context":"https:\/\/schema.org","@graph":[{"@type":"WebPage","@id":"https:\/\/captain-guitar-lounge.com\/en\/product\/captain-ftthp-fiftynine-high-power-tweed-twin-amp\/","url":"https:\/\/captain-guitar-lounge.com\/en\/product\/captain-ftthp-fiftynine-high-power-tweed-twin-amp\/","name":"Captain FTTHP FiftyNine High Power Tweed Twin Amp - captain-guitar-lounge.com","isPartOf":{"@id":"https:\/\/captain-guitar-lounge.com\/en\/#website"},"primaryImageOfPage":{"@id":"https:\/\/captain-guitar-lounge.com\/en\/product\/captain-ftthp-fiftynine-high-power-tweed-twin-amp\/#primaryimage"},"image":{"@id":"https:\/\/captain-guitar-lounge.com\/en\/product\/captain-ftthp-fiftynine-high-power-tweed-twin-amp\/#primaryimage"},"thumbnailUrl":"https:\/\/captain-guitar-lounge.com\/wp-content\/uploads\/2020\/05\/Captain-High-Power-Tweed-Twin-Amp.jpg","datePublished":"2020-08-16T15:35:36+00:00","dateModified":"2023-12-07T15:07:44+00:00","breadcrumb":{"@id":"https:\/\/captain-guitar-lounge.com\/en\/product\/captain-ftthp-fiftynine-high-power-tweed-twin-amp\/#breadcrumb"},"inLanguage":"en-US","potentialAction":[{"@type":"ReadAction","target":["https:\/\/captain-guitar-lounge.com\/en\/product\/captain-ftthp-fiftynine-high-power-tweed-twin-amp\/"]}]},{"@type":"ImageObject","inLanguage":"en-US","@id":"https:\/\/captain-guitar-lounge.com\/en\/product\/captain-ftthp-fiftynine-high-power-tweed-twin-amp\/#primaryimage","url":"https:\/\/captain-guitar-lounge.com\/wp-content\/uploads\/2020\/05\/Captain-High-Power-Tweed-Twin-Amp.jpg","contentUrl":"https:\/\/captain-guitar-lounge.com\/wp-content\/uploads\/2020\/05\/Captain-High-Power-Tweed-Twin-Amp.jpg","width":1224,"height":1224},{"@type":"BreadcrumbList","@id":"https:\/\/captain-guitar-lounge.com\/en\/product\/captain-ftthp-fiftynine-high-power-tweed-twin-amp\/#breadcrumb","itemListElement":[{"@type":"ListItem","position":1,"name":"Startseite","item":"https:\/\/captain-guitar-lounge.com\/en\/captain-guitar-lounge\/"},{"@type":"ListItem","position":2,"name":"Shop","item":"https:\/\/captain-guitar-lounge.com\/shop\/"},{"@type":"ListItem","position":3,"name":"Captain FTTHP FiftyNine High Power Tweed Twin Amp"}]},{"@type":"WebSite","@id":"https:\/\/captain-guitar-lounge.com\/en\/#website","url":"https:\/\/captain-guitar-lounge.com\/en\/","name":"captain-guitar-lounge.com","description":"Fine Amps and Guitars and more","potentialAction":[{"@type":"SearchAction","target":{"@type":"EntryPoint","urlTemplate":"https:\/\/captain-guitar-lounge.com\/en\/?s={search_term_string}"},"query-input":{"@type":"PropertyValueSpecification","valueRequired":true,"valueName":"search_term_string"}}],"inLanguage":"en-US"}]}},"_links":{"self":[{"href":"https:\/\/captain-guitar-lounge.com\/en\/wp-json\/wp\/v2\/product\/10927","targetHints":{"allow":["GET"]}}],"collection":[{"href":"https:\/\/captain-guitar-lounge.com\/en\/wp-json\/wp\/v2\/product"}],"about":[{"href":"https:\/\/captain-guitar-lounge.com\/en\/wp-json\/wp\/v2\/types\/product"}],"replies":[{"embeddable":true,"href":"https:\/\/captain-guitar-lounge.com\/en\/wp-json\/wp\/v2\/comments?post=10927"}],"wp:featuredmedia":[{"embeddable":true,"href":"https:\/\/captain-guitar-lounge.com\/en\/wp-json\/wp\/v2\/media\/14599"}],"wp:attachment":[{"href":"https:\/\/captain-guitar-lounge.com\/en\/wp-json\/wp\/v2\/media?parent=10927"}],"wp:term":[{"taxonomy":"product_brand","embeddable":true,"href":"https:\/\/captain-guitar-lounge.com\/en\/wp-json\/wp\/v2\/product_brand?post=10927"},{"taxonomy":"product_cat","embeddable":true,"href":"https:\/\/captain-guitar-lounge.com\/en\/wp-json\/wp\/v2\/product_cat?post=10927"},{"taxonomy":"product_tag","embeddable":true,"href":"https:\/\/captain-guitar-lounge.com\/en\/wp-json\/wp\/v2\/product_tag?post=10927"}],"curies":[{"name":"wp","href":"https:\/\/api.w.org\/{rel}","templated":true}]}}