{"id":11211,"date":"2020-05-22T11:28:07","date_gmt":"2020-05-22T09:28:07","guid":{"rendered":"https:\/\/captain-guitar-lounge.com\/?p=11211&#038;post_type=product&#038;preview_id=11211"},"modified":"2025-05-06T20:27:54","modified_gmt":"2025-05-06T18:27:54","slug":"weber-alnico-10a125","status":"publish","type":"product","link":"https:\/\/captain-guitar-lounge.com\/en\/product\/weber-alnico-10a125\/","title":{"rendered":"Weber Alnico 10A125"},"content":{"rendered":"<p>F\u00fcr alle sp\u00e4t-50er und fr\u00fch-60er Amps wie z.B. den <strong>Super, Bassman und Concert<\/strong>. Der 10A125 macht den typischen Alnico-Sound mit den schimmernden H\u00f6hen. Passt auch perfekt in den <strong>Pro Junior<\/strong> wenns in richtung 50s Tweed Sound gehen soll.<\/p>\n<p>Er ersetzt die <strong>Chicago Jensen P10<\/strong> und die <strong>Oxford Alnico <\/strong>Speaker aus den f\u00fcnfziger und fr\u00fchen sechziger Jahren. (Bitte nicht mit den aktuellen Jensen Speakern aus Italien vergleichen)<\/p>\n<p>Lieferbar in <strong>4, 8 und 16 Ohm<\/strong> mit <strong>20Watt oder 30Watt<\/strong>.<\/p>\n<p>Der 20 Watt Speaker f\u00e4ngt ein bisschen fr\u00fcher an zu verzerren als die Version mit 30 Watt. Wer&#8217;s also laut und clean will nimmt den 30er, f\u00fcr alle die&#8217;s schmutzig wollen ist der 20er die bessere Wahl. (Nat\u00fcrlich immer unter Ber\u00fccksichtigung der Leistung des Verst\u00e4rkers)<\/p>\n<p>Den <strong>10A125<\/strong> kann man mit verschiedenen <strong>Doping<\/strong>s bestellen. Dabei wird die Sicke mit einer speziellen Tinktur steifer gemacht. Das verhindert fr\u00fche Verzerrungen in den tiefen Frequenzen, der Bass wird stabiler. Allerdings verliert der Speaker bei starkem Doping etwas an Punch und Charakter.<\/p>\n<p>In Combos und offenen Boxen empfehle ich Light oder Moderate Doping, in geschlossenen Boxen kann man auch ohne Doping arbeiten. <strong>Light Doping ist der beste Kompromiss.<\/strong><\/p>\n<p>Den Korb kann man in diversen <strong>Farben<\/strong> lackiert bekommen:<br \/>\nGr\u00fcn, Schwarz, Blau, Silber<\/p>\n","protected":false},"excerpt":{"rendered":"<p>Weber Vintage Series Alnico<\/p>\n<p>&nbsp;<\/p>\n","protected":false},"featured_media":11196,"comment_status":"closed","ping_status":"closed","template":"","meta":{"_et_pb_use_builder":"","_et_pb_old_content":"","_et_gb_content_width":""},"product_brand":[],"product_cat":[782],"product_tag":[],"class_list":{"0":"post-11211","1":"product","2":"type-product","3":"status-publish","4":"has-post-thumbnail","6":"product_cat-weber-speaker","7":"product_shipping_class-small","8":"pa_artikelzustand-neuer-artikel","9":"pa_impedanz-8-ohm","10":"pa_power-bis-20watt","11":"pa_power-bis-30watt","12":"pa_speaker-678","14":"first","15":"onbackorder","16":"taxable","17":"shipping-taxable","18":"purchasable","19":"product-type-variable","20":"has-default-attributes"},"composite_virtual":false,"composite_layout":"","composite_add_to_cart_form_location":"","composite_editable_in_cart":false,"composite_sold_individually_context":"","composite_shop_price_calc":"","composite_components":[],"composite_scenarios":[],"pp_statuses_selecting_workflow":false,"pp_workflow_action":"current","pp_status_selection":"publish","yoast_head":"<!-- This site is optimized with the Yoast SEO plugin v26.8 - https:\/\/yoast.com\/product\/yoast-seo-wordpress\/ -->\n<title>Weber Alnico 10A125 - captain-guitar-lounge.com<\/title>\n<meta name=\"robots\" content=\"index, follow, max-snippet:-1, max-image-preview:large, max-video-preview:-1\" \/>\n<link rel=\"canonical\" href=\"https:\/\/captain-guitar-lounge.com\/en\/product\/weber-alnico-10a125\/\" \/>\n<meta property=\"og:locale\" content=\"en_US\" \/>\n<meta property=\"og:type\" content=\"article\" \/>\n<meta property=\"og:title\" content=\"Weber Alnico 10A125 - captain-guitar-lounge.com\" \/>\n<meta property=\"og:description\" content=\"Weber Vintage Series Alnico  &nbsp;\" \/>\n<meta property=\"og:url\" content=\"https:\/\/captain-guitar-lounge.com\/en\/product\/weber-alnico-10a125\/\" \/>\n<meta property=\"og:site_name\" content=\"captain-guitar-lounge.com\" \/>\n<meta property=\"article:publisher\" content=\"https:\/\/www.facebook.com\/Captain-Guitar-Lounge-140457272682315\/\" \/>\n<meta property=\"article:modified_time\" content=\"2025-05-06T18:27:54+00:00\" \/>\n<meta property=\"og:image\" content=\"https:\/\/captain-guitar-lounge.com\/wp-content\/uploads\/2020\/05\/10F125-front.jpg\" \/>\n\t<meta property=\"og:image:width\" content=\"525\" \/>\n\t<meta property=\"og:image:height\" content=\"449\" \/>\n\t<meta property=\"og:image:type\" content=\"image\/jpeg\" \/>\n<meta name=\"twitter:card\" content=\"summary_large_image\" \/>\n<meta name=\"twitter:label1\" content=\"Est. reading time\" \/>\n\t<meta name=\"twitter:data1\" content=\"2 minutes\" \/>\n<script type=\"application\/ld+json\" class=\"yoast-schema-graph\">{\"@context\":\"https:\/\/schema.org\",\"@graph\":[{\"@type\":\"WebPage\",\"@id\":\"https:\/\/captain-guitar-lounge.com\/en\/product\/weber-alnico-10a125\/\",\"url\":\"https:\/\/captain-guitar-lounge.com\/en\/product\/weber-alnico-10a125\/\",\"name\":\"Weber Alnico 10A125 - captain-guitar-lounge.com\",\"isPartOf\":{\"@id\":\"https:\/\/captain-guitar-lounge.com\/en\/#website\"},\"primaryImageOfPage\":{\"@id\":\"https:\/\/captain-guitar-lounge.com\/en\/product\/weber-alnico-10a125\/#primaryimage\"},\"image\":{\"@id\":\"https:\/\/captain-guitar-lounge.com\/en\/product\/weber-alnico-10a125\/#primaryimage\"},\"thumbnailUrl\":\"https:\/\/captain-guitar-lounge.com\/wp-content\/uploads\/2020\/05\/10F125-front.jpg\",\"datePublished\":\"2020-05-22T09:28:07+00:00\",\"dateModified\":\"2025-05-06T18:27:54+00:00\",\"breadcrumb\":{\"@id\":\"https:\/\/captain-guitar-lounge.com\/en\/product\/weber-alnico-10a125\/#breadcrumb\"},\"inLanguage\":\"en-US\",\"potentialAction\":[{\"@type\":\"ReadAction\",\"target\":[\"https:\/\/captain-guitar-lounge.com\/en\/product\/weber-alnico-10a125\/\"]}]},{\"@type\":\"ImageObject\",\"inLanguage\":\"en-US\",\"@id\":\"https:\/\/captain-guitar-lounge.com\/en\/product\/weber-alnico-10a125\/#primaryimage\",\"url\":\"https:\/\/captain-guitar-lounge.com\/wp-content\/uploads\/2020\/05\/10F125-front.jpg\",\"contentUrl\":\"https:\/\/captain-guitar-lounge.com\/wp-content\/uploads\/2020\/05\/10F125-front.jpg\",\"width\":525,\"height\":449,\"caption\":\"Weber 10\\\" front\"},{\"@type\":\"BreadcrumbList\",\"@id\":\"https:\/\/captain-guitar-lounge.com\/en\/product\/weber-alnico-10a125\/#breadcrumb\",\"itemListElement\":[{\"@type\":\"ListItem\",\"position\":1,\"name\":\"Startseite\",\"item\":\"https:\/\/captain-guitar-lounge.com\/en\/\"},{\"@type\":\"ListItem\",\"position\":2,\"name\":\"Shop\",\"item\":\"https:\/\/captain-guitar-lounge.com\/shop\/\"},{\"@type\":\"ListItem\",\"position\":3,\"name\":\"Weber Alnico 10A125\"}]},{\"@type\":\"WebSite\",\"@id\":\"https:\/\/captain-guitar-lounge.com\/en\/#website\",\"url\":\"https:\/\/captain-guitar-lounge.com\/en\/\",\"name\":\"captain-guitar-lounge.com\",\"description\":\"Fine Amps and Guitars and more\",\"potentialAction\":[{\"@type\":\"SearchAction\",\"target\":{\"@type\":\"EntryPoint\",\"urlTemplate\":\"https:\/\/captain-guitar-lounge.com\/en\/?s={search_term_string}\"},\"query-input\":{\"@type\":\"PropertyValueSpecification\",\"valueRequired\":true,\"valueName\":\"search_term_string\"}}],\"inLanguage\":\"en-US\"}]}<\/script>\n<!-- \/ Yoast SEO plugin. -->","yoast_head_json":{"title":"Weber Alnico 10A125 - captain-guitar-lounge.com","robots":{"index":"index","follow":"follow","max-snippet":"max-snippet:-1","max-image-preview":"max-image-preview:large","max-video-preview":"max-video-preview:-1"},"canonical":"https:\/\/captain-guitar-lounge.com\/en\/product\/weber-alnico-10a125\/","og_locale":"en_US","og_type":"article","og_title":"Weber Alnico 10A125 - captain-guitar-lounge.com","og_description":"Weber Vintage Series Alnico  &nbsp;","og_url":"https:\/\/captain-guitar-lounge.com\/en\/product\/weber-alnico-10a125\/","og_site_name":"captain-guitar-lounge.com","article_publisher":"https:\/\/www.facebook.com\/Captain-Guitar-Lounge-140457272682315\/","article_modified_time":"2025-05-06T18:27:54+00:00","og_image":[{"width":525,"height":449,"url":"https:\/\/captain-guitar-lounge.com\/wp-content\/uploads\/2020\/05\/10F125-front.jpg","type":"image\/jpeg"}],"twitter_card":"summary_large_image","twitter_misc":{"Est. reading time":"2 minutes"},"schema":{"@context":"https:\/\/schema.org","@graph":[{"@type":"WebPage","@id":"https:\/\/captain-guitar-lounge.com\/en\/product\/weber-alnico-10a125\/","url":"https:\/\/captain-guitar-lounge.com\/en\/product\/weber-alnico-10a125\/","name":"Weber Alnico 10A125 - captain-guitar-lounge.com","isPartOf":{"@id":"https:\/\/captain-guitar-lounge.com\/en\/#website"},"primaryImageOfPage":{"@id":"https:\/\/captain-guitar-lounge.com\/en\/product\/weber-alnico-10a125\/#primaryimage"},"image":{"@id":"https:\/\/captain-guitar-lounge.com\/en\/product\/weber-alnico-10a125\/#primaryimage"},"thumbnailUrl":"https:\/\/captain-guitar-lounge.com\/wp-content\/uploads\/2020\/05\/10F125-front.jpg","datePublished":"2020-05-22T09:28:07+00:00","dateModified":"2025-05-06T18:27:54+00:00","breadcrumb":{"@id":"https:\/\/captain-guitar-lounge.com\/en\/product\/weber-alnico-10a125\/#breadcrumb"},"inLanguage":"en-US","potentialAction":[{"@type":"ReadAction","target":["https:\/\/captain-guitar-lounge.com\/en\/product\/weber-alnico-10a125\/"]}]},{"@type":"ImageObject","inLanguage":"en-US","@id":"https:\/\/captain-guitar-lounge.com\/en\/product\/weber-alnico-10a125\/#primaryimage","url":"https:\/\/captain-guitar-lounge.com\/wp-content\/uploads\/2020\/05\/10F125-front.jpg","contentUrl":"https:\/\/captain-guitar-lounge.com\/wp-content\/uploads\/2020\/05\/10F125-front.jpg","width":525,"height":449,"caption":"Weber 10\" front"},{"@type":"BreadcrumbList","@id":"https:\/\/captain-guitar-lounge.com\/en\/product\/weber-alnico-10a125\/#breadcrumb","itemListElement":[{"@type":"ListItem","position":1,"name":"Startseite","item":"https:\/\/captain-guitar-lounge.com\/en\/"},{"@type":"ListItem","position":2,"name":"Shop","item":"https:\/\/captain-guitar-lounge.com\/shop\/"},{"@type":"ListItem","position":3,"name":"Weber Alnico 10A125"}]},{"@type":"WebSite","@id":"https:\/\/captain-guitar-lounge.com\/en\/#website","url":"https:\/\/captain-guitar-lounge.com\/en\/","name":"captain-guitar-lounge.com","description":"Fine Amps and Guitars and more","potentialAction":[{"@type":"SearchAction","target":{"@type":"EntryPoint","urlTemplate":"https:\/\/captain-guitar-lounge.com\/en\/?s={search_term_string}"},"query-input":{"@type":"PropertyValueSpecification","valueRequired":true,"valueName":"search_term_string"}}],"inLanguage":"en-US"}]}},"_links":{"self":[{"href":"https:\/\/captain-guitar-lounge.com\/en\/wp-json\/wp\/v2\/product\/11211","targetHints":{"allow":["GET"]}}],"collection":[{"href":"https:\/\/captain-guitar-lounge.com\/en\/wp-json\/wp\/v2\/product"}],"about":[{"href":"https:\/\/captain-guitar-lounge.com\/en\/wp-json\/wp\/v2\/types\/product"}],"replies":[{"embeddable":true,"href":"https:\/\/captain-guitar-lounge.com\/en\/wp-json\/wp\/v2\/comments?post=11211"}],"wp:featuredmedia":[{"embeddable":true,"href":"https:\/\/captain-guitar-lounge.com\/en\/wp-json\/wp\/v2\/media\/11196"}],"wp:attachment":[{"href":"https:\/\/captain-guitar-lounge.com\/en\/wp-json\/wp\/v2\/media?parent=11211"}],"wp:term":[{"taxonomy":"product_brand","embeddable":true,"href":"https:\/\/captain-guitar-lounge.com\/en\/wp-json\/wp\/v2\/product_brand?post=11211"},{"taxonomy":"product_cat","embeddable":true,"href":"https:\/\/captain-guitar-lounge.com\/en\/wp-json\/wp\/v2\/product_cat?post=11211"},{"taxonomy":"product_tag","embeddable":true,"href":"https:\/\/captain-guitar-lounge.com\/en\/wp-json\/wp\/v2\/product_tag?post=11211"}],"curies":[{"name":"wp","href":"https:\/\/api.w.org\/{rel}","templated":true}]}}