{"id":11225,"date":"2020-05-23T10:52:51","date_gmt":"2020-05-23T08:52:51","guid":{"rendered":"https:\/\/captain-guitar-lounge.com\/?p=11225&#038;post_type=product&#038;preview_id=11225"},"modified":"2023-12-07T16:27:28","modified_gmt":"2023-12-07T15:27:28","slug":"weber-alnico-12a150","status":"publish","type":"product","link":"https:\/\/captain-guitar-lounge.com\/en\/product\/weber-alnico-12a150\/","title":{"rendered":"Weber Alnico 12A150"},"content":{"rendered":"<p>Der <strong>12A150<\/strong> sieht genauso aus wie der 12A125, hat aber eine <strong>1,5&#8243; Schwingspule<\/strong> und einen gr\u00f6\u00dferen Alnico Magneten und vertr\u00e4gt daher <strong>25Watt oder 50Watt<\/strong>:<br \/>\nNoch strammere B\u00e4sse, seidige H\u00f6hen und die typischen Alnico-Mitten!<\/p>\n<p>Er ersetzt die <strong>Chicago Jensen P12N<\/strong> Speaker die in den <strong>Tweed Twin<\/strong> verbaut waren.<\/p>\n<p>Lieferbar mit <strong>25Watt oder 50Watt<\/strong>, <strong>4, 8 oder 16Ohm<\/strong>, den \u00fcblichen <strong>Doping<\/strong>s und in allen <strong>Farben<\/strong>.<\/p>\n<p>Den <strong>12A150<\/strong> kann man mit verschiedenen <strong>Doping<\/strong>s bestellen. Dabei wird die Sicke mit einer speziellen Tinktur steifer gemacht. Das verhindert fr\u00fche Verzerrungen in den tiefen Frequenzen, der Bass wird stabiler. Allerdings verliert der Speaker bei starkem Doping etwas an Punch und Charakter.<\/p>\n<p>In Combos und offenen Boxen empfehle ich Light oder Moderate Doping, in geschlossenen Boxen kann man auch ohne Doping arbeiten. <strong>Light Doping ist der beste Kompromiss.<\/strong><\/p>\n<p>Den Korb kann man in diversen <strong>Farben<\/strong> lackiert bekommen:<br \/>\nGr\u00fcn, Schwarz, Blau, Silber<\/p>\n","protected":false},"excerpt":{"rendered":"<p>Weber Vintage Series Alnico<\/p>\n","protected":false},"featured_media":11218,"comment_status":"closed","ping_status":"closed","template":"","meta":{"_et_pb_use_builder":"","_et_pb_old_content":"","_et_gb_content_width":""},"product_brand":[],"product_cat":[782],"product_tag":[],"class_list":{"0":"post-11225","1":"product","2":"type-product","3":"status-publish","4":"has-post-thumbnail","6":"product_cat-weber-speaker","7":"product_shipping_class-small","8":"pa_artikelzustand-neuer-artikel","9":"pa_impedanz-8-ohm","10":"pa_power-bis-30watt","11":"pa_power-bis-50watt","12":"pa_speaker-679","14":"first","15":"instock","16":"taxable","17":"shipping-taxable","18":"purchasable","19":"product-type-variable","20":"has-default-attributes"},"composite_virtual":false,"composite_layout":"","composite_add_to_cart_form_location":"","composite_editable_in_cart":false,"composite_sold_individually_context":"","composite_shop_price_calc":"","composite_components":[],"composite_scenarios":[],"pp_statuses_selecting_workflow":false,"pp_workflow_action":"current","pp_status_selection":"publish","yoast_head":"<!-- This site is optimized with the Yoast SEO plugin v26.8 - https:\/\/yoast.com\/product\/yoast-seo-wordpress\/ -->\n<title>Weber Alnico 12A150 - captain-guitar-lounge.com<\/title>\n<meta name=\"robots\" content=\"index, follow, max-snippet:-1, max-image-preview:large, max-video-preview:-1\" \/>\n<link rel=\"canonical\" href=\"https:\/\/captain-guitar-lounge.com\/en\/product\/weber-alnico-12a150\/\" \/>\n<meta property=\"og:locale\" content=\"en_US\" \/>\n<meta property=\"og:type\" content=\"article\" \/>\n<meta property=\"og:title\" content=\"Weber Alnico 12A150 - captain-guitar-lounge.com\" \/>\n<meta property=\"og:description\" content=\"Weber Vintage Series Alnico\" \/>\n<meta property=\"og:url\" content=\"https:\/\/captain-guitar-lounge.com\/en\/product\/weber-alnico-12a150\/\" \/>\n<meta property=\"og:site_name\" content=\"captain-guitar-lounge.com\" \/>\n<meta property=\"article:publisher\" content=\"https:\/\/www.facebook.com\/Captain-Guitar-Lounge-140457272682315\/\" \/>\n<meta property=\"article:modified_time\" content=\"2023-12-07T15:27:28+00:00\" \/>\n<meta property=\"og:image\" content=\"https:\/\/captain-guitar-lounge.com\/wp-content\/uploads\/2020\/05\/12n-front.jpg\" \/>\n\t<meta property=\"og:image:width\" content=\"300\" \/>\n\t<meta property=\"og:image:height\" content=\"300\" \/>\n\t<meta property=\"og:image:type\" content=\"image\/jpeg\" \/>\n<meta name=\"twitter:card\" content=\"summary_large_image\" \/>\n<meta name=\"twitter:label1\" content=\"Est. reading time\" \/>\n\t<meta name=\"twitter:data1\" content=\"1 minute\" \/>\n<script type=\"application\/ld+json\" class=\"yoast-schema-graph\">{\"@context\":\"https:\/\/schema.org\",\"@graph\":[{\"@type\":\"WebPage\",\"@id\":\"https:\/\/captain-guitar-lounge.com\/en\/product\/weber-alnico-12a150\/\",\"url\":\"https:\/\/captain-guitar-lounge.com\/en\/product\/weber-alnico-12a150\/\",\"name\":\"Weber Alnico 12A150 - captain-guitar-lounge.com\",\"isPartOf\":{\"@id\":\"https:\/\/captain-guitar-lounge.com\/en\/#website\"},\"primaryImageOfPage\":{\"@id\":\"https:\/\/captain-guitar-lounge.com\/en\/product\/weber-alnico-12a150\/#primaryimage\"},\"image\":{\"@id\":\"https:\/\/captain-guitar-lounge.com\/en\/product\/weber-alnico-12a150\/#primaryimage\"},\"thumbnailUrl\":\"https:\/\/captain-guitar-lounge.com\/wp-content\/uploads\/2020\/05\/12n-front.jpg\",\"datePublished\":\"2020-05-23T08:52:51+00:00\",\"dateModified\":\"2023-12-07T15:27:28+00:00\",\"breadcrumb\":{\"@id\":\"https:\/\/captain-guitar-lounge.com\/en\/product\/weber-alnico-12a150\/#breadcrumb\"},\"inLanguage\":\"en-US\",\"potentialAction\":[{\"@type\":\"ReadAction\",\"target\":[\"https:\/\/captain-guitar-lounge.com\/en\/product\/weber-alnico-12a150\/\"]}]},{\"@type\":\"ImageObject\",\"inLanguage\":\"en-US\",\"@id\":\"https:\/\/captain-guitar-lounge.com\/en\/product\/weber-alnico-12a150\/#primaryimage\",\"url\":\"https:\/\/captain-guitar-lounge.com\/wp-content\/uploads\/2020\/05\/12n-front.jpg\",\"contentUrl\":\"https:\/\/captain-guitar-lounge.com\/wp-content\/uploads\/2020\/05\/12n-front.jpg\",\"width\":300,\"height\":300,\"caption\":\"Weber 12 Front\"},{\"@type\":\"BreadcrumbList\",\"@id\":\"https:\/\/captain-guitar-lounge.com\/en\/product\/weber-alnico-12a150\/#breadcrumb\",\"itemListElement\":[{\"@type\":\"ListItem\",\"position\":1,\"name\":\"Startseite\",\"item\":\"https:\/\/captain-guitar-lounge.com\/en\/captain-guitar-lounge\/\"},{\"@type\":\"ListItem\",\"position\":2,\"name\":\"Shop\",\"item\":\"https:\/\/captain-guitar-lounge.com\/shop\/\"},{\"@type\":\"ListItem\",\"position\":3,\"name\":\"Weber Alnico 12A150\"}]},{\"@type\":\"WebSite\",\"@id\":\"https:\/\/captain-guitar-lounge.com\/en\/#website\",\"url\":\"https:\/\/captain-guitar-lounge.com\/en\/\",\"name\":\"captain-guitar-lounge.com\",\"description\":\"Fine Amps and Guitars and more\",\"potentialAction\":[{\"@type\":\"SearchAction\",\"target\":{\"@type\":\"EntryPoint\",\"urlTemplate\":\"https:\/\/captain-guitar-lounge.com\/en\/?s={search_term_string}\"},\"query-input\":{\"@type\":\"PropertyValueSpecification\",\"valueRequired\":true,\"valueName\":\"search_term_string\"}}],\"inLanguage\":\"en-US\"}]}<\/script>\n<!-- \/ Yoast SEO plugin. -->","yoast_head_json":{"title":"Weber Alnico 12A150 - captain-guitar-lounge.com","robots":{"index":"index","follow":"follow","max-snippet":"max-snippet:-1","max-image-preview":"max-image-preview:large","max-video-preview":"max-video-preview:-1"},"canonical":"https:\/\/captain-guitar-lounge.com\/en\/product\/weber-alnico-12a150\/","og_locale":"en_US","og_type":"article","og_title":"Weber Alnico 12A150 - captain-guitar-lounge.com","og_description":"Weber Vintage Series Alnico","og_url":"https:\/\/captain-guitar-lounge.com\/en\/product\/weber-alnico-12a150\/","og_site_name":"captain-guitar-lounge.com","article_publisher":"https:\/\/www.facebook.com\/Captain-Guitar-Lounge-140457272682315\/","article_modified_time":"2023-12-07T15:27:28+00:00","og_image":[{"width":300,"height":300,"url":"https:\/\/captain-guitar-lounge.com\/wp-content\/uploads\/2020\/05\/12n-front.jpg","type":"image\/jpeg"}],"twitter_card":"summary_large_image","twitter_misc":{"Est. reading time":"1 minute"},"schema":{"@context":"https:\/\/schema.org","@graph":[{"@type":"WebPage","@id":"https:\/\/captain-guitar-lounge.com\/en\/product\/weber-alnico-12a150\/","url":"https:\/\/captain-guitar-lounge.com\/en\/product\/weber-alnico-12a150\/","name":"Weber Alnico 12A150 - captain-guitar-lounge.com","isPartOf":{"@id":"https:\/\/captain-guitar-lounge.com\/en\/#website"},"primaryImageOfPage":{"@id":"https:\/\/captain-guitar-lounge.com\/en\/product\/weber-alnico-12a150\/#primaryimage"},"image":{"@id":"https:\/\/captain-guitar-lounge.com\/en\/product\/weber-alnico-12a150\/#primaryimage"},"thumbnailUrl":"https:\/\/captain-guitar-lounge.com\/wp-content\/uploads\/2020\/05\/12n-front.jpg","datePublished":"2020-05-23T08:52:51+00:00","dateModified":"2023-12-07T15:27:28+00:00","breadcrumb":{"@id":"https:\/\/captain-guitar-lounge.com\/en\/product\/weber-alnico-12a150\/#breadcrumb"},"inLanguage":"en-US","potentialAction":[{"@type":"ReadAction","target":["https:\/\/captain-guitar-lounge.com\/en\/product\/weber-alnico-12a150\/"]}]},{"@type":"ImageObject","inLanguage":"en-US","@id":"https:\/\/captain-guitar-lounge.com\/en\/product\/weber-alnico-12a150\/#primaryimage","url":"https:\/\/captain-guitar-lounge.com\/wp-content\/uploads\/2020\/05\/12n-front.jpg","contentUrl":"https:\/\/captain-guitar-lounge.com\/wp-content\/uploads\/2020\/05\/12n-front.jpg","width":300,"height":300,"caption":"Weber 12 Front"},{"@type":"BreadcrumbList","@id":"https:\/\/captain-guitar-lounge.com\/en\/product\/weber-alnico-12a150\/#breadcrumb","itemListElement":[{"@type":"ListItem","position":1,"name":"Startseite","item":"https:\/\/captain-guitar-lounge.com\/en\/captain-guitar-lounge\/"},{"@type":"ListItem","position":2,"name":"Shop","item":"https:\/\/captain-guitar-lounge.com\/shop\/"},{"@type":"ListItem","position":3,"name":"Weber Alnico 12A150"}]},{"@type":"WebSite","@id":"https:\/\/captain-guitar-lounge.com\/en\/#website","url":"https:\/\/captain-guitar-lounge.com\/en\/","name":"captain-guitar-lounge.com","description":"Fine Amps and Guitars and more","potentialAction":[{"@type":"SearchAction","target":{"@type":"EntryPoint","urlTemplate":"https:\/\/captain-guitar-lounge.com\/en\/?s={search_term_string}"},"query-input":{"@type":"PropertyValueSpecification","valueRequired":true,"valueName":"search_term_string"}}],"inLanguage":"en-US"}]}},"_links":{"self":[{"href":"https:\/\/captain-guitar-lounge.com\/en\/wp-json\/wp\/v2\/product\/11225","targetHints":{"allow":["GET"]}}],"collection":[{"href":"https:\/\/captain-guitar-lounge.com\/en\/wp-json\/wp\/v2\/product"}],"about":[{"href":"https:\/\/captain-guitar-lounge.com\/en\/wp-json\/wp\/v2\/types\/product"}],"replies":[{"embeddable":true,"href":"https:\/\/captain-guitar-lounge.com\/en\/wp-json\/wp\/v2\/comments?post=11225"}],"wp:featuredmedia":[{"embeddable":true,"href":"https:\/\/captain-guitar-lounge.com\/en\/wp-json\/wp\/v2\/media\/11218"}],"wp:attachment":[{"href":"https:\/\/captain-guitar-lounge.com\/en\/wp-json\/wp\/v2\/media?parent=11225"}],"wp:term":[{"taxonomy":"product_brand","embeddable":true,"href":"https:\/\/captain-guitar-lounge.com\/en\/wp-json\/wp\/v2\/product_brand?post=11225"},{"taxonomy":"product_cat","embeddable":true,"href":"https:\/\/captain-guitar-lounge.com\/en\/wp-json\/wp\/v2\/product_cat?post=11225"},{"taxonomy":"product_tag","embeddable":true,"href":"https:\/\/captain-guitar-lounge.com\/en\/wp-json\/wp\/v2\/product_tag?post=11225"}],"curies":[{"name":"wp","href":"https:\/\/api.w.org\/{rel}","templated":true}]}}