{"id":11430,"date":"2020-05-26T15:14:30","date_gmt":"2020-05-26T13:14:30","guid":{"rendered":"https:\/\/captain-guitar-lounge.com\/?p=11430&#038;post_type=product&#038;preview_id=11430"},"modified":"2023-12-07T16:26:00","modified_gmt":"2023-12-07T15:26:00","slug":"vahlbruch-line-driver","status":"publish","type":"product","link":"https:\/\/captain-guitar-lounge.com\/en\/product\/vahlbruch-line-driver\/","title":{"rendered":"Vahlbruch Line Driver"},"content":{"rendered":"<p><small>Der \u201eLine Driver&#8221; ist ein 100% analoges, in Handarbeit gefertigtes und \u00fcberaus flexibles unity-gain Buffer Pedal. Das Ger\u00e4t wandelt auf h\u00f6chstem Klangniveau ein Instrumenten-Eingangssignal mit hoher Eingangsimpedanz in ein Ausgangssignal mit \u00e4u\u00dferst niedriger Impedanz. So beh\u00e4lt das Signal die volle Transparenz, St\u00e4rke und Dynamik sowie den vollen Ton auch bei langen Kabelwegen und komplexen Setups.<\/small><\/p>\n<p>Neben der &#8220;Low-Z&#8221;-Ausgangsbuchse, welche das impedanzgewandelte Instrumentensignal zur Verf\u00fcgung stellt, bietet der &#8220;Line Driver&#8221; einen zweiten, gepufferten &#8220;Tuner Out&#8221; Ausgang. Die Anwendungsm\u00f6glichkeiten hierf\u00fcr sind vielf\u00e4ltig: Beispielsweise kann ein beliebiges Stimmger\u00e4t angeschlossen werden, unabh\u00e4ngig davon, ob es eine True Bypass Schaltung besitzt oder \u00fcber lange Kabelwege verbunden ist. Es ist jetzt nicht mehr Bestandteil der seriellen Signalkette!<br \/>\nEine spezielle &#8220;Mute&#8221;-Schaltung f\u00fcr den &#8220;Low-Z&#8221;-Ausgang, die absolut frei von Schaltger\u00e4uschen ist, erlaubt ein lautloses Stimmen. Die blaue LED zeigt den Mute-Status an.<br \/>\nDar\u00fcber hinaus kann dieser Ausgang auch genutzt werden, um einen weiteren Verst\u00e4rker anzusteuern. Mittels des &#8220;Mute&#8221;-Schalters kann nun bei Bedarf der erste Verst\u00e4rker, z.B. f\u00fcr Solopassagen, zugeschaltet werden.<br \/>\nDer zweite Ausgang ist aber auch geeignet, um das Instrumentensignal impedanzangepasst an Aufnahmeger\u00e4te oder Mischpulte weiterzugeben. Direkt verbunden w\u00fcrde sich hier durch eine Impedanzfehlanpassung ein verschwommenes Klangbild des Instruments ergeben.<\/p>\n<p>Da die Kabell\u00e4nge und Anzahl der Steckverbindungen nach dem &#8220;Line Driver&#8221; keinen Einfluss mehr auf die Kapazit\u00e4t hat, die vom Pickup gesehen wird, wird der Ton klarer und alle vorher verborgenen Klang-Details werden wieder zum Vorschein gebracht. Aber f\u00fcr alle diejenigen, die die besondere Klangformung mit langen Kabeln sch\u00e4tzen, bietet der &#8220;Line Driver&#8221; eine Kabell\u00e4ngen-Simulation. Hierdurch wird lediglich der Klang eines langen Kabels wieder hergestellt, die Vorteile im Hinblick auf St\u00f6runanf\u00e4lligkeit etc. eines niederohmigen Signals im Stepp bleiben nach dem &#8220;Line Driver&#8221; aber komplett erhalten. Im Inneren des Pedal befindet sich eine kleine Schalterbank mit der jede gew\u00fcnschte Kabell\u00e4nge zwischen 1 und 36 Metern simuliert werden kann.<\/p>\n<p>Sollten Fuzz oder Treble-Booster Pedale zum Einsatz kommen, so bietet der &#8220;Line Driver&#8221; hierf\u00fcr eine True Bypass Schaltung, da diese Ger\u00e4te machmal direkt angesteuert angenehmer klingen k\u00f6nnen.<\/p>\n<p>Das &#8220;Line Driver&#8221; Pedal ist extrem rauscharm und daher perfekt f\u00fcr alle Studio und Live-Anwendungen geeignet.<\/p>\n<p>Der Vahlbruch \u201eLine Driver\u201c zeichnet sich durch besondere Zuverl\u00e4ssigkeit und Wartungsfreundlichkeit aus, da KEINE Buchsen und Fu\u00dfschalter auf Platinen gel\u00f6tet wurden, sondern alle diese Bauteile sorgf\u00e4ltig frei verdrahtet sind.<br \/>\nWie alle Vahlbruch Pedale wurde auch das \u201eLine Driver\u201c-Pedal in aufw\u00e4ndiger Handarbeit und unter ausschlie\u00dflicher Verwendung der weltweit besten Bauteile hergestellt f\u00fcr viele Jahre au\u00dfergew\u00f6hnlichen Klanggenuss!<\/p>\n<p>100% analog &#8211; made in Germany.<\/p>\n","protected":false},"excerpt":{"rendered":"<p><strong><small><small>Der \u201eLine Driver&#8221; ist ein 100% analoges, in Handarbeit gefertigtes und \u00fcberaus flexibles unity-gain Buffer Pedal.<\/small><\/small><\/strong><\/p>\n","protected":false},"featured_media":11432,"comment_status":"closed","ping_status":"closed","template":"","meta":{"_et_pb_use_builder":"","_et_pb_old_content":"","_et_gb_content_width":""},"product_brand":[],"product_cat":[1100],"product_tag":[],"class_list":{"0":"post-11430","1":"product","2":"type-product","3":"status-publish","4":"has-post-thumbnail","6":"product_cat-vahlbruch","7":"product_shipping_class-small","8":"pa_artikelzustand-neuer-artikel","10":"first","11":"instock","12":"taxable","13":"shipping-taxable","14":"purchasable","15":"product-type-simple"},"composite_virtual":false,"composite_layout":"","composite_add_to_cart_form_location":"","composite_editable_in_cart":false,"composite_sold_individually_context":"","composite_shop_price_calc":"","composite_components":[],"composite_scenarios":[],"pp_statuses_selecting_workflow":false,"pp_workflow_action":"current","pp_status_selection":"publish","yoast_head":"<!-- This site is optimized with the Yoast SEO plugin v26.8 - https:\/\/yoast.com\/product\/yoast-seo-wordpress\/ -->\n<title>Vahlbruch Line Driver - captain-guitar-lounge.com<\/title>\n<meta name=\"robots\" content=\"index, follow, max-snippet:-1, max-image-preview:large, max-video-preview:-1\" \/>\n<link rel=\"canonical\" href=\"https:\/\/captain-guitar-lounge.com\/en\/product\/vahlbruch-line-driver\/\" \/>\n<meta property=\"og:locale\" content=\"en_US\" \/>\n<meta property=\"og:type\" content=\"article\" \/>\n<meta property=\"og:title\" content=\"Vahlbruch Line Driver - captain-guitar-lounge.com\" \/>\n<meta property=\"og:description\" content=\"Der \u201eLine Driver&quot; ist ein 100% analoges, in Handarbeit gefertigtes und \u00fcberaus flexibles unity-gain Buffer Pedal.\" \/>\n<meta property=\"og:url\" content=\"https:\/\/captain-guitar-lounge.com\/en\/product\/vahlbruch-line-driver\/\" \/>\n<meta property=\"og:site_name\" content=\"captain-guitar-lounge.com\" \/>\n<meta property=\"article:publisher\" content=\"https:\/\/www.facebook.com\/Captain-Guitar-Lounge-140457272682315\/\" \/>\n<meta property=\"article:modified_time\" content=\"2023-12-07T15:26:00+00:00\" \/>\n<meta property=\"og:image\" content=\"https:\/\/captain-guitar-lounge.com\/wp-content\/uploads\/2020\/05\/LD.jpg\" \/>\n\t<meta property=\"og:image:width\" content=\"487\" \/>\n\t<meta property=\"og:image:height\" content=\"485\" \/>\n\t<meta property=\"og:image:type\" content=\"image\/jpeg\" \/>\n<meta name=\"twitter:card\" content=\"summary_large_image\" \/>\n<meta name=\"twitter:label1\" content=\"Est. reading time\" \/>\n\t<meta name=\"twitter:data1\" content=\"2 minutes\" \/>\n<script type=\"application\/ld+json\" class=\"yoast-schema-graph\">{\"@context\":\"https:\/\/schema.org\",\"@graph\":[{\"@type\":\"WebPage\",\"@id\":\"https:\/\/captain-guitar-lounge.com\/en\/product\/vahlbruch-line-driver\/\",\"url\":\"https:\/\/captain-guitar-lounge.com\/en\/product\/vahlbruch-line-driver\/\",\"name\":\"Vahlbruch Line Driver - captain-guitar-lounge.com\",\"isPartOf\":{\"@id\":\"https:\/\/captain-guitar-lounge.com\/en\/#website\"},\"primaryImageOfPage\":{\"@id\":\"https:\/\/captain-guitar-lounge.com\/en\/product\/vahlbruch-line-driver\/#primaryimage\"},\"image\":{\"@id\":\"https:\/\/captain-guitar-lounge.com\/en\/product\/vahlbruch-line-driver\/#primaryimage\"},\"thumbnailUrl\":\"https:\/\/captain-guitar-lounge.com\/wp-content\/uploads\/2020\/05\/LD.jpg\",\"datePublished\":\"2020-05-26T13:14:30+00:00\",\"dateModified\":\"2023-12-07T15:26:00+00:00\",\"breadcrumb\":{\"@id\":\"https:\/\/captain-guitar-lounge.com\/en\/product\/vahlbruch-line-driver\/#breadcrumb\"},\"inLanguage\":\"en-US\",\"potentialAction\":[{\"@type\":\"ReadAction\",\"target\":[\"https:\/\/captain-guitar-lounge.com\/en\/product\/vahlbruch-line-driver\/\"]}]},{\"@type\":\"ImageObject\",\"inLanguage\":\"en-US\",\"@id\":\"https:\/\/captain-guitar-lounge.com\/en\/product\/vahlbruch-line-driver\/#primaryimage\",\"url\":\"https:\/\/captain-guitar-lounge.com\/wp-content\/uploads\/2020\/05\/LD.jpg\",\"contentUrl\":\"https:\/\/captain-guitar-lounge.com\/wp-content\/uploads\/2020\/05\/LD.jpg\",\"width\":487,\"height\":485,\"caption\":\"Vahlbruch Line Driver\"},{\"@type\":\"BreadcrumbList\",\"@id\":\"https:\/\/captain-guitar-lounge.com\/en\/product\/vahlbruch-line-driver\/#breadcrumb\",\"itemListElement\":[{\"@type\":\"ListItem\",\"position\":1,\"name\":\"Startseite\",\"item\":\"https:\/\/captain-guitar-lounge.com\/en\/\"},{\"@type\":\"ListItem\",\"position\":2,\"name\":\"Shop\",\"item\":\"https:\/\/captain-guitar-lounge.com\/shop\/\"},{\"@type\":\"ListItem\",\"position\":3,\"name\":\"Vahlbruch Line Driver\"}]},{\"@type\":\"WebSite\",\"@id\":\"https:\/\/captain-guitar-lounge.com\/en\/#website\",\"url\":\"https:\/\/captain-guitar-lounge.com\/en\/\",\"name\":\"captain-guitar-lounge.com\",\"description\":\"Fine Amps and Guitars and more\",\"potentialAction\":[{\"@type\":\"SearchAction\",\"target\":{\"@type\":\"EntryPoint\",\"urlTemplate\":\"https:\/\/captain-guitar-lounge.com\/en\/?s={search_term_string}\"},\"query-input\":{\"@type\":\"PropertyValueSpecification\",\"valueRequired\":true,\"valueName\":\"search_term_string\"}}],\"inLanguage\":\"en-US\"}]}<\/script>\n<!-- \/ Yoast SEO plugin. -->","yoast_head_json":{"title":"Vahlbruch Line Driver - captain-guitar-lounge.com","robots":{"index":"index","follow":"follow","max-snippet":"max-snippet:-1","max-image-preview":"max-image-preview:large","max-video-preview":"max-video-preview:-1"},"canonical":"https:\/\/captain-guitar-lounge.com\/en\/product\/vahlbruch-line-driver\/","og_locale":"en_US","og_type":"article","og_title":"Vahlbruch Line Driver - captain-guitar-lounge.com","og_description":"Der \u201eLine Driver\" ist ein 100% analoges, in Handarbeit gefertigtes und \u00fcberaus flexibles unity-gain Buffer Pedal.","og_url":"https:\/\/captain-guitar-lounge.com\/en\/product\/vahlbruch-line-driver\/","og_site_name":"captain-guitar-lounge.com","article_publisher":"https:\/\/www.facebook.com\/Captain-Guitar-Lounge-140457272682315\/","article_modified_time":"2023-12-07T15:26:00+00:00","og_image":[{"width":487,"height":485,"url":"https:\/\/captain-guitar-lounge.com\/wp-content\/uploads\/2020\/05\/LD.jpg","type":"image\/jpeg"}],"twitter_card":"summary_large_image","twitter_misc":{"Est. reading time":"2 minutes"},"schema":{"@context":"https:\/\/schema.org","@graph":[{"@type":"WebPage","@id":"https:\/\/captain-guitar-lounge.com\/en\/product\/vahlbruch-line-driver\/","url":"https:\/\/captain-guitar-lounge.com\/en\/product\/vahlbruch-line-driver\/","name":"Vahlbruch Line Driver - captain-guitar-lounge.com","isPartOf":{"@id":"https:\/\/captain-guitar-lounge.com\/en\/#website"},"primaryImageOfPage":{"@id":"https:\/\/captain-guitar-lounge.com\/en\/product\/vahlbruch-line-driver\/#primaryimage"},"image":{"@id":"https:\/\/captain-guitar-lounge.com\/en\/product\/vahlbruch-line-driver\/#primaryimage"},"thumbnailUrl":"https:\/\/captain-guitar-lounge.com\/wp-content\/uploads\/2020\/05\/LD.jpg","datePublished":"2020-05-26T13:14:30+00:00","dateModified":"2023-12-07T15:26:00+00:00","breadcrumb":{"@id":"https:\/\/captain-guitar-lounge.com\/en\/product\/vahlbruch-line-driver\/#breadcrumb"},"inLanguage":"en-US","potentialAction":[{"@type":"ReadAction","target":["https:\/\/captain-guitar-lounge.com\/en\/product\/vahlbruch-line-driver\/"]}]},{"@type":"ImageObject","inLanguage":"en-US","@id":"https:\/\/captain-guitar-lounge.com\/en\/product\/vahlbruch-line-driver\/#primaryimage","url":"https:\/\/captain-guitar-lounge.com\/wp-content\/uploads\/2020\/05\/LD.jpg","contentUrl":"https:\/\/captain-guitar-lounge.com\/wp-content\/uploads\/2020\/05\/LD.jpg","width":487,"height":485,"caption":"Vahlbruch Line Driver"},{"@type":"BreadcrumbList","@id":"https:\/\/captain-guitar-lounge.com\/en\/product\/vahlbruch-line-driver\/#breadcrumb","itemListElement":[{"@type":"ListItem","position":1,"name":"Startseite","item":"https:\/\/captain-guitar-lounge.com\/en\/"},{"@type":"ListItem","position":2,"name":"Shop","item":"https:\/\/captain-guitar-lounge.com\/shop\/"},{"@type":"ListItem","position":3,"name":"Vahlbruch Line Driver"}]},{"@type":"WebSite","@id":"https:\/\/captain-guitar-lounge.com\/en\/#website","url":"https:\/\/captain-guitar-lounge.com\/en\/","name":"captain-guitar-lounge.com","description":"Fine Amps and Guitars and more","potentialAction":[{"@type":"SearchAction","target":{"@type":"EntryPoint","urlTemplate":"https:\/\/captain-guitar-lounge.com\/en\/?s={search_term_string}"},"query-input":{"@type":"PropertyValueSpecification","valueRequired":true,"valueName":"search_term_string"}}],"inLanguage":"en-US"}]}},"_links":{"self":[{"href":"https:\/\/captain-guitar-lounge.com\/en\/wp-json\/wp\/v2\/product\/11430","targetHints":{"allow":["GET"]}}],"collection":[{"href":"https:\/\/captain-guitar-lounge.com\/en\/wp-json\/wp\/v2\/product"}],"about":[{"href":"https:\/\/captain-guitar-lounge.com\/en\/wp-json\/wp\/v2\/types\/product"}],"replies":[{"embeddable":true,"href":"https:\/\/captain-guitar-lounge.com\/en\/wp-json\/wp\/v2\/comments?post=11430"}],"wp:featuredmedia":[{"embeddable":true,"href":"https:\/\/captain-guitar-lounge.com\/en\/wp-json\/wp\/v2\/media\/11432"}],"wp:attachment":[{"href":"https:\/\/captain-guitar-lounge.com\/en\/wp-json\/wp\/v2\/media?parent=11430"}],"wp:term":[{"taxonomy":"product_brand","embeddable":true,"href":"https:\/\/captain-guitar-lounge.com\/en\/wp-json\/wp\/v2\/product_brand?post=11430"},{"taxonomy":"product_cat","embeddable":true,"href":"https:\/\/captain-guitar-lounge.com\/en\/wp-json\/wp\/v2\/product_cat?post=11430"},{"taxonomy":"product_tag","embeddable":true,"href":"https:\/\/captain-guitar-lounge.com\/en\/wp-json\/wp\/v2\/product_tag?post=11430"}],"curies":[{"name":"wp","href":"https:\/\/api.w.org\/{rel}","templated":true}]}}