{"id":11435,"date":"2020-05-26T15:26:39","date_gmt":"2020-05-26T13:26:39","guid":{"rendered":"https:\/\/captain-guitar-lounge.com\/?p=11435&#038;post_type=product&#038;preview_id=11435"},"modified":"2023-12-07T16:26:00","modified_gmt":"2023-12-07T15:26:00","slug":"vahlbruch-midboost","status":"publish","type":"product","link":"https:\/\/captain-guitar-lounge.com\/en\/product\/vahlbruch-midboost\/","title":{"rendered":"Vahlbruch Midboost"},"content":{"rendered":"<p><small>Der \u201eMidboost&#8221; ist ein 100% analoges, in Handarbeit gefertigtes und \u00fcberaus flexibles Booster-Effektger\u00e4t. Es bietet eine stufenlos regelbare Verst\u00e4rkung, die die Mittenanteile des Gitarrensignals bis zu 25dB (!) anhebt. Das ist mit den meisten Equalizern nicht zu realisieren! Die fest eingestellte Mittenfrequenz und auch die G\u00fcte des &#8220;Midboost&#8221; wurde sinnvoll abgestimmt, so dass keine weiteren Kn\u00f6pfe zur Einstellung notwendig sind.<\/small><\/p>\n<p>Mit dem Vahlbruch &#8220;Midboost&#8221; lassen sich auch aus Singlecoil best\u00fcckten Gitarren Humbucker-\u00e4hnliche Sounds erzeugen und speziell Solosounds k\u00f6nnen stark an Durchsetzungskraft und Sustain gewinnen!<br \/>\nMit dem &#8220;Volume&#8221;-Regler kann die Ausgangslautst\u00e4rke des Pedals eingestellt werden.<\/p>\n<p>Das &#8220;Midboost&#8221; Pedal ist komplett diskret aufgebaut. Das bedeutet, dass das Gitarrensignal nicht erst Millionen von \u00dcberg\u00e4ngen in integrierten Halbleiter-Bausteinen (ICs) durchlaufen muss, sondern direkt auf dem k\u00fcrzesten Weg durch einige wenige, speziell ausgew\u00e4hlte und hand-selektierte, audiophile Transistoren geleitet wird.<\/p>\n<p>Nat\u00fcrlich besitzt das Pedal einen \u201eTrue Bypass&#8221;-Schalter. F\u00fcr absolute Signaltreue &#8211; auch im ausgeschalten Zustand. Eine blaue LED zeigt an, ob der Effekt aktiviert ist.<\/p>\n<p>Der \u201eMidboost\u201c zeichnet sich durch besondere Zuverl\u00e4ssigkeit und Wartungsfreundlichkeit aus, da KEINE Buchsen und Fu\u00dfschalter auf Platinen gel\u00f6tet wurden, sondern alle diese Bauteile sorgf\u00e4ltig frei verdrahtet sind.<\/p>\n<p>Wie alle Vahlbruch Pedale wurde auch der \u201eMidboost&#8221; in aufw\u00e4ndiger Handarbeit und unter ausschlie\u00dflicher Verwendung der weltweit besten Bauteile hergestellt f\u00fcr viele Jahre au\u00dfergew\u00f6hnlichen Klanggenuss!<\/p>\n<p>100% analog &#8211; made in Germany.<\/p>\n","protected":false},"excerpt":{"rendered":"<p><strong><small>Der \u201eMidboost&#8221; ist ein 100% analoges, in Handarbeit gefertigtes und \u00fcberaus flexibles Booster-Effektger\u00e4t. <\/small><\/strong><\/p>\n","protected":false},"featured_media":11436,"comment_status":"closed","ping_status":"closed","template":"","meta":{"_et_pb_use_builder":"","_et_pb_old_content":"","_et_gb_content_width":""},"product_brand":[],"product_cat":[1100],"product_tag":[],"class_list":{"0":"post-11435","1":"product","2":"type-product","3":"status-publish","4":"has-post-thumbnail","6":"product_cat-vahlbruch","7":"product_shipping_class-small","8":"pa_artikelzustand-neuer-artikel","10":"first","11":"instock","12":"taxable","13":"shipping-taxable","14":"purchasable","15":"product-type-simple"},"composite_virtual":false,"composite_layout":"","composite_add_to_cart_form_location":"","composite_editable_in_cart":false,"composite_sold_individually_context":"","composite_shop_price_calc":"","composite_components":[],"composite_scenarios":[],"pp_statuses_selecting_workflow":false,"pp_workflow_action":"current","pp_status_selection":"publish","yoast_head":"<!-- This site is optimized with the Yoast SEO plugin v26.8 - https:\/\/yoast.com\/product\/yoast-seo-wordpress\/ -->\n<title>Vahlbruch Midboost - captain-guitar-lounge.com<\/title>\n<meta name=\"robots\" content=\"index, follow, max-snippet:-1, max-image-preview:large, max-video-preview:-1\" \/>\n<link rel=\"canonical\" href=\"https:\/\/captain-guitar-lounge.com\/en\/product\/vahlbruch-midboost\/\" \/>\n<meta property=\"og:locale\" content=\"en_US\" \/>\n<meta property=\"og:type\" content=\"article\" \/>\n<meta property=\"og:title\" content=\"Vahlbruch Midboost - captain-guitar-lounge.com\" \/>\n<meta property=\"og:description\" content=\"Der \u201eMidboost&quot; ist ein 100% analoges, in Handarbeit gefertigtes und \u00fcberaus flexibles Booster-Effektger\u00e4t.\" \/>\n<meta property=\"og:url\" content=\"https:\/\/captain-guitar-lounge.com\/en\/product\/vahlbruch-midboost\/\" \/>\n<meta property=\"og:site_name\" content=\"captain-guitar-lounge.com\" \/>\n<meta property=\"article:publisher\" content=\"https:\/\/www.facebook.com\/Captain-Guitar-Lounge-140457272682315\/\" \/>\n<meta property=\"article:modified_time\" content=\"2023-12-07T15:26:00+00:00\" \/>\n<meta property=\"og:image\" content=\"https:\/\/captain-guitar-lounge.com\/wp-content\/uploads\/2020\/05\/Midboost.jpg\" \/>\n\t<meta property=\"og:image:width\" content=\"546\" \/>\n\t<meta property=\"og:image:height\" content=\"545\" \/>\n\t<meta property=\"og:image:type\" content=\"image\/jpeg\" \/>\n<meta name=\"twitter:card\" content=\"summary_large_image\" \/>\n<meta name=\"twitter:label1\" content=\"Est. reading time\" \/>\n\t<meta name=\"twitter:data1\" content=\"1 minute\" \/>\n<script type=\"application\/ld+json\" class=\"yoast-schema-graph\">{\"@context\":\"https:\/\/schema.org\",\"@graph\":[{\"@type\":\"WebPage\",\"@id\":\"https:\/\/captain-guitar-lounge.com\/en\/product\/vahlbruch-midboost\/\",\"url\":\"https:\/\/captain-guitar-lounge.com\/en\/product\/vahlbruch-midboost\/\",\"name\":\"Vahlbruch Midboost - captain-guitar-lounge.com\",\"isPartOf\":{\"@id\":\"https:\/\/captain-guitar-lounge.com\/en\/#website\"},\"primaryImageOfPage\":{\"@id\":\"https:\/\/captain-guitar-lounge.com\/en\/product\/vahlbruch-midboost\/#primaryimage\"},\"image\":{\"@id\":\"https:\/\/captain-guitar-lounge.com\/en\/product\/vahlbruch-midboost\/#primaryimage\"},\"thumbnailUrl\":\"https:\/\/captain-guitar-lounge.com\/wp-content\/uploads\/2020\/05\/Midboost.jpg\",\"datePublished\":\"2020-05-26T13:26:39+00:00\",\"dateModified\":\"2023-12-07T15:26:00+00:00\",\"breadcrumb\":{\"@id\":\"https:\/\/captain-guitar-lounge.com\/en\/product\/vahlbruch-midboost\/#breadcrumb\"},\"inLanguage\":\"en-US\",\"potentialAction\":[{\"@type\":\"ReadAction\",\"target\":[\"https:\/\/captain-guitar-lounge.com\/en\/product\/vahlbruch-midboost\/\"]}]},{\"@type\":\"ImageObject\",\"inLanguage\":\"en-US\",\"@id\":\"https:\/\/captain-guitar-lounge.com\/en\/product\/vahlbruch-midboost\/#primaryimage\",\"url\":\"https:\/\/captain-guitar-lounge.com\/wp-content\/uploads\/2020\/05\/Midboost.jpg\",\"contentUrl\":\"https:\/\/captain-guitar-lounge.com\/wp-content\/uploads\/2020\/05\/Midboost.jpg\",\"width\":546,\"height\":545,\"caption\":\"Vahlbruch Midboost\"},{\"@type\":\"BreadcrumbList\",\"@id\":\"https:\/\/captain-guitar-lounge.com\/en\/product\/vahlbruch-midboost\/#breadcrumb\",\"itemListElement\":[{\"@type\":\"ListItem\",\"position\":1,\"name\":\"Startseite\",\"item\":\"https:\/\/captain-guitar-lounge.com\/en\/\"},{\"@type\":\"ListItem\",\"position\":2,\"name\":\"Shop\",\"item\":\"https:\/\/captain-guitar-lounge.com\/shop\/\"},{\"@type\":\"ListItem\",\"position\":3,\"name\":\"Vahlbruch Midboost\"}]},{\"@type\":\"WebSite\",\"@id\":\"https:\/\/captain-guitar-lounge.com\/en\/#website\",\"url\":\"https:\/\/captain-guitar-lounge.com\/en\/\",\"name\":\"captain-guitar-lounge.com\",\"description\":\"Fine Amps and Guitars and more\",\"potentialAction\":[{\"@type\":\"SearchAction\",\"target\":{\"@type\":\"EntryPoint\",\"urlTemplate\":\"https:\/\/captain-guitar-lounge.com\/en\/?s={search_term_string}\"},\"query-input\":{\"@type\":\"PropertyValueSpecification\",\"valueRequired\":true,\"valueName\":\"search_term_string\"}}],\"inLanguage\":\"en-US\"}]}<\/script>\n<!-- \/ Yoast SEO plugin. -->","yoast_head_json":{"title":"Vahlbruch Midboost - captain-guitar-lounge.com","robots":{"index":"index","follow":"follow","max-snippet":"max-snippet:-1","max-image-preview":"max-image-preview:large","max-video-preview":"max-video-preview:-1"},"canonical":"https:\/\/captain-guitar-lounge.com\/en\/product\/vahlbruch-midboost\/","og_locale":"en_US","og_type":"article","og_title":"Vahlbruch Midboost - captain-guitar-lounge.com","og_description":"Der \u201eMidboost\" ist ein 100% analoges, in Handarbeit gefertigtes und \u00fcberaus flexibles Booster-Effektger\u00e4t.","og_url":"https:\/\/captain-guitar-lounge.com\/en\/product\/vahlbruch-midboost\/","og_site_name":"captain-guitar-lounge.com","article_publisher":"https:\/\/www.facebook.com\/Captain-Guitar-Lounge-140457272682315\/","article_modified_time":"2023-12-07T15:26:00+00:00","og_image":[{"width":546,"height":545,"url":"https:\/\/captain-guitar-lounge.com\/wp-content\/uploads\/2020\/05\/Midboost.jpg","type":"image\/jpeg"}],"twitter_card":"summary_large_image","twitter_misc":{"Est. reading time":"1 minute"},"schema":{"@context":"https:\/\/schema.org","@graph":[{"@type":"WebPage","@id":"https:\/\/captain-guitar-lounge.com\/en\/product\/vahlbruch-midboost\/","url":"https:\/\/captain-guitar-lounge.com\/en\/product\/vahlbruch-midboost\/","name":"Vahlbruch Midboost - captain-guitar-lounge.com","isPartOf":{"@id":"https:\/\/captain-guitar-lounge.com\/en\/#website"},"primaryImageOfPage":{"@id":"https:\/\/captain-guitar-lounge.com\/en\/product\/vahlbruch-midboost\/#primaryimage"},"image":{"@id":"https:\/\/captain-guitar-lounge.com\/en\/product\/vahlbruch-midboost\/#primaryimage"},"thumbnailUrl":"https:\/\/captain-guitar-lounge.com\/wp-content\/uploads\/2020\/05\/Midboost.jpg","datePublished":"2020-05-26T13:26:39+00:00","dateModified":"2023-12-07T15:26:00+00:00","breadcrumb":{"@id":"https:\/\/captain-guitar-lounge.com\/en\/product\/vahlbruch-midboost\/#breadcrumb"},"inLanguage":"en-US","potentialAction":[{"@type":"ReadAction","target":["https:\/\/captain-guitar-lounge.com\/en\/product\/vahlbruch-midboost\/"]}]},{"@type":"ImageObject","inLanguage":"en-US","@id":"https:\/\/captain-guitar-lounge.com\/en\/product\/vahlbruch-midboost\/#primaryimage","url":"https:\/\/captain-guitar-lounge.com\/wp-content\/uploads\/2020\/05\/Midboost.jpg","contentUrl":"https:\/\/captain-guitar-lounge.com\/wp-content\/uploads\/2020\/05\/Midboost.jpg","width":546,"height":545,"caption":"Vahlbruch Midboost"},{"@type":"BreadcrumbList","@id":"https:\/\/captain-guitar-lounge.com\/en\/product\/vahlbruch-midboost\/#breadcrumb","itemListElement":[{"@type":"ListItem","position":1,"name":"Startseite","item":"https:\/\/captain-guitar-lounge.com\/en\/"},{"@type":"ListItem","position":2,"name":"Shop","item":"https:\/\/captain-guitar-lounge.com\/shop\/"},{"@type":"ListItem","position":3,"name":"Vahlbruch Midboost"}]},{"@type":"WebSite","@id":"https:\/\/captain-guitar-lounge.com\/en\/#website","url":"https:\/\/captain-guitar-lounge.com\/en\/","name":"captain-guitar-lounge.com","description":"Fine Amps and Guitars and more","potentialAction":[{"@type":"SearchAction","target":{"@type":"EntryPoint","urlTemplate":"https:\/\/captain-guitar-lounge.com\/en\/?s={search_term_string}"},"query-input":{"@type":"PropertyValueSpecification","valueRequired":true,"valueName":"search_term_string"}}],"inLanguage":"en-US"}]}},"_links":{"self":[{"href":"https:\/\/captain-guitar-lounge.com\/en\/wp-json\/wp\/v2\/product\/11435","targetHints":{"allow":["GET"]}}],"collection":[{"href":"https:\/\/captain-guitar-lounge.com\/en\/wp-json\/wp\/v2\/product"}],"about":[{"href":"https:\/\/captain-guitar-lounge.com\/en\/wp-json\/wp\/v2\/types\/product"}],"replies":[{"embeddable":true,"href":"https:\/\/captain-guitar-lounge.com\/en\/wp-json\/wp\/v2\/comments?post=11435"}],"wp:featuredmedia":[{"embeddable":true,"href":"https:\/\/captain-guitar-lounge.com\/en\/wp-json\/wp\/v2\/media\/11436"}],"wp:attachment":[{"href":"https:\/\/captain-guitar-lounge.com\/en\/wp-json\/wp\/v2\/media?parent=11435"}],"wp:term":[{"taxonomy":"product_brand","embeddable":true,"href":"https:\/\/captain-guitar-lounge.com\/en\/wp-json\/wp\/v2\/product_brand?post=11435"},{"taxonomy":"product_cat","embeddable":true,"href":"https:\/\/captain-guitar-lounge.com\/en\/wp-json\/wp\/v2\/product_cat?post=11435"},{"taxonomy":"product_tag","embeddable":true,"href":"https:\/\/captain-guitar-lounge.com\/en\/wp-json\/wp\/v2\/product_tag?post=11435"}],"curies":[{"name":"wp","href":"https:\/\/api.w.org\/{rel}","templated":true}]}}