{"id":11441,"date":"2020-05-26T15:45:01","date_gmt":"2020-05-26T13:45:01","guid":{"rendered":"https:\/\/captain-guitar-lounge.com\/?p=11441&#038;post_type=product&#038;preview_id=11441"},"modified":"2023-12-07T16:26:00","modified_gmt":"2023-12-07T15:26:00","slug":"vahlbruch-pion-plus","status":"publish","type":"product","link":"https:\/\/captain-guitar-lounge.com\/en\/product\/vahlbruch-pion-plus\/","title":{"rendered":"Vahlbruch Pion Plus"},"content":{"rendered":"<p><small>Der \u201ePion-Plus&#8221; ist ein 100% analoges, in Handarbeit gefertigtes und \u00fcberaus flexibles Booster-Effektger\u00e4t. Es l\u00e4sst sich hervorragend vor Gitarrenverst\u00e4rkern einsetzen, um den Amp &#8220;hei\u00dfer&#8221; anzusteuern.<br \/>\nEine maximale Verst\u00e4rkung von bis zu 30dB stellt gen\u00fcgend Reserven zur Pegelanhebung zur Verf\u00fcgung. Doch damit nicht genug: Durch die Schaltung wird dem Signal auch ein dezenter Anteil an Harmonischen und ein Hauch von Kompression beigemischt, so dass sich insgesamt ein homogeneres Klangbild ergibt. Einige Kunden benutzen den &#8220;Pion-Plus&#8221; auch f\u00fcr Akustik- und Bassgitarren!<\/small><\/p>\n<p>Die Bedienung des Pedal ist sehr leicht! Ein &#8220;Treble&#8221;-Regler reguliert den\u00a0 H\u00f6henanteil, wodurch das verst\u00e4rkte Signal mehr in Richtung &#8220;Brown-Sound&#8221; getrimmt werden. Der &#8220;Boost&#8221;-Regler hingegen definiert die Ausgangslautst\u00e4rke des &#8220;Pion-Plus&#8221;. Ein Kippschalter (&#8220;Plus&#8221;) erlaubt es zwischen einem Boost auszuw\u00e4hlen, der entweder etwas klarer ist, oder mehr einer hohen R\u00f6hren-Verst\u00e4rkung entspricht (&#8220;Plus&#8221;). Abh\u00e4ngig von der Tonabnehmer-Ausgangsleistung kann im &#8220;Plus&#8221;-Modus auch ein leichter Anteil von harmonischer Verzerrung generiert werden.<\/p>\n<p>Das &#8220;Pion-Plus&#8221; Pedal ist komplett diskret aufgebaut. Das bedeutet, dass das Gitarrensignal nicht erst Millionen von \u00dcberg\u00e4ngen in integrierten Halbleiter-Bausteinen (ICs) durchlaufen muss, sondern direkt auf dem k\u00fcrzesten Weg durch einige wenige, speziell ausgew\u00e4hlte und hand-selektierte, Transistoren geleitet wird.<\/p>\n<p>Der Vahlbruch \u201ePion-Plus&#8221; ist sehr nebenger\u00e4uscharm und ist daher f\u00fcr jegliche Arbeit im Studio als auch f\u00fcr Live-Anwendungen perfekt geeignet.<\/p>\n<p>Nat\u00fcrlich besitzt das Pedal einen \u201eTrue Bypass&#8221;-Schalter. F\u00fcr absolute Signaltreue &#8211; auch im ausgeschalten Zustand. Eine orange LED zeigt an, ob der Effekt aktiviert ist.<\/p>\n<p>Der \u201ePion-Plus\u201c zeichnet sich durch besondere Zuverl\u00e4ssigkeit und Wartungsfreundlichkeit aus, da KEINE Buchsen und Fu\u00dfschalter auf Platinen gel\u00f6tet wurden, sondern alle diese Bauteile sorgf\u00e4ltig frei verdrahtet sind.<\/p>\n<p>Wie alle Vahlbruch Pedale wurde auch der \u201ePion-Plus&#8221; in aufw\u00e4ndiger Handarbeit und unter ausschlie\u00dflicher Verwendung der weltweit besten Bauteile hergestellt f\u00fcr viele Jahre au\u00dfergew\u00f6hnlichen Klanggenuss!<\/p>\n<p>100% analog &#8211; made in Germany.<\/p>\n","protected":false},"excerpt":{"rendered":"<p><strong><small>Der \u201ePion-Plus&#8221; ist ein 100% analoges, in Handarbeit gefertigtes und \u00fcberaus flexibles Booster-Effektger\u00e4t. <\/small><\/strong><\/p>\n","protected":false},"featured_media":11442,"comment_status":"closed","ping_status":"closed","template":"","meta":{"_et_pb_use_builder":"","_et_pb_old_content":"","_et_gb_content_width":""},"product_brand":[],"product_cat":[1100],"product_tag":[],"class_list":{"0":"post-11441","1":"product","2":"type-product","3":"status-publish","4":"has-post-thumbnail","6":"product_cat-vahlbruch","7":"product_shipping_class-small","8":"pa_artikelzustand-neuer-artikel","10":"first","11":"instock","12":"taxable","13":"shipping-taxable","14":"purchasable","15":"product-type-simple"},"composite_virtual":false,"composite_layout":"","composite_add_to_cart_form_location":"","composite_editable_in_cart":false,"composite_sold_individually_context":"","composite_shop_price_calc":"","composite_components":[],"composite_scenarios":[],"pp_statuses_selecting_workflow":false,"pp_workflow_action":"current","pp_status_selection":"publish","yoast_head":"<!-- This site is optimized with the Yoast SEO plugin v26.8 - https:\/\/yoast.com\/product\/yoast-seo-wordpress\/ -->\n<title>Vahlbruch Pion Plus - captain-guitar-lounge.com<\/title>\n<meta name=\"robots\" content=\"index, follow, max-snippet:-1, max-image-preview:large, max-video-preview:-1\" \/>\n<link rel=\"canonical\" href=\"https:\/\/captain-guitar-lounge.com\/en\/product\/vahlbruch-pion-plus\/\" \/>\n<meta property=\"og:locale\" content=\"en_US\" \/>\n<meta property=\"og:type\" content=\"article\" \/>\n<meta property=\"og:title\" content=\"Vahlbruch Pion Plus - captain-guitar-lounge.com\" \/>\n<meta property=\"og:description\" content=\"Der \u201ePion-Plus&quot; ist ein 100% analoges, in Handarbeit gefertigtes und \u00fcberaus flexibles Booster-Effektger\u00e4t.\" \/>\n<meta property=\"og:url\" content=\"https:\/\/captain-guitar-lounge.com\/en\/product\/vahlbruch-pion-plus\/\" \/>\n<meta property=\"og:site_name\" content=\"captain-guitar-lounge.com\" \/>\n<meta property=\"article:publisher\" content=\"https:\/\/www.facebook.com\/Captain-Guitar-Lounge-140457272682315\/\" \/>\n<meta property=\"article:modified_time\" content=\"2023-12-07T15:26:00+00:00\" \/>\n<meta property=\"og:image\" content=\"https:\/\/captain-guitar-lounge.com\/wp-content\/uploads\/2020\/05\/PionPLus.jpg\" \/>\n\t<meta property=\"og:image:width\" content=\"540\" \/>\n\t<meta property=\"og:image:height\" content=\"542\" \/>\n\t<meta property=\"og:image:type\" content=\"image\/jpeg\" \/>\n<meta name=\"twitter:card\" content=\"summary_large_image\" \/>\n<meta name=\"twitter:label1\" content=\"Est. reading time\" \/>\n\t<meta name=\"twitter:data1\" content=\"2 minutes\" \/>\n<script type=\"application\/ld+json\" class=\"yoast-schema-graph\">{\"@context\":\"https:\/\/schema.org\",\"@graph\":[{\"@type\":\"WebPage\",\"@id\":\"https:\/\/captain-guitar-lounge.com\/en\/product\/vahlbruch-pion-plus\/\",\"url\":\"https:\/\/captain-guitar-lounge.com\/en\/product\/vahlbruch-pion-plus\/\",\"name\":\"Vahlbruch Pion Plus - captain-guitar-lounge.com\",\"isPartOf\":{\"@id\":\"https:\/\/captain-guitar-lounge.com\/en\/#website\"},\"primaryImageOfPage\":{\"@id\":\"https:\/\/captain-guitar-lounge.com\/en\/product\/vahlbruch-pion-plus\/#primaryimage\"},\"image\":{\"@id\":\"https:\/\/captain-guitar-lounge.com\/en\/product\/vahlbruch-pion-plus\/#primaryimage\"},\"thumbnailUrl\":\"https:\/\/captain-guitar-lounge.com\/wp-content\/uploads\/2020\/05\/PionPLus.jpg\",\"datePublished\":\"2020-05-26T13:45:01+00:00\",\"dateModified\":\"2023-12-07T15:26:00+00:00\",\"breadcrumb\":{\"@id\":\"https:\/\/captain-guitar-lounge.com\/en\/product\/vahlbruch-pion-plus\/#breadcrumb\"},\"inLanguage\":\"en-US\",\"potentialAction\":[{\"@type\":\"ReadAction\",\"target\":[\"https:\/\/captain-guitar-lounge.com\/en\/product\/vahlbruch-pion-plus\/\"]}]},{\"@type\":\"ImageObject\",\"inLanguage\":\"en-US\",\"@id\":\"https:\/\/captain-guitar-lounge.com\/en\/product\/vahlbruch-pion-plus\/#primaryimage\",\"url\":\"https:\/\/captain-guitar-lounge.com\/wp-content\/uploads\/2020\/05\/PionPLus.jpg\",\"contentUrl\":\"https:\/\/captain-guitar-lounge.com\/wp-content\/uploads\/2020\/05\/PionPLus.jpg\",\"width\":540,\"height\":542,\"caption\":\"Vahlbruch Pion Plus\"},{\"@type\":\"BreadcrumbList\",\"@id\":\"https:\/\/captain-guitar-lounge.com\/en\/product\/vahlbruch-pion-plus\/#breadcrumb\",\"itemListElement\":[{\"@type\":\"ListItem\",\"position\":1,\"name\":\"Startseite\",\"item\":\"https:\/\/captain-guitar-lounge.com\/en\/\"},{\"@type\":\"ListItem\",\"position\":2,\"name\":\"Shop\",\"item\":\"https:\/\/captain-guitar-lounge.com\/shop\/\"},{\"@type\":\"ListItem\",\"position\":3,\"name\":\"Vahlbruch Pion Plus\"}]},{\"@type\":\"WebSite\",\"@id\":\"https:\/\/captain-guitar-lounge.com\/en\/#website\",\"url\":\"https:\/\/captain-guitar-lounge.com\/en\/\",\"name\":\"captain-guitar-lounge.com\",\"description\":\"Fine Amps and Guitars and more\",\"potentialAction\":[{\"@type\":\"SearchAction\",\"target\":{\"@type\":\"EntryPoint\",\"urlTemplate\":\"https:\/\/captain-guitar-lounge.com\/en\/?s={search_term_string}\"},\"query-input\":{\"@type\":\"PropertyValueSpecification\",\"valueRequired\":true,\"valueName\":\"search_term_string\"}}],\"inLanguage\":\"en-US\"}]}<\/script>\n<!-- \/ Yoast SEO plugin. -->","yoast_head_json":{"title":"Vahlbruch Pion Plus - captain-guitar-lounge.com","robots":{"index":"index","follow":"follow","max-snippet":"max-snippet:-1","max-image-preview":"max-image-preview:large","max-video-preview":"max-video-preview:-1"},"canonical":"https:\/\/captain-guitar-lounge.com\/en\/product\/vahlbruch-pion-plus\/","og_locale":"en_US","og_type":"article","og_title":"Vahlbruch Pion Plus - captain-guitar-lounge.com","og_description":"Der \u201ePion-Plus\" ist ein 100% analoges, in Handarbeit gefertigtes und \u00fcberaus flexibles Booster-Effektger\u00e4t.","og_url":"https:\/\/captain-guitar-lounge.com\/en\/product\/vahlbruch-pion-plus\/","og_site_name":"captain-guitar-lounge.com","article_publisher":"https:\/\/www.facebook.com\/Captain-Guitar-Lounge-140457272682315\/","article_modified_time":"2023-12-07T15:26:00+00:00","og_image":[{"width":540,"height":542,"url":"https:\/\/captain-guitar-lounge.com\/wp-content\/uploads\/2020\/05\/PionPLus.jpg","type":"image\/jpeg"}],"twitter_card":"summary_large_image","twitter_misc":{"Est. reading time":"2 minutes"},"schema":{"@context":"https:\/\/schema.org","@graph":[{"@type":"WebPage","@id":"https:\/\/captain-guitar-lounge.com\/en\/product\/vahlbruch-pion-plus\/","url":"https:\/\/captain-guitar-lounge.com\/en\/product\/vahlbruch-pion-plus\/","name":"Vahlbruch Pion Plus - captain-guitar-lounge.com","isPartOf":{"@id":"https:\/\/captain-guitar-lounge.com\/en\/#website"},"primaryImageOfPage":{"@id":"https:\/\/captain-guitar-lounge.com\/en\/product\/vahlbruch-pion-plus\/#primaryimage"},"image":{"@id":"https:\/\/captain-guitar-lounge.com\/en\/product\/vahlbruch-pion-plus\/#primaryimage"},"thumbnailUrl":"https:\/\/captain-guitar-lounge.com\/wp-content\/uploads\/2020\/05\/PionPLus.jpg","datePublished":"2020-05-26T13:45:01+00:00","dateModified":"2023-12-07T15:26:00+00:00","breadcrumb":{"@id":"https:\/\/captain-guitar-lounge.com\/en\/product\/vahlbruch-pion-plus\/#breadcrumb"},"inLanguage":"en-US","potentialAction":[{"@type":"ReadAction","target":["https:\/\/captain-guitar-lounge.com\/en\/product\/vahlbruch-pion-plus\/"]}]},{"@type":"ImageObject","inLanguage":"en-US","@id":"https:\/\/captain-guitar-lounge.com\/en\/product\/vahlbruch-pion-plus\/#primaryimage","url":"https:\/\/captain-guitar-lounge.com\/wp-content\/uploads\/2020\/05\/PionPLus.jpg","contentUrl":"https:\/\/captain-guitar-lounge.com\/wp-content\/uploads\/2020\/05\/PionPLus.jpg","width":540,"height":542,"caption":"Vahlbruch Pion Plus"},{"@type":"BreadcrumbList","@id":"https:\/\/captain-guitar-lounge.com\/en\/product\/vahlbruch-pion-plus\/#breadcrumb","itemListElement":[{"@type":"ListItem","position":1,"name":"Startseite","item":"https:\/\/captain-guitar-lounge.com\/en\/"},{"@type":"ListItem","position":2,"name":"Shop","item":"https:\/\/captain-guitar-lounge.com\/shop\/"},{"@type":"ListItem","position":3,"name":"Vahlbruch Pion Plus"}]},{"@type":"WebSite","@id":"https:\/\/captain-guitar-lounge.com\/en\/#website","url":"https:\/\/captain-guitar-lounge.com\/en\/","name":"captain-guitar-lounge.com","description":"Fine Amps and Guitars and more","potentialAction":[{"@type":"SearchAction","target":{"@type":"EntryPoint","urlTemplate":"https:\/\/captain-guitar-lounge.com\/en\/?s={search_term_string}"},"query-input":{"@type":"PropertyValueSpecification","valueRequired":true,"valueName":"search_term_string"}}],"inLanguage":"en-US"}]}},"_links":{"self":[{"href":"https:\/\/captain-guitar-lounge.com\/en\/wp-json\/wp\/v2\/product\/11441","targetHints":{"allow":["GET"]}}],"collection":[{"href":"https:\/\/captain-guitar-lounge.com\/en\/wp-json\/wp\/v2\/product"}],"about":[{"href":"https:\/\/captain-guitar-lounge.com\/en\/wp-json\/wp\/v2\/types\/product"}],"replies":[{"embeddable":true,"href":"https:\/\/captain-guitar-lounge.com\/en\/wp-json\/wp\/v2\/comments?post=11441"}],"wp:featuredmedia":[{"embeddable":true,"href":"https:\/\/captain-guitar-lounge.com\/en\/wp-json\/wp\/v2\/media\/11442"}],"wp:attachment":[{"href":"https:\/\/captain-guitar-lounge.com\/en\/wp-json\/wp\/v2\/media?parent=11441"}],"wp:term":[{"taxonomy":"product_brand","embeddable":true,"href":"https:\/\/captain-guitar-lounge.com\/en\/wp-json\/wp\/v2\/product_brand?post=11441"},{"taxonomy":"product_cat","embeddable":true,"href":"https:\/\/captain-guitar-lounge.com\/en\/wp-json\/wp\/v2\/product_cat?post=11441"},{"taxonomy":"product_tag","embeddable":true,"href":"https:\/\/captain-guitar-lounge.com\/en\/wp-json\/wp\/v2\/product_tag?post=11441"}],"curies":[{"name":"wp","href":"https:\/\/api.w.org\/{rel}","templated":true}]}}