{"id":11443,"date":"2020-05-26T15:48:58","date_gmt":"2020-05-26T13:48:58","guid":{"rendered":"https:\/\/captain-guitar-lounge.com\/?p=11443&#038;post_type=product&#038;preview_id=11443"},"modified":"2023-12-07T16:26:01","modified_gmt":"2023-12-07T15:26:01","slug":"vahlbruch-pipeline","status":"publish","type":"product","link":"https:\/\/captain-guitar-lounge.com\/en\/product\/vahlbruch-pipeline\/","title":{"rendered":"Vahlbruch Pipeline"},"content":{"rendered":"<p align=\"justify\">Das \u201ePipeline&#8221; ist ein in Handarbeit gefertigtes Hallger\u00e4t, das den legend\u00e4ren Hallspiralen- Klang von alten R\u00f6hrenverst\u00e4rkern ins Pedalformat zaubert. In seinem einzigartigen Schaltkreis vereint es die Vorz\u00fcge von analoger und digitaler Audio-Technik. Entstanden ist hierdurch ein klassisch analog und warm klingendes Reverb-Pedal mit intuitiver Handhabung. Das direkte Gitarrensignal durchl\u00e4uft keine Digitalisierung, es ist also frei von Latenzen. Der Charakter und die Dynamik von Verst\u00e4rker und Gitarre bleiben somit voll erhalten. Auch die Signalbearbeitung vor und nach der Hallerzeugung ist zu 100% analog! Ausschlie\u00dflich die Hallspiralen-Simulation erfolgt digital und wird zum parallelen Analogsignal addiert.<\/p>\n<p>Die Bedienung ist sehr einfach:<br \/>\n<b><i>\u201eReverb&#8221;<\/i><\/b> bestimmt die Intensit\u00e4t des Hallsignals. Regler auf \u201e2 Uhr&#8221; ist ein guter Startpunkt. <b><em>\u201eVolume&#8221; <\/em><\/b> reguliert die Gesamtlautst\u00e4rke des Pedals. Von ganz leise bis zu +7dB Boost. Befindet sich der Volume-Regler in der Mitte, sind Ein- und Ausgang gleich laut.<br \/>\nZwei Kippschalter erweiteren die Einstellm\u00f6glichkeiten:<br \/>\nMit <b><em>\u201eSprings&#8221; <\/em><\/b>l\u00e4sst sich die Anzahl und L\u00e4nge der simulierten Federn der Hallspirale variieren: S=Short, M=Medium, L=Long. Hierdurch ergeben sich verschiedene Nachhall-zeiten, Reverb-Dichten und Frequenzverhalten \u2014 ganz getreu der mechanischen Vorbilder. Ein interner Trimmer erlaubt die L(ong)-Halldauer weiter dem pers\u00f6nlichen Geschmack anzupassen.<br \/>\nDer <b><em>\u201eTone&#8221;<\/em><\/b> Kippschalter beeinflusst die Klangfarbe der simulierten Hallspirale. In drei Stufen N=Neutral, B=Bright und D=Dark ver\u00e4nderen sich die Anteile der Pr\u00e4senzen im Hallsignal, so dass wahlweise analog warme oder h\u00f6henreich crispe Reverbsounds eingestellt werden k\u00f6nnen. Das originale Gitarrensignal bleibt davon nat\u00fcrlich unbeeinflusst.<\/p>\n<p>Wie alle Vahlbruch Pedale wurde auch \u201ePipeline&#8221; in Handarbeit unter Verwendung hochwertiger Bauteile hergestellt &#8211; f\u00fcr viele Jahre au\u00dfergew\u00f6hnlichen Klanggenuss!<\/p>\n<p><small>Technische Daten:<\/small><\/p>\n<ul type=\"disk\">\n<li>Reverb-Regler bestimmt die Hallintensit\u00e4t<\/li>\n<li>Volume-Regler steuert die Gesamtlautst\u00e4rke von \u2013\u221e bis zu +7dB Boost<\/li>\n<li>Springs-Schalter: (S)hort, (M)edium, (L)ong reguliert die Anzahl und L\u00e4nge der Federn<\/li>\n<li>Tone-Schalter: (N)eutral, (B)right, (D)ark variiert die Klangfarbe der Hallspirale<\/li>\n<li>Besondere Zuverl\u00e4ssigkeit und Wartungsfreundlichkeit durch sorgf\u00e4ltige freie Verdrahtung von Buchsen und Fu\u00dfschalter.<\/li>\n<li>Robuste \u201eTrue Bypass&#8221;-Schaltung, eine orange LED zeigt den Status an.<\/li>\n<li>Eingangsmpedanz: 1MOhm<\/li>\n<li>Ausgangsimpedanz: 1kOhm<\/li>\n<li>Der Stromverbrauch betr\u00e4gt 70mA.<\/li>\n<li>9V Stromversorgung \u00fcber externes Netzteil, erforderliche Polung: +9V Au\u00dfen, 0 Innen. (Nicht im Lieferumfang enthalten.)<\/li>\n<li>Abmessungen (LxBxH): 112mm x 70mm x 48mm<\/li>\n<li>Gewicht: 240g<\/li>\n<\/ul>\n<p>&nbsp;<\/p>\n<p>&nbsp;<\/p>\n","protected":false},"excerpt":{"rendered":"<p><strong>Das \u201ePipeline&#8221; ist ein in Handarbeit gefertigtes Hallger\u00e4t, das den legend\u00e4ren Hallspiralen- Klang von alten R\u00f6hrenverst\u00e4rkern ins Pedalformat zaubert.<\/strong><\/p>\n","protected":false},"featured_media":11444,"comment_status":"closed","ping_status":"closed","template":"","meta":{"_et_pb_use_builder":"","_et_pb_old_content":"","_et_gb_content_width":""},"product_brand":[],"product_cat":[1100],"product_tag":[],"class_list":{"0":"post-11443","1":"product","2":"type-product","3":"status-publish","4":"has-post-thumbnail","6":"product_cat-vahlbruch","7":"product_shipping_class-small","8":"pa_artikelzustand-neuer-artikel","10":"first","11":"instock","12":"taxable","13":"shipping-taxable","14":"purchasable","15":"product-type-simple"},"composite_virtual":false,"composite_layout":"","composite_add_to_cart_form_location":"","composite_editable_in_cart":false,"composite_sold_individually_context":"","composite_shop_price_calc":"","composite_components":[],"composite_scenarios":[],"pp_statuses_selecting_workflow":false,"pp_workflow_action":"current","pp_status_selection":"publish","yoast_head":"<!-- This site is optimized with the Yoast SEO plugin v26.8 - https:\/\/yoast.com\/product\/yoast-seo-wordpress\/ -->\n<title>Vahlbruch Pipeline - captain-guitar-lounge.com<\/title>\n<meta name=\"robots\" content=\"index, follow, max-snippet:-1, max-image-preview:large, max-video-preview:-1\" \/>\n<link rel=\"canonical\" href=\"https:\/\/captain-guitar-lounge.com\/en\/product\/vahlbruch-pipeline\/\" \/>\n<meta property=\"og:locale\" content=\"en_US\" \/>\n<meta property=\"og:type\" content=\"article\" \/>\n<meta property=\"og:title\" content=\"Vahlbruch Pipeline - captain-guitar-lounge.com\" \/>\n<meta property=\"og:description\" content=\"Das \u201ePipeline&quot; ist ein in Handarbeit gefertigtes Hallger\u00e4t, das den legend\u00e4ren Hallspiralen- Klang von alten R\u00f6hrenverst\u00e4rkern ins Pedalformat zaubert.\" \/>\n<meta property=\"og:url\" content=\"https:\/\/captain-guitar-lounge.com\/en\/product\/vahlbruch-pipeline\/\" \/>\n<meta property=\"og:site_name\" content=\"captain-guitar-lounge.com\" \/>\n<meta property=\"article:publisher\" content=\"https:\/\/www.facebook.com\/Captain-Guitar-Lounge-140457272682315\/\" \/>\n<meta property=\"article:modified_time\" content=\"2023-12-07T15:26:01+00:00\" \/>\n<meta property=\"og:image\" content=\"https:\/\/captain-guitar-lounge.com\/wp-content\/uploads\/2020\/05\/Pipeline.jpg\" \/>\n\t<meta property=\"og:image:width\" content=\"549\" \/>\n\t<meta property=\"og:image:height\" content=\"550\" \/>\n\t<meta property=\"og:image:type\" content=\"image\/jpeg\" \/>\n<meta name=\"twitter:card\" content=\"summary_large_image\" \/>\n<meta name=\"twitter:label1\" content=\"Est. reading time\" \/>\n\t<meta name=\"twitter:data1\" content=\"2 minutes\" \/>\n<script type=\"application\/ld+json\" class=\"yoast-schema-graph\">{\"@context\":\"https:\/\/schema.org\",\"@graph\":[{\"@type\":\"WebPage\",\"@id\":\"https:\/\/captain-guitar-lounge.com\/en\/product\/vahlbruch-pipeline\/\",\"url\":\"https:\/\/captain-guitar-lounge.com\/en\/product\/vahlbruch-pipeline\/\",\"name\":\"Vahlbruch Pipeline - captain-guitar-lounge.com\",\"isPartOf\":{\"@id\":\"https:\/\/captain-guitar-lounge.com\/en\/#website\"},\"primaryImageOfPage\":{\"@id\":\"https:\/\/captain-guitar-lounge.com\/en\/product\/vahlbruch-pipeline\/#primaryimage\"},\"image\":{\"@id\":\"https:\/\/captain-guitar-lounge.com\/en\/product\/vahlbruch-pipeline\/#primaryimage\"},\"thumbnailUrl\":\"https:\/\/captain-guitar-lounge.com\/wp-content\/uploads\/2020\/05\/Pipeline.jpg\",\"datePublished\":\"2020-05-26T13:48:58+00:00\",\"dateModified\":\"2023-12-07T15:26:01+00:00\",\"breadcrumb\":{\"@id\":\"https:\/\/captain-guitar-lounge.com\/en\/product\/vahlbruch-pipeline\/#breadcrumb\"},\"inLanguage\":\"en-US\",\"potentialAction\":[{\"@type\":\"ReadAction\",\"target\":[\"https:\/\/captain-guitar-lounge.com\/en\/product\/vahlbruch-pipeline\/\"]}]},{\"@type\":\"ImageObject\",\"inLanguage\":\"en-US\",\"@id\":\"https:\/\/captain-guitar-lounge.com\/en\/product\/vahlbruch-pipeline\/#primaryimage\",\"url\":\"https:\/\/captain-guitar-lounge.com\/wp-content\/uploads\/2020\/05\/Pipeline.jpg\",\"contentUrl\":\"https:\/\/captain-guitar-lounge.com\/wp-content\/uploads\/2020\/05\/Pipeline.jpg\",\"width\":549,\"height\":550,\"caption\":\"Vahlbruch Pipeline\"},{\"@type\":\"BreadcrumbList\",\"@id\":\"https:\/\/captain-guitar-lounge.com\/en\/product\/vahlbruch-pipeline\/#breadcrumb\",\"itemListElement\":[{\"@type\":\"ListItem\",\"position\":1,\"name\":\"Startseite\",\"item\":\"https:\/\/captain-guitar-lounge.com\/en\/\"},{\"@type\":\"ListItem\",\"position\":2,\"name\":\"Shop\",\"item\":\"https:\/\/captain-guitar-lounge.com\/shop\/\"},{\"@type\":\"ListItem\",\"position\":3,\"name\":\"Vahlbruch Pipeline\"}]},{\"@type\":\"WebSite\",\"@id\":\"https:\/\/captain-guitar-lounge.com\/en\/#website\",\"url\":\"https:\/\/captain-guitar-lounge.com\/en\/\",\"name\":\"captain-guitar-lounge.com\",\"description\":\"Fine Amps and Guitars and more\",\"potentialAction\":[{\"@type\":\"SearchAction\",\"target\":{\"@type\":\"EntryPoint\",\"urlTemplate\":\"https:\/\/captain-guitar-lounge.com\/en\/?s={search_term_string}\"},\"query-input\":{\"@type\":\"PropertyValueSpecification\",\"valueRequired\":true,\"valueName\":\"search_term_string\"}}],\"inLanguage\":\"en-US\"}]}<\/script>\n<!-- \/ Yoast SEO plugin. -->","yoast_head_json":{"title":"Vahlbruch Pipeline - captain-guitar-lounge.com","robots":{"index":"index","follow":"follow","max-snippet":"max-snippet:-1","max-image-preview":"max-image-preview:large","max-video-preview":"max-video-preview:-1"},"canonical":"https:\/\/captain-guitar-lounge.com\/en\/product\/vahlbruch-pipeline\/","og_locale":"en_US","og_type":"article","og_title":"Vahlbruch Pipeline - captain-guitar-lounge.com","og_description":"Das \u201ePipeline\" ist ein in Handarbeit gefertigtes Hallger\u00e4t, das den legend\u00e4ren Hallspiralen- Klang von alten R\u00f6hrenverst\u00e4rkern ins Pedalformat zaubert.","og_url":"https:\/\/captain-guitar-lounge.com\/en\/product\/vahlbruch-pipeline\/","og_site_name":"captain-guitar-lounge.com","article_publisher":"https:\/\/www.facebook.com\/Captain-Guitar-Lounge-140457272682315\/","article_modified_time":"2023-12-07T15:26:01+00:00","og_image":[{"width":549,"height":550,"url":"https:\/\/captain-guitar-lounge.com\/wp-content\/uploads\/2020\/05\/Pipeline.jpg","type":"image\/jpeg"}],"twitter_card":"summary_large_image","twitter_misc":{"Est. reading time":"2 minutes"},"schema":{"@context":"https:\/\/schema.org","@graph":[{"@type":"WebPage","@id":"https:\/\/captain-guitar-lounge.com\/en\/product\/vahlbruch-pipeline\/","url":"https:\/\/captain-guitar-lounge.com\/en\/product\/vahlbruch-pipeline\/","name":"Vahlbruch Pipeline - captain-guitar-lounge.com","isPartOf":{"@id":"https:\/\/captain-guitar-lounge.com\/en\/#website"},"primaryImageOfPage":{"@id":"https:\/\/captain-guitar-lounge.com\/en\/product\/vahlbruch-pipeline\/#primaryimage"},"image":{"@id":"https:\/\/captain-guitar-lounge.com\/en\/product\/vahlbruch-pipeline\/#primaryimage"},"thumbnailUrl":"https:\/\/captain-guitar-lounge.com\/wp-content\/uploads\/2020\/05\/Pipeline.jpg","datePublished":"2020-05-26T13:48:58+00:00","dateModified":"2023-12-07T15:26:01+00:00","breadcrumb":{"@id":"https:\/\/captain-guitar-lounge.com\/en\/product\/vahlbruch-pipeline\/#breadcrumb"},"inLanguage":"en-US","potentialAction":[{"@type":"ReadAction","target":["https:\/\/captain-guitar-lounge.com\/en\/product\/vahlbruch-pipeline\/"]}]},{"@type":"ImageObject","inLanguage":"en-US","@id":"https:\/\/captain-guitar-lounge.com\/en\/product\/vahlbruch-pipeline\/#primaryimage","url":"https:\/\/captain-guitar-lounge.com\/wp-content\/uploads\/2020\/05\/Pipeline.jpg","contentUrl":"https:\/\/captain-guitar-lounge.com\/wp-content\/uploads\/2020\/05\/Pipeline.jpg","width":549,"height":550,"caption":"Vahlbruch Pipeline"},{"@type":"BreadcrumbList","@id":"https:\/\/captain-guitar-lounge.com\/en\/product\/vahlbruch-pipeline\/#breadcrumb","itemListElement":[{"@type":"ListItem","position":1,"name":"Startseite","item":"https:\/\/captain-guitar-lounge.com\/en\/"},{"@type":"ListItem","position":2,"name":"Shop","item":"https:\/\/captain-guitar-lounge.com\/shop\/"},{"@type":"ListItem","position":3,"name":"Vahlbruch Pipeline"}]},{"@type":"WebSite","@id":"https:\/\/captain-guitar-lounge.com\/en\/#website","url":"https:\/\/captain-guitar-lounge.com\/en\/","name":"captain-guitar-lounge.com","description":"Fine Amps and Guitars and more","potentialAction":[{"@type":"SearchAction","target":{"@type":"EntryPoint","urlTemplate":"https:\/\/captain-guitar-lounge.com\/en\/?s={search_term_string}"},"query-input":{"@type":"PropertyValueSpecification","valueRequired":true,"valueName":"search_term_string"}}],"inLanguage":"en-US"}]}},"_links":{"self":[{"href":"https:\/\/captain-guitar-lounge.com\/en\/wp-json\/wp\/v2\/product\/11443","targetHints":{"allow":["GET"]}}],"collection":[{"href":"https:\/\/captain-guitar-lounge.com\/en\/wp-json\/wp\/v2\/product"}],"about":[{"href":"https:\/\/captain-guitar-lounge.com\/en\/wp-json\/wp\/v2\/types\/product"}],"replies":[{"embeddable":true,"href":"https:\/\/captain-guitar-lounge.com\/en\/wp-json\/wp\/v2\/comments?post=11443"}],"wp:featuredmedia":[{"embeddable":true,"href":"https:\/\/captain-guitar-lounge.com\/en\/wp-json\/wp\/v2\/media\/11444"}],"wp:attachment":[{"href":"https:\/\/captain-guitar-lounge.com\/en\/wp-json\/wp\/v2\/media?parent=11443"}],"wp:term":[{"taxonomy":"product_brand","embeddable":true,"href":"https:\/\/captain-guitar-lounge.com\/en\/wp-json\/wp\/v2\/product_brand?post=11443"},{"taxonomy":"product_cat","embeddable":true,"href":"https:\/\/captain-guitar-lounge.com\/en\/wp-json\/wp\/v2\/product_cat?post=11443"},{"taxonomy":"product_tag","embeddable":true,"href":"https:\/\/captain-guitar-lounge.com\/en\/wp-json\/wp\/v2\/product_tag?post=11443"}],"curies":[{"name":"wp","href":"https:\/\/api.w.org\/{rel}","templated":true}]}}