{"id":11559,"date":"2020-06-14T10:01:56","date_gmt":"2020-06-14T08:01:56","guid":{"rendered":"https:\/\/captain-guitar-lounge.com\/?post_type=product&#038;p=11559"},"modified":"2023-12-07T16:25:59","modified_gmt":"2023-12-07T15:25:59","slug":"vahlbruch-kaluna-high-voltage-tube-drive-80124","status":"publish","type":"product","link":"https:\/\/captain-guitar-lounge.com\/en\/product\/vahlbruch-kaluna-high-voltage-tube-drive-80124\/","title":{"rendered":"Vahlbruch Kaluna High Voltage Tube Drive"},"content":{"rendered":"<p>(Original Produktbeschreibung)<strong><br \/>\n<\/strong> <strong>Vahlbruch KALUNA : High Voltage Tube Drive<\/strong><br \/>\n<small><\/small><\/p>\n<p align=\"justify\">Das Vahlbruch KALUNA ist ein von Grund auf neu entwickeltes Overdrive\/Distortion-Pedal, in dessen 100% analoger Schaltung eine mit 250 Volt betriebene ECC83\/12AX7 Doppeltrioden-R\u00f6hre das Herzst\u00fcck bildet. Die f\u00fcr diese Art R\u00f6hrenschaltung erforderliche Hochspannung wird im Inneren des Pedals eigenst\u00e4ndig aus der Standard-9V-Stromversorgung erzeugt und ist f\u00fcr den &#8220;richtigen&#8221; Oberton-Gehalt, die gewisse Overdrive-Transparenz, das perkussive Attack-Verhalten und die typisch-komplexe Kompression verantwortlich, die wir alle auch von \u00fcbersteuerten R\u00f6hrenverst\u00e4rkern her kennen und lieben.<br \/>\nDas KALUNA ist intuitiv zu bedienen und verf\u00fcgt \u00fcber ein breites Spektrum an Verzerrungs-Charakteristiken von milden Breakup-Sounds bis hin zu cremiger S\u00e4ttigung. Diese Vielseitigkeit ist gepaart mit einer \u00fcberaus offenen Klangcharakteristik, einer hohen Transparenz und einer gro\u00dfen Dynamik. So reagiert das Pedal au\u00dfergew\u00f6hnlich anschlagsdynamisch und die Unterschiede zwischen weichem und h\u00e4rterem Picking werden in allen Nuancen direkt und unverf\u00e4lscht wiedergegeben. Zudem gestalten die aufgrund dieser einzigartigen Schaltung stets homogen und musikalisch-harmonisch erscheinenden Obert\u00f6ne den Gitarren-Sound extrem organisch, &#8220;griffig&#8221; und dreidimensional.<br \/>\nDas KALUNA verf\u00fcgt \u00fcber eine besonders vielseitige aktive Dreiband-Klangregelung, die innerhalb der Schaltung nach der R\u00f6hre platziert ist. Somit stellt sie das perfekte Werkzeug dar, um das Klangspektrum des Pedals an das verwendete Setup von Gitarre, Effektkette und Amp optimal anzupassen.<br \/>\nDas Vahlbruch KALUNA klingt nicht nur definitiv anders als typische Solid-State Overdrive\/Distortion-Pedale, sondern dominiert auch niemals den nat\u00fcrlichen Klangcharakter der Gitarre und des Verst\u00e4rkers.<\/p>\n<p><b>Ausgestattet mit meinem &#8220;Magnetic Transducer Button = MagTraB&#8221; Schaltkonzept:<\/b><br \/>\nDer Fu\u00dfschalter ist als Taster ohne sp\u00fcrbaren Druckpunkt ausgef\u00fchrt. Im Kopf des Tasters ist ein Magnet eingearbeitet, dessen jeweilige Position von einem Sensor im Inneren des Ger\u00e4tes erfasst wird. Wird der Taster nun bewegt, z.B. wenn er nach unten gedr\u00fcckt wird, bewegt sich der Magnet mit und ver\u00e4ndert dadurch seine Position. Diese \u00c4nderung misst der Sensor kontaktlos und gibt sie \u00fcber einen Mikro-Controller an ein goldkontaktiertes Relais weiter, das den Schaltvorgang in der Schaltung durchf\u00fchrt. Die Vorteile:<\/p>\n<ul type=\"disk\">\n<li style=\"list-style-type: none\">\n<ul type=\"disk\">\n<li>MagTraB Taster sind so gut wie unzerst\u00f6rbar! Sie liefern eine nahezu unendliche Anzahl Schaltzyklen &#8211; viele, viele Millionen!!<\/li>\n<li>Kein st\u00f6rendes, mechanisches Schalterknacken mehr! Vielmehr schaltet man sehr geschmeidig und nahezu lautlos.<\/li>\n<\/ul>\n<\/li>\n<\/ul>\n<p><small><b>Bei meinen Pedalen bestimmt der User, ob das Ger\u00e4t beim Einschalten im &#8220;Bypass&#8221;-Modus startet oder &#8220;On&#8221; ist!<\/b><br \/>\nEine individuelle Programmierung ist in nur vier Schritten erledigt:<\/small><\/p>\n<p><b>Schritt 1:<\/b> Trenne das Pedal von der Stromversorgung.<br \/>\n<b>Schritt 2:<\/b> Dr\u00fccke und halte den &#8220;MagTraB&#8221; Schalter.<br \/>\n<b>Schritt 3:<\/b> Verbinde die Stromversorgung wieder mit dem Pedal, w\u00e4hrend du den &#8220;MagTraB&#8221; Schalter weiterhin gedr\u00fcckt h\u00e4ltst.<br \/>\n<b>Schritt 4:<\/b> Lasse nun den &#8220;MagTraB&#8221; Schalter wieder los.<\/p>\n<p>Nun befindet sich das Pedal in dem jeweils anderen Start-Modus und startet beim n\u00e4chsten Mal in dem neu gew\u00e4hlten Zustand. Wiederhole die Schritte 1 bis 4, um diese Programmierung wieder r\u00fcckg\u00e4ngig zu machen.<\/p>\n<p><b><u>TECHNISCHE DATEN:<\/u><\/b><\/p>\n<ul>\n<li><small>Einzigartige MagTraB Schalter-Technologie<\/small><\/li>\n<li><small>Von Grund auf neu entwickelte Overdrive\/Distortion-Schaltung, die eine mit 250 Volt betriebene ECC83\/12AX7-R\u00f6hre beinhaltet.<\/small><\/li>\n<li><small>Die erforderliche Hochspannung wird im Inneren des Pedals aus der Standard-9V-Stromversorgung selbst erzeugt.<\/small><\/li>\n<li><small>Intuitive Drive- und Volume-Regelung<\/small><\/li>\n<li><small>Aktiver 3-Band-Equalizer, der einen Boost\/Cut-Bereich von +\/-12dB bietet<\/small><\/li>\n<li><small>Eingangsimpedanz: 1.0M Ohm, Ausgangsimpedanz: 100 Ohm<\/small><\/li>\n<li><small>Stromaufnahme: 500 mA<\/small><\/li>\n<li><small>Abmessungen: 120mm x 100mm x 48mm, Gewicht: 375g<\/small><\/li>\n<li><small>Handmade in Germany<\/small><\/li>\n<\/ul>\n<h3><small><small>Das Pedal ben\u00f6tigt ein externes 9V\/500mA-Netzteil<br \/>\n(optional erh\u00e4ltlich). Ich empfehle das BOSS PSA 230S<br \/>\noder ein vergleichbar rauscharmes Modell mit der Polarit\u00e4t:<br \/>\npostive@ring \/ negative@tip.<br \/>\nDas Pedal darf NICHT mit mehr als 9 Volt versorgt werden!<\/small><\/small><\/h3>\n<h5>Bei Bedarf kann ich das BOSS Netzteil f\u00fcr 29\u20ac extra mitliefern.<\/h5>\n<p>W\u00e4hrend der Aufw\u00e4rmzeit der R\u00f6hre blinkt die Status-LED 30 Sekunden lang, w\u00e4hrend das Pedal im Bypass-Modus verbleibt.<br \/>\nDanach ist die R\u00f6hre einsatzbereit und das Pedal kann aktiviert werden.<\/p>\n<p>&nbsp;<\/p>\n","protected":false},"excerpt":{"rendered":"<p><strong>Vahlbruch KALUNA : High Voltage Tube Drive<\/strong><\/p>\n","protected":false},"featured_media":11759,"comment_status":"closed","ping_status":"closed","template":"","meta":{"_et_pb_use_builder":"","_et_pb_old_content":"","_et_gb_content_width":""},"product_brand":[],"product_cat":[1100],"product_tag":[],"class_list":{"0":"post-11559","1":"product","2":"type-product","3":"status-publish","4":"has-post-thumbnail","6":"product_cat-vahlbruch","7":"product_shipping_class-small","8":"pa_artikelzustand-neuer-artikel","10":"first","11":"onbackorder","12":"sold-individually","13":"taxable","14":"shipping-taxable","15":"purchasable","16":"product-type-simple"},"composite_virtual":false,"composite_layout":"","composite_add_to_cart_form_location":"","composite_editable_in_cart":false,"composite_sold_individually_context":"","composite_shop_price_calc":"","composite_components":[],"composite_scenarios":[],"pp_statuses_selecting_workflow":false,"pp_workflow_action":"current","pp_status_selection":"publish","yoast_head":"<!-- This site is optimized with the Yoast SEO plugin v26.8 - https:\/\/yoast.com\/product\/yoast-seo-wordpress\/ -->\n<title>Vahlbruch Kaluna High Voltage Tube Drive - captain-guitar-lounge.com<\/title>\n<meta name=\"robots\" content=\"index, follow, max-snippet:-1, max-image-preview:large, max-video-preview:-1\" \/>\n<link rel=\"canonical\" href=\"https:\/\/captain-guitar-lounge.com\/en\/product\/vahlbruch-kaluna-high-voltage-tube-drive-80124\/\" \/>\n<meta property=\"og:locale\" content=\"en_US\" \/>\n<meta property=\"og:type\" content=\"article\" \/>\n<meta property=\"og:title\" content=\"Vahlbruch Kaluna High Voltage Tube Drive - captain-guitar-lounge.com\" \/>\n<meta property=\"og:description\" content=\"Vahlbruch KALUNA : High Voltage Tube Drive\" \/>\n<meta property=\"og:url\" content=\"https:\/\/captain-guitar-lounge.com\/en\/product\/vahlbruch-kaluna-high-voltage-tube-drive-80124\/\" \/>\n<meta property=\"og:site_name\" content=\"captain-guitar-lounge.com\" \/>\n<meta property=\"article:publisher\" content=\"https:\/\/www.facebook.com\/Captain-Guitar-Lounge-140457272682315\/\" \/>\n<meta property=\"article:modified_time\" content=\"2023-12-07T15:25:59+00:00\" \/>\n<meta property=\"og:image\" content=\"https:\/\/captain-guitar-lounge.com\/wp-content\/uploads\/2020\/06\/KalunaTrans538.png\" \/>\n\t<meta property=\"og:image:width\" content=\"538\" \/>\n\t<meta property=\"og:image:height\" content=\"538\" \/>\n\t<meta property=\"og:image:type\" content=\"image\/png\" \/>\n<meta name=\"twitter:card\" content=\"summary_large_image\" \/>\n<meta name=\"twitter:label1\" content=\"Est. reading time\" \/>\n\t<meta name=\"twitter:data1\" content=\"3 minutes\" \/>\n<script type=\"application\/ld+json\" class=\"yoast-schema-graph\">{\"@context\":\"https:\/\/schema.org\",\"@graph\":[{\"@type\":\"WebPage\",\"@id\":\"https:\/\/captain-guitar-lounge.com\/en\/product\/vahlbruch-kaluna-high-voltage-tube-drive-80124\/\",\"url\":\"https:\/\/captain-guitar-lounge.com\/en\/product\/vahlbruch-kaluna-high-voltage-tube-drive-80124\/\",\"name\":\"Vahlbruch Kaluna High Voltage Tube Drive - captain-guitar-lounge.com\",\"isPartOf\":{\"@id\":\"https:\/\/captain-guitar-lounge.com\/en\/#website\"},\"primaryImageOfPage\":{\"@id\":\"https:\/\/captain-guitar-lounge.com\/en\/product\/vahlbruch-kaluna-high-voltage-tube-drive-80124\/#primaryimage\"},\"image\":{\"@id\":\"https:\/\/captain-guitar-lounge.com\/en\/product\/vahlbruch-kaluna-high-voltage-tube-drive-80124\/#primaryimage\"},\"thumbnailUrl\":\"https:\/\/captain-guitar-lounge.com\/wp-content\/uploads\/2020\/06\/KalunaTrans538.png\",\"datePublished\":\"2020-06-14T08:01:56+00:00\",\"dateModified\":\"2023-12-07T15:25:59+00:00\",\"breadcrumb\":{\"@id\":\"https:\/\/captain-guitar-lounge.com\/en\/product\/vahlbruch-kaluna-high-voltage-tube-drive-80124\/#breadcrumb\"},\"inLanguage\":\"en-US\",\"potentialAction\":[{\"@type\":\"ReadAction\",\"target\":[\"https:\/\/captain-guitar-lounge.com\/en\/product\/vahlbruch-kaluna-high-voltage-tube-drive-80124\/\"]}]},{\"@type\":\"ImageObject\",\"inLanguage\":\"en-US\",\"@id\":\"https:\/\/captain-guitar-lounge.com\/en\/product\/vahlbruch-kaluna-high-voltage-tube-drive-80124\/#primaryimage\",\"url\":\"https:\/\/captain-guitar-lounge.com\/wp-content\/uploads\/2020\/06\/KalunaTrans538.png\",\"contentUrl\":\"https:\/\/captain-guitar-lounge.com\/wp-content\/uploads\/2020\/06\/KalunaTrans538.png\",\"width\":538,\"height\":538,\"caption\":\"KalunaTrans538\"},{\"@type\":\"BreadcrumbList\",\"@id\":\"https:\/\/captain-guitar-lounge.com\/en\/product\/vahlbruch-kaluna-high-voltage-tube-drive-80124\/#breadcrumb\",\"itemListElement\":[{\"@type\":\"ListItem\",\"position\":1,\"name\":\"Startseite\",\"item\":\"https:\/\/captain-guitar-lounge.com\/en\/\"},{\"@type\":\"ListItem\",\"position\":2,\"name\":\"Shop\",\"item\":\"https:\/\/captain-guitar-lounge.com\/shop\/\"},{\"@type\":\"ListItem\",\"position\":3,\"name\":\"Vahlbruch Kaluna High Voltage Tube Drive\"}]},{\"@type\":\"WebSite\",\"@id\":\"https:\/\/captain-guitar-lounge.com\/en\/#website\",\"url\":\"https:\/\/captain-guitar-lounge.com\/en\/\",\"name\":\"captain-guitar-lounge.com\",\"description\":\"Fine Amps and Guitars and more\",\"potentialAction\":[{\"@type\":\"SearchAction\",\"target\":{\"@type\":\"EntryPoint\",\"urlTemplate\":\"https:\/\/captain-guitar-lounge.com\/en\/?s={search_term_string}\"},\"query-input\":{\"@type\":\"PropertyValueSpecification\",\"valueRequired\":true,\"valueName\":\"search_term_string\"}}],\"inLanguage\":\"en-US\"}]}<\/script>\n<!-- \/ Yoast SEO plugin. -->","yoast_head_json":{"title":"Vahlbruch Kaluna High Voltage Tube Drive - captain-guitar-lounge.com","robots":{"index":"index","follow":"follow","max-snippet":"max-snippet:-1","max-image-preview":"max-image-preview:large","max-video-preview":"max-video-preview:-1"},"canonical":"https:\/\/captain-guitar-lounge.com\/en\/product\/vahlbruch-kaluna-high-voltage-tube-drive-80124\/","og_locale":"en_US","og_type":"article","og_title":"Vahlbruch Kaluna High Voltage Tube Drive - captain-guitar-lounge.com","og_description":"Vahlbruch KALUNA : High Voltage Tube Drive","og_url":"https:\/\/captain-guitar-lounge.com\/en\/product\/vahlbruch-kaluna-high-voltage-tube-drive-80124\/","og_site_name":"captain-guitar-lounge.com","article_publisher":"https:\/\/www.facebook.com\/Captain-Guitar-Lounge-140457272682315\/","article_modified_time":"2023-12-07T15:25:59+00:00","og_image":[{"width":538,"height":538,"url":"https:\/\/captain-guitar-lounge.com\/wp-content\/uploads\/2020\/06\/KalunaTrans538.png","type":"image\/png"}],"twitter_card":"summary_large_image","twitter_misc":{"Est. reading time":"3 minutes"},"schema":{"@context":"https:\/\/schema.org","@graph":[{"@type":"WebPage","@id":"https:\/\/captain-guitar-lounge.com\/en\/product\/vahlbruch-kaluna-high-voltage-tube-drive-80124\/","url":"https:\/\/captain-guitar-lounge.com\/en\/product\/vahlbruch-kaluna-high-voltage-tube-drive-80124\/","name":"Vahlbruch Kaluna High Voltage Tube Drive - captain-guitar-lounge.com","isPartOf":{"@id":"https:\/\/captain-guitar-lounge.com\/en\/#website"},"primaryImageOfPage":{"@id":"https:\/\/captain-guitar-lounge.com\/en\/product\/vahlbruch-kaluna-high-voltage-tube-drive-80124\/#primaryimage"},"image":{"@id":"https:\/\/captain-guitar-lounge.com\/en\/product\/vahlbruch-kaluna-high-voltage-tube-drive-80124\/#primaryimage"},"thumbnailUrl":"https:\/\/captain-guitar-lounge.com\/wp-content\/uploads\/2020\/06\/KalunaTrans538.png","datePublished":"2020-06-14T08:01:56+00:00","dateModified":"2023-12-07T15:25:59+00:00","breadcrumb":{"@id":"https:\/\/captain-guitar-lounge.com\/en\/product\/vahlbruch-kaluna-high-voltage-tube-drive-80124\/#breadcrumb"},"inLanguage":"en-US","potentialAction":[{"@type":"ReadAction","target":["https:\/\/captain-guitar-lounge.com\/en\/product\/vahlbruch-kaluna-high-voltage-tube-drive-80124\/"]}]},{"@type":"ImageObject","inLanguage":"en-US","@id":"https:\/\/captain-guitar-lounge.com\/en\/product\/vahlbruch-kaluna-high-voltage-tube-drive-80124\/#primaryimage","url":"https:\/\/captain-guitar-lounge.com\/wp-content\/uploads\/2020\/06\/KalunaTrans538.png","contentUrl":"https:\/\/captain-guitar-lounge.com\/wp-content\/uploads\/2020\/06\/KalunaTrans538.png","width":538,"height":538,"caption":"KalunaTrans538"},{"@type":"BreadcrumbList","@id":"https:\/\/captain-guitar-lounge.com\/en\/product\/vahlbruch-kaluna-high-voltage-tube-drive-80124\/#breadcrumb","itemListElement":[{"@type":"ListItem","position":1,"name":"Startseite","item":"https:\/\/captain-guitar-lounge.com\/en\/"},{"@type":"ListItem","position":2,"name":"Shop","item":"https:\/\/captain-guitar-lounge.com\/shop\/"},{"@type":"ListItem","position":3,"name":"Vahlbruch Kaluna High Voltage Tube Drive"}]},{"@type":"WebSite","@id":"https:\/\/captain-guitar-lounge.com\/en\/#website","url":"https:\/\/captain-guitar-lounge.com\/en\/","name":"captain-guitar-lounge.com","description":"Fine Amps and Guitars and more","potentialAction":[{"@type":"SearchAction","target":{"@type":"EntryPoint","urlTemplate":"https:\/\/captain-guitar-lounge.com\/en\/?s={search_term_string}"},"query-input":{"@type":"PropertyValueSpecification","valueRequired":true,"valueName":"search_term_string"}}],"inLanguage":"en-US"}]}},"_links":{"self":[{"href":"https:\/\/captain-guitar-lounge.com\/en\/wp-json\/wp\/v2\/product\/11559","targetHints":{"allow":["GET"]}}],"collection":[{"href":"https:\/\/captain-guitar-lounge.com\/en\/wp-json\/wp\/v2\/product"}],"about":[{"href":"https:\/\/captain-guitar-lounge.com\/en\/wp-json\/wp\/v2\/types\/product"}],"replies":[{"embeddable":true,"href":"https:\/\/captain-guitar-lounge.com\/en\/wp-json\/wp\/v2\/comments?post=11559"}],"wp:featuredmedia":[{"embeddable":true,"href":"https:\/\/captain-guitar-lounge.com\/en\/wp-json\/wp\/v2\/media\/11759"}],"wp:attachment":[{"href":"https:\/\/captain-guitar-lounge.com\/en\/wp-json\/wp\/v2\/media?parent=11559"}],"wp:term":[{"taxonomy":"product_brand","embeddable":true,"href":"https:\/\/captain-guitar-lounge.com\/en\/wp-json\/wp\/v2\/product_brand?post=11559"},{"taxonomy":"product_cat","embeddable":true,"href":"https:\/\/captain-guitar-lounge.com\/en\/wp-json\/wp\/v2\/product_cat?post=11559"},{"taxonomy":"product_tag","embeddable":true,"href":"https:\/\/captain-guitar-lounge.com\/en\/wp-json\/wp\/v2\/product_tag?post=11559"}],"curies":[{"name":"wp","href":"https:\/\/api.w.org\/{rel}","templated":true}]}}