{"id":11781,"date":"2020-06-14T09:58:22","date_gmt":"2020-06-14T07:58:22","guid":{"rendered":"https:\/\/captain-guitar-lounge.com\/?post_type=product&#038;p=11781"},"modified":"2023-12-07T16:17:35","modified_gmt":"2023-12-07T15:17:35","slug":"lehle-little-dual-ii-80203","status":"publish","type":"product","link":"https:\/\/captain-guitar-lounge.com\/en\/product\/lehle-little-dual-ii-80203\/","title":{"rendered":"Lehle Little Dual II"},"content":{"rendered":"<p><span class=\"notranslate\">Der LEHLE LITTLE DUAL II ist der Nachfolger des Lehle Little Dual und ein Verst\u00e4rker mit maximaler Signaltreue f\u00fcr zwei Amps.<\/span> <span class=\"notranslate\"> Mit den Soft-Touch-Schaltern k\u00f6nnen Sie ohne Brummen und ohne Schallverlust zwischen zwei angeschlossenen Verst\u00e4rkern wechseln.<\/span><br \/>\n<span class=\"notranslate\"> Zwei verschiedene Betriebsarten stehen f\u00fcr Sie bereit.<\/span> <span class=\"notranslate\"> Sie entscheiden, ob Sie jeden Ausgang einzeln aktivieren oder deaktivieren m\u00f6chten oder ob Sie zwischen den Verst\u00e4rkern wechseln und den verbleibenden aktivieren m\u00f6chten.<\/span><br \/>\n<span class=\"notranslate\"> Die LEHLE-Schalter arbeiten mit einem Mikrocontroller und einem intelligenten True-Bypass-Relais-Schaltkreis mit aktivem Pop-Noise-Suppression-Schaltkreis.<\/span> <span class=\"notranslate\"> Dadurch schalten sie den LEHLE LITTLE DUAL II noch schneller als mechanische Schalter und zus\u00e4tzlich verschlei\u00df- und ger\u00e4uschlos.<\/span><br \/>\n<span class=\"notranslate\"> Die f\u00fcr LEHLE-Produkte charakteristischen, leicht zu handhabenden pilzf\u00f6rmigen Kn\u00f6pfe sind in der Abdeckung montiert, sodass Ihr Fu\u00dfdruck nur indirekt \u00fcber eine Feder \u00fcbertragen wird.<\/span> <span class=\"notranslate\"> Somit ist die Elektronikplatine keinen mechanischen Belastungen ausgesetzt, was das LEHLE LITTLE DUAL II praktisch unzerst\u00f6rbar macht und jahrelanges st\u00f6rungsfreies Schalten garantiert.<\/span><br \/>\n<span class=\"notranslate\"> Hochintensive LEDs erleichtern das Ablesen des Schaltzustands A oder B oder beider auch unter Hochleistungspunkten.<\/span><br \/>\n<span class=\"notranslate\"> Das Herzst\u00fcck des LEHLE LITTLE DUAL II ist der hochwertige LEHLE TRANSFORMER HZ, der Ausgang A galvanisch von Ausgang B trennt und so die Geschichte der Brummschleifen auf Dauer schreibt!<\/span> <span class=\"notranslate\"> Der LEHLE LITTLE DUAL II verf\u00fcgt \u00fcber einen vergoldeten Kontaktphasenwechselrichter und einen vergoldeten Kontakterdungsschalter.<\/span> <span class=\"notranslate\"> Die beiden Eing\u00e4nge k\u00f6nnen auch in Stereo zu den Ausg\u00e4ngen A und B geroutet werden, wenn Sie beispielsweise das Stereosignal eines Effektger\u00e4ts als Eingang verwenden.<\/span> <span class=\"notranslate\"> Dies erm\u00f6glicht es auch, Instrumente mit zwei Tonabnehmern, darunter viele Akustik- und Hybridgitarren sowie Kontrab\u00e4sse, \u00fcber zwei Verst\u00e4rkersysteme zu routen &#8211; ohne Komplikationen.<\/span><br \/>\n<span class=\"notranslate\"> Zus\u00e4tzlich ist der LEHLE LITTLE DUAL II mit einem TRS-Schalter ausgestattet.<\/span> <span class=\"notranslate\"> Damit ist es m\u00f6glich, die oben genannten Stereo- oder Dual-Mono-Signale \u00fcber eine TRS-Buchse oder eine \u201eStereo-Buchse\u201c einzusenden.<\/span><br \/>\n<span class=\"notranslate\"> Diese Signale k\u00f6nnen entweder abwechselnd oder parallel betrieben werden &#8211; nat\u00fcrlich ohne Brummen und ohne Schallverluste.<\/span> <span class=\"notranslate\"> Das LEHLE LITTLE DUAL II &#8211; klein, aber \u00e4u\u00dferst effektiv!<\/span><\/p>\n","protected":false},"excerpt":{"rendered":"<p><span class=\"notranslate\">\u2022 ABY-Umschalter (A oder B oder beides)<\/span><br \/>\n<span class=\"notranslate\"> \u2022 Brummen und rauschfreies Schalten<\/span><br \/>\n<span class=\"notranslate\"> \u2022 Hochohmiger LEHLE TRANSFORMER HZ mit Phasen- und Erdungsschalter<\/span><br \/>\n<span class=\"notranslate\"> \u2022 Zwei verschiedene Betriebsarten<\/span><br \/>\n<span class=\"notranslate\"> \u2022 Stereo-Routing-Option<\/span><br \/>\n<span class=\"notranslate\"> \u2022 Aktive Pop-Unterdr\u00fcckungsschaltung<\/span><\/p>\n","protected":false},"featured_media":11933,"comment_status":"closed","ping_status":"closed","template":"","meta":{"_et_pb_use_builder":"","_et_pb_old_content":"","_et_gb_content_width":""},"product_brand":[],"product_cat":[1099],"product_tag":[],"class_list":{"0":"post-11781","1":"product","2":"type-product","3":"status-publish","4":"has-post-thumbnail","6":"product_cat-lehle","7":"product_shipping_class-small","8":"pa_artikelzustand-neuer-artikel","10":"first","11":"onbackorder","12":"taxable","13":"shipping-taxable","14":"purchasable","15":"product-type-simple"},"composite_virtual":false,"composite_layout":"","composite_add_to_cart_form_location":"","composite_editable_in_cart":false,"composite_sold_individually_context":"","composite_shop_price_calc":"","composite_components":[],"composite_scenarios":[],"pp_statuses_selecting_workflow":false,"pp_workflow_action":"current","pp_status_selection":"publish","yoast_head":"<!-- This site is optimized with the Yoast SEO plugin v26.8 - https:\/\/yoast.com\/product\/yoast-seo-wordpress\/ -->\n<title>Lehle Little Dual II - captain-guitar-lounge.com<\/title>\n<meta name=\"robots\" content=\"index, follow, max-snippet:-1, max-image-preview:large, max-video-preview:-1\" \/>\n<link rel=\"canonical\" href=\"https:\/\/captain-guitar-lounge.com\/en\/product\/lehle-little-dual-ii-80203\/\" \/>\n<meta property=\"og:locale\" content=\"en_US\" \/>\n<meta property=\"og:type\" content=\"article\" \/>\n<meta property=\"og:title\" content=\"Lehle Little Dual II - captain-guitar-lounge.com\" \/>\n<meta property=\"og:description\" content=\"\u2022 ABY-Umschalter (A oder B oder beides)  \u2022 Brummen und rauschfreies Schalten  \u2022 Hochohmiger LEHLE TRANSFORMER HZ mit Phasen- und Erdungsschalter  \u2022 Zwei verschiedene Betriebsarten  \u2022 Stereo-Routing-Option  \u2022 Aktive Pop-Unterdr\u00fcckungsschaltung\" \/>\n<meta property=\"og:url\" content=\"https:\/\/captain-guitar-lounge.com\/en\/product\/lehle-little-dual-ii-80203\/\" \/>\n<meta property=\"og:site_name\" content=\"captain-guitar-lounge.com\" \/>\n<meta property=\"article:publisher\" content=\"https:\/\/www.facebook.com\/Captain-Guitar-Lounge-140457272682315\/\" \/>\n<meta property=\"article:modified_time\" content=\"2023-12-07T15:17:35+00:00\" \/>\n<meta property=\"og:image\" content=\"https:\/\/captain-guitar-lounge.com\/wp-content\/uploads\/2020\/06\/Lehe-Dual-2.jpg\" \/>\n\t<meta property=\"og:image:width\" content=\"589\" \/>\n\t<meta property=\"og:image:height\" content=\"587\" \/>\n\t<meta property=\"og:image:type\" content=\"image\/jpeg\" \/>\n<meta name=\"twitter:card\" content=\"summary_large_image\" \/>\n<meta name=\"twitter:label1\" content=\"Est. reading time\" \/>\n\t<meta name=\"twitter:data1\" content=\"2 minutes\" \/>\n<script type=\"application\/ld+json\" class=\"yoast-schema-graph\">{\"@context\":\"https:\/\/schema.org\",\"@graph\":[{\"@type\":\"WebPage\",\"@id\":\"https:\/\/captain-guitar-lounge.com\/en\/product\/lehle-little-dual-ii-80203\/\",\"url\":\"https:\/\/captain-guitar-lounge.com\/en\/product\/lehle-little-dual-ii-80203\/\",\"name\":\"Lehle Little Dual II - captain-guitar-lounge.com\",\"isPartOf\":{\"@id\":\"https:\/\/captain-guitar-lounge.com\/en\/#website\"},\"primaryImageOfPage\":{\"@id\":\"https:\/\/captain-guitar-lounge.com\/en\/product\/lehle-little-dual-ii-80203\/#primaryimage\"},\"image\":{\"@id\":\"https:\/\/captain-guitar-lounge.com\/en\/product\/lehle-little-dual-ii-80203\/#primaryimage\"},\"thumbnailUrl\":\"https:\/\/captain-guitar-lounge.com\/wp-content\/uploads\/2020\/06\/Lehe-Dual-2.jpg\",\"datePublished\":\"2020-06-14T07:58:22+00:00\",\"dateModified\":\"2023-12-07T15:17:35+00:00\",\"breadcrumb\":{\"@id\":\"https:\/\/captain-guitar-lounge.com\/en\/product\/lehle-little-dual-ii-80203\/#breadcrumb\"},\"inLanguage\":\"en-US\",\"potentialAction\":[{\"@type\":\"ReadAction\",\"target\":[\"https:\/\/captain-guitar-lounge.com\/en\/product\/lehle-little-dual-ii-80203\/\"]}]},{\"@type\":\"ImageObject\",\"inLanguage\":\"en-US\",\"@id\":\"https:\/\/captain-guitar-lounge.com\/en\/product\/lehle-little-dual-ii-80203\/#primaryimage\",\"url\":\"https:\/\/captain-guitar-lounge.com\/wp-content\/uploads\/2020\/06\/Lehe-Dual-2.jpg\",\"contentUrl\":\"https:\/\/captain-guitar-lounge.com\/wp-content\/uploads\/2020\/06\/Lehe-Dual-2.jpg\",\"width\":589,\"height\":587,\"caption\":\"Little Dual II.1\"},{\"@type\":\"BreadcrumbList\",\"@id\":\"https:\/\/captain-guitar-lounge.com\/en\/product\/lehle-little-dual-ii-80203\/#breadcrumb\",\"itemListElement\":[{\"@type\":\"ListItem\",\"position\":1,\"name\":\"Startseite\",\"item\":\"https:\/\/captain-guitar-lounge.com\/en\/\"},{\"@type\":\"ListItem\",\"position\":2,\"name\":\"Shop\",\"item\":\"https:\/\/captain-guitar-lounge.com\/shop\/\"},{\"@type\":\"ListItem\",\"position\":3,\"name\":\"Lehle Little Dual II\"}]},{\"@type\":\"WebSite\",\"@id\":\"https:\/\/captain-guitar-lounge.com\/en\/#website\",\"url\":\"https:\/\/captain-guitar-lounge.com\/en\/\",\"name\":\"captain-guitar-lounge.com\",\"description\":\"Fine Amps and Guitars and more\",\"potentialAction\":[{\"@type\":\"SearchAction\",\"target\":{\"@type\":\"EntryPoint\",\"urlTemplate\":\"https:\/\/captain-guitar-lounge.com\/en\/?s={search_term_string}\"},\"query-input\":{\"@type\":\"PropertyValueSpecification\",\"valueRequired\":true,\"valueName\":\"search_term_string\"}}],\"inLanguage\":\"en-US\"}]}<\/script>\n<!-- \/ Yoast SEO plugin. -->","yoast_head_json":{"title":"Lehle Little Dual II - captain-guitar-lounge.com","robots":{"index":"index","follow":"follow","max-snippet":"max-snippet:-1","max-image-preview":"max-image-preview:large","max-video-preview":"max-video-preview:-1"},"canonical":"https:\/\/captain-guitar-lounge.com\/en\/product\/lehle-little-dual-ii-80203\/","og_locale":"en_US","og_type":"article","og_title":"Lehle Little Dual II - captain-guitar-lounge.com","og_description":"\u2022 ABY-Umschalter (A oder B oder beides)  \u2022 Brummen und rauschfreies Schalten  \u2022 Hochohmiger LEHLE TRANSFORMER HZ mit Phasen- und Erdungsschalter  \u2022 Zwei verschiedene Betriebsarten  \u2022 Stereo-Routing-Option  \u2022 Aktive Pop-Unterdr\u00fcckungsschaltung","og_url":"https:\/\/captain-guitar-lounge.com\/en\/product\/lehle-little-dual-ii-80203\/","og_site_name":"captain-guitar-lounge.com","article_publisher":"https:\/\/www.facebook.com\/Captain-Guitar-Lounge-140457272682315\/","article_modified_time":"2023-12-07T15:17:35+00:00","og_image":[{"width":589,"height":587,"url":"https:\/\/captain-guitar-lounge.com\/wp-content\/uploads\/2020\/06\/Lehe-Dual-2.jpg","type":"image\/jpeg"}],"twitter_card":"summary_large_image","twitter_misc":{"Est. reading time":"2 minutes"},"schema":{"@context":"https:\/\/schema.org","@graph":[{"@type":"WebPage","@id":"https:\/\/captain-guitar-lounge.com\/en\/product\/lehle-little-dual-ii-80203\/","url":"https:\/\/captain-guitar-lounge.com\/en\/product\/lehle-little-dual-ii-80203\/","name":"Lehle Little Dual II - captain-guitar-lounge.com","isPartOf":{"@id":"https:\/\/captain-guitar-lounge.com\/en\/#website"},"primaryImageOfPage":{"@id":"https:\/\/captain-guitar-lounge.com\/en\/product\/lehle-little-dual-ii-80203\/#primaryimage"},"image":{"@id":"https:\/\/captain-guitar-lounge.com\/en\/product\/lehle-little-dual-ii-80203\/#primaryimage"},"thumbnailUrl":"https:\/\/captain-guitar-lounge.com\/wp-content\/uploads\/2020\/06\/Lehe-Dual-2.jpg","datePublished":"2020-06-14T07:58:22+00:00","dateModified":"2023-12-07T15:17:35+00:00","breadcrumb":{"@id":"https:\/\/captain-guitar-lounge.com\/en\/product\/lehle-little-dual-ii-80203\/#breadcrumb"},"inLanguage":"en-US","potentialAction":[{"@type":"ReadAction","target":["https:\/\/captain-guitar-lounge.com\/en\/product\/lehle-little-dual-ii-80203\/"]}]},{"@type":"ImageObject","inLanguage":"en-US","@id":"https:\/\/captain-guitar-lounge.com\/en\/product\/lehle-little-dual-ii-80203\/#primaryimage","url":"https:\/\/captain-guitar-lounge.com\/wp-content\/uploads\/2020\/06\/Lehe-Dual-2.jpg","contentUrl":"https:\/\/captain-guitar-lounge.com\/wp-content\/uploads\/2020\/06\/Lehe-Dual-2.jpg","width":589,"height":587,"caption":"Little Dual II.1"},{"@type":"BreadcrumbList","@id":"https:\/\/captain-guitar-lounge.com\/en\/product\/lehle-little-dual-ii-80203\/#breadcrumb","itemListElement":[{"@type":"ListItem","position":1,"name":"Startseite","item":"https:\/\/captain-guitar-lounge.com\/en\/"},{"@type":"ListItem","position":2,"name":"Shop","item":"https:\/\/captain-guitar-lounge.com\/shop\/"},{"@type":"ListItem","position":3,"name":"Lehle Little Dual II"}]},{"@type":"WebSite","@id":"https:\/\/captain-guitar-lounge.com\/en\/#website","url":"https:\/\/captain-guitar-lounge.com\/en\/","name":"captain-guitar-lounge.com","description":"Fine Amps and Guitars and more","potentialAction":[{"@type":"SearchAction","target":{"@type":"EntryPoint","urlTemplate":"https:\/\/captain-guitar-lounge.com\/en\/?s={search_term_string}"},"query-input":{"@type":"PropertyValueSpecification","valueRequired":true,"valueName":"search_term_string"}}],"inLanguage":"en-US"}]}},"_links":{"self":[{"href":"https:\/\/captain-guitar-lounge.com\/en\/wp-json\/wp\/v2\/product\/11781","targetHints":{"allow":["GET"]}}],"collection":[{"href":"https:\/\/captain-guitar-lounge.com\/en\/wp-json\/wp\/v2\/product"}],"about":[{"href":"https:\/\/captain-guitar-lounge.com\/en\/wp-json\/wp\/v2\/types\/product"}],"replies":[{"embeddable":true,"href":"https:\/\/captain-guitar-lounge.com\/en\/wp-json\/wp\/v2\/comments?post=11781"}],"wp:featuredmedia":[{"embeddable":true,"href":"https:\/\/captain-guitar-lounge.com\/en\/wp-json\/wp\/v2\/media\/11933"}],"wp:attachment":[{"href":"https:\/\/captain-guitar-lounge.com\/en\/wp-json\/wp\/v2\/media?parent=11781"}],"wp:term":[{"taxonomy":"product_brand","embeddable":true,"href":"https:\/\/captain-guitar-lounge.com\/en\/wp-json\/wp\/v2\/product_brand?post=11781"},{"taxonomy":"product_cat","embeddable":true,"href":"https:\/\/captain-guitar-lounge.com\/en\/wp-json\/wp\/v2\/product_cat?post=11781"},{"taxonomy":"product_tag","embeddable":true,"href":"https:\/\/captain-guitar-lounge.com\/en\/wp-json\/wp\/v2\/product_tag?post=11781"}],"curies":[{"name":"wp","href":"https:\/\/api.w.org\/{rel}","templated":true}]}}