{"id":11784,"date":"2020-06-11T13:40:37","date_gmt":"2020-06-11T11:40:37","guid":{"rendered":"https:\/\/captain-guitar-lounge.com\/?post_type=product&#038;p=11784"},"modified":"2023-12-07T16:25:43","modified_gmt":"2023-12-07T15:25:43","slug":"vahlbruch-bbq-xl-80204","status":"publish","type":"product","link":"https:\/\/captain-guitar-lounge.com\/en\/product\/vahlbruch-bbq-xl-80204\/","title":{"rendered":"Vahlbruch BBQ-XL"},"content":{"rendered":"<p><small>Das Vahlbruch &#8220;BBQ-XL&#8221;, der gro\u00dfe Bruder des &#8220;BBQ&#8221;-Pedals, ist ein sehr vielseitiger und transparenter Zweikanal Clean-Booster, Equalizer und High-End Buffer in einem kompakten und pedalboardfreundlichen Geh\u00e4use. Das Pedal kann perfekt als Booster genutzt werden, um Deinen Amp anzublasen, aber er kann auch so eingestellt werden, dass er den Sound eines bereits verzerrenden Amps aufr\u00e4umt und so einen Einkanal-Amp in ein 3-Kanal-Monster verwandelt! Au\u00dferdem kann der &#8220;BBQ-XL&#8221; helfen, verschiedene Gitarren an Deinen Verst\u00e4rker anzupassen, ohne w\u00e4hrend der Show einen Regler drehen zu m\u00fcssen. Dies sind nur zwei Beispiele aus einer Vielzahl von m\u00f6glichen Anwendungen! Dank der zuschaltbaren High-End Buffer \/ Line-Driver Schaltung eliminiert das &#8220;BBQ-XL&#8221; Pedal auch Probleme bei der Impedanzanpassung und garantiert somit, dass Dein Signal auch durch lange Kabel und Effektketten ohne Verlust \u00fcbertragen wird. Der Vahlbruch &#8220;BBQ-XL&#8221; ist auch prima f\u00fcr Bass- und Akustikgitarren geeignet!<br \/>\nJeder Kanal des &#8220;BBQ-XL&#8221; verf\u00fcgt jeweils \u00fcber einen eigenen Lautst\u00e4rkeregler und einen aktiven 3-Band EQ. Die Lautst\u00e4rke kann in einem weiten Bereich von -8dB bis +16dB eingestellt werden, und jedes Band des aktiven Equalizers hat einen Boost\/Cut-Bereich von +\/-15dB f\u00fcr eine pr\u00e4zise Anpassung von Bass, Mitten und H\u00f6hen. In der Schaltung tritt keine ungewollte Interaktion zwischen den EQ-B\u00e4ndern auf und die einzelnen Regler beeinflussen sich nicht gegenseitig. \u00dcber einen internen Schalter kann man w\u00e4hlen, ob der &#8220;BBQ-XL&#8221; im True-Bypass- oder im Buffered-Bypass-Modus arbeiten soll. Eine LED zeigt den aktivierten Buffermodus als &#8220;Buffered Bypass&#8221; an. <\/small><\/p>\n","protected":false},"excerpt":{"rendered":"<p><strong>Buffer, Booster, Equalizer<\/strong><\/p>\n","protected":false},"featured_media":11785,"comment_status":"closed","ping_status":"closed","template":"","meta":{"_et_pb_use_builder":"","_et_pb_old_content":"","_et_gb_content_width":""},"product_brand":[],"product_cat":[1100],"product_tag":[],"class_list":{"0":"post-11784","1":"product","2":"type-product","3":"status-publish","4":"has-post-thumbnail","6":"product_cat-vahlbruch","7":"product_shipping_class-small","8":"pa_artikelzustand-neuer-artikel","10":"first","11":"onbackorder","12":"taxable","13":"shipping-taxable","14":"purchasable","15":"product-type-simple"},"composite_virtual":false,"composite_layout":"","composite_add_to_cart_form_location":"","composite_editable_in_cart":false,"composite_sold_individually_context":"","composite_shop_price_calc":"","composite_components":[],"composite_scenarios":[],"pp_statuses_selecting_workflow":false,"pp_workflow_action":"current","pp_status_selection":"publish","yoast_head":"<!-- This site is optimized with the Yoast SEO plugin v26.8 - https:\/\/yoast.com\/product\/yoast-seo-wordpress\/ -->\n<title>Vahlbruch BBQ-XL - captain-guitar-lounge.com<\/title>\n<meta name=\"robots\" content=\"index, follow, max-snippet:-1, max-image-preview:large, max-video-preview:-1\" \/>\n<link rel=\"canonical\" href=\"https:\/\/captain-guitar-lounge.com\/en\/product\/vahlbruch-bbq-xl-80204\/\" \/>\n<meta property=\"og:locale\" content=\"en_US\" \/>\n<meta property=\"og:type\" content=\"article\" \/>\n<meta property=\"og:title\" content=\"Vahlbruch BBQ-XL - captain-guitar-lounge.com\" \/>\n<meta property=\"og:description\" content=\"Buffer, Booster, Equalizer\" \/>\n<meta property=\"og:url\" content=\"https:\/\/captain-guitar-lounge.com\/en\/product\/vahlbruch-bbq-xl-80204\/\" \/>\n<meta property=\"og:site_name\" content=\"captain-guitar-lounge.com\" \/>\n<meta property=\"article:publisher\" content=\"https:\/\/www.facebook.com\/Captain-Guitar-Lounge-140457272682315\/\" \/>\n<meta property=\"article:modified_time\" content=\"2023-12-07T15:25:43+00:00\" \/>\n<meta property=\"og:image\" content=\"https:\/\/captain-guitar-lounge.com\/wp-content\/uploads\/2020\/06\/BBQ_XL_538.jpg\" \/>\n\t<meta property=\"og:image:width\" content=\"556\" \/>\n\t<meta property=\"og:image:height\" content=\"553\" \/>\n\t<meta property=\"og:image:type\" content=\"image\/jpeg\" \/>\n<meta name=\"twitter:card\" content=\"summary_large_image\" \/>\n<meta name=\"twitter:label1\" content=\"Est. reading time\" \/>\n\t<meta name=\"twitter:data1\" content=\"2 minutes\" \/>\n<script type=\"application\/ld+json\" class=\"yoast-schema-graph\">{\"@context\":\"https:\/\/schema.org\",\"@graph\":[{\"@type\":\"WebPage\",\"@id\":\"https:\/\/captain-guitar-lounge.com\/en\/product\/vahlbruch-bbq-xl-80204\/\",\"url\":\"https:\/\/captain-guitar-lounge.com\/en\/product\/vahlbruch-bbq-xl-80204\/\",\"name\":\"Vahlbruch BBQ-XL - captain-guitar-lounge.com\",\"isPartOf\":{\"@id\":\"https:\/\/captain-guitar-lounge.com\/en\/#website\"},\"primaryImageOfPage\":{\"@id\":\"https:\/\/captain-guitar-lounge.com\/en\/product\/vahlbruch-bbq-xl-80204\/#primaryimage\"},\"image\":{\"@id\":\"https:\/\/captain-guitar-lounge.com\/en\/product\/vahlbruch-bbq-xl-80204\/#primaryimage\"},\"thumbnailUrl\":\"https:\/\/captain-guitar-lounge.com\/wp-content\/uploads\/2020\/06\/BBQ_XL_538.jpg\",\"datePublished\":\"2020-06-11T11:40:37+00:00\",\"dateModified\":\"2023-12-07T15:25:43+00:00\",\"breadcrumb\":{\"@id\":\"https:\/\/captain-guitar-lounge.com\/en\/product\/vahlbruch-bbq-xl-80204\/#breadcrumb\"},\"inLanguage\":\"en-US\",\"potentialAction\":[{\"@type\":\"ReadAction\",\"target\":[\"https:\/\/captain-guitar-lounge.com\/en\/product\/vahlbruch-bbq-xl-80204\/\"]}]},{\"@type\":\"ImageObject\",\"inLanguage\":\"en-US\",\"@id\":\"https:\/\/captain-guitar-lounge.com\/en\/product\/vahlbruch-bbq-xl-80204\/#primaryimage\",\"url\":\"https:\/\/captain-guitar-lounge.com\/wp-content\/uploads\/2020\/06\/BBQ_XL_538.jpg\",\"contentUrl\":\"https:\/\/captain-guitar-lounge.com\/wp-content\/uploads\/2020\/06\/BBQ_XL_538.jpg\",\"width\":556,\"height\":553,\"caption\":\"BBQ_XL_538\"},{\"@type\":\"BreadcrumbList\",\"@id\":\"https:\/\/captain-guitar-lounge.com\/en\/product\/vahlbruch-bbq-xl-80204\/#breadcrumb\",\"itemListElement\":[{\"@type\":\"ListItem\",\"position\":1,\"name\":\"Startseite\",\"item\":\"https:\/\/captain-guitar-lounge.com\/en\/\"},{\"@type\":\"ListItem\",\"position\":2,\"name\":\"Shop\",\"item\":\"https:\/\/captain-guitar-lounge.com\/shop\/\"},{\"@type\":\"ListItem\",\"position\":3,\"name\":\"Vahlbruch BBQ-XL\"}]},{\"@type\":\"WebSite\",\"@id\":\"https:\/\/captain-guitar-lounge.com\/en\/#website\",\"url\":\"https:\/\/captain-guitar-lounge.com\/en\/\",\"name\":\"captain-guitar-lounge.com\",\"description\":\"Fine Amps and Guitars and more\",\"potentialAction\":[{\"@type\":\"SearchAction\",\"target\":{\"@type\":\"EntryPoint\",\"urlTemplate\":\"https:\/\/captain-guitar-lounge.com\/en\/?s={search_term_string}\"},\"query-input\":{\"@type\":\"PropertyValueSpecification\",\"valueRequired\":true,\"valueName\":\"search_term_string\"}}],\"inLanguage\":\"en-US\"}]}<\/script>\n<!-- \/ Yoast SEO plugin. -->","yoast_head_json":{"title":"Vahlbruch BBQ-XL - captain-guitar-lounge.com","robots":{"index":"index","follow":"follow","max-snippet":"max-snippet:-1","max-image-preview":"max-image-preview:large","max-video-preview":"max-video-preview:-1"},"canonical":"https:\/\/captain-guitar-lounge.com\/en\/product\/vahlbruch-bbq-xl-80204\/","og_locale":"en_US","og_type":"article","og_title":"Vahlbruch BBQ-XL - captain-guitar-lounge.com","og_description":"Buffer, Booster, Equalizer","og_url":"https:\/\/captain-guitar-lounge.com\/en\/product\/vahlbruch-bbq-xl-80204\/","og_site_name":"captain-guitar-lounge.com","article_publisher":"https:\/\/www.facebook.com\/Captain-Guitar-Lounge-140457272682315\/","article_modified_time":"2023-12-07T15:25:43+00:00","og_image":[{"width":556,"height":553,"url":"https:\/\/captain-guitar-lounge.com\/wp-content\/uploads\/2020\/06\/BBQ_XL_538.jpg","type":"image\/jpeg"}],"twitter_card":"summary_large_image","twitter_misc":{"Est. reading time":"2 minutes"},"schema":{"@context":"https:\/\/schema.org","@graph":[{"@type":"WebPage","@id":"https:\/\/captain-guitar-lounge.com\/en\/product\/vahlbruch-bbq-xl-80204\/","url":"https:\/\/captain-guitar-lounge.com\/en\/product\/vahlbruch-bbq-xl-80204\/","name":"Vahlbruch BBQ-XL - captain-guitar-lounge.com","isPartOf":{"@id":"https:\/\/captain-guitar-lounge.com\/en\/#website"},"primaryImageOfPage":{"@id":"https:\/\/captain-guitar-lounge.com\/en\/product\/vahlbruch-bbq-xl-80204\/#primaryimage"},"image":{"@id":"https:\/\/captain-guitar-lounge.com\/en\/product\/vahlbruch-bbq-xl-80204\/#primaryimage"},"thumbnailUrl":"https:\/\/captain-guitar-lounge.com\/wp-content\/uploads\/2020\/06\/BBQ_XL_538.jpg","datePublished":"2020-06-11T11:40:37+00:00","dateModified":"2023-12-07T15:25:43+00:00","breadcrumb":{"@id":"https:\/\/captain-guitar-lounge.com\/en\/product\/vahlbruch-bbq-xl-80204\/#breadcrumb"},"inLanguage":"en-US","potentialAction":[{"@type":"ReadAction","target":["https:\/\/captain-guitar-lounge.com\/en\/product\/vahlbruch-bbq-xl-80204\/"]}]},{"@type":"ImageObject","inLanguage":"en-US","@id":"https:\/\/captain-guitar-lounge.com\/en\/product\/vahlbruch-bbq-xl-80204\/#primaryimage","url":"https:\/\/captain-guitar-lounge.com\/wp-content\/uploads\/2020\/06\/BBQ_XL_538.jpg","contentUrl":"https:\/\/captain-guitar-lounge.com\/wp-content\/uploads\/2020\/06\/BBQ_XL_538.jpg","width":556,"height":553,"caption":"BBQ_XL_538"},{"@type":"BreadcrumbList","@id":"https:\/\/captain-guitar-lounge.com\/en\/product\/vahlbruch-bbq-xl-80204\/#breadcrumb","itemListElement":[{"@type":"ListItem","position":1,"name":"Startseite","item":"https:\/\/captain-guitar-lounge.com\/en\/"},{"@type":"ListItem","position":2,"name":"Shop","item":"https:\/\/captain-guitar-lounge.com\/shop\/"},{"@type":"ListItem","position":3,"name":"Vahlbruch BBQ-XL"}]},{"@type":"WebSite","@id":"https:\/\/captain-guitar-lounge.com\/en\/#website","url":"https:\/\/captain-guitar-lounge.com\/en\/","name":"captain-guitar-lounge.com","description":"Fine Amps and Guitars and more","potentialAction":[{"@type":"SearchAction","target":{"@type":"EntryPoint","urlTemplate":"https:\/\/captain-guitar-lounge.com\/en\/?s={search_term_string}"},"query-input":{"@type":"PropertyValueSpecification","valueRequired":true,"valueName":"search_term_string"}}],"inLanguage":"en-US"}]}},"_links":{"self":[{"href":"https:\/\/captain-guitar-lounge.com\/en\/wp-json\/wp\/v2\/product\/11784","targetHints":{"allow":["GET"]}}],"collection":[{"href":"https:\/\/captain-guitar-lounge.com\/en\/wp-json\/wp\/v2\/product"}],"about":[{"href":"https:\/\/captain-guitar-lounge.com\/en\/wp-json\/wp\/v2\/types\/product"}],"replies":[{"embeddable":true,"href":"https:\/\/captain-guitar-lounge.com\/en\/wp-json\/wp\/v2\/comments?post=11784"}],"wp:featuredmedia":[{"embeddable":true,"href":"https:\/\/captain-guitar-lounge.com\/en\/wp-json\/wp\/v2\/media\/11785"}],"wp:attachment":[{"href":"https:\/\/captain-guitar-lounge.com\/en\/wp-json\/wp\/v2\/media?parent=11784"}],"wp:term":[{"taxonomy":"product_brand","embeddable":true,"href":"https:\/\/captain-guitar-lounge.com\/en\/wp-json\/wp\/v2\/product_brand?post=11784"},{"taxonomy":"product_cat","embeddable":true,"href":"https:\/\/captain-guitar-lounge.com\/en\/wp-json\/wp\/v2\/product_cat?post=11784"},{"taxonomy":"product_tag","embeddable":true,"href":"https:\/\/captain-guitar-lounge.com\/en\/wp-json\/wp\/v2\/product_tag?post=11784"}],"curies":[{"name":"wp","href":"https:\/\/api.w.org\/{rel}","templated":true}]}}