{"id":118678,"date":"2023-08-16T12:40:35","date_gmt":"2023-08-16T10:40:35","guid":{"rendered":"https:\/\/captain-guitar-lounge.com\/?post_type=product&#038;p=118678"},"modified":"2024-03-25T14:47:04","modified_gmt":"2024-03-25T13:47:04","slug":"mesa-boogie-19-rack-shock-mount-6he-id-3148","status":"publish","type":"product","link":"https:\/\/captain-guitar-lounge.com\/en\/product\/mesa-boogie-19-rack-shock-mount-6he-id-3148\/","title":{"rendered":"Mesa Boogie &#8211; 19&#8243; Rack Shock Mount 6HE &#8211; ID 3148"},"content":{"rendered":"","protected":false},"excerpt":{"rendered":"<p>Zustand: Anst\u00e4ndig<br \/>\nGewicht: 18,4 kg Versandklasse: Standard<br \/>\nVermittlungsverkauf: 13621<br \/>\n<strong>Mesa Boogie<\/strong><br \/>\nStandard-Gummipuffer-Rack 6HE<br \/>\nStandardtiefe: 360 mm (Rackschiene bis Kastenende)<br \/>\nDeckel vorne und hinten abnehmbar<br \/>\nAluminium-Rackschiene auf Gummipuffern montiert<br \/>\nButterfly-Verschl\u00fcsse<br \/>\nKlappgriffe quer<br \/>\nKugelecken<br \/>\nGummif\u00fc\u00dfe<br \/>\nNormale Gebrauchsspuren: Flugrost und Kratzer<br \/>\nTechn. Ok, alle Scharniere und Griffe funktioneren einwandfrei<\/p>\n","protected":false},"featured_media":118679,"comment_status":"closed","ping_status":"closed","template":"","meta":{"_et_pb_use_builder":"","_et_pb_old_content":"","_et_gb_content_width":""},"product_brand":[],"product_cat":[2492,290],"product_tag":[],"class_list":{"0":"post-118678","1":"product","2":"type-product","3":"status-publish","4":"has-post-thumbnail","6":"product_cat-koffer-cases","7":"product_cat-fundgrube","8":"product_shipping_class-standard","10":"first","11":"instock","12":"sold-individually","13":"purchasable","14":"product-type-simple"},"composite_virtual":false,"composite_layout":"","composite_add_to_cart_form_location":"","composite_editable_in_cart":false,"composite_sold_individually_context":"","composite_shop_price_calc":"","composite_components":[],"composite_scenarios":[],"pp_statuses_selecting_workflow":false,"pp_workflow_action":"current","pp_status_selection":"publish","yoast_head":"<!-- This site is optimized with the Yoast SEO plugin v26.8 - https:\/\/yoast.com\/product\/yoast-seo-wordpress\/ -->\n<title>Mesa Boogie - 19&quot; Rack Shock Mount 6HE - ID 3148 - captain-guitar-lounge.com<\/title>\n<meta name=\"robots\" content=\"index, follow, max-snippet:-1, max-image-preview:large, max-video-preview:-1\" \/>\n<link rel=\"canonical\" href=\"https:\/\/captain-guitar-lounge.com\/en\/product\/mesa-boogie-19-rack-shock-mount-6he-id-3148\/\" \/>\n<meta property=\"og:locale\" content=\"en_US\" \/>\n<meta property=\"og:type\" content=\"article\" \/>\n<meta property=\"og:title\" content=\"Mesa Boogie - 19&quot; Rack Shock Mount 6HE - ID 3148 - captain-guitar-lounge.com\" \/>\n<meta property=\"og:description\" content=\"Zustand: Anst\u00e4ndig Gewicht: 18,4 kg Versandklasse: Standard Vermittlungsverkauf: 13621 Mesa Boogie Standard-Gummipuffer-Rack 6HE Standardtiefe: 360 mm (Rackschiene bis Kastenende) Deckel vorne und hinten abnehmbar Aluminium-Rackschiene auf Gummipuffern montiert Butterfly-Verschl\u00fcsse Klappgriffe quer Kugelecken Gummif\u00fc\u00dfe Normale Gebrauchsspuren: Flugrost und Kratzer Techn. Ok, alle Scharniere und Griffe funktioneren einwandfrei\" \/>\n<meta property=\"og:url\" content=\"https:\/\/captain-guitar-lounge.com\/en\/product\/mesa-boogie-19-rack-shock-mount-6he-id-3148\/\" \/>\n<meta property=\"og:site_name\" content=\"captain-guitar-lounge.com\" \/>\n<meta property=\"article:publisher\" content=\"https:\/\/www.facebook.com\/Captain-Guitar-Lounge-140457272682315\/\" \/>\n<meta property=\"article:modified_time\" content=\"2024-03-25T13:47:04+00:00\" \/>\n<meta property=\"og:image\" content=\"https:\/\/captain-guitar-lounge.com\/wp-content\/uploads\/2023\/08\/Boogie_Shock-Mount_Rack_6HE_k.IMG_7597.jpg\" \/>\n\t<meta property=\"og:image:width\" content=\"1024\" \/>\n\t<meta property=\"og:image:height\" content=\"1024\" \/>\n\t<meta property=\"og:image:type\" content=\"image\/jpeg\" \/>\n<meta name=\"twitter:card\" content=\"summary_large_image\" \/>\n<script type=\"application\/ld+json\" class=\"yoast-schema-graph\">{\"@context\":\"https:\/\/schema.org\",\"@graph\":[{\"@type\":\"WebPage\",\"@id\":\"https:\/\/captain-guitar-lounge.com\/en\/product\/mesa-boogie-19-rack-shock-mount-6he-id-3148\/\",\"url\":\"https:\/\/captain-guitar-lounge.com\/en\/product\/mesa-boogie-19-rack-shock-mount-6he-id-3148\/\",\"name\":\"Mesa Boogie - 19\\\" Rack Shock Mount 6HE - ID 3148 - captain-guitar-lounge.com\",\"isPartOf\":{\"@id\":\"https:\/\/captain-guitar-lounge.com\/en\/#website\"},\"primaryImageOfPage\":{\"@id\":\"https:\/\/captain-guitar-lounge.com\/en\/product\/mesa-boogie-19-rack-shock-mount-6he-id-3148\/#primaryimage\"},\"image\":{\"@id\":\"https:\/\/captain-guitar-lounge.com\/en\/product\/mesa-boogie-19-rack-shock-mount-6he-id-3148\/#primaryimage\"},\"thumbnailUrl\":\"https:\/\/captain-guitar-lounge.com\/wp-content\/uploads\/2023\/08\/Boogie_Shock-Mount_Rack_6HE_k.IMG_7597.jpg\",\"datePublished\":\"2023-08-16T10:40:35+00:00\",\"dateModified\":\"2024-03-25T13:47:04+00:00\",\"breadcrumb\":{\"@id\":\"https:\/\/captain-guitar-lounge.com\/en\/product\/mesa-boogie-19-rack-shock-mount-6he-id-3148\/#breadcrumb\"},\"inLanguage\":\"en-US\",\"potentialAction\":[{\"@type\":\"ReadAction\",\"target\":[\"https:\/\/captain-guitar-lounge.com\/en\/product\/mesa-boogie-19-rack-shock-mount-6he-id-3148\/\"]}]},{\"@type\":\"ImageObject\",\"inLanguage\":\"en-US\",\"@id\":\"https:\/\/captain-guitar-lounge.com\/en\/product\/mesa-boogie-19-rack-shock-mount-6he-id-3148\/#primaryimage\",\"url\":\"https:\/\/captain-guitar-lounge.com\/wp-content\/uploads\/2023\/08\/Boogie_Shock-Mount_Rack_6HE_k.IMG_7597.jpg\",\"contentUrl\":\"https:\/\/captain-guitar-lounge.com\/wp-content\/uploads\/2023\/08\/Boogie_Shock-Mount_Rack_6HE_k.IMG_7597.jpg\",\"width\":1024,\"height\":1024},{\"@type\":\"BreadcrumbList\",\"@id\":\"https:\/\/captain-guitar-lounge.com\/en\/product\/mesa-boogie-19-rack-shock-mount-6he-id-3148\/#breadcrumb\",\"itemListElement\":[{\"@type\":\"ListItem\",\"position\":1,\"name\":\"Startseite\",\"item\":\"https:\/\/captain-guitar-lounge.com\/en\/\"},{\"@type\":\"ListItem\",\"position\":2,\"name\":\"Shop\",\"item\":\"https:\/\/captain-guitar-lounge.com\/shop\/\"},{\"@type\":\"ListItem\",\"position\":3,\"name\":\"Mesa Boogie &#8211; 19&#8243; Rack Shock Mount 6HE &#8211; ID 3148\"}]},{\"@type\":\"WebSite\",\"@id\":\"https:\/\/captain-guitar-lounge.com\/en\/#website\",\"url\":\"https:\/\/captain-guitar-lounge.com\/en\/\",\"name\":\"captain-guitar-lounge.com\",\"description\":\"Fine Amps and Guitars and more\",\"potentialAction\":[{\"@type\":\"SearchAction\",\"target\":{\"@type\":\"EntryPoint\",\"urlTemplate\":\"https:\/\/captain-guitar-lounge.com\/en\/?s={search_term_string}\"},\"query-input\":{\"@type\":\"PropertyValueSpecification\",\"valueRequired\":true,\"valueName\":\"search_term_string\"}}],\"inLanguage\":\"en-US\"}]}<\/script>\n<!-- \/ Yoast SEO plugin. -->","yoast_head_json":{"title":"Mesa Boogie - 19\" Rack Shock Mount 6HE - ID 3148 - captain-guitar-lounge.com","robots":{"index":"index","follow":"follow","max-snippet":"max-snippet:-1","max-image-preview":"max-image-preview:large","max-video-preview":"max-video-preview:-1"},"canonical":"https:\/\/captain-guitar-lounge.com\/en\/product\/mesa-boogie-19-rack-shock-mount-6he-id-3148\/","og_locale":"en_US","og_type":"article","og_title":"Mesa Boogie - 19\" Rack Shock Mount 6HE - ID 3148 - captain-guitar-lounge.com","og_description":"Zustand: Anst\u00e4ndig Gewicht: 18,4 kg Versandklasse: Standard Vermittlungsverkauf: 13621 Mesa Boogie Standard-Gummipuffer-Rack 6HE Standardtiefe: 360 mm (Rackschiene bis Kastenende) Deckel vorne und hinten abnehmbar Aluminium-Rackschiene auf Gummipuffern montiert Butterfly-Verschl\u00fcsse Klappgriffe quer Kugelecken Gummif\u00fc\u00dfe Normale Gebrauchsspuren: Flugrost und Kratzer Techn. Ok, alle Scharniere und Griffe funktioneren einwandfrei","og_url":"https:\/\/captain-guitar-lounge.com\/en\/product\/mesa-boogie-19-rack-shock-mount-6he-id-3148\/","og_site_name":"captain-guitar-lounge.com","article_publisher":"https:\/\/www.facebook.com\/Captain-Guitar-Lounge-140457272682315\/","article_modified_time":"2024-03-25T13:47:04+00:00","og_image":[{"width":1024,"height":1024,"url":"https:\/\/captain-guitar-lounge.com\/wp-content\/uploads\/2023\/08\/Boogie_Shock-Mount_Rack_6HE_k.IMG_7597.jpg","type":"image\/jpeg"}],"twitter_card":"summary_large_image","schema":{"@context":"https:\/\/schema.org","@graph":[{"@type":"WebPage","@id":"https:\/\/captain-guitar-lounge.com\/en\/product\/mesa-boogie-19-rack-shock-mount-6he-id-3148\/","url":"https:\/\/captain-guitar-lounge.com\/en\/product\/mesa-boogie-19-rack-shock-mount-6he-id-3148\/","name":"Mesa Boogie - 19\" Rack Shock Mount 6HE - ID 3148 - captain-guitar-lounge.com","isPartOf":{"@id":"https:\/\/captain-guitar-lounge.com\/en\/#website"},"primaryImageOfPage":{"@id":"https:\/\/captain-guitar-lounge.com\/en\/product\/mesa-boogie-19-rack-shock-mount-6he-id-3148\/#primaryimage"},"image":{"@id":"https:\/\/captain-guitar-lounge.com\/en\/product\/mesa-boogie-19-rack-shock-mount-6he-id-3148\/#primaryimage"},"thumbnailUrl":"https:\/\/captain-guitar-lounge.com\/wp-content\/uploads\/2023\/08\/Boogie_Shock-Mount_Rack_6HE_k.IMG_7597.jpg","datePublished":"2023-08-16T10:40:35+00:00","dateModified":"2024-03-25T13:47:04+00:00","breadcrumb":{"@id":"https:\/\/captain-guitar-lounge.com\/en\/product\/mesa-boogie-19-rack-shock-mount-6he-id-3148\/#breadcrumb"},"inLanguage":"en-US","potentialAction":[{"@type":"ReadAction","target":["https:\/\/captain-guitar-lounge.com\/en\/product\/mesa-boogie-19-rack-shock-mount-6he-id-3148\/"]}]},{"@type":"ImageObject","inLanguage":"en-US","@id":"https:\/\/captain-guitar-lounge.com\/en\/product\/mesa-boogie-19-rack-shock-mount-6he-id-3148\/#primaryimage","url":"https:\/\/captain-guitar-lounge.com\/wp-content\/uploads\/2023\/08\/Boogie_Shock-Mount_Rack_6HE_k.IMG_7597.jpg","contentUrl":"https:\/\/captain-guitar-lounge.com\/wp-content\/uploads\/2023\/08\/Boogie_Shock-Mount_Rack_6HE_k.IMG_7597.jpg","width":1024,"height":1024},{"@type":"BreadcrumbList","@id":"https:\/\/captain-guitar-lounge.com\/en\/product\/mesa-boogie-19-rack-shock-mount-6he-id-3148\/#breadcrumb","itemListElement":[{"@type":"ListItem","position":1,"name":"Startseite","item":"https:\/\/captain-guitar-lounge.com\/en\/"},{"@type":"ListItem","position":2,"name":"Shop","item":"https:\/\/captain-guitar-lounge.com\/shop\/"},{"@type":"ListItem","position":3,"name":"Mesa Boogie &#8211; 19&#8243; Rack Shock Mount 6HE &#8211; ID 3148"}]},{"@type":"WebSite","@id":"https:\/\/captain-guitar-lounge.com\/en\/#website","url":"https:\/\/captain-guitar-lounge.com\/en\/","name":"captain-guitar-lounge.com","description":"Fine Amps and Guitars and more","potentialAction":[{"@type":"SearchAction","target":{"@type":"EntryPoint","urlTemplate":"https:\/\/captain-guitar-lounge.com\/en\/?s={search_term_string}"},"query-input":{"@type":"PropertyValueSpecification","valueRequired":true,"valueName":"search_term_string"}}],"inLanguage":"en-US"}]}},"_links":{"self":[{"href":"https:\/\/captain-guitar-lounge.com\/en\/wp-json\/wp\/v2\/product\/118678","targetHints":{"allow":["GET"]}}],"collection":[{"href":"https:\/\/captain-guitar-lounge.com\/en\/wp-json\/wp\/v2\/product"}],"about":[{"href":"https:\/\/captain-guitar-lounge.com\/en\/wp-json\/wp\/v2\/types\/product"}],"replies":[{"embeddable":true,"href":"https:\/\/captain-guitar-lounge.com\/en\/wp-json\/wp\/v2\/comments?post=118678"}],"wp:featuredmedia":[{"embeddable":true,"href":"https:\/\/captain-guitar-lounge.com\/en\/wp-json\/wp\/v2\/media\/118679"}],"wp:attachment":[{"href":"https:\/\/captain-guitar-lounge.com\/en\/wp-json\/wp\/v2\/media?parent=118678"}],"wp:term":[{"taxonomy":"product_brand","embeddable":true,"href":"https:\/\/captain-guitar-lounge.com\/en\/wp-json\/wp\/v2\/product_brand?post=118678"},{"taxonomy":"product_cat","embeddable":true,"href":"https:\/\/captain-guitar-lounge.com\/en\/wp-json\/wp\/v2\/product_cat?post=118678"},{"taxonomy":"product_tag","embeddable":true,"href":"https:\/\/captain-guitar-lounge.com\/en\/wp-json\/wp\/v2\/product_tag?post=118678"}],"curies":[{"name":"wp","href":"https:\/\/api.w.org\/{rel}","templated":true}]}}