{"id":11935,"date":"2020-06-14T09:57:03","date_gmt":"2020-06-14T07:57:03","guid":{"rendered":"https:\/\/captain-guitar-lounge.com\/?post_type=product&#038;p=11935"},"modified":"2025-11-08T13:34:52","modified_gmt":"2025-11-08T12:34:52","slug":"lehle-d-loop-sgos","status":"publish","type":"product","link":"https:\/\/captain-guitar-lounge.com\/en\/product\/lehle-d-loop-sgos\/","title":{"rendered":"Lehle D.Loop SGoS"},"content":{"rendered":"<p>Lehle D.Loop SGoS \u0096 als Herz der Pedalverwaltung empfiehlt sich dieser programmierbare 2-fach-Looper, um ausgeschaltete Effekte aus dem Signalweg zu nehmen. Die Loops sind unabh\u00e4ngig voneinander nutzbar. In jeder Situation steht zus\u00e4tzlich ein regelbarer Buffer zur Verf\u00fcgung, und da nicht alle Effektpedale einen Volume-Regler haben, k\u00f6nnen sie hiermit im Bedarfsfall sogar geboostet werden. Der High-End-Buffer-Boost hat Gainreserven bis zu 12dB und ist auch alleine nutzbar \u0096 solo!<br \/>\nDie Klinkenbuchsen und das interne Signalrouting sind komplett in stereo ausgef\u00fchrt, um auch Studio- bzw. 19-Zoll-Ger\u00e4te sowie Stereoeffektpedale in voller Qualit\u00e4t nutzen zu k\u00f6nnen. Gew\u00e4hrleistet wird dies durch die True-Bypass Eigenschaften der Lehle-Schalter mit goldkontaktierten Relais. Um Brummschleifen innerhalb der Effektloops zu vermeiden, wird auch die Signalmasse mitgeschaltet, eine Umschaltknackunterdr\u00fcckung vermeidet st\u00f6rende Schaltger\u00e4usche.<br \/>\nDie Programmierung ist denkbar einfach und intuitiv, sei es per Fernsteuerung \u00fcber MIDI Program Change Commands, als Stand-alone-Ger\u00e4t oder im Verbund mit weiteren SGoS-Switcher. Eine beliebte Kombination sind Lehle D.Loop SGoS und Lehle Dual SGoS, die sich gegenseitig kontrollieren und Effekte und Amps verwalten k\u00f6nnen. Die Verbindung erfordert lediglich ein simples Stereopatchkabel. So bleibt immer der gute Ton gewahrt!<\/p>\n","protected":false},"excerpt":{"rendered":"<p><strong>Programmierbarer 2-fach-Looper<\/strong><\/p>\n","protected":false},"featured_media":11937,"comment_status":"closed","ping_status":"closed","template":"","meta":{"_et_pb_use_builder":"","_et_pb_old_content":"","_et_gb_content_width":""},"product_brand":[],"product_cat":[1099],"product_tag":[],"class_list":{"0":"post-11935","1":"product","2":"type-product","3":"status-publish","4":"has-post-thumbnail","6":"product_cat-lehle","7":"product_shipping_class-small","8":"pa_artikelzustand-neuer-artikel","10":"first","11":"instock","12":"taxable","13":"shipping-taxable","14":"purchasable","15":"product-type-simple"},"composite_virtual":false,"composite_layout":"","composite_add_to_cart_form_location":"","composite_editable_in_cart":false,"composite_sold_individually_context":"","composite_shop_price_calc":"","composite_components":[],"composite_scenarios":[],"pp_statuses_selecting_workflow":false,"pp_workflow_action":"current","pp_status_selection":"publish","yoast_head":"<!-- This site is optimized with the Yoast SEO plugin v26.8 - https:\/\/yoast.com\/product\/yoast-seo-wordpress\/ -->\n<title>Lehle D.Loop SGoS - captain-guitar-lounge.com<\/title>\n<meta name=\"robots\" content=\"index, follow, max-snippet:-1, max-image-preview:large, max-video-preview:-1\" \/>\n<link rel=\"canonical\" href=\"https:\/\/captain-guitar-lounge.com\/en\/product\/lehle-d-loop-sgos\/\" \/>\n<meta property=\"og:locale\" content=\"en_US\" \/>\n<meta property=\"og:type\" content=\"article\" \/>\n<meta property=\"og:title\" content=\"Lehle D.Loop SGoS - captain-guitar-lounge.com\" \/>\n<meta property=\"og:description\" content=\"Programmierbarer 2-fach-Looper\" \/>\n<meta property=\"og:url\" content=\"https:\/\/captain-guitar-lounge.com\/en\/product\/lehle-d-loop-sgos\/\" \/>\n<meta property=\"og:site_name\" content=\"captain-guitar-lounge.com\" \/>\n<meta property=\"article:publisher\" content=\"https:\/\/www.facebook.com\/Captain-Guitar-Lounge-140457272682315\/\" \/>\n<meta property=\"article:modified_time\" content=\"2025-11-08T12:34:52+00:00\" \/>\n<meta property=\"og:image\" content=\"https:\/\/captain-guitar-lounge.com\/wp-content\/uploads\/2020\/06\/D.Loop-SGoS-02.jpg\" \/>\n\t<meta property=\"og:image:width\" content=\"561\" \/>\n\t<meta property=\"og:image:height\" content=\"554\" \/>\n\t<meta property=\"og:image:type\" content=\"image\/jpeg\" \/>\n<meta name=\"twitter:card\" content=\"summary_large_image\" \/>\n<meta name=\"twitter:label1\" content=\"Est. reading time\" \/>\n\t<meta name=\"twitter:data1\" content=\"1 minute\" \/>\n<script type=\"application\/ld+json\" class=\"yoast-schema-graph\">{\"@context\":\"https:\/\/schema.org\",\"@graph\":[{\"@type\":\"WebPage\",\"@id\":\"https:\/\/captain-guitar-lounge.com\/en\/product\/lehle-d-loop-sgos\/\",\"url\":\"https:\/\/captain-guitar-lounge.com\/en\/product\/lehle-d-loop-sgos\/\",\"name\":\"Lehle D.Loop SGoS - captain-guitar-lounge.com\",\"isPartOf\":{\"@id\":\"https:\/\/captain-guitar-lounge.com\/en\/#website\"},\"primaryImageOfPage\":{\"@id\":\"https:\/\/captain-guitar-lounge.com\/en\/product\/lehle-d-loop-sgos\/#primaryimage\"},\"image\":{\"@id\":\"https:\/\/captain-guitar-lounge.com\/en\/product\/lehle-d-loop-sgos\/#primaryimage\"},\"thumbnailUrl\":\"https:\/\/captain-guitar-lounge.com\/wp-content\/uploads\/2020\/06\/D.Loop-SGoS-02.jpg\",\"datePublished\":\"2020-06-14T07:57:03+00:00\",\"dateModified\":\"2025-11-08T12:34:52+00:00\",\"breadcrumb\":{\"@id\":\"https:\/\/captain-guitar-lounge.com\/en\/product\/lehle-d-loop-sgos\/#breadcrumb\"},\"inLanguage\":\"en-US\",\"potentialAction\":[{\"@type\":\"ReadAction\",\"target\":[\"https:\/\/captain-guitar-lounge.com\/en\/product\/lehle-d-loop-sgos\/\"]}]},{\"@type\":\"ImageObject\",\"inLanguage\":\"en-US\",\"@id\":\"https:\/\/captain-guitar-lounge.com\/en\/product\/lehle-d-loop-sgos\/#primaryimage\",\"url\":\"https:\/\/captain-guitar-lounge.com\/wp-content\/uploads\/2020\/06\/D.Loop-SGoS-02.jpg\",\"contentUrl\":\"https:\/\/captain-guitar-lounge.com\/wp-content\/uploads\/2020\/06\/D.Loop-SGoS-02.jpg\",\"width\":561,\"height\":554,\"caption\":\"D.Loop SGoS-02\"},{\"@type\":\"BreadcrumbList\",\"@id\":\"https:\/\/captain-guitar-lounge.com\/en\/product\/lehle-d-loop-sgos\/#breadcrumb\",\"itemListElement\":[{\"@type\":\"ListItem\",\"position\":1,\"name\":\"Startseite\",\"item\":\"https:\/\/captain-guitar-lounge.com\/en\/\"},{\"@type\":\"ListItem\",\"position\":2,\"name\":\"Shop\",\"item\":\"https:\/\/captain-guitar-lounge.com\/shop\/\"},{\"@type\":\"ListItem\",\"position\":3,\"name\":\"Lehle D.Loop SGoS\"}]},{\"@type\":\"WebSite\",\"@id\":\"https:\/\/captain-guitar-lounge.com\/en\/#website\",\"url\":\"https:\/\/captain-guitar-lounge.com\/en\/\",\"name\":\"captain-guitar-lounge.com\",\"description\":\"Fine Amps and Guitars and more\",\"potentialAction\":[{\"@type\":\"SearchAction\",\"target\":{\"@type\":\"EntryPoint\",\"urlTemplate\":\"https:\/\/captain-guitar-lounge.com\/en\/?s={search_term_string}\"},\"query-input\":{\"@type\":\"PropertyValueSpecification\",\"valueRequired\":true,\"valueName\":\"search_term_string\"}}],\"inLanguage\":\"en-US\"}]}<\/script>\n<!-- \/ Yoast SEO plugin. -->","yoast_head_json":{"title":"Lehle D.Loop SGoS - captain-guitar-lounge.com","robots":{"index":"index","follow":"follow","max-snippet":"max-snippet:-1","max-image-preview":"max-image-preview:large","max-video-preview":"max-video-preview:-1"},"canonical":"https:\/\/captain-guitar-lounge.com\/en\/product\/lehle-d-loop-sgos\/","og_locale":"en_US","og_type":"article","og_title":"Lehle D.Loop SGoS - captain-guitar-lounge.com","og_description":"Programmierbarer 2-fach-Looper","og_url":"https:\/\/captain-guitar-lounge.com\/en\/product\/lehle-d-loop-sgos\/","og_site_name":"captain-guitar-lounge.com","article_publisher":"https:\/\/www.facebook.com\/Captain-Guitar-Lounge-140457272682315\/","article_modified_time":"2025-11-08T12:34:52+00:00","og_image":[{"width":561,"height":554,"url":"https:\/\/captain-guitar-lounge.com\/wp-content\/uploads\/2020\/06\/D.Loop-SGoS-02.jpg","type":"image\/jpeg"}],"twitter_card":"summary_large_image","twitter_misc":{"Est. reading time":"1 minute"},"schema":{"@context":"https:\/\/schema.org","@graph":[{"@type":"WebPage","@id":"https:\/\/captain-guitar-lounge.com\/en\/product\/lehle-d-loop-sgos\/","url":"https:\/\/captain-guitar-lounge.com\/en\/product\/lehle-d-loop-sgos\/","name":"Lehle D.Loop SGoS - captain-guitar-lounge.com","isPartOf":{"@id":"https:\/\/captain-guitar-lounge.com\/en\/#website"},"primaryImageOfPage":{"@id":"https:\/\/captain-guitar-lounge.com\/en\/product\/lehle-d-loop-sgos\/#primaryimage"},"image":{"@id":"https:\/\/captain-guitar-lounge.com\/en\/product\/lehle-d-loop-sgos\/#primaryimage"},"thumbnailUrl":"https:\/\/captain-guitar-lounge.com\/wp-content\/uploads\/2020\/06\/D.Loop-SGoS-02.jpg","datePublished":"2020-06-14T07:57:03+00:00","dateModified":"2025-11-08T12:34:52+00:00","breadcrumb":{"@id":"https:\/\/captain-guitar-lounge.com\/en\/product\/lehle-d-loop-sgos\/#breadcrumb"},"inLanguage":"en-US","potentialAction":[{"@type":"ReadAction","target":["https:\/\/captain-guitar-lounge.com\/en\/product\/lehle-d-loop-sgos\/"]}]},{"@type":"ImageObject","inLanguage":"en-US","@id":"https:\/\/captain-guitar-lounge.com\/en\/product\/lehle-d-loop-sgos\/#primaryimage","url":"https:\/\/captain-guitar-lounge.com\/wp-content\/uploads\/2020\/06\/D.Loop-SGoS-02.jpg","contentUrl":"https:\/\/captain-guitar-lounge.com\/wp-content\/uploads\/2020\/06\/D.Loop-SGoS-02.jpg","width":561,"height":554,"caption":"D.Loop SGoS-02"},{"@type":"BreadcrumbList","@id":"https:\/\/captain-guitar-lounge.com\/en\/product\/lehle-d-loop-sgos\/#breadcrumb","itemListElement":[{"@type":"ListItem","position":1,"name":"Startseite","item":"https:\/\/captain-guitar-lounge.com\/en\/"},{"@type":"ListItem","position":2,"name":"Shop","item":"https:\/\/captain-guitar-lounge.com\/shop\/"},{"@type":"ListItem","position":3,"name":"Lehle D.Loop SGoS"}]},{"@type":"WebSite","@id":"https:\/\/captain-guitar-lounge.com\/en\/#website","url":"https:\/\/captain-guitar-lounge.com\/en\/","name":"captain-guitar-lounge.com","description":"Fine Amps and Guitars and more","potentialAction":[{"@type":"SearchAction","target":{"@type":"EntryPoint","urlTemplate":"https:\/\/captain-guitar-lounge.com\/en\/?s={search_term_string}"},"query-input":{"@type":"PropertyValueSpecification","valueRequired":true,"valueName":"search_term_string"}}],"inLanguage":"en-US"}]}},"_links":{"self":[{"href":"https:\/\/captain-guitar-lounge.com\/en\/wp-json\/wp\/v2\/product\/11935","targetHints":{"allow":["GET"]}}],"collection":[{"href":"https:\/\/captain-guitar-lounge.com\/en\/wp-json\/wp\/v2\/product"}],"about":[{"href":"https:\/\/captain-guitar-lounge.com\/en\/wp-json\/wp\/v2\/types\/product"}],"replies":[{"embeddable":true,"href":"https:\/\/captain-guitar-lounge.com\/en\/wp-json\/wp\/v2\/comments?post=11935"}],"wp:featuredmedia":[{"embeddable":true,"href":"https:\/\/captain-guitar-lounge.com\/en\/wp-json\/wp\/v2\/media\/11937"}],"wp:attachment":[{"href":"https:\/\/captain-guitar-lounge.com\/en\/wp-json\/wp\/v2\/media?parent=11935"}],"wp:term":[{"taxonomy":"product_brand","embeddable":true,"href":"https:\/\/captain-guitar-lounge.com\/en\/wp-json\/wp\/v2\/product_brand?post=11935"},{"taxonomy":"product_cat","embeddable":true,"href":"https:\/\/captain-guitar-lounge.com\/en\/wp-json\/wp\/v2\/product_cat?post=11935"},{"taxonomy":"product_tag","embeddable":true,"href":"https:\/\/captain-guitar-lounge.com\/en\/wp-json\/wp\/v2\/product_tag?post=11935"}],"curies":[{"name":"wp","href":"https:\/\/api.w.org\/{rel}","templated":true}]}}