{"id":11948,"date":"2020-06-14T09:54:42","date_gmt":"2020-06-14T07:54:42","guid":{"rendered":"https:\/\/captain-guitar-lounge.com\/?post_type=product&#038;p=11948"},"modified":"2023-12-07T16:18:02","modified_gmt":"2023-12-07T15:18:02","slug":"little-lehle-ii-looper-switcher","status":"publish","type":"product","link":"https:\/\/captain-guitar-lounge.com\/en\/product\/little-lehle-ii-looper-switcher\/","title":{"rendered":"Little Lehle II Looper Switcher"},"content":{"rendered":"<p>Der Little Lehle II &#8211; das universelle Lehle-Tool zum Schalten und Loopen.<br \/>\nInnerhalb einer Signalkette lassen sich mithilfe des Little Lehle II Effektpedale kurzerhand aus dem Signalweg nehmen. Ein Signal kann an beliebiger Stelle der Signalkette abgegriffen werden, um z. B. auf ein Stimmger\u00e4t umzuschalten.<br \/>\nEr ist auch einsetzbar als Umschalter zwischen zwei Instrumenten auf einen Amp bzw. umgekehrt von einem Instrument zwischen zwei Amps. Die Klangquellen k\u00f6nnen hierbei sehr vielseitig sein. Die Signale von Tonabnehmern, Mikrofonen, sogar Line-Outs von Keyboards werden verlustfrei zum gew\u00fcnschten Verst\u00e4rker bzw. Recorder geroutet. Alle Klinkenbuchsen sind zu diesem Zweck stereo ausgef\u00fchrt. True-Bypass wird durch goldkontaktierte Schalter gew\u00e4hrleistet. Geschaltet wird dabei nicht nur, wie bei seinem gro\u00dfen Bruder, dem Lehle D.Loop SGoS, das Stereosignal, sondern auch die Signalmasse. Brummschleifen k\u00f6nnen dadurch beim Schalten zwischen zwei Amps und beim Verwalten von Effektloops gar nicht erst auftreten.<br \/>\nDer f\u00fcr Lehle Produkte charakteristische pilzf\u00f6rmige Knopf ist leichtg\u00e4ngig im Deckel gelagert, sodass die Kraft des Fu\u00dfdrucks nur durch eine Feder indirekt auf die goldkontaktierten Schiebeschalter \u00fcbertragen wird. Die Platine ist somit keiner mechanischen Belastung ausgesetzt, was den Little Lehle II nahezu unzerst\u00f6rbar macht und eine lange Lebensdauer garantiert.<\/p>\n","protected":false},"excerpt":{"rendered":"<p><strong>Lehle-Tool zum Schalten und Loopen<\/strong><\/p>\n","protected":false},"featured_media":11951,"comment_status":"closed","ping_status":"closed","template":"","meta":{"_et_pb_use_builder":"","_et_pb_old_content":"","_et_gb_content_width":""},"product_brand":[],"product_cat":[1099],"product_tag":[],"class_list":{"0":"post-11948","1":"product","2":"type-product","3":"status-publish","4":"has-post-thumbnail","6":"product_cat-lehle","7":"product_shipping_class-small","8":"pa_artikelzustand-neuer-artikel","10":"first","11":"onbackorder","12":"taxable","13":"shipping-taxable","14":"purchasable","15":"product-type-simple"},"composite_virtual":false,"composite_layout":"","composite_add_to_cart_form_location":"","composite_editable_in_cart":false,"composite_sold_individually_context":"","composite_shop_price_calc":"","composite_components":[],"composite_scenarios":[],"pp_statuses_selecting_workflow":false,"pp_workflow_action":"current","pp_status_selection":"publish","yoast_head":"<!-- This site is optimized with the Yoast SEO plugin v26.8 - https:\/\/yoast.com\/product\/yoast-seo-wordpress\/ -->\n<title>Little Lehle II Looper Switcher - captain-guitar-lounge.com<\/title>\n<meta name=\"robots\" content=\"index, follow, max-snippet:-1, max-image-preview:large, max-video-preview:-1\" \/>\n<link rel=\"canonical\" href=\"https:\/\/captain-guitar-lounge.com\/en\/product\/little-lehle-ii-looper-switcher\/\" \/>\n<meta property=\"og:locale\" content=\"en_US\" \/>\n<meta property=\"og:type\" content=\"article\" \/>\n<meta property=\"og:title\" content=\"Little Lehle II Looper Switcher - captain-guitar-lounge.com\" \/>\n<meta property=\"og:description\" content=\"Lehle-Tool zum Schalten und Loopen\" \/>\n<meta property=\"og:url\" content=\"https:\/\/captain-guitar-lounge.com\/en\/product\/little-lehle-ii-looper-switcher\/\" \/>\n<meta property=\"og:site_name\" content=\"captain-guitar-lounge.com\" \/>\n<meta property=\"article:publisher\" content=\"https:\/\/www.facebook.com\/Captain-Guitar-Lounge-140457272682315\/\" \/>\n<meta property=\"article:modified_time\" content=\"2023-12-07T15:18:02+00:00\" \/>\n<meta property=\"og:image\" content=\"https:\/\/captain-guitar-lounge.com\/wp-content\/uploads\/2020\/06\/Little-Lehle-II.jpg\" \/>\n\t<meta property=\"og:image:width\" content=\"587\" \/>\n\t<meta property=\"og:image:height\" content=\"593\" \/>\n\t<meta property=\"og:image:type\" content=\"image\/jpeg\" \/>\n<meta name=\"twitter:card\" content=\"summary_large_image\" \/>\n<meta name=\"twitter:label1\" content=\"Est. reading time\" \/>\n\t<meta name=\"twitter:data1\" content=\"2 minutes\" \/>\n<script type=\"application\/ld+json\" class=\"yoast-schema-graph\">{\"@context\":\"https:\/\/schema.org\",\"@graph\":[{\"@type\":\"WebPage\",\"@id\":\"https:\/\/captain-guitar-lounge.com\/en\/product\/little-lehle-ii-looper-switcher\/\",\"url\":\"https:\/\/captain-guitar-lounge.com\/en\/product\/little-lehle-ii-looper-switcher\/\",\"name\":\"Little Lehle II Looper Switcher - captain-guitar-lounge.com\",\"isPartOf\":{\"@id\":\"https:\/\/captain-guitar-lounge.com\/en\/#website\"},\"primaryImageOfPage\":{\"@id\":\"https:\/\/captain-guitar-lounge.com\/en\/product\/little-lehle-ii-looper-switcher\/#primaryimage\"},\"image\":{\"@id\":\"https:\/\/captain-guitar-lounge.com\/en\/product\/little-lehle-ii-looper-switcher\/#primaryimage\"},\"thumbnailUrl\":\"https:\/\/captain-guitar-lounge.com\/wp-content\/uploads\/2020\/06\/Little-Lehle-II.jpg\",\"datePublished\":\"2020-06-14T07:54:42+00:00\",\"dateModified\":\"2023-12-07T15:18:02+00:00\",\"breadcrumb\":{\"@id\":\"https:\/\/captain-guitar-lounge.com\/en\/product\/little-lehle-ii-looper-switcher\/#breadcrumb\"},\"inLanguage\":\"en-US\",\"potentialAction\":[{\"@type\":\"ReadAction\",\"target\":[\"https:\/\/captain-guitar-lounge.com\/en\/product\/little-lehle-ii-looper-switcher\/\"]}]},{\"@type\":\"ImageObject\",\"inLanguage\":\"en-US\",\"@id\":\"https:\/\/captain-guitar-lounge.com\/en\/product\/little-lehle-ii-looper-switcher\/#primaryimage\",\"url\":\"https:\/\/captain-guitar-lounge.com\/wp-content\/uploads\/2020\/06\/Little-Lehle-II.jpg\",\"contentUrl\":\"https:\/\/captain-guitar-lounge.com\/wp-content\/uploads\/2020\/06\/Little-Lehle-II.jpg\",\"width\":587,\"height\":593,\"caption\":\"Little Lehle-II\"},{\"@type\":\"BreadcrumbList\",\"@id\":\"https:\/\/captain-guitar-lounge.com\/en\/product\/little-lehle-ii-looper-switcher\/#breadcrumb\",\"itemListElement\":[{\"@type\":\"ListItem\",\"position\":1,\"name\":\"Startseite\",\"item\":\"https:\/\/captain-guitar-lounge.com\/en\/\"},{\"@type\":\"ListItem\",\"position\":2,\"name\":\"Shop\",\"item\":\"https:\/\/captain-guitar-lounge.com\/shop\/\"},{\"@type\":\"ListItem\",\"position\":3,\"name\":\"Little Lehle II Looper Switcher\"}]},{\"@type\":\"WebSite\",\"@id\":\"https:\/\/captain-guitar-lounge.com\/en\/#website\",\"url\":\"https:\/\/captain-guitar-lounge.com\/en\/\",\"name\":\"captain-guitar-lounge.com\",\"description\":\"Fine Amps and Guitars and more\",\"potentialAction\":[{\"@type\":\"SearchAction\",\"target\":{\"@type\":\"EntryPoint\",\"urlTemplate\":\"https:\/\/captain-guitar-lounge.com\/en\/?s={search_term_string}\"},\"query-input\":{\"@type\":\"PropertyValueSpecification\",\"valueRequired\":true,\"valueName\":\"search_term_string\"}}],\"inLanguage\":\"en-US\"}]}<\/script>\n<!-- \/ Yoast SEO plugin. -->","yoast_head_json":{"title":"Little Lehle II Looper Switcher - captain-guitar-lounge.com","robots":{"index":"index","follow":"follow","max-snippet":"max-snippet:-1","max-image-preview":"max-image-preview:large","max-video-preview":"max-video-preview:-1"},"canonical":"https:\/\/captain-guitar-lounge.com\/en\/product\/little-lehle-ii-looper-switcher\/","og_locale":"en_US","og_type":"article","og_title":"Little Lehle II Looper Switcher - captain-guitar-lounge.com","og_description":"Lehle-Tool zum Schalten und Loopen","og_url":"https:\/\/captain-guitar-lounge.com\/en\/product\/little-lehle-ii-looper-switcher\/","og_site_name":"captain-guitar-lounge.com","article_publisher":"https:\/\/www.facebook.com\/Captain-Guitar-Lounge-140457272682315\/","article_modified_time":"2023-12-07T15:18:02+00:00","og_image":[{"width":587,"height":593,"url":"https:\/\/captain-guitar-lounge.com\/wp-content\/uploads\/2020\/06\/Little-Lehle-II.jpg","type":"image\/jpeg"}],"twitter_card":"summary_large_image","twitter_misc":{"Est. reading time":"2 minutes"},"schema":{"@context":"https:\/\/schema.org","@graph":[{"@type":"WebPage","@id":"https:\/\/captain-guitar-lounge.com\/en\/product\/little-lehle-ii-looper-switcher\/","url":"https:\/\/captain-guitar-lounge.com\/en\/product\/little-lehle-ii-looper-switcher\/","name":"Little Lehle II Looper Switcher - captain-guitar-lounge.com","isPartOf":{"@id":"https:\/\/captain-guitar-lounge.com\/en\/#website"},"primaryImageOfPage":{"@id":"https:\/\/captain-guitar-lounge.com\/en\/product\/little-lehle-ii-looper-switcher\/#primaryimage"},"image":{"@id":"https:\/\/captain-guitar-lounge.com\/en\/product\/little-lehle-ii-looper-switcher\/#primaryimage"},"thumbnailUrl":"https:\/\/captain-guitar-lounge.com\/wp-content\/uploads\/2020\/06\/Little-Lehle-II.jpg","datePublished":"2020-06-14T07:54:42+00:00","dateModified":"2023-12-07T15:18:02+00:00","breadcrumb":{"@id":"https:\/\/captain-guitar-lounge.com\/en\/product\/little-lehle-ii-looper-switcher\/#breadcrumb"},"inLanguage":"en-US","potentialAction":[{"@type":"ReadAction","target":["https:\/\/captain-guitar-lounge.com\/en\/product\/little-lehle-ii-looper-switcher\/"]}]},{"@type":"ImageObject","inLanguage":"en-US","@id":"https:\/\/captain-guitar-lounge.com\/en\/product\/little-lehle-ii-looper-switcher\/#primaryimage","url":"https:\/\/captain-guitar-lounge.com\/wp-content\/uploads\/2020\/06\/Little-Lehle-II.jpg","contentUrl":"https:\/\/captain-guitar-lounge.com\/wp-content\/uploads\/2020\/06\/Little-Lehle-II.jpg","width":587,"height":593,"caption":"Little Lehle-II"},{"@type":"BreadcrumbList","@id":"https:\/\/captain-guitar-lounge.com\/en\/product\/little-lehle-ii-looper-switcher\/#breadcrumb","itemListElement":[{"@type":"ListItem","position":1,"name":"Startseite","item":"https:\/\/captain-guitar-lounge.com\/en\/"},{"@type":"ListItem","position":2,"name":"Shop","item":"https:\/\/captain-guitar-lounge.com\/shop\/"},{"@type":"ListItem","position":3,"name":"Little Lehle II Looper Switcher"}]},{"@type":"WebSite","@id":"https:\/\/captain-guitar-lounge.com\/en\/#website","url":"https:\/\/captain-guitar-lounge.com\/en\/","name":"captain-guitar-lounge.com","description":"Fine Amps and Guitars and more","potentialAction":[{"@type":"SearchAction","target":{"@type":"EntryPoint","urlTemplate":"https:\/\/captain-guitar-lounge.com\/en\/?s={search_term_string}"},"query-input":{"@type":"PropertyValueSpecification","valueRequired":true,"valueName":"search_term_string"}}],"inLanguage":"en-US"}]}},"_links":{"self":[{"href":"https:\/\/captain-guitar-lounge.com\/en\/wp-json\/wp\/v2\/product\/11948","targetHints":{"allow":["GET"]}}],"collection":[{"href":"https:\/\/captain-guitar-lounge.com\/en\/wp-json\/wp\/v2\/product"}],"about":[{"href":"https:\/\/captain-guitar-lounge.com\/en\/wp-json\/wp\/v2\/types\/product"}],"replies":[{"embeddable":true,"href":"https:\/\/captain-guitar-lounge.com\/en\/wp-json\/wp\/v2\/comments?post=11948"}],"wp:featuredmedia":[{"embeddable":true,"href":"https:\/\/captain-guitar-lounge.com\/en\/wp-json\/wp\/v2\/media\/11951"}],"wp:attachment":[{"href":"https:\/\/captain-guitar-lounge.com\/en\/wp-json\/wp\/v2\/media?parent=11948"}],"wp:term":[{"taxonomy":"product_brand","embeddable":true,"href":"https:\/\/captain-guitar-lounge.com\/en\/wp-json\/wp\/v2\/product_brand?post=11948"},{"taxonomy":"product_cat","embeddable":true,"href":"https:\/\/captain-guitar-lounge.com\/en\/wp-json\/wp\/v2\/product_cat?post=11948"},{"taxonomy":"product_tag","embeddable":true,"href":"https:\/\/captain-guitar-lounge.com\/en\/wp-json\/wp\/v2\/product_tag?post=11948"}],"curies":[{"name":"wp","href":"https:\/\/api.w.org\/{rel}","templated":true}]}}