{"id":11957,"date":"2020-06-14T09:48:07","date_gmt":"2020-06-14T07:48:07","guid":{"rendered":"https:\/\/captain-guitar-lounge.com\/?post_type=product&#038;p=11957"},"modified":"2023-12-07T16:17:36","modified_gmt":"2023-12-07T15:17:36","slug":"lehle-mono-volume-90","status":"publish","type":"product","link":"https:\/\/captain-guitar-lounge.com\/en\/product\/lehle-mono-volume-90\/","title":{"rendered":"Lehle Mono Volume 90"},"content":{"rendered":"<p>Das Lehle Mono Volume 90 ist ein verschlei\u00dffrei funktionierendes Volumenpedal, das mit einem sehr pr\u00e4zisen Magnet-Sensor ausgestattet ist. Dieser Sensor nutzt den Hall-Effekt, benannt nach Edwin Hall zur Messung der St\u00e4rke von Magnetfeldern. Beim Lehle Mono Volume 90 wird der Hall-Sensor aus deutscher Produktion auf den eingebauten Magneten und den Regelweg des Pedals exakt kalibriert. Das Pedal bewegt nur den Magneten; dessen Abstand wird vom Hall-Sensor gemessen, der dann einen VCA ansteuert.<br \/>\nDer hochwertige Blackmer\u00ae VCA (= Voltage Controlled Amplifier, also Spannungsgesteuerter Verst\u00e4rker) aus den USA ersetzt hier das mechanische Potentiometer. Das Prinzip der spannungsgesteuerten Verst\u00e4rker beruht darauf, dass die Verst\u00e4rkung durch die vom Hall-Sensor kommende Steuerspannung variiert wird. Dieses Verfahren erm\u00f6glicht ein deutlich pr\u00e4ziseres Arbeiten als die \u00fcblichen mechanischen Potentiometer oder optischen Sensoren der g\u00e4ngigen Volumenpedale, au\u00dferdem entfallen das Poti-typische Rauschen oder die umst\u00e4ndliche Justierung. \u00dcber den gesamten Regelweg \u00fcbertr\u00e4gt das Lehle Mono Volume 90 das volle Klangspektrum des angeschlossenen Instruments. Die Eingangs- und Ausgangsimpedanz bleibt immer gleich, dadurch gibt es keine H\u00f6hend\u00e4mpfung wie bei einem Poti. Intern wird die Eingangsspannung des Pedals hinter der Stromversorgungsbuchse gleichgerichtet, gefiltert, stabilisiert und anschlie\u00dfend auf 18 Volt verdoppelt. Dadurch ist es sehr pegelfest und erreicht so einen Gesamtdynamikumfang von 110 dB.<br \/>\nDie Lautst\u00e4rkeregelung des Lehle Mono Volume 90 geht von -92 dB bis 0 dB &#8211; also von praktisch stumm bis gleich laut. Mit Hilfe des MIN Reglers l\u00e4sst sich die Mindestlautst\u00e4rke des Mono Volume 90 einstellen; er regelt dabei einen Bereich von stumm (0%) bis -10dB (ca. 90%) des Originalpegels. Dar\u00fcber hinaus kann mit dem Gain Regler noch eine Verst\u00e4rkung von ca. +12 dB eingestellt werden.<br \/>\nDas Lehle Mono Volume 90 l\u00e4uft mechanisch extrem ruhig und gleichm\u00e4\u00dfig, da es mit Low-Friction-Gleitlagern aus einem Hochleistungspolymer ausgestattet ist und keinerlei mechanische \u00dcbertragung des Pedals an andere Bauteile gibt. Mittels einer Stellschraube l\u00e4sst sich die G\u00e4ngigkeit des Pedals sehr genau einstellen.<br \/>\nZus\u00e4tzlich verf\u00fcgt das Lehle Mono Volume 90 \u00fcber einen gebufferten Direct Out. Hier kann von Tuner, DAW bis zum zweiten Amp alles versorgt werden, ohne den Sound zu beeinflussen.<\/p>\n","protected":false},"excerpt":{"rendered":"<ul>\n<li>verschlei\u00dffrei durch Pr\u00e4zisions-Magnet-Sensor<\/li>\n<li>ohne mechanisches Potentiometer<\/li>\n<li>Lautst\u00e4rke von -92 dB (stumm) bis 0 dB (Unity Gain) oder +12 dB (Boost mit Poti einstellbar)<\/li>\n<li>keine H\u00f6hend\u00e4mpfung<\/li>\n<li>kein Soundverlust<\/li>\n<li>mit Hilfe des MIN Reglers l\u00e4sst sich die Mindestlautst\u00e4rke von 0 &#8211; 90% einstellen<\/li>\n<li>Low-friction-Gleitlager<\/li>\n<li>fein einstellbare Bremse<\/li>\n<li>gebufferter Direct-Out als Ausgang f\u00fcr Tuner oder zweiten Amp<\/li>\n<\/ul>\n<p>&nbsp;<\/p>\n","protected":false},"featured_media":11958,"comment_status":"closed","ping_status":"closed","template":"","meta":{"_et_pb_use_builder":"","_et_pb_old_content":"","_et_gb_content_width":""},"product_brand":[],"product_cat":[1099],"product_tag":[],"class_list":{"0":"post-11957","1":"product","2":"type-product","3":"status-publish","4":"has-post-thumbnail","6":"product_cat-lehle","7":"product_shipping_class-small","8":"pa_artikelzustand-neuer-artikel","10":"first","11":"instock","12":"taxable","13":"shipping-taxable","14":"purchasable","15":"product-type-simple"},"composite_virtual":false,"composite_layout":"","composite_add_to_cart_form_location":"","composite_editable_in_cart":false,"composite_sold_individually_context":"","composite_shop_price_calc":"","composite_components":[],"composite_scenarios":[],"pp_statuses_selecting_workflow":false,"pp_workflow_action":"current","pp_status_selection":"publish","yoast_head":"<!-- This site is optimized with the Yoast SEO plugin v26.8 - https:\/\/yoast.com\/product\/yoast-seo-wordpress\/ -->\n<title>Lehle Mono Volume 90 - captain-guitar-lounge.com<\/title>\n<meta name=\"robots\" content=\"index, follow, max-snippet:-1, max-image-preview:large, max-video-preview:-1\" \/>\n<link rel=\"canonical\" href=\"https:\/\/captain-guitar-lounge.com\/en\/product\/lehle-mono-volume-90\/\" \/>\n<meta property=\"og:locale\" content=\"en_US\" \/>\n<meta property=\"og:type\" content=\"article\" \/>\n<meta property=\"og:title\" content=\"Lehle Mono Volume 90 - captain-guitar-lounge.com\" \/>\n<meta property=\"og:description\" content=\"verschlei\u00dffrei durch Pr\u00e4zisions-Magnet-Sensor  ohne mechanisches Potentiometer  Lautst\u00e4rke von -92 dB (stumm) bis 0 dB (Unity Gain) oder +12 dB (Boost mit Poti einstellbar)  keine H\u00f6hend\u00e4mpfung  kein Soundverlust  mit Hilfe des MIN Reglers l\u00e4sst sich die Mindestlautst\u00e4rke von 0 - 90% einstellen  Low-friction-Gleitlager  fein einstellbare Bremse  gebufferter Direct-Out als Ausgang f\u00fcr Tuner oder zweiten Amp  &nbsp;\" \/>\n<meta property=\"og:url\" content=\"https:\/\/captain-guitar-lounge.com\/en\/product\/lehle-mono-volume-90\/\" \/>\n<meta property=\"og:site_name\" content=\"captain-guitar-lounge.com\" \/>\n<meta property=\"article:publisher\" content=\"https:\/\/www.facebook.com\/Captain-Guitar-Lounge-140457272682315\/\" \/>\n<meta property=\"article:modified_time\" content=\"2023-12-07T15:17:36+00:00\" \/>\n<meta property=\"og:image\" content=\"https:\/\/captain-guitar-lounge.com\/wp-content\/uploads\/2020\/06\/Lehle-Mono-Volume-90-07_1.jpg\" \/>\n\t<meta property=\"og:image:width\" content=\"576\" \/>\n\t<meta property=\"og:image:height\" content=\"570\" \/>\n\t<meta property=\"og:image:type\" content=\"image\/jpeg\" \/>\n<meta name=\"twitter:card\" content=\"summary_large_image\" \/>\n<meta name=\"twitter:label1\" content=\"Est. reading time\" \/>\n\t<meta name=\"twitter:data1\" content=\"2 minutes\" \/>\n<script type=\"application\/ld+json\" class=\"yoast-schema-graph\">{\"@context\":\"https:\/\/schema.org\",\"@graph\":[{\"@type\":\"WebPage\",\"@id\":\"https:\/\/captain-guitar-lounge.com\/en\/product\/lehle-mono-volume-90\/\",\"url\":\"https:\/\/captain-guitar-lounge.com\/en\/product\/lehle-mono-volume-90\/\",\"name\":\"Lehle Mono Volume 90 - captain-guitar-lounge.com\",\"isPartOf\":{\"@id\":\"https:\/\/captain-guitar-lounge.com\/en\/#website\"},\"primaryImageOfPage\":{\"@id\":\"https:\/\/captain-guitar-lounge.com\/en\/product\/lehle-mono-volume-90\/#primaryimage\"},\"image\":{\"@id\":\"https:\/\/captain-guitar-lounge.com\/en\/product\/lehle-mono-volume-90\/#primaryimage\"},\"thumbnailUrl\":\"https:\/\/captain-guitar-lounge.com\/wp-content\/uploads\/2020\/06\/Lehle-Mono-Volume-90-07_1.jpg\",\"datePublished\":\"2020-06-14T07:48:07+00:00\",\"dateModified\":\"2023-12-07T15:17:36+00:00\",\"breadcrumb\":{\"@id\":\"https:\/\/captain-guitar-lounge.com\/en\/product\/lehle-mono-volume-90\/#breadcrumb\"},\"inLanguage\":\"en-US\",\"potentialAction\":[{\"@type\":\"ReadAction\",\"target\":[\"https:\/\/captain-guitar-lounge.com\/en\/product\/lehle-mono-volume-90\/\"]}]},{\"@type\":\"ImageObject\",\"inLanguage\":\"en-US\",\"@id\":\"https:\/\/captain-guitar-lounge.com\/en\/product\/lehle-mono-volume-90\/#primaryimage\",\"url\":\"https:\/\/captain-guitar-lounge.com\/wp-content\/uploads\/2020\/06\/Lehle-Mono-Volume-90-07_1.jpg\",\"contentUrl\":\"https:\/\/captain-guitar-lounge.com\/wp-content\/uploads\/2020\/06\/Lehle-Mono-Volume-90-07_1.jpg\",\"width\":576,\"height\":570,\"caption\":\"Lehle Mono Volume 90\"},{\"@type\":\"BreadcrumbList\",\"@id\":\"https:\/\/captain-guitar-lounge.com\/en\/product\/lehle-mono-volume-90\/#breadcrumb\",\"itemListElement\":[{\"@type\":\"ListItem\",\"position\":1,\"name\":\"Startseite\",\"item\":\"https:\/\/captain-guitar-lounge.com\/en\/\"},{\"@type\":\"ListItem\",\"position\":2,\"name\":\"Shop\",\"item\":\"https:\/\/captain-guitar-lounge.com\/shop\/\"},{\"@type\":\"ListItem\",\"position\":3,\"name\":\"Lehle Mono Volume 90\"}]},{\"@type\":\"WebSite\",\"@id\":\"https:\/\/captain-guitar-lounge.com\/en\/#website\",\"url\":\"https:\/\/captain-guitar-lounge.com\/en\/\",\"name\":\"captain-guitar-lounge.com\",\"description\":\"Fine Amps and Guitars and more\",\"potentialAction\":[{\"@type\":\"SearchAction\",\"target\":{\"@type\":\"EntryPoint\",\"urlTemplate\":\"https:\/\/captain-guitar-lounge.com\/en\/?s={search_term_string}\"},\"query-input\":{\"@type\":\"PropertyValueSpecification\",\"valueRequired\":true,\"valueName\":\"search_term_string\"}}],\"inLanguage\":\"en-US\"}]}<\/script>\n<!-- \/ Yoast SEO plugin. -->","yoast_head_json":{"title":"Lehle Mono Volume 90 - captain-guitar-lounge.com","robots":{"index":"index","follow":"follow","max-snippet":"max-snippet:-1","max-image-preview":"max-image-preview:large","max-video-preview":"max-video-preview:-1"},"canonical":"https:\/\/captain-guitar-lounge.com\/en\/product\/lehle-mono-volume-90\/","og_locale":"en_US","og_type":"article","og_title":"Lehle Mono Volume 90 - captain-guitar-lounge.com","og_description":"verschlei\u00dffrei durch Pr\u00e4zisions-Magnet-Sensor  ohne mechanisches Potentiometer  Lautst\u00e4rke von -92 dB (stumm) bis 0 dB (Unity Gain) oder +12 dB (Boost mit Poti einstellbar)  keine H\u00f6hend\u00e4mpfung  kein Soundverlust  mit Hilfe des MIN Reglers l\u00e4sst sich die Mindestlautst\u00e4rke von 0 - 90% einstellen  Low-friction-Gleitlager  fein einstellbare Bremse  gebufferter Direct-Out als Ausgang f\u00fcr Tuner oder zweiten Amp  &nbsp;","og_url":"https:\/\/captain-guitar-lounge.com\/en\/product\/lehle-mono-volume-90\/","og_site_name":"captain-guitar-lounge.com","article_publisher":"https:\/\/www.facebook.com\/Captain-Guitar-Lounge-140457272682315\/","article_modified_time":"2023-12-07T15:17:36+00:00","og_image":[{"width":576,"height":570,"url":"https:\/\/captain-guitar-lounge.com\/wp-content\/uploads\/2020\/06\/Lehle-Mono-Volume-90-07_1.jpg","type":"image\/jpeg"}],"twitter_card":"summary_large_image","twitter_misc":{"Est. reading time":"2 minutes"},"schema":{"@context":"https:\/\/schema.org","@graph":[{"@type":"WebPage","@id":"https:\/\/captain-guitar-lounge.com\/en\/product\/lehle-mono-volume-90\/","url":"https:\/\/captain-guitar-lounge.com\/en\/product\/lehle-mono-volume-90\/","name":"Lehle Mono Volume 90 - captain-guitar-lounge.com","isPartOf":{"@id":"https:\/\/captain-guitar-lounge.com\/en\/#website"},"primaryImageOfPage":{"@id":"https:\/\/captain-guitar-lounge.com\/en\/product\/lehle-mono-volume-90\/#primaryimage"},"image":{"@id":"https:\/\/captain-guitar-lounge.com\/en\/product\/lehle-mono-volume-90\/#primaryimage"},"thumbnailUrl":"https:\/\/captain-guitar-lounge.com\/wp-content\/uploads\/2020\/06\/Lehle-Mono-Volume-90-07_1.jpg","datePublished":"2020-06-14T07:48:07+00:00","dateModified":"2023-12-07T15:17:36+00:00","breadcrumb":{"@id":"https:\/\/captain-guitar-lounge.com\/en\/product\/lehle-mono-volume-90\/#breadcrumb"},"inLanguage":"en-US","potentialAction":[{"@type":"ReadAction","target":["https:\/\/captain-guitar-lounge.com\/en\/product\/lehle-mono-volume-90\/"]}]},{"@type":"ImageObject","inLanguage":"en-US","@id":"https:\/\/captain-guitar-lounge.com\/en\/product\/lehle-mono-volume-90\/#primaryimage","url":"https:\/\/captain-guitar-lounge.com\/wp-content\/uploads\/2020\/06\/Lehle-Mono-Volume-90-07_1.jpg","contentUrl":"https:\/\/captain-guitar-lounge.com\/wp-content\/uploads\/2020\/06\/Lehle-Mono-Volume-90-07_1.jpg","width":576,"height":570,"caption":"Lehle Mono Volume 90"},{"@type":"BreadcrumbList","@id":"https:\/\/captain-guitar-lounge.com\/en\/product\/lehle-mono-volume-90\/#breadcrumb","itemListElement":[{"@type":"ListItem","position":1,"name":"Startseite","item":"https:\/\/captain-guitar-lounge.com\/en\/"},{"@type":"ListItem","position":2,"name":"Shop","item":"https:\/\/captain-guitar-lounge.com\/shop\/"},{"@type":"ListItem","position":3,"name":"Lehle Mono Volume 90"}]},{"@type":"WebSite","@id":"https:\/\/captain-guitar-lounge.com\/en\/#website","url":"https:\/\/captain-guitar-lounge.com\/en\/","name":"captain-guitar-lounge.com","description":"Fine Amps and Guitars and more","potentialAction":[{"@type":"SearchAction","target":{"@type":"EntryPoint","urlTemplate":"https:\/\/captain-guitar-lounge.com\/en\/?s={search_term_string}"},"query-input":{"@type":"PropertyValueSpecification","valueRequired":true,"valueName":"search_term_string"}}],"inLanguage":"en-US"}]}},"_links":{"self":[{"href":"https:\/\/captain-guitar-lounge.com\/en\/wp-json\/wp\/v2\/product\/11957","targetHints":{"allow":["GET"]}}],"collection":[{"href":"https:\/\/captain-guitar-lounge.com\/en\/wp-json\/wp\/v2\/product"}],"about":[{"href":"https:\/\/captain-guitar-lounge.com\/en\/wp-json\/wp\/v2\/types\/product"}],"replies":[{"embeddable":true,"href":"https:\/\/captain-guitar-lounge.com\/en\/wp-json\/wp\/v2\/comments?post=11957"}],"wp:featuredmedia":[{"embeddable":true,"href":"https:\/\/captain-guitar-lounge.com\/en\/wp-json\/wp\/v2\/media\/11958"}],"wp:attachment":[{"href":"https:\/\/captain-guitar-lounge.com\/en\/wp-json\/wp\/v2\/media?parent=11957"}],"wp:term":[{"taxonomy":"product_brand","embeddable":true,"href":"https:\/\/captain-guitar-lounge.com\/en\/wp-json\/wp\/v2\/product_brand?post=11957"},{"taxonomy":"product_cat","embeddable":true,"href":"https:\/\/captain-guitar-lounge.com\/en\/wp-json\/wp\/v2\/product_cat?post=11957"},{"taxonomy":"product_tag","embeddable":true,"href":"https:\/\/captain-guitar-lounge.com\/en\/wp-json\/wp\/v2\/product_tag?post=11957"}],"curies":[{"name":"wp","href":"https:\/\/api.w.org\/{rel}","templated":true}]}}