{"id":12102,"date":"2020-06-23T07:35:26","date_gmt":"2020-06-23T05:35:26","guid":{"rendered":"https:\/\/captain-guitar-lounge.com\/?post_type=product&#038;p=12102"},"modified":"2023-12-07T16:17:35","modified_gmt":"2023-12-07T15:17:35","slug":"lehle-mono-volume","status":"publish","type":"product","link":"https:\/\/captain-guitar-lounge.com\/en\/product\/lehle-mono-volume\/","title":{"rendered":"Lehle Mono Volume"},"content":{"rendered":"<p>Das Lehle Mono Volume ist ein verschlei\u00dffrei funktionierendes Volumenpedal, das mit einem sehr pr\u00e4zisen Magnet-Sensor ausgestattet ist. Dieser Sensor nutzt den Hall-Effekt, benannt nach Edwin Hall zur Messung der St\u00e4rke von Magnetfeldern. Beim Lehle Mono Volume wird der Hall-Sensor aus deutscher Produktion auf den eingebauten Magneten und den Regelweg des Pedals exakt kalibriert. Das Pedal bewegt nur den Magneten; dessen Abstand wird vom Hall-Sensor gemessen, der dann einen VCA ansteuert.<br \/>\nDer hochwertige Blackmer\u00ae VCA (= Voltage Controlled Amplifier, also Spannungsgesteuerter Verst\u00e4rker) aus den USA ersetzt hier das mechanische Potentiometer. Das Prinzip der spannungsgesteuerten Verst\u00e4rker beruht darauf, dass die Verst\u00e4rkung durch die vom Hall-Sensor kommende Steuerspannung variiert wird. Dieses Verfahren erm\u00f6glicht ein deutlich pr\u00e4ziseres Arbeiten als die \u00fcblichen mechanischen Potentiometer oder optischen Sensoren der g\u00e4ngigen Volumenpedale, au\u00dferdem entfallen das Poti-typische Rauschen oder die umst\u00e4ndliche Justierung. \u00dcber den gesamten Regelweg \u00fcbertr\u00e4gt das Lehle Mono Volume das volle Klangspektrum des angeschlossenen Instruments. Die Eingangs- und Ausgangsimpedanz bleibt immer gleich, dadurch gibt es keine H\u00f6hend\u00e4mpfung wie bei einem Poti. Intern wird die Eingangsspannung des Pedals hinter der Stromversorgungsbuchse gleichgerichtet, gefiltert, stabilisiert und anschlie\u00dfend auf 18 Volt verdoppelt. Dadurch ist es sehr pegelfest und erreicht so einen Gesamtdynamikumfang von 110 dB.<br \/>\nDie Lautst\u00e4rkeregelung des Lehle Mono Volume geht von -92 dB bis 0 dB &#8211; also von praktisch stumm bis gleich laut. Mit einem Poti l\u00e4sst sich noch eine Verst\u00e4rkung von ca. +10 dB einstellen.<br \/>\nDas Lehle Mono Volume l\u00e4uft mechanisch extrem ruhig und gleichm\u00e4\u00dfig, da es mit Low-friction-Gleitlagern aus einem Hochleistungspolymer ausgestattet ist und keinerlei mechanische \u00dcbertragung des Pedals an andere Bauteile gibt. Mittels einer Stellschraube l\u00e4sst sich die G\u00e4ngigkeit des Pedals sehr genau einstellen.<br \/>\nZus\u00e4tzlich verf\u00fcgt das Lehle Mono Volume \u00fcber einen gebufferten Direct Out. Hier kann von Tuner, DAW bis zweitem Amp alles versorgt werden, ohne den Sound zu beeinflussen.<\/p>\n","protected":false},"excerpt":{"rendered":"<p><strong>Lehle Mono Volume Pedal<br \/>\n<\/strong><\/p>\n","protected":false},"featured_media":12103,"comment_status":"closed","ping_status":"closed","template":"","meta":{"_et_pb_use_builder":"","_et_pb_old_content":"","_et_gb_content_width":""},"product_brand":[],"product_cat":[1099],"product_tag":[],"class_list":{"0":"post-12102","1":"product","2":"type-product","3":"status-publish","4":"has-post-thumbnail","6":"product_cat-lehle","7":"product_shipping_class-small","8":"pa_artikelzustand-neuer-artikel","10":"first","11":"instock","12":"taxable","13":"shipping-taxable","14":"purchasable","15":"product-type-simple"},"composite_virtual":false,"composite_layout":"","composite_add_to_cart_form_location":"","composite_editable_in_cart":false,"composite_sold_individually_context":"","composite_shop_price_calc":"","composite_components":[],"composite_scenarios":[],"pp_statuses_selecting_workflow":false,"pp_workflow_action":"current","pp_status_selection":"publish","yoast_head":"<!-- This site is optimized with the Yoast SEO plugin v26.8 - https:\/\/yoast.com\/product\/yoast-seo-wordpress\/ -->\n<title>Lehle Mono Volume - captain-guitar-lounge.com<\/title>\n<meta name=\"robots\" content=\"index, follow, max-snippet:-1, max-image-preview:large, max-video-preview:-1\" \/>\n<link rel=\"canonical\" href=\"https:\/\/captain-guitar-lounge.com\/en\/product\/lehle-mono-volume\/\" \/>\n<meta property=\"og:locale\" content=\"en_US\" \/>\n<meta property=\"og:type\" content=\"article\" \/>\n<meta property=\"og:title\" content=\"Lehle Mono Volume - captain-guitar-lounge.com\" \/>\n<meta property=\"og:description\" content=\"Lehle Mono Volume Pedal\" \/>\n<meta property=\"og:url\" content=\"https:\/\/captain-guitar-lounge.com\/en\/product\/lehle-mono-volume\/\" \/>\n<meta property=\"og:site_name\" content=\"captain-guitar-lounge.com\" \/>\n<meta property=\"article:publisher\" content=\"https:\/\/www.facebook.com\/Captain-Guitar-Lounge-140457272682315\/\" \/>\n<meta property=\"article:modified_time\" content=\"2023-12-07T15:17:35+00:00\" \/>\n<meta property=\"og:image\" content=\"https:\/\/captain-guitar-lounge.com\/wp-content\/uploads\/2020\/06\/Lehle-Mono-Volume.jpg\" \/>\n\t<meta property=\"og:image:width\" content=\"567\" \/>\n\t<meta property=\"og:image:height\" content=\"567\" \/>\n\t<meta property=\"og:image:type\" content=\"image\/jpeg\" \/>\n<meta name=\"twitter:card\" content=\"summary_large_image\" \/>\n<meta name=\"twitter:label1\" content=\"Est. reading time\" \/>\n\t<meta name=\"twitter:data1\" content=\"2 minutes\" \/>\n<script type=\"application\/ld+json\" class=\"yoast-schema-graph\">{\"@context\":\"https:\/\/schema.org\",\"@graph\":[{\"@type\":\"WebPage\",\"@id\":\"https:\/\/captain-guitar-lounge.com\/en\/product\/lehle-mono-volume\/\",\"url\":\"https:\/\/captain-guitar-lounge.com\/en\/product\/lehle-mono-volume\/\",\"name\":\"Lehle Mono Volume - captain-guitar-lounge.com\",\"isPartOf\":{\"@id\":\"https:\/\/captain-guitar-lounge.com\/en\/#website\"},\"primaryImageOfPage\":{\"@id\":\"https:\/\/captain-guitar-lounge.com\/en\/product\/lehle-mono-volume\/#primaryimage\"},\"image\":{\"@id\":\"https:\/\/captain-guitar-lounge.com\/en\/product\/lehle-mono-volume\/#primaryimage\"},\"thumbnailUrl\":\"https:\/\/captain-guitar-lounge.com\/wp-content\/uploads\/2020\/06\/Lehle-Mono-Volume.jpg\",\"datePublished\":\"2020-06-23T05:35:26+00:00\",\"dateModified\":\"2023-12-07T15:17:35+00:00\",\"breadcrumb\":{\"@id\":\"https:\/\/captain-guitar-lounge.com\/en\/product\/lehle-mono-volume\/#breadcrumb\"},\"inLanguage\":\"en-US\",\"potentialAction\":[{\"@type\":\"ReadAction\",\"target\":[\"https:\/\/captain-guitar-lounge.com\/en\/product\/lehle-mono-volume\/\"]}]},{\"@type\":\"ImageObject\",\"inLanguage\":\"en-US\",\"@id\":\"https:\/\/captain-guitar-lounge.com\/en\/product\/lehle-mono-volume\/#primaryimage\",\"url\":\"https:\/\/captain-guitar-lounge.com\/wp-content\/uploads\/2020\/06\/Lehle-Mono-Volume.jpg\",\"contentUrl\":\"https:\/\/captain-guitar-lounge.com\/wp-content\/uploads\/2020\/06\/Lehle-Mono-Volume.jpg\",\"width\":567,\"height\":567,\"caption\":\"Lehle Mono Volume\"},{\"@type\":\"BreadcrumbList\",\"@id\":\"https:\/\/captain-guitar-lounge.com\/en\/product\/lehle-mono-volume\/#breadcrumb\",\"itemListElement\":[{\"@type\":\"ListItem\",\"position\":1,\"name\":\"Startseite\",\"item\":\"https:\/\/captain-guitar-lounge.com\/en\/\"},{\"@type\":\"ListItem\",\"position\":2,\"name\":\"Shop\",\"item\":\"https:\/\/captain-guitar-lounge.com\/shop\/\"},{\"@type\":\"ListItem\",\"position\":3,\"name\":\"Lehle Mono Volume\"}]},{\"@type\":\"WebSite\",\"@id\":\"https:\/\/captain-guitar-lounge.com\/en\/#website\",\"url\":\"https:\/\/captain-guitar-lounge.com\/en\/\",\"name\":\"captain-guitar-lounge.com\",\"description\":\"Fine Amps and Guitars and more\",\"potentialAction\":[{\"@type\":\"SearchAction\",\"target\":{\"@type\":\"EntryPoint\",\"urlTemplate\":\"https:\/\/captain-guitar-lounge.com\/en\/?s={search_term_string}\"},\"query-input\":{\"@type\":\"PropertyValueSpecification\",\"valueRequired\":true,\"valueName\":\"search_term_string\"}}],\"inLanguage\":\"en-US\"}]}<\/script>\n<!-- \/ Yoast SEO plugin. -->","yoast_head_json":{"title":"Lehle Mono Volume - captain-guitar-lounge.com","robots":{"index":"index","follow":"follow","max-snippet":"max-snippet:-1","max-image-preview":"max-image-preview:large","max-video-preview":"max-video-preview:-1"},"canonical":"https:\/\/captain-guitar-lounge.com\/en\/product\/lehle-mono-volume\/","og_locale":"en_US","og_type":"article","og_title":"Lehle Mono Volume - captain-guitar-lounge.com","og_description":"Lehle Mono Volume Pedal","og_url":"https:\/\/captain-guitar-lounge.com\/en\/product\/lehle-mono-volume\/","og_site_name":"captain-guitar-lounge.com","article_publisher":"https:\/\/www.facebook.com\/Captain-Guitar-Lounge-140457272682315\/","article_modified_time":"2023-12-07T15:17:35+00:00","og_image":[{"width":567,"height":567,"url":"https:\/\/captain-guitar-lounge.com\/wp-content\/uploads\/2020\/06\/Lehle-Mono-Volume.jpg","type":"image\/jpeg"}],"twitter_card":"summary_large_image","twitter_misc":{"Est. reading time":"2 minutes"},"schema":{"@context":"https:\/\/schema.org","@graph":[{"@type":"WebPage","@id":"https:\/\/captain-guitar-lounge.com\/en\/product\/lehle-mono-volume\/","url":"https:\/\/captain-guitar-lounge.com\/en\/product\/lehle-mono-volume\/","name":"Lehle Mono Volume - captain-guitar-lounge.com","isPartOf":{"@id":"https:\/\/captain-guitar-lounge.com\/en\/#website"},"primaryImageOfPage":{"@id":"https:\/\/captain-guitar-lounge.com\/en\/product\/lehle-mono-volume\/#primaryimage"},"image":{"@id":"https:\/\/captain-guitar-lounge.com\/en\/product\/lehle-mono-volume\/#primaryimage"},"thumbnailUrl":"https:\/\/captain-guitar-lounge.com\/wp-content\/uploads\/2020\/06\/Lehle-Mono-Volume.jpg","datePublished":"2020-06-23T05:35:26+00:00","dateModified":"2023-12-07T15:17:35+00:00","breadcrumb":{"@id":"https:\/\/captain-guitar-lounge.com\/en\/product\/lehle-mono-volume\/#breadcrumb"},"inLanguage":"en-US","potentialAction":[{"@type":"ReadAction","target":["https:\/\/captain-guitar-lounge.com\/en\/product\/lehle-mono-volume\/"]}]},{"@type":"ImageObject","inLanguage":"en-US","@id":"https:\/\/captain-guitar-lounge.com\/en\/product\/lehle-mono-volume\/#primaryimage","url":"https:\/\/captain-guitar-lounge.com\/wp-content\/uploads\/2020\/06\/Lehle-Mono-Volume.jpg","contentUrl":"https:\/\/captain-guitar-lounge.com\/wp-content\/uploads\/2020\/06\/Lehle-Mono-Volume.jpg","width":567,"height":567,"caption":"Lehle Mono Volume"},{"@type":"BreadcrumbList","@id":"https:\/\/captain-guitar-lounge.com\/en\/product\/lehle-mono-volume\/#breadcrumb","itemListElement":[{"@type":"ListItem","position":1,"name":"Startseite","item":"https:\/\/captain-guitar-lounge.com\/en\/"},{"@type":"ListItem","position":2,"name":"Shop","item":"https:\/\/captain-guitar-lounge.com\/shop\/"},{"@type":"ListItem","position":3,"name":"Lehle Mono Volume"}]},{"@type":"WebSite","@id":"https:\/\/captain-guitar-lounge.com\/en\/#website","url":"https:\/\/captain-guitar-lounge.com\/en\/","name":"captain-guitar-lounge.com","description":"Fine Amps and Guitars and more","potentialAction":[{"@type":"SearchAction","target":{"@type":"EntryPoint","urlTemplate":"https:\/\/captain-guitar-lounge.com\/en\/?s={search_term_string}"},"query-input":{"@type":"PropertyValueSpecification","valueRequired":true,"valueName":"search_term_string"}}],"inLanguage":"en-US"}]}},"_links":{"self":[{"href":"https:\/\/captain-guitar-lounge.com\/en\/wp-json\/wp\/v2\/product\/12102","targetHints":{"allow":["GET"]}}],"collection":[{"href":"https:\/\/captain-guitar-lounge.com\/en\/wp-json\/wp\/v2\/product"}],"about":[{"href":"https:\/\/captain-guitar-lounge.com\/en\/wp-json\/wp\/v2\/types\/product"}],"replies":[{"embeddable":true,"href":"https:\/\/captain-guitar-lounge.com\/en\/wp-json\/wp\/v2\/comments?post=12102"}],"wp:featuredmedia":[{"embeddable":true,"href":"https:\/\/captain-guitar-lounge.com\/en\/wp-json\/wp\/v2\/media\/12103"}],"wp:attachment":[{"href":"https:\/\/captain-guitar-lounge.com\/en\/wp-json\/wp\/v2\/media?parent=12102"}],"wp:term":[{"taxonomy":"product_brand","embeddable":true,"href":"https:\/\/captain-guitar-lounge.com\/en\/wp-json\/wp\/v2\/product_brand?post=12102"},{"taxonomy":"product_cat","embeddable":true,"href":"https:\/\/captain-guitar-lounge.com\/en\/wp-json\/wp\/v2\/product_cat?post=12102"},{"taxonomy":"product_tag","embeddable":true,"href":"https:\/\/captain-guitar-lounge.com\/en\/wp-json\/wp\/v2\/product_tag?post=12102"}],"curies":[{"name":"wp","href":"https:\/\/api.w.org\/{rel}","templated":true}]}}