{"id":13543,"date":"2020-07-23T13:51:28","date_gmt":"2020-07-23T11:51:28","guid":{"rendered":"https:\/\/captain-guitar-lounge.com\/?post_type=product&#038;p=13543"},"modified":"2023-12-07T16:09:01","modified_gmt":"2023-12-07T15:09:01","slug":"celestion-classic-lead-80","status":"publish","type":"product","link":"https:\/\/captain-guitar-lounge.com\/en\/product\/celestion-classic-lead-80\/","title":{"rendered":"Celestion Classic Lead 80"},"content":{"rendered":"<div>Der Classic Lead ist ein gutes Beispiel wie sich die Klangcharakteristik eines Lautsprechers entfalten kann, sobald neuartige Materialien verf\u00fcgbar werden. F\u00fcr die 1970-er Jahre war es revolution\u00e4r,\u00a0 Schwingspulentr\u00e4ger aus Glasfaser mit der F\u00e4higkeit, sehr hohen Temperaturen zu widerstehen, zu verwende , um dem Classic Lead eine muskul\u00f6se Belastbarkeit von 80 Watt zu verleihen. Dieses Material verbesserte auch die Steifheit und beeinflusst somit die Art und Weise, wie die Membran in Partialschwingungen aufbricht. Durch Experimentieren mit der Behandlung der Membran-Einspannung und fortgesetztes kritisches H\u00f6ren konnten einige Schwingungsmodi hervorgehoben und andere wiederum unterdr\u00fcckt werden, was zum einzigartigen Sound dieses Lautsprechers beitr\u00e4gt.<\/div>\n<div>Heute wird der Classic Lead von Leadgitarristen f\u00fcr seine schnelle Ansprache, seinen Druck und seine Ausdrucksf\u00e4higkeit geliebt. Jede Note ist klar definiert sogar bei volumin\u00f6sen verzerrten Sounds.<\/div>\n<div>Der Classic Lead klingt auch klar gro\u00dfartig. Die schnelle Ansprache und eine hohe Dynamikreserve erm\u00f6glichen ein fl\u00fcssiges und dynamisches Spiel.<\/div>\n","protected":false},"excerpt":{"rendered":"<div><strong>Gr\u00f6\u00dfe:<\/strong> 12&#8243;<\/div>\n<div><b>Belastbarkeit :<\/b> 80 Watt<\/div>\n<div><b>Frequenzbereich:<\/b> 80-5000 Hz<\/div>\n<div><b>Sensitivity:<\/b> 99 dB<\/div>\n<div><b>Magnet:<\/b> Keramik<\/div>\n","protected":false},"featured_media":13546,"comment_status":"closed","ping_status":"closed","template":"","meta":{"_et_pb_use_builder":"off","_et_pb_old_content":"<div><b>Gr\u00f6\u00dfe:<\/b> 12\"<\/div>\r\n<div><b>Belastbarkeit :<\/b> 80 Watt<\/div>\r\n<div><b>Frequenzbereich:<\/b> 80-5000 Hz<\/div>\r\n<div><b>Sensitivity:<\/b> 99 dB<\/div>\r\n<div><b>Magnet:<\/b> Keramik<\/div>","_et_gb_content_width":""},"product_brand":[],"product_cat":[1094],"product_tag":[],"class_list":{"0":"post-13543","1":"product","2":"type-product","3":"status-publish","4":"has-post-thumbnail","6":"product_cat-celestion-speaker","7":"product_shipping_class-small","8":"pa_artikelzustand-neuer-artikel","9":"pa_impedanz-8-ohm","10":"pa_impedanz-16-ohm","11":"pa_power-bis-80-watt","12":"pa_speaker-679","14":"first","15":"instock","16":"taxable","17":"shipping-taxable","18":"purchasable","19":"product-type-variable","20":"has-default-attributes"},"composite_virtual":false,"composite_layout":"","composite_add_to_cart_form_location":"","composite_editable_in_cart":false,"composite_sold_individually_context":"","composite_shop_price_calc":"","composite_components":[],"composite_scenarios":[],"pp_statuses_selecting_workflow":false,"pp_workflow_action":"current","pp_status_selection":"publish","yoast_head":"<!-- This site is optimized with the Yoast SEO plugin v26.8 - https:\/\/yoast.com\/product\/yoast-seo-wordpress\/ -->\n<title>Celestion Classic Lead 80 - captain-guitar-lounge.com<\/title>\n<meta name=\"robots\" content=\"index, follow, max-snippet:-1, max-image-preview:large, max-video-preview:-1\" \/>\n<link rel=\"canonical\" href=\"https:\/\/captain-guitar-lounge.com\/en\/product\/celestion-classic-lead-80\/\" \/>\n<meta property=\"og:locale\" content=\"en_US\" \/>\n<meta property=\"og:type\" content=\"article\" \/>\n<meta property=\"og:title\" content=\"Celestion Classic Lead 80 - captain-guitar-lounge.com\" \/>\n<meta property=\"og:description\" content=\"Gr\u00f6\u00dfe: 12&quot; Belastbarkeit : 80 Watt Frequenzbereich: 80-5000 Hz Sensitivity: 99 dB Magnet: Keramik\" \/>\n<meta property=\"og:url\" content=\"https:\/\/captain-guitar-lounge.com\/en\/product\/celestion-classic-lead-80\/\" \/>\n<meta property=\"og:site_name\" content=\"captain-guitar-lounge.com\" \/>\n<meta property=\"article:publisher\" content=\"https:\/\/www.facebook.com\/Captain-Guitar-Lounge-140457272682315\/\" \/>\n<meta property=\"article:modified_time\" content=\"2023-12-07T15:09:01+00:00\" \/>\n<meta property=\"og:image\" content=\"https:\/\/captain-guitar-lounge.com\/wp-content\/uploads\/2020\/07\/cl80.jpg\" \/>\n\t<meta property=\"og:image:width\" content=\"500\" \/>\n\t<meta property=\"og:image:height\" content=\"502\" \/>\n\t<meta property=\"og:image:type\" content=\"image\/jpeg\" \/>\n<meta name=\"twitter:card\" content=\"summary_large_image\" \/>\n<meta name=\"twitter:label1\" content=\"Est. reading time\" \/>\n\t<meta name=\"twitter:data1\" content=\"1 minute\" \/>\n<script type=\"application\/ld+json\" class=\"yoast-schema-graph\">{\"@context\":\"https:\/\/schema.org\",\"@graph\":[{\"@type\":\"WebPage\",\"@id\":\"https:\/\/captain-guitar-lounge.com\/en\/product\/celestion-classic-lead-80\/\",\"url\":\"https:\/\/captain-guitar-lounge.com\/en\/product\/celestion-classic-lead-80\/\",\"name\":\"Celestion Classic Lead 80 - captain-guitar-lounge.com\",\"isPartOf\":{\"@id\":\"https:\/\/captain-guitar-lounge.com\/en\/#website\"},\"primaryImageOfPage\":{\"@id\":\"https:\/\/captain-guitar-lounge.com\/en\/product\/celestion-classic-lead-80\/#primaryimage\"},\"image\":{\"@id\":\"https:\/\/captain-guitar-lounge.com\/en\/product\/celestion-classic-lead-80\/#primaryimage\"},\"thumbnailUrl\":\"https:\/\/captain-guitar-lounge.com\/wp-content\/uploads\/2020\/07\/cl80.jpg\",\"datePublished\":\"2020-07-23T11:51:28+00:00\",\"dateModified\":\"2023-12-07T15:09:01+00:00\",\"breadcrumb\":{\"@id\":\"https:\/\/captain-guitar-lounge.com\/en\/product\/celestion-classic-lead-80\/#breadcrumb\"},\"inLanguage\":\"en-US\",\"potentialAction\":[{\"@type\":\"ReadAction\",\"target\":[\"https:\/\/captain-guitar-lounge.com\/en\/product\/celestion-classic-lead-80\/\"]}]},{\"@type\":\"ImageObject\",\"inLanguage\":\"en-US\",\"@id\":\"https:\/\/captain-guitar-lounge.com\/en\/product\/celestion-classic-lead-80\/#primaryimage\",\"url\":\"https:\/\/captain-guitar-lounge.com\/wp-content\/uploads\/2020\/07\/cl80.jpg\",\"contentUrl\":\"https:\/\/captain-guitar-lounge.com\/wp-content\/uploads\/2020\/07\/cl80.jpg\",\"width\":500,\"height\":502},{\"@type\":\"BreadcrumbList\",\"@id\":\"https:\/\/captain-guitar-lounge.com\/en\/product\/celestion-classic-lead-80\/#breadcrumb\",\"itemListElement\":[{\"@type\":\"ListItem\",\"position\":1,\"name\":\"Startseite\",\"item\":\"https:\/\/captain-guitar-lounge.com\/en\/\"},{\"@type\":\"ListItem\",\"position\":2,\"name\":\"Shop\",\"item\":\"https:\/\/captain-guitar-lounge.com\/shop\/\"},{\"@type\":\"ListItem\",\"position\":3,\"name\":\"Celestion Classic Lead 80\"}]},{\"@type\":\"WebSite\",\"@id\":\"https:\/\/captain-guitar-lounge.com\/en\/#website\",\"url\":\"https:\/\/captain-guitar-lounge.com\/en\/\",\"name\":\"captain-guitar-lounge.com\",\"description\":\"Fine Amps and Guitars and more\",\"potentialAction\":[{\"@type\":\"SearchAction\",\"target\":{\"@type\":\"EntryPoint\",\"urlTemplate\":\"https:\/\/captain-guitar-lounge.com\/en\/?s={search_term_string}\"},\"query-input\":{\"@type\":\"PropertyValueSpecification\",\"valueRequired\":true,\"valueName\":\"search_term_string\"}}],\"inLanguage\":\"en-US\"}]}<\/script>\n<!-- \/ Yoast SEO plugin. -->","yoast_head_json":{"title":"Celestion Classic Lead 80 - captain-guitar-lounge.com","robots":{"index":"index","follow":"follow","max-snippet":"max-snippet:-1","max-image-preview":"max-image-preview:large","max-video-preview":"max-video-preview:-1"},"canonical":"https:\/\/captain-guitar-lounge.com\/en\/product\/celestion-classic-lead-80\/","og_locale":"en_US","og_type":"article","og_title":"Celestion Classic Lead 80 - captain-guitar-lounge.com","og_description":"Gr\u00f6\u00dfe: 12\" Belastbarkeit : 80 Watt Frequenzbereich: 80-5000 Hz Sensitivity: 99 dB Magnet: Keramik","og_url":"https:\/\/captain-guitar-lounge.com\/en\/product\/celestion-classic-lead-80\/","og_site_name":"captain-guitar-lounge.com","article_publisher":"https:\/\/www.facebook.com\/Captain-Guitar-Lounge-140457272682315\/","article_modified_time":"2023-12-07T15:09:01+00:00","og_image":[{"width":500,"height":502,"url":"https:\/\/captain-guitar-lounge.com\/wp-content\/uploads\/2020\/07\/cl80.jpg","type":"image\/jpeg"}],"twitter_card":"summary_large_image","twitter_misc":{"Est. reading time":"1 minute"},"schema":{"@context":"https:\/\/schema.org","@graph":[{"@type":"WebPage","@id":"https:\/\/captain-guitar-lounge.com\/en\/product\/celestion-classic-lead-80\/","url":"https:\/\/captain-guitar-lounge.com\/en\/product\/celestion-classic-lead-80\/","name":"Celestion Classic Lead 80 - captain-guitar-lounge.com","isPartOf":{"@id":"https:\/\/captain-guitar-lounge.com\/en\/#website"},"primaryImageOfPage":{"@id":"https:\/\/captain-guitar-lounge.com\/en\/product\/celestion-classic-lead-80\/#primaryimage"},"image":{"@id":"https:\/\/captain-guitar-lounge.com\/en\/product\/celestion-classic-lead-80\/#primaryimage"},"thumbnailUrl":"https:\/\/captain-guitar-lounge.com\/wp-content\/uploads\/2020\/07\/cl80.jpg","datePublished":"2020-07-23T11:51:28+00:00","dateModified":"2023-12-07T15:09:01+00:00","breadcrumb":{"@id":"https:\/\/captain-guitar-lounge.com\/en\/product\/celestion-classic-lead-80\/#breadcrumb"},"inLanguage":"en-US","potentialAction":[{"@type":"ReadAction","target":["https:\/\/captain-guitar-lounge.com\/en\/product\/celestion-classic-lead-80\/"]}]},{"@type":"ImageObject","inLanguage":"en-US","@id":"https:\/\/captain-guitar-lounge.com\/en\/product\/celestion-classic-lead-80\/#primaryimage","url":"https:\/\/captain-guitar-lounge.com\/wp-content\/uploads\/2020\/07\/cl80.jpg","contentUrl":"https:\/\/captain-guitar-lounge.com\/wp-content\/uploads\/2020\/07\/cl80.jpg","width":500,"height":502},{"@type":"BreadcrumbList","@id":"https:\/\/captain-guitar-lounge.com\/en\/product\/celestion-classic-lead-80\/#breadcrumb","itemListElement":[{"@type":"ListItem","position":1,"name":"Startseite","item":"https:\/\/captain-guitar-lounge.com\/en\/"},{"@type":"ListItem","position":2,"name":"Shop","item":"https:\/\/captain-guitar-lounge.com\/shop\/"},{"@type":"ListItem","position":3,"name":"Celestion Classic Lead 80"}]},{"@type":"WebSite","@id":"https:\/\/captain-guitar-lounge.com\/en\/#website","url":"https:\/\/captain-guitar-lounge.com\/en\/","name":"captain-guitar-lounge.com","description":"Fine Amps and Guitars and more","potentialAction":[{"@type":"SearchAction","target":{"@type":"EntryPoint","urlTemplate":"https:\/\/captain-guitar-lounge.com\/en\/?s={search_term_string}"},"query-input":{"@type":"PropertyValueSpecification","valueRequired":true,"valueName":"search_term_string"}}],"inLanguage":"en-US"}]}},"_links":{"self":[{"href":"https:\/\/captain-guitar-lounge.com\/en\/wp-json\/wp\/v2\/product\/13543","targetHints":{"allow":["GET"]}}],"collection":[{"href":"https:\/\/captain-guitar-lounge.com\/en\/wp-json\/wp\/v2\/product"}],"about":[{"href":"https:\/\/captain-guitar-lounge.com\/en\/wp-json\/wp\/v2\/types\/product"}],"replies":[{"embeddable":true,"href":"https:\/\/captain-guitar-lounge.com\/en\/wp-json\/wp\/v2\/comments?post=13543"}],"wp:featuredmedia":[{"embeddable":true,"href":"https:\/\/captain-guitar-lounge.com\/en\/wp-json\/wp\/v2\/media\/13546"}],"wp:attachment":[{"href":"https:\/\/captain-guitar-lounge.com\/en\/wp-json\/wp\/v2\/media?parent=13543"}],"wp:term":[{"taxonomy":"product_brand","embeddable":true,"href":"https:\/\/captain-guitar-lounge.com\/en\/wp-json\/wp\/v2\/product_brand?post=13543"},{"taxonomy":"product_cat","embeddable":true,"href":"https:\/\/captain-guitar-lounge.com\/en\/wp-json\/wp\/v2\/product_cat?post=13543"},{"taxonomy":"product_tag","embeddable":true,"href":"https:\/\/captain-guitar-lounge.com\/en\/wp-json\/wp\/v2\/product_tag?post=13543"}],"curies":[{"name":"wp","href":"https:\/\/api.w.org\/{rel}","templated":true}]}}