{"id":14100,"date":"2020-08-14T17:42:58","date_gmt":"2020-08-14T15:42:58","guid":{"rendered":"https:\/\/captain-guitar-lounge.com\/?p=14100&#038;post_type=product&#038;preview_id=14100"},"modified":"2023-12-07T16:25:16","modified_gmt":"2023-12-07T15:25:16","slug":"uw-instruments-touring-guitar-muenchen-metro-liner","status":"publish","type":"product","link":"https:\/\/captain-guitar-lounge.com\/en\/product\/uw-instruments-touring-guitar-muenchen-metro-liner\/","title":{"rendered":"UW Instruments Touring Guitar &#8220;M\u00fcnchen Metro Liner&#8221; mit iPhone\u00ae Interface"},"content":{"rendered":"<p>Der Ulf \u00a0vom Gitarren Service hat die Idee gehabt eine \u201eTouring-Gitarre mit eingebautem IPhone Interface\u201c zu entwickeln. Auf Dienstreisen als Vertriebsingenieur war er oft mit dem Flugzeug unterwegs. Eine Gitarre musste nat\u00fcrlich immer mit. Er \u00e4rgerte sich aber \u00fcber die extra mitzunehmenden Kabel, Mini Amp oder Effekte.\u00a0Auf den ersten Blick sieht\u2018s aus wie eine etwas verk\u00fcrzte T-Type. Die Besonderheiten sind nicht gleich offensichtlich, wie wir noch bemerken werden.<\/p>\n<p>Abgesehen von der \u201eHeadless\u201c Konstruktion, haben wir z.B. einen Sumpfesche \u00a0Body mit 2 piece \u00a0Maple Neck. Man bemerkt nat\u00fcrlich sofort den Rippenspoiler und die Armauflage sowie die abgeschr\u00e4gte R\u00fcckseite bei der Halstasche, die einen leichteren Zugriff in den oberen Lagen erlaubt. Dieses Exemplar kommt in \u201eDaphne Blue\u201c daher. Das Pickguard zeigt einen Teil des M\u00fcnchner Stadtplans. Das ist also die : \u201eM\u00fcnchen Metro Liner\u201c. Andere Bilder zeigen eine Version in \u201eDakota Red\u201c.Das ist dann die \u201eHamburg\u201c.<\/p>\n<p>Der Hals verf\u00fcgt \u00fcber 22 \u00a0Jumbo B\u00fcnde mit der \u00fcblichen Fendermensur und einem griffigen C Profil. Also keine Abstriche bei der Spielbarkeit.<\/p>\n<p>Die verchromte Hardware von ABM erm\u00f6glicht das Stimmen von der Korpusseite. Ansonsten hat man 2 PUs, in diesem Fall einen splitbaren Humbucker in der Bridge \u2013 und einen Seymore Duncan Humbucker am Hals. Das Tonpoti ist als Push\/Pull Version ausgef\u00fchrt, das eine Spule stummschalten kann. Statt der normalen Klingenbuchse steckt der \u201eSonic Port\u00ae\u201c von Line 6 in der Klampfe. Aber wo schlie\u00dfe ich nun mein IPhone\u00ae an? Dazu klappt man eine \u00a0magnetische Halterung aus hinter der sich das Anschlusskabel verbirgt. Nachdem man das IPhone in eine mit Magneten versehenes Case eingesetzt hat, wird dies auf die Klappe gesetzt. Nun kann man die \u00fcblichen Apps wie \u201eMobile Pot\u201c, \u201eGarageband\u201c oder\/und \u201eJam Up Pro\u201c benutzen um entweder mit dem Kopfh\u00f6rer oder auch am erwachsenen Amp loszurocken.. Alles ist sch\u00f6n aufger\u00e4umt. Logisch, das man die Gitarre ohne IPhone\u00ae benutzen kann. Da sieht man erstmal gar nichts. Details auf <a href=\"http:\/\/www.uw-instruments.com\">www.uw-instruments.com<\/a>. \u00dcber das R\u00fcckseitige Batteriefach kann der Sonic Port\u00ae alternativ per Umschalter versorgt werden.\u00a0 Das spart Akkukapazit\u00e4t des Smartphones.<\/p>\n<p>Also hat man alles beinander. Und da der Gitarrist ja heute vermehrt mit einem Smartphone von Apple reist, kann er bei einer L\u00e4nge von 77 cm und einem Gewicht von 3,1 Kg das Teil noch gut \u201emitschleppen\u201c. Nat\u00fcrlich ist die Klampfe auch geeignet platzsparend auf kleinen B\u00fchnen gespielt zu werden. Ein Hingucker ist es allemal. Customm\u00e4\u00dfige Anpassungen- auch beim Pickguardesign- sind nat\u00fcrlich m\u00f6glich.<\/p>\n","protected":false},"excerpt":{"rendered":"<p>Aus dieser kleinen Gitarrenmanufaktur im bayerischen Outback kommen neben der Touring Guitar auch individuelle Einzelst\u00fccke und Projektarbeiten.<br \/>\nMal im klassischen Stil, mal mit exclusivern H\u00f6lzern, aber immer in Handarbeit hergestellt und mit den besten Komponenten best\u00fcckt.<br \/>\nMehr Informationen gibts auf der <a href=\"http:\/\/www.uw-instruments.com\">HOMEPAGE<\/a><\/p>\n<p><a href=\"http:\/\/www.uw-instruments.com\/\"><img loading=\"lazy\" decoding=\"async\" class=\"alignnone size-full wp-image-14101\" src=\"https:\/\/captain-guitar-lounge.com\/wp-content\/uploads\/2020\/08\/logo.png\" alt=\"\" width=\"151\" height=\"48\" \/><\/a><\/p>\n","protected":false},"featured_media":14535,"comment_status":"closed","ping_status":"closed","template":"","meta":{"_et_pb_use_builder":"","_et_pb_old_content":"","_et_gb_content_width":""},"product_brand":[],"product_cat":[60,864],"product_tag":[1589],"class_list":{"0":"post-14100","1":"product","2":"type-product","3":"status-publish","4":"has-post-thumbnail","6":"product_cat-electric-guitars","7":"product_cat-uw-instruments","8":"product_tag-tele","9":"product_shipping_class-standard","10":"pa_artikelzustand-neuer-artikel","12":"first","13":"instock","14":"sold-individually","15":"taxable","16":"shipping-taxable","17":"purchasable","18":"product-type-simple"},"composite_virtual":false,"composite_layout":"","composite_add_to_cart_form_location":"","composite_editable_in_cart":false,"composite_sold_individually_context":"","composite_shop_price_calc":"","composite_components":[],"composite_scenarios":[],"pp_statuses_selecting_workflow":false,"pp_workflow_action":"current","pp_status_selection":"publish","yoast_head":"<!-- This site is optimized with the Yoast SEO plugin v26.8 - https:\/\/yoast.com\/product\/yoast-seo-wordpress\/ -->\n<title>UW Instruments Touring Guitar &quot;M\u00fcnchen Metro Liner&quot; mit iPhone\u00ae Interface - captain-guitar-lounge.com<\/title>\n<meta name=\"robots\" content=\"index, follow, max-snippet:-1, max-image-preview:large, max-video-preview:-1\" \/>\n<link rel=\"canonical\" href=\"https:\/\/captain-guitar-lounge.com\/en\/product\/uw-instruments-touring-guitar-muenchen-metro-liner\/\" \/>\n<meta property=\"og:locale\" content=\"en_US\" \/>\n<meta property=\"og:type\" content=\"article\" \/>\n<meta property=\"og:title\" content=\"UW Instruments Touring Guitar &quot;M\u00fcnchen Metro Liner&quot; mit iPhone\u00ae Interface - captain-guitar-lounge.com\" \/>\n<meta property=\"og:description\" content=\"Aus dieser kleinen Gitarrenmanufaktur im bayerischen Outback kommen neben der Touring Guitar auch individuelle Einzelst\u00fccke und Projektarbeiten. Mal im klassischen Stil, mal mit exclusivern H\u00f6lzern, aber immer in Handarbeit hergestellt und mit den besten Komponenten best\u00fcckt. Mehr Informationen gibts auf der HOMEPAGE\" \/>\n<meta property=\"og:url\" content=\"https:\/\/captain-guitar-lounge.com\/en\/product\/uw-instruments-touring-guitar-muenchen-metro-liner\/\" \/>\n<meta property=\"og:site_name\" content=\"captain-guitar-lounge.com\" \/>\n<meta property=\"article:publisher\" content=\"https:\/\/www.facebook.com\/Captain-Guitar-Lounge-140457272682315\/\" \/>\n<meta property=\"article:modified_time\" content=\"2023-12-07T15:25:16+00:00\" \/>\n<meta property=\"og:image\" content=\"https:\/\/captain-guitar-lounge.com\/wp-content\/uploads\/2020\/08\/Touring_quadrat.jpg\" \/>\n\t<meta property=\"og:image:width\" content=\"1044\" \/>\n\t<meta property=\"og:image:height\" content=\"1142\" \/>\n\t<meta property=\"og:image:type\" content=\"image\/jpeg\" \/>\n<meta name=\"twitter:card\" content=\"summary_large_image\" \/>\n<meta name=\"twitter:label1\" content=\"Est. reading time\" \/>\n\t<meta name=\"twitter:data1\" content=\"2 minutes\" \/>\n<script type=\"application\/ld+json\" class=\"yoast-schema-graph\">{\"@context\":\"https:\/\/schema.org\",\"@graph\":[{\"@type\":\"WebPage\",\"@id\":\"https:\/\/captain-guitar-lounge.com\/en\/product\/uw-instruments-touring-guitar-muenchen-metro-liner\/\",\"url\":\"https:\/\/captain-guitar-lounge.com\/en\/product\/uw-instruments-touring-guitar-muenchen-metro-liner\/\",\"name\":\"UW Instruments Touring Guitar \\\"M\u00fcnchen Metro Liner\\\" mit iPhone\u00ae Interface - captain-guitar-lounge.com\",\"isPartOf\":{\"@id\":\"https:\/\/captain-guitar-lounge.com\/en\/#website\"},\"primaryImageOfPage\":{\"@id\":\"https:\/\/captain-guitar-lounge.com\/en\/product\/uw-instruments-touring-guitar-muenchen-metro-liner\/#primaryimage\"},\"image\":{\"@id\":\"https:\/\/captain-guitar-lounge.com\/en\/product\/uw-instruments-touring-guitar-muenchen-metro-liner\/#primaryimage\"},\"thumbnailUrl\":\"https:\/\/captain-guitar-lounge.com\/wp-content\/uploads\/2020\/08\/Touring_quadrat.jpg\",\"datePublished\":\"2020-08-14T15:42:58+00:00\",\"dateModified\":\"2023-12-07T15:25:16+00:00\",\"breadcrumb\":{\"@id\":\"https:\/\/captain-guitar-lounge.com\/en\/product\/uw-instruments-touring-guitar-muenchen-metro-liner\/#breadcrumb\"},\"inLanguage\":\"en-US\",\"potentialAction\":[{\"@type\":\"ReadAction\",\"target\":[\"https:\/\/captain-guitar-lounge.com\/en\/product\/uw-instruments-touring-guitar-muenchen-metro-liner\/\"]}]},{\"@type\":\"ImageObject\",\"inLanguage\":\"en-US\",\"@id\":\"https:\/\/captain-guitar-lounge.com\/en\/product\/uw-instruments-touring-guitar-muenchen-metro-liner\/#primaryimage\",\"url\":\"https:\/\/captain-guitar-lounge.com\/wp-content\/uploads\/2020\/08\/Touring_quadrat.jpg\",\"contentUrl\":\"https:\/\/captain-guitar-lounge.com\/wp-content\/uploads\/2020\/08\/Touring_quadrat.jpg\",\"width\":1044,\"height\":1142},{\"@type\":\"BreadcrumbList\",\"@id\":\"https:\/\/captain-guitar-lounge.com\/en\/product\/uw-instruments-touring-guitar-muenchen-metro-liner\/#breadcrumb\",\"itemListElement\":[{\"@type\":\"ListItem\",\"position\":1,\"name\":\"Startseite\",\"item\":\"https:\/\/captain-guitar-lounge.com\/en\/\"},{\"@type\":\"ListItem\",\"position\":2,\"name\":\"Shop\",\"item\":\"https:\/\/captain-guitar-lounge.com\/shop\/\"},{\"@type\":\"ListItem\",\"position\":3,\"name\":\"UW Instruments Touring Guitar &#8222;M\u00fcnchen Metro Liner&#8220; mit iPhone\u00ae Interface\"}]},{\"@type\":\"WebSite\",\"@id\":\"https:\/\/captain-guitar-lounge.com\/en\/#website\",\"url\":\"https:\/\/captain-guitar-lounge.com\/en\/\",\"name\":\"captain-guitar-lounge.com\",\"description\":\"Fine Amps and Guitars and more\",\"potentialAction\":[{\"@type\":\"SearchAction\",\"target\":{\"@type\":\"EntryPoint\",\"urlTemplate\":\"https:\/\/captain-guitar-lounge.com\/en\/?s={search_term_string}\"},\"query-input\":{\"@type\":\"PropertyValueSpecification\",\"valueRequired\":true,\"valueName\":\"search_term_string\"}}],\"inLanguage\":\"en-US\"}]}<\/script>\n<!-- \/ Yoast SEO plugin. -->","yoast_head_json":{"title":"UW Instruments Touring Guitar \"M\u00fcnchen Metro Liner\" mit iPhone\u00ae Interface - captain-guitar-lounge.com","robots":{"index":"index","follow":"follow","max-snippet":"max-snippet:-1","max-image-preview":"max-image-preview:large","max-video-preview":"max-video-preview:-1"},"canonical":"https:\/\/captain-guitar-lounge.com\/en\/product\/uw-instruments-touring-guitar-muenchen-metro-liner\/","og_locale":"en_US","og_type":"article","og_title":"UW Instruments Touring Guitar \"M\u00fcnchen Metro Liner\" mit iPhone\u00ae Interface - captain-guitar-lounge.com","og_description":"Aus dieser kleinen Gitarrenmanufaktur im bayerischen Outback kommen neben der Touring Guitar auch individuelle Einzelst\u00fccke und Projektarbeiten. Mal im klassischen Stil, mal mit exclusivern H\u00f6lzern, aber immer in Handarbeit hergestellt und mit den besten Komponenten best\u00fcckt. Mehr Informationen gibts auf der HOMEPAGE","og_url":"https:\/\/captain-guitar-lounge.com\/en\/product\/uw-instruments-touring-guitar-muenchen-metro-liner\/","og_site_name":"captain-guitar-lounge.com","article_publisher":"https:\/\/www.facebook.com\/Captain-Guitar-Lounge-140457272682315\/","article_modified_time":"2023-12-07T15:25:16+00:00","og_image":[{"width":1044,"height":1142,"url":"https:\/\/captain-guitar-lounge.com\/wp-content\/uploads\/2020\/08\/Touring_quadrat.jpg","type":"image\/jpeg"}],"twitter_card":"summary_large_image","twitter_misc":{"Est. reading time":"2 minutes"},"schema":{"@context":"https:\/\/schema.org","@graph":[{"@type":"WebPage","@id":"https:\/\/captain-guitar-lounge.com\/en\/product\/uw-instruments-touring-guitar-muenchen-metro-liner\/","url":"https:\/\/captain-guitar-lounge.com\/en\/product\/uw-instruments-touring-guitar-muenchen-metro-liner\/","name":"UW Instruments Touring Guitar \"M\u00fcnchen Metro Liner\" mit iPhone\u00ae Interface - captain-guitar-lounge.com","isPartOf":{"@id":"https:\/\/captain-guitar-lounge.com\/en\/#website"},"primaryImageOfPage":{"@id":"https:\/\/captain-guitar-lounge.com\/en\/product\/uw-instruments-touring-guitar-muenchen-metro-liner\/#primaryimage"},"image":{"@id":"https:\/\/captain-guitar-lounge.com\/en\/product\/uw-instruments-touring-guitar-muenchen-metro-liner\/#primaryimage"},"thumbnailUrl":"https:\/\/captain-guitar-lounge.com\/wp-content\/uploads\/2020\/08\/Touring_quadrat.jpg","datePublished":"2020-08-14T15:42:58+00:00","dateModified":"2023-12-07T15:25:16+00:00","breadcrumb":{"@id":"https:\/\/captain-guitar-lounge.com\/en\/product\/uw-instruments-touring-guitar-muenchen-metro-liner\/#breadcrumb"},"inLanguage":"en-US","potentialAction":[{"@type":"ReadAction","target":["https:\/\/captain-guitar-lounge.com\/en\/product\/uw-instruments-touring-guitar-muenchen-metro-liner\/"]}]},{"@type":"ImageObject","inLanguage":"en-US","@id":"https:\/\/captain-guitar-lounge.com\/en\/product\/uw-instruments-touring-guitar-muenchen-metro-liner\/#primaryimage","url":"https:\/\/captain-guitar-lounge.com\/wp-content\/uploads\/2020\/08\/Touring_quadrat.jpg","contentUrl":"https:\/\/captain-guitar-lounge.com\/wp-content\/uploads\/2020\/08\/Touring_quadrat.jpg","width":1044,"height":1142},{"@type":"BreadcrumbList","@id":"https:\/\/captain-guitar-lounge.com\/en\/product\/uw-instruments-touring-guitar-muenchen-metro-liner\/#breadcrumb","itemListElement":[{"@type":"ListItem","position":1,"name":"Startseite","item":"https:\/\/captain-guitar-lounge.com\/en\/"},{"@type":"ListItem","position":2,"name":"Shop","item":"https:\/\/captain-guitar-lounge.com\/shop\/"},{"@type":"ListItem","position":3,"name":"UW Instruments Touring Guitar &#8222;M\u00fcnchen Metro Liner&#8220; mit iPhone\u00ae Interface"}]},{"@type":"WebSite","@id":"https:\/\/captain-guitar-lounge.com\/en\/#website","url":"https:\/\/captain-guitar-lounge.com\/en\/","name":"captain-guitar-lounge.com","description":"Fine Amps and Guitars and more","potentialAction":[{"@type":"SearchAction","target":{"@type":"EntryPoint","urlTemplate":"https:\/\/captain-guitar-lounge.com\/en\/?s={search_term_string}"},"query-input":{"@type":"PropertyValueSpecification","valueRequired":true,"valueName":"search_term_string"}}],"inLanguage":"en-US"}]}},"_links":{"self":[{"href":"https:\/\/captain-guitar-lounge.com\/en\/wp-json\/wp\/v2\/product\/14100","targetHints":{"allow":["GET"]}}],"collection":[{"href":"https:\/\/captain-guitar-lounge.com\/en\/wp-json\/wp\/v2\/product"}],"about":[{"href":"https:\/\/captain-guitar-lounge.com\/en\/wp-json\/wp\/v2\/types\/product"}],"replies":[{"embeddable":true,"href":"https:\/\/captain-guitar-lounge.com\/en\/wp-json\/wp\/v2\/comments?post=14100"}],"wp:featuredmedia":[{"embeddable":true,"href":"https:\/\/captain-guitar-lounge.com\/en\/wp-json\/wp\/v2\/media\/14535"}],"wp:attachment":[{"href":"https:\/\/captain-guitar-lounge.com\/en\/wp-json\/wp\/v2\/media?parent=14100"}],"wp:term":[{"taxonomy":"product_brand","embeddable":true,"href":"https:\/\/captain-guitar-lounge.com\/en\/wp-json\/wp\/v2\/product_brand?post=14100"},{"taxonomy":"product_cat","embeddable":true,"href":"https:\/\/captain-guitar-lounge.com\/en\/wp-json\/wp\/v2\/product_cat?post=14100"},{"taxonomy":"product_tag","embeddable":true,"href":"https:\/\/captain-guitar-lounge.com\/en\/wp-json\/wp\/v2\/product_tag?post=14100"}],"curies":[{"name":"wp","href":"https:\/\/api.w.org\/{rel}","templated":true}]}}