{"id":14106,"date":"2020-08-04T13:15:58","date_gmt":"2020-08-04T11:15:58","guid":{"rendered":"https:\/\/captain-guitar-lounge.com\/?p=14106&#038;post_type=product&#038;preview_id=14106"},"modified":"2024-08-29T15:11:38","modified_gmt":"2024-08-29T13:11:38","slug":"captain-rockit-white-flowers","status":"publish","type":"product","link":"https:\/\/captain-guitar-lounge.com\/en\/product\/captain-rockit-white-flowers\/","title":{"rendered":"Captain RockIt White Flowers"},"content":{"rendered":"<div class=\"n module-type-text diyfeLiveArea \">\n<p>Die Captain RockIt ist eine Plattform, auf der wir schon alle m\u00f6glichen Projekte realisiert haben.<\/p>\n<p>Diese WhiteFlowers haben wir speziell f\u00fcr die Guitar Summit 2019 gebaut.<\/p>\n<div class=\"n module-type-text diyfeLiveArea \">\n<p>Die <strong>White Flowers<\/strong> wurden in <strong>Handarbeit<\/strong> auf die Gitarre und die Kopfplatte gezeichnet und mit Nitro-Lack versiegelt:\u00a0 <a href=\"https:\/\/captain-guitar-lounge.com\/wp-content\/uploads\/2020\/08\/IMG_2756.mov\">Video White Flowers<\/a><br \/>\nDer <strong>einteilige Mahagonie-Body<\/strong> mit dem cremefarbigen Binding ist eine Sonderanfertigung, genauso wie der dreiteilige Hals mit der <strong>Klassik-Kopfplatte<\/strong> und den spezial-Mechaniken.<br \/>\nDas Halsprofil ist eher kr\u00e4ftig, die B\u00fcnde auch.<\/p>\n<p>Die Wraparound Bridge sorgt f\u00fcr das ultimative Attack und reichlich Sustain.<br \/>\nAus meiner Schatzkammer stammen die beiden <strong>Gibson PatentNo Pickups<\/strong> aus den Sechziger Jahren, sie setzen das tolle Schwingungsverhalten in traumhafte Vintage-T\u00f6ne um.<br \/>\nDie Schaltung ist dabei klassisch mit zwei Volume- und zwei Tone Reglern und einem Toggle.<\/p>\n<p>Au\u00dfergew\u00f6hnliches Einzelst\u00fcck incl. Soft-Case<\/p>\n<p>&nbsp;<\/p>\n<\/div>\n<\/div>\n","protected":false},"excerpt":{"rendered":"<p><a href=\"https:\/\/captain-guitar-lounge.com\/wp-content\/uploads\/2020\/08\/Captain-R-Guitars-2017.jpg\"><img loading=\"lazy\" decoding=\"async\" class=\"alignnone size-medium wp-image-14107\" src=\"https:\/\/captain-guitar-lounge.com\/wp-content\/uploads\/2020\/08\/Captain-R-Guitars-2017-300x60.jpg\" alt=\"\" width=\"300\" height=\"60\" \/><\/a><\/p>\n<p>Nach einigen Entt\u00e4uschungen mit Gitarren aus den sogenannten Custom Shops namhafter Hersteller habe ich beschlossen, die Sache selbst in die Hand zu nehmen.<br \/>\n<strong>Captain Guitars<\/strong> sollen authentischer sein\u00a0was Ton und Haptik betrifft, jedoch wesentlich preisg\u00fcnstiger.<\/p>\n<p>Die Teile werden aus aller Welt bezogen, alles in bester Qualit\u00e4t.<br \/>\nDenn nur aus richtig guten Teilen werden gute Gitarren.<br \/>\nUnd mittelm\u00e4\u00dfige Gitarren gibts schon genug, die mu\u00df man nicht extra bauen!<br \/>\nMontiert, geaged und eingestellt wird alles hier bei uns in Handarbeit.<\/p>\n<p><strong>\u00dcberzeug dich selbst, komm vorbei und probier sie alle aus!<br \/>\n<\/strong><\/p>\n","protected":false},"featured_media":14108,"comment_status":"closed","ping_status":"closed","template":"","meta":{"_et_pb_use_builder":"","_et_pb_old_content":"","_et_gb_content_width":""},"product_brand":[],"product_cat":[60,865],"product_tag":[78,1589],"class_list":{"0":"post-14106","1":"product","2":"type-product","3":"status-publish","4":"has-post-thumbnail","6":"product_cat-electric-guitars","7":"product_cat-captain-guitars","8":"product_tag-custom-shop","9":"product_tag-tele","10":"product_shipping_class-standard","11":"pa_artikelzustand-neuer-artikel","13":"first","14":"instock","15":"featured","16":"sold-individually","17":"taxable","18":"shipping-taxable","19":"purchasable","20":"product-type-simple"},"composite_virtual":false,"composite_layout":"","composite_add_to_cart_form_location":"","composite_editable_in_cart":false,"composite_sold_individually_context":"","composite_shop_price_calc":"","composite_components":[],"composite_scenarios":[],"pp_statuses_selecting_workflow":false,"pp_workflow_action":"current","pp_status_selection":"publish","yoast_head":"<!-- This site is optimized with the Yoast SEO plugin v26.8 - https:\/\/yoast.com\/product\/yoast-seo-wordpress\/ -->\n<title>Captain RockIt White Flowers - captain-guitar-lounge.com<\/title>\n<meta name=\"robots\" content=\"index, follow, max-snippet:-1, max-image-preview:large, max-video-preview:-1\" \/>\n<link rel=\"canonical\" href=\"https:\/\/captain-guitar-lounge.com\/en\/product\/captain-rockit-white-flowers\/\" \/>\n<meta property=\"og:locale\" content=\"en_US\" \/>\n<meta property=\"og:type\" content=\"article\" \/>\n<meta property=\"og:title\" content=\"Captain RockIt White Flowers - captain-guitar-lounge.com\" \/>\n<meta property=\"og:description\" content=\"Nach einigen Entt\u00e4uschungen mit Gitarren aus den sogenannten Custom Shops namhafter Hersteller habe ich beschlossen, die Sache selbst in die Hand zu nehmen. Captain Guitars sollen authentischer sein\u00a0was Ton und Haptik betrifft, jedoch wesentlich preisg\u00fcnstiger.  Die Teile werden aus aller Welt bezogen, alles in bester Qualit\u00e4t. Denn nur aus richtig guten Teilen werden gute Gitarren. Und mittelm\u00e4\u00dfige Gitarren gibts schon genug, die mu\u00df man nicht extra bauen! Montiert, geaged und eingestellt wird alles hier bei uns in Handarbeit.  \u00dcberzeug dich selbst, komm vorbei und probier sie alle aus!\" \/>\n<meta property=\"og:url\" content=\"https:\/\/captain-guitar-lounge.com\/en\/product\/captain-rockit-white-flowers\/\" \/>\n<meta property=\"og:site_name\" content=\"captain-guitar-lounge.com\" \/>\n<meta property=\"article:publisher\" content=\"https:\/\/www.facebook.com\/Captain-Guitar-Lounge-140457272682315\/\" \/>\n<meta property=\"article:modified_time\" content=\"2024-08-29T13:11:38+00:00\" \/>\n<meta property=\"og:image\" content=\"https:\/\/captain-guitar-lounge.com\/wp-content\/uploads\/2020\/08\/Captain-RockIt-White-Flowers.jpg\" \/>\n\t<meta property=\"og:image:width\" content=\"576\" \/>\n\t<meta property=\"og:image:height\" content=\"576\" \/>\n\t<meta property=\"og:image:type\" content=\"image\/jpeg\" \/>\n<meta name=\"twitter:card\" content=\"summary_large_image\" \/>\n<meta name=\"twitter:label1\" content=\"Est. reading time\" \/>\n\t<meta name=\"twitter:data1\" content=\"1 minute\" \/>\n<script type=\"application\/ld+json\" class=\"yoast-schema-graph\">{\"@context\":\"https:\/\/schema.org\",\"@graph\":[{\"@type\":\"WebPage\",\"@id\":\"https:\/\/captain-guitar-lounge.com\/en\/product\/captain-rockit-white-flowers\/\",\"url\":\"https:\/\/captain-guitar-lounge.com\/en\/product\/captain-rockit-white-flowers\/\",\"name\":\"Captain RockIt White Flowers - captain-guitar-lounge.com\",\"isPartOf\":{\"@id\":\"https:\/\/captain-guitar-lounge.com\/en\/#website\"},\"primaryImageOfPage\":{\"@id\":\"https:\/\/captain-guitar-lounge.com\/en\/product\/captain-rockit-white-flowers\/#primaryimage\"},\"image\":{\"@id\":\"https:\/\/captain-guitar-lounge.com\/en\/product\/captain-rockit-white-flowers\/#primaryimage\"},\"thumbnailUrl\":\"https:\/\/captain-guitar-lounge.com\/wp-content\/uploads\/2020\/08\/Captain-RockIt-White-Flowers.jpg\",\"datePublished\":\"2020-08-04T11:15:58+00:00\",\"dateModified\":\"2024-08-29T13:11:38+00:00\",\"breadcrumb\":{\"@id\":\"https:\/\/captain-guitar-lounge.com\/en\/product\/captain-rockit-white-flowers\/#breadcrumb\"},\"inLanguage\":\"en-US\",\"potentialAction\":[{\"@type\":\"ReadAction\",\"target\":[\"https:\/\/captain-guitar-lounge.com\/en\/product\/captain-rockit-white-flowers\/\"]}]},{\"@type\":\"ImageObject\",\"inLanguage\":\"en-US\",\"@id\":\"https:\/\/captain-guitar-lounge.com\/en\/product\/captain-rockit-white-flowers\/#primaryimage\",\"url\":\"https:\/\/captain-guitar-lounge.com\/wp-content\/uploads\/2020\/08\/Captain-RockIt-White-Flowers.jpg\",\"contentUrl\":\"https:\/\/captain-guitar-lounge.com\/wp-content\/uploads\/2020\/08\/Captain-RockIt-White-Flowers.jpg\",\"width\":576,\"height\":576},{\"@type\":\"BreadcrumbList\",\"@id\":\"https:\/\/captain-guitar-lounge.com\/en\/product\/captain-rockit-white-flowers\/#breadcrumb\",\"itemListElement\":[{\"@type\":\"ListItem\",\"position\":1,\"name\":\"Startseite\",\"item\":\"https:\/\/captain-guitar-lounge.com\/en\/\"},{\"@type\":\"ListItem\",\"position\":2,\"name\":\"Shop\",\"item\":\"https:\/\/captain-guitar-lounge.com\/shop\/\"},{\"@type\":\"ListItem\",\"position\":3,\"name\":\"Captain RockIt White Flowers\"}]},{\"@type\":\"WebSite\",\"@id\":\"https:\/\/captain-guitar-lounge.com\/en\/#website\",\"url\":\"https:\/\/captain-guitar-lounge.com\/en\/\",\"name\":\"captain-guitar-lounge.com\",\"description\":\"Fine Amps and Guitars and more\",\"potentialAction\":[{\"@type\":\"SearchAction\",\"target\":{\"@type\":\"EntryPoint\",\"urlTemplate\":\"https:\/\/captain-guitar-lounge.com\/en\/?s={search_term_string}\"},\"query-input\":{\"@type\":\"PropertyValueSpecification\",\"valueRequired\":true,\"valueName\":\"search_term_string\"}}],\"inLanguage\":\"en-US\"}]}<\/script>\n<!-- \/ Yoast SEO plugin. -->","yoast_head_json":{"title":"Captain RockIt White Flowers - captain-guitar-lounge.com","robots":{"index":"index","follow":"follow","max-snippet":"max-snippet:-1","max-image-preview":"max-image-preview:large","max-video-preview":"max-video-preview:-1"},"canonical":"https:\/\/captain-guitar-lounge.com\/en\/product\/captain-rockit-white-flowers\/","og_locale":"en_US","og_type":"article","og_title":"Captain RockIt White Flowers - captain-guitar-lounge.com","og_description":"Nach einigen Entt\u00e4uschungen mit Gitarren aus den sogenannten Custom Shops namhafter Hersteller habe ich beschlossen, die Sache selbst in die Hand zu nehmen. Captain Guitars sollen authentischer sein\u00a0was Ton und Haptik betrifft, jedoch wesentlich preisg\u00fcnstiger.  Die Teile werden aus aller Welt bezogen, alles in bester Qualit\u00e4t. Denn nur aus richtig guten Teilen werden gute Gitarren. Und mittelm\u00e4\u00dfige Gitarren gibts schon genug, die mu\u00df man nicht extra bauen! Montiert, geaged und eingestellt wird alles hier bei uns in Handarbeit.  \u00dcberzeug dich selbst, komm vorbei und probier sie alle aus!","og_url":"https:\/\/captain-guitar-lounge.com\/en\/product\/captain-rockit-white-flowers\/","og_site_name":"captain-guitar-lounge.com","article_publisher":"https:\/\/www.facebook.com\/Captain-Guitar-Lounge-140457272682315\/","article_modified_time":"2024-08-29T13:11:38+00:00","og_image":[{"width":576,"height":576,"url":"https:\/\/captain-guitar-lounge.com\/wp-content\/uploads\/2020\/08\/Captain-RockIt-White-Flowers.jpg","type":"image\/jpeg"}],"twitter_card":"summary_large_image","twitter_misc":{"Est. reading time":"1 minute"},"schema":{"@context":"https:\/\/schema.org","@graph":[{"@type":"WebPage","@id":"https:\/\/captain-guitar-lounge.com\/en\/product\/captain-rockit-white-flowers\/","url":"https:\/\/captain-guitar-lounge.com\/en\/product\/captain-rockit-white-flowers\/","name":"Captain RockIt White Flowers - captain-guitar-lounge.com","isPartOf":{"@id":"https:\/\/captain-guitar-lounge.com\/en\/#website"},"primaryImageOfPage":{"@id":"https:\/\/captain-guitar-lounge.com\/en\/product\/captain-rockit-white-flowers\/#primaryimage"},"image":{"@id":"https:\/\/captain-guitar-lounge.com\/en\/product\/captain-rockit-white-flowers\/#primaryimage"},"thumbnailUrl":"https:\/\/captain-guitar-lounge.com\/wp-content\/uploads\/2020\/08\/Captain-RockIt-White-Flowers.jpg","datePublished":"2020-08-04T11:15:58+00:00","dateModified":"2024-08-29T13:11:38+00:00","breadcrumb":{"@id":"https:\/\/captain-guitar-lounge.com\/en\/product\/captain-rockit-white-flowers\/#breadcrumb"},"inLanguage":"en-US","potentialAction":[{"@type":"ReadAction","target":["https:\/\/captain-guitar-lounge.com\/en\/product\/captain-rockit-white-flowers\/"]}]},{"@type":"ImageObject","inLanguage":"en-US","@id":"https:\/\/captain-guitar-lounge.com\/en\/product\/captain-rockit-white-flowers\/#primaryimage","url":"https:\/\/captain-guitar-lounge.com\/wp-content\/uploads\/2020\/08\/Captain-RockIt-White-Flowers.jpg","contentUrl":"https:\/\/captain-guitar-lounge.com\/wp-content\/uploads\/2020\/08\/Captain-RockIt-White-Flowers.jpg","width":576,"height":576},{"@type":"BreadcrumbList","@id":"https:\/\/captain-guitar-lounge.com\/en\/product\/captain-rockit-white-flowers\/#breadcrumb","itemListElement":[{"@type":"ListItem","position":1,"name":"Startseite","item":"https:\/\/captain-guitar-lounge.com\/en\/"},{"@type":"ListItem","position":2,"name":"Shop","item":"https:\/\/captain-guitar-lounge.com\/shop\/"},{"@type":"ListItem","position":3,"name":"Captain RockIt White Flowers"}]},{"@type":"WebSite","@id":"https:\/\/captain-guitar-lounge.com\/en\/#website","url":"https:\/\/captain-guitar-lounge.com\/en\/","name":"captain-guitar-lounge.com","description":"Fine Amps and Guitars and more","potentialAction":[{"@type":"SearchAction","target":{"@type":"EntryPoint","urlTemplate":"https:\/\/captain-guitar-lounge.com\/en\/?s={search_term_string}"},"query-input":{"@type":"PropertyValueSpecification","valueRequired":true,"valueName":"search_term_string"}}],"inLanguage":"en-US"}]}},"_links":{"self":[{"href":"https:\/\/captain-guitar-lounge.com\/en\/wp-json\/wp\/v2\/product\/14106","targetHints":{"allow":["GET"]}}],"collection":[{"href":"https:\/\/captain-guitar-lounge.com\/en\/wp-json\/wp\/v2\/product"}],"about":[{"href":"https:\/\/captain-guitar-lounge.com\/en\/wp-json\/wp\/v2\/types\/product"}],"replies":[{"embeddable":true,"href":"https:\/\/captain-guitar-lounge.com\/en\/wp-json\/wp\/v2\/comments?post=14106"}],"wp:featuredmedia":[{"embeddable":true,"href":"https:\/\/captain-guitar-lounge.com\/en\/wp-json\/wp\/v2\/media\/14108"}],"wp:attachment":[{"href":"https:\/\/captain-guitar-lounge.com\/en\/wp-json\/wp\/v2\/media?parent=14106"}],"wp:term":[{"taxonomy":"product_brand","embeddable":true,"href":"https:\/\/captain-guitar-lounge.com\/en\/wp-json\/wp\/v2\/product_brand?post=14106"},{"taxonomy":"product_cat","embeddable":true,"href":"https:\/\/captain-guitar-lounge.com\/en\/wp-json\/wp\/v2\/product_cat?post=14106"},{"taxonomy":"product_tag","embeddable":true,"href":"https:\/\/captain-guitar-lounge.com\/en\/wp-json\/wp\/v2\/product_tag?post=14106"}],"curies":[{"name":"wp","href":"https:\/\/api.w.org\/{rel}","templated":true}]}}