{"id":142165,"date":"2024-02-26T14:54:16","date_gmt":"2024-02-26T13:54:16","guid":{"rendered":"https:\/\/captain-guitar-lounge.com\/produkt\/2018-orange-custom-shop-50-uk-hand-made-id-3688\/"},"modified":"2024-02-29T08:51:31","modified_gmt":"2024-02-29T07:51:31","slug":"2018-orange-custom-shop-50-uk-hand-made-id-3688","status":"publish","type":"product","link":"https:\/\/captain-guitar-lounge.com\/en\/product\/2018-orange-custom-shop-50-uk-hand-made-id-3688\/","title":{"rendered":"2018 Orange &#8211; Custom Shop 50 &#8211; UK Hand Made &#8211; ID 3688"},"content":{"rendered":"<p>Completely hand-wired amp from the UK Orange Custom Shop.<br \/>\nAn excellent representative of the classic British guitar sound.<br \/>\nSimple, straightforward and rock solid.<br \/>\nTop condition with new tubes and fresh service.<\/p>\n<p>Single channel hand wired head,<br \/>\n50W Class A\/B and 30W Class A modes,<br \/>\nfootswitchable EQ defeat and HF Drive control.<br \/>\nFront Panel Controls (Right to Left) Gain, Bass, Middle, Treble, HF Drive, Master Volume<br \/>\nRear Panel Controls 50W Class A\/B \/ 30W Class A switch<br \/>\nValves 2 x ECC83\/12AX7 | 2 x EL34 &#8211; New<br \/>\nSpeaker output options 1\u00d716\u03a9, 1\u00d78\u03a9 or 2\u00d716\u03a9<br \/>\nDimensions (W x D x H) 55\u00d727x24cm (21.65\u00d710.63\u00d79.45in)<br \/>\nWeight 18.55kg (40.9lb)<\/p>\n","protected":false},"excerpt":{"rendered":"<p><strong>Point to Point Handwired<\/strong><br \/>\nCondition: As new<br \/>\nSerNo: 00834 0818<br \/>\nWeight: 18.5 kg Shipping class:<a href=\"https:\/\/captain-guitar-lounge.com\/versand__lieferung\/\"> Standard<\/a><br \/>\nDifferenzbesteuert nach \u00a725 UStG<\/p>\n","protected":false},"featured_media":141644,"comment_status":"closed","ping_status":"closed","template":"","meta":{"_et_pb_use_builder":"","_et_pb_old_content":"","_et_gb_content_width":""},"product_brand":[],"product_cat":[1977],"product_tag":[],"class_list":{"0":"post-142165","1":"product","2":"type-product","3":"status-publish","4":"has-post-thumbnail","6":"product_cat-head-en","7":"product_shipping_class-standard","8":"pa_baujahr-2010s-en","9":"pa_power-up-to-50watt","10":"pa_power-tubes-el34-en","12":"first","13":"outofstock","14":"sold-individually","15":"purchasable","16":"product-type-simple"},"composite_virtual":false,"composite_layout":"","composite_add_to_cart_form_location":"","composite_editable_in_cart":false,"composite_sold_individually_context":"","composite_shop_price_calc":"","composite_components":[],"composite_scenarios":[],"pp_statuses_selecting_workflow":false,"pp_workflow_action":"current","pp_status_selection":"publish","yoast_head":"<!-- This site is optimized with the Yoast SEO plugin v26.8 - https:\/\/yoast.com\/product\/yoast-seo-wordpress\/ -->\n<title>2018 Orange - Custom Shop 50 - UK Hand Made - ID 3688 - captain-guitar-lounge.com<\/title>\n<meta name=\"robots\" content=\"index, follow, max-snippet:-1, max-image-preview:large, max-video-preview:-1\" \/>\n<link rel=\"canonical\" href=\"https:\/\/captain-guitar-lounge.com\/en\/product\/2018-orange-custom-shop-50-uk-hand-made-id-3688\/\" \/>\n<meta property=\"og:locale\" content=\"en_US\" \/>\n<meta property=\"og:type\" content=\"article\" \/>\n<meta property=\"og:title\" content=\"2018 Orange - Custom Shop 50 - UK Hand Made - ID 3688 - captain-guitar-lounge.com\" \/>\n<meta property=\"og:description\" content=\"Point to Point Handwired Condition: As new SerNo: 00834 0818 Weight: 18.5 kg Shipping class: Standard Differenzbesteuert nach \u00a725 UStG\" \/>\n<meta property=\"og:url\" content=\"https:\/\/captain-guitar-lounge.com\/en\/product\/2018-orange-custom-shop-50-uk-hand-made-id-3688\/\" \/>\n<meta property=\"og:site_name\" content=\"captain-guitar-lounge.com\" \/>\n<meta property=\"article:publisher\" content=\"https:\/\/www.facebook.com\/Captain-Guitar-Lounge-140457272682315\/\" \/>\n<meta property=\"article:modified_time\" content=\"2024-02-29T07:51:31+00:00\" \/>\n<meta property=\"og:image\" content=\"https:\/\/captain-guitar-lounge.com\/wp-content\/uploads\/2024\/02\/2018-Orange-Custom-Shop-50-UK-Hand-Made-ID-3688_kIMG_E3871.jpg\" \/>\n\t<meta property=\"og:image:width\" content=\"1024\" \/>\n\t<meta property=\"og:image:height\" content=\"1024\" \/>\n\t<meta property=\"og:image:type\" content=\"image\/jpeg\" \/>\n<meta name=\"twitter:card\" content=\"summary_large_image\" \/>\n<meta name=\"twitter:label1\" content=\"Est. reading time\" \/>\n\t<meta name=\"twitter:data1\" content=\"1 minute\" \/>\n<script type=\"application\/ld+json\" class=\"yoast-schema-graph\">{\"@context\":\"https:\/\/schema.org\",\"@graph\":[{\"@type\":\"WebPage\",\"@id\":\"https:\/\/captain-guitar-lounge.com\/en\/product\/2018-orange-custom-shop-50-uk-hand-made-id-3688\/\",\"url\":\"https:\/\/captain-guitar-lounge.com\/en\/product\/2018-orange-custom-shop-50-uk-hand-made-id-3688\/\",\"name\":\"2018 Orange - Custom Shop 50 - UK Hand Made - ID 3688 - captain-guitar-lounge.com\",\"isPartOf\":{\"@id\":\"https:\/\/captain-guitar-lounge.com\/en\/#website\"},\"primaryImageOfPage\":{\"@id\":\"https:\/\/captain-guitar-lounge.com\/en\/product\/2018-orange-custom-shop-50-uk-hand-made-id-3688\/#primaryimage\"},\"image\":{\"@id\":\"https:\/\/captain-guitar-lounge.com\/en\/product\/2018-orange-custom-shop-50-uk-hand-made-id-3688\/#primaryimage\"},\"thumbnailUrl\":\"https:\/\/captain-guitar-lounge.com\/wp-content\/uploads\/2024\/02\/2018-Orange-Custom-Shop-50-UK-Hand-Made-ID-3688_kIMG_E3871.jpg\",\"datePublished\":\"2024-02-26T13:54:16+00:00\",\"dateModified\":\"2024-02-29T07:51:31+00:00\",\"breadcrumb\":{\"@id\":\"https:\/\/captain-guitar-lounge.com\/en\/product\/2018-orange-custom-shop-50-uk-hand-made-id-3688\/#breadcrumb\"},\"inLanguage\":\"en-US\",\"potentialAction\":[{\"@type\":\"ReadAction\",\"target\":[\"https:\/\/captain-guitar-lounge.com\/en\/product\/2018-orange-custom-shop-50-uk-hand-made-id-3688\/\"]}]},{\"@type\":\"ImageObject\",\"inLanguage\":\"en-US\",\"@id\":\"https:\/\/captain-guitar-lounge.com\/en\/product\/2018-orange-custom-shop-50-uk-hand-made-id-3688\/#primaryimage\",\"url\":\"https:\/\/captain-guitar-lounge.com\/wp-content\/uploads\/2024\/02\/2018-Orange-Custom-Shop-50-UK-Hand-Made-ID-3688_kIMG_E3871.jpg\",\"contentUrl\":\"https:\/\/captain-guitar-lounge.com\/wp-content\/uploads\/2024\/02\/2018-Orange-Custom-Shop-50-UK-Hand-Made-ID-3688_kIMG_E3871.jpg\",\"width\":1024,\"height\":1024},{\"@type\":\"BreadcrumbList\",\"@id\":\"https:\/\/captain-guitar-lounge.com\/en\/product\/2018-orange-custom-shop-50-uk-hand-made-id-3688\/#breadcrumb\",\"itemListElement\":[{\"@type\":\"ListItem\",\"position\":1,\"name\":\"Startseite\",\"item\":\"https:\/\/captain-guitar-lounge.com\/en\/\"},{\"@type\":\"ListItem\",\"position\":2,\"name\":\"Shop\",\"item\":\"https:\/\/captain-guitar-lounge.com\/shop\/\"},{\"@type\":\"ListItem\",\"position\":3,\"name\":\"2018 Orange &#8211; Custom Shop 50 &#8211; UK Hand Made &#8211; ID 3688\"}]},{\"@type\":\"WebSite\",\"@id\":\"https:\/\/captain-guitar-lounge.com\/en\/#website\",\"url\":\"https:\/\/captain-guitar-lounge.com\/en\/\",\"name\":\"captain-guitar-lounge.com\",\"description\":\"Fine Amps and Guitars and more\",\"potentialAction\":[{\"@type\":\"SearchAction\",\"target\":{\"@type\":\"EntryPoint\",\"urlTemplate\":\"https:\/\/captain-guitar-lounge.com\/en\/?s={search_term_string}\"},\"query-input\":{\"@type\":\"PropertyValueSpecification\",\"valueRequired\":true,\"valueName\":\"search_term_string\"}}],\"inLanguage\":\"en-US\"}]}<\/script>\n<!-- \/ Yoast SEO plugin. -->","yoast_head_json":{"title":"2018 Orange - Custom Shop 50 - UK Hand Made - ID 3688 - captain-guitar-lounge.com","robots":{"index":"index","follow":"follow","max-snippet":"max-snippet:-1","max-image-preview":"max-image-preview:large","max-video-preview":"max-video-preview:-1"},"canonical":"https:\/\/captain-guitar-lounge.com\/en\/product\/2018-orange-custom-shop-50-uk-hand-made-id-3688\/","og_locale":"en_US","og_type":"article","og_title":"2018 Orange - Custom Shop 50 - UK Hand Made - ID 3688 - captain-guitar-lounge.com","og_description":"Point to Point Handwired Condition: As new SerNo: 00834 0818 Weight: 18.5 kg Shipping class: Standard Differenzbesteuert nach \u00a725 UStG","og_url":"https:\/\/captain-guitar-lounge.com\/en\/product\/2018-orange-custom-shop-50-uk-hand-made-id-3688\/","og_site_name":"captain-guitar-lounge.com","article_publisher":"https:\/\/www.facebook.com\/Captain-Guitar-Lounge-140457272682315\/","article_modified_time":"2024-02-29T07:51:31+00:00","og_image":[{"width":1024,"height":1024,"url":"https:\/\/captain-guitar-lounge.com\/wp-content\/uploads\/2024\/02\/2018-Orange-Custom-Shop-50-UK-Hand-Made-ID-3688_kIMG_E3871.jpg","type":"image\/jpeg"}],"twitter_card":"summary_large_image","twitter_misc":{"Est. reading time":"1 minute"},"schema":{"@context":"https:\/\/schema.org","@graph":[{"@type":"WebPage","@id":"https:\/\/captain-guitar-lounge.com\/en\/product\/2018-orange-custom-shop-50-uk-hand-made-id-3688\/","url":"https:\/\/captain-guitar-lounge.com\/en\/product\/2018-orange-custom-shop-50-uk-hand-made-id-3688\/","name":"2018 Orange - Custom Shop 50 - UK Hand Made - ID 3688 - captain-guitar-lounge.com","isPartOf":{"@id":"https:\/\/captain-guitar-lounge.com\/en\/#website"},"primaryImageOfPage":{"@id":"https:\/\/captain-guitar-lounge.com\/en\/product\/2018-orange-custom-shop-50-uk-hand-made-id-3688\/#primaryimage"},"image":{"@id":"https:\/\/captain-guitar-lounge.com\/en\/product\/2018-orange-custom-shop-50-uk-hand-made-id-3688\/#primaryimage"},"thumbnailUrl":"https:\/\/captain-guitar-lounge.com\/wp-content\/uploads\/2024\/02\/2018-Orange-Custom-Shop-50-UK-Hand-Made-ID-3688_kIMG_E3871.jpg","datePublished":"2024-02-26T13:54:16+00:00","dateModified":"2024-02-29T07:51:31+00:00","breadcrumb":{"@id":"https:\/\/captain-guitar-lounge.com\/en\/product\/2018-orange-custom-shop-50-uk-hand-made-id-3688\/#breadcrumb"},"inLanguage":"en-US","potentialAction":[{"@type":"ReadAction","target":["https:\/\/captain-guitar-lounge.com\/en\/product\/2018-orange-custom-shop-50-uk-hand-made-id-3688\/"]}]},{"@type":"ImageObject","inLanguage":"en-US","@id":"https:\/\/captain-guitar-lounge.com\/en\/product\/2018-orange-custom-shop-50-uk-hand-made-id-3688\/#primaryimage","url":"https:\/\/captain-guitar-lounge.com\/wp-content\/uploads\/2024\/02\/2018-Orange-Custom-Shop-50-UK-Hand-Made-ID-3688_kIMG_E3871.jpg","contentUrl":"https:\/\/captain-guitar-lounge.com\/wp-content\/uploads\/2024\/02\/2018-Orange-Custom-Shop-50-UK-Hand-Made-ID-3688_kIMG_E3871.jpg","width":1024,"height":1024},{"@type":"BreadcrumbList","@id":"https:\/\/captain-guitar-lounge.com\/en\/product\/2018-orange-custom-shop-50-uk-hand-made-id-3688\/#breadcrumb","itemListElement":[{"@type":"ListItem","position":1,"name":"Startseite","item":"https:\/\/captain-guitar-lounge.com\/en\/"},{"@type":"ListItem","position":2,"name":"Shop","item":"https:\/\/captain-guitar-lounge.com\/shop\/"},{"@type":"ListItem","position":3,"name":"2018 Orange &#8211; Custom Shop 50 &#8211; UK Hand Made &#8211; ID 3688"}]},{"@type":"WebSite","@id":"https:\/\/captain-guitar-lounge.com\/en\/#website","url":"https:\/\/captain-guitar-lounge.com\/en\/","name":"captain-guitar-lounge.com","description":"Fine Amps and Guitars and more","potentialAction":[{"@type":"SearchAction","target":{"@type":"EntryPoint","urlTemplate":"https:\/\/captain-guitar-lounge.com\/en\/?s={search_term_string}"},"query-input":{"@type":"PropertyValueSpecification","valueRequired":true,"valueName":"search_term_string"}}],"inLanguage":"en-US"}]}},"_links":{"self":[{"href":"https:\/\/captain-guitar-lounge.com\/en\/wp-json\/wp\/v2\/product\/142165","targetHints":{"allow":["GET"]}}],"collection":[{"href":"https:\/\/captain-guitar-lounge.com\/en\/wp-json\/wp\/v2\/product"}],"about":[{"href":"https:\/\/captain-guitar-lounge.com\/en\/wp-json\/wp\/v2\/types\/product"}],"replies":[{"embeddable":true,"href":"https:\/\/captain-guitar-lounge.com\/en\/wp-json\/wp\/v2\/comments?post=142165"}],"wp:featuredmedia":[{"embeddable":true,"href":"https:\/\/captain-guitar-lounge.com\/en\/wp-json\/wp\/v2\/media\/141644"}],"wp:attachment":[{"href":"https:\/\/captain-guitar-lounge.com\/en\/wp-json\/wp\/v2\/media?parent=142165"}],"wp:term":[{"taxonomy":"product_brand","embeddable":true,"href":"https:\/\/captain-guitar-lounge.com\/en\/wp-json\/wp\/v2\/product_brand?post=142165"},{"taxonomy":"product_cat","embeddable":true,"href":"https:\/\/captain-guitar-lounge.com\/en\/wp-json\/wp\/v2\/product_cat?post=142165"},{"taxonomy":"product_tag","embeddable":true,"href":"https:\/\/captain-guitar-lounge.com\/en\/wp-json\/wp\/v2\/product_tag?post=142165"}],"curies":[{"name":"wp","href":"https:\/\/api.w.org\/{rel}","templated":true}]}}