{"id":14570,"date":"2020-08-16T17:59:25","date_gmt":"2020-08-16T15:59:25","guid":{"rendered":"https:\/\/captain-guitar-lounge.com\/?p=14570&#038;post_type=product&#038;preview_id=14570"},"modified":"2023-12-07T16:06:56","modified_gmt":"2023-12-07T15:06:56","slug":"captain-bpr-sixtyfive-princeton-reverb","status":"publish","type":"product","link":"https:\/\/captain-guitar-lounge.com\/en\/product\/captain-bpr-sixtyfive-princeton-reverb\/","title":{"rendered":"Captain BPR SixtyFive Princeton Reverb"},"content":{"rendered":"<div class=\"n module-type-text diyfeLiveArea \">\n<p>Der Princeton Reverb hatte eine schwere Geburt und stand immer im Schatten seines gro\u00dfen Bruders, dem Deluxe Reverb.<br \/>\nObwohl er die gleiche Endstufen-R\u00f6hrenbest\u00fcckung aufwies, mu\u00dfte er sich in der Produktpalette weiter unten einreihen und bekam neben kleineren Transformatoren auch nur einen 10&#8243; Speaker und 15Watt mit auf den Weg.<br \/>\nUnd nat\u00fcrlich fehlte der erste Kanal. Aber den benutzte eigentlich eh niemand, denn Reverb und Tremolo gabs nur im VIBRATO &#8211; Kanal.<\/p>\n<p>Dem entgegen stand, neben dem g\u00fcnstigeren Preis, das niedrigere Gewicht und das kleinere, besser transportable Geh\u00e4use.<br \/>\nUnd ein paar technische Feinheiten: Der Phasendreher war noch die sogenannte Split-Load Schaltung, wie sie in den Tweed Amps verwendet wurde, und das Tremolo wurde nicht wie bei allen anderen Blackface-Amps mittels eines Optokopplers erzeugt, sondern wie in der guten alten Zeit durch Modulation der Biasspannung der Endstufenr\u00f6hren.<\/p>\n<p>Das macht den Princeton einzigartig, wenn da nur nicht die weichen B\u00e4sse und die zu gringe Lautst\u00e4rke w\u00e4ren&#8230;&#8230;..<\/p>\n<p>Der <strong>Captain Blackface Princeton Reverb SixtyFive<\/strong> ist die konsequente Weiterentwicklung des bekannten Verst\u00e4rkers aus den Jahren 1964 bis 1967.<br \/>\nGr\u00f6\u00dfere Mercury Magnetics Trafos und ein Weber 12F125 Speaker geben dem BPR65 was ihm immer fehlte: knackige B\u00e4sse und eine ausreichende Lautst\u00e4rke.<\/p>\n<\/div>\n<hr \/>\n<p><strong>Optionen:<\/strong><br \/>\n&#8211; PPIMV Master Volume\u00a0\u00a0 <strong>97,- Euro<\/strong><br \/>\n&#8211; Captain Power Soak <a href=\"https:\/\/www.captain-koerg.de\/amp-mods\/captain-power-soak\/\"><strong>CPS25<\/strong><\/a><br \/>\n&#8211; NOS R\u00f6hren Aufpreis ab ca.\u00a0\u00a0\u00a0\u00a0 <strong>140,- Euro<br \/>\n<\/strong>&#8211; Tolex und Frontbespannung nach Kundenwunsch ab <strong>97,- Euro<br \/>\n<\/strong>\u00a0\u00a0\u00a0\u00a0\u00a0\u00a0\u00a0\u00a0 Eine Auswahl findest du<a href=\"https:\/\/www.captain-koerg.de\/captain-amps\/geh%C3%A4usebau\/standard-tolex-grille\/\"><strong> HIER<\/strong><\/a><br \/>\n&#8211; Die <strong>Tone-Extension<\/strong> Option erlaubt mittels eines Mid Reglers und einer zweistufigen Bright-Funktion wesentlich erweiterte Sound-M\u00f6glichkeiten und kostet<strong> 87,- Euro<\/strong><\/p>\n<p>Und auf Wunsch machen wir dir ein passendes <a href=\"https:\/\/www.captain-koerg.de\/shop\/captain-amp-covers\/\"><strong>Captain Amp Cover<\/strong><\/a><\/p>\n<p><strong>Passende Boxen zum Topteil:<br \/>\n<\/strong><strong>Oversized 1&#215;12&#8243; Cab <\/strong>wahlweise offen oder geschlossen mit Weber 12F125 Speaker<strong>\u00a0 637,- Euro<\/strong><\/p>\n<hr \/>\n<p><strong>Kundenbewertungen:<\/strong><\/p>\n<blockquote><p><a href=\"http:\/\/www.tom-posur.de\/\" target=\"_blank\" rel=\"noopener noreferrer\">Tom Posur<\/a> ist der gl\u00fcckliche Besitzer von #001, hier seine Email:<\/p>\n<p><em>Hallo Captain,<\/em><\/p>\n<p><em>wir sind gestern sehr sp\u00e4t, oder besser heute sehr fr\u00fch aus der Schweiz zur\u00fcckgekommen.<\/em><br \/>\nD<em>en Amp musste ich aber trotz einiger Versp\u00e4tung noch kurz &#8220;anwerfen&#8221;, immerhin musste ich zwei lange Tage darauf warten.<\/em><br \/>\n<em>Heute habe ich nat\u00fcrlich fast den ganzen Tag\/Abend damit verbracht den Amp kennenzulernen, s\u00e4mtliche Gitarren anzuschlie\u00dfen und richtig Krach zu machen.<\/em><br \/>\n<em>Ich kann nur sagen: DAS DING ROCKT!!!<\/em><br \/>\n<em>So habe ich mir das vorgestellt, lange sehr sch\u00f6n clean und wenn man m\u00f6chte, bruzzelt es auch sehr sch\u00f6n. Und ein T\u00f6nchen&#8230;!<\/em><br \/>\n<em>Auch die Resonator Gitarren klingen richtig gut! (Humbucker und Piezo- Blender)<\/em><\/p>\n<p><em>Ich danke Dir sehr f\u00fcr alles!<\/em><\/p>\n<p><em>Viele Gr\u00fcsse auch von Manuela und bis bald,<\/em><\/p>\n<p><em>Tom<\/em><\/p>\n<p><a href=\"https:\/\/captain-guitar-lounge.com\/wp-content\/uploads\/2020\/08\/TomPosur.jpg\"><img loading=\"lazy\" decoding=\"async\" class=\"alignnone size-medium wp-image-14573\" src=\"https:\/\/captain-guitar-lounge.com\/wp-content\/uploads\/2020\/08\/TomPosur-300x225.jpg\" alt=\"\" width=\"300\" height=\"225\" \/><\/a><\/p><\/blockquote>\n","protected":false},"excerpt":{"rendered":"<hr \/>\n<p>Wie bei allen <a href=\"https:\/\/captain-guitar-lounge.com\/produkt-kategorie\/captain-amps\/captain-classic-amps\/\"><strong>Captain Classic Amps<\/strong><\/a> verwenden wir auch hier <strong>Mercury Magnetics<\/strong> Trafos und <strong>Weber<\/strong> Speaker aus den USA.<br \/>\nUnd auch die anderen Bauteile sind selektiert um dem Originalsound so nahe wie m\u00f6glich zu kommen.<br \/>\nDer Verst\u00e4rker wird wie das Vorbild liebevoll und mit viel Erfahrung handverdrahtet.<\/p>\n<hr \/>\n<p><strong>Features Captain BPR SixtyFive<br \/>\n<\/strong><\/p>\n<ul>\n<li><strong>Schaltung<\/strong>: AA1164<\/li>\n<li><strong>Leistung<\/strong>: ca. 15 Watt<\/li>\n<li><strong>Impedanz<\/strong>: 8 Ohm<\/li>\n<li><strong>R\u00f6hren<\/strong>: 3x 12AX7, 1x 12AT7, 2x 6V6GT, 1x GZ34<\/li>\n<li><strong>Lautsprecher<\/strong>: Weber 12&#8243; Ceramic 12F125<\/li>\n<li>\n<div><strong>Geh\u00e4use: <\/strong>Massive Pinie, fingerverzahnt<\/div>\n<\/li>\n<li>\n<div><strong>Bezug Combo<\/strong>:<br \/>\n&#8211; Black Tolex mit Silver\/Black Front<br \/>\noder<br \/>\n&#8211; Smooth blond Tolex mit Oxblood Front<\/div>\n<\/li>\n<li>\n<div><strong>Bezug Topteil<\/strong>:<br \/>\n&#8211; Black Tolex mit Silver\/Black Front<\/div>\n<\/li>\n<\/ul>\n<div>\n<p>(Technische \u00c4nderungen vorbehalten)<\/p>\n<p>Dieser Verst\u00e4rker wird auf Bestellung f\u00fcr Dich angefertigt, \u00c4nderungsw\u00fcnsche sind daher immer m\u00f6glich!<\/p>\n<\/div>\n<div>Die Lieferzeit betr\u00e4gt vier Wochen bis drei Monate, je nach den gew\u00fcnschten Optionen und der Verf\u00fcgbarkeit.<\/div>\n<div>Incl. <a href=\"https:\/\/captain-guitar-lounge.com\/produkt\/captain-speaker-shakedown\/\">24hrs Captain Speaker Shakedown <\/a>f\u00fcr den Lautsprecher.<br \/>\nAndere Lautsprecher auf Anfrage.<\/p>\n<hr \/>\n<\/div>\n<p>&nbsp;<\/p>\n","protected":false},"featured_media":14615,"comment_status":"closed","ping_status":"closed","template":"","meta":{"_et_pb_use_builder":"","_et_pb_old_content":"","_et_gb_content_width":""},"product_brand":[],"product_cat":[735],"product_tag":[],"class_list":{"0":"post-14570","1":"product","2":"type-product","3":"status-publish","4":"has-post-thumbnail","6":"product_cat-captain-classic-amps","7":"product_shipping_class-standard","8":"pa_amp-features-reverb","9":"pa_amp-features-tremolo","10":"pa_amp-features-master-volume","11":"pa_amp-features-powersoak","12":"pa_artikelzustand-neuer-artikel","13":"pa_captain-amp-leistung-bis-20-watt","14":"pa_captain-amp-serie-captain-classic-amps","15":"pa_captain-amp-speaker-12-zoll","16":"pa_captain-amp-style-us-late-sixties","17":"pa_captain-amp-tubes-6v6","19":"first","20":"onbackorder","21":"taxable","22":"shipping-taxable","23":"purchasable","24":"product-type-variable","25":"has-default-attributes"},"composite_virtual":false,"composite_layout":"","composite_add_to_cart_form_location":"","composite_editable_in_cart":false,"composite_sold_individually_context":"","composite_shop_price_calc":"","composite_components":[],"composite_scenarios":[],"pp_statuses_selecting_workflow":false,"pp_workflow_action":"current","pp_status_selection":"publish","yoast_head":"<!-- This site is optimized with the Yoast SEO plugin v26.8 - https:\/\/yoast.com\/product\/yoast-seo-wordpress\/ -->\n<title>Captain BPR SixtyFive Princeton Reverb - captain-guitar-lounge.com<\/title>\n<meta name=\"robots\" content=\"index, follow, max-snippet:-1, max-image-preview:large, max-video-preview:-1\" \/>\n<link rel=\"canonical\" href=\"https:\/\/captain-guitar-lounge.com\/en\/product\/captain-bpr-sixtyfive-princeton-reverb\/\" \/>\n<meta property=\"og:locale\" content=\"en_US\" \/>\n<meta property=\"og:type\" content=\"article\" \/>\n<meta property=\"og:title\" content=\"Captain BPR SixtyFive Princeton Reverb - captain-guitar-lounge.com\" \/>\n<meta property=\"og:description\" content=\"Wie bei allen Captain Classic Amps verwenden wir auch hier Mercury Magnetics Trafos und Weber Speaker aus den USA. Und auch die anderen Bauteile sind selektiert um dem Originalsound so nahe wie m\u00f6glich zu kommen. Der Verst\u00e4rker wird wie das Vorbild liebevoll und mit viel Erfahrung handverdrahtet.    Features Captain BPR SixtyFive    Schaltung: AA1164  Leistung: ca. 15 Watt  Impedanz: 8 Ohm  R\u00f6hren: 3x 12AX7, 1x 12AT7, 2x 6V6GT, 1x GZ34  Lautsprecher: Weber 12&quot; Ceramic 12F125   Geh\u00e4use: Massive Pinie, fingerverzahnt   Bezug Combo: - Black Tolex mit Silver\/Black Front oder - Smooth blond Tolex mit Oxblood Front   Bezug Topteil: - Black Tolex mit Silver\/Black Front    (Technische \u00c4nderungen vorbehalten)  Dieser Verst\u00e4rker wird auf Bestellung f\u00fcr Dich angefertigt, \u00c4nderungsw\u00fcnsche sind daher immer m\u00f6glich!   Die Lieferzeit betr\u00e4gt vier Wochen bis drei Monate, je nach den gew\u00fcnschten Optionen und der Verf\u00fcgbarkeit. Incl. 24hrs Captain Speaker Shakedown f\u00fcr den Lautsprecher. Andere Lautsprecher auf Anfrage.     &nbsp;\" \/>\n<meta property=\"og:url\" content=\"https:\/\/captain-guitar-lounge.com\/en\/product\/captain-bpr-sixtyfive-princeton-reverb\/\" \/>\n<meta property=\"og:site_name\" content=\"captain-guitar-lounge.com\" \/>\n<meta property=\"article:publisher\" content=\"https:\/\/www.facebook.com\/Captain-Guitar-Lounge-140457272682315\/\" \/>\n<meta property=\"article:modified_time\" content=\"2023-12-07T15:06:56+00:00\" \/>\n<meta property=\"og:image\" content=\"https:\/\/captain-guitar-lounge.com\/wp-content\/uploads\/2020\/08\/Captain-Princeton-Reverb-Amp.jpg\" \/>\n\t<meta property=\"og:image:width\" content=\"764\" \/>\n\t<meta property=\"og:image:height\" content=\"764\" \/>\n\t<meta property=\"og:image:type\" content=\"image\/jpeg\" \/>\n<meta name=\"twitter:card\" content=\"summary_large_image\" \/>\n<meta name=\"twitter:label1\" content=\"Est. reading time\" \/>\n\t<meta name=\"twitter:data1\" content=\"2 minutes\" \/>\n<script type=\"application\/ld+json\" class=\"yoast-schema-graph\">{\"@context\":\"https:\/\/schema.org\",\"@graph\":[{\"@type\":\"WebPage\",\"@id\":\"https:\/\/captain-guitar-lounge.com\/en\/product\/captain-bpr-sixtyfive-princeton-reverb\/\",\"url\":\"https:\/\/captain-guitar-lounge.com\/en\/product\/captain-bpr-sixtyfive-princeton-reverb\/\",\"name\":\"Captain BPR SixtyFive Princeton Reverb - captain-guitar-lounge.com\",\"isPartOf\":{\"@id\":\"https:\/\/captain-guitar-lounge.com\/en\/#website\"},\"primaryImageOfPage\":{\"@id\":\"https:\/\/captain-guitar-lounge.com\/en\/product\/captain-bpr-sixtyfive-princeton-reverb\/#primaryimage\"},\"image\":{\"@id\":\"https:\/\/captain-guitar-lounge.com\/en\/product\/captain-bpr-sixtyfive-princeton-reverb\/#primaryimage\"},\"thumbnailUrl\":\"https:\/\/captain-guitar-lounge.com\/wp-content\/uploads\/2020\/08\/Captain-Princeton-Reverb-Amp.jpg\",\"datePublished\":\"2020-08-16T15:59:25+00:00\",\"dateModified\":\"2023-12-07T15:06:56+00:00\",\"breadcrumb\":{\"@id\":\"https:\/\/captain-guitar-lounge.com\/en\/product\/captain-bpr-sixtyfive-princeton-reverb\/#breadcrumb\"},\"inLanguage\":\"en-US\",\"potentialAction\":[{\"@type\":\"ReadAction\",\"target\":[\"https:\/\/captain-guitar-lounge.com\/en\/product\/captain-bpr-sixtyfive-princeton-reverb\/\"]}]},{\"@type\":\"ImageObject\",\"inLanguage\":\"en-US\",\"@id\":\"https:\/\/captain-guitar-lounge.com\/en\/product\/captain-bpr-sixtyfive-princeton-reverb\/#primaryimage\",\"url\":\"https:\/\/captain-guitar-lounge.com\/wp-content\/uploads\/2020\/08\/Captain-Princeton-Reverb-Amp.jpg\",\"contentUrl\":\"https:\/\/captain-guitar-lounge.com\/wp-content\/uploads\/2020\/08\/Captain-Princeton-Reverb-Amp.jpg\",\"width\":764,\"height\":764},{\"@type\":\"BreadcrumbList\",\"@id\":\"https:\/\/captain-guitar-lounge.com\/en\/product\/captain-bpr-sixtyfive-princeton-reverb\/#breadcrumb\",\"itemListElement\":[{\"@type\":\"ListItem\",\"position\":1,\"name\":\"Startseite\",\"item\":\"https:\/\/captain-guitar-lounge.com\/en\/\"},{\"@type\":\"ListItem\",\"position\":2,\"name\":\"Shop\",\"item\":\"https:\/\/captain-guitar-lounge.com\/shop\/\"},{\"@type\":\"ListItem\",\"position\":3,\"name\":\"Captain BPR SixtyFive Princeton Reverb\"}]},{\"@type\":\"WebSite\",\"@id\":\"https:\/\/captain-guitar-lounge.com\/en\/#website\",\"url\":\"https:\/\/captain-guitar-lounge.com\/en\/\",\"name\":\"captain-guitar-lounge.com\",\"description\":\"Fine Amps and Guitars and more\",\"potentialAction\":[{\"@type\":\"SearchAction\",\"target\":{\"@type\":\"EntryPoint\",\"urlTemplate\":\"https:\/\/captain-guitar-lounge.com\/en\/?s={search_term_string}\"},\"query-input\":{\"@type\":\"PropertyValueSpecification\",\"valueRequired\":true,\"valueName\":\"search_term_string\"}}],\"inLanguage\":\"en-US\"}]}<\/script>\n<!-- \/ Yoast SEO plugin. -->","yoast_head_json":{"title":"Captain BPR SixtyFive Princeton Reverb - captain-guitar-lounge.com","robots":{"index":"index","follow":"follow","max-snippet":"max-snippet:-1","max-image-preview":"max-image-preview:large","max-video-preview":"max-video-preview:-1"},"canonical":"https:\/\/captain-guitar-lounge.com\/en\/product\/captain-bpr-sixtyfive-princeton-reverb\/","og_locale":"en_US","og_type":"article","og_title":"Captain BPR SixtyFive Princeton Reverb - captain-guitar-lounge.com","og_description":"Wie bei allen Captain Classic Amps verwenden wir auch hier Mercury Magnetics Trafos und Weber Speaker aus den USA. Und auch die anderen Bauteile sind selektiert um dem Originalsound so nahe wie m\u00f6glich zu kommen. Der Verst\u00e4rker wird wie das Vorbild liebevoll und mit viel Erfahrung handverdrahtet.    Features Captain BPR SixtyFive    Schaltung: AA1164  Leistung: ca. 15 Watt  Impedanz: 8 Ohm  R\u00f6hren: 3x 12AX7, 1x 12AT7, 2x 6V6GT, 1x GZ34  Lautsprecher: Weber 12\" Ceramic 12F125   Geh\u00e4use: Massive Pinie, fingerverzahnt   Bezug Combo: - Black Tolex mit Silver\/Black Front oder - Smooth blond Tolex mit Oxblood Front   Bezug Topteil: - Black Tolex mit Silver\/Black Front    (Technische \u00c4nderungen vorbehalten)  Dieser Verst\u00e4rker wird auf Bestellung f\u00fcr Dich angefertigt, \u00c4nderungsw\u00fcnsche sind daher immer m\u00f6glich!   Die Lieferzeit betr\u00e4gt vier Wochen bis drei Monate, je nach den gew\u00fcnschten Optionen und der Verf\u00fcgbarkeit. Incl. 24hrs Captain Speaker Shakedown f\u00fcr den Lautsprecher. Andere Lautsprecher auf Anfrage.     &nbsp;","og_url":"https:\/\/captain-guitar-lounge.com\/en\/product\/captain-bpr-sixtyfive-princeton-reverb\/","og_site_name":"captain-guitar-lounge.com","article_publisher":"https:\/\/www.facebook.com\/Captain-Guitar-Lounge-140457272682315\/","article_modified_time":"2023-12-07T15:06:56+00:00","og_image":[{"width":764,"height":764,"url":"https:\/\/captain-guitar-lounge.com\/wp-content\/uploads\/2020\/08\/Captain-Princeton-Reverb-Amp.jpg","type":"image\/jpeg"}],"twitter_card":"summary_large_image","twitter_misc":{"Est. reading time":"2 minutes"},"schema":{"@context":"https:\/\/schema.org","@graph":[{"@type":"WebPage","@id":"https:\/\/captain-guitar-lounge.com\/en\/product\/captain-bpr-sixtyfive-princeton-reverb\/","url":"https:\/\/captain-guitar-lounge.com\/en\/product\/captain-bpr-sixtyfive-princeton-reverb\/","name":"Captain BPR SixtyFive Princeton Reverb - captain-guitar-lounge.com","isPartOf":{"@id":"https:\/\/captain-guitar-lounge.com\/en\/#website"},"primaryImageOfPage":{"@id":"https:\/\/captain-guitar-lounge.com\/en\/product\/captain-bpr-sixtyfive-princeton-reverb\/#primaryimage"},"image":{"@id":"https:\/\/captain-guitar-lounge.com\/en\/product\/captain-bpr-sixtyfive-princeton-reverb\/#primaryimage"},"thumbnailUrl":"https:\/\/captain-guitar-lounge.com\/wp-content\/uploads\/2020\/08\/Captain-Princeton-Reverb-Amp.jpg","datePublished":"2020-08-16T15:59:25+00:00","dateModified":"2023-12-07T15:06:56+00:00","breadcrumb":{"@id":"https:\/\/captain-guitar-lounge.com\/en\/product\/captain-bpr-sixtyfive-princeton-reverb\/#breadcrumb"},"inLanguage":"en-US","potentialAction":[{"@type":"ReadAction","target":["https:\/\/captain-guitar-lounge.com\/en\/product\/captain-bpr-sixtyfive-princeton-reverb\/"]}]},{"@type":"ImageObject","inLanguage":"en-US","@id":"https:\/\/captain-guitar-lounge.com\/en\/product\/captain-bpr-sixtyfive-princeton-reverb\/#primaryimage","url":"https:\/\/captain-guitar-lounge.com\/wp-content\/uploads\/2020\/08\/Captain-Princeton-Reverb-Amp.jpg","contentUrl":"https:\/\/captain-guitar-lounge.com\/wp-content\/uploads\/2020\/08\/Captain-Princeton-Reverb-Amp.jpg","width":764,"height":764},{"@type":"BreadcrumbList","@id":"https:\/\/captain-guitar-lounge.com\/en\/product\/captain-bpr-sixtyfive-princeton-reverb\/#breadcrumb","itemListElement":[{"@type":"ListItem","position":1,"name":"Startseite","item":"https:\/\/captain-guitar-lounge.com\/en\/"},{"@type":"ListItem","position":2,"name":"Shop","item":"https:\/\/captain-guitar-lounge.com\/shop\/"},{"@type":"ListItem","position":3,"name":"Captain BPR SixtyFive Princeton Reverb"}]},{"@type":"WebSite","@id":"https:\/\/captain-guitar-lounge.com\/en\/#website","url":"https:\/\/captain-guitar-lounge.com\/en\/","name":"captain-guitar-lounge.com","description":"Fine Amps and Guitars and more","potentialAction":[{"@type":"SearchAction","target":{"@type":"EntryPoint","urlTemplate":"https:\/\/captain-guitar-lounge.com\/en\/?s={search_term_string}"},"query-input":{"@type":"PropertyValueSpecification","valueRequired":true,"valueName":"search_term_string"}}],"inLanguage":"en-US"}]}},"_links":{"self":[{"href":"https:\/\/captain-guitar-lounge.com\/en\/wp-json\/wp\/v2\/product\/14570","targetHints":{"allow":["GET"]}}],"collection":[{"href":"https:\/\/captain-guitar-lounge.com\/en\/wp-json\/wp\/v2\/product"}],"about":[{"href":"https:\/\/captain-guitar-lounge.com\/en\/wp-json\/wp\/v2\/types\/product"}],"replies":[{"embeddable":true,"href":"https:\/\/captain-guitar-lounge.com\/en\/wp-json\/wp\/v2\/comments?post=14570"}],"wp:featuredmedia":[{"embeddable":true,"href":"https:\/\/captain-guitar-lounge.com\/en\/wp-json\/wp\/v2\/media\/14615"}],"wp:attachment":[{"href":"https:\/\/captain-guitar-lounge.com\/en\/wp-json\/wp\/v2\/media?parent=14570"}],"wp:term":[{"taxonomy":"product_brand","embeddable":true,"href":"https:\/\/captain-guitar-lounge.com\/en\/wp-json\/wp\/v2\/product_brand?post=14570"},{"taxonomy":"product_cat","embeddable":true,"href":"https:\/\/captain-guitar-lounge.com\/en\/wp-json\/wp\/v2\/product_cat?post=14570"},{"taxonomy":"product_tag","embeddable":true,"href":"https:\/\/captain-guitar-lounge.com\/en\/wp-json\/wp\/v2\/product_tag?post=14570"}],"curies":[{"name":"wp","href":"https:\/\/api.w.org\/{rel}","templated":true}]}}