{"id":15140,"date":"2020-08-26T09:29:29","date_gmt":"2020-08-26T07:29:29","guid":{"rendered":"https:\/\/captain-guitar-lounge.com\/?p=15140&#038;post_type=product&#038;preview_id=15140"},"modified":"2023-12-07T16:08:13","modified_gmt":"2023-12-07T15:08:13","slug":"captain-srv-amp","status":"publish","type":"product","link":"https:\/\/captain-guitar-lounge.com\/en\/product\/captain-srv-amp\/","title":{"rendered":"Captain SRV Amp"},"content":{"rendered":"<div class=\"n module-type-text diyfeLiveArea \">\n<p>Einen richtigen SRV-Amp zu bauen stand schon lange auf unserer Agenda. Aber wie soll der aussehen? Eine exakte Kopie des 64er Vibroverb mit den <strong>Cesar Diaz Mods<\/strong>? Eigentlich ja, aber ein bisschen <strong>mehr Gain<\/strong> w\u00e4r nicht schlecht. Und ein <strong>Bias-Tremolo<\/strong> ist einfach sch\u00f6ner als das mit dem Optokoppler. Und <strong>Reverb auf beiden Kan\u00e4len<\/strong> w\u00e4r doch klasse, dann kann man auch beide verwenden.<\/p>\n<div class=\"textwrapper\">\n<p>Und warum hat der Vibroverb eigentlich keinen <strong>Mitten-Regler<\/strong>? Und wenn wir schon dabei sind: Ein <strong>Master<\/strong> w\u00e4r auch gut, denn 40Watt sind m\u00e4chtig laut.<br \/>\nDie <strong>Cesar Diaz Mods<\/strong> brauchen wir nat\u00fcrlich auch, aber nur insoweit sie Sinn machen. Den Gain Boost durch das abgeklemmte Optokoppler-Tremolo haben wir sowieso, denn wir bauen ein Bias-Tremolo ein.<\/p>\n<div class=\"textwrapper\">\n<p>Bleibt die Umschaltung der Kathoden-Kondensatoren, das mu\u00df nat\u00fcrlich rein um den SRV-Sound zu erreichen (<strong>Cesar<\/strong>). Dazu haben wir noch einen zweiten Schalter eingebaut mit dem die Ansatzfrequenzen der Klangregelung verschoben werden (<strong>Shift<\/strong>).<br \/>\nSo entstand ein sehr flexibler Amp, perfekt im Bandgef\u00fcge oder auch f\u00fcr Zuhause.<br \/>\nUm den Amp noch knackiger zu machen haben wir einen <strong>High\/StBy\/Lo<\/strong> Schalter an die R\u00fcckwand gebaut. Im High-Mode wird die Gleichrichtung von <strong>Dioden<\/strong> \u00fcbernommen, der Amp hat ein bisschen mehr Headroom und wird knackiger im Attack. Wer den puren <strong>Blues-Sound<\/strong> m\u00f6chte w\u00e4hlt die Low-Stellung. Hier arbeitet wie gewohnt eine <strong>Gleichrichterr\u00f6hre<\/strong> und erzeugt diese Kompression, die den Ton beim Anschlag leicht einbrechen und im Ausklang so sch\u00f6n aufbl\u00fchen l\u00e4\u00dft.<\/p>\n<p>Nat\u00fcrlich verwenden wir wie immer <strong>Mercury Magnetics<\/strong> Trafos, da gibt es immer noch keine Alternative, die klingen einfach am besten.<\/p>\n<p><strong>Bleibt die Speaker-Frage, und die hat uns wirklich lange besch\u00e4ftigt.<\/strong><br \/>\nNat\u00fcrlich haben wir als erstes einen <strong>JBL D130F<\/strong> eingebaut, aber das Ergebnis war\u00a0 ern\u00fcchternd. Das klingt nicht nach Stevie. Zu pappig und zu schrill, besonders mit einem Zerrer davor. Ein Altec Lansing 418B aus meiner Schatzkammer klang sensationell, aber die Speaker sind so rar dass man kaum einen auftreiben kann. Diverse alte Celestion, Eminence und Electro Voice brachten auch nicht das gew\u00fcnschte Ergebnis, erst der <strong>JBL K130<\/strong> (der Nachfolger des D130) hatte endlich die gew\u00fcnschte W\u00e4rme, den Druck und die Differenziertheit, die wir gesucht haben.<\/p>\n<p>Als Alternative haben wir noch einen <strong>Celestion G15 V-Type<\/strong> ausprobiert weil uns ja der 12&#8243; V-Type so gut gef\u00e4llt.<br \/>\n<strong>Und siehe da, Volltreffer!!<\/strong><br \/>\nEin sensationeller Speaker, stabil in den B\u00e4ssen, reichlich Mitten und keine kratzenden H\u00f6hen. Nach dem Captain Speaker Shakedown war er noch besser, geschmeidiger in den B\u00e4ssen und noch seidigere H\u00f6hen. Das ist der Standard-Speaker f\u00fcr den Captain SRV, JBL oder Altec gibts als Option.<\/p>\n<\/div>\n<\/div>\n<\/div>\n<hr \/>\n<p><strong>Optionen:<\/strong><\/p>\n<p><strong>&#8211; JBL K130<\/strong> Speaker <strong>127,- Euro (nach Verf\u00fcgbarkeit)<br \/>\n<\/strong><strong>&#8211; Altec Lansing 418B<\/strong> Speaker <strong>auf Anfrage<br \/>\n<\/strong>&#8211; <strong>Tolex\/Frontbespannung<\/strong> nach Wahl <strong>97,- Euro<br \/>\n<\/strong><strong>&#8211; <a href=\"https:\/\/www.captain-koerg.de\/amp-mods\/captain-power-soak\/\" target=\"_self\" rel=\"noopener noreferrer\">Captain Power Soak<\/a><br \/>\n<\/strong>&#8211; <a href=\"https:\/\/www.captain-koerg.de\/captain-amps\/geh%C3%A4usebau\/custom-tolex\/\" target=\"_self\" rel=\"noopener noreferrer\"><strong>Captain Custom Tolex<\/strong><\/a><br \/>\n&#8211; <strong>Fender\u00ae Tilt Back Legs<\/strong> incl. Montage\u00a0 <strong>87,- Euro<br \/>\n<\/strong>&#8211; <strong>Light Aging<\/strong> Tolex\/Metallteile\/Front\/Griff\u00a0 <strong>107,- Euro<br \/>\n<\/strong>&#8211; <strong>Heavy Aging<\/strong> Tolex\/Grillcloth\/Metallteile\/Front\/Griff\u00a0 <strong>167,- Euro<\/strong><\/p>\n<p>Und auf Wunsch machen wir dir ein passendes <a href=\"https:\/\/www.captain-koerg.de\/shop\/captain-amp-covers\/\"><strong>Captain Amp Cover <\/strong><\/a>oder ein <strong><a href=\"https:\/\/www.captain-koerg.de\/shop\/captain-easy-case\/\">Captain Easy Case<\/a><\/strong>.<\/p>\n","protected":false},"excerpt":{"rendered":"<hr \/>\n<div class=\"n module-type-text diyfeLiveArea \">\n<p><strong><a href=\"https:\/\/captain-guitar-lounge.com\/produkt-kategorie\/shop\/shop-ampscabinets\/captain-amps\/pure-captain-amps\/\">Pure Captain Amps<\/a><\/strong><br \/>\n<strong>Eigene Amp-Konzepte oder verbesserung klassischer Verst\u00e4rker, vom Musiker f\u00fcr Musiker entwickelt, praxisnah und anwenderorientiert.<\/strong><\/p>\n<p>Wie bei allen Captain Amps verwenden wir auch beim Captain SRV Amp <strong>Mercury Magnetics Trafos<\/strong> aus den USA.<br \/>\nUnd auch die anderen Bauteile sind selektiert um dem Originalsound so nahe wie m\u00f6glich zu kommen.<br \/>\nDer Verst\u00e4rker wird wie das Vorbild liebevoll und mit viel Erfahrung handverdrahtet.<\/p>\n<\/div>\n<hr \/>\n<p><strong>Technische Daten Captain SRV Amp<\/strong><\/p>\n<p>Vollr\u00f6hrenverst\u00e4rker in Class AB<br \/>\n<strong>Leistung: <\/strong>ca. 40Watt aus zwei TAD 6L6WGC-STR<br \/>\n<strong>Ma\u00dfe: <\/strong>64cm x 52cm x 27cm<br \/>\n<strong>Gewicht: <\/strong>ca. 23,1 kg (mit Celestion G15V)<br \/>\n<strong>Effekte: <\/strong>Federhall und Bias-Tremolo mit Fu\u00dfschalter<br \/>\n<strong>R\u00f6hrengleichrichtung: <\/strong>GZ34<br \/>\n<strong>Vorstufenr\u00f6hren: <\/strong>4x 12AX7 2x 12AT7<br \/>\n<strong>Speaker: <\/strong>Celestion G15V-100 incl. 24hrs Captain Speaker Shakedown<br \/>\n<strong>Geh\u00e4use: <\/strong>Pine (Kiefer) fingerverzahnt<br \/>\n<strong>Bezug: <\/strong>Black Tolex mit Silver Grillcloth<br \/>\n<strong>Frontplatte: <\/strong>Blackface Style mit Potikn\u00f6pfen Black and Chrome mit Ziffern 1 &#8211; 10<br \/>\nRegler Channel1: Bright Switch, Volume, Treble, Bass<br \/>\nRegler Channel2: Bright Switch, Volume, Treble, Middle, Bass<br \/>\nF\u00fcr beide Kan\u00e4le: Reverb, Speed, Intensity, Master<br \/>\n<strong>R\u00fcckseite<\/strong>: Schalter f\u00fcr High (Diode) \/Stby\/ Low (Tube Rectifier), Cesar und Shift<\/p>\n<div>\n<p>(Technische \u00c4nderungen vorbehalten)<\/p>\n<p>Dieser Verst\u00e4rker wird auf Bestellung f\u00fcr Dich angefertigt, \u00c4nderungsw\u00fcnsche sind daher immer m\u00f6glich!<\/p>\n<\/div>\n<div>Die Lieferzeit betr\u00e4gt vier Wochen bis drei Monate, je nach den gew\u00fcnschten Optionen und der Verf\u00fcgbarkeit.<\/div>\n<div>Incl. <a href=\"https:\/\/captain-guitar-lounge.com\/produkt\/captain-speaker-shakedown\/\">24hrs Captain Speaker Shakedown <\/a>f\u00fcr den Lautsprecher.<br \/>\nAndere Lautsprecher auf Anfrage.<\/p>\n<hr \/>\n<\/div>\n<p>&nbsp;<\/p>\n","protected":false},"featured_media":15144,"comment_status":"closed","ping_status":"closed","template":"","meta":{"_et_pb_use_builder":"","_et_pb_old_content":"","_et_gb_content_width":""},"product_brand":[],"product_cat":[871],"product_tag":[],"class_list":{"0":"post-15140","1":"product","2":"type-product","3":"status-publish","4":"has-post-thumbnail","6":"product_cat-pure-captain-amps","7":"product_shipping_class-large","8":"pa_amp-features-reverb","9":"pa_amp-features-tremolo","10":"pa_amp-features-master-volume","11":"pa_artikelzustand-neuer-artikel","12":"pa_captain-amp-leistung-bis-40-watt","13":"pa_captain-amp-serie-pure-captain-amps","14":"pa_captain-amp-speaker-15-zoll","15":"pa_captain-amp-style-us-late-sixties","16":"pa_captain-amp-style-captain-style","17":"pa_captain-amp-tubes-6l6","19":"first","20":"onbackorder","21":"taxable","22":"shipping-taxable","23":"purchasable","24":"product-type-simple"},"composite_virtual":false,"composite_layout":"","composite_add_to_cart_form_location":"","composite_editable_in_cart":false,"composite_sold_individually_context":"","composite_shop_price_calc":"","composite_components":[],"composite_scenarios":[],"pp_statuses_selecting_workflow":false,"pp_workflow_action":"current","pp_status_selection":"publish","yoast_head":"<!-- This site is optimized with the Yoast SEO plugin v26.8 - https:\/\/yoast.com\/product\/yoast-seo-wordpress\/ -->\n<title>Captain SRV Amp - captain-guitar-lounge.com<\/title>\n<meta name=\"robots\" content=\"index, follow, max-snippet:-1, max-image-preview:large, max-video-preview:-1\" \/>\n<link rel=\"canonical\" href=\"https:\/\/captain-guitar-lounge.com\/en\/product\/captain-srv-amp\/\" \/>\n<meta property=\"og:locale\" content=\"en_US\" \/>\n<meta property=\"og:type\" content=\"article\" \/>\n<meta property=\"og:title\" content=\"Captain SRV Amp - captain-guitar-lounge.com\" \/>\n<meta property=\"og:description\" content=\"Pure Captain Amps Eigene Amp-Konzepte oder verbesserung klassischer Verst\u00e4rker, vom Musiker f\u00fcr Musiker entwickelt, praxisnah und anwenderorientiert.  Wie bei allen Captain Amps verwenden wir auch beim Captain SRV Amp Mercury Magnetics Trafos aus den USA. Und auch die anderen Bauteile sind selektiert um dem Originalsound so nahe wie m\u00f6glich zu kommen. Der Verst\u00e4rker wird wie das Vorbild liebevoll und mit viel Erfahrung handverdrahtet.      Technische Daten Captain SRV Amp  Vollr\u00f6hrenverst\u00e4rker in Class AB Leistung: ca. 40Watt aus zwei TAD 6L6WGC-STR Ma\u00dfe: 64cm x 52cm x 27cm Gewicht: ca. 23,1 kg (mit Celestion G15V) Effekte: Federhall und Bias-Tremolo mit Fu\u00dfschalter R\u00f6hrengleichrichtung: GZ34 Vorstufenr\u00f6hren: 4x 12AX7 2x 12AT7 Speaker: Celestion G15V-100 incl. 24hrs Captain Speaker Shakedown Geh\u00e4use: Pine (Kiefer) fingerverzahnt Bezug: Black Tolex mit Silver Grillcloth Frontplatte: Blackface Style mit Potikn\u00f6pfen Black and Chrome mit Ziffern 1 - 10 Regler Channel1: Bright Switch, Volume, Treble, Bass Regler Channel2: Bright Switch, Volume, Treble, Middle, Bass F\u00fcr beide Kan\u00e4le: Reverb, Speed, Intensity, Master R\u00fcckseite: Schalter f\u00fcr High (Diode) \/Stby\/ Low (Tube Rectifier), Cesar und Shift   (Technische \u00c4nderungen vorbehalten)  Dieser Verst\u00e4rker wird auf Bestellung f\u00fcr Dich angefertigt, \u00c4nderungsw\u00fcnsche sind daher immer m\u00f6glich!   Die Lieferzeit betr\u00e4gt vier Wochen bis drei Monate, je nach den gew\u00fcnschten Optionen und der Verf\u00fcgbarkeit. Incl. 24hrs Captain Speaker Shakedown f\u00fcr den Lautsprecher. Andere Lautsprecher auf Anfrage.     &nbsp;\" \/>\n<meta property=\"og:url\" content=\"https:\/\/captain-guitar-lounge.com\/en\/product\/captain-srv-amp\/\" \/>\n<meta property=\"og:site_name\" content=\"captain-guitar-lounge.com\" \/>\n<meta property=\"article:publisher\" content=\"https:\/\/www.facebook.com\/Captain-Guitar-Lounge-140457272682315\/\" \/>\n<meta property=\"article:modified_time\" content=\"2023-12-07T15:08:13+00:00\" \/>\n<meta property=\"og:image\" content=\"https:\/\/captain-guitar-lounge.com\/wp-content\/uploads\/2020\/08\/Captain-SRV-Amp.jpg\" \/>\n\t<meta property=\"og:image:width\" content=\"1024\" \/>\n\t<meta property=\"og:image:height\" content=\"1024\" \/>\n\t<meta property=\"og:image:type\" content=\"image\/jpeg\" \/>\n<meta name=\"twitter:card\" content=\"summary_large_image\" \/>\n<meta name=\"twitter:label1\" content=\"Est. reading time\" \/>\n\t<meta name=\"twitter:data1\" content=\"3 minutes\" \/>\n<script type=\"application\/ld+json\" class=\"yoast-schema-graph\">{\"@context\":\"https:\/\/schema.org\",\"@graph\":[{\"@type\":\"WebPage\",\"@id\":\"https:\/\/captain-guitar-lounge.com\/en\/product\/captain-srv-amp\/\",\"url\":\"https:\/\/captain-guitar-lounge.com\/en\/product\/captain-srv-amp\/\",\"name\":\"Captain SRV Amp - captain-guitar-lounge.com\",\"isPartOf\":{\"@id\":\"https:\/\/captain-guitar-lounge.com\/en\/#website\"},\"primaryImageOfPage\":{\"@id\":\"https:\/\/captain-guitar-lounge.com\/en\/product\/captain-srv-amp\/#primaryimage\"},\"image\":{\"@id\":\"https:\/\/captain-guitar-lounge.com\/en\/product\/captain-srv-amp\/#primaryimage\"},\"thumbnailUrl\":\"https:\/\/captain-guitar-lounge.com\/wp-content\/uploads\/2020\/08\/Captain-SRV-Amp.jpg\",\"datePublished\":\"2020-08-26T07:29:29+00:00\",\"dateModified\":\"2023-12-07T15:08:13+00:00\",\"breadcrumb\":{\"@id\":\"https:\/\/captain-guitar-lounge.com\/en\/product\/captain-srv-amp\/#breadcrumb\"},\"inLanguage\":\"en-US\",\"potentialAction\":[{\"@type\":\"ReadAction\",\"target\":[\"https:\/\/captain-guitar-lounge.com\/en\/product\/captain-srv-amp\/\"]}]},{\"@type\":\"ImageObject\",\"inLanguage\":\"en-US\",\"@id\":\"https:\/\/captain-guitar-lounge.com\/en\/product\/captain-srv-amp\/#primaryimage\",\"url\":\"https:\/\/captain-guitar-lounge.com\/wp-content\/uploads\/2020\/08\/Captain-SRV-Amp.jpg\",\"contentUrl\":\"https:\/\/captain-guitar-lounge.com\/wp-content\/uploads\/2020\/08\/Captain-SRV-Amp.jpg\",\"width\":1024,\"height\":1024},{\"@type\":\"BreadcrumbList\",\"@id\":\"https:\/\/captain-guitar-lounge.com\/en\/product\/captain-srv-amp\/#breadcrumb\",\"itemListElement\":[{\"@type\":\"ListItem\",\"position\":1,\"name\":\"Startseite\",\"item\":\"https:\/\/captain-guitar-lounge.com\/en\/captain-guitar-lounge\/\"},{\"@type\":\"ListItem\",\"position\":2,\"name\":\"Shop\",\"item\":\"https:\/\/captain-guitar-lounge.com\/shop\/\"},{\"@type\":\"ListItem\",\"position\":3,\"name\":\"Captain SRV Amp\"}]},{\"@type\":\"WebSite\",\"@id\":\"https:\/\/captain-guitar-lounge.com\/en\/#website\",\"url\":\"https:\/\/captain-guitar-lounge.com\/en\/\",\"name\":\"captain-guitar-lounge.com\",\"description\":\"Fine Amps and Guitars and more\",\"potentialAction\":[{\"@type\":\"SearchAction\",\"target\":{\"@type\":\"EntryPoint\",\"urlTemplate\":\"https:\/\/captain-guitar-lounge.com\/en\/?s={search_term_string}\"},\"query-input\":{\"@type\":\"PropertyValueSpecification\",\"valueRequired\":true,\"valueName\":\"search_term_string\"}}],\"inLanguage\":\"en-US\"}]}<\/script>\n<!-- \/ Yoast SEO plugin. -->","yoast_head_json":{"title":"Captain SRV Amp - captain-guitar-lounge.com","robots":{"index":"index","follow":"follow","max-snippet":"max-snippet:-1","max-image-preview":"max-image-preview:large","max-video-preview":"max-video-preview:-1"},"canonical":"https:\/\/captain-guitar-lounge.com\/en\/product\/captain-srv-amp\/","og_locale":"en_US","og_type":"article","og_title":"Captain SRV Amp - captain-guitar-lounge.com","og_description":"Pure Captain Amps Eigene Amp-Konzepte oder verbesserung klassischer Verst\u00e4rker, vom Musiker f\u00fcr Musiker entwickelt, praxisnah und anwenderorientiert.  Wie bei allen Captain Amps verwenden wir auch beim Captain SRV Amp Mercury Magnetics Trafos aus den USA. Und auch die anderen Bauteile sind selektiert um dem Originalsound so nahe wie m\u00f6glich zu kommen. Der Verst\u00e4rker wird wie das Vorbild liebevoll und mit viel Erfahrung handverdrahtet.      Technische Daten Captain SRV Amp  Vollr\u00f6hrenverst\u00e4rker in Class AB Leistung: ca. 40Watt aus zwei TAD 6L6WGC-STR Ma\u00dfe: 64cm x 52cm x 27cm Gewicht: ca. 23,1 kg (mit Celestion G15V) Effekte: Federhall und Bias-Tremolo mit Fu\u00dfschalter R\u00f6hrengleichrichtung: GZ34 Vorstufenr\u00f6hren: 4x 12AX7 2x 12AT7 Speaker: Celestion G15V-100 incl. 24hrs Captain Speaker Shakedown Geh\u00e4use: Pine (Kiefer) fingerverzahnt Bezug: Black Tolex mit Silver Grillcloth Frontplatte: Blackface Style mit Potikn\u00f6pfen Black and Chrome mit Ziffern 1 - 10 Regler Channel1: Bright Switch, Volume, Treble, Bass Regler Channel2: Bright Switch, Volume, Treble, Middle, Bass F\u00fcr beide Kan\u00e4le: Reverb, Speed, Intensity, Master R\u00fcckseite: Schalter f\u00fcr High (Diode) \/Stby\/ Low (Tube Rectifier), Cesar und Shift   (Technische \u00c4nderungen vorbehalten)  Dieser Verst\u00e4rker wird auf Bestellung f\u00fcr Dich angefertigt, \u00c4nderungsw\u00fcnsche sind daher immer m\u00f6glich!   Die Lieferzeit betr\u00e4gt vier Wochen bis drei Monate, je nach den gew\u00fcnschten Optionen und der Verf\u00fcgbarkeit. Incl. 24hrs Captain Speaker Shakedown f\u00fcr den Lautsprecher. Andere Lautsprecher auf Anfrage.     &nbsp;","og_url":"https:\/\/captain-guitar-lounge.com\/en\/product\/captain-srv-amp\/","og_site_name":"captain-guitar-lounge.com","article_publisher":"https:\/\/www.facebook.com\/Captain-Guitar-Lounge-140457272682315\/","article_modified_time":"2023-12-07T15:08:13+00:00","og_image":[{"width":1024,"height":1024,"url":"https:\/\/captain-guitar-lounge.com\/wp-content\/uploads\/2020\/08\/Captain-SRV-Amp.jpg","type":"image\/jpeg"}],"twitter_card":"summary_large_image","twitter_misc":{"Est. reading time":"3 minutes"},"schema":{"@context":"https:\/\/schema.org","@graph":[{"@type":"WebPage","@id":"https:\/\/captain-guitar-lounge.com\/en\/product\/captain-srv-amp\/","url":"https:\/\/captain-guitar-lounge.com\/en\/product\/captain-srv-amp\/","name":"Captain SRV Amp - captain-guitar-lounge.com","isPartOf":{"@id":"https:\/\/captain-guitar-lounge.com\/en\/#website"},"primaryImageOfPage":{"@id":"https:\/\/captain-guitar-lounge.com\/en\/product\/captain-srv-amp\/#primaryimage"},"image":{"@id":"https:\/\/captain-guitar-lounge.com\/en\/product\/captain-srv-amp\/#primaryimage"},"thumbnailUrl":"https:\/\/captain-guitar-lounge.com\/wp-content\/uploads\/2020\/08\/Captain-SRV-Amp.jpg","datePublished":"2020-08-26T07:29:29+00:00","dateModified":"2023-12-07T15:08:13+00:00","breadcrumb":{"@id":"https:\/\/captain-guitar-lounge.com\/en\/product\/captain-srv-amp\/#breadcrumb"},"inLanguage":"en-US","potentialAction":[{"@type":"ReadAction","target":["https:\/\/captain-guitar-lounge.com\/en\/product\/captain-srv-amp\/"]}]},{"@type":"ImageObject","inLanguage":"en-US","@id":"https:\/\/captain-guitar-lounge.com\/en\/product\/captain-srv-amp\/#primaryimage","url":"https:\/\/captain-guitar-lounge.com\/wp-content\/uploads\/2020\/08\/Captain-SRV-Amp.jpg","contentUrl":"https:\/\/captain-guitar-lounge.com\/wp-content\/uploads\/2020\/08\/Captain-SRV-Amp.jpg","width":1024,"height":1024},{"@type":"BreadcrumbList","@id":"https:\/\/captain-guitar-lounge.com\/en\/product\/captain-srv-amp\/#breadcrumb","itemListElement":[{"@type":"ListItem","position":1,"name":"Startseite","item":"https:\/\/captain-guitar-lounge.com\/en\/captain-guitar-lounge\/"},{"@type":"ListItem","position":2,"name":"Shop","item":"https:\/\/captain-guitar-lounge.com\/shop\/"},{"@type":"ListItem","position":3,"name":"Captain SRV Amp"}]},{"@type":"WebSite","@id":"https:\/\/captain-guitar-lounge.com\/en\/#website","url":"https:\/\/captain-guitar-lounge.com\/en\/","name":"captain-guitar-lounge.com","description":"Fine Amps and Guitars and more","potentialAction":[{"@type":"SearchAction","target":{"@type":"EntryPoint","urlTemplate":"https:\/\/captain-guitar-lounge.com\/en\/?s={search_term_string}"},"query-input":{"@type":"PropertyValueSpecification","valueRequired":true,"valueName":"search_term_string"}}],"inLanguage":"en-US"}]}},"_links":{"self":[{"href":"https:\/\/captain-guitar-lounge.com\/en\/wp-json\/wp\/v2\/product\/15140","targetHints":{"allow":["GET"]}}],"collection":[{"href":"https:\/\/captain-guitar-lounge.com\/en\/wp-json\/wp\/v2\/product"}],"about":[{"href":"https:\/\/captain-guitar-lounge.com\/en\/wp-json\/wp\/v2\/types\/product"}],"replies":[{"embeddable":true,"href":"https:\/\/captain-guitar-lounge.com\/en\/wp-json\/wp\/v2\/comments?post=15140"}],"wp:featuredmedia":[{"embeddable":true,"href":"https:\/\/captain-guitar-lounge.com\/en\/wp-json\/wp\/v2\/media\/15144"}],"wp:attachment":[{"href":"https:\/\/captain-guitar-lounge.com\/en\/wp-json\/wp\/v2\/media?parent=15140"}],"wp:term":[{"taxonomy":"product_brand","embeddable":true,"href":"https:\/\/captain-guitar-lounge.com\/en\/wp-json\/wp\/v2\/product_brand?post=15140"},{"taxonomy":"product_cat","embeddable":true,"href":"https:\/\/captain-guitar-lounge.com\/en\/wp-json\/wp\/v2\/product_cat?post=15140"},{"taxonomy":"product_tag","embeddable":true,"href":"https:\/\/captain-guitar-lounge.com\/en\/wp-json\/wp\/v2\/product_tag?post=15140"}],"curies":[{"name":"wp","href":"https:\/\/api.w.org\/{rel}","templated":true}]}}