{"id":15160,"date":"2020-08-26T13:23:06","date_gmt":"2020-08-26T11:23:06","guid":{"rendered":"https:\/\/captain-guitar-lounge.com\/?p=15160&#038;post_type=product&#038;preview_id=15160"},"modified":"2023-12-07T16:08:38","modified_gmt":"2023-12-07T15:08:38","slug":"captain-tweed-master-amp","status":"publish","type":"product","link":"https:\/\/captain-guitar-lounge.com\/en\/product\/captain-tweed-master-amp\/","title":{"rendered":"Captain Tweed Master Amp"},"content":{"rendered":"<div class=\"n module-type-text diyfeLiveArea \">\n<div class=\"n module-type-text diyfeLiveArea \">\n<p>Sie gelten f\u00fcr viele immer noch als das Ma\u00df der Dinge: Die Tweed Amps aus den Jahren 1958 bis 1960. Die Dynamik, die Ansprache und der perlige Ton machen sie auch zu meinen Lieblingen. Und auch wenn Leo das nicht so geplant hatte: wenn man ihnen die Sporen gibt rocken sie richtig los!<br \/>\nNachteilig ist neben der schlechten Verf\u00fcgbarkeit und den hohen Preisen, die man f\u00fcr die alten Sch\u00e4tzchen aufrufen mu\u00df, das biblische Alter der Bauteile, das ein gewisses Ausfallrisiko birgt. Und die doch eher geringe Flexibilit\u00e4t.<\/p>\n<div class=\"n module-type-text diyfeLiveArea \">\n<p>Der <strong>Captain Tweed Master<\/strong> verbindet die klanglichen Eigenschaften der Tweed \u00c4ra mit der Zuverl\u00e4ssigkeit eines neuen Verst\u00e4rkers und einer erh\u00f6hten Flexibilit\u00e4t.<br \/>\nDie <strong>Captain 2C-Schaltung<\/strong> erm\u00f6glicht es, zwei Einstellungen per Fu\u00dfschalter abzurufen:<br \/>\n1) Die <strong>Standard-Einstellung<\/strong> mit einem Volume-Regler f\u00fcr Clean bis Crunch und<br \/>\n2) Die <strong>Mod-Einstellung<\/strong> mit einem Gain- und einem Master Regler f\u00fcr Crunch bis reichlich Lead-Tone<br \/>\nEinfach umschaltbar per Fu\u00dfschalter. Eine rote LED zeigt die Mod-Eintellung optisch an.<br \/>\n<strong>Dabei bleibt der Sound des Verst\u00e4rkers zu 100% erhalten, denn intern ist es immer noch ein 1-Kanaliger Tweed Amp!<\/strong><\/p>\n<p>Der Aufbau ist wie immer beim Captain Point-To-Point und stark an die <strong>5E5-A Schaltung<\/strong> angelehnt. Die hier verwendete Klangregelung ist viel effektiver als die sp\u00e4tere Schaltung, die im Bassman und den meisten Blackface-Amps verwendet wurde. Die Regler beeinflussen sich gegenseitig und so gibt es viele Sounds zu entdecken.<\/p>\n<div class=\"textwrapper\">\n<p>Zwei 6L6 Endstufenr\u00f6hren erzeugen mit den Mercury Magnetics Trafos stabile 40Watt. Als Gleichrichter sorgt eine 5U4GB f\u00fcr das Federnde im Ton. Wer&#8217;s lieber knackig hat, stellt den Schalter ganz links neben der Sicherung von Low auf High. Die dann verwendete Silikon-Gleichrichtung macht den Amp perkussiver und knalliger.<\/p>\n<p>Den Captain TweedMaster gibt es mit verschiedenen Speaker-Best\u00fcckungen. Neben der klassischen 1&#215;15&#8243; Variante kann man auch 2 Zehnz\u00f6ller oder sogar drei Zehner Speaker bekommen und so den Sound an seine Vorstellungen anpassen. Auch eine 1&#215;12&#8243; oder 2&#215;12&#8243; Variante ist auf Anfrage m\u00f6glich.<\/p>\n<\/div>\n<\/div>\n<\/div>\n<\/div>\n<div class=\"n module-type-text diyfeLiveArea \">\n<div class=\"n module-type-text diyfeLiveArea \">\n<div class=\"n\">\n<div class=\"n\">\n<hr \/>\n<p>Dar\u00fcberhinaus kann der <strong>Captain TweedMaster<\/strong> mit weiteren Optionen an Deine Bed\u00fcrfnisse angepasst werden:<br \/>\n&#8211; <strong><a href=\"https:\/\/www.captain-koerg.de\/amp-mods\/captain-tweed-aging\/\" target=\"_self\" rel=\"noopener noreferrer\">Captain Tweed Aging<\/a><\/strong><br \/>\n&#8211; <strong><a href=\"https:\/\/www.captain-koerg.de\/amp-mods\/captain-rfb\/\" target=\"_self\" rel=\"noopener noreferrer\">Captain RFB<\/a><\/strong> (R\u00f6hrenbetriebener Einschleifweg und Federhall)<br \/>\n&#8211; NOS 12AY7 als V1 Aufpreis: <strong>57,- Euro<br \/>\n<\/strong>\u2013 Tolex und Frontbespannung nach Kundenwunsch ab <strong>97,- Euro<br \/>\n<\/strong>\u00a0\u00a0\u00a0\u00a0\u00a0\u00a0\u00a0\u00a0 Eine Auswahl findest du<a href=\"https:\/\/www.captain-koerg.de\/captain-amps\/geh%C3%A4usebau\/standard-tolex-grille\/\"><strong> HIER<\/strong><\/a><\/p>\n<p>Und auf Wunsch machen wir dir ein passendes <a href=\"https:\/\/www.captain-koerg.de\/shop\/captain-amp-covers\/\"><strong>Captain Amp Cover<\/strong><\/a> oder ein <strong><a href=\"https:\/\/www.captain-koerg.de\/shop\/captain-easy-case\/\">Captain Easy Case<\/a><\/strong>.<\/p>\n<\/div>\n<\/div>\n<\/div>\n<\/div>\n","protected":false},"excerpt":{"rendered":"<hr \/>\n<div class=\"n module-type-text diyfeLiveArea \">\n<p><strong><a href=\"https:\/\/captain-guitar-lounge.com\/produkt-kategorie\/shop\/shop-ampscabinets\/captain-amps\/pure-captain-amps\/\">Pure Captain Amps<\/a><\/strong><br \/>\n<strong>Eigene Amp-Konzepte oder verbesserung klassischer Verst\u00e4rker, vom Musiker f\u00fcr Musiker entwickelt, praxisnah und anwenderorientiert.<\/strong><\/p>\n<p>Wie bei allen Captain Amps verwenden wir auch beim Captain Tweed Master <strong>Mercury Magnetics Trafos<\/strong> und <strong>Weber Speake<\/strong>r aus den USA.<br \/>\nUnd auch die anderen Bauteile sind selektiert um dem Originalsound so nahe wie m\u00f6glich zu kommen.<br \/>\nDer Verst\u00e4rker wird wie das Vorbild liebevoll und mit viel Erfahrung handverdrahtet.<\/p>\n<\/div>\n<hr \/>\n<p><strong>Technische Daten Captain TweedMaster Amp<br \/>\n<\/strong>Vollr\u00f6hrenverst\u00e4rker in Class AB<br \/>\n<strong>Leistung: <\/strong>ca. 40Watt aus zwei TAD 6L6WGC-STR<br \/>\n<strong>Ma\u00dfe:<br \/>\n<\/strong>Captain TweedMaster 210: 56x46x27cm<br \/>\nCaptain TweedMaster 310: 57x53x27cm<br \/>\nCaptain TweedMaster 115: 57x53x27cm<br \/>\n<strong>Gleichrichtung: <\/strong>5U4GB (Low) oder Silicon Rectifier (High)<br \/>\n<strong>Vorstufenr\u00f6hren: <\/strong>1x 12AY7 und 2x 12AX7<br \/>\nAuf Wunsch 3x 12AX7 f\u00fcr mehr Gain<br \/>\n<strong>Speaker:<br \/>\n<\/strong>Captain TweedMaster 210: 2x Weber 10A125<br \/>\nCaptain TweedMaster 310: 3x Weber 10A125<br \/>\nCaptain TweedMaster 115: 1x Weber 15A150<br \/>\nImmer incl. 24hrs Captain Speaker Shakedown<br \/>\n<strong>Geh\u00e4use: <\/strong>Pine (Kiefer) fingerverzahnt<br \/>\n<strong>Bezug: <\/strong>Tweed &amp; Oxblood with Stripe Grill Cloth<br \/>\n<strong>Frontplatte: <\/strong>Aluminium schwarz eloxiert, Schrift weiss ausgelegt, Black Chicken Head Kn\u00f6pfe<br \/>\n<strong>Zubeh\u00f6r<\/strong>: Fu\u00dfschalter f\u00fcr Kanalumschaltung<\/p>\n<p>(Technische \u00c4nderungen vorbehalten)<\/p>\n<p>Dieser Verst\u00e4rker wird auf Bestellung f\u00fcr Dich angefertigt, \u00c4nderungsw\u00fcnsche sind daher immer m\u00f6glich!<br \/>\nDie Lieferzeit betr\u00e4gt vier Wochen bis drei Monate, je nach den gew\u00fcnschten Optionen und der Verf\u00fcgbarkeit.<\/p>\n<div>Incl. <a href=\"https:\/\/captain-guitar-lounge.com\/produkt\/captain-speaker-shakedown\/\">24hrs Captain Speaker Shakedown <\/a>f\u00fcr die Lautsprecher.<br \/>\nAndere Lautsprecher auf Anfrage.<\/p>\n<hr \/>\n<\/div>\n","protected":false},"featured_media":15167,"comment_status":"closed","ping_status":"closed","template":"","meta":{"_et_pb_use_builder":"","_et_pb_old_content":"","_et_gb_content_width":""},"product_brand":[],"product_cat":[871],"product_tag":[],"class_list":{"0":"post-15160","1":"product","2":"type-product","3":"status-publish","4":"has-post-thumbnail","6":"product_cat-pure-captain-amps","7":"product_shipping_class-large","8":"pa_amp-features-2-channel","9":"pa_amp-features-master-volume","10":"pa_artikelzustand-neuer-artikel","11":"pa_captain-amp-leistung-bis-40-watt","12":"pa_captain-amp-serie-pure-captain-amps","13":"pa_captain-amp-speaker-10-zoll","14":"pa_captain-amp-speaker-12-zoll","15":"pa_captain-amp-speaker-15-zoll","16":"pa_captain-amp-style-us-fifties","17":"pa_captain-amp-tubes-6l6","19":"first","20":"onbackorder","21":"taxable","22":"shipping-taxable","23":"purchasable","24":"product-type-variable","25":"has-default-attributes"},"composite_virtual":false,"composite_layout":"","composite_add_to_cart_form_location":"","composite_editable_in_cart":false,"composite_sold_individually_context":"","composite_shop_price_calc":"","composite_components":[],"composite_scenarios":[],"pp_statuses_selecting_workflow":false,"pp_workflow_action":"current","pp_status_selection":"publish","yoast_head":"<!-- This site is optimized with the Yoast SEO plugin v26.8 - https:\/\/yoast.com\/product\/yoast-seo-wordpress\/ -->\n<title>Captain Tweed Master Amp - captain-guitar-lounge.com<\/title>\n<meta name=\"robots\" content=\"index, follow, max-snippet:-1, max-image-preview:large, max-video-preview:-1\" \/>\n<link rel=\"canonical\" href=\"https:\/\/captain-guitar-lounge.com\/en\/product\/captain-tweed-master-amp\/\" \/>\n<meta property=\"og:locale\" content=\"en_US\" \/>\n<meta property=\"og:type\" content=\"article\" \/>\n<meta property=\"og:title\" content=\"Captain Tweed Master Amp - captain-guitar-lounge.com\" \/>\n<meta property=\"og:description\" content=\"Pure Captain Amps Eigene Amp-Konzepte oder verbesserung klassischer Verst\u00e4rker, vom Musiker f\u00fcr Musiker entwickelt, praxisnah und anwenderorientiert.  Wie bei allen Captain Amps verwenden wir auch beim Captain Tweed Master Mercury Magnetics Trafos und Weber Speaker aus den USA. Und auch die anderen Bauteile sind selektiert um dem Originalsound so nahe wie m\u00f6glich zu kommen. Der Verst\u00e4rker wird wie das Vorbild liebevoll und mit viel Erfahrung handverdrahtet.      Technische Daten Captain TweedMaster Amp Vollr\u00f6hrenverst\u00e4rker in Class AB Leistung: ca. 40Watt aus zwei TAD 6L6WGC-STR Ma\u00dfe: Captain TweedMaster 210: 56x46x27cm Captain TweedMaster 310: 57x53x27cm Captain TweedMaster 115: 57x53x27cm Gleichrichtung: 5U4GB (Low) oder Silicon Rectifier (High) Vorstufenr\u00f6hren: 1x 12AY7 und 2x 12AX7 Auf Wunsch 3x 12AX7 f\u00fcr mehr Gain Speaker: Captain TweedMaster 210: 2x Weber 10A125 Captain TweedMaster 310: 3x Weber 10A125 Captain TweedMaster 115: 1x Weber 15A150 Immer incl. 24hrs Captain Speaker Shakedown Geh\u00e4use: Pine (Kiefer) fingerverzahnt Bezug: Tweed &amp; Oxblood with Stripe Grill Cloth Frontplatte: Aluminium schwarz eloxiert, Schrift weiss ausgelegt, Black Chicken Head Kn\u00f6pfe Zubeh\u00f6r: Fu\u00dfschalter f\u00fcr Kanalumschaltung  (Technische \u00c4nderungen vorbehalten)  Dieser Verst\u00e4rker wird auf Bestellung f\u00fcr Dich angefertigt, \u00c4nderungsw\u00fcnsche sind daher immer m\u00f6glich! Die Lieferzeit betr\u00e4gt vier Wochen bis drei Monate, je nach den gew\u00fcnschten Optionen und der Verf\u00fcgbarkeit. Incl. 24hrs Captain Speaker Shakedown f\u00fcr die Lautsprecher. Andere Lautsprecher auf Anfrage.\" \/>\n<meta property=\"og:url\" content=\"https:\/\/captain-guitar-lounge.com\/en\/product\/captain-tweed-master-amp\/\" \/>\n<meta property=\"og:site_name\" content=\"captain-guitar-lounge.com\" \/>\n<meta property=\"article:publisher\" content=\"https:\/\/www.facebook.com\/Captain-Guitar-Lounge-140457272682315\/\" \/>\n<meta property=\"article:modified_time\" content=\"2023-12-07T15:08:38+00:00\" \/>\n<meta property=\"og:image\" content=\"https:\/\/captain-guitar-lounge.com\/wp-content\/uploads\/2020\/08\/Captain-TweedMaster.jpg\" \/>\n\t<meta property=\"og:image:width\" content=\"1024\" \/>\n\t<meta property=\"og:image:height\" content=\"1024\" \/>\n\t<meta property=\"og:image:type\" content=\"image\/jpeg\" \/>\n<meta name=\"twitter:card\" content=\"summary_large_image\" \/>\n<meta name=\"twitter:label1\" content=\"Est. reading time\" \/>\n\t<meta name=\"twitter:data1\" content=\"3 minutes\" \/>\n<script type=\"application\/ld+json\" class=\"yoast-schema-graph\">{\"@context\":\"https:\/\/schema.org\",\"@graph\":[{\"@type\":\"WebPage\",\"@id\":\"https:\/\/captain-guitar-lounge.com\/en\/product\/captain-tweed-master-amp\/\",\"url\":\"https:\/\/captain-guitar-lounge.com\/en\/product\/captain-tweed-master-amp\/\",\"name\":\"Captain Tweed Master Amp - captain-guitar-lounge.com\",\"isPartOf\":{\"@id\":\"https:\/\/captain-guitar-lounge.com\/en\/#website\"},\"primaryImageOfPage\":{\"@id\":\"https:\/\/captain-guitar-lounge.com\/en\/product\/captain-tweed-master-amp\/#primaryimage\"},\"image\":{\"@id\":\"https:\/\/captain-guitar-lounge.com\/en\/product\/captain-tweed-master-amp\/#primaryimage\"},\"thumbnailUrl\":\"https:\/\/captain-guitar-lounge.com\/wp-content\/uploads\/2020\/08\/Captain-TweedMaster.jpg\",\"datePublished\":\"2020-08-26T11:23:06+00:00\",\"dateModified\":\"2023-12-07T15:08:38+00:00\",\"breadcrumb\":{\"@id\":\"https:\/\/captain-guitar-lounge.com\/en\/product\/captain-tweed-master-amp\/#breadcrumb\"},\"inLanguage\":\"en-US\",\"potentialAction\":[{\"@type\":\"ReadAction\",\"target\":[\"https:\/\/captain-guitar-lounge.com\/en\/product\/captain-tweed-master-amp\/\"]}]},{\"@type\":\"ImageObject\",\"inLanguage\":\"en-US\",\"@id\":\"https:\/\/captain-guitar-lounge.com\/en\/product\/captain-tweed-master-amp\/#primaryimage\",\"url\":\"https:\/\/captain-guitar-lounge.com\/wp-content\/uploads\/2020\/08\/Captain-TweedMaster.jpg\",\"contentUrl\":\"https:\/\/captain-guitar-lounge.com\/wp-content\/uploads\/2020\/08\/Captain-TweedMaster.jpg\",\"width\":1024,\"height\":1024},{\"@type\":\"BreadcrumbList\",\"@id\":\"https:\/\/captain-guitar-lounge.com\/en\/product\/captain-tweed-master-amp\/#breadcrumb\",\"itemListElement\":[{\"@type\":\"ListItem\",\"position\":1,\"name\":\"Startseite\",\"item\":\"https:\/\/captain-guitar-lounge.com\/en\/captain-guitar-lounge\/\"},{\"@type\":\"ListItem\",\"position\":2,\"name\":\"Shop\",\"item\":\"https:\/\/captain-guitar-lounge.com\/shop\/\"},{\"@type\":\"ListItem\",\"position\":3,\"name\":\"Captain Tweed Master Amp\"}]},{\"@type\":\"WebSite\",\"@id\":\"https:\/\/captain-guitar-lounge.com\/en\/#website\",\"url\":\"https:\/\/captain-guitar-lounge.com\/en\/\",\"name\":\"captain-guitar-lounge.com\",\"description\":\"Fine Amps and Guitars and more\",\"potentialAction\":[{\"@type\":\"SearchAction\",\"target\":{\"@type\":\"EntryPoint\",\"urlTemplate\":\"https:\/\/captain-guitar-lounge.com\/en\/?s={search_term_string}\"},\"query-input\":{\"@type\":\"PropertyValueSpecification\",\"valueRequired\":true,\"valueName\":\"search_term_string\"}}],\"inLanguage\":\"en-US\"}]}<\/script>\n<!-- \/ Yoast SEO plugin. -->","yoast_head_json":{"title":"Captain Tweed Master Amp - captain-guitar-lounge.com","robots":{"index":"index","follow":"follow","max-snippet":"max-snippet:-1","max-image-preview":"max-image-preview:large","max-video-preview":"max-video-preview:-1"},"canonical":"https:\/\/captain-guitar-lounge.com\/en\/product\/captain-tweed-master-amp\/","og_locale":"en_US","og_type":"article","og_title":"Captain Tweed Master Amp - captain-guitar-lounge.com","og_description":"Pure Captain Amps Eigene Amp-Konzepte oder verbesserung klassischer Verst\u00e4rker, vom Musiker f\u00fcr Musiker entwickelt, praxisnah und anwenderorientiert.  Wie bei allen Captain Amps verwenden wir auch beim Captain Tweed Master Mercury Magnetics Trafos und Weber Speaker aus den USA. Und auch die anderen Bauteile sind selektiert um dem Originalsound so nahe wie m\u00f6glich zu kommen. Der Verst\u00e4rker wird wie das Vorbild liebevoll und mit viel Erfahrung handverdrahtet.      Technische Daten Captain TweedMaster Amp Vollr\u00f6hrenverst\u00e4rker in Class AB Leistung: ca. 40Watt aus zwei TAD 6L6WGC-STR Ma\u00dfe: Captain TweedMaster 210: 56x46x27cm Captain TweedMaster 310: 57x53x27cm Captain TweedMaster 115: 57x53x27cm Gleichrichtung: 5U4GB (Low) oder Silicon Rectifier (High) Vorstufenr\u00f6hren: 1x 12AY7 und 2x 12AX7 Auf Wunsch 3x 12AX7 f\u00fcr mehr Gain Speaker: Captain TweedMaster 210: 2x Weber 10A125 Captain TweedMaster 310: 3x Weber 10A125 Captain TweedMaster 115: 1x Weber 15A150 Immer incl. 24hrs Captain Speaker Shakedown Geh\u00e4use: Pine (Kiefer) fingerverzahnt Bezug: Tweed &amp; Oxblood with Stripe Grill Cloth Frontplatte: Aluminium schwarz eloxiert, Schrift weiss ausgelegt, Black Chicken Head Kn\u00f6pfe Zubeh\u00f6r: Fu\u00dfschalter f\u00fcr Kanalumschaltung  (Technische \u00c4nderungen vorbehalten)  Dieser Verst\u00e4rker wird auf Bestellung f\u00fcr Dich angefertigt, \u00c4nderungsw\u00fcnsche sind daher immer m\u00f6glich! Die Lieferzeit betr\u00e4gt vier Wochen bis drei Monate, je nach den gew\u00fcnschten Optionen und der Verf\u00fcgbarkeit. Incl. 24hrs Captain Speaker Shakedown f\u00fcr die Lautsprecher. Andere Lautsprecher auf Anfrage.","og_url":"https:\/\/captain-guitar-lounge.com\/en\/product\/captain-tweed-master-amp\/","og_site_name":"captain-guitar-lounge.com","article_publisher":"https:\/\/www.facebook.com\/Captain-Guitar-Lounge-140457272682315\/","article_modified_time":"2023-12-07T15:08:38+00:00","og_image":[{"width":1024,"height":1024,"url":"https:\/\/captain-guitar-lounge.com\/wp-content\/uploads\/2020\/08\/Captain-TweedMaster.jpg","type":"image\/jpeg"}],"twitter_card":"summary_large_image","twitter_misc":{"Est. reading time":"3 minutes"},"schema":{"@context":"https:\/\/schema.org","@graph":[{"@type":"WebPage","@id":"https:\/\/captain-guitar-lounge.com\/en\/product\/captain-tweed-master-amp\/","url":"https:\/\/captain-guitar-lounge.com\/en\/product\/captain-tweed-master-amp\/","name":"Captain Tweed Master Amp - captain-guitar-lounge.com","isPartOf":{"@id":"https:\/\/captain-guitar-lounge.com\/en\/#website"},"primaryImageOfPage":{"@id":"https:\/\/captain-guitar-lounge.com\/en\/product\/captain-tweed-master-amp\/#primaryimage"},"image":{"@id":"https:\/\/captain-guitar-lounge.com\/en\/product\/captain-tweed-master-amp\/#primaryimage"},"thumbnailUrl":"https:\/\/captain-guitar-lounge.com\/wp-content\/uploads\/2020\/08\/Captain-TweedMaster.jpg","datePublished":"2020-08-26T11:23:06+00:00","dateModified":"2023-12-07T15:08:38+00:00","breadcrumb":{"@id":"https:\/\/captain-guitar-lounge.com\/en\/product\/captain-tweed-master-amp\/#breadcrumb"},"inLanguage":"en-US","potentialAction":[{"@type":"ReadAction","target":["https:\/\/captain-guitar-lounge.com\/en\/product\/captain-tweed-master-amp\/"]}]},{"@type":"ImageObject","inLanguage":"en-US","@id":"https:\/\/captain-guitar-lounge.com\/en\/product\/captain-tweed-master-amp\/#primaryimage","url":"https:\/\/captain-guitar-lounge.com\/wp-content\/uploads\/2020\/08\/Captain-TweedMaster.jpg","contentUrl":"https:\/\/captain-guitar-lounge.com\/wp-content\/uploads\/2020\/08\/Captain-TweedMaster.jpg","width":1024,"height":1024},{"@type":"BreadcrumbList","@id":"https:\/\/captain-guitar-lounge.com\/en\/product\/captain-tweed-master-amp\/#breadcrumb","itemListElement":[{"@type":"ListItem","position":1,"name":"Startseite","item":"https:\/\/captain-guitar-lounge.com\/en\/captain-guitar-lounge\/"},{"@type":"ListItem","position":2,"name":"Shop","item":"https:\/\/captain-guitar-lounge.com\/shop\/"},{"@type":"ListItem","position":3,"name":"Captain Tweed Master Amp"}]},{"@type":"WebSite","@id":"https:\/\/captain-guitar-lounge.com\/en\/#website","url":"https:\/\/captain-guitar-lounge.com\/en\/","name":"captain-guitar-lounge.com","description":"Fine Amps and Guitars and more","potentialAction":[{"@type":"SearchAction","target":{"@type":"EntryPoint","urlTemplate":"https:\/\/captain-guitar-lounge.com\/en\/?s={search_term_string}"},"query-input":{"@type":"PropertyValueSpecification","valueRequired":true,"valueName":"search_term_string"}}],"inLanguage":"en-US"}]}},"_links":{"self":[{"href":"https:\/\/captain-guitar-lounge.com\/en\/wp-json\/wp\/v2\/product\/15160","targetHints":{"allow":["GET"]}}],"collection":[{"href":"https:\/\/captain-guitar-lounge.com\/en\/wp-json\/wp\/v2\/product"}],"about":[{"href":"https:\/\/captain-guitar-lounge.com\/en\/wp-json\/wp\/v2\/types\/product"}],"replies":[{"embeddable":true,"href":"https:\/\/captain-guitar-lounge.com\/en\/wp-json\/wp\/v2\/comments?post=15160"}],"wp:featuredmedia":[{"embeddable":true,"href":"https:\/\/captain-guitar-lounge.com\/en\/wp-json\/wp\/v2\/media\/15167"}],"wp:attachment":[{"href":"https:\/\/captain-guitar-lounge.com\/en\/wp-json\/wp\/v2\/media?parent=15160"}],"wp:term":[{"taxonomy":"product_brand","embeddable":true,"href":"https:\/\/captain-guitar-lounge.com\/en\/wp-json\/wp\/v2\/product_brand?post=15160"},{"taxonomy":"product_cat","embeddable":true,"href":"https:\/\/captain-guitar-lounge.com\/en\/wp-json\/wp\/v2\/product_cat?post=15160"},{"taxonomy":"product_tag","embeddable":true,"href":"https:\/\/captain-guitar-lounge.com\/en\/wp-json\/wp\/v2\/product_tag?post=15160"}],"curies":[{"name":"wp","href":"https:\/\/api.w.org\/{rel}","templated":true}]}}