{"id":15424,"date":"2020-08-31T12:53:22","date_gmt":"2020-08-31T10:53:22","guid":{"rendered":"https:\/\/captain-guitar-lounge.com\/?p=15424&#038;post_type=product&#038;preview_id=15424"},"modified":"2021-10-01T13:27:47","modified_gmt":"2021-10-01T11:27:47","slug":"captain-v15br-amp","status":"publish","type":"product","link":"https:\/\/captain-guitar-lounge.com\/en\/product\/captain-v15br-amp\/","title":{"rendered":"Captain V15BR Amp"},"content":{"rendered":"<div class=\"n module-type-text diyfeLiveArea \">Wie bei allen Captain Amps werden nur allerfeinste Bauteile verwendet: Kohlepresswiderst\u00e4nde, Mustard Caps und nat\u00fcrlich ein Mercury Magnetics Ausgangs\u00fcbertrager.<br \/>\nDas alles in Handarbeit mit viel Know-How handverdrahtet.<\/p>\n<div class=\"n module-type-text diyfeLiveArea \">\n<p>Ein <strong>R\u00f6hrengetriebener Federhall<\/strong> ist nicht unbedingt britisch, aber trotzdem sch\u00f6n in der Kombination mit dem V15.<br \/>\nDabei wurde viel Wert darauf gelegt, dass der direkte Sound des V15 nicht beeintr\u00e4schtigt wird. Die Reverb-Einheit l\u00e4uft v\u00f6llig <strong>parallel<\/strong> und greift nicht in den Signalpfad ein.<br \/>\nDer Reverb kann, genauso wie die Boost-Funktion, per <strong>Fu\u00dfschalter<\/strong> ferngesteuert werden.<\/p>\n<\/div>\n<div class=\"n module-type-text diyfeLiveArea \">\n<p><strong>Ein Amp f\u00fcr Puristen und Ton-Besessene! Das minimalistische Konzept belohnt mit schneller Ansprache und kompromi\u00dfloser Dynamik.<br \/>\n<\/strong><strong>Unglaublich, was der Amp an einer 4&#215;12&#8243; Box f\u00fcr einen Druck macht, und das mit 15Watt! Unbedingt antesten!<\/strong><\/p>\n<\/div>\n<div class=\"n module-type-text diyfeLiveArea \">\n<p><strong>Technische Daten Captain V15BR<br \/>\nLeistung<\/strong>: ca. 15Watt an 8 oder 16 Ohm (umschaltbar)<br \/>\n<strong>Features<\/strong>: Boost-Funktion per Fu\u00dfschalter fernsteuerbar<br \/>\nR\u00f6hrengetriebener Federhall, per Fu\u00dfschalter fernsteuerbar<br \/>\n<strong>R\u00f6hrenbest\u00fcckung<\/strong>:\u00a0 1x EF86\u00a0 1x ECC81\u00a0 2x ECC83\u00a0 2x EL84\u00a0 1xEZ81<br \/>\n<strong>Geh\u00e4use<\/strong>: Birke Multiplex<br \/>\n<strong>Lieferumfang<\/strong>: Doppelfu\u00dfschalter mit LEDs<br \/>\n(Technische \u00c4nderungen vorbehalten)<\/p>\n<\/div>\n<\/div>\n","protected":false},"excerpt":{"rendered":"<p>&nbsp;<\/p>\n<div class=\"n module-type-text diyfeLiveArea \">\n<p>Der Captain V15BR ist eine Weiterentwicklung des V15P. Die klangformende <strong>EF86<\/strong> wurde beibehalten, genauso wie unkonventionelle Klangregelung mit einem <strong>6-Stufigen Tone-Regler<\/strong>, der den Bass-Anteil regelt und dem <strong>Cut-Regler<\/strong> f\u00fcr die H\u00f6hen.<br \/>\nNeu hingegen ist das B im Namen, das steht f\u00fcr <strong>Boost<\/strong>. Vor die EF86 kann eine Boost-Stufe geschaltet werden, was die Gain-Reseven des Amps immens erh\u00f6ht.<br \/>\nIm Zusammenspiel mit dem <strong>Boost-Master<\/strong> kann man so <strong>zwei Setups<\/strong> einstellen und jeweis Gain und Lautst\u00e4rke aufeinander abstimmen.<br \/>\nDabei bleibt der Amp im Grunde ein <strong>Einkanaler<\/strong>, was der Dynamik, der Pr\u00e4zision und dem Grundton deutlich zu Gute kommt.<\/p>\n<\/div>\n<p><strong>Hier kannst Du Dir hier Deinen Captain MV15BR Amp Schritt f\u00fcr Schritt individuell zusammenstellen.<\/strong><\/p>\n<p>Jeder Captain Amp ist ein<strong> individuelles Einzelst\u00fcck<\/strong> und wird f\u00fcr Dich in <strong>Handarbeit<\/strong> hergestellt.<br \/>\nDaher sind <strong>Sonderw\u00fcnsche<\/strong> jederzeit m\u00f6glich, setzt Dich einfach mit uns in Verbindung und wir besprechen Deine Ideen.<\/p>\n<p>Die Lieferzeit betr\u00e4gt je nach Optionen und Sonderw\u00fcnschen zwischen 8 und 16 Wochen.<\/p>\n","protected":false},"featured_media":15498,"comment_status":"closed","ping_status":"closed","template":"","meta":{"_et_pb_use_builder":"off","_et_pb_old_content":"Test Gruppiertes Produkt","_et_gb_content_width":""},"product_brand":[],"product_cat":[871],"product_tag":[],"class_list":{"0":"post-15424","1":"product","2":"type-product","3":"status-publish","4":"has-post-thumbnail","6":"product_cat-pure-captain-amps","7":"product_shipping_class-standard","8":"pa_amp-features-2-channel","9":"pa_amp-features-reverb","10":"pa_amp-features-master-volume","11":"pa_artikelzustand-neuer-artikel","12":"pa_captain-amp-leistung-bis-20-watt","13":"pa_captain-amp-serie-pure-captain-amps","14":"pa_captain-amp-speaker-12-zoll","15":"pa_captain-amp-style-british","16":"pa_captain-amp-style-captain-style","17":"pa_captain-amp-tubes-el84","19":"first","20":"onbackorder","21":"taxable","22":"shipping-taxable","23":"purchasable","24":"product-type-composite"},"composite_virtual":false,"composite_layout":"paged","composite_add_to_cart_form_location":"after_summary","composite_editable_in_cart":true,"composite_sold_individually_context":"product","composite_shop_price_calc":"defaults","composite_components":[{"id":"1595076743","title":"Geh\u00e4use","description":"<p>Im ersten Schritt kannst Du w\u00e4hlen, ob Dein Captain V15 ein Combo oder ein Topteil werden soll. <\/p>\n","query_type":"product_ids","query_ids":[15539],"default_option_id":15539,"thumbnail_id":15107,"thumbnail_src":"https:\/\/captain-guitar-lounge.com\/wp-content\/uploads\/2020\/08\/Sorry-No-Image.jpg","quantity_min":1,"quantity_max":1,"priced_individually":true,"shipped_individually":false,"optional":false,"discount":"","options_style":"dropdowns","pagination_style":"classic","display_prices":"absolute","show_sorting_options":false,"show_filtering_options":false,"attribute_filter_ids":[],"select_action":"view","product_title_visible":true,"product_descr_visible":true,"product_price_visible":true,"product_thumb_visible":true,"subtotal_visible_product":true,"subtotal_visible_cart":true,"subtotal_visible_orders":true},{"id":"1595424757","title":"Frontplatte","description":"<p>Dann kannst Du die Farbe der Frontplatte w\u00e4hlen.<\/p>\n","query_type":"category_ids","query_ids":[964],"default_option_id":15496,"thumbnail_id":"","thumbnail_src":"","quantity_min":1,"quantity_max":1,"priced_individually":false,"shipped_individually":false,"optional":false,"discount":"","options_style":"thumbnails","pagination_style":"load-more","display_prices":"absolute","show_sorting_options":false,"show_filtering_options":false,"attribute_filter_ids":[],"select_action":"view","product_title_visible":true,"product_descr_visible":true,"product_price_visible":true,"product_thumb_visible":true,"subtotal_visible_product":true,"subtotal_visible_cart":true,"subtotal_visible_orders":true},{"id":"1598279145","title":"Kn\u00f6pfe","description":"<p>Hier kannst du die Kn\u00f6pfe f\u00fcr Deinen Amp aussuchen.<\/p>\n","query_type":"category_ids","query_ids":[965],"default_option_id":15482,"thumbnail_id":"","thumbnail_src":"","quantity_min":1,"quantity_max":1,"priced_individually":false,"shipped_individually":false,"optional":false,"discount":"","options_style":"thumbnails","pagination_style":"load-more","display_prices":"absolute","show_sorting_options":false,"show_filtering_options":false,"attribute_filter_ids":[],"select_action":"view","product_title_visible":true,"product_descr_visible":true,"product_price_visible":true,"product_thumb_visible":true,"subtotal_visible_product":true,"subtotal_visible_cart":true,"subtotal_visible_orders":true},{"id":"1595333654","title":"Tolex","description":"<p>Hier kannst Du Dir den Bezug f\u00fcr Deinen Captain Amp aussuchen.<\/p>\n","query_type":"category_ids","query_ids":[872],"default_option_id":13416,"thumbnail_id":"","thumbnail_src":"","quantity_min":1,"quantity_max":1,"priced_individually":true,"shipped_individually":false,"optional":false,"discount":"","options_style":"thumbnails","pagination_style":"load-more","display_prices":"absolute","show_sorting_options":false,"show_filtering_options":false,"attribute_filter_ids":[],"select_action":"view","product_title_visible":true,"product_descr_visible":true,"product_price_visible":true,"product_thumb_visible":true,"subtotal_visible_product":true,"subtotal_visible_cart":true,"subtotal_visible_orders":true},{"id":"1595334351","title":"Front","description":"<p>Hier kannst Du Dir die Frontbespannung f\u00fcr Deinen Verst\u00e4rker aussuchen.<\/p>\n","query_type":"category_ids","query_ids":[873],"default_option_id":13371,"thumbnail_id":"","thumbnail_src":"","quantity_min":1,"quantity_max":1,"priced_individually":true,"shipped_individually":false,"optional":true,"discount":"","options_style":"thumbnails","pagination_style":"load-more","display_prices":"absolute","show_sorting_options":false,"show_filtering_options":false,"attribute_filter_ids":[],"select_action":"view","product_title_visible":true,"product_descr_visible":true,"product_price_visible":true,"product_thumb_visible":true,"subtotal_visible_product":true,"subtotal_visible_cart":true,"subtotal_visible_orders":true},{"id":"1595604944","title":"Griff","description":"<p>Such dir einen Griff aus!<\/p>\n","query_type":"category_ids","query_ids":[880],"default_option_id":14969,"thumbnail_id":"","thumbnail_src":"","quantity_min":1,"quantity_max":1,"priced_individually":false,"shipped_individually":false,"optional":false,"discount":"","options_style":"thumbnails","pagination_style":"load-more","display_prices":"absolute","show_sorting_options":false,"show_filtering_options":false,"attribute_filter_ids":[],"select_action":"view","product_title_visible":true,"product_descr_visible":true,"product_price_visible":true,"product_thumb_visible":true,"subtotal_visible_product":true,"subtotal_visible_cart":true,"subtotal_visible_orders":true},{"id":"1595155676","title":"Speaker","description":"<p>Der standard-Speaker f\u00fcr den Captain V15 Combo ist der Celestion V-Type.<br \/>\nEr bietet den besten Kompromiss f\u00fcr perlige Cleansounds und rockige Zerrsounds.<br \/>\nSein ausgepr\u00e4gtes Mittenspektrum erinner sehr an die klassischen Greenbacks aus den fr\u00fchen 70er Jahren.<\/p>\n<p>Der Classic Lead 80 liefert etwas modernere Sounds mit mehr B\u00e4ssen und mehr Druck. Er ist nicht so mittig wie der V-Type. Und auch er hat nicht diese bissigen H\u00f6hen wie so viele moderne Lautsprecher.<\/p>\n<p>Alle Speaker bekommen einen 24hrs Captain Speaker Shakedown.<br \/>\nBeim 2x12\" Combo bitte die Anzahl Speaker auf 2 setzten!<\/p>\n<p>Auf Wunsch gibts auch Celestion Silver Alnicos oder Greenbacks aus den Sechziger- und Siebziger- Jahren (nach Verf\u00fcgbarkeit)<br \/>\nDann bitte \"No Speaker\" ausw\u00e4hlen.<\/p>\n","query_type":"product_ids","query_ids":[6648,13543],"default_option_id":"","thumbnail_id":13539,"thumbnail_src":"https:\/\/captain-guitar-lounge.com\/wp-content\/uploads\/2020\/07\/NO-Speaker.jpg","quantity_min":1,"quantity_max":1,"priced_individually":true,"shipped_individually":false,"optional":true,"discount":"","options_style":"radios","pagination_style":"classic","display_prices":"absolute","show_sorting_options":false,"show_filtering_options":false,"attribute_filter_ids":[],"select_action":"view","product_title_visible":true,"product_descr_visible":true,"product_price_visible":true,"product_thumb_visible":true,"subtotal_visible_product":true,"subtotal_visible_cart":true,"subtotal_visible_orders":true},{"id":"1595178968","title":"Easy Case Topteil TV-Front","description":"<p>Ein Flightcase sch\u00fctzt Deinen Captain Amp.<\/p>\n","query_type":"product_ids","query_ids":[15462],"default_option_id":"","thumbnail_id":13537,"thumbnail_src":"https:\/\/captain-guitar-lounge.com\/wp-content\/uploads\/2020\/07\/NO-Buddy-Easy-Case-Toipteil.jpg","quantity_min":1,"quantity_max":1,"priced_individually":true,"shipped_individually":false,"optional":true,"discount":"","options_style":"radios","pagination_style":"classic","display_prices":"absolute","show_sorting_options":false,"show_filtering_options":false,"attribute_filter_ids":[],"select_action":"view","product_title_visible":true,"product_descr_visible":true,"product_price_visible":true,"product_thumb_visible":true,"subtotal_visible_product":true,"subtotal_visible_cart":true,"subtotal_visible_orders":true},{"id":"1598783511","title":"Easy Case 1x12&quot; Combo TV-Front","description":"<p>Ein Flightcase sch\u00fctzt Deinen Captain Amp.<\/p>\n","query_type":"product_ids","query_ids":[15463],"default_option_id":15463,"thumbnail_id":"","thumbnail_src":"","quantity_min":1,"quantity_max":1,"priced_individually":true,"shipped_individually":false,"optional":false,"discount":"","options_style":"dropdowns","pagination_style":"classic","display_prices":"absolute","show_sorting_options":false,"show_filtering_options":false,"attribute_filter_ids":[],"select_action":"view","product_title_visible":true,"product_descr_visible":true,"product_price_visible":true,"product_thumb_visible":true,"subtotal_visible_product":true,"subtotal_visible_cart":true,"subtotal_visible_orders":true},{"id":"1595087289","title":"Easy Case Split-Front Combo 1x12&quot;","description":"<p>Ein Flightcase sch\u00fctzt Deinen Captain Amp.<\/p>\n","query_type":"product_ids","query_ids":[15132],"default_option_id":"","thumbnail_id":13536,"thumbnail_src":"https:\/\/captain-guitar-lounge.com\/wp-content\/uploads\/2020\/07\/NO-Buddy-Easy-Case-Combo.jpg","quantity_min":1,"quantity_max":1,"priced_individually":true,"shipped_individually":false,"optional":true,"discount":"","options_style":"radios","pagination_style":"classic","display_prices":"absolute","show_sorting_options":false,"show_filtering_options":false,"attribute_filter_ids":[],"select_action":"view","product_title_visible":true,"product_descr_visible":true,"product_price_visible":true,"product_thumb_visible":true,"subtotal_visible_product":true,"subtotal_visible_cart":true,"subtotal_visible_orders":true},{"id":"1598362886","title":"Easy Case Topteil California","description":"<p>Ein Flightcase sch\u00fctzt Deinen Captain Amp.<\/p>\n","query_type":"product_ids","query_ids":[15135],"default_option_id":"","thumbnail_id":13537,"thumbnail_src":"https:\/\/captain-guitar-lounge.com\/wp-content\/uploads\/2020\/07\/NO-Buddy-Easy-Case-Toipteil.jpg","quantity_min":1,"quantity_max":1,"priced_individually":true,"shipped_individually":false,"optional":true,"discount":"","options_style":"radios","pagination_style":"classic","display_prices":"absolute","show_sorting_options":false,"show_filtering_options":false,"attribute_filter_ids":[],"select_action":"view","product_title_visible":true,"product_descr_visible":true,"product_price_visible":true,"product_thumb_visible":true,"subtotal_visible_product":true,"subtotal_visible_cart":true,"subtotal_visible_orders":true}],"composite_scenarios":[{"id":"1595157934","name":"TV-Front Topteil ","description":"Beim Topteil braucht man keinen Lautsprecher","configuration":[{"component_id":"1595076743","options_modifier":"in","component_options":[15540]}],"actions":[{"action_id":"compat_group","is_active":false},{"action_id":"conditional_components","is_active":true,"hidden_components":["1595155676","1598783511","1595087289","1598362886"]},{"action_id":"conditional_options","is_active":false,"hidden_options":[]}],"enabled":true},{"id":"1595157757","name":"TV-Front Combo 1x12&quot; ","description":"","configuration":[{"component_id":"1595076743","options_modifier":"in","component_options":[15541]}],"actions":[{"action_id":"compat_group","is_active":false},{"action_id":"conditional_components","is_active":true,"hidden_components":["1595178968","1595087289","1598362886"]},{"action_id":"conditional_options","is_active":false,"hidden_options":[]}],"enabled":true},{"id":"1598783646","name":"Split-Front Combo 1x12&quot;","description":"","configuration":[{"component_id":"1595076743","options_modifier":"in","component_options":[15543]}],"actions":[{"action_id":"compat_group","is_active":false},{"action_id":"conditional_components","is_active":true,"hidden_components":["1595178968","1598783511","1598362886"]},{"action_id":"conditional_options","is_active":false,"hidden_options":[]}],"enabled":true},{"id":"1598363059","name":"Topteil California","description":"","configuration":[{"component_id":"1595076743","options_modifier":"in","component_options":[15542]}],"actions":[{"action_id":"compat_group","is_active":false},{"action_id":"conditional_components","is_active":true,"hidden_components":["1595334351","1595155676","1595178968","1598783511","1595087289"]},{"action_id":"conditional_options","is_active":false,"hidden_options":[]}],"enabled":true}],"pp_statuses_selecting_workflow":false,"pp_workflow_action":"current","pp_status_selection":"publish","yoast_head":"<!-- This site is optimized with the Yoast SEO plugin v26.8 - https:\/\/yoast.com\/product\/yoast-seo-wordpress\/ -->\n<title>Captain V15BR Amp - captain-guitar-lounge.com<\/title>\n<meta name=\"robots\" content=\"index, follow, max-snippet:-1, max-image-preview:large, max-video-preview:-1\" \/>\n<link rel=\"canonical\" href=\"https:\/\/captain-guitar-lounge.com\/en\/product\/captain-v15br-amp\/\" \/>\n<meta property=\"og:locale\" content=\"en_US\" \/>\n<meta property=\"og:type\" content=\"article\" \/>\n<meta property=\"og:title\" content=\"Captain V15BR Amp - captain-guitar-lounge.com\" \/>\n<meta property=\"og:description\" content=\"&nbsp;   Der Captain V15BR ist eine Weiterentwicklung des V15P. Die klangformende EF86 wurde beibehalten, genauso wie unkonventionelle Klangregelung mit einem 6-Stufigen Tone-Regler, der den Bass-Anteil regelt und dem Cut-Regler f\u00fcr die H\u00f6hen. Neu hingegen ist das B im Namen, das steht f\u00fcr Boost. Vor die EF86 kann eine Boost-Stufe geschaltet werden, was die Gain-Reseven des Amps immens erh\u00f6ht. Im Zusammenspiel mit dem Boost-Master kann man so zwei Setups einstellen und jeweis Gain und Lautst\u00e4rke aufeinander abstimmen. Dabei bleibt der Amp im Grunde ein Einkanaler, was der Dynamik, der Pr\u00e4zision und dem Grundton deutlich zu Gute kommt.   Hier kannst Du Dir hier Deinen Captain MV15BR Amp Schritt f\u00fcr Schritt individuell zusammenstellen.  Jeder Captain Amp ist ein individuelles Einzelst\u00fcck und wird f\u00fcr Dich in Handarbeit hergestellt. Daher sind Sonderw\u00fcnsche jederzeit m\u00f6glich, setzt Dich einfach mit uns in Verbindung und wir besprechen Deine Ideen.  Die Lieferzeit betr\u00e4gt je nach Optionen und Sonderw\u00fcnschen zwischen 8 und 16 Wochen.\" \/>\n<meta property=\"og:url\" content=\"https:\/\/captain-guitar-lounge.com\/en\/product\/captain-v15br-amp\/\" \/>\n<meta property=\"og:site_name\" content=\"captain-guitar-lounge.com\" \/>\n<meta property=\"article:publisher\" content=\"https:\/\/www.facebook.com\/Captain-Guitar-Lounge-140457272682315\/\" \/>\n<meta property=\"article:modified_time\" content=\"2021-10-01T11:27:47+00:00\" \/>\n<meta property=\"og:image\" content=\"https:\/\/captain-guitar-lounge.com\/wp-content\/uploads\/2020\/08\/Captain-V15-Amp.jpg\" \/>\n\t<meta property=\"og:image:width\" content=\"1224\" \/>\n\t<meta property=\"og:image:height\" content=\"1224\" \/>\n\t<meta property=\"og:image:type\" content=\"image\/jpeg\" \/>\n<meta name=\"twitter:card\" content=\"summary_large_image\" \/>\n<meta name=\"twitter:label1\" content=\"Est. reading time\" \/>\n\t<meta name=\"twitter:data1\" content=\"1 minute\" \/>\n<script type=\"application\/ld+json\" class=\"yoast-schema-graph\">{\"@context\":\"https:\/\/schema.org\",\"@graph\":[{\"@type\":\"WebPage\",\"@id\":\"https:\/\/captain-guitar-lounge.com\/en\/product\/captain-v15br-amp\/\",\"url\":\"https:\/\/captain-guitar-lounge.com\/en\/product\/captain-v15br-amp\/\",\"name\":\"Captain V15BR Amp - captain-guitar-lounge.com\",\"isPartOf\":{\"@id\":\"https:\/\/captain-guitar-lounge.com\/en\/#website\"},\"primaryImageOfPage\":{\"@id\":\"https:\/\/captain-guitar-lounge.com\/en\/product\/captain-v15br-amp\/#primaryimage\"},\"image\":{\"@id\":\"https:\/\/captain-guitar-lounge.com\/en\/product\/captain-v15br-amp\/#primaryimage\"},\"thumbnailUrl\":\"https:\/\/captain-guitar-lounge.com\/wp-content\/uploads\/2020\/08\/Captain-V15-Amp.jpg\",\"datePublished\":\"2020-08-31T10:53:22+00:00\",\"dateModified\":\"2021-10-01T11:27:47+00:00\",\"breadcrumb\":{\"@id\":\"https:\/\/captain-guitar-lounge.com\/en\/product\/captain-v15br-amp\/#breadcrumb\"},\"inLanguage\":\"en-US\",\"potentialAction\":[{\"@type\":\"ReadAction\",\"target\":[\"https:\/\/captain-guitar-lounge.com\/en\/product\/captain-v15br-amp\/\"]}]},{\"@type\":\"ImageObject\",\"inLanguage\":\"en-US\",\"@id\":\"https:\/\/captain-guitar-lounge.com\/en\/product\/captain-v15br-amp\/#primaryimage\",\"url\":\"https:\/\/captain-guitar-lounge.com\/wp-content\/uploads\/2020\/08\/Captain-V15-Amp.jpg\",\"contentUrl\":\"https:\/\/captain-guitar-lounge.com\/wp-content\/uploads\/2020\/08\/Captain-V15-Amp.jpg\",\"width\":1224,\"height\":1224},{\"@type\":\"BreadcrumbList\",\"@id\":\"https:\/\/captain-guitar-lounge.com\/en\/product\/captain-v15br-amp\/#breadcrumb\",\"itemListElement\":[{\"@type\":\"ListItem\",\"position\":1,\"name\":\"Startseite\",\"item\":\"https:\/\/captain-guitar-lounge.com\/en\/\"},{\"@type\":\"ListItem\",\"position\":2,\"name\":\"Shop\",\"item\":\"https:\/\/captain-guitar-lounge.com\/shop\/\"},{\"@type\":\"ListItem\",\"position\":3,\"name\":\"Captain V15BR Amp\"}]},{\"@type\":\"WebSite\",\"@id\":\"https:\/\/captain-guitar-lounge.com\/en\/#website\",\"url\":\"https:\/\/captain-guitar-lounge.com\/en\/\",\"name\":\"captain-guitar-lounge.com\",\"description\":\"Fine Amps and Guitars and more\",\"potentialAction\":[{\"@type\":\"SearchAction\",\"target\":{\"@type\":\"EntryPoint\",\"urlTemplate\":\"https:\/\/captain-guitar-lounge.com\/en\/?s={search_term_string}\"},\"query-input\":{\"@type\":\"PropertyValueSpecification\",\"valueRequired\":true,\"valueName\":\"search_term_string\"}}],\"inLanguage\":\"en-US\"}]}<\/script>\n<!-- \/ Yoast SEO plugin. -->","yoast_head_json":{"title":"Captain V15BR Amp - captain-guitar-lounge.com","robots":{"index":"index","follow":"follow","max-snippet":"max-snippet:-1","max-image-preview":"max-image-preview:large","max-video-preview":"max-video-preview:-1"},"canonical":"https:\/\/captain-guitar-lounge.com\/en\/product\/captain-v15br-amp\/","og_locale":"en_US","og_type":"article","og_title":"Captain V15BR Amp - captain-guitar-lounge.com","og_description":"&nbsp;   Der Captain V15BR ist eine Weiterentwicklung des V15P. Die klangformende EF86 wurde beibehalten, genauso wie unkonventionelle Klangregelung mit einem 6-Stufigen Tone-Regler, der den Bass-Anteil regelt und dem Cut-Regler f\u00fcr die H\u00f6hen. Neu hingegen ist das B im Namen, das steht f\u00fcr Boost. Vor die EF86 kann eine Boost-Stufe geschaltet werden, was die Gain-Reseven des Amps immens erh\u00f6ht. Im Zusammenspiel mit dem Boost-Master kann man so zwei Setups einstellen und jeweis Gain und Lautst\u00e4rke aufeinander abstimmen. Dabei bleibt der Amp im Grunde ein Einkanaler, was der Dynamik, der Pr\u00e4zision und dem Grundton deutlich zu Gute kommt.   Hier kannst Du Dir hier Deinen Captain MV15BR Amp Schritt f\u00fcr Schritt individuell zusammenstellen.  Jeder Captain Amp ist ein individuelles Einzelst\u00fcck und wird f\u00fcr Dich in Handarbeit hergestellt. Daher sind Sonderw\u00fcnsche jederzeit m\u00f6glich, setzt Dich einfach mit uns in Verbindung und wir besprechen Deine Ideen.  Die Lieferzeit betr\u00e4gt je nach Optionen und Sonderw\u00fcnschen zwischen 8 und 16 Wochen.","og_url":"https:\/\/captain-guitar-lounge.com\/en\/product\/captain-v15br-amp\/","og_site_name":"captain-guitar-lounge.com","article_publisher":"https:\/\/www.facebook.com\/Captain-Guitar-Lounge-140457272682315\/","article_modified_time":"2021-10-01T11:27:47+00:00","og_image":[{"width":1224,"height":1224,"url":"https:\/\/captain-guitar-lounge.com\/wp-content\/uploads\/2020\/08\/Captain-V15-Amp.jpg","type":"image\/jpeg"}],"twitter_card":"summary_large_image","twitter_misc":{"Est. reading time":"1 minute"},"schema":{"@context":"https:\/\/schema.org","@graph":[{"@type":"WebPage","@id":"https:\/\/captain-guitar-lounge.com\/en\/product\/captain-v15br-amp\/","url":"https:\/\/captain-guitar-lounge.com\/en\/product\/captain-v15br-amp\/","name":"Captain V15BR Amp - captain-guitar-lounge.com","isPartOf":{"@id":"https:\/\/captain-guitar-lounge.com\/en\/#website"},"primaryImageOfPage":{"@id":"https:\/\/captain-guitar-lounge.com\/en\/product\/captain-v15br-amp\/#primaryimage"},"image":{"@id":"https:\/\/captain-guitar-lounge.com\/en\/product\/captain-v15br-amp\/#primaryimage"},"thumbnailUrl":"https:\/\/captain-guitar-lounge.com\/wp-content\/uploads\/2020\/08\/Captain-V15-Amp.jpg","datePublished":"2020-08-31T10:53:22+00:00","dateModified":"2021-10-01T11:27:47+00:00","breadcrumb":{"@id":"https:\/\/captain-guitar-lounge.com\/en\/product\/captain-v15br-amp\/#breadcrumb"},"inLanguage":"en-US","potentialAction":[{"@type":"ReadAction","target":["https:\/\/captain-guitar-lounge.com\/en\/product\/captain-v15br-amp\/"]}]},{"@type":"ImageObject","inLanguage":"en-US","@id":"https:\/\/captain-guitar-lounge.com\/en\/product\/captain-v15br-amp\/#primaryimage","url":"https:\/\/captain-guitar-lounge.com\/wp-content\/uploads\/2020\/08\/Captain-V15-Amp.jpg","contentUrl":"https:\/\/captain-guitar-lounge.com\/wp-content\/uploads\/2020\/08\/Captain-V15-Amp.jpg","width":1224,"height":1224},{"@type":"BreadcrumbList","@id":"https:\/\/captain-guitar-lounge.com\/en\/product\/captain-v15br-amp\/#breadcrumb","itemListElement":[{"@type":"ListItem","position":1,"name":"Startseite","item":"https:\/\/captain-guitar-lounge.com\/en\/"},{"@type":"ListItem","position":2,"name":"Shop","item":"https:\/\/captain-guitar-lounge.com\/shop\/"},{"@type":"ListItem","position":3,"name":"Captain V15BR Amp"}]},{"@type":"WebSite","@id":"https:\/\/captain-guitar-lounge.com\/en\/#website","url":"https:\/\/captain-guitar-lounge.com\/en\/","name":"captain-guitar-lounge.com","description":"Fine Amps and Guitars and more","potentialAction":[{"@type":"SearchAction","target":{"@type":"EntryPoint","urlTemplate":"https:\/\/captain-guitar-lounge.com\/en\/?s={search_term_string}"},"query-input":{"@type":"PropertyValueSpecification","valueRequired":true,"valueName":"search_term_string"}}],"inLanguage":"en-US"}]}},"_links":{"self":[{"href":"https:\/\/captain-guitar-lounge.com\/en\/wp-json\/wp\/v2\/product\/15424","targetHints":{"allow":["GET"]}}],"collection":[{"href":"https:\/\/captain-guitar-lounge.com\/en\/wp-json\/wp\/v2\/product"}],"about":[{"href":"https:\/\/captain-guitar-lounge.com\/en\/wp-json\/wp\/v2\/types\/product"}],"replies":[{"embeddable":true,"href":"https:\/\/captain-guitar-lounge.com\/en\/wp-json\/wp\/v2\/comments?post=15424"}],"wp:featuredmedia":[{"embeddable":true,"href":"https:\/\/captain-guitar-lounge.com\/en\/wp-json\/wp\/v2\/media\/15498"}],"wp:attachment":[{"href":"https:\/\/captain-guitar-lounge.com\/en\/wp-json\/wp\/v2\/media?parent=15424"}],"wp:term":[{"taxonomy":"product_brand","embeddable":true,"href":"https:\/\/captain-guitar-lounge.com\/en\/wp-json\/wp\/v2\/product_brand?post=15424"},{"taxonomy":"product_cat","embeddable":true,"href":"https:\/\/captain-guitar-lounge.com\/en\/wp-json\/wp\/v2\/product_cat?post=15424"},{"taxonomy":"product_tag","embeddable":true,"href":"https:\/\/captain-guitar-lounge.com\/en\/wp-json\/wp\/v2\/product_tag?post=15424"}],"curies":[{"name":"wp","href":"https:\/\/api.w.org\/{rel}","templated":true}]}}