{"id":15464,"date":"2020-08-31T10:26:38","date_gmt":"2020-08-31T08:26:38","guid":{"rendered":"https:\/\/captain-guitar-lounge.com\/?p=15464&#038;post_type=product&#038;preview_id=15464"},"modified":"2021-10-01T13:27:48","modified_gmt":"2021-10-01T11:27:48","slug":"captain-m100m-sixtyeight-amp","status":"publish","type":"product","link":"https:\/\/captain-guitar-lounge.com\/en\/product\/captain-m100m-sixtyeight-amp\/","title":{"rendered":"Captain M100M SixtyEight Amp"},"content":{"rendered":"<div class=\"n module-type-textWithImage diyfeLiveArea \">\n<div id=\"textWithImage-5801449168\" class=\"clearover \">\n<div class=\"textwrapper\">\n<p>Es hat eine Weile gedauert, bis wir uns an die K\u00f6nigsdisziplin gewagt haben. Der Aufwand war doch enorm, denn wir wollten so nah wie m\u00f6glich an den Original-Sound rankommen.<br \/>\nAls Erstes war Grundlagenforschung angesagt. Wann hat sich was ge\u00e4ndert bei den fr\u00fchen Plexis?<br \/>\nDie Wahrheit ist: Von <strong>Ende 1965 bis Mitte 1969<\/strong> gab es nicht weniger als <strong>13 Varianten<\/strong> der 100Watt Plexi Amps!<\/p>\n<\/div>\n<\/div>\n<\/div>\n<div class=\"n module-type-text diyfeLiveArea \">\n<p>Beim <strong>Captain M100 <\/strong>haben wir uns an der Variante orientiert, die nur 5 Monate lang von Mitte bis Ende 1968 gebaut wurde, unter Sammlern 7B genannt. Hier sind die Betriebsspannungen in einem Bereich, der f\u00fcr aktuelle EL34 Endstufenr\u00f6hren keine Gefahr darstellt. Ausserdem klingen diese Amps unbeschreiblich gut und haben die beste Mischung aus knallhartem Attack und federnder Dynamik.<\/p>\n<div class=\"n module-type-textWithImage diyfeLiveArea \">\n<div id=\"textWithImage-5801450433\" class=\"clearover \">\n<div class=\"textwrapper\">\n<p>7B ist die letzte Version mit gemeinsamem Filter-Cap f\u00fcr V1 und V2, hier allerdings schon auf dem Chassis montiert. Bis Juni 68 war er noch auf dem Board. \u00dcberhaupt betreffen die meisten \u00c4nderungen zwischen Februar 1967 und Dezember 1968 die Elkos im Netzteil.<br \/>\n<strong>Weil es diese fr\u00fchen Turretboards f\u00fcr die Elkos aber nirgends zu kaufen gibt fertigen wir sie selbst an. Und das Vorstufen-Board auch gleich mit.<\/strong><\/p>\n<\/div>\n<\/div>\n<\/div>\n<div class=\"n module-type-text diyfeLiveArea \">\n<p>Die zweite gro\u00dfe H\u00fcrde war die <strong>Bauteilbeschaffung<\/strong>. Da jedes Bauteil seinen Beitrag zum Ton hat, haben wir versucht, soviel wie m\u00f6glich originale Bauteile zu verwenden.<br \/>\n<strong>NOS Mustard Caps<\/strong> und Kohleschichtwiderst\u00e4nde sind einfach ein Mu\u00df f\u00fcr einen originalgetreuen Ton. Aber auch die passenden Kabel und sogar Messingschrauben haben wir besorgt.<\/p>\n<div class=\"n module-type-textWithImage diyfeLiveArea \">\n<div id=\"textWithImage-5801450885\" class=\"clearover \">\n<div class=\"textwrapper\">\n<p>Bei den Transformatoren viel die Wahl nat\u00fcrlich wieder auf <strong>Mercury Magnetics<\/strong>. Es gibt einfach keine authentischeren Trafos am Markt. Der <strong>O100JM<\/strong> aus der TONECLONE Serie ist eine perfekte Replika des damals verwendeten Dagnall C1998.<br \/>\nAls Drossel verwenden wir die <strong>RadioSpares<\/strong> mit 20H, die zwar schon Ende 1967 von der Dagnall C1999 abgel\u00f6st wurde und nur noch sporadisch zum Einsatz kam, aber einfach einen knackigeren Ton macht.<\/p>\n<p>So entstand in monatelanger Entwicklungsarbeit ein Verst\u00e4rker, der so nah am Original ist wie sonst keiner. Er hat exakt diese<strong> brutale Dynamik<\/strong> die jeder sucht, der schon einmal einen fr\u00fchen Plexi angespielt hat. Weiter aufgedreht setzt eine cremige Verzerrung ein, die per Anschlag und Volume-Poti an der Gitarre fein dosiert werden kann.<\/p>\n<p>Um das Lautst\u00e4rke-Problem in den Griff zu bekommen haben wir uns f\u00fcr einen <strong>PPIMV-Master<\/strong> entschieden. Der funktioniert einfach perfekt und beeinflu\u00dft den Sound nur unwesentlich.<\/p>\n<\/div>\n<\/div>\n<\/div>\n<\/div>\n<\/div>\n<p>Und um Platz f\u00fcr den Master zu schaffen haben wir einfach zwei Eingangsbuchsen weggelassen. Intern ist die Schaltung jedoch unver\u00e4ndert, die beiden Eing\u00e4nge sind gekoppelt und immer noch \u00fcber die beiden Volume-Regler einstell- und mischbar. <strong>Das Patch-Kabel ist quasi schon eingebaut!<\/strong><\/p>\n<p>Und noch eine kleine Ver\u00e4nderung haben wir uns geg\u00f6nnt: Der <strong>Boost-Schalter<\/strong> an der R\u00fcckwand hebt die Verst\u00e4rkung in der Vorstufe an und sorgt so auf Wunsch f\u00fcr eine <strong>sattere Verzerrung<\/strong>.<\/p>\n<p><strong>Technische Daten Captain M100 Amp<\/strong><\/p>\n<ul>\n<li>Vollr\u00f6hrenverst\u00e4rker in Class AB<\/li>\n<li>Originalgetreuer Handwired Aufbau<\/li>\n<li>Viele Originalbauteile<\/li>\n<li>Mercury Magnetics Transformatoren<\/li>\n<li>ca. 100W aus 4x EL34<\/li>\n<li>Zwei Boxenanschl\u00fcsse mit Wahlschalter f\u00fcr 4, 8 und 16Ohm<\/li>\n<li>Gravierte Captain Frontplatte mit PPIMV-Master Regler<\/li>\n<li>Boost-Schalter an der R\u00fcckseite<\/li>\n<li>Geh\u00e4use: Birke Multiplex 74cm x 21,5cm x 27,5cm, ca. 16,5kg<\/li>\n<li>Captain Easy Case auf Wunsch<\/li>\n<\/ul>\n<p>(technische \u00c4nderungen vorbehalten)<\/p>\n<p>&nbsp;<\/p>\n<p>&nbsp;<\/p>\n","protected":false},"excerpt":{"rendered":"<p>&nbsp;<\/p>\n<p>Die Basis f\u00fcr den <strong>Captain M100 <\/strong>ist der Plexi Super Lead von <strong>1968<\/strong>. Das gr\u00f6\u00dfte Problem des Originals ist (neben der Verf\u00fcgbarkeit und dem Preis) die <strong>abartige Lautst\u00e4rke<\/strong>.<br \/>\nWas in der M\u00fcnchner Olympia-Halle oder in Woodstock kein Problem war, stellt die Gitarristen von heute vor ein echtes Problem: Bis der Amp ein bischen atmen kann und klingt, ist es schon viel zu laut f\u00fcr den Bandraum oder den Club-Gig.<br \/>\nStatt eines Power Soak, das ab einer bestimmten D\u00e4mpfung immer Sound- und Dynamikeinbussen mit sich bringt, haben wir uns f\u00fcr einen PPIMV-Master entschieden. Das macht den 100 Watt Plexi endlich alltagstauglich und man kann seine unglaubliche Dynamik in vollen Z\u00fcgen geniessen.<\/p>\n<p><strong>Hier kannst Du Dir hier Deinen Captain M100 Amp Schritt f\u00fcr Schritt individuell zusammenstellen.<\/strong><\/p>\n<p>Jeder Captain Amp ist ein<strong> individuelles Einzelst\u00fcck<\/strong> und wird f\u00fcr Dich in <strong>Handarbeit<\/strong> hergestellt.<br \/>\nDaher sind <strong>Sonderw\u00fcnsche<\/strong> jederzeit m\u00f6glich, setzt Dich einfach mit uns in Verbindung und wir besprechen Deine Ideen.<\/p>\n<p>Die Lieferzeit betr\u00e4gt je nach Optionen und Sonderw\u00fcnschen zwischen 8 und 16 Wochen.<\/p>\n","protected":false},"featured_media":15488,"comment_status":"closed","ping_status":"closed","template":"","meta":{"_et_pb_use_builder":"off","_et_pb_old_content":"Test Gruppiertes Produkt","_et_gb_content_width":""},"product_brand":[],"product_cat":[871],"product_tag":[],"class_list":{"0":"post-15464","1":"product","2":"type-product","3":"status-publish","4":"has-post-thumbnail","6":"product_cat-pure-captain-amps","7":"product_shipping_class-standard","8":"pa_amp-features-boost","9":"pa_amp-features-master-volume","10":"pa_artikelzustand-neuer-artikel","11":"pa_captain-amp-leistung-bis-100-watt","12":"pa_captain-amp-serie-pure-captain-amps","13":"pa_captain-amp-style-british","14":"pa_captain-amp-style-captain-style","15":"pa_captain-amp-tubes-el34","17":"first","18":"onbackorder","19":"taxable","20":"shipping-taxable","21":"purchasable","22":"product-type-composite"},"composite_virtual":false,"composite_layout":"paged","composite_add_to_cart_form_location":"after_summary","composite_editable_in_cart":true,"composite_sold_individually_context":"product","composite_shop_price_calc":"defaults","composite_components":[{"id":"1595424757","title":"Frontplatte","description":"<p>Als erstes kannst Du die Farbe der Frontplatte w\u00e4hlen.<\/p>\n","query_type":"category_ids","query_ids":[964],"default_option_id":"","thumbnail_id":"","thumbnail_src":"","quantity_min":1,"quantity_max":1,"priced_individually":false,"shipped_individually":false,"optional":false,"discount":"","options_style":"thumbnails","pagination_style":"load-more","display_prices":"absolute","show_sorting_options":false,"show_filtering_options":false,"attribute_filter_ids":[],"select_action":"view","product_title_visible":true,"product_descr_visible":true,"product_price_visible":true,"product_thumb_visible":true,"subtotal_visible_product":true,"subtotal_visible_cart":true,"subtotal_visible_orders":true},{"id":"1598279145","title":"Kn\u00f6pfe","description":"<p>Hier kannst du die Kn\u00f6pfe f\u00fcr Deinen Amp aussuchen.<\/p>\n","query_type":"category_ids","query_ids":[965],"default_option_id":"","thumbnail_id":"","thumbnail_src":"","quantity_min":1,"quantity_max":1,"priced_individually":false,"shipped_individually":false,"optional":false,"discount":"","options_style":"thumbnails","pagination_style":"load-more","display_prices":"absolute","show_sorting_options":false,"show_filtering_options":false,"attribute_filter_ids":[],"select_action":"view","product_title_visible":true,"product_descr_visible":true,"product_price_visible":true,"product_thumb_visible":true,"subtotal_visible_product":true,"subtotal_visible_cart":true,"subtotal_visible_orders":true},{"id":"1595333654","title":"Tolex","description":"<p>Dann kannst Du Dir den Bezug f\u00fcr Deinen M100 aussuchen.<\/p>\n","query_type":"category_ids","query_ids":[872],"default_option_id":13439,"thumbnail_id":"","thumbnail_src":"","quantity_min":1,"quantity_max":1,"priced_individually":true,"shipped_individually":false,"optional":false,"discount":"","options_style":"thumbnails","pagination_style":"load-more","display_prices":"absolute","show_sorting_options":false,"show_filtering_options":false,"attribute_filter_ids":[],"select_action":"view","product_title_visible":true,"product_descr_visible":true,"product_price_visible":true,"product_thumb_visible":true,"subtotal_visible_product":true,"subtotal_visible_cart":true,"subtotal_visible_orders":true},{"id":"1595604944","title":"Griff","description":"<p>Such dir einen Griff aus!<\/p>\n","query_type":"category_ids","query_ids":[880],"default_option_id":"","thumbnail_id":"","thumbnail_src":"","quantity_min":1,"quantity_max":1,"priced_individually":false,"shipped_individually":false,"optional":false,"discount":"","options_style":"thumbnails","pagination_style":"load-more","display_prices":"absolute","show_sorting_options":false,"show_filtering_options":false,"attribute_filter_ids":[],"select_action":"view","product_title_visible":true,"product_descr_visible":true,"product_price_visible":true,"product_thumb_visible":true,"subtotal_visible_product":true,"subtotal_visible_cart":true,"subtotal_visible_orders":true},{"id":"1598362886","title":"Easy Case Topteil Big Box","description":"<p>Ein Flightcase sch\u00fctzt Deinen Captain Amp.<\/p>\n","query_type":"product_ids","query_ids":[15407],"default_option_id":"","thumbnail_id":13537,"thumbnail_src":"https:\/\/captain-guitar-lounge.com\/wp-content\/uploads\/2020\/07\/NO-Buddy-Easy-Case-Toipteil.jpg","quantity_min":1,"quantity_max":1,"priced_individually":true,"shipped_individually":false,"optional":true,"discount":"","options_style":"radios","pagination_style":"classic","display_prices":"absolute","show_sorting_options":false,"show_filtering_options":false,"attribute_filter_ids":[],"select_action":"view","product_title_visible":true,"product_descr_visible":true,"product_price_visible":true,"product_thumb_visible":true,"subtotal_visible_product":true,"subtotal_visible_cart":true,"subtotal_visible_orders":true}],"composite_scenarios":[],"pp_statuses_selecting_workflow":false,"pp_workflow_action":"current","pp_status_selection":"publish","yoast_head":"<!-- This site is optimized with the Yoast SEO plugin v26.8 - https:\/\/yoast.com\/product\/yoast-seo-wordpress\/ -->\n<title>Captain M100M SixtyEight Amp - captain-guitar-lounge.com<\/title>\n<meta name=\"robots\" content=\"index, follow, max-snippet:-1, max-image-preview:large, max-video-preview:-1\" \/>\n<link rel=\"canonical\" href=\"https:\/\/captain-guitar-lounge.com\/en\/product\/captain-m100m-sixtyeight-amp\/\" \/>\n<meta property=\"og:locale\" content=\"en_US\" \/>\n<meta property=\"og:type\" content=\"article\" \/>\n<meta property=\"og:title\" content=\"Captain M100M SixtyEight Amp - captain-guitar-lounge.com\" \/>\n<meta property=\"og:description\" content=\"&nbsp;  Die Basis f\u00fcr den Captain M100 ist der Plexi Super Lead von 1968. Das gr\u00f6\u00dfte Problem des Originals ist (neben der Verf\u00fcgbarkeit und dem Preis) die abartige Lautst\u00e4rke. Was in der M\u00fcnchner Olympia-Halle oder in Woodstock kein Problem war, stellt die Gitarristen von heute vor ein echtes Problem: Bis der Amp ein bischen atmen kann und klingt, ist es schon viel zu laut f\u00fcr den Bandraum oder den Club-Gig. Statt eines Power Soak, das ab einer bestimmten D\u00e4mpfung immer Sound- und Dynamikeinbussen mit sich bringt, haben wir uns f\u00fcr einen PPIMV-Master entschieden. Das macht den 100 Watt Plexi endlich alltagstauglich und man kann seine unglaubliche Dynamik in vollen Z\u00fcgen geniessen.  Hier kannst Du Dir hier Deinen Captain M100 Amp Schritt f\u00fcr Schritt individuell zusammenstellen.  Jeder Captain Amp ist ein individuelles Einzelst\u00fcck und wird f\u00fcr Dich in Handarbeit hergestellt. Daher sind Sonderw\u00fcnsche jederzeit m\u00f6glich, setzt Dich einfach mit uns in Verbindung und wir besprechen Deine Ideen.  Die Lieferzeit betr\u00e4gt je nach Optionen und Sonderw\u00fcnschen zwischen 8 und 16 Wochen.\" \/>\n<meta property=\"og:url\" content=\"https:\/\/captain-guitar-lounge.com\/en\/product\/captain-m100m-sixtyeight-amp\/\" \/>\n<meta property=\"og:site_name\" content=\"captain-guitar-lounge.com\" \/>\n<meta property=\"article:publisher\" content=\"https:\/\/www.facebook.com\/Captain-Guitar-Lounge-140457272682315\/\" \/>\n<meta property=\"article:modified_time\" content=\"2021-10-01T11:27:48+00:00\" \/>\n<meta property=\"og:image\" content=\"https:\/\/captain-guitar-lounge.com\/wp-content\/uploads\/2020\/08\/Captain-M100.jpg\" \/>\n\t<meta property=\"og:image:width\" content=\"768\" \/>\n\t<meta property=\"og:image:height\" content=\"768\" \/>\n\t<meta property=\"og:image:type\" content=\"image\/jpeg\" \/>\n<meta name=\"twitter:card\" content=\"summary_large_image\" \/>\n<meta name=\"twitter:label1\" content=\"Est. reading time\" \/>\n\t<meta name=\"twitter:data1\" content=\"3 minutes\" \/>\n<script type=\"application\/ld+json\" class=\"yoast-schema-graph\">{\"@context\":\"https:\/\/schema.org\",\"@graph\":[{\"@type\":\"WebPage\",\"@id\":\"https:\/\/captain-guitar-lounge.com\/en\/product\/captain-m100m-sixtyeight-amp\/\",\"url\":\"https:\/\/captain-guitar-lounge.com\/en\/product\/captain-m100m-sixtyeight-amp\/\",\"name\":\"Captain M100M SixtyEight Amp - captain-guitar-lounge.com\",\"isPartOf\":{\"@id\":\"https:\/\/captain-guitar-lounge.com\/en\/#website\"},\"primaryImageOfPage\":{\"@id\":\"https:\/\/captain-guitar-lounge.com\/en\/product\/captain-m100m-sixtyeight-amp\/#primaryimage\"},\"image\":{\"@id\":\"https:\/\/captain-guitar-lounge.com\/en\/product\/captain-m100m-sixtyeight-amp\/#primaryimage\"},\"thumbnailUrl\":\"https:\/\/captain-guitar-lounge.com\/wp-content\/uploads\/2020\/08\/Captain-M100.jpg\",\"datePublished\":\"2020-08-31T08:26:38+00:00\",\"dateModified\":\"2021-10-01T11:27:48+00:00\",\"breadcrumb\":{\"@id\":\"https:\/\/captain-guitar-lounge.com\/en\/product\/captain-m100m-sixtyeight-amp\/#breadcrumb\"},\"inLanguage\":\"en-US\",\"potentialAction\":[{\"@type\":\"ReadAction\",\"target\":[\"https:\/\/captain-guitar-lounge.com\/en\/product\/captain-m100m-sixtyeight-amp\/\"]}]},{\"@type\":\"ImageObject\",\"inLanguage\":\"en-US\",\"@id\":\"https:\/\/captain-guitar-lounge.com\/en\/product\/captain-m100m-sixtyeight-amp\/#primaryimage\",\"url\":\"https:\/\/captain-guitar-lounge.com\/wp-content\/uploads\/2020\/08\/Captain-M100.jpg\",\"contentUrl\":\"https:\/\/captain-guitar-lounge.com\/wp-content\/uploads\/2020\/08\/Captain-M100.jpg\",\"width\":768,\"height\":768},{\"@type\":\"BreadcrumbList\",\"@id\":\"https:\/\/captain-guitar-lounge.com\/en\/product\/captain-m100m-sixtyeight-amp\/#breadcrumb\",\"itemListElement\":[{\"@type\":\"ListItem\",\"position\":1,\"name\":\"Startseite\",\"item\":\"https:\/\/captain-guitar-lounge.com\/en\/captain-guitar-lounge\/\"},{\"@type\":\"ListItem\",\"position\":2,\"name\":\"Shop\",\"item\":\"https:\/\/captain-guitar-lounge.com\/shop\/\"},{\"@type\":\"ListItem\",\"position\":3,\"name\":\"Captain M100M SixtyEight Amp\"}]},{\"@type\":\"WebSite\",\"@id\":\"https:\/\/captain-guitar-lounge.com\/en\/#website\",\"url\":\"https:\/\/captain-guitar-lounge.com\/en\/\",\"name\":\"captain-guitar-lounge.com\",\"description\":\"Fine Amps and Guitars and more\",\"potentialAction\":[{\"@type\":\"SearchAction\",\"target\":{\"@type\":\"EntryPoint\",\"urlTemplate\":\"https:\/\/captain-guitar-lounge.com\/en\/?s={search_term_string}\"},\"query-input\":{\"@type\":\"PropertyValueSpecification\",\"valueRequired\":true,\"valueName\":\"search_term_string\"}}],\"inLanguage\":\"en-US\"}]}<\/script>\n<!-- \/ Yoast SEO plugin. -->","yoast_head_json":{"title":"Captain M100M SixtyEight Amp - captain-guitar-lounge.com","robots":{"index":"index","follow":"follow","max-snippet":"max-snippet:-1","max-image-preview":"max-image-preview:large","max-video-preview":"max-video-preview:-1"},"canonical":"https:\/\/captain-guitar-lounge.com\/en\/product\/captain-m100m-sixtyeight-amp\/","og_locale":"en_US","og_type":"article","og_title":"Captain M100M SixtyEight Amp - captain-guitar-lounge.com","og_description":"&nbsp;  Die Basis f\u00fcr den Captain M100 ist der Plexi Super Lead von 1968. Das gr\u00f6\u00dfte Problem des Originals ist (neben der Verf\u00fcgbarkeit und dem Preis) die abartige Lautst\u00e4rke. Was in der M\u00fcnchner Olympia-Halle oder in Woodstock kein Problem war, stellt die Gitarristen von heute vor ein echtes Problem: Bis der Amp ein bischen atmen kann und klingt, ist es schon viel zu laut f\u00fcr den Bandraum oder den Club-Gig. Statt eines Power Soak, das ab einer bestimmten D\u00e4mpfung immer Sound- und Dynamikeinbussen mit sich bringt, haben wir uns f\u00fcr einen PPIMV-Master entschieden. Das macht den 100 Watt Plexi endlich alltagstauglich und man kann seine unglaubliche Dynamik in vollen Z\u00fcgen geniessen.  Hier kannst Du Dir hier Deinen Captain M100 Amp Schritt f\u00fcr Schritt individuell zusammenstellen.  Jeder Captain Amp ist ein individuelles Einzelst\u00fcck und wird f\u00fcr Dich in Handarbeit hergestellt. Daher sind Sonderw\u00fcnsche jederzeit m\u00f6glich, setzt Dich einfach mit uns in Verbindung und wir besprechen Deine Ideen.  Die Lieferzeit betr\u00e4gt je nach Optionen und Sonderw\u00fcnschen zwischen 8 und 16 Wochen.","og_url":"https:\/\/captain-guitar-lounge.com\/en\/product\/captain-m100m-sixtyeight-amp\/","og_site_name":"captain-guitar-lounge.com","article_publisher":"https:\/\/www.facebook.com\/Captain-Guitar-Lounge-140457272682315\/","article_modified_time":"2021-10-01T11:27:48+00:00","og_image":[{"width":768,"height":768,"url":"https:\/\/captain-guitar-lounge.com\/wp-content\/uploads\/2020\/08\/Captain-M100.jpg","type":"image\/jpeg"}],"twitter_card":"summary_large_image","twitter_misc":{"Est. reading time":"3 minutes"},"schema":{"@context":"https:\/\/schema.org","@graph":[{"@type":"WebPage","@id":"https:\/\/captain-guitar-lounge.com\/en\/product\/captain-m100m-sixtyeight-amp\/","url":"https:\/\/captain-guitar-lounge.com\/en\/product\/captain-m100m-sixtyeight-amp\/","name":"Captain M100M SixtyEight Amp - captain-guitar-lounge.com","isPartOf":{"@id":"https:\/\/captain-guitar-lounge.com\/en\/#website"},"primaryImageOfPage":{"@id":"https:\/\/captain-guitar-lounge.com\/en\/product\/captain-m100m-sixtyeight-amp\/#primaryimage"},"image":{"@id":"https:\/\/captain-guitar-lounge.com\/en\/product\/captain-m100m-sixtyeight-amp\/#primaryimage"},"thumbnailUrl":"https:\/\/captain-guitar-lounge.com\/wp-content\/uploads\/2020\/08\/Captain-M100.jpg","datePublished":"2020-08-31T08:26:38+00:00","dateModified":"2021-10-01T11:27:48+00:00","breadcrumb":{"@id":"https:\/\/captain-guitar-lounge.com\/en\/product\/captain-m100m-sixtyeight-amp\/#breadcrumb"},"inLanguage":"en-US","potentialAction":[{"@type":"ReadAction","target":["https:\/\/captain-guitar-lounge.com\/en\/product\/captain-m100m-sixtyeight-amp\/"]}]},{"@type":"ImageObject","inLanguage":"en-US","@id":"https:\/\/captain-guitar-lounge.com\/en\/product\/captain-m100m-sixtyeight-amp\/#primaryimage","url":"https:\/\/captain-guitar-lounge.com\/wp-content\/uploads\/2020\/08\/Captain-M100.jpg","contentUrl":"https:\/\/captain-guitar-lounge.com\/wp-content\/uploads\/2020\/08\/Captain-M100.jpg","width":768,"height":768},{"@type":"BreadcrumbList","@id":"https:\/\/captain-guitar-lounge.com\/en\/product\/captain-m100m-sixtyeight-amp\/#breadcrumb","itemListElement":[{"@type":"ListItem","position":1,"name":"Startseite","item":"https:\/\/captain-guitar-lounge.com\/en\/captain-guitar-lounge\/"},{"@type":"ListItem","position":2,"name":"Shop","item":"https:\/\/captain-guitar-lounge.com\/shop\/"},{"@type":"ListItem","position":3,"name":"Captain M100M SixtyEight Amp"}]},{"@type":"WebSite","@id":"https:\/\/captain-guitar-lounge.com\/en\/#website","url":"https:\/\/captain-guitar-lounge.com\/en\/","name":"captain-guitar-lounge.com","description":"Fine Amps and Guitars and more","potentialAction":[{"@type":"SearchAction","target":{"@type":"EntryPoint","urlTemplate":"https:\/\/captain-guitar-lounge.com\/en\/?s={search_term_string}"},"query-input":{"@type":"PropertyValueSpecification","valueRequired":true,"valueName":"search_term_string"}}],"inLanguage":"en-US"}]}},"_links":{"self":[{"href":"https:\/\/captain-guitar-lounge.com\/en\/wp-json\/wp\/v2\/product\/15464","targetHints":{"allow":["GET"]}}],"collection":[{"href":"https:\/\/captain-guitar-lounge.com\/en\/wp-json\/wp\/v2\/product"}],"about":[{"href":"https:\/\/captain-guitar-lounge.com\/en\/wp-json\/wp\/v2\/types\/product"}],"replies":[{"embeddable":true,"href":"https:\/\/captain-guitar-lounge.com\/en\/wp-json\/wp\/v2\/comments?post=15464"}],"wp:featuredmedia":[{"embeddable":true,"href":"https:\/\/captain-guitar-lounge.com\/en\/wp-json\/wp\/v2\/media\/15488"}],"wp:attachment":[{"href":"https:\/\/captain-guitar-lounge.com\/en\/wp-json\/wp\/v2\/media?parent=15464"}],"wp:term":[{"taxonomy":"product_brand","embeddable":true,"href":"https:\/\/captain-guitar-lounge.com\/en\/wp-json\/wp\/v2\/product_brand?post=15464"},{"taxonomy":"product_cat","embeddable":true,"href":"https:\/\/captain-guitar-lounge.com\/en\/wp-json\/wp\/v2\/product_cat?post=15464"},{"taxonomy":"product_tag","embeddable":true,"href":"https:\/\/captain-guitar-lounge.com\/en\/wp-json\/wp\/v2\/product_tag?post=15464"}],"curies":[{"name":"wp","href":"https:\/\/api.w.org\/{rel}","templated":true}]}}