{"id":15533,"date":"2020-08-31T13:20:05","date_gmt":"2020-08-31T11:20:05","guid":{"rendered":"https:\/\/captain-guitar-lounge.com\/?p=15533&#038;post_type=product&#038;preview_id=15533"},"modified":"2023-12-07T16:08:39","modified_gmt":"2023-12-07T15:08:39","slug":"captain-v15-option-reverb","status":"publish","type":"product","link":"https:\/\/captain-guitar-lounge.com\/en\/product\/captain-v15-option-reverb\/","title":{"rendered":"Captain V15 Option Reverb"},"content":{"rendered":"<p>Haupttext<\/p>\n","protected":false},"excerpt":{"rendered":"<p><strong>Reverb<\/strong><\/p>\n<p>Ein <strong>R\u00f6hrengetriebener Federhall<\/strong> ist nicht unbedingt britisch, aber trotzdem sch\u00f6n in der Kombination mit dem V15.<br \/>\nDabei wurde viel Wert darauf gelegt, dass der direkte Sound des V15 nicht beeintr\u00e4schtigt wird. Die Reverb-Einheit l\u00e4uft v\u00f6llig <strong>parallel<\/strong> und greift nicht in den Signalpfad ein.<br \/>\nDer Reverb kann per <strong>Fu\u00dfschalter<\/strong> ferngesteuert werden.<br \/>\nSpezielle Schaltung, parallel zum Signalpfad, um die maximale Dynamik des direkten Signals zu erhalten.<br \/>\n<strong>Specs:<\/strong> +1x ECC83, Reverbregler, fu\u00dfschaltbar incl. fu\u00dfschalter mit Led<\/p>\n","protected":false},"featured_media":15537,"comment_status":"closed","ping_status":"closed","template":"","meta":{"_et_pb_use_builder":"","_et_pb_old_content":"","_et_gb_content_width":""},"product_brand":[],"product_cat":[952],"product_tag":[],"class_list":{"0":"post-15533","1":"product","2":"type-product","3":"status-publish","4":"has-post-thumbnail","6":"product_cat-mxx-teile","8":"first","9":"instock","10":"virtual","11":"taxable","12":"purchasable","13":"product-type-simple"},"composite_virtual":false,"composite_layout":"","composite_add_to_cart_form_location":"","composite_editable_in_cart":false,"composite_sold_individually_context":"","composite_shop_price_calc":"","composite_components":[],"composite_scenarios":[],"pp_statuses_selecting_workflow":false,"pp_workflow_action":"current","pp_status_selection":"publish","yoast_head":"<!-- This site is optimized with the Yoast SEO plugin v26.8 - https:\/\/yoast.com\/product\/yoast-seo-wordpress\/ -->\n<title>Captain V15 Option Reverb - captain-guitar-lounge.com<\/title>\n<meta name=\"robots\" content=\"index, follow, max-snippet:-1, max-image-preview:large, max-video-preview:-1\" \/>\n<link rel=\"canonical\" href=\"https:\/\/captain-guitar-lounge.com\/en\/product\/captain-v15-option-reverb\/\" \/>\n<meta property=\"og:locale\" content=\"en_US\" \/>\n<meta property=\"og:type\" content=\"article\" \/>\n<meta property=\"og:title\" content=\"Captain V15 Option Reverb - captain-guitar-lounge.com\" \/>\n<meta property=\"og:description\" content=\"Reverb  Ein R\u00f6hrengetriebener Federhall ist nicht unbedingt britisch, aber trotzdem sch\u00f6n in der Kombination mit dem V15. Dabei wurde viel Wert darauf gelegt, dass der direkte Sound des V15 nicht beeintr\u00e4schtigt wird. Die Reverb-Einheit l\u00e4uft v\u00f6llig parallel und greift nicht in den Signalpfad ein. Der Reverb kann per Fu\u00dfschalter ferngesteuert werden. Spezielle Schaltung, parallel zum Signalpfad, um die maximale Dynamik des direkten Signals zu erhalten. Specs: +1x ECC83, Reverbregler, fu\u00dfschaltbar incl. fu\u00dfschalter mit Led\" \/>\n<meta property=\"og:url\" content=\"https:\/\/captain-guitar-lounge.com\/en\/product\/captain-v15-option-reverb\/\" \/>\n<meta property=\"og:site_name\" content=\"captain-guitar-lounge.com\" \/>\n<meta property=\"article:publisher\" content=\"https:\/\/www.facebook.com\/Captain-Guitar-Lounge-140457272682315\/\" \/>\n<meta property=\"article:modified_time\" content=\"2023-12-07T15:08:39+00:00\" \/>\n<meta property=\"og:image\" content=\"https:\/\/captain-guitar-lounge.com\/wp-content\/uploads\/2020\/08\/CaptainV15-Reverb.jpg\" \/>\n\t<meta property=\"og:image:width\" content=\"1024\" \/>\n\t<meta property=\"og:image:height\" content=\"1024\" \/>\n\t<meta property=\"og:image:type\" content=\"image\/jpeg\" \/>\n<meta name=\"twitter:card\" content=\"summary_large_image\" \/>\n<script type=\"application\/ld+json\" class=\"yoast-schema-graph\">{\"@context\":\"https:\/\/schema.org\",\"@graph\":[{\"@type\":\"WebPage\",\"@id\":\"https:\/\/captain-guitar-lounge.com\/en\/product\/captain-v15-option-reverb\/\",\"url\":\"https:\/\/captain-guitar-lounge.com\/en\/product\/captain-v15-option-reverb\/\",\"name\":\"Captain V15 Option Reverb - captain-guitar-lounge.com\",\"isPartOf\":{\"@id\":\"https:\/\/captain-guitar-lounge.com\/en\/#website\"},\"primaryImageOfPage\":{\"@id\":\"https:\/\/captain-guitar-lounge.com\/en\/product\/captain-v15-option-reverb\/#primaryimage\"},\"image\":{\"@id\":\"https:\/\/captain-guitar-lounge.com\/en\/product\/captain-v15-option-reverb\/#primaryimage\"},\"thumbnailUrl\":\"https:\/\/captain-guitar-lounge.com\/wp-content\/uploads\/2020\/08\/CaptainV15-Reverb.jpg\",\"datePublished\":\"2020-08-31T11:20:05+00:00\",\"dateModified\":\"2023-12-07T15:08:39+00:00\",\"breadcrumb\":{\"@id\":\"https:\/\/captain-guitar-lounge.com\/en\/product\/captain-v15-option-reverb\/#breadcrumb\"},\"inLanguage\":\"en-US\",\"potentialAction\":[{\"@type\":\"ReadAction\",\"target\":[\"https:\/\/captain-guitar-lounge.com\/en\/product\/captain-v15-option-reverb\/\"]}]},{\"@type\":\"ImageObject\",\"inLanguage\":\"en-US\",\"@id\":\"https:\/\/captain-guitar-lounge.com\/en\/product\/captain-v15-option-reverb\/#primaryimage\",\"url\":\"https:\/\/captain-guitar-lounge.com\/wp-content\/uploads\/2020\/08\/CaptainV15-Reverb.jpg\",\"contentUrl\":\"https:\/\/captain-guitar-lounge.com\/wp-content\/uploads\/2020\/08\/CaptainV15-Reverb.jpg\",\"width\":1024,\"height\":1024},{\"@type\":\"BreadcrumbList\",\"@id\":\"https:\/\/captain-guitar-lounge.com\/en\/product\/captain-v15-option-reverb\/#breadcrumb\",\"itemListElement\":[{\"@type\":\"ListItem\",\"position\":1,\"name\":\"Startseite\",\"item\":\"https:\/\/captain-guitar-lounge.com\/en\/\"},{\"@type\":\"ListItem\",\"position\":2,\"name\":\"Shop\",\"item\":\"https:\/\/captain-guitar-lounge.com\/shop\/\"},{\"@type\":\"ListItem\",\"position\":3,\"name\":\"Captain V15 Option Reverb\"}]},{\"@type\":\"WebSite\",\"@id\":\"https:\/\/captain-guitar-lounge.com\/en\/#website\",\"url\":\"https:\/\/captain-guitar-lounge.com\/en\/\",\"name\":\"captain-guitar-lounge.com\",\"description\":\"Fine Amps and Guitars and more\",\"potentialAction\":[{\"@type\":\"SearchAction\",\"target\":{\"@type\":\"EntryPoint\",\"urlTemplate\":\"https:\/\/captain-guitar-lounge.com\/en\/?s={search_term_string}\"},\"query-input\":{\"@type\":\"PropertyValueSpecification\",\"valueRequired\":true,\"valueName\":\"search_term_string\"}}],\"inLanguage\":\"en-US\"}]}<\/script>\n<!-- \/ Yoast SEO plugin. -->","yoast_head_json":{"title":"Captain V15 Option Reverb - captain-guitar-lounge.com","robots":{"index":"index","follow":"follow","max-snippet":"max-snippet:-1","max-image-preview":"max-image-preview:large","max-video-preview":"max-video-preview:-1"},"canonical":"https:\/\/captain-guitar-lounge.com\/en\/product\/captain-v15-option-reverb\/","og_locale":"en_US","og_type":"article","og_title":"Captain V15 Option Reverb - captain-guitar-lounge.com","og_description":"Reverb  Ein R\u00f6hrengetriebener Federhall ist nicht unbedingt britisch, aber trotzdem sch\u00f6n in der Kombination mit dem V15. Dabei wurde viel Wert darauf gelegt, dass der direkte Sound des V15 nicht beeintr\u00e4schtigt wird. Die Reverb-Einheit l\u00e4uft v\u00f6llig parallel und greift nicht in den Signalpfad ein. Der Reverb kann per Fu\u00dfschalter ferngesteuert werden. Spezielle Schaltung, parallel zum Signalpfad, um die maximale Dynamik des direkten Signals zu erhalten. Specs: +1x ECC83, Reverbregler, fu\u00dfschaltbar incl. fu\u00dfschalter mit Led","og_url":"https:\/\/captain-guitar-lounge.com\/en\/product\/captain-v15-option-reverb\/","og_site_name":"captain-guitar-lounge.com","article_publisher":"https:\/\/www.facebook.com\/Captain-Guitar-Lounge-140457272682315\/","article_modified_time":"2023-12-07T15:08:39+00:00","og_image":[{"width":1024,"height":1024,"url":"https:\/\/captain-guitar-lounge.com\/wp-content\/uploads\/2020\/08\/CaptainV15-Reverb.jpg","type":"image\/jpeg"}],"twitter_card":"summary_large_image","schema":{"@context":"https:\/\/schema.org","@graph":[{"@type":"WebPage","@id":"https:\/\/captain-guitar-lounge.com\/en\/product\/captain-v15-option-reverb\/","url":"https:\/\/captain-guitar-lounge.com\/en\/product\/captain-v15-option-reverb\/","name":"Captain V15 Option Reverb - captain-guitar-lounge.com","isPartOf":{"@id":"https:\/\/captain-guitar-lounge.com\/en\/#website"},"primaryImageOfPage":{"@id":"https:\/\/captain-guitar-lounge.com\/en\/product\/captain-v15-option-reverb\/#primaryimage"},"image":{"@id":"https:\/\/captain-guitar-lounge.com\/en\/product\/captain-v15-option-reverb\/#primaryimage"},"thumbnailUrl":"https:\/\/captain-guitar-lounge.com\/wp-content\/uploads\/2020\/08\/CaptainV15-Reverb.jpg","datePublished":"2020-08-31T11:20:05+00:00","dateModified":"2023-12-07T15:08:39+00:00","breadcrumb":{"@id":"https:\/\/captain-guitar-lounge.com\/en\/product\/captain-v15-option-reverb\/#breadcrumb"},"inLanguage":"en-US","potentialAction":[{"@type":"ReadAction","target":["https:\/\/captain-guitar-lounge.com\/en\/product\/captain-v15-option-reverb\/"]}]},{"@type":"ImageObject","inLanguage":"en-US","@id":"https:\/\/captain-guitar-lounge.com\/en\/product\/captain-v15-option-reverb\/#primaryimage","url":"https:\/\/captain-guitar-lounge.com\/wp-content\/uploads\/2020\/08\/CaptainV15-Reverb.jpg","contentUrl":"https:\/\/captain-guitar-lounge.com\/wp-content\/uploads\/2020\/08\/CaptainV15-Reverb.jpg","width":1024,"height":1024},{"@type":"BreadcrumbList","@id":"https:\/\/captain-guitar-lounge.com\/en\/product\/captain-v15-option-reverb\/#breadcrumb","itemListElement":[{"@type":"ListItem","position":1,"name":"Startseite","item":"https:\/\/captain-guitar-lounge.com\/en\/"},{"@type":"ListItem","position":2,"name":"Shop","item":"https:\/\/captain-guitar-lounge.com\/shop\/"},{"@type":"ListItem","position":3,"name":"Captain V15 Option Reverb"}]},{"@type":"WebSite","@id":"https:\/\/captain-guitar-lounge.com\/en\/#website","url":"https:\/\/captain-guitar-lounge.com\/en\/","name":"captain-guitar-lounge.com","description":"Fine Amps and Guitars and more","potentialAction":[{"@type":"SearchAction","target":{"@type":"EntryPoint","urlTemplate":"https:\/\/captain-guitar-lounge.com\/en\/?s={search_term_string}"},"query-input":{"@type":"PropertyValueSpecification","valueRequired":true,"valueName":"search_term_string"}}],"inLanguage":"en-US"}]}},"_links":{"self":[{"href":"https:\/\/captain-guitar-lounge.com\/en\/wp-json\/wp\/v2\/product\/15533","targetHints":{"allow":["GET"]}}],"collection":[{"href":"https:\/\/captain-guitar-lounge.com\/en\/wp-json\/wp\/v2\/product"}],"about":[{"href":"https:\/\/captain-guitar-lounge.com\/en\/wp-json\/wp\/v2\/types\/product"}],"replies":[{"embeddable":true,"href":"https:\/\/captain-guitar-lounge.com\/en\/wp-json\/wp\/v2\/comments?post=15533"}],"wp:featuredmedia":[{"embeddable":true,"href":"https:\/\/captain-guitar-lounge.com\/en\/wp-json\/wp\/v2\/media\/15537"}],"wp:attachment":[{"href":"https:\/\/captain-guitar-lounge.com\/en\/wp-json\/wp\/v2\/media?parent=15533"}],"wp:term":[{"taxonomy":"product_brand","embeddable":true,"href":"https:\/\/captain-guitar-lounge.com\/en\/wp-json\/wp\/v2\/product_brand?post=15533"},{"taxonomy":"product_cat","embeddable":true,"href":"https:\/\/captain-guitar-lounge.com\/en\/wp-json\/wp\/v2\/product_cat?post=15533"},{"taxonomy":"product_tag","embeddable":true,"href":"https:\/\/captain-guitar-lounge.com\/en\/wp-json\/wp\/v2\/product_tag?post=15533"}],"curies":[{"name":"wp","href":"https:\/\/api.w.org\/{rel}","templated":true}]}}