{"id":16243,"date":"2020-09-22T12:55:35","date_gmt":"2020-09-22T10:55:35","guid":{"rendered":"https:\/\/captain-guitar-lounge.com\/?p=16243&#038;post_type=product&#038;preview_id=16243"},"modified":"2023-12-07T16:06:12","modified_gmt":"2023-12-07T15:06:12","slug":"captain-buddy-hot-rod-10th-anniversary-limited-edition","status":"publish","type":"product","link":"https:\/\/captain-guitar-lounge.com\/en\/product\/captain-buddy-hot-rod-10th-anniversary-limited-edition\/","title":{"rendered":"Captain &#8220;Hot Rod&#8221; 10th Anniversary Limited Edition Amp &amp; Guitar Set"},"content":{"rendered":"<h3><strong>Captain Buddy 10th Anniversary Limited Edition<br \/>\n<\/strong><strong><em>Hot Rod Racing<\/em> \u00a0 Sondermodell<\/strong><\/h3>\n<ul>\n<li>Captain Buddy 40, zweikanaliger Vollr\u00f6hrenverst\u00e4rker<\/li>\n<li>Vier-Schicht Lackierung mit Rostschutz-Primer, dann weiss, grau und schwarz<\/li>\n<li>Metall-K\u00fchlergrill mit texanischem Kennzeichen<\/li>\n<li>Schwarze Frontplatte mit Custom Beschriftung<\/li>\n<li>Aged Vintage Alu Knobs<\/li>\n<li>Handgen\u00e4hter Ledergriff<\/li>\n<li>Pinstriping und Logo von Nic Nagel aus Garmisch<\/li>\n<\/ul>\n<p><strong>Folgende Optionen sind in diesem Buddy verbaut:<\/strong><\/p>\n<ul>\n<li>Reverb<\/li>\n<li>FX-Loop schaltbar<\/li>\n<li>Bias-Tremolo<\/li>\n<li>PPIMV-Master schaltbar<\/li>\n<li>Tone-Extension<\/li>\n<li>Custom Fu\u00dfschalter, 5-fach mit LEDs<\/li>\n<li>Celestion V-Type mit 24hrs Captain Speaker Shakedown<\/li>\n<\/ul>\n<p><strong>Alle Informationen zum Captain Buddy findest Du <a href=\"https:\/\/captain-guitar-lounge.com\/produkt\/captain-buddy-amp-konfigurator\/\">HIER<\/a><\/strong><\/p>\n<p>&nbsp;<\/p>\n<h3><strong>Captain E-Type FiftyNine<br \/>\nHot Rod Racing Sondermodell<\/strong><\/h3>\n<ul>\n<li>Swamp Ash Body<\/li>\n<li>Vier-Schicht Lackierung mit Rostschutz-Primer, dann weiss, grau und schwarz<\/li>\n<li>Eingesetzter Metall-K\u00fchlergrill<\/li>\n<li>One piece Maple Neck, medium C-Profil, 7,25&#8243; Fretboard mit Vintage Frets<\/li>\n<li>Captain Tricolore Pickup mit drei Sounds und Master Volume:\n<ul>\n<li>Overwound, no Tone Control<\/li>\n<li>Vintage Wound, fixed Tone Stack<\/li>\n<li>Underwound, Tone Control<\/li>\n<\/ul>\n<\/li>\n<li>Medium Aged Hardware<\/li>\n<li>Pinstriping von Nic Nagel aus Garmisch<\/li>\n<\/ul>\n<p><strong>Alle Informationen zur Captain E-Type 59HRR findest Du <a href=\"https:\/\/www.captain-koerg.de\/captain-guitars\/captain-special-guitars\/e-type-hot-rod-racing\/\">HIER<\/a><\/strong><\/p>\n","protected":false},"excerpt":{"rendered":"<h5><\/h5>\n<h5><strong>CAPTAIN SPEED SHOP HOT ROD RACING<\/strong><br \/>\n<strong>Amp &amp; Guitar Set<\/strong><\/h5>\n<p><strong>10th Anniversary Limited Edition<\/strong><br \/>\n<strong>Super-Coole Optik, sensationeller Sound!<\/strong><\/p>\n<p>Zum 10j\u00e4hrigen Jubil\u00e4um des Captain Tube Amp Service entstehen einige spezielle Amps und Gitarren.<br \/>\nDiese Einzelst\u00fccke werden mit viel Liebe zum Detail aufgebaut und z.T. von namhaften K\u00fcnstlern veredelt.<br \/>\n<strong>Dieses Amp&amp;Guitar Set wurde von Nic Nagel in Garmisch Patenkirchen von Hand bemalt.<\/strong><br \/>\n\u00dcblicherweise verziert er Motorr\u00e4der und Autos mit seinen Pinstripes, aber auch alles andere&#8230;..<\/p>\n<p><a href=\"https:\/\/captain-guitar-lounge.com\/wp-content\/uploads\/2020\/09\/k-IMG_2408.jpg\"><img loading=\"lazy\" decoding=\"async\" class=\"alignnone size-medium wp-image-16252\" src=\"https:\/\/captain-guitar-lounge.com\/wp-content\/uploads\/2020\/09\/k-IMG_2408-300x225.jpg\" alt=\"\" width=\"300\" height=\"225\" \/><\/a><\/p>\n<p><strong>Captain Buddy in Gitarre&amp;Bass Ausgabe Januar 2021<\/strong><br \/>\n<em>&#8220;Klanglich extrem variabel und mit ausgekl\u00fcgelten praxisorientierten Features ausgestattet, liefert er von Ultra Clean bis High-Gain-Lead ein Sound-Spektrum, das bei jeder Zerrintensit\u00e4t dynamisch auf den Saitenanschlag reagiert, dabei nicht \u00fcberkomprimiert und sich mit Nebenger\u00e4uschen zur\u00fcckh\u00e4lt.&#8221;<\/em><\/p>\n<p>Den kompletten Testbericht auf sechs Seiten gibts hier: \u00a0\u00a0 <a href=\"https:\/\/www.gitarrebass.de\/equipment\/test-captain-speed-shop-hot-rod-racing-10th-anniversary-ltd-edition-guitar-amp-set\"><img loading=\"lazy\" decoding=\"async\" class=\"alignnone wp-image-19373\" src=\"https:\/\/captain-guitar-lounge.com\/wp-content\/uploads\/2020\/07\/GuB_Logo_schwarz-300x75.png\" alt=\"\" width=\"156\" height=\"39\" \/><\/a><\/p>\n","protected":false},"featured_media":16244,"comment_status":"closed","ping_status":"closed","template":"","meta":{"_et_pb_use_builder":"","_et_pb_old_content":"","_et_gb_content_width":""},"product_brand":[],"product_cat":[55,1233,865],"product_tag":[78],"class_list":{"0":"post-16243","1":"product","2":"type-product","3":"status-publish","4":"has-post-thumbnail","6":"product_cat-combo","7":"product_cat-verfuegbare-captain-amps-new","8":"product_cat-captain-guitars","9":"product_tag-custom-shop","10":"product_shipping_class-nur-abholung","11":"pa_artikelzustand-neuer-artikel","12":"pa_power-bis-50watt","14":"first","15":"outofstock","16":"sold-individually","17":"taxable","18":"shipping-taxable","19":"purchasable","20":"product-type-simple"},"composite_virtual":false,"composite_layout":"","composite_add_to_cart_form_location":"","composite_editable_in_cart":false,"composite_sold_individually_context":"","composite_shop_price_calc":"","composite_components":[],"composite_scenarios":[],"pp_statuses_selecting_workflow":false,"pp_workflow_action":"current","pp_status_selection":"publish","yoast_head":"<!-- This site is optimized with the Yoast SEO plugin v26.8 - https:\/\/yoast.com\/product\/yoast-seo-wordpress\/ -->\n<title>Captain &quot;Hot Rod&quot; 10th Anniversary Limited Edition Amp &amp; Guitar Set - captain-guitar-lounge.com<\/title>\n<meta name=\"robots\" content=\"index, follow, max-snippet:-1, max-image-preview:large, max-video-preview:-1\" \/>\n<link rel=\"canonical\" href=\"https:\/\/captain-guitar-lounge.com\/en\/product\/captain-buddy-hot-rod-10th-anniversary-limited-edition\/\" \/>\n<meta property=\"og:locale\" content=\"en_US\" \/>\n<meta property=\"og:type\" content=\"article\" \/>\n<meta property=\"og:title\" content=\"Captain &quot;Hot Rod&quot; 10th Anniversary Limited Edition Amp &amp; Guitar Set - captain-guitar-lounge.com\" \/>\n<meta property=\"og:description\" content=\"CAPTAIN SPEED SHOP HOT ROD RACING Amp &amp; Guitar Set 10th Anniversary Limited Edition Super-Coole Optik, sensationeller Sound!  Zum 10j\u00e4hrigen Jubil\u00e4um des Captain Tube Amp Service entstehen einige spezielle Amps und Gitarren. Diese Einzelst\u00fccke werden mit viel Liebe zum Detail aufgebaut und z.T. von namhaften K\u00fcnstlern veredelt. Dieses Amp&amp;Guitar Set wurde von Nic Nagel in Garmisch Patenkirchen von Hand bemalt. \u00dcblicherweise verziert er Motorr\u00e4der und Autos mit seinen Pinstripes, aber auch alles andere.....    Captain Buddy in Gitarre&amp;Bass Ausgabe Januar 2021 &quot;Klanglich extrem variabel und mit ausgekl\u00fcgelten praxisorientierten Features ausgestattet, liefert er von Ultra Clean bis High-Gain-Lead ein Sound-Spektrum, das bei jeder Zerrintensit\u00e4t dynamisch auf den Saitenanschlag reagiert, dabei nicht \u00fcberkomprimiert und sich mit Nebenger\u00e4uschen zur\u00fcckh\u00e4lt.&quot;  Den kompletten Testbericht auf sechs Seiten gibts hier: \u00a0\u00a0\" \/>\n<meta property=\"og:url\" content=\"https:\/\/captain-guitar-lounge.com\/en\/product\/captain-buddy-hot-rod-10th-anniversary-limited-edition\/\" \/>\n<meta property=\"og:site_name\" content=\"captain-guitar-lounge.com\" \/>\n<meta property=\"article:publisher\" content=\"https:\/\/www.facebook.com\/Captain-Guitar-Lounge-140457272682315\/\" \/>\n<meta property=\"article:modified_time\" content=\"2023-12-07T15:06:12+00:00\" \/>\n<meta property=\"og:image\" content=\"https:\/\/captain-guitar-lounge.com\/wp-content\/uploads\/2020\/09\/Buddy-HotRod-Set.jpg\" \/>\n\t<meta property=\"og:image:width\" content=\"1024\" \/>\n\t<meta property=\"og:image:height\" content=\"768\" \/>\n\t<meta property=\"og:image:type\" content=\"image\/jpeg\" \/>\n<meta name=\"twitter:card\" content=\"summary_large_image\" \/>\n<meta name=\"twitter:label1\" content=\"Est. reading time\" \/>\n\t<meta name=\"twitter:data1\" content=\"1 minute\" \/>\n<script type=\"application\/ld+json\" class=\"yoast-schema-graph\">{\"@context\":\"https:\/\/schema.org\",\"@graph\":[{\"@type\":\"WebPage\",\"@id\":\"https:\/\/captain-guitar-lounge.com\/en\/product\/captain-buddy-hot-rod-10th-anniversary-limited-edition\/\",\"url\":\"https:\/\/captain-guitar-lounge.com\/en\/product\/captain-buddy-hot-rod-10th-anniversary-limited-edition\/\",\"name\":\"Captain \\\"Hot Rod\\\" 10th Anniversary Limited Edition Amp &amp; Guitar Set - captain-guitar-lounge.com\",\"isPartOf\":{\"@id\":\"https:\/\/captain-guitar-lounge.com\/en\/#website\"},\"primaryImageOfPage\":{\"@id\":\"https:\/\/captain-guitar-lounge.com\/en\/product\/captain-buddy-hot-rod-10th-anniversary-limited-edition\/#primaryimage\"},\"image\":{\"@id\":\"https:\/\/captain-guitar-lounge.com\/en\/product\/captain-buddy-hot-rod-10th-anniversary-limited-edition\/#primaryimage\"},\"thumbnailUrl\":\"https:\/\/captain-guitar-lounge.com\/wp-content\/uploads\/2020\/09\/Buddy-HotRod-Set.jpg\",\"datePublished\":\"2020-09-22T10:55:35+00:00\",\"dateModified\":\"2023-12-07T15:06:12+00:00\",\"breadcrumb\":{\"@id\":\"https:\/\/captain-guitar-lounge.com\/en\/product\/captain-buddy-hot-rod-10th-anniversary-limited-edition\/#breadcrumb\"},\"inLanguage\":\"en-US\",\"potentialAction\":[{\"@type\":\"ReadAction\",\"target\":[\"https:\/\/captain-guitar-lounge.com\/en\/product\/captain-buddy-hot-rod-10th-anniversary-limited-edition\/\"]}]},{\"@type\":\"ImageObject\",\"inLanguage\":\"en-US\",\"@id\":\"https:\/\/captain-guitar-lounge.com\/en\/product\/captain-buddy-hot-rod-10th-anniversary-limited-edition\/#primaryimage\",\"url\":\"https:\/\/captain-guitar-lounge.com\/wp-content\/uploads\/2020\/09\/Buddy-HotRod-Set.jpg\",\"contentUrl\":\"https:\/\/captain-guitar-lounge.com\/wp-content\/uploads\/2020\/09\/Buddy-HotRod-Set.jpg\",\"width\":1024,\"height\":768},{\"@type\":\"BreadcrumbList\",\"@id\":\"https:\/\/captain-guitar-lounge.com\/en\/product\/captain-buddy-hot-rod-10th-anniversary-limited-edition\/#breadcrumb\",\"itemListElement\":[{\"@type\":\"ListItem\",\"position\":1,\"name\":\"Startseite\",\"item\":\"https:\/\/captain-guitar-lounge.com\/en\/\"},{\"@type\":\"ListItem\",\"position\":2,\"name\":\"Shop\",\"item\":\"https:\/\/captain-guitar-lounge.com\/shop\/\"},{\"@type\":\"ListItem\",\"position\":3,\"name\":\"Captain &#8222;Hot Rod&#8220; 10th Anniversary Limited Edition Amp &amp; Guitar Set\"}]},{\"@type\":\"WebSite\",\"@id\":\"https:\/\/captain-guitar-lounge.com\/en\/#website\",\"url\":\"https:\/\/captain-guitar-lounge.com\/en\/\",\"name\":\"captain-guitar-lounge.com\",\"description\":\"Fine Amps and Guitars and more\",\"potentialAction\":[{\"@type\":\"SearchAction\",\"target\":{\"@type\":\"EntryPoint\",\"urlTemplate\":\"https:\/\/captain-guitar-lounge.com\/en\/?s={search_term_string}\"},\"query-input\":{\"@type\":\"PropertyValueSpecification\",\"valueRequired\":true,\"valueName\":\"search_term_string\"}}],\"inLanguage\":\"en-US\"}]}<\/script>\n<!-- \/ Yoast SEO plugin. -->","yoast_head_json":{"title":"Captain \"Hot Rod\" 10th Anniversary Limited Edition Amp &amp; Guitar Set - captain-guitar-lounge.com","robots":{"index":"index","follow":"follow","max-snippet":"max-snippet:-1","max-image-preview":"max-image-preview:large","max-video-preview":"max-video-preview:-1"},"canonical":"https:\/\/captain-guitar-lounge.com\/en\/product\/captain-buddy-hot-rod-10th-anniversary-limited-edition\/","og_locale":"en_US","og_type":"article","og_title":"Captain \"Hot Rod\" 10th Anniversary Limited Edition Amp &amp; Guitar Set - captain-guitar-lounge.com","og_description":"CAPTAIN SPEED SHOP HOT ROD RACING Amp &amp; Guitar Set 10th Anniversary Limited Edition Super-Coole Optik, sensationeller Sound!  Zum 10j\u00e4hrigen Jubil\u00e4um des Captain Tube Amp Service entstehen einige spezielle Amps und Gitarren. Diese Einzelst\u00fccke werden mit viel Liebe zum Detail aufgebaut und z.T. von namhaften K\u00fcnstlern veredelt. Dieses Amp&amp;Guitar Set wurde von Nic Nagel in Garmisch Patenkirchen von Hand bemalt. \u00dcblicherweise verziert er Motorr\u00e4der und Autos mit seinen Pinstripes, aber auch alles andere.....    Captain Buddy in Gitarre&amp;Bass Ausgabe Januar 2021 \"Klanglich extrem variabel und mit ausgekl\u00fcgelten praxisorientierten Features ausgestattet, liefert er von Ultra Clean bis High-Gain-Lead ein Sound-Spektrum, das bei jeder Zerrintensit\u00e4t dynamisch auf den Saitenanschlag reagiert, dabei nicht \u00fcberkomprimiert und sich mit Nebenger\u00e4uschen zur\u00fcckh\u00e4lt.\"  Den kompletten Testbericht auf sechs Seiten gibts hier: \u00a0\u00a0","og_url":"https:\/\/captain-guitar-lounge.com\/en\/product\/captain-buddy-hot-rod-10th-anniversary-limited-edition\/","og_site_name":"captain-guitar-lounge.com","article_publisher":"https:\/\/www.facebook.com\/Captain-Guitar-Lounge-140457272682315\/","article_modified_time":"2023-12-07T15:06:12+00:00","og_image":[{"width":1024,"height":768,"url":"https:\/\/captain-guitar-lounge.com\/wp-content\/uploads\/2020\/09\/Buddy-HotRod-Set.jpg","type":"image\/jpeg"}],"twitter_card":"summary_large_image","twitter_misc":{"Est. reading time":"1 minute"},"schema":{"@context":"https:\/\/schema.org","@graph":[{"@type":"WebPage","@id":"https:\/\/captain-guitar-lounge.com\/en\/product\/captain-buddy-hot-rod-10th-anniversary-limited-edition\/","url":"https:\/\/captain-guitar-lounge.com\/en\/product\/captain-buddy-hot-rod-10th-anniversary-limited-edition\/","name":"Captain \"Hot Rod\" 10th Anniversary Limited Edition Amp &amp; Guitar Set - captain-guitar-lounge.com","isPartOf":{"@id":"https:\/\/captain-guitar-lounge.com\/en\/#website"},"primaryImageOfPage":{"@id":"https:\/\/captain-guitar-lounge.com\/en\/product\/captain-buddy-hot-rod-10th-anniversary-limited-edition\/#primaryimage"},"image":{"@id":"https:\/\/captain-guitar-lounge.com\/en\/product\/captain-buddy-hot-rod-10th-anniversary-limited-edition\/#primaryimage"},"thumbnailUrl":"https:\/\/captain-guitar-lounge.com\/wp-content\/uploads\/2020\/09\/Buddy-HotRod-Set.jpg","datePublished":"2020-09-22T10:55:35+00:00","dateModified":"2023-12-07T15:06:12+00:00","breadcrumb":{"@id":"https:\/\/captain-guitar-lounge.com\/en\/product\/captain-buddy-hot-rod-10th-anniversary-limited-edition\/#breadcrumb"},"inLanguage":"en-US","potentialAction":[{"@type":"ReadAction","target":["https:\/\/captain-guitar-lounge.com\/en\/product\/captain-buddy-hot-rod-10th-anniversary-limited-edition\/"]}]},{"@type":"ImageObject","inLanguage":"en-US","@id":"https:\/\/captain-guitar-lounge.com\/en\/product\/captain-buddy-hot-rod-10th-anniversary-limited-edition\/#primaryimage","url":"https:\/\/captain-guitar-lounge.com\/wp-content\/uploads\/2020\/09\/Buddy-HotRod-Set.jpg","contentUrl":"https:\/\/captain-guitar-lounge.com\/wp-content\/uploads\/2020\/09\/Buddy-HotRod-Set.jpg","width":1024,"height":768},{"@type":"BreadcrumbList","@id":"https:\/\/captain-guitar-lounge.com\/en\/product\/captain-buddy-hot-rod-10th-anniversary-limited-edition\/#breadcrumb","itemListElement":[{"@type":"ListItem","position":1,"name":"Startseite","item":"https:\/\/captain-guitar-lounge.com\/en\/"},{"@type":"ListItem","position":2,"name":"Shop","item":"https:\/\/captain-guitar-lounge.com\/shop\/"},{"@type":"ListItem","position":3,"name":"Captain &#8222;Hot Rod&#8220; 10th Anniversary Limited Edition Amp &amp; Guitar Set"}]},{"@type":"WebSite","@id":"https:\/\/captain-guitar-lounge.com\/en\/#website","url":"https:\/\/captain-guitar-lounge.com\/en\/","name":"captain-guitar-lounge.com","description":"Fine Amps and Guitars and more","potentialAction":[{"@type":"SearchAction","target":{"@type":"EntryPoint","urlTemplate":"https:\/\/captain-guitar-lounge.com\/en\/?s={search_term_string}"},"query-input":{"@type":"PropertyValueSpecification","valueRequired":true,"valueName":"search_term_string"}}],"inLanguage":"en-US"}]}},"_links":{"self":[{"href":"https:\/\/captain-guitar-lounge.com\/en\/wp-json\/wp\/v2\/product\/16243","targetHints":{"allow":["GET"]}}],"collection":[{"href":"https:\/\/captain-guitar-lounge.com\/en\/wp-json\/wp\/v2\/product"}],"about":[{"href":"https:\/\/captain-guitar-lounge.com\/en\/wp-json\/wp\/v2\/types\/product"}],"replies":[{"embeddable":true,"href":"https:\/\/captain-guitar-lounge.com\/en\/wp-json\/wp\/v2\/comments?post=16243"}],"wp:featuredmedia":[{"embeddable":true,"href":"https:\/\/captain-guitar-lounge.com\/en\/wp-json\/wp\/v2\/media\/16244"}],"wp:attachment":[{"href":"https:\/\/captain-guitar-lounge.com\/en\/wp-json\/wp\/v2\/media?parent=16243"}],"wp:term":[{"taxonomy":"product_brand","embeddable":true,"href":"https:\/\/captain-guitar-lounge.com\/en\/wp-json\/wp\/v2\/product_brand?post=16243"},{"taxonomy":"product_cat","embeddable":true,"href":"https:\/\/captain-guitar-lounge.com\/en\/wp-json\/wp\/v2\/product_cat?post=16243"},{"taxonomy":"product_tag","embeddable":true,"href":"https:\/\/captain-guitar-lounge.com\/en\/wp-json\/wp\/v2\/product_tag?post=16243"}],"curies":[{"name":"wp","href":"https:\/\/api.w.org\/{rel}","templated":true}]}}