{"id":16403,"date":"2020-09-25T11:16:53","date_gmt":"2020-09-25T09:16:53","guid":{"rendered":"https:\/\/captain-guitar-lounge.com\/?p=16403&#038;post_type=product&#038;preview_id=16403"},"modified":"2024-03-10T17:59:38","modified_gmt":"2024-03-10T16:59:38","slug":"uw-instruments-devils-fork-bass","status":"publish","type":"product","link":"https:\/\/captain-guitar-lounge.com\/en\/product\/uw-instruments-devils-fork-bass\/","title":{"rendered":"UW Instruments Devils Fork Bass"},"content":{"rendered":"<p>Sensationeller Bass aus Ulfs Gitarrenschmiede!<br \/>\nBody aus Jamaica Zeder, ge\u00f6lt und gewachst<br \/>\nDoppelt gesperrter Maple Neck mit Palisander Griffbrett, Nitro-Lackierung<br \/>\nBlack ABM Hardware<br \/>\nBarfuss Preci &#8217;57 am Neck und Jazz &#8217;70 an der Br\u00fccke,<br \/>\nElektrik von Klaus Noll TCM 3 : 1 x Volume \u00a0Push-Pull (Aktiv-Passiv), 1 x Blende; 1 x Bass + Treble Boost\/Cut, 1 x Midrange Boost\/Cut<br \/>\nDer Bass wiegt schlanke 3,6kg und klingt sensationell!<\/p>\n","protected":false},"excerpt":{"rendered":"<p>Aus dieser kleinen Gitarrenmanufaktur im bayerischen Outback kommen neben der Touring Guitar auch individuelle Einzelst\u00fccke und Projektarbeiten.<br \/>\nMal im klassischen Stil, mal mit exclusivern H\u00f6lzern, aber immer in Handarbeit hergestellt und mit den besten Komponenten best\u00fcckt.<br \/>\nMehr Informationen gibts auf der <a href=\"http:\/\/www.uw-instruments.com\">HOMEPAGE<\/a><\/p>\n<p><a href=\"http:\/\/www.uw-instruments.com\/\"><img loading=\"lazy\" decoding=\"async\" class=\"alignnone size-full wp-image-14101\" src=\"https:\/\/captain-guitar-lounge.com\/wp-content\/uploads\/2020\/08\/logo.png\" alt=\"\" width=\"151\" height=\"48\" \/><\/a><\/p>\n","protected":false},"featured_media":16404,"comment_status":"closed","ping_status":"closed","template":"","meta":{"_et_pb_use_builder":"","_et_pb_old_content":"","_et_gb_content_width":""},"product_brand":[],"product_cat":[64,864],"product_tag":[],"class_list":{"0":"post-16403","1":"product","2":"type-product","3":"status-publish","4":"has-post-thumbnail","6":"product_cat-4-string","7":"product_cat-uw-instruments","8":"product_shipping_class-large","9":"pa_artikelzustand-neuer-artikel","11":"first","12":"instock","13":"sold-individually","14":"taxable","15":"shipping-taxable","16":"purchasable","17":"product-type-simple"},"composite_virtual":false,"composite_layout":"","composite_add_to_cart_form_location":"","composite_editable_in_cart":false,"composite_sold_individually_context":"","composite_shop_price_calc":"","composite_components":[],"composite_scenarios":[],"pp_statuses_selecting_workflow":false,"pp_workflow_action":"current","pp_status_selection":"publish","yoast_head":"<!-- This site is optimized with the Yoast SEO plugin v26.8 - https:\/\/yoast.com\/product\/yoast-seo-wordpress\/ -->\n<title>UW Instruments Devils Fork Bass - captain-guitar-lounge.com<\/title>\n<meta name=\"robots\" content=\"index, follow, max-snippet:-1, max-image-preview:large, max-video-preview:-1\" \/>\n<link rel=\"canonical\" href=\"https:\/\/captain-guitar-lounge.com\/en\/product\/uw-instruments-devils-fork-bass\/\" \/>\n<meta property=\"og:locale\" content=\"en_US\" \/>\n<meta property=\"og:type\" content=\"article\" \/>\n<meta property=\"og:title\" content=\"UW Instruments Devils Fork Bass - captain-guitar-lounge.com\" \/>\n<meta property=\"og:description\" content=\"Aus dieser kleinen Gitarrenmanufaktur im bayerischen Outback kommen neben der Touring Guitar auch individuelle Einzelst\u00fccke und Projektarbeiten. Mal im klassischen Stil, mal mit exclusivern H\u00f6lzern, aber immer in Handarbeit hergestellt und mit den besten Komponenten best\u00fcckt. Mehr Informationen gibts auf der HOMEPAGE\" \/>\n<meta property=\"og:url\" content=\"https:\/\/captain-guitar-lounge.com\/en\/product\/uw-instruments-devils-fork-bass\/\" \/>\n<meta property=\"og:site_name\" content=\"captain-guitar-lounge.com\" \/>\n<meta property=\"article:publisher\" content=\"https:\/\/www.facebook.com\/Captain-Guitar-Lounge-140457272682315\/\" \/>\n<meta property=\"article:modified_time\" content=\"2024-03-10T16:59:38+00:00\" \/>\n<meta property=\"og:image\" content=\"https:\/\/captain-guitar-lounge.com\/wp-content\/uploads\/2020\/09\/UW-Devils-Fork.jpg\" \/>\n\t<meta property=\"og:image:width\" content=\"451\" \/>\n\t<meta property=\"og:image:height\" content=\"450\" \/>\n\t<meta property=\"og:image:type\" content=\"image\/jpeg\" \/>\n<meta name=\"twitter:card\" content=\"summary_large_image\" \/>\n<meta name=\"twitter:label1\" content=\"Est. reading time\" \/>\n\t<meta name=\"twitter:data1\" content=\"1 minute\" \/>\n<script type=\"application\/ld+json\" class=\"yoast-schema-graph\">{\"@context\":\"https:\/\/schema.org\",\"@graph\":[{\"@type\":\"WebPage\",\"@id\":\"https:\/\/captain-guitar-lounge.com\/en\/product\/uw-instruments-devils-fork-bass\/\",\"url\":\"https:\/\/captain-guitar-lounge.com\/en\/product\/uw-instruments-devils-fork-bass\/\",\"name\":\"UW Instruments Devils Fork Bass - captain-guitar-lounge.com\",\"isPartOf\":{\"@id\":\"https:\/\/captain-guitar-lounge.com\/en\/#website\"},\"primaryImageOfPage\":{\"@id\":\"https:\/\/captain-guitar-lounge.com\/en\/product\/uw-instruments-devils-fork-bass\/#primaryimage\"},\"image\":{\"@id\":\"https:\/\/captain-guitar-lounge.com\/en\/product\/uw-instruments-devils-fork-bass\/#primaryimage\"},\"thumbnailUrl\":\"https:\/\/captain-guitar-lounge.com\/wp-content\/uploads\/2020\/09\/UW-Devils-Fork.jpg\",\"datePublished\":\"2020-09-25T09:16:53+00:00\",\"dateModified\":\"2024-03-10T16:59:38+00:00\",\"breadcrumb\":{\"@id\":\"https:\/\/captain-guitar-lounge.com\/en\/product\/uw-instruments-devils-fork-bass\/#breadcrumb\"},\"inLanguage\":\"en-US\",\"potentialAction\":[{\"@type\":\"ReadAction\",\"target\":[\"https:\/\/captain-guitar-lounge.com\/en\/product\/uw-instruments-devils-fork-bass\/\"]}]},{\"@type\":\"ImageObject\",\"inLanguage\":\"en-US\",\"@id\":\"https:\/\/captain-guitar-lounge.com\/en\/product\/uw-instruments-devils-fork-bass\/#primaryimage\",\"url\":\"https:\/\/captain-guitar-lounge.com\/wp-content\/uploads\/2020\/09\/UW-Devils-Fork.jpg\",\"contentUrl\":\"https:\/\/captain-guitar-lounge.com\/wp-content\/uploads\/2020\/09\/UW-Devils-Fork.jpg\",\"width\":451,\"height\":450},{\"@type\":\"BreadcrumbList\",\"@id\":\"https:\/\/captain-guitar-lounge.com\/en\/product\/uw-instruments-devils-fork-bass\/#breadcrumb\",\"itemListElement\":[{\"@type\":\"ListItem\",\"position\":1,\"name\":\"Startseite\",\"item\":\"https:\/\/captain-guitar-lounge.com\/en\/\"},{\"@type\":\"ListItem\",\"position\":2,\"name\":\"Shop\",\"item\":\"https:\/\/captain-guitar-lounge.com\/shop\/\"},{\"@type\":\"ListItem\",\"position\":3,\"name\":\"UW Instruments Devils Fork Bass\"}]},{\"@type\":\"WebSite\",\"@id\":\"https:\/\/captain-guitar-lounge.com\/en\/#website\",\"url\":\"https:\/\/captain-guitar-lounge.com\/en\/\",\"name\":\"captain-guitar-lounge.com\",\"description\":\"Fine Amps and Guitars and more\",\"potentialAction\":[{\"@type\":\"SearchAction\",\"target\":{\"@type\":\"EntryPoint\",\"urlTemplate\":\"https:\/\/captain-guitar-lounge.com\/en\/?s={search_term_string}\"},\"query-input\":{\"@type\":\"PropertyValueSpecification\",\"valueRequired\":true,\"valueName\":\"search_term_string\"}}],\"inLanguage\":\"en-US\"}]}<\/script>\n<!-- \/ Yoast SEO plugin. -->","yoast_head_json":{"title":"UW Instruments Devils Fork Bass - captain-guitar-lounge.com","robots":{"index":"index","follow":"follow","max-snippet":"max-snippet:-1","max-image-preview":"max-image-preview:large","max-video-preview":"max-video-preview:-1"},"canonical":"https:\/\/captain-guitar-lounge.com\/en\/product\/uw-instruments-devils-fork-bass\/","og_locale":"en_US","og_type":"article","og_title":"UW Instruments Devils Fork Bass - captain-guitar-lounge.com","og_description":"Aus dieser kleinen Gitarrenmanufaktur im bayerischen Outback kommen neben der Touring Guitar auch individuelle Einzelst\u00fccke und Projektarbeiten. Mal im klassischen Stil, mal mit exclusivern H\u00f6lzern, aber immer in Handarbeit hergestellt und mit den besten Komponenten best\u00fcckt. Mehr Informationen gibts auf der HOMEPAGE","og_url":"https:\/\/captain-guitar-lounge.com\/en\/product\/uw-instruments-devils-fork-bass\/","og_site_name":"captain-guitar-lounge.com","article_publisher":"https:\/\/www.facebook.com\/Captain-Guitar-Lounge-140457272682315\/","article_modified_time":"2024-03-10T16:59:38+00:00","og_image":[{"width":451,"height":450,"url":"https:\/\/captain-guitar-lounge.com\/wp-content\/uploads\/2020\/09\/UW-Devils-Fork.jpg","type":"image\/jpeg"}],"twitter_card":"summary_large_image","twitter_misc":{"Est. reading time":"1 minute"},"schema":{"@context":"https:\/\/schema.org","@graph":[{"@type":"WebPage","@id":"https:\/\/captain-guitar-lounge.com\/en\/product\/uw-instruments-devils-fork-bass\/","url":"https:\/\/captain-guitar-lounge.com\/en\/product\/uw-instruments-devils-fork-bass\/","name":"UW Instruments Devils Fork Bass - captain-guitar-lounge.com","isPartOf":{"@id":"https:\/\/captain-guitar-lounge.com\/en\/#website"},"primaryImageOfPage":{"@id":"https:\/\/captain-guitar-lounge.com\/en\/product\/uw-instruments-devils-fork-bass\/#primaryimage"},"image":{"@id":"https:\/\/captain-guitar-lounge.com\/en\/product\/uw-instruments-devils-fork-bass\/#primaryimage"},"thumbnailUrl":"https:\/\/captain-guitar-lounge.com\/wp-content\/uploads\/2020\/09\/UW-Devils-Fork.jpg","datePublished":"2020-09-25T09:16:53+00:00","dateModified":"2024-03-10T16:59:38+00:00","breadcrumb":{"@id":"https:\/\/captain-guitar-lounge.com\/en\/product\/uw-instruments-devils-fork-bass\/#breadcrumb"},"inLanguage":"en-US","potentialAction":[{"@type":"ReadAction","target":["https:\/\/captain-guitar-lounge.com\/en\/product\/uw-instruments-devils-fork-bass\/"]}]},{"@type":"ImageObject","inLanguage":"en-US","@id":"https:\/\/captain-guitar-lounge.com\/en\/product\/uw-instruments-devils-fork-bass\/#primaryimage","url":"https:\/\/captain-guitar-lounge.com\/wp-content\/uploads\/2020\/09\/UW-Devils-Fork.jpg","contentUrl":"https:\/\/captain-guitar-lounge.com\/wp-content\/uploads\/2020\/09\/UW-Devils-Fork.jpg","width":451,"height":450},{"@type":"BreadcrumbList","@id":"https:\/\/captain-guitar-lounge.com\/en\/product\/uw-instruments-devils-fork-bass\/#breadcrumb","itemListElement":[{"@type":"ListItem","position":1,"name":"Startseite","item":"https:\/\/captain-guitar-lounge.com\/en\/"},{"@type":"ListItem","position":2,"name":"Shop","item":"https:\/\/captain-guitar-lounge.com\/shop\/"},{"@type":"ListItem","position":3,"name":"UW Instruments Devils Fork Bass"}]},{"@type":"WebSite","@id":"https:\/\/captain-guitar-lounge.com\/en\/#website","url":"https:\/\/captain-guitar-lounge.com\/en\/","name":"captain-guitar-lounge.com","description":"Fine Amps and Guitars and more","potentialAction":[{"@type":"SearchAction","target":{"@type":"EntryPoint","urlTemplate":"https:\/\/captain-guitar-lounge.com\/en\/?s={search_term_string}"},"query-input":{"@type":"PropertyValueSpecification","valueRequired":true,"valueName":"search_term_string"}}],"inLanguage":"en-US"}]}},"_links":{"self":[{"href":"https:\/\/captain-guitar-lounge.com\/en\/wp-json\/wp\/v2\/product\/16403","targetHints":{"allow":["GET"]}}],"collection":[{"href":"https:\/\/captain-guitar-lounge.com\/en\/wp-json\/wp\/v2\/product"}],"about":[{"href":"https:\/\/captain-guitar-lounge.com\/en\/wp-json\/wp\/v2\/types\/product"}],"replies":[{"embeddable":true,"href":"https:\/\/captain-guitar-lounge.com\/en\/wp-json\/wp\/v2\/comments?post=16403"}],"wp:featuredmedia":[{"embeddable":true,"href":"https:\/\/captain-guitar-lounge.com\/en\/wp-json\/wp\/v2\/media\/16404"}],"wp:attachment":[{"href":"https:\/\/captain-guitar-lounge.com\/en\/wp-json\/wp\/v2\/media?parent=16403"}],"wp:term":[{"taxonomy":"product_brand","embeddable":true,"href":"https:\/\/captain-guitar-lounge.com\/en\/wp-json\/wp\/v2\/product_brand?post=16403"},{"taxonomy":"product_cat","embeddable":true,"href":"https:\/\/captain-guitar-lounge.com\/en\/wp-json\/wp\/v2\/product_cat?post=16403"},{"taxonomy":"product_tag","embeddable":true,"href":"https:\/\/captain-guitar-lounge.com\/en\/wp-json\/wp\/v2\/product_tag?post=16403"}],"curies":[{"name":"wp","href":"https:\/\/api.w.org\/{rel}","templated":true}]}}