{"id":16572,"date":"2020-10-20T09:22:58","date_gmt":"2020-10-20T07:22:58","guid":{"rendered":"https:\/\/captain-guitar-lounge.com\/?p=16572&#038;post_type=product&#038;preview_id=16572"},"modified":"2023-12-07T16:27:29","modified_gmt":"2023-12-07T15:27:29","slug":"weber-alnico-12a125a-kopie","status":"publish","type":"product","link":"https:\/\/captain-guitar-lounge.com\/en\/product\/weber-alnico-12a125a-kopie\/","title":{"rendered":"Weber Alnico 15A125A"},"content":{"rendered":"<p>Der 15A125A basiert auf dem 1959er Chicago Jensen Speaker und ist die perfekte erg\u00e4nzung f\u00fcr alle sp\u00e4t-50s und fr\u00fch-60s Amps mit Alnico Lautsprechern.<\/p>\n<p>Perfektes Upgrade f\u00fcr den <a href=\"https:\/\/www.captain-koerg.de\/amp-mods\/harp-mods\/\" target=\"_self\" rel=\"noopener noreferrer\">Fender Excelsior Amp<\/a> (mit und ohne Harp Mod! )<\/p>\n<p>Lieferbar in <strong>4, 8 und 16 Ohm<\/strong> mit <strong>30Watt.<\/strong><\/p>\n<p>Die 15&#8243; Weber gibts in jeder Farbe, solange sie schwarz ist \ud83d\ude09<\/p>\n<p>Den <strong>15A125A<\/strong> kann man mit verschiedenen <strong>Doping<\/strong>s bestellen. Dabei wird die Sicke mit einer speziellen Tinktur steifer gemacht. Das verhindert fr\u00fche Verzerrungen in den tiefen Frequenzen, der Bass wird stabiler. Allerdings verliert der Speaker etwas an Punch und Charakter.<\/p>\n<p>In Combos und offenen Boxen empfehle ich Light oder Moderate Doping, in geschlossenen Boxen kann man auch ohne Doping arbeiten.<br \/>\nDer Speaker ist mit Light Doping am Lager, andere Dopings auf Bestellung.<\/p>\n<p>15\u2033, 11oz alnico plug magnet, 30 watts, 1.25\u2033 voice coil. Unique curved-seam, inverted rib 15\u2033 cone (the only one currently being made, available to you only through Weber Speakers)<\/p>\n<p>Bright and articulate, Woody, reedy, early 60\u2019s Fender tone. Moderate Tight low end, detailed high end. Compressed and fattened at higher volumes<\/p>\n<p>&nbsp;<\/p>\n","protected":false},"excerpt":{"rendered":"<p><strong>Weber Vintage Series Alnico<\/strong><\/p>\n","protected":false},"featured_media":16575,"comment_status":"closed","ping_status":"closed","template":"","meta":{"_et_pb_use_builder":"","_et_pb_old_content":"","_et_gb_content_width":""},"product_brand":[],"product_cat":[782],"product_tag":[],"class_list":{"0":"post-16572","1":"product","2":"type-product","3":"status-publish","4":"has-post-thumbnail","6":"product_cat-weber-speaker","7":"product_shipping_class-small","8":"pa_artikelzustand-neuer-artikel","9":"pa_impedanz-8-ohm","10":"pa_power-bis-30watt","11":"pa_speaker-680","13":"first","14":"onbackorder","15":"taxable","16":"shipping-taxable","17":"purchasable","18":"product-type-simple"},"composite_virtual":false,"composite_layout":"","composite_add_to_cart_form_location":"","composite_editable_in_cart":false,"composite_sold_individually_context":"","composite_shop_price_calc":"","composite_components":[],"composite_scenarios":[],"pp_statuses_selecting_workflow":false,"pp_workflow_action":"current","pp_status_selection":"publish","yoast_head":"<!-- This site is optimized with the Yoast SEO plugin v26.8 - https:\/\/yoast.com\/product\/yoast-seo-wordpress\/ -->\n<title>Weber Alnico 15A125A - captain-guitar-lounge.com<\/title>\n<meta name=\"robots\" content=\"index, follow, max-snippet:-1, max-image-preview:large, max-video-preview:-1\" \/>\n<link rel=\"canonical\" href=\"https:\/\/captain-guitar-lounge.com\/en\/product\/weber-alnico-12a125a-kopie\/\" \/>\n<meta property=\"og:locale\" content=\"en_US\" \/>\n<meta property=\"og:type\" content=\"article\" \/>\n<meta property=\"og:title\" content=\"Weber Alnico 15A125A - captain-guitar-lounge.com\" \/>\n<meta property=\"og:description\" content=\"Weber Vintage Series Alnico\" \/>\n<meta property=\"og:url\" content=\"https:\/\/captain-guitar-lounge.com\/en\/product\/weber-alnico-12a125a-kopie\/\" \/>\n<meta property=\"og:site_name\" content=\"captain-guitar-lounge.com\" \/>\n<meta property=\"article:publisher\" content=\"https:\/\/www.facebook.com\/Captain-Guitar-Lounge-140457272682315\/\" \/>\n<meta property=\"article:modified_time\" content=\"2023-12-07T15:27:29+00:00\" \/>\n<meta property=\"og:image\" content=\"https:\/\/captain-guitar-lounge.com\/wp-content\/uploads\/2020\/09\/15A125A_front.jpg\" \/>\n\t<meta property=\"og:image:width\" content=\"543\" \/>\n\t<meta property=\"og:image:height\" content=\"542\" \/>\n\t<meta property=\"og:image:type\" content=\"image\/jpeg\" \/>\n<meta name=\"twitter:card\" content=\"summary_large_image\" \/>\n<meta name=\"twitter:label1\" content=\"Est. reading time\" \/>\n\t<meta name=\"twitter:data1\" content=\"1 minute\" \/>\n<script type=\"application\/ld+json\" class=\"yoast-schema-graph\">{\"@context\":\"https:\/\/schema.org\",\"@graph\":[{\"@type\":\"WebPage\",\"@id\":\"https:\/\/captain-guitar-lounge.com\/en\/product\/weber-alnico-12a125a-kopie\/\",\"url\":\"https:\/\/captain-guitar-lounge.com\/en\/product\/weber-alnico-12a125a-kopie\/\",\"name\":\"Weber Alnico 15A125A - captain-guitar-lounge.com\",\"isPartOf\":{\"@id\":\"https:\/\/captain-guitar-lounge.com\/en\/#website\"},\"primaryImageOfPage\":{\"@id\":\"https:\/\/captain-guitar-lounge.com\/en\/product\/weber-alnico-12a125a-kopie\/#primaryimage\"},\"image\":{\"@id\":\"https:\/\/captain-guitar-lounge.com\/en\/product\/weber-alnico-12a125a-kopie\/#primaryimage\"},\"thumbnailUrl\":\"https:\/\/captain-guitar-lounge.com\/wp-content\/uploads\/2020\/09\/15A125A_front.jpg\",\"datePublished\":\"2020-10-20T07:22:58+00:00\",\"dateModified\":\"2023-12-07T15:27:29+00:00\",\"breadcrumb\":{\"@id\":\"https:\/\/captain-guitar-lounge.com\/en\/product\/weber-alnico-12a125a-kopie\/#breadcrumb\"},\"inLanguage\":\"en-US\",\"potentialAction\":[{\"@type\":\"ReadAction\",\"target\":[\"https:\/\/captain-guitar-lounge.com\/en\/product\/weber-alnico-12a125a-kopie\/\"]}]},{\"@type\":\"ImageObject\",\"inLanguage\":\"en-US\",\"@id\":\"https:\/\/captain-guitar-lounge.com\/en\/product\/weber-alnico-12a125a-kopie\/#primaryimage\",\"url\":\"https:\/\/captain-guitar-lounge.com\/wp-content\/uploads\/2020\/09\/15A125A_front.jpg\",\"contentUrl\":\"https:\/\/captain-guitar-lounge.com\/wp-content\/uploads\/2020\/09\/15A125A_front.jpg\",\"width\":543,\"height\":542,\"caption\":\"15A125A_front\"},{\"@type\":\"BreadcrumbList\",\"@id\":\"https:\/\/captain-guitar-lounge.com\/en\/product\/weber-alnico-12a125a-kopie\/#breadcrumb\",\"itemListElement\":[{\"@type\":\"ListItem\",\"position\":1,\"name\":\"Startseite\",\"item\":\"https:\/\/captain-guitar-lounge.com\/en\/captain-guitar-lounge\/\"},{\"@type\":\"ListItem\",\"position\":2,\"name\":\"Shop\",\"item\":\"https:\/\/captain-guitar-lounge.com\/shop\/\"},{\"@type\":\"ListItem\",\"position\":3,\"name\":\"Weber Alnico 15A125A\"}]},{\"@type\":\"WebSite\",\"@id\":\"https:\/\/captain-guitar-lounge.com\/en\/#website\",\"url\":\"https:\/\/captain-guitar-lounge.com\/en\/\",\"name\":\"captain-guitar-lounge.com\",\"description\":\"Fine Amps and Guitars and more\",\"potentialAction\":[{\"@type\":\"SearchAction\",\"target\":{\"@type\":\"EntryPoint\",\"urlTemplate\":\"https:\/\/captain-guitar-lounge.com\/en\/?s={search_term_string}\"},\"query-input\":{\"@type\":\"PropertyValueSpecification\",\"valueRequired\":true,\"valueName\":\"search_term_string\"}}],\"inLanguage\":\"en-US\"}]}<\/script>\n<!-- \/ Yoast SEO plugin. -->","yoast_head_json":{"title":"Weber Alnico 15A125A - captain-guitar-lounge.com","robots":{"index":"index","follow":"follow","max-snippet":"max-snippet:-1","max-image-preview":"max-image-preview:large","max-video-preview":"max-video-preview:-1"},"canonical":"https:\/\/captain-guitar-lounge.com\/en\/product\/weber-alnico-12a125a-kopie\/","og_locale":"en_US","og_type":"article","og_title":"Weber Alnico 15A125A - captain-guitar-lounge.com","og_description":"Weber Vintage Series Alnico","og_url":"https:\/\/captain-guitar-lounge.com\/en\/product\/weber-alnico-12a125a-kopie\/","og_site_name":"captain-guitar-lounge.com","article_publisher":"https:\/\/www.facebook.com\/Captain-Guitar-Lounge-140457272682315\/","article_modified_time":"2023-12-07T15:27:29+00:00","og_image":[{"width":543,"height":542,"url":"https:\/\/captain-guitar-lounge.com\/wp-content\/uploads\/2020\/09\/15A125A_front.jpg","type":"image\/jpeg"}],"twitter_card":"summary_large_image","twitter_misc":{"Est. reading time":"1 minute"},"schema":{"@context":"https:\/\/schema.org","@graph":[{"@type":"WebPage","@id":"https:\/\/captain-guitar-lounge.com\/en\/product\/weber-alnico-12a125a-kopie\/","url":"https:\/\/captain-guitar-lounge.com\/en\/product\/weber-alnico-12a125a-kopie\/","name":"Weber Alnico 15A125A - captain-guitar-lounge.com","isPartOf":{"@id":"https:\/\/captain-guitar-lounge.com\/en\/#website"},"primaryImageOfPage":{"@id":"https:\/\/captain-guitar-lounge.com\/en\/product\/weber-alnico-12a125a-kopie\/#primaryimage"},"image":{"@id":"https:\/\/captain-guitar-lounge.com\/en\/product\/weber-alnico-12a125a-kopie\/#primaryimage"},"thumbnailUrl":"https:\/\/captain-guitar-lounge.com\/wp-content\/uploads\/2020\/09\/15A125A_front.jpg","datePublished":"2020-10-20T07:22:58+00:00","dateModified":"2023-12-07T15:27:29+00:00","breadcrumb":{"@id":"https:\/\/captain-guitar-lounge.com\/en\/product\/weber-alnico-12a125a-kopie\/#breadcrumb"},"inLanguage":"en-US","potentialAction":[{"@type":"ReadAction","target":["https:\/\/captain-guitar-lounge.com\/en\/product\/weber-alnico-12a125a-kopie\/"]}]},{"@type":"ImageObject","inLanguage":"en-US","@id":"https:\/\/captain-guitar-lounge.com\/en\/product\/weber-alnico-12a125a-kopie\/#primaryimage","url":"https:\/\/captain-guitar-lounge.com\/wp-content\/uploads\/2020\/09\/15A125A_front.jpg","contentUrl":"https:\/\/captain-guitar-lounge.com\/wp-content\/uploads\/2020\/09\/15A125A_front.jpg","width":543,"height":542,"caption":"15A125A_front"},{"@type":"BreadcrumbList","@id":"https:\/\/captain-guitar-lounge.com\/en\/product\/weber-alnico-12a125a-kopie\/#breadcrumb","itemListElement":[{"@type":"ListItem","position":1,"name":"Startseite","item":"https:\/\/captain-guitar-lounge.com\/en\/captain-guitar-lounge\/"},{"@type":"ListItem","position":2,"name":"Shop","item":"https:\/\/captain-guitar-lounge.com\/shop\/"},{"@type":"ListItem","position":3,"name":"Weber Alnico 15A125A"}]},{"@type":"WebSite","@id":"https:\/\/captain-guitar-lounge.com\/en\/#website","url":"https:\/\/captain-guitar-lounge.com\/en\/","name":"captain-guitar-lounge.com","description":"Fine Amps and Guitars and more","potentialAction":[{"@type":"SearchAction","target":{"@type":"EntryPoint","urlTemplate":"https:\/\/captain-guitar-lounge.com\/en\/?s={search_term_string}"},"query-input":{"@type":"PropertyValueSpecification","valueRequired":true,"valueName":"search_term_string"}}],"inLanguage":"en-US"}]}},"_links":{"self":[{"href":"https:\/\/captain-guitar-lounge.com\/en\/wp-json\/wp\/v2\/product\/16572","targetHints":{"allow":["GET"]}}],"collection":[{"href":"https:\/\/captain-guitar-lounge.com\/en\/wp-json\/wp\/v2\/product"}],"about":[{"href":"https:\/\/captain-guitar-lounge.com\/en\/wp-json\/wp\/v2\/types\/product"}],"replies":[{"embeddable":true,"href":"https:\/\/captain-guitar-lounge.com\/en\/wp-json\/wp\/v2\/comments?post=16572"}],"wp:featuredmedia":[{"embeddable":true,"href":"https:\/\/captain-guitar-lounge.com\/en\/wp-json\/wp\/v2\/media\/16575"}],"wp:attachment":[{"href":"https:\/\/captain-guitar-lounge.com\/en\/wp-json\/wp\/v2\/media?parent=16572"}],"wp:term":[{"taxonomy":"product_brand","embeddable":true,"href":"https:\/\/captain-guitar-lounge.com\/en\/wp-json\/wp\/v2\/product_brand?post=16572"},{"taxonomy":"product_cat","embeddable":true,"href":"https:\/\/captain-guitar-lounge.com\/en\/wp-json\/wp\/v2\/product_cat?post=16572"},{"taxonomy":"product_tag","embeddable":true,"href":"https:\/\/captain-guitar-lounge.com\/en\/wp-json\/wp\/v2\/product_tag?post=16572"}],"curies":[{"name":"wp","href":"https:\/\/api.w.org\/{rel}","templated":true}]}}