{"id":166565,"date":"2024-08-12T10:55:07","date_gmt":"2024-08-12T08:55:07","guid":{"rendered":"https:\/\/captain-guitar-lounge.com\/?post_type=product&#038;p=166565"},"modified":"2024-08-23T14:49:57","modified_gmt":"2024-08-23T12:49:57","slug":"1953-gibson-les-paul-gold-top-p-90-id-4194","status":"publish","type":"product","link":"https:\/\/captain-guitar-lounge.com\/en\/product\/1953-gibson-les-paul-gold-top-p-90-id-4194\/","title":{"rendered":"1953 Gibson &#8211; Les Paul &#8211; Gold Top P-90 &#8211; ID 4194"},"content":{"rendered":"<p>Mittlerweile liegt es schon acht Jahre zur\u00fcck, dass <a href=\"https:\/\/de.wikipedia.org\/wiki\/Paul_Vincent\"><strong>Paul Vincent<\/strong><\/a> verstorben ist.<br \/>\nViele seiner Instrumente und Verst\u00e4rker durften wir in der Guitar Lounge verkaufen und jetzt k\u00f6nnen wir auch noch dieses feine St\u00fcck anbieten.<br \/>\nDiese sp\u00e4te 53er Goldtop mit Wraparound Bridge hat schon den gr\u00f6sseren Halswinkel im Gegensatz zu den fr\u00fchen Goldtops mit Trapez Tail Piece und entpricht damit der 54er Spezifikation.<\/p>\n<p>Diese Sch\u00f6nheit ist schon seit den 70ern im Besitz vom Paul und hat im Lauf der Jahre so manche Ver\u00e4nderung mitgemacht.<br \/>\nPaul hatte mal P-100 Pickups verbaut, die h\u00f6her aufbauen. Deswegen musste das Mahagony unter den Pickups etwas tiefer gefr\u00e4st werden, damit die P-100 genug Platz haben.<br \/>\nAuf jeden Fall sind jetzt wieder die originalen P-90 verbaut.<br \/>\nDie Kluson Mechaniken wurden gegen Grover Tuner getauscht.<br \/>\nDie Elektronik (Potis und Kondensatoren) wurden vor Jahren erneuert, leider sind die originalen nicht mehr da.<br \/>\nDie Jackplate ist nicht original, ebenso die kompensierte Wraparound Bridge.<\/p>\n<p>Mahagony Body<br \/>\nMaple Top<br \/>\nGold Nitro Finish<br \/>\nMahagony Neck<br \/>\nBrazilian Rosewood Fretboard (Cites beantragt)<br \/>\n22 Medium Jumbo Frets in very good condition<br \/>\n43mm Nut Width<br \/>\n4276 Gramm<\/p>\n<p><a href=\"https:\/\/captain-guitar-lounge.com\/wp-content\/uploads\/2024\/08\/Paul-Vincent.jpg\"><img loading=\"lazy\" decoding=\"async\" class=\"alignnone size-full wp-image-166989\" src=\"https:\/\/captain-guitar-lounge.com\/wp-content\/uploads\/2024\/08\/Paul-Vincent.jpg\" alt=\"\" width=\"300\" height=\"300\" \/> <\/a><a href=\"https:\/\/captain-guitar-lounge.com\/wp-content\/uploads\/2024\/08\/Paul-Vincent-1953-Les-Paul-Goldtop.jpg\"><img loading=\"lazy\" decoding=\"async\" class=\"alignnone size-medium wp-image-168160\" src=\"https:\/\/captain-guitar-lounge.com\/wp-content\/uploads\/2024\/08\/Paul-Vincent-1953-Les-Paul-Goldtop-300x154.jpg\" alt=\"\" width=\"300\" height=\"154\" \/><\/a><\/p>\n","protected":false},"excerpt":{"rendered":"<p><strong>Ex Paul Vincent<\/strong><br \/>\nZustand: Gut<br \/>\nSerNr: 32662<br \/>\nGewicht: 4,3 kg<br \/>\nVersandklasse:<a href=\"https:\/\/captain-guitar-lounge.com\/versand__lieferung\/\"> Standard<\/a><br \/>\nKoffer\/Case: ja, aus den 80ern\/90ern<br \/>\nVermittlungsverkauf: 16227<\/p>\n","protected":false},"featured_media":166622,"comment_status":"closed","ping_status":"closed","template":"","meta":{"_et_pb_use_builder":"","_et_pb_old_content":"","_et_gb_content_width":""},"product_brand":[],"product_cat":[60],"product_tag":[2540,2434,76],"class_list":{"0":"post-166565","1":"product","2":"type-product","3":"status-publish","4":"has-post-thumbnail","6":"product_cat-electric-guitars","7":"product_tag-celebrity-owned","8":"product_tag-les-paul","9":"product_tag-vintage","10":"product_shipping_class-standard","11":"pa_baujahr-50s","13":"first","14":"outofstock","15":"sold-individually","16":"purchasable","17":"product-type-simple"},"composite_virtual":false,"composite_layout":"","composite_add_to_cart_form_location":"","composite_editable_in_cart":false,"composite_sold_individually_context":"","composite_shop_price_calc":"","composite_components":[],"composite_scenarios":[],"pp_statuses_selecting_workflow":false,"pp_workflow_action":"current","pp_status_selection":"publish","yoast_head":"<!-- This site is optimized with the Yoast SEO plugin v26.8 - https:\/\/yoast.com\/product\/yoast-seo-wordpress\/ -->\n<title>1953 Gibson - Les Paul - Gold Top P-90 - ID 4194 - captain-guitar-lounge.com<\/title>\n<meta name=\"robots\" content=\"index, follow, max-snippet:-1, max-image-preview:large, max-video-preview:-1\" \/>\n<link rel=\"canonical\" href=\"https:\/\/captain-guitar-lounge.com\/en\/product\/1953-gibson-les-paul-gold-top-p-90-id-4194\/\" \/>\n<meta property=\"og:locale\" content=\"en_US\" \/>\n<meta property=\"og:type\" content=\"article\" \/>\n<meta property=\"og:title\" content=\"1953 Gibson - Les Paul - Gold Top P-90 - ID 4194 - captain-guitar-lounge.com\" \/>\n<meta property=\"og:description\" content=\"Ex Paul Vincent Zustand: Gut SerNr: 32662 Gewicht: 4,3 kg Versandklasse: Standard Koffer\/Case: ja, aus den 80ern\/90ern Vermittlungsverkauf: 16227\" \/>\n<meta property=\"og:url\" content=\"https:\/\/captain-guitar-lounge.com\/en\/product\/1953-gibson-les-paul-gold-top-p-90-id-4194\/\" \/>\n<meta property=\"og:site_name\" content=\"captain-guitar-lounge.com\" \/>\n<meta property=\"article:publisher\" content=\"https:\/\/www.facebook.com\/Captain-Guitar-Lounge-140457272682315\/\" \/>\n<meta property=\"article:modified_time\" content=\"2024-08-23T12:49:57+00:00\" \/>\n<meta property=\"og:image\" content=\"https:\/\/captain-guitar-lounge.com\/wp-content\/uploads\/2024\/08\/1953-Gibson-Les-Paul-Gold-Top-P-90-ID-4194IMG_E2709.jpg\" \/>\n\t<meta property=\"og:image:width\" content=\"1024\" \/>\n\t<meta property=\"og:image:height\" content=\"1024\" \/>\n\t<meta property=\"og:image:type\" content=\"image\/jpeg\" \/>\n<meta name=\"twitter:card\" content=\"summary_large_image\" \/>\n<meta name=\"twitter:label1\" content=\"Est. reading time\" \/>\n\t<meta name=\"twitter:data1\" content=\"2 minutes\" \/>\n<script type=\"application\/ld+json\" class=\"yoast-schema-graph\">{\"@context\":\"https:\/\/schema.org\",\"@graph\":[{\"@type\":\"WebPage\",\"@id\":\"https:\/\/captain-guitar-lounge.com\/en\/product\/1953-gibson-les-paul-gold-top-p-90-id-4194\/\",\"url\":\"https:\/\/captain-guitar-lounge.com\/en\/product\/1953-gibson-les-paul-gold-top-p-90-id-4194\/\",\"name\":\"1953 Gibson - Les Paul - Gold Top P-90 - ID 4194 - captain-guitar-lounge.com\",\"isPartOf\":{\"@id\":\"https:\/\/captain-guitar-lounge.com\/en\/#website\"},\"primaryImageOfPage\":{\"@id\":\"https:\/\/captain-guitar-lounge.com\/en\/product\/1953-gibson-les-paul-gold-top-p-90-id-4194\/#primaryimage\"},\"image\":{\"@id\":\"https:\/\/captain-guitar-lounge.com\/en\/product\/1953-gibson-les-paul-gold-top-p-90-id-4194\/#primaryimage\"},\"thumbnailUrl\":\"https:\/\/captain-guitar-lounge.com\/wp-content\/uploads\/2024\/08\/1953-Gibson-Les-Paul-Gold-Top-P-90-ID-4194IMG_E2709.jpg\",\"datePublished\":\"2024-08-12T08:55:07+00:00\",\"dateModified\":\"2024-08-23T12:49:57+00:00\",\"breadcrumb\":{\"@id\":\"https:\/\/captain-guitar-lounge.com\/en\/product\/1953-gibson-les-paul-gold-top-p-90-id-4194\/#breadcrumb\"},\"inLanguage\":\"en-US\",\"potentialAction\":[{\"@type\":\"ReadAction\",\"target\":[\"https:\/\/captain-guitar-lounge.com\/en\/product\/1953-gibson-les-paul-gold-top-p-90-id-4194\/\"]}]},{\"@type\":\"ImageObject\",\"inLanguage\":\"en-US\",\"@id\":\"https:\/\/captain-guitar-lounge.com\/en\/product\/1953-gibson-les-paul-gold-top-p-90-id-4194\/#primaryimage\",\"url\":\"https:\/\/captain-guitar-lounge.com\/wp-content\/uploads\/2024\/08\/1953-Gibson-Les-Paul-Gold-Top-P-90-ID-4194IMG_E2709.jpg\",\"contentUrl\":\"https:\/\/captain-guitar-lounge.com\/wp-content\/uploads\/2024\/08\/1953-Gibson-Les-Paul-Gold-Top-P-90-ID-4194IMG_E2709.jpg\",\"width\":1024,\"height\":1024},{\"@type\":\"BreadcrumbList\",\"@id\":\"https:\/\/captain-guitar-lounge.com\/en\/product\/1953-gibson-les-paul-gold-top-p-90-id-4194\/#breadcrumb\",\"itemListElement\":[{\"@type\":\"ListItem\",\"position\":1,\"name\":\"Startseite\",\"item\":\"https:\/\/captain-guitar-lounge.com\/en\/\"},{\"@type\":\"ListItem\",\"position\":2,\"name\":\"Shop\",\"item\":\"https:\/\/captain-guitar-lounge.com\/shop\/\"},{\"@type\":\"ListItem\",\"position\":3,\"name\":\"1953 Gibson &#8211; Les Paul &#8211; Gold Top P-90 &#8211; ID 4194\"}]},{\"@type\":\"WebSite\",\"@id\":\"https:\/\/captain-guitar-lounge.com\/en\/#website\",\"url\":\"https:\/\/captain-guitar-lounge.com\/en\/\",\"name\":\"captain-guitar-lounge.com\",\"description\":\"Fine Amps and Guitars and more\",\"potentialAction\":[{\"@type\":\"SearchAction\",\"target\":{\"@type\":\"EntryPoint\",\"urlTemplate\":\"https:\/\/captain-guitar-lounge.com\/en\/?s={search_term_string}\"},\"query-input\":{\"@type\":\"PropertyValueSpecification\",\"valueRequired\":true,\"valueName\":\"search_term_string\"}}],\"inLanguage\":\"en-US\"}]}<\/script>\n<!-- \/ Yoast SEO plugin. -->","yoast_head_json":{"title":"1953 Gibson - Les Paul - Gold Top P-90 - ID 4194 - captain-guitar-lounge.com","robots":{"index":"index","follow":"follow","max-snippet":"max-snippet:-1","max-image-preview":"max-image-preview:large","max-video-preview":"max-video-preview:-1"},"canonical":"https:\/\/captain-guitar-lounge.com\/en\/product\/1953-gibson-les-paul-gold-top-p-90-id-4194\/","og_locale":"en_US","og_type":"article","og_title":"1953 Gibson - Les Paul - Gold Top P-90 - ID 4194 - captain-guitar-lounge.com","og_description":"Ex Paul Vincent Zustand: Gut SerNr: 32662 Gewicht: 4,3 kg Versandklasse: Standard Koffer\/Case: ja, aus den 80ern\/90ern Vermittlungsverkauf: 16227","og_url":"https:\/\/captain-guitar-lounge.com\/en\/product\/1953-gibson-les-paul-gold-top-p-90-id-4194\/","og_site_name":"captain-guitar-lounge.com","article_publisher":"https:\/\/www.facebook.com\/Captain-Guitar-Lounge-140457272682315\/","article_modified_time":"2024-08-23T12:49:57+00:00","og_image":[{"width":1024,"height":1024,"url":"https:\/\/captain-guitar-lounge.com\/wp-content\/uploads\/2024\/08\/1953-Gibson-Les-Paul-Gold-Top-P-90-ID-4194IMG_E2709.jpg","type":"image\/jpeg"}],"twitter_card":"summary_large_image","twitter_misc":{"Est. reading time":"2 minutes"},"schema":{"@context":"https:\/\/schema.org","@graph":[{"@type":"WebPage","@id":"https:\/\/captain-guitar-lounge.com\/en\/product\/1953-gibson-les-paul-gold-top-p-90-id-4194\/","url":"https:\/\/captain-guitar-lounge.com\/en\/product\/1953-gibson-les-paul-gold-top-p-90-id-4194\/","name":"1953 Gibson - Les Paul - Gold Top P-90 - ID 4194 - captain-guitar-lounge.com","isPartOf":{"@id":"https:\/\/captain-guitar-lounge.com\/en\/#website"},"primaryImageOfPage":{"@id":"https:\/\/captain-guitar-lounge.com\/en\/product\/1953-gibson-les-paul-gold-top-p-90-id-4194\/#primaryimage"},"image":{"@id":"https:\/\/captain-guitar-lounge.com\/en\/product\/1953-gibson-les-paul-gold-top-p-90-id-4194\/#primaryimage"},"thumbnailUrl":"https:\/\/captain-guitar-lounge.com\/wp-content\/uploads\/2024\/08\/1953-Gibson-Les-Paul-Gold-Top-P-90-ID-4194IMG_E2709.jpg","datePublished":"2024-08-12T08:55:07+00:00","dateModified":"2024-08-23T12:49:57+00:00","breadcrumb":{"@id":"https:\/\/captain-guitar-lounge.com\/en\/product\/1953-gibson-les-paul-gold-top-p-90-id-4194\/#breadcrumb"},"inLanguage":"en-US","potentialAction":[{"@type":"ReadAction","target":["https:\/\/captain-guitar-lounge.com\/en\/product\/1953-gibson-les-paul-gold-top-p-90-id-4194\/"]}]},{"@type":"ImageObject","inLanguage":"en-US","@id":"https:\/\/captain-guitar-lounge.com\/en\/product\/1953-gibson-les-paul-gold-top-p-90-id-4194\/#primaryimage","url":"https:\/\/captain-guitar-lounge.com\/wp-content\/uploads\/2024\/08\/1953-Gibson-Les-Paul-Gold-Top-P-90-ID-4194IMG_E2709.jpg","contentUrl":"https:\/\/captain-guitar-lounge.com\/wp-content\/uploads\/2024\/08\/1953-Gibson-Les-Paul-Gold-Top-P-90-ID-4194IMG_E2709.jpg","width":1024,"height":1024},{"@type":"BreadcrumbList","@id":"https:\/\/captain-guitar-lounge.com\/en\/product\/1953-gibson-les-paul-gold-top-p-90-id-4194\/#breadcrumb","itemListElement":[{"@type":"ListItem","position":1,"name":"Startseite","item":"https:\/\/captain-guitar-lounge.com\/en\/"},{"@type":"ListItem","position":2,"name":"Shop","item":"https:\/\/captain-guitar-lounge.com\/shop\/"},{"@type":"ListItem","position":3,"name":"1953 Gibson &#8211; Les Paul &#8211; Gold Top P-90 &#8211; ID 4194"}]},{"@type":"WebSite","@id":"https:\/\/captain-guitar-lounge.com\/en\/#website","url":"https:\/\/captain-guitar-lounge.com\/en\/","name":"captain-guitar-lounge.com","description":"Fine Amps and Guitars and more","potentialAction":[{"@type":"SearchAction","target":{"@type":"EntryPoint","urlTemplate":"https:\/\/captain-guitar-lounge.com\/en\/?s={search_term_string}"},"query-input":{"@type":"PropertyValueSpecification","valueRequired":true,"valueName":"search_term_string"}}],"inLanguage":"en-US"}]}},"_links":{"self":[{"href":"https:\/\/captain-guitar-lounge.com\/en\/wp-json\/wp\/v2\/product\/166565","targetHints":{"allow":["GET"]}}],"collection":[{"href":"https:\/\/captain-guitar-lounge.com\/en\/wp-json\/wp\/v2\/product"}],"about":[{"href":"https:\/\/captain-guitar-lounge.com\/en\/wp-json\/wp\/v2\/types\/product"}],"replies":[{"embeddable":true,"href":"https:\/\/captain-guitar-lounge.com\/en\/wp-json\/wp\/v2\/comments?post=166565"}],"wp:featuredmedia":[{"embeddable":true,"href":"https:\/\/captain-guitar-lounge.com\/en\/wp-json\/wp\/v2\/media\/166622"}],"wp:attachment":[{"href":"https:\/\/captain-guitar-lounge.com\/en\/wp-json\/wp\/v2\/media?parent=166565"}],"wp:term":[{"taxonomy":"product_brand","embeddable":true,"href":"https:\/\/captain-guitar-lounge.com\/en\/wp-json\/wp\/v2\/product_brand?post=166565"},{"taxonomy":"product_cat","embeddable":true,"href":"https:\/\/captain-guitar-lounge.com\/en\/wp-json\/wp\/v2\/product_cat?post=166565"},{"taxonomy":"product_tag","embeddable":true,"href":"https:\/\/captain-guitar-lounge.com\/en\/wp-json\/wp\/v2\/product_tag?post=166565"}],"curies":[{"name":"wp","href":"https:\/\/api.w.org\/{rel}","templated":true}]}}