{"id":17492,"date":"2020-10-27T11:31:02","date_gmt":"2020-10-27T10:31:02","guid":{"rendered":"https:\/\/captain-guitar-lounge.com\/?p=17492&#038;post_type=product&#038;preview_id=17492"},"modified":"2023-12-07T16:07:18","modified_gmt":"2023-12-07T15:07:18","slug":"captain-fbr-sixtythree-brown-reverb-amp","status":"publish","type":"product","link":"https:\/\/captain-guitar-lounge.com\/en\/product\/captain-fbr-sixtythree-brown-reverb-amp\/","title":{"rendered":"Captain FBR SixtyThree Brown Reverb Amp"},"content":{"rendered":"<div class=\"n module-type-text diyfeLiveArea \">\n<p>Der braune Vibroverb mit der 6G16 Schaltung war der erste Fender Verst\u00e4rker mit eingebautem Reverb. Das macht ihn unter Sammlern sehr beliebt. Und weil 1963 nicht mal 500 Exemplare gebaut wurden ist er einer der teuersten Vintage Fender Amps auf dem Markt und zudem schwer zu finden.<br \/>\nDie Reverb-Schaltung ist in einigen Punkten anders als die sp\u00e4tere Blackface-Schaltung. Als Treiber wird eine 12AX7 verwendet, die macht mehr Gain kann aber nicht soviel Strom liefern wie die sp\u00e4ter verwendete 12AT7. Der wesentliche Unterschied liegt jedoch in der Mischstufe, die auf die grosse Pegel-Reduzierung verzichtet und viel dynamischer reagiert.<br \/>\nAuch deshalb hat der Amp etwas mehr Gain als seine Nachfolger und kommt je nach Gitarrentyp schon relativ fr\u00fch in eine weiche, warme S\u00e4ttigung. Der optionale PPIMV hilft dann, die Lautst\u00e4rke an die Gegebenheiten anzupassen.<br \/>\nDas Tremolo moduliert hier noch die Endstufenr\u00f6hren und arbeitet sehr viel geschmeidiger als die sp\u00e4tere Variante mit dem Optokoppler.<br \/>\nNat\u00fcrlich verwenden wir auch hier wieder Trafos von Mercury Magnetics und Weber Speaker.<br \/>\nWie \u00fcblich sind die Amps mit guten Bauteilen und viel Know-How und Liebe zum Detail handverdrahtet, und das h\u00f6rt man schon beim ersten Anschlag.<br \/>\nAls Speaker verwenden wir zwei Weber Ceramic 10F125, die sind sehr nah an den Oxford Speakern aus den Sechzigern und haben nicht diese scharfen H\u00f6hen wie die allermeisten modernen Lautsprecher.<\/p>\n<\/div>\n<div class=\"n module-type-text diyfeLiveArea \">\n<div class=\"n module-type-text diyfeLiveArea \">\n<div class=\"n\">\n<div class=\"n\">\n<hr \/>\n<p>Dar\u00fcberhinaus kann der <strong>Captain Brown Reverb SixtyThree<\/strong> mit weiteren Optionen an Deine Bed\u00fcrfnisse angepasst werden:<br \/>\n\u2013 PPIMV Master Volume\u00a0 <strong>97,- Euro<\/strong><br \/>\n\u2013 Captain Power Soak <a href=\"https:\/\/www.captain-koerg.de\/amp-mods\/captain-power-soak\/\"><strong>CPS60<\/strong><\/a><br \/>\n\u2013 NOS R\u00f6hren auf Anfrage<strong><br \/>\n<\/strong>\u2013 Tolex und Frontbespannung nach Kundenwunsch ab <strong>97,- Euro<br \/>\n<\/strong>\u00a0\u00a0\u00a0\u00a0\u00a0\u00a0\u00a0\u00a0 Eine Auswahl findest du<a href=\"https:\/\/www.captain-koerg.de\/captain-amps\/geh%C3%A4usebau\/standard-tolex-grille\/\"><strong> HIER<\/strong><\/a><\/p>\n<p>Und auf Wunsch machen wir dir ein passendes <a href=\"https:\/\/www.captain-koerg.de\/shop\/captain-amp-covers\/\"><strong>Captain Amp Cover<\/strong><\/a>\u00a0oder ein <a href=\"https:\/\/www.captain-koerg.de\/shop\/captain-easy-case\/\"><strong>Captain Easy Case<\/strong><\/a>.<\/p>\n<\/div>\n<\/div>\n<\/div>\n<\/div>\n","protected":false},"excerpt":{"rendered":"<hr \/>\n<p>Wie bei allen <a href=\"https:\/\/captain-guitar-lounge.com\/produkt-kategorie\/captain-amps\/captain-classic-amps\/\"><strong>Captain Classic Amps<\/strong><\/a> verwenden wir auch hier <strong>Mercury Magnetics<\/strong> Trafos und <strong>Weber<\/strong> Speaker aus den USA.<br \/>\nUnd auch die anderen Bauteile sind selektiert um dem Originalsound so nahe wie m\u00f6glich zu kommen.<br \/>\nDer Verst\u00e4rker wird wie das Vorbild liebevoll und mit viel Erfahrung handverdrahtet.<\/p>\n<p><strong>Technische Daten Captain FBR63 Brown Reverb Amp<br \/>\n<\/strong>Vollr\u00f6hrenverst\u00e4rker in Class AB<br \/>\n<strong>Leistung: <\/strong>ca. 40Watt<br \/>\n<strong>Ma\u00dfe: ca. <\/strong>61,5cm x 44cm x 24cm<br \/>\n<strong>Gewicht: <\/strong>ca. 22,5kg<br \/>\n<strong>Effekte: <\/strong>R\u00f6hrengetriebener Federhall und Bias-Tremolo, beides fu\u00dfschaltbar<br \/>\n<strong>R\u00f6hrengleichrichtung: <\/strong>GZ34<br \/>\n<strong>Vorstufenr\u00f6hren: <\/strong>6x 12AX7<br \/>\n<strong>Endstufenr\u00f6hren:<\/strong> 2x 6L6GC<br \/>\n<strong>Speaker: <\/strong>2x Weber 10F125 8Ohm 30Watt incl. 24hrs Captain Speaker Shakedown<br \/>\n<strong>Geh\u00e4use: <\/strong>Massivholz<br \/>\n<strong>Bezug: <\/strong>Brown Tolex mit Tan&amp;Brown Grillcloth<br \/>\n<strong>Frontplatte: <\/strong>Schwarz mit weissen Ziffern und Black Barrel Knobs<br \/>\n<strong>Zubeh\u00f6r<\/strong>: Fu\u00dfschalter f\u00fcr Tremolo und Reverb<\/p>\n<p>(Technische \u00c4nderungen vorbehalten)<\/p>\n<p>Dieser Verst\u00e4rker wird auf Bestellung f\u00fcr Dich angefertigt, \u00c4nderungsw\u00fcnsche sind daher immer m\u00f6glich!<br \/>\nDie Lieferzeit betr\u00e4gt vier Wochen bis drei Monate, je nach den gew\u00fcnschten Optionen und der Verf\u00fcgbarkeit.<\/p>\n<div>Incl. <a href=\"https:\/\/captain-guitar-lounge.com\/produkt\/captain-speaker-shakedown\/\">24hrs Captain Speaker Shakedown <\/a>f\u00fcr die Lautsprecher.<br \/>\nAndere Lautsprecher auf Anfrage.<\/p>\n<hr \/>\n<\/div>\n","protected":false},"featured_media":17495,"comment_status":"closed","ping_status":"closed","template":"","meta":{"_et_pb_use_builder":"","_et_pb_old_content":"","_et_gb_content_width":""},"product_brand":[],"product_cat":[735],"product_tag":[],"class_list":{"0":"post-17492","1":"product","2":"type-product","3":"status-publish","4":"has-post-thumbnail","6":"product_cat-captain-classic-amps","7":"product_shipping_class-large","8":"pa_amp-features-reverb","9":"pa_amp-features-tremolo","10":"pa_amp-features-master-volume","11":"pa_amp-features-powersoak","12":"pa_artikelzustand-neuer-artikel","13":"pa_captain-amp-leistung-bis-40-watt","14":"pa_captain-amp-serie-captain-classic-amps","15":"pa_captain-amp-speaker-10-zoll","16":"pa_captain-amp-style-us-early-sixties","17":"pa_captain-amp-tubes-6l6","19":"first","20":"onbackorder","21":"taxable","22":"shipping-taxable","23":"purchasable","24":"product-type-simple"},"composite_virtual":false,"composite_layout":"","composite_add_to_cart_form_location":"","composite_editable_in_cart":false,"composite_sold_individually_context":"","composite_shop_price_calc":"","composite_components":[],"composite_scenarios":[],"pp_statuses_selecting_workflow":false,"pp_workflow_action":"current","pp_status_selection":"publish","yoast_head":"<!-- This site is optimized with the Yoast SEO plugin v26.8 - https:\/\/yoast.com\/product\/yoast-seo-wordpress\/ -->\n<title>Captain FBR SixtyThree Brown Reverb Amp - captain-guitar-lounge.com<\/title>\n<meta name=\"robots\" content=\"index, follow, max-snippet:-1, max-image-preview:large, max-video-preview:-1\" \/>\n<link rel=\"canonical\" href=\"https:\/\/captain-guitar-lounge.com\/en\/product\/captain-fbr-sixtythree-brown-reverb-amp\/\" \/>\n<meta property=\"og:locale\" content=\"en_US\" \/>\n<meta property=\"og:type\" content=\"article\" \/>\n<meta property=\"og:title\" content=\"Captain FBR SixtyThree Brown Reverb Amp - captain-guitar-lounge.com\" \/>\n<meta property=\"og:description\" content=\"Wie bei allen Captain Classic Amps verwenden wir auch hier Mercury Magnetics Trafos und Weber Speaker aus den USA. Und auch die anderen Bauteile sind selektiert um dem Originalsound so nahe wie m\u00f6glich zu kommen. Der Verst\u00e4rker wird wie das Vorbild liebevoll und mit viel Erfahrung handverdrahtet.  Technische Daten Captain FBR63 Brown Reverb Amp Vollr\u00f6hrenverst\u00e4rker in Class AB Leistung: ca. 40Watt Ma\u00dfe: ca. 61,5cm x 44cm x 24cm Gewicht: ca. 22,5kg Effekte: R\u00f6hrengetriebener Federhall und Bias-Tremolo, beides fu\u00dfschaltbar R\u00f6hrengleichrichtung: GZ34 Vorstufenr\u00f6hren: 6x 12AX7 Endstufenr\u00f6hren: 2x 6L6GC Speaker: 2x Weber 10F125 8Ohm 30Watt incl. 24hrs Captain Speaker Shakedown Geh\u00e4use: Massivholz Bezug: Brown Tolex mit Tan&amp;Brown Grillcloth Frontplatte: Schwarz mit weissen Ziffern und Black Barrel Knobs Zubeh\u00f6r: Fu\u00dfschalter f\u00fcr Tremolo und Reverb  (Technische \u00c4nderungen vorbehalten)  Dieser Verst\u00e4rker wird auf Bestellung f\u00fcr Dich angefertigt, \u00c4nderungsw\u00fcnsche sind daher immer m\u00f6glich! Die Lieferzeit betr\u00e4gt vier Wochen bis drei Monate, je nach den gew\u00fcnschten Optionen und der Verf\u00fcgbarkeit. Incl. 24hrs Captain Speaker Shakedown f\u00fcr die Lautsprecher. Andere Lautsprecher auf Anfrage.\" \/>\n<meta property=\"og:url\" content=\"https:\/\/captain-guitar-lounge.com\/en\/product\/captain-fbr-sixtythree-brown-reverb-amp\/\" \/>\n<meta property=\"og:site_name\" content=\"captain-guitar-lounge.com\" \/>\n<meta property=\"article:publisher\" content=\"https:\/\/www.facebook.com\/Captain-Guitar-Lounge-140457272682315\/\" \/>\n<meta property=\"article:modified_time\" content=\"2023-12-07T15:07:18+00:00\" \/>\n<meta property=\"og:image\" content=\"https:\/\/captain-guitar-lounge.com\/wp-content\/uploads\/2020\/10\/k-IMG_2517.jpg\" \/>\n\t<meta property=\"og:image:width\" content=\"1024\" \/>\n\t<meta property=\"og:image:height\" content=\"768\" \/>\n\t<meta property=\"og:image:type\" content=\"image\/jpeg\" \/>\n<meta name=\"twitter:card\" content=\"summary_large_image\" \/>\n<meta name=\"twitter:label1\" content=\"Est. reading time\" \/>\n\t<meta name=\"twitter:data1\" content=\"2 minutes\" \/>\n<script type=\"application\/ld+json\" class=\"yoast-schema-graph\">{\"@context\":\"https:\/\/schema.org\",\"@graph\":[{\"@type\":\"WebPage\",\"@id\":\"https:\/\/captain-guitar-lounge.com\/en\/product\/captain-fbr-sixtythree-brown-reverb-amp\/\",\"url\":\"https:\/\/captain-guitar-lounge.com\/en\/product\/captain-fbr-sixtythree-brown-reverb-amp\/\",\"name\":\"Captain FBR SixtyThree Brown Reverb Amp - captain-guitar-lounge.com\",\"isPartOf\":{\"@id\":\"https:\/\/captain-guitar-lounge.com\/en\/#website\"},\"primaryImageOfPage\":{\"@id\":\"https:\/\/captain-guitar-lounge.com\/en\/product\/captain-fbr-sixtythree-brown-reverb-amp\/#primaryimage\"},\"image\":{\"@id\":\"https:\/\/captain-guitar-lounge.com\/en\/product\/captain-fbr-sixtythree-brown-reverb-amp\/#primaryimage\"},\"thumbnailUrl\":\"https:\/\/captain-guitar-lounge.com\/wp-content\/uploads\/2020\/10\/k-IMG_2517.jpg\",\"datePublished\":\"2020-10-27T10:31:02+00:00\",\"dateModified\":\"2023-12-07T15:07:18+00:00\",\"breadcrumb\":{\"@id\":\"https:\/\/captain-guitar-lounge.com\/en\/product\/captain-fbr-sixtythree-brown-reverb-amp\/#breadcrumb\"},\"inLanguage\":\"en-US\",\"potentialAction\":[{\"@type\":\"ReadAction\",\"target\":[\"https:\/\/captain-guitar-lounge.com\/en\/product\/captain-fbr-sixtythree-brown-reverb-amp\/\"]}]},{\"@type\":\"ImageObject\",\"inLanguage\":\"en-US\",\"@id\":\"https:\/\/captain-guitar-lounge.com\/en\/product\/captain-fbr-sixtythree-brown-reverb-amp\/#primaryimage\",\"url\":\"https:\/\/captain-guitar-lounge.com\/wp-content\/uploads\/2020\/10\/k-IMG_2517.jpg\",\"contentUrl\":\"https:\/\/captain-guitar-lounge.com\/wp-content\/uploads\/2020\/10\/k-IMG_2517.jpg\",\"width\":1024,\"height\":768,\"caption\":\"Vibroverb 6G16\"},{\"@type\":\"BreadcrumbList\",\"@id\":\"https:\/\/captain-guitar-lounge.com\/en\/product\/captain-fbr-sixtythree-brown-reverb-amp\/#breadcrumb\",\"itemListElement\":[{\"@type\":\"ListItem\",\"position\":1,\"name\":\"Startseite\",\"item\":\"https:\/\/captain-guitar-lounge.com\/en\/\"},{\"@type\":\"ListItem\",\"position\":2,\"name\":\"Shop\",\"item\":\"https:\/\/captain-guitar-lounge.com\/shop\/\"},{\"@type\":\"ListItem\",\"position\":3,\"name\":\"Captain FBR SixtyThree Brown Reverb Amp\"}]},{\"@type\":\"WebSite\",\"@id\":\"https:\/\/captain-guitar-lounge.com\/en\/#website\",\"url\":\"https:\/\/captain-guitar-lounge.com\/en\/\",\"name\":\"captain-guitar-lounge.com\",\"description\":\"Fine Amps and Guitars and more\",\"potentialAction\":[{\"@type\":\"SearchAction\",\"target\":{\"@type\":\"EntryPoint\",\"urlTemplate\":\"https:\/\/captain-guitar-lounge.com\/en\/?s={search_term_string}\"},\"query-input\":{\"@type\":\"PropertyValueSpecification\",\"valueRequired\":true,\"valueName\":\"search_term_string\"}}],\"inLanguage\":\"en-US\"}]}<\/script>\n<!-- \/ Yoast SEO plugin. -->","yoast_head_json":{"title":"Captain FBR SixtyThree Brown Reverb Amp - captain-guitar-lounge.com","robots":{"index":"index","follow":"follow","max-snippet":"max-snippet:-1","max-image-preview":"max-image-preview:large","max-video-preview":"max-video-preview:-1"},"canonical":"https:\/\/captain-guitar-lounge.com\/en\/product\/captain-fbr-sixtythree-brown-reverb-amp\/","og_locale":"en_US","og_type":"article","og_title":"Captain FBR SixtyThree Brown Reverb Amp - captain-guitar-lounge.com","og_description":"Wie bei allen Captain Classic Amps verwenden wir auch hier Mercury Magnetics Trafos und Weber Speaker aus den USA. Und auch die anderen Bauteile sind selektiert um dem Originalsound so nahe wie m\u00f6glich zu kommen. Der Verst\u00e4rker wird wie das Vorbild liebevoll und mit viel Erfahrung handverdrahtet.  Technische Daten Captain FBR63 Brown Reverb Amp Vollr\u00f6hrenverst\u00e4rker in Class AB Leistung: ca. 40Watt Ma\u00dfe: ca. 61,5cm x 44cm x 24cm Gewicht: ca. 22,5kg Effekte: R\u00f6hrengetriebener Federhall und Bias-Tremolo, beides fu\u00dfschaltbar R\u00f6hrengleichrichtung: GZ34 Vorstufenr\u00f6hren: 6x 12AX7 Endstufenr\u00f6hren: 2x 6L6GC Speaker: 2x Weber 10F125 8Ohm 30Watt incl. 24hrs Captain Speaker Shakedown Geh\u00e4use: Massivholz Bezug: Brown Tolex mit Tan&amp;Brown Grillcloth Frontplatte: Schwarz mit weissen Ziffern und Black Barrel Knobs Zubeh\u00f6r: Fu\u00dfschalter f\u00fcr Tremolo und Reverb  (Technische \u00c4nderungen vorbehalten)  Dieser Verst\u00e4rker wird auf Bestellung f\u00fcr Dich angefertigt, \u00c4nderungsw\u00fcnsche sind daher immer m\u00f6glich! Die Lieferzeit betr\u00e4gt vier Wochen bis drei Monate, je nach den gew\u00fcnschten Optionen und der Verf\u00fcgbarkeit. Incl. 24hrs Captain Speaker Shakedown f\u00fcr die Lautsprecher. Andere Lautsprecher auf Anfrage.","og_url":"https:\/\/captain-guitar-lounge.com\/en\/product\/captain-fbr-sixtythree-brown-reverb-amp\/","og_site_name":"captain-guitar-lounge.com","article_publisher":"https:\/\/www.facebook.com\/Captain-Guitar-Lounge-140457272682315\/","article_modified_time":"2023-12-07T15:07:18+00:00","og_image":[{"width":1024,"height":768,"url":"https:\/\/captain-guitar-lounge.com\/wp-content\/uploads\/2020\/10\/k-IMG_2517.jpg","type":"image\/jpeg"}],"twitter_card":"summary_large_image","twitter_misc":{"Est. reading time":"2 minutes"},"schema":{"@context":"https:\/\/schema.org","@graph":[{"@type":"WebPage","@id":"https:\/\/captain-guitar-lounge.com\/en\/product\/captain-fbr-sixtythree-brown-reverb-amp\/","url":"https:\/\/captain-guitar-lounge.com\/en\/product\/captain-fbr-sixtythree-brown-reverb-amp\/","name":"Captain FBR SixtyThree Brown Reverb Amp - captain-guitar-lounge.com","isPartOf":{"@id":"https:\/\/captain-guitar-lounge.com\/en\/#website"},"primaryImageOfPage":{"@id":"https:\/\/captain-guitar-lounge.com\/en\/product\/captain-fbr-sixtythree-brown-reverb-amp\/#primaryimage"},"image":{"@id":"https:\/\/captain-guitar-lounge.com\/en\/product\/captain-fbr-sixtythree-brown-reverb-amp\/#primaryimage"},"thumbnailUrl":"https:\/\/captain-guitar-lounge.com\/wp-content\/uploads\/2020\/10\/k-IMG_2517.jpg","datePublished":"2020-10-27T10:31:02+00:00","dateModified":"2023-12-07T15:07:18+00:00","breadcrumb":{"@id":"https:\/\/captain-guitar-lounge.com\/en\/product\/captain-fbr-sixtythree-brown-reverb-amp\/#breadcrumb"},"inLanguage":"en-US","potentialAction":[{"@type":"ReadAction","target":["https:\/\/captain-guitar-lounge.com\/en\/product\/captain-fbr-sixtythree-brown-reverb-amp\/"]}]},{"@type":"ImageObject","inLanguage":"en-US","@id":"https:\/\/captain-guitar-lounge.com\/en\/product\/captain-fbr-sixtythree-brown-reverb-amp\/#primaryimage","url":"https:\/\/captain-guitar-lounge.com\/wp-content\/uploads\/2020\/10\/k-IMG_2517.jpg","contentUrl":"https:\/\/captain-guitar-lounge.com\/wp-content\/uploads\/2020\/10\/k-IMG_2517.jpg","width":1024,"height":768,"caption":"Vibroverb 6G16"},{"@type":"BreadcrumbList","@id":"https:\/\/captain-guitar-lounge.com\/en\/product\/captain-fbr-sixtythree-brown-reverb-amp\/#breadcrumb","itemListElement":[{"@type":"ListItem","position":1,"name":"Startseite","item":"https:\/\/captain-guitar-lounge.com\/en\/"},{"@type":"ListItem","position":2,"name":"Shop","item":"https:\/\/captain-guitar-lounge.com\/shop\/"},{"@type":"ListItem","position":3,"name":"Captain FBR SixtyThree Brown Reverb Amp"}]},{"@type":"WebSite","@id":"https:\/\/captain-guitar-lounge.com\/en\/#website","url":"https:\/\/captain-guitar-lounge.com\/en\/","name":"captain-guitar-lounge.com","description":"Fine Amps and Guitars and more","potentialAction":[{"@type":"SearchAction","target":{"@type":"EntryPoint","urlTemplate":"https:\/\/captain-guitar-lounge.com\/en\/?s={search_term_string}"},"query-input":{"@type":"PropertyValueSpecification","valueRequired":true,"valueName":"search_term_string"}}],"inLanguage":"en-US"}]}},"_links":{"self":[{"href":"https:\/\/captain-guitar-lounge.com\/en\/wp-json\/wp\/v2\/product\/17492","targetHints":{"allow":["GET"]}}],"collection":[{"href":"https:\/\/captain-guitar-lounge.com\/en\/wp-json\/wp\/v2\/product"}],"about":[{"href":"https:\/\/captain-guitar-lounge.com\/en\/wp-json\/wp\/v2\/types\/product"}],"replies":[{"embeddable":true,"href":"https:\/\/captain-guitar-lounge.com\/en\/wp-json\/wp\/v2\/comments?post=17492"}],"wp:featuredmedia":[{"embeddable":true,"href":"https:\/\/captain-guitar-lounge.com\/en\/wp-json\/wp\/v2\/media\/17495"}],"wp:attachment":[{"href":"https:\/\/captain-guitar-lounge.com\/en\/wp-json\/wp\/v2\/media?parent=17492"}],"wp:term":[{"taxonomy":"product_brand","embeddable":true,"href":"https:\/\/captain-guitar-lounge.com\/en\/wp-json\/wp\/v2\/product_brand?post=17492"},{"taxonomy":"product_cat","embeddable":true,"href":"https:\/\/captain-guitar-lounge.com\/en\/wp-json\/wp\/v2\/product_cat?post=17492"},{"taxonomy":"product_tag","embeddable":true,"href":"https:\/\/captain-guitar-lounge.com\/en\/wp-json\/wp\/v2\/product_tag?post=17492"}],"curies":[{"name":"wp","href":"https:\/\/api.w.org\/{rel}","templated":true}]}}