{"id":175666,"date":"2024-10-16T11:43:59","date_gmt":"2024-10-16T09:43:59","guid":{"rendered":"https:\/\/captain-guitar-lounge.com\/?post_type=product&#038;p=175666"},"modified":"2024-10-17T14:54:37","modified_gmt":"2024-10-17T12:54:37","slug":"boss-rc-3-loop-station-id-4439","status":"publish","type":"product","link":"https:\/\/captain-guitar-lounge.com\/en\/product\/boss-rc-3-loop-station-id-4439\/","title":{"rendered":"Boss &#8211; RC-3 &#8211; Loop Station &#8211; ID 4439"},"content":{"rendered":"<p>BOSS RC-3 Loop Station<br \/>\n99 Speicherpl\u00e4tze (f\u00fcr die insgesamt 3 Stunden Speicherzeit)<br \/>\nUSB-Anschluss zum Importieren\/Exportieren von Audiodaten &amp; Loops (WAV-Format)<br \/>\nStereo Ein- und Ausg\u00e4nge f\u00fcr einen kompletten Stereo-Signalweg (z.B. nach Stereo Chorus\/Echo\/Hall-Pedal bei Gitarre)<br \/>\n10 Drumpatterns (4\/4 oder 3\/4 Takt umschaltbar) mit &#8220;Tap Tempo&#8221;-Taster und Lautst\u00e4rkeregler<br \/>\nLOOP QUANTISE-Funktion f\u00fcr garantiert runde Loops beim Einspielen mit Drumpattern<br \/>\nAUX IN-Buchse zum Aufnehmen und Loopen z.B. vom MP3-Player<br \/>\nAnschluss von zwei Fu\u00dftastern m\u00f6glich (Aufw\u00e4rts\/Abw\u00e4rtsschalten von Speicherpl\u00e4tzen, Tap-Tempo, Stoppen beim RC-3 etc.)<br \/>\nOverdubs brauchen keinen weiteren Speicherplatz Umschaltreihenfolge \u00e4nderbar (&#8220;Aufnahme &#8211; Play &#8211; Overdub&#8221; oder &#8220;Aufnahme &#8211; Overdub &#8211; Play&#8221;)<br \/>\nONE SHOT-Funktion (einmaliges Abspielen von Loops)<br \/>\nUNDO\/REDO-Funktion (zum L\u00f6schen von fehlerhaften Overdubs)<br \/>\nAUTO START (automatischen Aufnahmestart bei Signaleingang) und COUNT IN (Aufnahme mit Einz\u00e4hler)<br \/>\nBeschleunigen\/Verlangsamen von Loops ohne Tonh\u00f6hen\u00e4nderung<br \/>\nBatteriebetrieb oder Netzteilbetrieb Boss PSA-230 (<br \/>\nGewicht: 0,45 kg<\/p>\n","protected":false},"excerpt":{"rendered":"<p>Zustand: Sehr gut<br \/>\nSerNr: Y7H6025<br \/>\nGewicht: 0,5 kg Versandklasse: Small<br \/>\nDokumente: Ja<br \/>\nOVP: Ja<br \/>\nVermittlungsverkauf: 15856<\/p>\n","protected":false},"featured_media":175667,"comment_status":"closed","ping_status":"closed","template":"","meta":{"_et_pb_use_builder":"","_et_pb_old_content":"","_et_gb_content_width":""},"product_brand":[],"product_cat":[2488,290],"product_tag":[],"class_list":{"0":"post-175666","1":"product","2":"type-product","3":"status-publish","4":"has-post-thumbnail","6":"product_cat-sonstige","7":"product_cat-fundgrube","8":"product_shipping_class-small","10":"first","11":"instock","12":"sold-individually","13":"purchasable","14":"product-type-simple"},"composite_virtual":false,"composite_layout":"","composite_add_to_cart_form_location":"","composite_editable_in_cart":false,"composite_sold_individually_context":"","composite_shop_price_calc":"","composite_components":[],"composite_scenarios":[],"pp_statuses_selecting_workflow":false,"pp_workflow_action":"current","pp_status_selection":"publish","yoast_head":"<!-- This site is optimized with the Yoast SEO plugin v26.8 - https:\/\/yoast.com\/product\/yoast-seo-wordpress\/ -->\n<title>Boss - RC-3 - Loop Station - ID 4439 - captain-guitar-lounge.com<\/title>\n<meta name=\"robots\" content=\"index, follow, max-snippet:-1, max-image-preview:large, max-video-preview:-1\" \/>\n<link rel=\"canonical\" href=\"https:\/\/captain-guitar-lounge.com\/en\/product\/boss-rc-3-loop-station-id-4439\/\" \/>\n<meta property=\"og:locale\" content=\"en_US\" \/>\n<meta property=\"og:type\" content=\"article\" \/>\n<meta property=\"og:title\" content=\"Boss - RC-3 - Loop Station - ID 4439 - captain-guitar-lounge.com\" \/>\n<meta property=\"og:description\" content=\"Zustand: Sehr gut SerNr: Y7H6025 Gewicht: 0,5 kg Versandklasse: Small Dokumente: Ja OVP: Ja Vermittlungsverkauf: 15856\" \/>\n<meta property=\"og:url\" content=\"https:\/\/captain-guitar-lounge.com\/en\/product\/boss-rc-3-loop-station-id-4439\/\" \/>\n<meta property=\"og:site_name\" content=\"captain-guitar-lounge.com\" \/>\n<meta property=\"article:publisher\" content=\"https:\/\/www.facebook.com\/Captain-Guitar-Lounge-140457272682315\/\" \/>\n<meta property=\"article:modified_time\" content=\"2024-10-17T12:54:37+00:00\" \/>\n<meta property=\"og:image\" content=\"https:\/\/captain-guitar-lounge.com\/wp-content\/uploads\/2024\/10\/Boss-RC-3-Loop-Station-ID-4439IMG_0243.jpg\" \/>\n\t<meta property=\"og:image:width\" content=\"1024\" \/>\n\t<meta property=\"og:image:height\" content=\"1024\" \/>\n\t<meta property=\"og:image:type\" content=\"image\/jpeg\" \/>\n<meta name=\"twitter:card\" content=\"summary_large_image\" \/>\n<meta name=\"twitter:label1\" content=\"Est. reading time\" \/>\n\t<meta name=\"twitter:data1\" content=\"1 minute\" \/>\n<script type=\"application\/ld+json\" class=\"yoast-schema-graph\">{\"@context\":\"https:\/\/schema.org\",\"@graph\":[{\"@type\":\"WebPage\",\"@id\":\"https:\/\/captain-guitar-lounge.com\/en\/product\/boss-rc-3-loop-station-id-4439\/\",\"url\":\"https:\/\/captain-guitar-lounge.com\/en\/product\/boss-rc-3-loop-station-id-4439\/\",\"name\":\"Boss - RC-3 - Loop Station - ID 4439 - captain-guitar-lounge.com\",\"isPartOf\":{\"@id\":\"https:\/\/captain-guitar-lounge.com\/en\/#website\"},\"primaryImageOfPage\":{\"@id\":\"https:\/\/captain-guitar-lounge.com\/en\/product\/boss-rc-3-loop-station-id-4439\/#primaryimage\"},\"image\":{\"@id\":\"https:\/\/captain-guitar-lounge.com\/en\/product\/boss-rc-3-loop-station-id-4439\/#primaryimage\"},\"thumbnailUrl\":\"https:\/\/captain-guitar-lounge.com\/wp-content\/uploads\/2024\/10\/Boss-RC-3-Loop-Station-ID-4439IMG_0243.jpg\",\"datePublished\":\"2024-10-16T09:43:59+00:00\",\"dateModified\":\"2024-10-17T12:54:37+00:00\",\"breadcrumb\":{\"@id\":\"https:\/\/captain-guitar-lounge.com\/en\/product\/boss-rc-3-loop-station-id-4439\/#breadcrumb\"},\"inLanguage\":\"en-US\",\"potentialAction\":[{\"@type\":\"ReadAction\",\"target\":[\"https:\/\/captain-guitar-lounge.com\/en\/product\/boss-rc-3-loop-station-id-4439\/\"]}]},{\"@type\":\"ImageObject\",\"inLanguage\":\"en-US\",\"@id\":\"https:\/\/captain-guitar-lounge.com\/en\/product\/boss-rc-3-loop-station-id-4439\/#primaryimage\",\"url\":\"https:\/\/captain-guitar-lounge.com\/wp-content\/uploads\/2024\/10\/Boss-RC-3-Loop-Station-ID-4439IMG_0243.jpg\",\"contentUrl\":\"https:\/\/captain-guitar-lounge.com\/wp-content\/uploads\/2024\/10\/Boss-RC-3-Loop-Station-ID-4439IMG_0243.jpg\",\"width\":1024,\"height\":1024,\"caption\":\"Boss-RC-3-Loop-Station-ID-4439IMG_0243.jpg\"},{\"@type\":\"BreadcrumbList\",\"@id\":\"https:\/\/captain-guitar-lounge.com\/en\/product\/boss-rc-3-loop-station-id-4439\/#breadcrumb\",\"itemListElement\":[{\"@type\":\"ListItem\",\"position\":1,\"name\":\"Startseite\",\"item\":\"https:\/\/captain-guitar-lounge.com\/en\/\"},{\"@type\":\"ListItem\",\"position\":2,\"name\":\"Shop\",\"item\":\"https:\/\/captain-guitar-lounge.com\/shop\/\"},{\"@type\":\"ListItem\",\"position\":3,\"name\":\"Boss &#8211; RC-3 &#8211; Loop Station &#8211; ID 4439\"}]},{\"@type\":\"WebSite\",\"@id\":\"https:\/\/captain-guitar-lounge.com\/en\/#website\",\"url\":\"https:\/\/captain-guitar-lounge.com\/en\/\",\"name\":\"captain-guitar-lounge.com\",\"description\":\"Fine Amps and Guitars and more\",\"potentialAction\":[{\"@type\":\"SearchAction\",\"target\":{\"@type\":\"EntryPoint\",\"urlTemplate\":\"https:\/\/captain-guitar-lounge.com\/en\/?s={search_term_string}\"},\"query-input\":{\"@type\":\"PropertyValueSpecification\",\"valueRequired\":true,\"valueName\":\"search_term_string\"}}],\"inLanguage\":\"en-US\"}]}<\/script>\n<!-- \/ Yoast SEO plugin. -->","yoast_head_json":{"title":"Boss - RC-3 - Loop Station - ID 4439 - captain-guitar-lounge.com","robots":{"index":"index","follow":"follow","max-snippet":"max-snippet:-1","max-image-preview":"max-image-preview:large","max-video-preview":"max-video-preview:-1"},"canonical":"https:\/\/captain-guitar-lounge.com\/en\/product\/boss-rc-3-loop-station-id-4439\/","og_locale":"en_US","og_type":"article","og_title":"Boss - RC-3 - Loop Station - ID 4439 - captain-guitar-lounge.com","og_description":"Zustand: Sehr gut SerNr: Y7H6025 Gewicht: 0,5 kg Versandklasse: Small Dokumente: Ja OVP: Ja Vermittlungsverkauf: 15856","og_url":"https:\/\/captain-guitar-lounge.com\/en\/product\/boss-rc-3-loop-station-id-4439\/","og_site_name":"captain-guitar-lounge.com","article_publisher":"https:\/\/www.facebook.com\/Captain-Guitar-Lounge-140457272682315\/","article_modified_time":"2024-10-17T12:54:37+00:00","og_image":[{"width":1024,"height":1024,"url":"https:\/\/captain-guitar-lounge.com\/wp-content\/uploads\/2024\/10\/Boss-RC-3-Loop-Station-ID-4439IMG_0243.jpg","type":"image\/jpeg"}],"twitter_card":"summary_large_image","twitter_misc":{"Est. reading time":"1 minute"},"schema":{"@context":"https:\/\/schema.org","@graph":[{"@type":"WebPage","@id":"https:\/\/captain-guitar-lounge.com\/en\/product\/boss-rc-3-loop-station-id-4439\/","url":"https:\/\/captain-guitar-lounge.com\/en\/product\/boss-rc-3-loop-station-id-4439\/","name":"Boss - RC-3 - Loop Station - ID 4439 - captain-guitar-lounge.com","isPartOf":{"@id":"https:\/\/captain-guitar-lounge.com\/en\/#website"},"primaryImageOfPage":{"@id":"https:\/\/captain-guitar-lounge.com\/en\/product\/boss-rc-3-loop-station-id-4439\/#primaryimage"},"image":{"@id":"https:\/\/captain-guitar-lounge.com\/en\/product\/boss-rc-3-loop-station-id-4439\/#primaryimage"},"thumbnailUrl":"https:\/\/captain-guitar-lounge.com\/wp-content\/uploads\/2024\/10\/Boss-RC-3-Loop-Station-ID-4439IMG_0243.jpg","datePublished":"2024-10-16T09:43:59+00:00","dateModified":"2024-10-17T12:54:37+00:00","breadcrumb":{"@id":"https:\/\/captain-guitar-lounge.com\/en\/product\/boss-rc-3-loop-station-id-4439\/#breadcrumb"},"inLanguage":"en-US","potentialAction":[{"@type":"ReadAction","target":["https:\/\/captain-guitar-lounge.com\/en\/product\/boss-rc-3-loop-station-id-4439\/"]}]},{"@type":"ImageObject","inLanguage":"en-US","@id":"https:\/\/captain-guitar-lounge.com\/en\/product\/boss-rc-3-loop-station-id-4439\/#primaryimage","url":"https:\/\/captain-guitar-lounge.com\/wp-content\/uploads\/2024\/10\/Boss-RC-3-Loop-Station-ID-4439IMG_0243.jpg","contentUrl":"https:\/\/captain-guitar-lounge.com\/wp-content\/uploads\/2024\/10\/Boss-RC-3-Loop-Station-ID-4439IMG_0243.jpg","width":1024,"height":1024,"caption":"Boss-RC-3-Loop-Station-ID-4439IMG_0243.jpg"},{"@type":"BreadcrumbList","@id":"https:\/\/captain-guitar-lounge.com\/en\/product\/boss-rc-3-loop-station-id-4439\/#breadcrumb","itemListElement":[{"@type":"ListItem","position":1,"name":"Startseite","item":"https:\/\/captain-guitar-lounge.com\/en\/"},{"@type":"ListItem","position":2,"name":"Shop","item":"https:\/\/captain-guitar-lounge.com\/shop\/"},{"@type":"ListItem","position":3,"name":"Boss &#8211; RC-3 &#8211; Loop Station &#8211; ID 4439"}]},{"@type":"WebSite","@id":"https:\/\/captain-guitar-lounge.com\/en\/#website","url":"https:\/\/captain-guitar-lounge.com\/en\/","name":"captain-guitar-lounge.com","description":"Fine Amps and Guitars and more","potentialAction":[{"@type":"SearchAction","target":{"@type":"EntryPoint","urlTemplate":"https:\/\/captain-guitar-lounge.com\/en\/?s={search_term_string}"},"query-input":{"@type":"PropertyValueSpecification","valueRequired":true,"valueName":"search_term_string"}}],"inLanguage":"en-US"}]}},"_links":{"self":[{"href":"https:\/\/captain-guitar-lounge.com\/en\/wp-json\/wp\/v2\/product\/175666","targetHints":{"allow":["GET"]}}],"collection":[{"href":"https:\/\/captain-guitar-lounge.com\/en\/wp-json\/wp\/v2\/product"}],"about":[{"href":"https:\/\/captain-guitar-lounge.com\/en\/wp-json\/wp\/v2\/types\/product"}],"replies":[{"embeddable":true,"href":"https:\/\/captain-guitar-lounge.com\/en\/wp-json\/wp\/v2\/comments?post=175666"}],"wp:featuredmedia":[{"embeddable":true,"href":"https:\/\/captain-guitar-lounge.com\/en\/wp-json\/wp\/v2\/media\/175667"}],"wp:attachment":[{"href":"https:\/\/captain-guitar-lounge.com\/en\/wp-json\/wp\/v2\/media?parent=175666"}],"wp:term":[{"taxonomy":"product_brand","embeddable":true,"href":"https:\/\/captain-guitar-lounge.com\/en\/wp-json\/wp\/v2\/product_brand?post=175666"},{"taxonomy":"product_cat","embeddable":true,"href":"https:\/\/captain-guitar-lounge.com\/en\/wp-json\/wp\/v2\/product_cat?post=175666"},{"taxonomy":"product_tag","embeddable":true,"href":"https:\/\/captain-guitar-lounge.com\/en\/wp-json\/wp\/v2\/product_tag?post=175666"}],"curies":[{"name":"wp","href":"https:\/\/api.w.org\/{rel}","templated":true}]}}