{"id":177404,"date":"2024-10-30T12:09:18","date_gmt":"2024-10-30T11:09:18","guid":{"rendered":"https:\/\/captain-guitar-lounge.com\/?p=177404&#038;post_type=product&#038;preview_id=177404"},"modified":"2026-03-30T14:22:44","modified_gmt":"2026-03-30T12:22:44","slug":"fender-hot-rod-deluxe-upgrade-module","status":"publish","type":"product","link":"https:\/\/captain-guitar-lounge.com\/en\/product\/fender-hot-rod-deluxe-upgrade-module\/","title":{"rendered":"Mod &#8211; Fender Hot Rod Deluxe &#8211;  Low Voltage Upgrade Modul"},"content":{"rendered":"<ul>\n<li>Zus\u00e4tzliche Filterung \u00fcber Spannungsregler reduziert Nebenger\u00e4usche<\/li>\n<li>Keine zus\u00e4tzliche W\u00e4rmeentwicklung<\/li>\n<li>Standalone Upgrade, unabh\u00e4ngig vom Baujahr<\/li>\n<li>Leiterbahnen werden geschont und m\u00fcssen nicht aufwendig repariert werden<\/li>\n<li>Preis incl. Montage (nicht zum Selbsteinbau geeignet)<\/li>\n<\/ul>\n","protected":false},"excerpt":{"rendered":"<p>Zusatzplatine f\u00fcr den Fender Hot Rod Deluxe, um das bekannte Problem der zu hei\u00df werdenden Platine zu beseitigen.<\/p>\n<p>&nbsp;<\/p>\n","protected":false},"featured_media":177407,"comment_status":"closed","ping_status":"closed","template":"","meta":{"_et_pb_use_builder":"","_et_pb_old_content":"","_et_gb_content_width":""},"product_brand":[],"product_cat":[590,1608],"product_tag":[],"class_list":{"0":"post-177404","1":"product","2":"type-product","3":"status-publish","4":"has-post-thumbnail","6":"product_cat-amp-mods","7":"product_cat-fender-hot-rod-deluxe","9":"first","10":"instock","11":"virtual","12":"taxable","13":"purchasable","14":"product-type-simple"},"composite_virtual":false,"composite_layout":"","composite_add_to_cart_form_location":"","composite_editable_in_cart":false,"composite_sold_individually_context":"","composite_shop_price_calc":"","composite_components":[],"composite_scenarios":[],"pp_statuses_selecting_workflow":false,"pp_workflow_action":"current","pp_status_selection":"publish","yoast_head":"<!-- This site is optimized with the Yoast SEO plugin v26.8 - https:\/\/yoast.com\/product\/yoast-seo-wordpress\/ -->\n<title>Mod - Fender Hot Rod Deluxe - Low Voltage Upgrade Modul - captain-guitar-lounge.com<\/title>\n<meta name=\"description\" content=\"Fender Hot Rod Upgrade Board f\u00fcr das bekannte Hitzeproblem in der Baureihe. Die low voltage Versorgung wird verbessert, Nebenger\u00e4usche reduziert.\" \/>\n<meta name=\"robots\" content=\"index, follow, max-snippet:-1, max-image-preview:large, max-video-preview:-1\" \/>\n<link rel=\"canonical\" href=\"https:\/\/captain-guitar-lounge.com\/en\/product\/fender-hot-rod-deluxe-upgrade-module\/\" \/>\n<meta property=\"og:locale\" content=\"en_US\" \/>\n<meta property=\"og:type\" content=\"article\" \/>\n<meta property=\"og:title\" content=\"Mod - Fender Hot Rod Deluxe - Low Voltage Upgrade Modul - captain-guitar-lounge.com\" \/>\n<meta property=\"og:description\" content=\"Fender Hot Rod Upgrade Board f\u00fcr das bekannte Hitzeproblem in der Baureihe. Die low voltage Versorgung wird verbessert, Nebenger\u00e4usche reduziert.\" \/>\n<meta property=\"og:url\" content=\"https:\/\/captain-guitar-lounge.com\/en\/product\/fender-hot-rod-deluxe-upgrade-module\/\" \/>\n<meta property=\"og:site_name\" content=\"captain-guitar-lounge.com\" \/>\n<meta property=\"article:publisher\" content=\"https:\/\/www.facebook.com\/Captain-Guitar-Lounge-140457272682315\/\" \/>\n<meta property=\"article:modified_time\" content=\"2026-03-30T12:22:44+00:00\" \/>\n<meta property=\"og:image\" content=\"https:\/\/captain-guitar-lounge.com\/wp-content\/uploads\/2024\/10\/IMG_E1593-1.jpg\" \/>\n\t<meta property=\"og:image:width\" content=\"2154\" \/>\n\t<meta property=\"og:image:height\" content=\"2246\" \/>\n\t<meta property=\"og:image:type\" content=\"image\/jpeg\" \/>\n<meta name=\"twitter:card\" content=\"summary_large_image\" \/>\n<meta name=\"twitter:label1\" content=\"Est. reading time\" \/>\n\t<meta name=\"twitter:data1\" content=\"1 minute\" \/>\n<script type=\"application\/ld+json\" class=\"yoast-schema-graph\">{\"@context\":\"https:\/\/schema.org\",\"@graph\":[{\"@type\":\"WebPage\",\"@id\":\"https:\/\/captain-guitar-lounge.com\/en\/product\/fender-hot-rod-deluxe-upgrade-module\/\",\"url\":\"https:\/\/captain-guitar-lounge.com\/en\/product\/fender-hot-rod-deluxe-upgrade-module\/\",\"name\":\"Mod - Fender Hot Rod Deluxe - Low Voltage Upgrade Modul - captain-guitar-lounge.com\",\"isPartOf\":{\"@id\":\"https:\/\/captain-guitar-lounge.com\/en\/#website\"},\"primaryImageOfPage\":{\"@id\":\"https:\/\/captain-guitar-lounge.com\/en\/product\/fender-hot-rod-deluxe-upgrade-module\/#primaryimage\"},\"image\":{\"@id\":\"https:\/\/captain-guitar-lounge.com\/en\/product\/fender-hot-rod-deluxe-upgrade-module\/#primaryimage\"},\"thumbnailUrl\":\"https:\/\/captain-guitar-lounge.com\/wp-content\/uploads\/2024\/10\/IMG_E1593-1.jpg\",\"datePublished\":\"2024-10-30T11:09:18+00:00\",\"dateModified\":\"2026-03-30T12:22:44+00:00\",\"description\":\"Fender Hot Rod Upgrade Board f\u00fcr das bekannte Hitzeproblem in der Baureihe. Die low voltage Versorgung wird verbessert, Nebenger\u00e4usche reduziert.\",\"breadcrumb\":{\"@id\":\"https:\/\/captain-guitar-lounge.com\/en\/product\/fender-hot-rod-deluxe-upgrade-module\/#breadcrumb\"},\"inLanguage\":\"en-US\",\"potentialAction\":[{\"@type\":\"ReadAction\",\"target\":[\"https:\/\/captain-guitar-lounge.com\/en\/product\/fender-hot-rod-deluxe-upgrade-module\/\"]}]},{\"@type\":\"ImageObject\",\"inLanguage\":\"en-US\",\"@id\":\"https:\/\/captain-guitar-lounge.com\/en\/product\/fender-hot-rod-deluxe-upgrade-module\/#primaryimage\",\"url\":\"https:\/\/captain-guitar-lounge.com\/wp-content\/uploads\/2024\/10\/IMG_E1593-1.jpg\",\"contentUrl\":\"https:\/\/captain-guitar-lounge.com\/wp-content\/uploads\/2024\/10\/IMG_E1593-1.jpg\",\"width\":2154,\"height\":2246},{\"@type\":\"BreadcrumbList\",\"@id\":\"https:\/\/captain-guitar-lounge.com\/en\/product\/fender-hot-rod-deluxe-upgrade-module\/#breadcrumb\",\"itemListElement\":[{\"@type\":\"ListItem\",\"position\":1,\"name\":\"Startseite\",\"item\":\"https:\/\/captain-guitar-lounge.com\/en\/\"},{\"@type\":\"ListItem\",\"position\":2,\"name\":\"Shop\",\"item\":\"https:\/\/captain-guitar-lounge.com\/shop\/\"},{\"@type\":\"ListItem\",\"position\":3,\"name\":\"Mod &#8211; Fender Hot Rod Deluxe &#8211; Low Voltage Upgrade Modul\"}]},{\"@type\":\"WebSite\",\"@id\":\"https:\/\/captain-guitar-lounge.com\/en\/#website\",\"url\":\"https:\/\/captain-guitar-lounge.com\/en\/\",\"name\":\"captain-guitar-lounge.com\",\"description\":\"Fine Amps and Guitars and more\",\"potentialAction\":[{\"@type\":\"SearchAction\",\"target\":{\"@type\":\"EntryPoint\",\"urlTemplate\":\"https:\/\/captain-guitar-lounge.com\/en\/?s={search_term_string}\"},\"query-input\":{\"@type\":\"PropertyValueSpecification\",\"valueRequired\":true,\"valueName\":\"search_term_string\"}}],\"inLanguage\":\"en-US\"}]}<\/script>\n<!-- \/ Yoast SEO plugin. -->","yoast_head_json":{"title":"Mod - Fender Hot Rod Deluxe - Low Voltage Upgrade Modul - captain-guitar-lounge.com","description":"Fender Hot Rod Upgrade Board f\u00fcr das bekannte Hitzeproblem in der Baureihe. Die low voltage Versorgung wird verbessert, Nebenger\u00e4usche reduziert.","robots":{"index":"index","follow":"follow","max-snippet":"max-snippet:-1","max-image-preview":"max-image-preview:large","max-video-preview":"max-video-preview:-1"},"canonical":"https:\/\/captain-guitar-lounge.com\/en\/product\/fender-hot-rod-deluxe-upgrade-module\/","og_locale":"en_US","og_type":"article","og_title":"Mod - Fender Hot Rod Deluxe - Low Voltage Upgrade Modul - captain-guitar-lounge.com","og_description":"Fender Hot Rod Upgrade Board f\u00fcr das bekannte Hitzeproblem in der Baureihe. Die low voltage Versorgung wird verbessert, Nebenger\u00e4usche reduziert.","og_url":"https:\/\/captain-guitar-lounge.com\/en\/product\/fender-hot-rod-deluxe-upgrade-module\/","og_site_name":"captain-guitar-lounge.com","article_publisher":"https:\/\/www.facebook.com\/Captain-Guitar-Lounge-140457272682315\/","article_modified_time":"2026-03-30T12:22:44+00:00","og_image":[{"width":2154,"height":2246,"url":"https:\/\/captain-guitar-lounge.com\/wp-content\/uploads\/2024\/10\/IMG_E1593-1.jpg","type":"image\/jpeg"}],"twitter_card":"summary_large_image","twitter_misc":{"Est. reading time":"1 minute"},"schema":{"@context":"https:\/\/schema.org","@graph":[{"@type":"WebPage","@id":"https:\/\/captain-guitar-lounge.com\/en\/product\/fender-hot-rod-deluxe-upgrade-module\/","url":"https:\/\/captain-guitar-lounge.com\/en\/product\/fender-hot-rod-deluxe-upgrade-module\/","name":"Mod - Fender Hot Rod Deluxe - Low Voltage Upgrade Modul - captain-guitar-lounge.com","isPartOf":{"@id":"https:\/\/captain-guitar-lounge.com\/en\/#website"},"primaryImageOfPage":{"@id":"https:\/\/captain-guitar-lounge.com\/en\/product\/fender-hot-rod-deluxe-upgrade-module\/#primaryimage"},"image":{"@id":"https:\/\/captain-guitar-lounge.com\/en\/product\/fender-hot-rod-deluxe-upgrade-module\/#primaryimage"},"thumbnailUrl":"https:\/\/captain-guitar-lounge.com\/wp-content\/uploads\/2024\/10\/IMG_E1593-1.jpg","datePublished":"2024-10-30T11:09:18+00:00","dateModified":"2026-03-30T12:22:44+00:00","description":"Fender Hot Rod Upgrade Board f\u00fcr das bekannte Hitzeproblem in der Baureihe. Die low voltage Versorgung wird verbessert, Nebenger\u00e4usche reduziert.","breadcrumb":{"@id":"https:\/\/captain-guitar-lounge.com\/en\/product\/fender-hot-rod-deluxe-upgrade-module\/#breadcrumb"},"inLanguage":"en-US","potentialAction":[{"@type":"ReadAction","target":["https:\/\/captain-guitar-lounge.com\/en\/product\/fender-hot-rod-deluxe-upgrade-module\/"]}]},{"@type":"ImageObject","inLanguage":"en-US","@id":"https:\/\/captain-guitar-lounge.com\/en\/product\/fender-hot-rod-deluxe-upgrade-module\/#primaryimage","url":"https:\/\/captain-guitar-lounge.com\/wp-content\/uploads\/2024\/10\/IMG_E1593-1.jpg","contentUrl":"https:\/\/captain-guitar-lounge.com\/wp-content\/uploads\/2024\/10\/IMG_E1593-1.jpg","width":2154,"height":2246},{"@type":"BreadcrumbList","@id":"https:\/\/captain-guitar-lounge.com\/en\/product\/fender-hot-rod-deluxe-upgrade-module\/#breadcrumb","itemListElement":[{"@type":"ListItem","position":1,"name":"Startseite","item":"https:\/\/captain-guitar-lounge.com\/en\/"},{"@type":"ListItem","position":2,"name":"Shop","item":"https:\/\/captain-guitar-lounge.com\/shop\/"},{"@type":"ListItem","position":3,"name":"Mod &#8211; Fender Hot Rod Deluxe &#8211; Low Voltage Upgrade Modul"}]},{"@type":"WebSite","@id":"https:\/\/captain-guitar-lounge.com\/en\/#website","url":"https:\/\/captain-guitar-lounge.com\/en\/","name":"captain-guitar-lounge.com","description":"Fine Amps and Guitars and more","potentialAction":[{"@type":"SearchAction","target":{"@type":"EntryPoint","urlTemplate":"https:\/\/captain-guitar-lounge.com\/en\/?s={search_term_string}"},"query-input":{"@type":"PropertyValueSpecification","valueRequired":true,"valueName":"search_term_string"}}],"inLanguage":"en-US"}]}},"_links":{"self":[{"href":"https:\/\/captain-guitar-lounge.com\/en\/wp-json\/wp\/v2\/product\/177404","targetHints":{"allow":["GET"]}}],"collection":[{"href":"https:\/\/captain-guitar-lounge.com\/en\/wp-json\/wp\/v2\/product"}],"about":[{"href":"https:\/\/captain-guitar-lounge.com\/en\/wp-json\/wp\/v2\/types\/product"}],"replies":[{"embeddable":true,"href":"https:\/\/captain-guitar-lounge.com\/en\/wp-json\/wp\/v2\/comments?post=177404"}],"wp:featuredmedia":[{"embeddable":true,"href":"https:\/\/captain-guitar-lounge.com\/en\/wp-json\/wp\/v2\/media\/177407"}],"wp:attachment":[{"href":"https:\/\/captain-guitar-lounge.com\/en\/wp-json\/wp\/v2\/media?parent=177404"}],"wp:term":[{"taxonomy":"product_brand","embeddable":true,"href":"https:\/\/captain-guitar-lounge.com\/en\/wp-json\/wp\/v2\/product_brand?post=177404"},{"taxonomy":"product_cat","embeddable":true,"href":"https:\/\/captain-guitar-lounge.com\/en\/wp-json\/wp\/v2\/product_cat?post=177404"},{"taxonomy":"product_tag","embeddable":true,"href":"https:\/\/captain-guitar-lounge.com\/en\/wp-json\/wp\/v2\/product_tag?post=177404"}],"curies":[{"name":"wp","href":"https:\/\/api.w.org\/{rel}","templated":true}]}}