{"id":17945,"date":"2020-11-10T13:06:36","date_gmt":"2020-11-10T12:06:36","guid":{"rendered":"https:\/\/captain-guitar-lounge.com\/?p=17945&#038;post_type=product&#038;preview_id=17945"},"modified":"2024-08-23T09:23:06","modified_gmt":"2024-08-23T07:23:06","slug":"post-phase-inverter-master-volumen-ppimv","status":"publish","type":"product","link":"https:\/\/captain-guitar-lounge.com\/en\/product\/post-phase-inverter-master-volumen-ppimv\/","title":{"rendered":"Post Phase Inverter Master Volumen PPIMV"},"content":{"rendered":"<p>Besonders leistungsstarke Amps leiden darunter, dass man das Volume einfach nicht so weit aufdrehen kann, bis sich der Ton frei entfalten kann und der Amp &#8216;atmet&#8217;.<br \/>\nAber auch bei kleinen Amps h\u00e4tte man oft gern einen leicht angezerrten Ton, aber dann sind sie schon viel zu laut.<br \/>\nAbhilfe schafft der PPIMV, ein Regler, der direkt an den Gittern der Endstufenr\u00f6hre(n) sitzt und den Pegel reduziert. Damit k\u00f6nnen alle Vorstufen inclusive des Phasendrehers sch\u00f6n angesteuert werden und dann, direkt vor der Endstufe wird die Lautst\u00e4rke korrigiert.<br \/>\nEin PPIMV bleibt sehr lange Soundneutral und voll aufgedreht ist er quasi \u00fcberbr\u00fcckt.<\/p>\n<p>F\u00fcr alle R\u00f6hrenverst\u00e4rker. Die Position des Reglers wird mit dem Kunden abgesprochen.<\/p>\n","protected":false},"excerpt":{"rendered":"<div class=\"n module-type-text diyfeLiveArea \">Ein PPIMV erh\u00f6ht die Flexibilit\u00e4t bei den meisten Verst\u00e4rkern. Endlich kann man Zerrgrad und Lautst\u00e4rke unabh\u00e4ngig voneinander einstellen.<\/div>\n<div>Es gibt drei Varianten:<\/div>\n<div>\n<p><strong>PPIMV\u00a0\u00a0\u00a0\u00a0\u00a0\u00a0\u00a0 <\/strong>einfacher Master<strong><br \/>\n<\/strong><strong>PPIMV-S<\/strong> \u00a0\u00a0\u00a0 per Fu\u00dfschalter abschaltbar<br \/>\n<strong>PPIMV-DS<\/strong> \u00a0 mit zwei Regler per Fu\u00dfschalter umschaltbar<\/p>\n<\/div>\n","protected":false},"featured_media":17952,"comment_status":"closed","ping_status":"closed","template":"","meta":{"_et_pb_use_builder":"","_et_pb_old_content":"","_et_gb_content_width":""},"product_brand":[],"product_cat":[1112],"product_tag":[],"class_list":{"0":"post-17945","1":"product","2":"type-product","3":"status-publish","4":"has-post-thumbnail","6":"product_cat-versatility-mods","7":"product_shipping_class-nur-abholung","9":"first","10":"instock","11":"sold-individually","12":"taxable","13":"shipping-taxable","14":"purchasable","15":"product-type-variable","16":"has-default-attributes"},"composite_virtual":false,"composite_layout":"","composite_add_to_cart_form_location":"","composite_editable_in_cart":false,"composite_sold_individually_context":"","composite_shop_price_calc":"","composite_components":[],"composite_scenarios":[],"pp_statuses_selecting_workflow":false,"pp_workflow_action":"current","pp_status_selection":"publish","yoast_head":"<!-- This site is optimized with the Yoast SEO plugin v26.8 - https:\/\/yoast.com\/product\/yoast-seo-wordpress\/ -->\n<title>Post Phase Inverter Master Volumen PPIMV - captain-guitar-lounge.com<\/title>\n<meta name=\"robots\" content=\"index, follow, max-snippet:-1, max-image-preview:large, max-video-preview:-1\" \/>\n<link rel=\"canonical\" href=\"https:\/\/captain-guitar-lounge.com\/en\/product\/post-phase-inverter-master-volumen-ppimv\/\" \/>\n<meta property=\"og:locale\" content=\"en_US\" \/>\n<meta property=\"og:type\" content=\"article\" \/>\n<meta property=\"og:title\" content=\"Post Phase Inverter Master Volumen PPIMV - captain-guitar-lounge.com\" \/>\n<meta property=\"og:description\" content=\"Ein PPIMV erh\u00f6ht die Flexibilit\u00e4t bei den meisten Verst\u00e4rkern. Endlich kann man Zerrgrad und Lautst\u00e4rke unabh\u00e4ngig voneinander einstellen. Es gibt drei Varianten:   PPIMV\u00a0\u00a0\u00a0\u00a0\u00a0\u00a0\u00a0 einfacher Master PPIMV-S \u00a0\u00a0\u00a0 per Fu\u00dfschalter abschaltbar PPIMV-DS \u00a0 mit zwei Regler per Fu\u00dfschalter umschaltbar\" \/>\n<meta property=\"og:url\" content=\"https:\/\/captain-guitar-lounge.com\/en\/product\/post-phase-inverter-master-volumen-ppimv\/\" \/>\n<meta property=\"og:site_name\" content=\"captain-guitar-lounge.com\" \/>\n<meta property=\"article:publisher\" content=\"https:\/\/www.facebook.com\/Captain-Guitar-Lounge-140457272682315\/\" \/>\n<meta property=\"article:modified_time\" content=\"2024-08-23T07:23:06+00:00\" \/>\n<meta property=\"og:image\" content=\"https:\/\/captain-guitar-lounge.com\/wp-content\/uploads\/2020\/11\/IMG_7514k-scaled.jpg\" \/>\n\t<meta property=\"og:image:width\" content=\"2560\" \/>\n\t<meta property=\"og:image:height\" content=\"1920\" \/>\n\t<meta property=\"og:image:type\" content=\"image\/jpeg\" \/>\n<meta name=\"twitter:card\" content=\"summary_large_image\" \/>\n<meta name=\"twitter:label1\" content=\"Est. reading time\" \/>\n\t<meta name=\"twitter:data1\" content=\"1 minute\" \/>\n<script type=\"application\/ld+json\" class=\"yoast-schema-graph\">{\"@context\":\"https:\/\/schema.org\",\"@graph\":[{\"@type\":\"WebPage\",\"@id\":\"https:\/\/captain-guitar-lounge.com\/en\/product\/post-phase-inverter-master-volumen-ppimv\/\",\"url\":\"https:\/\/captain-guitar-lounge.com\/en\/product\/post-phase-inverter-master-volumen-ppimv\/\",\"name\":\"Post Phase Inverter Master Volumen PPIMV - captain-guitar-lounge.com\",\"isPartOf\":{\"@id\":\"https:\/\/captain-guitar-lounge.com\/en\/#website\"},\"primaryImageOfPage\":{\"@id\":\"https:\/\/captain-guitar-lounge.com\/en\/product\/post-phase-inverter-master-volumen-ppimv\/#primaryimage\"},\"image\":{\"@id\":\"https:\/\/captain-guitar-lounge.com\/en\/product\/post-phase-inverter-master-volumen-ppimv\/#primaryimage\"},\"thumbnailUrl\":\"https:\/\/captain-guitar-lounge.com\/wp-content\/uploads\/2020\/11\/IMG_7514k-scaled.jpg\",\"datePublished\":\"2020-11-10T12:06:36+00:00\",\"dateModified\":\"2024-08-23T07:23:06+00:00\",\"breadcrumb\":{\"@id\":\"https:\/\/captain-guitar-lounge.com\/en\/product\/post-phase-inverter-master-volumen-ppimv\/#breadcrumb\"},\"inLanguage\":\"en-US\",\"potentialAction\":[{\"@type\":\"ReadAction\",\"target\":[\"https:\/\/captain-guitar-lounge.com\/en\/product\/post-phase-inverter-master-volumen-ppimv\/\"]}]},{\"@type\":\"ImageObject\",\"inLanguage\":\"en-US\",\"@id\":\"https:\/\/captain-guitar-lounge.com\/en\/product\/post-phase-inverter-master-volumen-ppimv\/#primaryimage\",\"url\":\"https:\/\/captain-guitar-lounge.com\/wp-content\/uploads\/2020\/11\/IMG_7514k-scaled.jpg\",\"contentUrl\":\"https:\/\/captain-guitar-lounge.com\/wp-content\/uploads\/2020\/11\/IMG_7514k-scaled.jpg\",\"width\":2560,\"height\":1920,\"caption\":\"PPIMV-DS mit zwei umschaltbaren Reglern\"},{\"@type\":\"BreadcrumbList\",\"@id\":\"https:\/\/captain-guitar-lounge.com\/en\/product\/post-phase-inverter-master-volumen-ppimv\/#breadcrumb\",\"itemListElement\":[{\"@type\":\"ListItem\",\"position\":1,\"name\":\"Startseite\",\"item\":\"https:\/\/captain-guitar-lounge.com\/en\/\"},{\"@type\":\"ListItem\",\"position\":2,\"name\":\"Shop\",\"item\":\"https:\/\/captain-guitar-lounge.com\/shop\/\"},{\"@type\":\"ListItem\",\"position\":3,\"name\":\"Post Phase Inverter Master Volumen PPIMV\"}]},{\"@type\":\"WebSite\",\"@id\":\"https:\/\/captain-guitar-lounge.com\/en\/#website\",\"url\":\"https:\/\/captain-guitar-lounge.com\/en\/\",\"name\":\"captain-guitar-lounge.com\",\"description\":\"Fine Amps and Guitars and more\",\"potentialAction\":[{\"@type\":\"SearchAction\",\"target\":{\"@type\":\"EntryPoint\",\"urlTemplate\":\"https:\/\/captain-guitar-lounge.com\/en\/?s={search_term_string}\"},\"query-input\":{\"@type\":\"PropertyValueSpecification\",\"valueRequired\":true,\"valueName\":\"search_term_string\"}}],\"inLanguage\":\"en-US\"}]}<\/script>\n<!-- \/ Yoast SEO plugin. -->","yoast_head_json":{"title":"Post Phase Inverter Master Volumen PPIMV - captain-guitar-lounge.com","robots":{"index":"index","follow":"follow","max-snippet":"max-snippet:-1","max-image-preview":"max-image-preview:large","max-video-preview":"max-video-preview:-1"},"canonical":"https:\/\/captain-guitar-lounge.com\/en\/product\/post-phase-inverter-master-volumen-ppimv\/","og_locale":"en_US","og_type":"article","og_title":"Post Phase Inverter Master Volumen PPIMV - captain-guitar-lounge.com","og_description":"Ein PPIMV erh\u00f6ht die Flexibilit\u00e4t bei den meisten Verst\u00e4rkern. Endlich kann man Zerrgrad und Lautst\u00e4rke unabh\u00e4ngig voneinander einstellen. Es gibt drei Varianten:   PPIMV\u00a0\u00a0\u00a0\u00a0\u00a0\u00a0\u00a0 einfacher Master PPIMV-S \u00a0\u00a0\u00a0 per Fu\u00dfschalter abschaltbar PPIMV-DS \u00a0 mit zwei Regler per Fu\u00dfschalter umschaltbar","og_url":"https:\/\/captain-guitar-lounge.com\/en\/product\/post-phase-inverter-master-volumen-ppimv\/","og_site_name":"captain-guitar-lounge.com","article_publisher":"https:\/\/www.facebook.com\/Captain-Guitar-Lounge-140457272682315\/","article_modified_time":"2024-08-23T07:23:06+00:00","og_image":[{"width":2560,"height":1920,"url":"https:\/\/captain-guitar-lounge.com\/wp-content\/uploads\/2020\/11\/IMG_7514k-scaled.jpg","type":"image\/jpeg"}],"twitter_card":"summary_large_image","twitter_misc":{"Est. reading time":"1 minute"},"schema":{"@context":"https:\/\/schema.org","@graph":[{"@type":"WebPage","@id":"https:\/\/captain-guitar-lounge.com\/en\/product\/post-phase-inverter-master-volumen-ppimv\/","url":"https:\/\/captain-guitar-lounge.com\/en\/product\/post-phase-inverter-master-volumen-ppimv\/","name":"Post Phase Inverter Master Volumen PPIMV - captain-guitar-lounge.com","isPartOf":{"@id":"https:\/\/captain-guitar-lounge.com\/en\/#website"},"primaryImageOfPage":{"@id":"https:\/\/captain-guitar-lounge.com\/en\/product\/post-phase-inverter-master-volumen-ppimv\/#primaryimage"},"image":{"@id":"https:\/\/captain-guitar-lounge.com\/en\/product\/post-phase-inverter-master-volumen-ppimv\/#primaryimage"},"thumbnailUrl":"https:\/\/captain-guitar-lounge.com\/wp-content\/uploads\/2020\/11\/IMG_7514k-scaled.jpg","datePublished":"2020-11-10T12:06:36+00:00","dateModified":"2024-08-23T07:23:06+00:00","breadcrumb":{"@id":"https:\/\/captain-guitar-lounge.com\/en\/product\/post-phase-inverter-master-volumen-ppimv\/#breadcrumb"},"inLanguage":"en-US","potentialAction":[{"@type":"ReadAction","target":["https:\/\/captain-guitar-lounge.com\/en\/product\/post-phase-inverter-master-volumen-ppimv\/"]}]},{"@type":"ImageObject","inLanguage":"en-US","@id":"https:\/\/captain-guitar-lounge.com\/en\/product\/post-phase-inverter-master-volumen-ppimv\/#primaryimage","url":"https:\/\/captain-guitar-lounge.com\/wp-content\/uploads\/2020\/11\/IMG_7514k-scaled.jpg","contentUrl":"https:\/\/captain-guitar-lounge.com\/wp-content\/uploads\/2020\/11\/IMG_7514k-scaled.jpg","width":2560,"height":1920,"caption":"PPIMV-DS mit zwei umschaltbaren Reglern"},{"@type":"BreadcrumbList","@id":"https:\/\/captain-guitar-lounge.com\/en\/product\/post-phase-inverter-master-volumen-ppimv\/#breadcrumb","itemListElement":[{"@type":"ListItem","position":1,"name":"Startseite","item":"https:\/\/captain-guitar-lounge.com\/en\/"},{"@type":"ListItem","position":2,"name":"Shop","item":"https:\/\/captain-guitar-lounge.com\/shop\/"},{"@type":"ListItem","position":3,"name":"Post Phase Inverter Master Volumen PPIMV"}]},{"@type":"WebSite","@id":"https:\/\/captain-guitar-lounge.com\/en\/#website","url":"https:\/\/captain-guitar-lounge.com\/en\/","name":"captain-guitar-lounge.com","description":"Fine Amps and Guitars and more","potentialAction":[{"@type":"SearchAction","target":{"@type":"EntryPoint","urlTemplate":"https:\/\/captain-guitar-lounge.com\/en\/?s={search_term_string}"},"query-input":{"@type":"PropertyValueSpecification","valueRequired":true,"valueName":"search_term_string"}}],"inLanguage":"en-US"}]}},"_links":{"self":[{"href":"https:\/\/captain-guitar-lounge.com\/en\/wp-json\/wp\/v2\/product\/17945","targetHints":{"allow":["GET"]}}],"collection":[{"href":"https:\/\/captain-guitar-lounge.com\/en\/wp-json\/wp\/v2\/product"}],"about":[{"href":"https:\/\/captain-guitar-lounge.com\/en\/wp-json\/wp\/v2\/types\/product"}],"replies":[{"embeddable":true,"href":"https:\/\/captain-guitar-lounge.com\/en\/wp-json\/wp\/v2\/comments?post=17945"}],"wp:featuredmedia":[{"embeddable":true,"href":"https:\/\/captain-guitar-lounge.com\/en\/wp-json\/wp\/v2\/media\/17952"}],"wp:attachment":[{"href":"https:\/\/captain-guitar-lounge.com\/en\/wp-json\/wp\/v2\/media?parent=17945"}],"wp:term":[{"taxonomy":"product_brand","embeddable":true,"href":"https:\/\/captain-guitar-lounge.com\/en\/wp-json\/wp\/v2\/product_brand?post=17945"},{"taxonomy":"product_cat","embeddable":true,"href":"https:\/\/captain-guitar-lounge.com\/en\/wp-json\/wp\/v2\/product_cat?post=17945"},{"taxonomy":"product_tag","embeddable":true,"href":"https:\/\/captain-guitar-lounge.com\/en\/wp-json\/wp\/v2\/product_tag?post=17945"}],"curies":[{"name":"wp","href":"https:\/\/api.w.org\/{rel}","templated":true}]}}