{"id":180483,"date":"2024-11-21T16:01:46","date_gmt":"2024-11-21T15:01:46","guid":{"rendered":"https:\/\/captain-guitar-lounge.com\/?post_type=product&#038;p=180483"},"modified":"2026-02-28T09:31:55","modified_gmt":"2026-02-28T08:31:55","slug":"diy-partscaster-strat-mn-fiesta-red-fender-hals-kloppmann-und-di-marzio-pus-id-4578","status":"publish","type":"product","link":"https:\/\/captain-guitar-lounge.com\/en\/product\/diy-partscaster-strat-mn-fiesta-red-fender-hals-kloppmann-und-di-marzio-pus-id-4578\/","title":{"rendered":"DIY &#8211; Partscaster Strat MN Fiesta Red &#8211; Fender Hals, Kloppmann und Di Marzio-Pus &#8211; ID 4578"},"content":{"rendered":"<p>Diese Gitarre ist eine Partscaster aus einem Strat-Korpus (Hersteller unbekannt) in Fiesta Red einem Fender Mexico-Strathals mit k\u00fcnstlichem Ageing. Das Setup und die Funktion wurde bei uns in der Lounge \u00fcberpr\u00fcft und justiert.<\/p>\n<p>&#8211; Korpus: Erle, Hersteller unbekannt mit Humbucker-Fr\u00e4sung in Bridge-PU-Position<br \/>\n&#8211; Hals: Fender Classic Series &#8217;50s Strat Mapleneck<br \/>\n&#8211; Bridge: ABM 5050<br \/>\n&#8211; Tuner: Schaller M6 180<br \/>\n&#8211; Halstonabnehmer: Kloppmann ST56 Mid<br \/>\n&#8211; Middletonabnehmer: Kloppmann ST Real 65<br \/>\n&#8211; Bridgetonabnehmer: DiMarzio DP116 HS-2<br \/>\n&#8211; Regler 1x Master-Volume, 1x Tone-Neck, 1x Tone-Bridge (Middle ohne Tone)<br \/>\n&#8211; 5-Wege-Blade-Schalter<br \/>\n&#8211; Schlagbrett: 3-lagig wbw<br \/>\n&#8211; Farbe Fiesta Red<br \/>\n&#8211; Gewicht: 3505 Gramm<\/p>\n","protected":false},"excerpt":{"rendered":"<p>Zustand: Abgerockt<br \/>\nGewicht: 3,5 kg Versandklasse: <a href=\"https:\/\/captain-guitar-lounge.com\/versand__lieferung\/\">Standard<\/a><br \/>\nVermittlungsverkauf: 12686<\/p>\n","protected":false},"featured_media":180484,"comment_status":"closed","ping_status":"closed","template":"","meta":{"_et_pb_use_builder":"","_et_pb_old_content":"","_et_gb_content_width":""},"product_brand":[],"product_cat":[60],"product_tag":[1609],"class_list":{"0":"post-180483","1":"product","2":"type-product","3":"status-publish","4":"has-post-thumbnail","6":"product_cat-electric-guitars","7":"product_tag-strat","8":"product_shipping_class-standard","10":"first","11":"outofstock","12":"sale","13":"sold-individually","14":"purchasable","15":"product-type-simple"},"composite_virtual":false,"composite_layout":"","composite_add_to_cart_form_location":"","composite_editable_in_cart":false,"composite_sold_individually_context":"","composite_shop_price_calc":"","composite_components":[],"composite_scenarios":[],"pp_statuses_selecting_workflow":false,"pp_workflow_action":"current","pp_status_selection":"publish","yoast_head":"<!-- This site is optimized with the Yoast SEO plugin v26.8 - https:\/\/yoast.com\/product\/yoast-seo-wordpress\/ -->\n<title>DIY - Partscaster Strat MN Fiesta Red - Fender Hals, Kloppmann und Di Marzio-Pus - ID 4578 - captain-guitar-lounge.com<\/title>\n<meta name=\"robots\" content=\"index, follow, max-snippet:-1, max-image-preview:large, max-video-preview:-1\" \/>\n<link rel=\"canonical\" href=\"https:\/\/captain-guitar-lounge.com\/en\/product\/diy-partscaster-strat-mn-fiesta-red-fender-hals-kloppmann-und-di-marzio-pus-id-4578\/\" \/>\n<meta property=\"og:locale\" content=\"en_US\" \/>\n<meta property=\"og:type\" content=\"article\" \/>\n<meta property=\"og:title\" content=\"DIY - Partscaster Strat MN Fiesta Red - Fender Hals, Kloppmann und Di Marzio-Pus - ID 4578 - captain-guitar-lounge.com\" \/>\n<meta property=\"og:description\" content=\"Zustand: Abgerockt Gewicht: 3,5 kg Versandklasse: Standard Vermittlungsverkauf: 12686\" \/>\n<meta property=\"og:url\" content=\"https:\/\/captain-guitar-lounge.com\/en\/product\/diy-partscaster-strat-mn-fiesta-red-fender-hals-kloppmann-und-di-marzio-pus-id-4578\/\" \/>\n<meta property=\"og:site_name\" content=\"captain-guitar-lounge.com\" \/>\n<meta property=\"article:publisher\" content=\"https:\/\/www.facebook.com\/Captain-Guitar-Lounge-140457272682315\/\" \/>\n<meta property=\"article:modified_time\" content=\"2026-02-28T08:31:55+00:00\" \/>\n<meta property=\"og:image\" content=\"https:\/\/captain-guitar-lounge.com\/wp-content\/uploads\/2024\/11\/DIY-Partscaster-Strat-MN-Fiesta-Red-Fender-Hals-Kloppmann-und-Di-Marzio-Pus-ID-4578-kIMG_4952.jpg\" \/>\n\t<meta property=\"og:image:width\" content=\"1024\" \/>\n\t<meta property=\"og:image:height\" content=\"1024\" \/>\n\t<meta property=\"og:image:type\" content=\"image\/jpeg\" \/>\n<meta name=\"twitter:card\" content=\"summary_large_image\" \/>\n<meta name=\"twitter:label1\" content=\"Est. reading time\" \/>\n\t<meta name=\"twitter:data1\" content=\"1 minute\" \/>\n<script type=\"application\/ld+json\" class=\"yoast-schema-graph\">{\"@context\":\"https:\/\/schema.org\",\"@graph\":[{\"@type\":\"WebPage\",\"@id\":\"https:\/\/captain-guitar-lounge.com\/en\/product\/diy-partscaster-strat-mn-fiesta-red-fender-hals-kloppmann-und-di-marzio-pus-id-4578\/\",\"url\":\"https:\/\/captain-guitar-lounge.com\/en\/product\/diy-partscaster-strat-mn-fiesta-red-fender-hals-kloppmann-und-di-marzio-pus-id-4578\/\",\"name\":\"DIY - Partscaster Strat MN Fiesta Red - Fender Hals, Kloppmann und Di Marzio-Pus - ID 4578 - captain-guitar-lounge.com\",\"isPartOf\":{\"@id\":\"https:\/\/captain-guitar-lounge.com\/en\/#website\"},\"primaryImageOfPage\":{\"@id\":\"https:\/\/captain-guitar-lounge.com\/en\/product\/diy-partscaster-strat-mn-fiesta-red-fender-hals-kloppmann-und-di-marzio-pus-id-4578\/#primaryimage\"},\"image\":{\"@id\":\"https:\/\/captain-guitar-lounge.com\/en\/product\/diy-partscaster-strat-mn-fiesta-red-fender-hals-kloppmann-und-di-marzio-pus-id-4578\/#primaryimage\"},\"thumbnailUrl\":\"https:\/\/captain-guitar-lounge.com\/wp-content\/uploads\/2024\/11\/DIY-Partscaster-Strat-MN-Fiesta-Red-Fender-Hals-Kloppmann-und-Di-Marzio-Pus-ID-4578-kIMG_4952.jpg\",\"datePublished\":\"2024-11-21T15:01:46+00:00\",\"dateModified\":\"2026-02-28T08:31:55+00:00\",\"breadcrumb\":{\"@id\":\"https:\/\/captain-guitar-lounge.com\/en\/product\/diy-partscaster-strat-mn-fiesta-red-fender-hals-kloppmann-und-di-marzio-pus-id-4578\/#breadcrumb\"},\"inLanguage\":\"en-US\",\"potentialAction\":[{\"@type\":\"ReadAction\",\"target\":[\"https:\/\/captain-guitar-lounge.com\/en\/product\/diy-partscaster-strat-mn-fiesta-red-fender-hals-kloppmann-und-di-marzio-pus-id-4578\/\"]}]},{\"@type\":\"ImageObject\",\"inLanguage\":\"en-US\",\"@id\":\"https:\/\/captain-guitar-lounge.com\/en\/product\/diy-partscaster-strat-mn-fiesta-red-fender-hals-kloppmann-und-di-marzio-pus-id-4578\/#primaryimage\",\"url\":\"https:\/\/captain-guitar-lounge.com\/wp-content\/uploads\/2024\/11\/DIY-Partscaster-Strat-MN-Fiesta-Red-Fender-Hals-Kloppmann-und-Di-Marzio-Pus-ID-4578-kIMG_4952.jpg\",\"contentUrl\":\"https:\/\/captain-guitar-lounge.com\/wp-content\/uploads\/2024\/11\/DIY-Partscaster-Strat-MN-Fiesta-Red-Fender-Hals-Kloppmann-und-Di-Marzio-Pus-ID-4578-kIMG_4952.jpg\",\"width\":1024,\"height\":1024},{\"@type\":\"BreadcrumbList\",\"@id\":\"https:\/\/captain-guitar-lounge.com\/en\/product\/diy-partscaster-strat-mn-fiesta-red-fender-hals-kloppmann-und-di-marzio-pus-id-4578\/#breadcrumb\",\"itemListElement\":[{\"@type\":\"ListItem\",\"position\":1,\"name\":\"Startseite\",\"item\":\"https:\/\/captain-guitar-lounge.com\/en\/\"},{\"@type\":\"ListItem\",\"position\":2,\"name\":\"Shop\",\"item\":\"https:\/\/captain-guitar-lounge.com\/shop\/\"},{\"@type\":\"ListItem\",\"position\":3,\"name\":\"DIY &#8211; Partscaster Strat MN Fiesta Red &#8211; Fender Hals, Kloppmann und Di Marzio-Pus &#8211; ID 4578\"}]},{\"@type\":\"WebSite\",\"@id\":\"https:\/\/captain-guitar-lounge.com\/en\/#website\",\"url\":\"https:\/\/captain-guitar-lounge.com\/en\/\",\"name\":\"captain-guitar-lounge.com\",\"description\":\"Fine Amps and Guitars and more\",\"potentialAction\":[{\"@type\":\"SearchAction\",\"target\":{\"@type\":\"EntryPoint\",\"urlTemplate\":\"https:\/\/captain-guitar-lounge.com\/en\/?s={search_term_string}\"},\"query-input\":{\"@type\":\"PropertyValueSpecification\",\"valueRequired\":true,\"valueName\":\"search_term_string\"}}],\"inLanguage\":\"en-US\"}]}<\/script>\n<!-- \/ Yoast SEO plugin. -->","yoast_head_json":{"title":"DIY - Partscaster Strat MN Fiesta Red - Fender Hals, Kloppmann und Di Marzio-Pus - ID 4578 - captain-guitar-lounge.com","robots":{"index":"index","follow":"follow","max-snippet":"max-snippet:-1","max-image-preview":"max-image-preview:large","max-video-preview":"max-video-preview:-1"},"canonical":"https:\/\/captain-guitar-lounge.com\/en\/product\/diy-partscaster-strat-mn-fiesta-red-fender-hals-kloppmann-und-di-marzio-pus-id-4578\/","og_locale":"en_US","og_type":"article","og_title":"DIY - Partscaster Strat MN Fiesta Red - Fender Hals, Kloppmann und Di Marzio-Pus - ID 4578 - captain-guitar-lounge.com","og_description":"Zustand: Abgerockt Gewicht: 3,5 kg Versandklasse: Standard Vermittlungsverkauf: 12686","og_url":"https:\/\/captain-guitar-lounge.com\/en\/product\/diy-partscaster-strat-mn-fiesta-red-fender-hals-kloppmann-und-di-marzio-pus-id-4578\/","og_site_name":"captain-guitar-lounge.com","article_publisher":"https:\/\/www.facebook.com\/Captain-Guitar-Lounge-140457272682315\/","article_modified_time":"2026-02-28T08:31:55+00:00","og_image":[{"width":1024,"height":1024,"url":"https:\/\/captain-guitar-lounge.com\/wp-content\/uploads\/2024\/11\/DIY-Partscaster-Strat-MN-Fiesta-Red-Fender-Hals-Kloppmann-und-Di-Marzio-Pus-ID-4578-kIMG_4952.jpg","type":"image\/jpeg"}],"twitter_card":"summary_large_image","twitter_misc":{"Est. reading time":"1 minute"},"schema":{"@context":"https:\/\/schema.org","@graph":[{"@type":"WebPage","@id":"https:\/\/captain-guitar-lounge.com\/en\/product\/diy-partscaster-strat-mn-fiesta-red-fender-hals-kloppmann-und-di-marzio-pus-id-4578\/","url":"https:\/\/captain-guitar-lounge.com\/en\/product\/diy-partscaster-strat-mn-fiesta-red-fender-hals-kloppmann-und-di-marzio-pus-id-4578\/","name":"DIY - Partscaster Strat MN Fiesta Red - Fender Hals, Kloppmann und Di Marzio-Pus - ID 4578 - captain-guitar-lounge.com","isPartOf":{"@id":"https:\/\/captain-guitar-lounge.com\/en\/#website"},"primaryImageOfPage":{"@id":"https:\/\/captain-guitar-lounge.com\/en\/product\/diy-partscaster-strat-mn-fiesta-red-fender-hals-kloppmann-und-di-marzio-pus-id-4578\/#primaryimage"},"image":{"@id":"https:\/\/captain-guitar-lounge.com\/en\/product\/diy-partscaster-strat-mn-fiesta-red-fender-hals-kloppmann-und-di-marzio-pus-id-4578\/#primaryimage"},"thumbnailUrl":"https:\/\/captain-guitar-lounge.com\/wp-content\/uploads\/2024\/11\/DIY-Partscaster-Strat-MN-Fiesta-Red-Fender-Hals-Kloppmann-und-Di-Marzio-Pus-ID-4578-kIMG_4952.jpg","datePublished":"2024-11-21T15:01:46+00:00","dateModified":"2026-02-28T08:31:55+00:00","breadcrumb":{"@id":"https:\/\/captain-guitar-lounge.com\/en\/product\/diy-partscaster-strat-mn-fiesta-red-fender-hals-kloppmann-und-di-marzio-pus-id-4578\/#breadcrumb"},"inLanguage":"en-US","potentialAction":[{"@type":"ReadAction","target":["https:\/\/captain-guitar-lounge.com\/en\/product\/diy-partscaster-strat-mn-fiesta-red-fender-hals-kloppmann-und-di-marzio-pus-id-4578\/"]}]},{"@type":"ImageObject","inLanguage":"en-US","@id":"https:\/\/captain-guitar-lounge.com\/en\/product\/diy-partscaster-strat-mn-fiesta-red-fender-hals-kloppmann-und-di-marzio-pus-id-4578\/#primaryimage","url":"https:\/\/captain-guitar-lounge.com\/wp-content\/uploads\/2024\/11\/DIY-Partscaster-Strat-MN-Fiesta-Red-Fender-Hals-Kloppmann-und-Di-Marzio-Pus-ID-4578-kIMG_4952.jpg","contentUrl":"https:\/\/captain-guitar-lounge.com\/wp-content\/uploads\/2024\/11\/DIY-Partscaster-Strat-MN-Fiesta-Red-Fender-Hals-Kloppmann-und-Di-Marzio-Pus-ID-4578-kIMG_4952.jpg","width":1024,"height":1024},{"@type":"BreadcrumbList","@id":"https:\/\/captain-guitar-lounge.com\/en\/product\/diy-partscaster-strat-mn-fiesta-red-fender-hals-kloppmann-und-di-marzio-pus-id-4578\/#breadcrumb","itemListElement":[{"@type":"ListItem","position":1,"name":"Startseite","item":"https:\/\/captain-guitar-lounge.com\/en\/"},{"@type":"ListItem","position":2,"name":"Shop","item":"https:\/\/captain-guitar-lounge.com\/shop\/"},{"@type":"ListItem","position":3,"name":"DIY &#8211; Partscaster Strat MN Fiesta Red &#8211; Fender Hals, Kloppmann und Di Marzio-Pus &#8211; ID 4578"}]},{"@type":"WebSite","@id":"https:\/\/captain-guitar-lounge.com\/en\/#website","url":"https:\/\/captain-guitar-lounge.com\/en\/","name":"captain-guitar-lounge.com","description":"Fine Amps and Guitars and more","potentialAction":[{"@type":"SearchAction","target":{"@type":"EntryPoint","urlTemplate":"https:\/\/captain-guitar-lounge.com\/en\/?s={search_term_string}"},"query-input":{"@type":"PropertyValueSpecification","valueRequired":true,"valueName":"search_term_string"}}],"inLanguage":"en-US"}]}},"_links":{"self":[{"href":"https:\/\/captain-guitar-lounge.com\/en\/wp-json\/wp\/v2\/product\/180483","targetHints":{"allow":["GET"]}}],"collection":[{"href":"https:\/\/captain-guitar-lounge.com\/en\/wp-json\/wp\/v2\/product"}],"about":[{"href":"https:\/\/captain-guitar-lounge.com\/en\/wp-json\/wp\/v2\/types\/product"}],"replies":[{"embeddable":true,"href":"https:\/\/captain-guitar-lounge.com\/en\/wp-json\/wp\/v2\/comments?post=180483"}],"wp:featuredmedia":[{"embeddable":true,"href":"https:\/\/captain-guitar-lounge.com\/en\/wp-json\/wp\/v2\/media\/180484"}],"wp:attachment":[{"href":"https:\/\/captain-guitar-lounge.com\/en\/wp-json\/wp\/v2\/media?parent=180483"}],"wp:term":[{"taxonomy":"product_brand","embeddable":true,"href":"https:\/\/captain-guitar-lounge.com\/en\/wp-json\/wp\/v2\/product_brand?post=180483"},{"taxonomy":"product_cat","embeddable":true,"href":"https:\/\/captain-guitar-lounge.com\/en\/wp-json\/wp\/v2\/product_cat?post=180483"},{"taxonomy":"product_tag","embeddable":true,"href":"https:\/\/captain-guitar-lounge.com\/en\/wp-json\/wp\/v2\/product_tag?post=180483"}],"curies":[{"name":"wp","href":"https:\/\/api.w.org\/{rel}","templated":true}]}}