{"id":181351,"date":"2022-08-07T16:00:30","date_gmt":"2022-08-07T14:00:30","guid":{"rendered":"https:\/\/captain-guitar-lounge.com\/produkt\/1971-paulino-bernabe-classical-guitar-id-2300\/"},"modified":"2022-08-07T16:00:30","modified_gmt":"2022-08-07T14:00:30","slug":"1971-paulino-bernabe-classical-guitar-id-2300","status":"publish","type":"product","link":"https:\/\/captain-guitar-lounge.com\/en\/product\/1971-paulino-bernabe-classical-guitar-id-2300\/","title":{"rendered":"1971 Paulino Bernabe &#8211; Classical guitar &#8211; ID 2300"},"content":{"rendered":"<p><strong>1971 Paulino Bernabe &#8211; Classical guitar &#8211; ID 2300<\/strong><\/p>\n<p>Paulino Bernab\u00e9 first received musical training from Daniel Fortea and then learned the art of guitar making from Jos\u00e9 Ram\u00edrez III.<br \/>\nAfter setting up his first own workshop in 1969, he developed an individual construction method and a new type of bar system inside his instruments.<br \/>\nFrom the early 1980s until shortly before his death in 2007, Bernabe worked together with his son Paulino, born in 1960, who took over the workshop in Madrid from his father.<\/p>\n<p>Instruments built by Paulino Bernabe have been played by internationally renowned guitarists, including Narciso Yepes, Johanna Beisteiner and Alexandre Lagoya.<br \/>\nIn 1974, Paulino Bernabe (father) was awarded the gold medal at the International Crafts Fair in Munich (Germany). He died in 2007.<\/p>\n<p>Back and sides: rosewood, solid<br \/>\nTop: Cedar<br \/>\nNeck: Mahogany, Ebony Fretboard<br \/>\nStrong D-profile<br \/>\nBone saddle: 53mm<br \/>\nScale length 654mm<br \/>\nA small crack in the frame was repaired in the Munich Repair Shop.<\/p>\n","protected":false},"excerpt":{"rendered":"<p><strong>Vintage Spanish Classic<\/strong><br \/>\nCondition: Good<br \/>\nSerNr: none<br \/>\nWeight: 1.5 kg<br \/>\nShipping class: <a href=\"https:\/\/captain-guitar-lounge.com\/versand__lieferung\/\">Standard<\/a><br \/>\nCase\/Case: Case<br \/>\nBrokerage sale: 13978<\/p>\n","protected":false},"featured_media":73433,"comment_status":"closed","ping_status":"closed","template":"","meta":{"_et_pb_use_builder":"","_et_pb_old_content":"","_et_gb_content_width":""},"product_brand":[],"product_cat":[2064],"product_tag":[1862],"class_list":{"0":"post-181351","1":"product","2":"type-product","3":"status-publish","4":"has-post-thumbnail","6":"product_cat-acoustic-guitars-en","7":"product_tag-vintage-en","8":"product_shipping_class-standard","9":"pa_baujahr-70s-en","11":"first","12":"instock","13":"sale","14":"sold-individually","15":"purchasable","16":"product-type-simple"},"composite_virtual":false,"composite_layout":"","composite_add_to_cart_form_location":"","composite_editable_in_cart":false,"composite_sold_individually_context":"","composite_shop_price_calc":"","composite_components":[],"composite_scenarios":[],"pp_statuses_selecting_workflow":false,"pp_workflow_action":"current","pp_status_selection":"publish","yoast_head":"<!-- This site is optimized with the Yoast SEO plugin v26.8 - https:\/\/yoast.com\/product\/yoast-seo-wordpress\/ -->\n<title>1971 Paulino Bernabe - Classical guitar - ID 2300 - captain-guitar-lounge.com<\/title>\n<meta name=\"robots\" content=\"index, follow, max-snippet:-1, max-image-preview:large, max-video-preview:-1\" \/>\n<link rel=\"canonical\" href=\"https:\/\/captain-guitar-lounge.com\/en\/product\/1971-paulino-bernabe-classical-guitar-id-2300\/\" \/>\n<meta property=\"og:locale\" content=\"en_US\" \/>\n<meta property=\"og:type\" content=\"article\" \/>\n<meta property=\"og:title\" content=\"1971 Paulino Bernabe - Classical guitar - ID 2300 - captain-guitar-lounge.com\" \/>\n<meta property=\"og:description\" content=\"Vintage Spanish Classic Condition: Good SerNr: none Weight: 1.5 kg Shipping class: Standard Case\/Case: Case Brokerage sale: 13978\" \/>\n<meta property=\"og:url\" content=\"https:\/\/captain-guitar-lounge.com\/en\/product\/1971-paulino-bernabe-classical-guitar-id-2300\/\" \/>\n<meta property=\"og:site_name\" content=\"captain-guitar-lounge.com\" \/>\n<meta property=\"article:publisher\" content=\"https:\/\/www.facebook.com\/Captain-Guitar-Lounge-140457272682315\/\" \/>\n<meta property=\"og:image\" content=\"https:\/\/captain-guitar-lounge.com\/wp-content\/uploads\/2022\/08\/k-IMG_E4185.jpg\" \/>\n\t<meta property=\"og:image:width\" content=\"1024\" \/>\n\t<meta property=\"og:image:height\" content=\"1024\" \/>\n\t<meta property=\"og:image:type\" content=\"image\/jpeg\" \/>\n<meta name=\"twitter:card\" content=\"summary_large_image\" \/>\n<meta name=\"twitter:label1\" content=\"Est. reading time\" \/>\n\t<meta name=\"twitter:data1\" content=\"1 minute\" \/>\n<script type=\"application\/ld+json\" class=\"yoast-schema-graph\">{\"@context\":\"https:\/\/schema.org\",\"@graph\":[{\"@type\":\"WebPage\",\"@id\":\"https:\/\/captain-guitar-lounge.com\/en\/product\/1971-paulino-bernabe-classical-guitar-id-2300\/\",\"url\":\"https:\/\/captain-guitar-lounge.com\/en\/product\/1971-paulino-bernabe-classical-guitar-id-2300\/\",\"name\":\"1971 Paulino Bernabe - Classical guitar - ID 2300 - captain-guitar-lounge.com\",\"isPartOf\":{\"@id\":\"https:\/\/captain-guitar-lounge.com\/en\/#website\"},\"primaryImageOfPage\":{\"@id\":\"https:\/\/captain-guitar-lounge.com\/en\/product\/1971-paulino-bernabe-classical-guitar-id-2300\/#primaryimage\"},\"image\":{\"@id\":\"https:\/\/captain-guitar-lounge.com\/en\/product\/1971-paulino-bernabe-classical-guitar-id-2300\/#primaryimage\"},\"thumbnailUrl\":\"https:\/\/captain-guitar-lounge.com\/wp-content\/uploads\/2022\/08\/k-IMG_E4185.jpg\",\"datePublished\":\"2022-08-07T14:00:30+00:00\",\"breadcrumb\":{\"@id\":\"https:\/\/captain-guitar-lounge.com\/en\/product\/1971-paulino-bernabe-classical-guitar-id-2300\/#breadcrumb\"},\"inLanguage\":\"en-US\",\"potentialAction\":[{\"@type\":\"ReadAction\",\"target\":[\"https:\/\/captain-guitar-lounge.com\/en\/product\/1971-paulino-bernabe-classical-guitar-id-2300\/\"]}]},{\"@type\":\"ImageObject\",\"inLanguage\":\"en-US\",\"@id\":\"https:\/\/captain-guitar-lounge.com\/en\/product\/1971-paulino-bernabe-classical-guitar-id-2300\/#primaryimage\",\"url\":\"https:\/\/captain-guitar-lounge.com\/wp-content\/uploads\/2022\/08\/k-IMG_E4185.jpg\",\"contentUrl\":\"https:\/\/captain-guitar-lounge.com\/wp-content\/uploads\/2022\/08\/k-IMG_E4185.jpg\",\"width\":1024,\"height\":1024,\"caption\":\"1971 Paulino Bernabe - Classical guitar - ID 2300\"},{\"@type\":\"BreadcrumbList\",\"@id\":\"https:\/\/captain-guitar-lounge.com\/en\/product\/1971-paulino-bernabe-classical-guitar-id-2300\/#breadcrumb\",\"itemListElement\":[{\"@type\":\"ListItem\",\"position\":1,\"name\":\"Startseite\",\"item\":\"https:\/\/captain-guitar-lounge.com\/en\/\"},{\"@type\":\"ListItem\",\"position\":2,\"name\":\"Shop\",\"item\":\"https:\/\/captain-guitar-lounge.com\/shop\/\"},{\"@type\":\"ListItem\",\"position\":3,\"name\":\"1971 Paulino Bernabe &#8211; Classical guitar &#8211; ID 2300\"}]},{\"@type\":\"WebSite\",\"@id\":\"https:\/\/captain-guitar-lounge.com\/en\/#website\",\"url\":\"https:\/\/captain-guitar-lounge.com\/en\/\",\"name\":\"captain-guitar-lounge.com\",\"description\":\"Fine Amps and Guitars and more\",\"potentialAction\":[{\"@type\":\"SearchAction\",\"target\":{\"@type\":\"EntryPoint\",\"urlTemplate\":\"https:\/\/captain-guitar-lounge.com\/en\/?s={search_term_string}\"},\"query-input\":{\"@type\":\"PropertyValueSpecification\",\"valueRequired\":true,\"valueName\":\"search_term_string\"}}],\"inLanguage\":\"en-US\"}]}<\/script>\n<!-- \/ Yoast SEO plugin. -->","yoast_head_json":{"title":"1971 Paulino Bernabe - Classical guitar - ID 2300 - captain-guitar-lounge.com","robots":{"index":"index","follow":"follow","max-snippet":"max-snippet:-1","max-image-preview":"max-image-preview:large","max-video-preview":"max-video-preview:-1"},"canonical":"https:\/\/captain-guitar-lounge.com\/en\/product\/1971-paulino-bernabe-classical-guitar-id-2300\/","og_locale":"en_US","og_type":"article","og_title":"1971 Paulino Bernabe - Classical guitar - ID 2300 - captain-guitar-lounge.com","og_description":"Vintage Spanish Classic Condition: Good SerNr: none Weight: 1.5 kg Shipping class: Standard Case\/Case: Case Brokerage sale: 13978","og_url":"https:\/\/captain-guitar-lounge.com\/en\/product\/1971-paulino-bernabe-classical-guitar-id-2300\/","og_site_name":"captain-guitar-lounge.com","article_publisher":"https:\/\/www.facebook.com\/Captain-Guitar-Lounge-140457272682315\/","og_image":[{"width":1024,"height":1024,"url":"https:\/\/captain-guitar-lounge.com\/wp-content\/uploads\/2022\/08\/k-IMG_E4185.jpg","type":"image\/jpeg"}],"twitter_card":"summary_large_image","twitter_misc":{"Est. reading time":"1 minute"},"schema":{"@context":"https:\/\/schema.org","@graph":[{"@type":"WebPage","@id":"https:\/\/captain-guitar-lounge.com\/en\/product\/1971-paulino-bernabe-classical-guitar-id-2300\/","url":"https:\/\/captain-guitar-lounge.com\/en\/product\/1971-paulino-bernabe-classical-guitar-id-2300\/","name":"1971 Paulino Bernabe - Classical guitar - ID 2300 - captain-guitar-lounge.com","isPartOf":{"@id":"https:\/\/captain-guitar-lounge.com\/en\/#website"},"primaryImageOfPage":{"@id":"https:\/\/captain-guitar-lounge.com\/en\/product\/1971-paulino-bernabe-classical-guitar-id-2300\/#primaryimage"},"image":{"@id":"https:\/\/captain-guitar-lounge.com\/en\/product\/1971-paulino-bernabe-classical-guitar-id-2300\/#primaryimage"},"thumbnailUrl":"https:\/\/captain-guitar-lounge.com\/wp-content\/uploads\/2022\/08\/k-IMG_E4185.jpg","datePublished":"2022-08-07T14:00:30+00:00","breadcrumb":{"@id":"https:\/\/captain-guitar-lounge.com\/en\/product\/1971-paulino-bernabe-classical-guitar-id-2300\/#breadcrumb"},"inLanguage":"en-US","potentialAction":[{"@type":"ReadAction","target":["https:\/\/captain-guitar-lounge.com\/en\/product\/1971-paulino-bernabe-classical-guitar-id-2300\/"]}]},{"@type":"ImageObject","inLanguage":"en-US","@id":"https:\/\/captain-guitar-lounge.com\/en\/product\/1971-paulino-bernabe-classical-guitar-id-2300\/#primaryimage","url":"https:\/\/captain-guitar-lounge.com\/wp-content\/uploads\/2022\/08\/k-IMG_E4185.jpg","contentUrl":"https:\/\/captain-guitar-lounge.com\/wp-content\/uploads\/2022\/08\/k-IMG_E4185.jpg","width":1024,"height":1024,"caption":"1971 Paulino Bernabe - Classical guitar - ID 2300"},{"@type":"BreadcrumbList","@id":"https:\/\/captain-guitar-lounge.com\/en\/product\/1971-paulino-bernabe-classical-guitar-id-2300\/#breadcrumb","itemListElement":[{"@type":"ListItem","position":1,"name":"Startseite","item":"https:\/\/captain-guitar-lounge.com\/en\/"},{"@type":"ListItem","position":2,"name":"Shop","item":"https:\/\/captain-guitar-lounge.com\/shop\/"},{"@type":"ListItem","position":3,"name":"1971 Paulino Bernabe &#8211; Classical guitar &#8211; ID 2300"}]},{"@type":"WebSite","@id":"https:\/\/captain-guitar-lounge.com\/en\/#website","url":"https:\/\/captain-guitar-lounge.com\/en\/","name":"captain-guitar-lounge.com","description":"Fine Amps and Guitars and more","potentialAction":[{"@type":"SearchAction","target":{"@type":"EntryPoint","urlTemplate":"https:\/\/captain-guitar-lounge.com\/en\/?s={search_term_string}"},"query-input":{"@type":"PropertyValueSpecification","valueRequired":true,"valueName":"search_term_string"}}],"inLanguage":"en-US"}]}},"_links":{"self":[{"href":"https:\/\/captain-guitar-lounge.com\/en\/wp-json\/wp\/v2\/product\/181351","targetHints":{"allow":["GET"]}}],"collection":[{"href":"https:\/\/captain-guitar-lounge.com\/en\/wp-json\/wp\/v2\/product"}],"about":[{"href":"https:\/\/captain-guitar-lounge.com\/en\/wp-json\/wp\/v2\/types\/product"}],"replies":[{"embeddable":true,"href":"https:\/\/captain-guitar-lounge.com\/en\/wp-json\/wp\/v2\/comments?post=181351"}],"wp:featuredmedia":[{"embeddable":true,"href":"https:\/\/captain-guitar-lounge.com\/en\/wp-json\/wp\/v2\/media\/73433"}],"wp:attachment":[{"href":"https:\/\/captain-guitar-lounge.com\/en\/wp-json\/wp\/v2\/media?parent=181351"}],"wp:term":[{"taxonomy":"product_brand","embeddable":true,"href":"https:\/\/captain-guitar-lounge.com\/en\/wp-json\/wp\/v2\/product_brand?post=181351"},{"taxonomy":"product_cat","embeddable":true,"href":"https:\/\/captain-guitar-lounge.com\/en\/wp-json\/wp\/v2\/product_cat?post=181351"},{"taxonomy":"product_tag","embeddable":true,"href":"https:\/\/captain-guitar-lounge.com\/en\/wp-json\/wp\/v2\/product_tag?post=181351"}],"curies":[{"name":"wp","href":"https:\/\/api.w.org\/{rel}","templated":true}]}}