{"id":18194,"date":"2020-11-21T13:28:05","date_gmt":"2020-11-21T12:28:05","guid":{"rendered":"https:\/\/captain-guitar-lounge.com\/?p=18194&#038;post_type=product&#038;preview_id=18194"},"modified":"2023-12-07T16:07:45","modified_gmt":"2023-12-07T15:07:45","slug":"captain-guitar-lounge-kalender-2017","status":"publish","type":"product","link":"https:\/\/captain-guitar-lounge.com\/en\/product\/captain-guitar-lounge-kalender-2017\/","title":{"rendered":"Captain Guitar Lounge Kalender 2017"},"content":{"rendered":"","protected":false},"excerpt":{"rendered":"<div class=\"n module-type-text diyfeLiveArea \">\n<p><strong>Vintage Guitars Kalender 2017<\/strong><\/p>\n<p>Wieder haben wir dreizehn Sch\u00f6nheiten aus drei Jahrzehnten abgelichtet, die Dich durchs Jahr begleiten. Das Spektrum reicht von einer 57er Les Paul Standard \u00fcber eine 66er Strat bis zur 74er Telecaster Deluxe. Wie immer sch\u00f6n angerichtet an Verst\u00e4rkern aus dieser Zeit.<\/p>\n<p>DIN A3, Spiralbindung, hochwertiger Qualit\u00e4tsdruck 250g<\/p>\n<\/div>\n","protected":false},"featured_media":18196,"comment_status":"closed","ping_status":"closed","template":"","meta":{"_et_pb_use_builder":"","_et_pb_old_content":"","_et_gb_content_width":""},"product_brand":[],"product_cat":[290],"product_tag":[],"class_list":{"0":"post-18194","1":"product","2":"type-product","3":"status-publish","4":"has-post-thumbnail","6":"product_cat-fundgrube","7":"product_shipping_class-small","9":"first","10":"instock","11":"taxable","12":"shipping-taxable","13":"purchasable","14":"product-type-simple"},"composite_virtual":false,"composite_layout":"","composite_add_to_cart_form_location":"","composite_editable_in_cart":false,"composite_sold_individually_context":"","composite_shop_price_calc":"","composite_components":[],"composite_scenarios":[],"pp_statuses_selecting_workflow":false,"pp_workflow_action":"current","pp_status_selection":"publish","yoast_head":"<!-- This site is optimized with the Yoast SEO plugin v26.8 - https:\/\/yoast.com\/product\/yoast-seo-wordpress\/ -->\n<title>Captain Guitar Lounge Kalender 2017 - captain-guitar-lounge.com<\/title>\n<meta name=\"robots\" content=\"index, follow, max-snippet:-1, max-image-preview:large, max-video-preview:-1\" \/>\n<link rel=\"canonical\" href=\"https:\/\/captain-guitar-lounge.com\/en\/product\/captain-guitar-lounge-kalender-2017\/\" \/>\n<meta property=\"og:locale\" content=\"en_US\" \/>\n<meta property=\"og:type\" content=\"article\" \/>\n<meta property=\"og:title\" content=\"Captain Guitar Lounge Kalender 2017 - captain-guitar-lounge.com\" \/>\n<meta property=\"og:description\" content=\"Vintage Guitars Kalender 2017  Wieder haben wir dreizehn Sch\u00f6nheiten aus drei Jahrzehnten abgelichtet, die Dich durchs Jahr begleiten. Das Spektrum reicht von einer 57er Les Paul Standard \u00fcber eine 66er Strat bis zur 74er Telecaster Deluxe. Wie immer sch\u00f6n angerichtet an Verst\u00e4rkern aus dieser Zeit.  DIN A3, Spiralbindung, hochwertiger Qualit\u00e4tsdruck 250g\" \/>\n<meta property=\"og:url\" content=\"https:\/\/captain-guitar-lounge.com\/en\/product\/captain-guitar-lounge-kalender-2017\/\" \/>\n<meta property=\"og:site_name\" content=\"captain-guitar-lounge.com\" \/>\n<meta property=\"article:publisher\" content=\"https:\/\/www.facebook.com\/Captain-Guitar-Lounge-140457272682315\/\" \/>\n<meta property=\"article:modified_time\" content=\"2023-12-07T15:07:45+00:00\" \/>\n<meta property=\"og:image\" content=\"https:\/\/captain-guitar-lounge.com\/wp-content\/uploads\/2020\/11\/cache_2463836796.png\" \/>\n\t<meta property=\"og:image:width\" content=\"454\" \/>\n\t<meta property=\"og:image:height\" content=\"640\" \/>\n\t<meta property=\"og:image:type\" content=\"image\/png\" \/>\n<meta name=\"twitter:card\" content=\"summary_large_image\" \/>\n<script type=\"application\/ld+json\" class=\"yoast-schema-graph\">{\"@context\":\"https:\/\/schema.org\",\"@graph\":[{\"@type\":\"WebPage\",\"@id\":\"https:\/\/captain-guitar-lounge.com\/en\/product\/captain-guitar-lounge-kalender-2017\/\",\"url\":\"https:\/\/captain-guitar-lounge.com\/en\/product\/captain-guitar-lounge-kalender-2017\/\",\"name\":\"Captain Guitar Lounge Kalender 2017 - captain-guitar-lounge.com\",\"isPartOf\":{\"@id\":\"https:\/\/captain-guitar-lounge.com\/en\/#website\"},\"primaryImageOfPage\":{\"@id\":\"https:\/\/captain-guitar-lounge.com\/en\/product\/captain-guitar-lounge-kalender-2017\/#primaryimage\"},\"image\":{\"@id\":\"https:\/\/captain-guitar-lounge.com\/en\/product\/captain-guitar-lounge-kalender-2017\/#primaryimage\"},\"thumbnailUrl\":\"https:\/\/captain-guitar-lounge.com\/wp-content\/uploads\/2020\/11\/cache_2463836796.png\",\"datePublished\":\"2020-11-21T12:28:05+00:00\",\"dateModified\":\"2023-12-07T15:07:45+00:00\",\"breadcrumb\":{\"@id\":\"https:\/\/captain-guitar-lounge.com\/en\/product\/captain-guitar-lounge-kalender-2017\/#breadcrumb\"},\"inLanguage\":\"en-US\",\"potentialAction\":[{\"@type\":\"ReadAction\",\"target\":[\"https:\/\/captain-guitar-lounge.com\/en\/product\/captain-guitar-lounge-kalender-2017\/\"]}]},{\"@type\":\"ImageObject\",\"inLanguage\":\"en-US\",\"@id\":\"https:\/\/captain-guitar-lounge.com\/en\/product\/captain-guitar-lounge-kalender-2017\/#primaryimage\",\"url\":\"https:\/\/captain-guitar-lounge.com\/wp-content\/uploads\/2020\/11\/cache_2463836796.png\",\"contentUrl\":\"https:\/\/captain-guitar-lounge.com\/wp-content\/uploads\/2020\/11\/cache_2463836796.png\",\"width\":454,\"height\":640,\"caption\":\"cache_2463836796\"},{\"@type\":\"BreadcrumbList\",\"@id\":\"https:\/\/captain-guitar-lounge.com\/en\/product\/captain-guitar-lounge-kalender-2017\/#breadcrumb\",\"itemListElement\":[{\"@type\":\"ListItem\",\"position\":1,\"name\":\"Startseite\",\"item\":\"https:\/\/captain-guitar-lounge.com\/en\/\"},{\"@type\":\"ListItem\",\"position\":2,\"name\":\"Shop\",\"item\":\"https:\/\/captain-guitar-lounge.com\/shop\/\"},{\"@type\":\"ListItem\",\"position\":3,\"name\":\"Captain Guitar Lounge Kalender 2017\"}]},{\"@type\":\"WebSite\",\"@id\":\"https:\/\/captain-guitar-lounge.com\/en\/#website\",\"url\":\"https:\/\/captain-guitar-lounge.com\/en\/\",\"name\":\"captain-guitar-lounge.com\",\"description\":\"Fine Amps and Guitars and more\",\"potentialAction\":[{\"@type\":\"SearchAction\",\"target\":{\"@type\":\"EntryPoint\",\"urlTemplate\":\"https:\/\/captain-guitar-lounge.com\/en\/?s={search_term_string}\"},\"query-input\":{\"@type\":\"PropertyValueSpecification\",\"valueRequired\":true,\"valueName\":\"search_term_string\"}}],\"inLanguage\":\"en-US\"}]}<\/script>\n<!-- \/ Yoast SEO plugin. -->","yoast_head_json":{"title":"Captain Guitar Lounge Kalender 2017 - captain-guitar-lounge.com","robots":{"index":"index","follow":"follow","max-snippet":"max-snippet:-1","max-image-preview":"max-image-preview:large","max-video-preview":"max-video-preview:-1"},"canonical":"https:\/\/captain-guitar-lounge.com\/en\/product\/captain-guitar-lounge-kalender-2017\/","og_locale":"en_US","og_type":"article","og_title":"Captain Guitar Lounge Kalender 2017 - captain-guitar-lounge.com","og_description":"Vintage Guitars Kalender 2017  Wieder haben wir dreizehn Sch\u00f6nheiten aus drei Jahrzehnten abgelichtet, die Dich durchs Jahr begleiten. Das Spektrum reicht von einer 57er Les Paul Standard \u00fcber eine 66er Strat bis zur 74er Telecaster Deluxe. Wie immer sch\u00f6n angerichtet an Verst\u00e4rkern aus dieser Zeit.  DIN A3, Spiralbindung, hochwertiger Qualit\u00e4tsdruck 250g","og_url":"https:\/\/captain-guitar-lounge.com\/en\/product\/captain-guitar-lounge-kalender-2017\/","og_site_name":"captain-guitar-lounge.com","article_publisher":"https:\/\/www.facebook.com\/Captain-Guitar-Lounge-140457272682315\/","article_modified_time":"2023-12-07T15:07:45+00:00","og_image":[{"width":454,"height":640,"url":"https:\/\/captain-guitar-lounge.com\/wp-content\/uploads\/2020\/11\/cache_2463836796.png","type":"image\/png"}],"twitter_card":"summary_large_image","schema":{"@context":"https:\/\/schema.org","@graph":[{"@type":"WebPage","@id":"https:\/\/captain-guitar-lounge.com\/en\/product\/captain-guitar-lounge-kalender-2017\/","url":"https:\/\/captain-guitar-lounge.com\/en\/product\/captain-guitar-lounge-kalender-2017\/","name":"Captain Guitar Lounge Kalender 2017 - captain-guitar-lounge.com","isPartOf":{"@id":"https:\/\/captain-guitar-lounge.com\/en\/#website"},"primaryImageOfPage":{"@id":"https:\/\/captain-guitar-lounge.com\/en\/product\/captain-guitar-lounge-kalender-2017\/#primaryimage"},"image":{"@id":"https:\/\/captain-guitar-lounge.com\/en\/product\/captain-guitar-lounge-kalender-2017\/#primaryimage"},"thumbnailUrl":"https:\/\/captain-guitar-lounge.com\/wp-content\/uploads\/2020\/11\/cache_2463836796.png","datePublished":"2020-11-21T12:28:05+00:00","dateModified":"2023-12-07T15:07:45+00:00","breadcrumb":{"@id":"https:\/\/captain-guitar-lounge.com\/en\/product\/captain-guitar-lounge-kalender-2017\/#breadcrumb"},"inLanguage":"en-US","potentialAction":[{"@type":"ReadAction","target":["https:\/\/captain-guitar-lounge.com\/en\/product\/captain-guitar-lounge-kalender-2017\/"]}]},{"@type":"ImageObject","inLanguage":"en-US","@id":"https:\/\/captain-guitar-lounge.com\/en\/product\/captain-guitar-lounge-kalender-2017\/#primaryimage","url":"https:\/\/captain-guitar-lounge.com\/wp-content\/uploads\/2020\/11\/cache_2463836796.png","contentUrl":"https:\/\/captain-guitar-lounge.com\/wp-content\/uploads\/2020\/11\/cache_2463836796.png","width":454,"height":640,"caption":"cache_2463836796"},{"@type":"BreadcrumbList","@id":"https:\/\/captain-guitar-lounge.com\/en\/product\/captain-guitar-lounge-kalender-2017\/#breadcrumb","itemListElement":[{"@type":"ListItem","position":1,"name":"Startseite","item":"https:\/\/captain-guitar-lounge.com\/en\/"},{"@type":"ListItem","position":2,"name":"Shop","item":"https:\/\/captain-guitar-lounge.com\/shop\/"},{"@type":"ListItem","position":3,"name":"Captain Guitar Lounge Kalender 2017"}]},{"@type":"WebSite","@id":"https:\/\/captain-guitar-lounge.com\/en\/#website","url":"https:\/\/captain-guitar-lounge.com\/en\/","name":"captain-guitar-lounge.com","description":"Fine Amps and Guitars and more","potentialAction":[{"@type":"SearchAction","target":{"@type":"EntryPoint","urlTemplate":"https:\/\/captain-guitar-lounge.com\/en\/?s={search_term_string}"},"query-input":{"@type":"PropertyValueSpecification","valueRequired":true,"valueName":"search_term_string"}}],"inLanguage":"en-US"}]}},"_links":{"self":[{"href":"https:\/\/captain-guitar-lounge.com\/en\/wp-json\/wp\/v2\/product\/18194","targetHints":{"allow":["GET"]}}],"collection":[{"href":"https:\/\/captain-guitar-lounge.com\/en\/wp-json\/wp\/v2\/product"}],"about":[{"href":"https:\/\/captain-guitar-lounge.com\/en\/wp-json\/wp\/v2\/types\/product"}],"replies":[{"embeddable":true,"href":"https:\/\/captain-guitar-lounge.com\/en\/wp-json\/wp\/v2\/comments?post=18194"}],"wp:featuredmedia":[{"embeddable":true,"href":"https:\/\/captain-guitar-lounge.com\/en\/wp-json\/wp\/v2\/media\/18196"}],"wp:attachment":[{"href":"https:\/\/captain-guitar-lounge.com\/en\/wp-json\/wp\/v2\/media?parent=18194"}],"wp:term":[{"taxonomy":"product_brand","embeddable":true,"href":"https:\/\/captain-guitar-lounge.com\/en\/wp-json\/wp\/v2\/product_brand?post=18194"},{"taxonomy":"product_cat","embeddable":true,"href":"https:\/\/captain-guitar-lounge.com\/en\/wp-json\/wp\/v2\/product_cat?post=18194"},{"taxonomy":"product_tag","embeddable":true,"href":"https:\/\/captain-guitar-lounge.com\/en\/wp-json\/wp\/v2\/product_tag?post=18194"}],"curies":[{"name":"wp","href":"https:\/\/api.w.org\/{rel}","templated":true}]}}