{"id":182546,"date":"2024-12-06T16:35:53","date_gmt":"2024-12-06T15:35:53","guid":{"rendered":"https:\/\/captain-guitar-lounge.com\/?post_type=product&#038;p=182546"},"modified":"2026-04-20T01:42:51","modified_gmt":"2026-04-19T23:42:51","slug":"1977-fender-precision-bass-fretless-mit-j-bass-pu-id-4585","status":"publish","type":"product","link":"https:\/\/captain-guitar-lounge.com\/en\/product\/1977-fender-precision-bass-fretless-mit-j-bass-pu-id-4585\/","title":{"rendered":"1977 Fender &#8211; Precision Bass &#8211; fretless mit J-Bass-PU &#8211; ID 4585"},"content":{"rendered":"<p>Dieser Fender Precision Bass aus dem Jahr 1977 wurde ab Werk mit einem fretless Maple-Griffbrett ausgeliefert. Die Lackierung in Olympic White ist fast gleichm\u00e4\u00dfig und dezent vergilbt. Ein kleiner Lackschaden in der Zarge (in H\u00f6he der Regler) wurde ausgebessert, ansonsten sind im Lack f\u00fcr das Alter nur leichte Gebrauchsspuren zu erkennen. Das schwarze Pickguard ist original mit dem dazugeh\u00f6rigen Seriennummeraufkleber. Es wurde ein Jazzbass Pickup in die Stegposition eingebaut inkl. Fr\u00e4sung f\u00fcr den Tonabnehmer. Unter dem Schlagbrett befindet sich eine kleine Fr\u00e4sung f\u00fcr den zus\u00e4tzlichen Vol.-Poti. Am Hals\/Griffbrett gibt es evtl. einen \u00e4lteren Overspray. Die Chrome-Cover f\u00fcr Bridge und Neck-PU sowie der Thumbrest sind leider nicht mehr vorhanden. Die Tonabnehmer sind leider nicht original (Hersteller unbekannt, originale nicht mehr vorhanden).<\/p>\n<p>&#8211; Korpus: Esche<br \/>\n&#8211; Hals: Ahorn (Kr\u00e4ftiges C Profil)<br \/>\n&#8211; Griffbrett: Ahorn fretless (7,25&#8243;)<br \/>\n&#8211; Sattelbreite: ca. 41,9 mm<br \/>\n&#8211; Breite am 12. Bund: ca. 56,3 mm<br \/>\n&#8211; Halsst\u00e4rke am 1. Bund: ca. 22,4 mm<br \/>\n&#8211; Halsst\u00e4rke am 12. Bund: ca. 26,9 mm<br \/>\n&#8211; Preci-PU: 10,83 kOhm (Hersteller unbekannt, original nicht mehr vorhanden)<br \/>\n&#8211; Bridge-PU: Jazzbass-type, nicht original, 15,11 kOhm (Hersteller unbekannt)<br \/>\n&#8211; Pickguard: 3-lagig schwarz (b-w-b) 2 zus\u00e4tzliche Bohrungen<br \/>\n&#8211; Regler: 1x Vol. Preci-PU, 1x Vol. Bridge-PU, 1x Master-Tone<br \/>\n&#8211; Gewicht: 4905 Gramm<\/p>\n","protected":false},"excerpt":{"rendered":"<p><strong>Vintage Fender P-Bass in Olympic White<\/strong><br \/>\nZustand: Gut<br \/>\nSerNr: S758611<br \/>\nGewicht: 4,9 kg Versandklasse: <a href=\"https:\/\/captain-guitar-lounge.com\/versand__lieferung\/\">Large<\/a><br \/>\nKoffer\/Case: original<br \/>\nVermittlungsverkauf: 16682<\/p>\n","protected":false},"featured_media":182672,"comment_status":"closed","ping_status":"closed","template":"","meta":{"_et_pb_use_builder":"","_et_pb_old_content":"","_et_gb_content_width":""},"product_brand":[],"product_cat":[64],"product_tag":[617,2240,76],"class_list":{"0":"post-182546","1":"product","2":"type-product","3":"status-publish","4":"has-post-thumbnail","6":"product_cat-4-string","7":"product_tag-jazzbass","8":"product_tag-precisionbass","9":"product_tag-vintage","10":"product_shipping_class-large","11":"pa_baujahr-70s","13":"first","14":"instock","15":"sold-individually","16":"purchasable","17":"product-type-simple"},"composite_virtual":false,"composite_layout":"","composite_add_to_cart_form_location":"","composite_editable_in_cart":false,"composite_sold_individually_context":"","composite_shop_price_calc":"","composite_components":[],"composite_scenarios":[],"pp_statuses_selecting_workflow":false,"pp_workflow_action":"current","pp_status_selection":"publish","yoast_head":"<!-- This site is optimized with the Yoast SEO plugin v26.8 - https:\/\/yoast.com\/product\/yoast-seo-wordpress\/ -->\n<title>1977 Fender - Precision Bass - fretless mit J-Bass-PU - ID 4585 - captain-guitar-lounge.com<\/title>\n<meta name=\"robots\" content=\"index, follow, max-snippet:-1, max-image-preview:large, max-video-preview:-1\" \/>\n<link rel=\"canonical\" href=\"https:\/\/captain-guitar-lounge.com\/en\/product\/1977-fender-precision-bass-fretless-mit-j-bass-pu-id-4585\/\" \/>\n<meta property=\"og:locale\" content=\"en_US\" \/>\n<meta property=\"og:type\" content=\"article\" \/>\n<meta property=\"og:title\" content=\"1977 Fender - Precision Bass - fretless mit J-Bass-PU - ID 4585 - captain-guitar-lounge.com\" \/>\n<meta property=\"og:description\" content=\"Vintage Fender P-Bass in Olympic White Zustand: Gut SerNr: S758611 Gewicht: 4,9 kg Versandklasse: Large Koffer\/Case: original Vermittlungsverkauf: 16682\" \/>\n<meta property=\"og:url\" content=\"https:\/\/captain-guitar-lounge.com\/en\/product\/1977-fender-precision-bass-fretless-mit-j-bass-pu-id-4585\/\" \/>\n<meta property=\"og:site_name\" content=\"captain-guitar-lounge.com\" \/>\n<meta property=\"article:publisher\" content=\"https:\/\/www.facebook.com\/Captain-Guitar-Lounge-140457272682315\/\" \/>\n<meta property=\"article:modified_time\" content=\"2026-04-19T23:42:51+00:00\" \/>\n<meta property=\"og:image\" content=\"https:\/\/captain-guitar-lounge.com\/wp-content\/uploads\/2024\/12\/1977-Fender-Precision-Bass-fretless-mit-J-Bass-PU-ID-4585-kIMG_5849.jpg\" \/>\n\t<meta property=\"og:image:width\" content=\"1024\" \/>\n\t<meta property=\"og:image:height\" content=\"1024\" \/>\n\t<meta property=\"og:image:type\" content=\"image\/jpeg\" \/>\n<meta name=\"twitter:card\" content=\"summary_large_image\" \/>\n<meta name=\"twitter:label1\" content=\"Est. reading time\" \/>\n\t<meta name=\"twitter:data1\" content=\"2 minutes\" \/>\n<script type=\"application\/ld+json\" class=\"yoast-schema-graph\">{\"@context\":\"https:\/\/schema.org\",\"@graph\":[{\"@type\":\"WebPage\",\"@id\":\"https:\/\/captain-guitar-lounge.com\/en\/product\/1977-fender-precision-bass-fretless-mit-j-bass-pu-id-4585\/\",\"url\":\"https:\/\/captain-guitar-lounge.com\/en\/product\/1977-fender-precision-bass-fretless-mit-j-bass-pu-id-4585\/\",\"name\":\"1977 Fender - Precision Bass - fretless mit J-Bass-PU - ID 4585 - captain-guitar-lounge.com\",\"isPartOf\":{\"@id\":\"https:\/\/captain-guitar-lounge.com\/en\/#website\"},\"primaryImageOfPage\":{\"@id\":\"https:\/\/captain-guitar-lounge.com\/en\/product\/1977-fender-precision-bass-fretless-mit-j-bass-pu-id-4585\/#primaryimage\"},\"image\":{\"@id\":\"https:\/\/captain-guitar-lounge.com\/en\/product\/1977-fender-precision-bass-fretless-mit-j-bass-pu-id-4585\/#primaryimage\"},\"thumbnailUrl\":\"https:\/\/captain-guitar-lounge.com\/wp-content\/uploads\/2024\/12\/1977-Fender-Precision-Bass-fretless-mit-J-Bass-PU-ID-4585-kIMG_5849.jpg\",\"datePublished\":\"2024-12-06T15:35:53+00:00\",\"dateModified\":\"2026-04-19T23:42:51+00:00\",\"breadcrumb\":{\"@id\":\"https:\/\/captain-guitar-lounge.com\/en\/product\/1977-fender-precision-bass-fretless-mit-j-bass-pu-id-4585\/#breadcrumb\"},\"inLanguage\":\"en-US\",\"potentialAction\":[{\"@type\":\"ReadAction\",\"target\":[\"https:\/\/captain-guitar-lounge.com\/en\/product\/1977-fender-precision-bass-fretless-mit-j-bass-pu-id-4585\/\"]}]},{\"@type\":\"ImageObject\",\"inLanguage\":\"en-US\",\"@id\":\"https:\/\/captain-guitar-lounge.com\/en\/product\/1977-fender-precision-bass-fretless-mit-j-bass-pu-id-4585\/#primaryimage\",\"url\":\"https:\/\/captain-guitar-lounge.com\/wp-content\/uploads\/2024\/12\/1977-Fender-Precision-Bass-fretless-mit-J-Bass-PU-ID-4585-kIMG_5849.jpg\",\"contentUrl\":\"https:\/\/captain-guitar-lounge.com\/wp-content\/uploads\/2024\/12\/1977-Fender-Precision-Bass-fretless-mit-J-Bass-PU-ID-4585-kIMG_5849.jpg\",\"width\":1024,\"height\":1024},{\"@type\":\"BreadcrumbList\",\"@id\":\"https:\/\/captain-guitar-lounge.com\/en\/product\/1977-fender-precision-bass-fretless-mit-j-bass-pu-id-4585\/#breadcrumb\",\"itemListElement\":[{\"@type\":\"ListItem\",\"position\":1,\"name\":\"Startseite\",\"item\":\"https:\/\/captain-guitar-lounge.com\/en\/\"},{\"@type\":\"ListItem\",\"position\":2,\"name\":\"Shop\",\"item\":\"https:\/\/captain-guitar-lounge.com\/shop\/\"},{\"@type\":\"ListItem\",\"position\":3,\"name\":\"1977 Fender &#8211; Precision Bass &#8211; fretless mit J-Bass-PU &#8211; ID 4585\"}]},{\"@type\":\"WebSite\",\"@id\":\"https:\/\/captain-guitar-lounge.com\/en\/#website\",\"url\":\"https:\/\/captain-guitar-lounge.com\/en\/\",\"name\":\"captain-guitar-lounge.com\",\"description\":\"Fine Amps and Guitars and more\",\"potentialAction\":[{\"@type\":\"SearchAction\",\"target\":{\"@type\":\"EntryPoint\",\"urlTemplate\":\"https:\/\/captain-guitar-lounge.com\/en\/?s={search_term_string}\"},\"query-input\":{\"@type\":\"PropertyValueSpecification\",\"valueRequired\":true,\"valueName\":\"search_term_string\"}}],\"inLanguage\":\"en-US\"}]}<\/script>\n<!-- \/ Yoast SEO plugin. -->","yoast_head_json":{"title":"1977 Fender - Precision Bass - fretless mit J-Bass-PU - ID 4585 - captain-guitar-lounge.com","robots":{"index":"index","follow":"follow","max-snippet":"max-snippet:-1","max-image-preview":"max-image-preview:large","max-video-preview":"max-video-preview:-1"},"canonical":"https:\/\/captain-guitar-lounge.com\/en\/product\/1977-fender-precision-bass-fretless-mit-j-bass-pu-id-4585\/","og_locale":"en_US","og_type":"article","og_title":"1977 Fender - Precision Bass - fretless mit J-Bass-PU - ID 4585 - captain-guitar-lounge.com","og_description":"Vintage Fender P-Bass in Olympic White Zustand: Gut SerNr: S758611 Gewicht: 4,9 kg Versandklasse: Large Koffer\/Case: original Vermittlungsverkauf: 16682","og_url":"https:\/\/captain-guitar-lounge.com\/en\/product\/1977-fender-precision-bass-fretless-mit-j-bass-pu-id-4585\/","og_site_name":"captain-guitar-lounge.com","article_publisher":"https:\/\/www.facebook.com\/Captain-Guitar-Lounge-140457272682315\/","article_modified_time":"2026-04-19T23:42:51+00:00","og_image":[{"width":1024,"height":1024,"url":"https:\/\/captain-guitar-lounge.com\/wp-content\/uploads\/2024\/12\/1977-Fender-Precision-Bass-fretless-mit-J-Bass-PU-ID-4585-kIMG_5849.jpg","type":"image\/jpeg"}],"twitter_card":"summary_large_image","twitter_misc":{"Est. reading time":"2 minutes"},"schema":{"@context":"https:\/\/schema.org","@graph":[{"@type":"WebPage","@id":"https:\/\/captain-guitar-lounge.com\/en\/product\/1977-fender-precision-bass-fretless-mit-j-bass-pu-id-4585\/","url":"https:\/\/captain-guitar-lounge.com\/en\/product\/1977-fender-precision-bass-fretless-mit-j-bass-pu-id-4585\/","name":"1977 Fender - Precision Bass - fretless mit J-Bass-PU - ID 4585 - captain-guitar-lounge.com","isPartOf":{"@id":"https:\/\/captain-guitar-lounge.com\/en\/#website"},"primaryImageOfPage":{"@id":"https:\/\/captain-guitar-lounge.com\/en\/product\/1977-fender-precision-bass-fretless-mit-j-bass-pu-id-4585\/#primaryimage"},"image":{"@id":"https:\/\/captain-guitar-lounge.com\/en\/product\/1977-fender-precision-bass-fretless-mit-j-bass-pu-id-4585\/#primaryimage"},"thumbnailUrl":"https:\/\/captain-guitar-lounge.com\/wp-content\/uploads\/2024\/12\/1977-Fender-Precision-Bass-fretless-mit-J-Bass-PU-ID-4585-kIMG_5849.jpg","datePublished":"2024-12-06T15:35:53+00:00","dateModified":"2026-04-19T23:42:51+00:00","breadcrumb":{"@id":"https:\/\/captain-guitar-lounge.com\/en\/product\/1977-fender-precision-bass-fretless-mit-j-bass-pu-id-4585\/#breadcrumb"},"inLanguage":"en-US","potentialAction":[{"@type":"ReadAction","target":["https:\/\/captain-guitar-lounge.com\/en\/product\/1977-fender-precision-bass-fretless-mit-j-bass-pu-id-4585\/"]}]},{"@type":"ImageObject","inLanguage":"en-US","@id":"https:\/\/captain-guitar-lounge.com\/en\/product\/1977-fender-precision-bass-fretless-mit-j-bass-pu-id-4585\/#primaryimage","url":"https:\/\/captain-guitar-lounge.com\/wp-content\/uploads\/2024\/12\/1977-Fender-Precision-Bass-fretless-mit-J-Bass-PU-ID-4585-kIMG_5849.jpg","contentUrl":"https:\/\/captain-guitar-lounge.com\/wp-content\/uploads\/2024\/12\/1977-Fender-Precision-Bass-fretless-mit-J-Bass-PU-ID-4585-kIMG_5849.jpg","width":1024,"height":1024},{"@type":"BreadcrumbList","@id":"https:\/\/captain-guitar-lounge.com\/en\/product\/1977-fender-precision-bass-fretless-mit-j-bass-pu-id-4585\/#breadcrumb","itemListElement":[{"@type":"ListItem","position":1,"name":"Startseite","item":"https:\/\/captain-guitar-lounge.com\/en\/"},{"@type":"ListItem","position":2,"name":"Shop","item":"https:\/\/captain-guitar-lounge.com\/shop\/"},{"@type":"ListItem","position":3,"name":"1977 Fender &#8211; Precision Bass &#8211; fretless mit J-Bass-PU &#8211; ID 4585"}]},{"@type":"WebSite","@id":"https:\/\/captain-guitar-lounge.com\/en\/#website","url":"https:\/\/captain-guitar-lounge.com\/en\/","name":"captain-guitar-lounge.com","description":"Fine Amps and Guitars and more","potentialAction":[{"@type":"SearchAction","target":{"@type":"EntryPoint","urlTemplate":"https:\/\/captain-guitar-lounge.com\/en\/?s={search_term_string}"},"query-input":{"@type":"PropertyValueSpecification","valueRequired":true,"valueName":"search_term_string"}}],"inLanguage":"en-US"}]}},"_links":{"self":[{"href":"https:\/\/captain-guitar-lounge.com\/en\/wp-json\/wp\/v2\/product\/182546","targetHints":{"allow":["GET"]}}],"collection":[{"href":"https:\/\/captain-guitar-lounge.com\/en\/wp-json\/wp\/v2\/product"}],"about":[{"href":"https:\/\/captain-guitar-lounge.com\/en\/wp-json\/wp\/v2\/types\/product"}],"replies":[{"embeddable":true,"href":"https:\/\/captain-guitar-lounge.com\/en\/wp-json\/wp\/v2\/comments?post=182546"}],"wp:featuredmedia":[{"embeddable":true,"href":"https:\/\/captain-guitar-lounge.com\/en\/wp-json\/wp\/v2\/media\/182672"}],"wp:attachment":[{"href":"https:\/\/captain-guitar-lounge.com\/en\/wp-json\/wp\/v2\/media?parent=182546"}],"wp:term":[{"taxonomy":"product_brand","embeddable":true,"href":"https:\/\/captain-guitar-lounge.com\/en\/wp-json\/wp\/v2\/product_brand?post=182546"},{"taxonomy":"product_cat","embeddable":true,"href":"https:\/\/captain-guitar-lounge.com\/en\/wp-json\/wp\/v2\/product_cat?post=182546"},{"taxonomy":"product_tag","embeddable":true,"href":"https:\/\/captain-guitar-lounge.com\/en\/wp-json\/wp\/v2\/product_tag?post=182546"}],"curies":[{"name":"wp","href":"https:\/\/api.w.org\/{rel}","templated":true}]}}