{"id":182783,"date":"2024-12-07T10:57:49","date_gmt":"2024-12-07T09:57:49","guid":{"rendered":"https:\/\/captain-guitar-lounge.com\/?post_type=product&#038;p=182783"},"modified":"2026-03-02T14:03:09","modified_gmt":"2026-03-02T13:03:09","slug":"roland-vga-7-2x-65-watt-digitalverstaerker-yamaha-g1d-midi-pick-up-id-4634","status":"publish","type":"product","link":"https:\/\/captain-guitar-lounge.com\/en\/product\/roland-vga-7-2x-65-watt-digitalverstaerker-yamaha-g1d-midi-pick-up-id-4634\/","title":{"rendered":"Roland &#8211; VGA 7- 2x 65 Watt Digitalverst\u00e4rker + Yamaha G1D Midi Pick-Up &#8211; ID 4634"},"content":{"rendered":"<p><strong>Der VGA-7 ist (war) der weltweit erste und einzige Digitalverst\u00e4rker<\/strong>, der nicht nur Gitarrenverst\u00e4rker und Lautsprecherboxen werden simuliert, sondern auch alle ber\u00fchmten E- und Akustikgitarren als naturgetreue Simulationen bereitstellt. Ganz allein mit diesem Verst\u00e4rker (und einer beliebigen Stahlsaitengitarre, auf die ein Roland GK-2a Tonabnehmer montiert ist) lassen sich nun auf der B\u00fchne und im Studio alle nur denkbaren Gitarren-, Verst\u00e4rker- und Effekt-Sounds sowie Tunings einfach umschalten! Der VGA-7 ist damit die optimale Kombination aus Combo-Verst\u00e4rker, Roland VG-88 und BOSS GT.<\/p>\n<p>Features:<br \/>\n26 COSM Gitarrensimulationen (E-und Akustikgitarren, inkl. Nylongitarre)<br \/>\n20 COSM Verst\u00e4rkersimulationen<br \/>\nVier unabh\u00e4ngige Effektprozessoren mit 15 Roland\/BOSS Effektalgorithmen<br \/>\nEffekte und Verst\u00e4rkersimulationen auch mit normalen Tonabnehmern spielbar<br \/>\nSynth-artige Sounds wie Bl\u00e4ser, Orgel und Synthbass<br \/>\n2x 65 Watt mit 2&#215;12&#8243; Eminence-Custom-Lautsprecher und 2x Hochtonhorn<br \/>\nEinfachste &#8220;analoge&#8221; Bedienung \u00fcber Regler und Taster<br \/>\n&#8220;Virtual Capo&#8221; und &#8220;Pickup Blending&#8221;-Funktionen<br \/>\nOpen Tunings auf Knopfdruck<br \/>\n80 User- und 80 Preset-Patches<br \/>\nStereo &#8220;Mix Input&#8221; f\u00fcr externe Soundquellen wie z.B. Roland GR-33 Gitarrensynthesizer<br \/>\nAnschl\u00fcsse f\u00fcr MIDI-Fu\u00dfleisten und Expressionpedale\/Fu\u00dftaster<br \/>\nLine Out -Anschl\u00fcsse f\u00fcr Recording<\/p>\n<p>Der mitgelieferte \u201eMidi Pick-Up\u201c f\u00fcr E-Gitarren und Akustik-Gitarren (mit Stahlsaiten),<br \/>\nkann direkt am VGA 7 \u00fcber den &#8220;GK IN&#8221; angeschlossen werden.<br \/>\nDas ben\u00f6tigte Anschlu\u00dfkabel (10m 13polig) ist dabei.<\/p>\n","protected":false},"excerpt":{"rendered":"<p><strong>Aus 1. Hand!<\/strong><br \/>\nZustand: Gut<br \/>\nSerNr: ZO00282<br \/>\nGewicht: 37 kg Versandklasse: <strong>Auf Anfrage<\/strong><br \/>\nSonstiges: Diverse Kabel<br \/>\nVermittlungsverkauf: 16711<\/p>\n","protected":false},"featured_media":182784,"comment_status":"closed","ping_status":"closed","template":"","meta":{"_et_pb_use_builder":"","_et_pb_old_content":"","_et_gb_content_width":""},"product_brand":[],"product_cat":[55,290],"product_tag":[2534],"class_list":{"0":"post-182783","1":"product","2":"type-product","3":"status-publish","4":"has-post-thumbnail","6":"product_cat-combo","7":"product_cat-fundgrube","8":"product_tag-one-owner","9":"product_shipping_class-extra-heavy","11":"first","12":"instock","13":"purchasable","14":"product-type-simple"},"composite_virtual":false,"composite_layout":"","composite_add_to_cart_form_location":"","composite_editable_in_cart":false,"composite_sold_individually_context":"","composite_shop_price_calc":"","composite_components":[],"composite_scenarios":[],"pp_statuses_selecting_workflow":false,"pp_workflow_action":"current","pp_status_selection":"publish","yoast_head":"<!-- This site is optimized with the Yoast SEO plugin v26.8 - https:\/\/yoast.com\/product\/yoast-seo-wordpress\/ -->\n<title>Roland - VGA 7- 2x 65 Watt Digitalverst\u00e4rker + Yamaha G1D Midi Pick-Up - ID 4634 - captain-guitar-lounge.com<\/title>\n<meta name=\"robots\" content=\"index, follow, max-snippet:-1, max-image-preview:large, max-video-preview:-1\" \/>\n<link rel=\"canonical\" href=\"https:\/\/captain-guitar-lounge.com\/en\/product\/roland-vga-7-2x-65-watt-digitalverstaerker-yamaha-g1d-midi-pick-up-id-4634\/\" \/>\n<meta property=\"og:locale\" content=\"en_US\" \/>\n<meta property=\"og:type\" content=\"article\" \/>\n<meta property=\"og:title\" content=\"Roland - VGA 7- 2x 65 Watt Digitalverst\u00e4rker + Yamaha G1D Midi Pick-Up - ID 4634 - captain-guitar-lounge.com\" \/>\n<meta property=\"og:description\" content=\"Aus 1. Hand! Zustand: Gut SerNr: ZO00282 Gewicht: 37 kg Versandklasse: Auf Anfrage Sonstiges: Diverse Kabel Vermittlungsverkauf: 16711\" \/>\n<meta property=\"og:url\" content=\"https:\/\/captain-guitar-lounge.com\/en\/product\/roland-vga-7-2x-65-watt-digitalverstaerker-yamaha-g1d-midi-pick-up-id-4634\/\" \/>\n<meta property=\"og:site_name\" content=\"captain-guitar-lounge.com\" \/>\n<meta property=\"article:publisher\" content=\"https:\/\/www.facebook.com\/Captain-Guitar-Lounge-140457272682315\/\" \/>\n<meta property=\"article:modified_time\" content=\"2026-03-02T13:03:09+00:00\" \/>\n<meta property=\"og:image\" content=\"https:\/\/captain-guitar-lounge.com\/wp-content\/uploads\/2024\/12\/Roland-VGA-7-Y-ID-4634IMG_0920.jpg\" \/>\n\t<meta property=\"og:image:width\" content=\"1024\" \/>\n\t<meta property=\"og:image:height\" content=\"1024\" \/>\n\t<meta property=\"og:image:type\" content=\"image\/jpeg\" \/>\n<meta name=\"twitter:card\" content=\"summary_large_image\" \/>\n<meta name=\"twitter:label1\" content=\"Est. reading time\" \/>\n\t<meta name=\"twitter:data1\" content=\"2 minutes\" \/>\n<script type=\"application\/ld+json\" class=\"yoast-schema-graph\">{\"@context\":\"https:\/\/schema.org\",\"@graph\":[{\"@type\":\"WebPage\",\"@id\":\"https:\/\/captain-guitar-lounge.com\/en\/product\/roland-vga-7-2x-65-watt-digitalverstaerker-yamaha-g1d-midi-pick-up-id-4634\/\",\"url\":\"https:\/\/captain-guitar-lounge.com\/en\/product\/roland-vga-7-2x-65-watt-digitalverstaerker-yamaha-g1d-midi-pick-up-id-4634\/\",\"name\":\"Roland - VGA 7- 2x 65 Watt Digitalverst\u00e4rker + Yamaha G1D Midi Pick-Up - ID 4634 - captain-guitar-lounge.com\",\"isPartOf\":{\"@id\":\"https:\/\/captain-guitar-lounge.com\/en\/#website\"},\"primaryImageOfPage\":{\"@id\":\"https:\/\/captain-guitar-lounge.com\/en\/product\/roland-vga-7-2x-65-watt-digitalverstaerker-yamaha-g1d-midi-pick-up-id-4634\/#primaryimage\"},\"image\":{\"@id\":\"https:\/\/captain-guitar-lounge.com\/en\/product\/roland-vga-7-2x-65-watt-digitalverstaerker-yamaha-g1d-midi-pick-up-id-4634\/#primaryimage\"},\"thumbnailUrl\":\"https:\/\/captain-guitar-lounge.com\/wp-content\/uploads\/2024\/12\/Roland-VGA-7-Y-ID-4634IMG_0920.jpg\",\"datePublished\":\"2024-12-07T09:57:49+00:00\",\"dateModified\":\"2026-03-02T13:03:09+00:00\",\"breadcrumb\":{\"@id\":\"https:\/\/captain-guitar-lounge.com\/en\/product\/roland-vga-7-2x-65-watt-digitalverstaerker-yamaha-g1d-midi-pick-up-id-4634\/#breadcrumb\"},\"inLanguage\":\"en-US\",\"potentialAction\":[{\"@type\":\"ReadAction\",\"target\":[\"https:\/\/captain-guitar-lounge.com\/en\/product\/roland-vga-7-2x-65-watt-digitalverstaerker-yamaha-g1d-midi-pick-up-id-4634\/\"]}]},{\"@type\":\"ImageObject\",\"inLanguage\":\"en-US\",\"@id\":\"https:\/\/captain-guitar-lounge.com\/en\/product\/roland-vga-7-2x-65-watt-digitalverstaerker-yamaha-g1d-midi-pick-up-id-4634\/#primaryimage\",\"url\":\"https:\/\/captain-guitar-lounge.com\/wp-content\/uploads\/2024\/12\/Roland-VGA-7-Y-ID-4634IMG_0920.jpg\",\"contentUrl\":\"https:\/\/captain-guitar-lounge.com\/wp-content\/uploads\/2024\/12\/Roland-VGA-7-Y-ID-4634IMG_0920.jpg\",\"width\":1024,\"height\":1024,\"caption\":\"Roland-VGA-7-Y-ID-4634IMG_0920.jpg\"},{\"@type\":\"BreadcrumbList\",\"@id\":\"https:\/\/captain-guitar-lounge.com\/en\/product\/roland-vga-7-2x-65-watt-digitalverstaerker-yamaha-g1d-midi-pick-up-id-4634\/#breadcrumb\",\"itemListElement\":[{\"@type\":\"ListItem\",\"position\":1,\"name\":\"Startseite\",\"item\":\"https:\/\/captain-guitar-lounge.com\/en\/\"},{\"@type\":\"ListItem\",\"position\":2,\"name\":\"Shop\",\"item\":\"https:\/\/captain-guitar-lounge.com\/shop\/\"},{\"@type\":\"ListItem\",\"position\":3,\"name\":\"Roland &#8211; VGA 7- 2x 65 Watt Digitalverst\u00e4rker + Yamaha G1D Midi Pick-Up &#8211; ID 4634\"}]},{\"@type\":\"WebSite\",\"@id\":\"https:\/\/captain-guitar-lounge.com\/en\/#website\",\"url\":\"https:\/\/captain-guitar-lounge.com\/en\/\",\"name\":\"captain-guitar-lounge.com\",\"description\":\"Fine Amps and Guitars and more\",\"potentialAction\":[{\"@type\":\"SearchAction\",\"target\":{\"@type\":\"EntryPoint\",\"urlTemplate\":\"https:\/\/captain-guitar-lounge.com\/en\/?s={search_term_string}\"},\"query-input\":{\"@type\":\"PropertyValueSpecification\",\"valueRequired\":true,\"valueName\":\"search_term_string\"}}],\"inLanguage\":\"en-US\"}]}<\/script>\n<!-- \/ Yoast SEO plugin. -->","yoast_head_json":{"title":"Roland - VGA 7- 2x 65 Watt Digitalverst\u00e4rker + Yamaha G1D Midi Pick-Up - ID 4634 - captain-guitar-lounge.com","robots":{"index":"index","follow":"follow","max-snippet":"max-snippet:-1","max-image-preview":"max-image-preview:large","max-video-preview":"max-video-preview:-1"},"canonical":"https:\/\/captain-guitar-lounge.com\/en\/product\/roland-vga-7-2x-65-watt-digitalverstaerker-yamaha-g1d-midi-pick-up-id-4634\/","og_locale":"en_US","og_type":"article","og_title":"Roland - VGA 7- 2x 65 Watt Digitalverst\u00e4rker + Yamaha G1D Midi Pick-Up - ID 4634 - captain-guitar-lounge.com","og_description":"Aus 1. Hand! Zustand: Gut SerNr: ZO00282 Gewicht: 37 kg Versandklasse: Auf Anfrage Sonstiges: Diverse Kabel Vermittlungsverkauf: 16711","og_url":"https:\/\/captain-guitar-lounge.com\/en\/product\/roland-vga-7-2x-65-watt-digitalverstaerker-yamaha-g1d-midi-pick-up-id-4634\/","og_site_name":"captain-guitar-lounge.com","article_publisher":"https:\/\/www.facebook.com\/Captain-Guitar-Lounge-140457272682315\/","article_modified_time":"2026-03-02T13:03:09+00:00","og_image":[{"width":1024,"height":1024,"url":"https:\/\/captain-guitar-lounge.com\/wp-content\/uploads\/2024\/12\/Roland-VGA-7-Y-ID-4634IMG_0920.jpg","type":"image\/jpeg"}],"twitter_card":"summary_large_image","twitter_misc":{"Est. reading time":"2 minutes"},"schema":{"@context":"https:\/\/schema.org","@graph":[{"@type":"WebPage","@id":"https:\/\/captain-guitar-lounge.com\/en\/product\/roland-vga-7-2x-65-watt-digitalverstaerker-yamaha-g1d-midi-pick-up-id-4634\/","url":"https:\/\/captain-guitar-lounge.com\/en\/product\/roland-vga-7-2x-65-watt-digitalverstaerker-yamaha-g1d-midi-pick-up-id-4634\/","name":"Roland - VGA 7- 2x 65 Watt Digitalverst\u00e4rker + Yamaha G1D Midi Pick-Up - ID 4634 - captain-guitar-lounge.com","isPartOf":{"@id":"https:\/\/captain-guitar-lounge.com\/en\/#website"},"primaryImageOfPage":{"@id":"https:\/\/captain-guitar-lounge.com\/en\/product\/roland-vga-7-2x-65-watt-digitalverstaerker-yamaha-g1d-midi-pick-up-id-4634\/#primaryimage"},"image":{"@id":"https:\/\/captain-guitar-lounge.com\/en\/product\/roland-vga-7-2x-65-watt-digitalverstaerker-yamaha-g1d-midi-pick-up-id-4634\/#primaryimage"},"thumbnailUrl":"https:\/\/captain-guitar-lounge.com\/wp-content\/uploads\/2024\/12\/Roland-VGA-7-Y-ID-4634IMG_0920.jpg","datePublished":"2024-12-07T09:57:49+00:00","dateModified":"2026-03-02T13:03:09+00:00","breadcrumb":{"@id":"https:\/\/captain-guitar-lounge.com\/en\/product\/roland-vga-7-2x-65-watt-digitalverstaerker-yamaha-g1d-midi-pick-up-id-4634\/#breadcrumb"},"inLanguage":"en-US","potentialAction":[{"@type":"ReadAction","target":["https:\/\/captain-guitar-lounge.com\/en\/product\/roland-vga-7-2x-65-watt-digitalverstaerker-yamaha-g1d-midi-pick-up-id-4634\/"]}]},{"@type":"ImageObject","inLanguage":"en-US","@id":"https:\/\/captain-guitar-lounge.com\/en\/product\/roland-vga-7-2x-65-watt-digitalverstaerker-yamaha-g1d-midi-pick-up-id-4634\/#primaryimage","url":"https:\/\/captain-guitar-lounge.com\/wp-content\/uploads\/2024\/12\/Roland-VGA-7-Y-ID-4634IMG_0920.jpg","contentUrl":"https:\/\/captain-guitar-lounge.com\/wp-content\/uploads\/2024\/12\/Roland-VGA-7-Y-ID-4634IMG_0920.jpg","width":1024,"height":1024,"caption":"Roland-VGA-7-Y-ID-4634IMG_0920.jpg"},{"@type":"BreadcrumbList","@id":"https:\/\/captain-guitar-lounge.com\/en\/product\/roland-vga-7-2x-65-watt-digitalverstaerker-yamaha-g1d-midi-pick-up-id-4634\/#breadcrumb","itemListElement":[{"@type":"ListItem","position":1,"name":"Startseite","item":"https:\/\/captain-guitar-lounge.com\/en\/"},{"@type":"ListItem","position":2,"name":"Shop","item":"https:\/\/captain-guitar-lounge.com\/shop\/"},{"@type":"ListItem","position":3,"name":"Roland &#8211; VGA 7- 2x 65 Watt Digitalverst\u00e4rker + Yamaha G1D Midi Pick-Up &#8211; ID 4634"}]},{"@type":"WebSite","@id":"https:\/\/captain-guitar-lounge.com\/en\/#website","url":"https:\/\/captain-guitar-lounge.com\/en\/","name":"captain-guitar-lounge.com","description":"Fine Amps and Guitars and more","potentialAction":[{"@type":"SearchAction","target":{"@type":"EntryPoint","urlTemplate":"https:\/\/captain-guitar-lounge.com\/en\/?s={search_term_string}"},"query-input":{"@type":"PropertyValueSpecification","valueRequired":true,"valueName":"search_term_string"}}],"inLanguage":"en-US"}]}},"_links":{"self":[{"href":"https:\/\/captain-guitar-lounge.com\/en\/wp-json\/wp\/v2\/product\/182783","targetHints":{"allow":["GET"]}}],"collection":[{"href":"https:\/\/captain-guitar-lounge.com\/en\/wp-json\/wp\/v2\/product"}],"about":[{"href":"https:\/\/captain-guitar-lounge.com\/en\/wp-json\/wp\/v2\/types\/product"}],"replies":[{"embeddable":true,"href":"https:\/\/captain-guitar-lounge.com\/en\/wp-json\/wp\/v2\/comments?post=182783"}],"wp:featuredmedia":[{"embeddable":true,"href":"https:\/\/captain-guitar-lounge.com\/en\/wp-json\/wp\/v2\/media\/182784"}],"wp:attachment":[{"href":"https:\/\/captain-guitar-lounge.com\/en\/wp-json\/wp\/v2\/media?parent=182783"}],"wp:term":[{"taxonomy":"product_brand","embeddable":true,"href":"https:\/\/captain-guitar-lounge.com\/en\/wp-json\/wp\/v2\/product_brand?post=182783"},{"taxonomy":"product_cat","embeddable":true,"href":"https:\/\/captain-guitar-lounge.com\/en\/wp-json\/wp\/v2\/product_cat?post=182783"},{"taxonomy":"product_tag","embeddable":true,"href":"https:\/\/captain-guitar-lounge.com\/en\/wp-json\/wp\/v2\/product_tag?post=182783"}],"curies":[{"name":"wp","href":"https:\/\/api.w.org\/{rel}","templated":true}]}}