{"id":18680,"date":"2020-12-20T14:35:38","date_gmt":"2020-12-20T13:35:38","guid":{"rendered":"https:\/\/captain-guitar-lounge.com\/?post_type=product&#038;p=18680"},"modified":"2026-02-23T06:49:57","modified_gmt":"2026-02-23T05:49:57","slug":"deeflexx-bag-double","status":"publish","type":"product","link":"https:\/\/captain-guitar-lounge.com\/en\/product\/deeflexx-bag-double\/","title":{"rendered":"Deeflexx Bag Double"},"content":{"rendered":"","protected":false},"excerpt":{"rendered":"<div class=\"n module-type-textWithImage diyfeLiveArea \">\n<div id=\"textWithImage-5798892341\" class=\"clearover \">\n<div class=\"textwrapper\">\n<p>Fr\u00fcher oder sp\u00e4ter kommt man an den Punkt wo man sein Deeflexx nicht mehr im Karton transportieren kann oder will.<\/p>\n<p>Daf\u00fcr haben wir jetzt die L\u00f6sung:<br \/>\nDie <strong>Captain Deeflexx Transporttasche<\/strong>!<br \/>\nWir verwenden das gleiche gepolsterte Material wie f\u00fcr die<strong> <a href=\"https:\/\/www.captain-koerg.de\/shop\/captain-amp-covers\/\" target=\"_self\" rel=\"noopener noreferrer\">Captain Amp Covers<\/a>.<\/strong><\/p>\n<\/div>\n<\/div>\n<\/div>\n<div class=\"n module-type-text diyfeLiveArea \">\n<p><strong>Captain Deeflexx Tasche Double<br \/>\n<\/strong>Mit Platz f\u00fcr zwei Beam Blocker. Ordentlich vern\u00e4ht mit Tragegriff und Klettverschlu\u00df.<\/p>\n<\/div>\n","protected":false},"featured_media":18806,"comment_status":"closed","ping_status":"closed","template":"","meta":{"_et_pb_use_builder":"","_et_pb_old_content":"","_et_gb_content_width":""},"product_brand":[],"product_cat":[1096],"product_tag":[],"class_list":{"0":"post-18680","1":"product","2":"type-product","3":"status-publish","4":"has-post-thumbnail","6":"product_cat-deeflexx","7":"product_shipping_class-small","9":"first","10":"onbackorder","11":"taxable","12":"shipping-taxable","13":"purchasable","14":"product-type-simple"},"composite_virtual":false,"composite_layout":"","composite_add_to_cart_form_location":"","composite_editable_in_cart":false,"composite_sold_individually_context":"","composite_shop_price_calc":"","composite_components":[],"composite_scenarios":[],"pp_statuses_selecting_workflow":false,"pp_workflow_action":"current","pp_status_selection":"publish","yoast_head":"<!-- This site is optimized with the Yoast SEO plugin v26.8 - https:\/\/yoast.com\/product\/yoast-seo-wordpress\/ -->\n<title>Deeflexx Bag Double - captain-guitar-lounge.com<\/title>\n<meta name=\"robots\" content=\"index, follow, max-snippet:-1, max-image-preview:large, max-video-preview:-1\" \/>\n<link rel=\"canonical\" href=\"https:\/\/captain-guitar-lounge.com\/en\/product\/deeflexx-bag-double\/\" \/>\n<meta property=\"og:locale\" content=\"en_US\" \/>\n<meta property=\"og:type\" content=\"article\" \/>\n<meta property=\"og:title\" content=\"Deeflexx Bag Double - captain-guitar-lounge.com\" \/>\n<meta property=\"og:description\" content=\"Fr\u00fcher oder sp\u00e4ter kommt man an den Punkt wo man sein Deeflexx nicht mehr im Karton transportieren kann oder will.  Daf\u00fcr haben wir jetzt die L\u00f6sung: Die Captain Deeflexx Transporttasche! Wir verwenden das gleiche gepolsterte Material wie f\u00fcr die Captain Amp Covers.       Captain Deeflexx Tasche Double Mit Platz f\u00fcr zwei Beam Blocker. Ordentlich vern\u00e4ht mit Tragegriff und Klettverschlu\u00df.\" \/>\n<meta property=\"og:url\" content=\"https:\/\/captain-guitar-lounge.com\/en\/product\/deeflexx-bag-double\/\" \/>\n<meta property=\"og:site_name\" content=\"captain-guitar-lounge.com\" \/>\n<meta property=\"article:publisher\" content=\"https:\/\/www.facebook.com\/Captain-Guitar-Lounge-140457272682315\/\" \/>\n<meta property=\"article:modified_time\" content=\"2026-02-23T05:49:57+00:00\" \/>\n<meta property=\"og:image\" content=\"https:\/\/captain-guitar-lounge.com\/wp-content\/uploads\/2020\/12\/k-Doppel1-1-rotated.jpg\" \/>\n\t<meta property=\"og:image:width\" content=\"1024\" \/>\n\t<meta property=\"og:image:height\" content=\"1024\" \/>\n\t<meta property=\"og:image:type\" content=\"image\/jpeg\" \/>\n<meta name=\"twitter:card\" content=\"summary_large_image\" \/>\n<script type=\"application\/ld+json\" class=\"yoast-schema-graph\">{\"@context\":\"https:\/\/schema.org\",\"@graph\":[{\"@type\":\"WebPage\",\"@id\":\"https:\/\/captain-guitar-lounge.com\/en\/product\/deeflexx-bag-double\/\",\"url\":\"https:\/\/captain-guitar-lounge.com\/en\/product\/deeflexx-bag-double\/\",\"name\":\"Deeflexx Bag Double - captain-guitar-lounge.com\",\"isPartOf\":{\"@id\":\"https:\/\/captain-guitar-lounge.com\/en\/#website\"},\"primaryImageOfPage\":{\"@id\":\"https:\/\/captain-guitar-lounge.com\/en\/product\/deeflexx-bag-double\/#primaryimage\"},\"image\":{\"@id\":\"https:\/\/captain-guitar-lounge.com\/en\/product\/deeflexx-bag-double\/#primaryimage\"},\"thumbnailUrl\":\"https:\/\/captain-guitar-lounge.com\/wp-content\/uploads\/2020\/12\/k-Doppel1-1-rotated.jpg\",\"datePublished\":\"2020-12-20T13:35:38+00:00\",\"dateModified\":\"2026-02-23T05:49:57+00:00\",\"breadcrumb\":{\"@id\":\"https:\/\/captain-guitar-lounge.com\/en\/product\/deeflexx-bag-double\/#breadcrumb\"},\"inLanguage\":\"en-US\",\"potentialAction\":[{\"@type\":\"ReadAction\",\"target\":[\"https:\/\/captain-guitar-lounge.com\/en\/product\/deeflexx-bag-double\/\"]}]},{\"@type\":\"ImageObject\",\"inLanguage\":\"en-US\",\"@id\":\"https:\/\/captain-guitar-lounge.com\/en\/product\/deeflexx-bag-double\/#primaryimage\",\"url\":\"https:\/\/captain-guitar-lounge.com\/wp-content\/uploads\/2020\/12\/k-Doppel1-1-rotated.jpg\",\"contentUrl\":\"https:\/\/captain-guitar-lounge.com\/wp-content\/uploads\/2020\/12\/k-Doppel1-1-rotated.jpg\",\"width\":1024,\"height\":1024,\"caption\":\"k-Doppel1-1\"},{\"@type\":\"BreadcrumbList\",\"@id\":\"https:\/\/captain-guitar-lounge.com\/en\/product\/deeflexx-bag-double\/#breadcrumb\",\"itemListElement\":[{\"@type\":\"ListItem\",\"position\":1,\"name\":\"Startseite\",\"item\":\"https:\/\/captain-guitar-lounge.com\/en\/\"},{\"@type\":\"ListItem\",\"position\":2,\"name\":\"Shop\",\"item\":\"https:\/\/captain-guitar-lounge.com\/shop\/\"},{\"@type\":\"ListItem\",\"position\":3,\"name\":\"Deeflexx Bag Double\"}]},{\"@type\":\"WebSite\",\"@id\":\"https:\/\/captain-guitar-lounge.com\/en\/#website\",\"url\":\"https:\/\/captain-guitar-lounge.com\/en\/\",\"name\":\"captain-guitar-lounge.com\",\"description\":\"Fine Amps and Guitars and more\",\"potentialAction\":[{\"@type\":\"SearchAction\",\"target\":{\"@type\":\"EntryPoint\",\"urlTemplate\":\"https:\/\/captain-guitar-lounge.com\/en\/?s={search_term_string}\"},\"query-input\":{\"@type\":\"PropertyValueSpecification\",\"valueRequired\":true,\"valueName\":\"search_term_string\"}}],\"inLanguage\":\"en-US\"}]}<\/script>\n<!-- \/ Yoast SEO plugin. -->","yoast_head_json":{"title":"Deeflexx Bag Double - captain-guitar-lounge.com","robots":{"index":"index","follow":"follow","max-snippet":"max-snippet:-1","max-image-preview":"max-image-preview:large","max-video-preview":"max-video-preview:-1"},"canonical":"https:\/\/captain-guitar-lounge.com\/en\/product\/deeflexx-bag-double\/","og_locale":"en_US","og_type":"article","og_title":"Deeflexx Bag Double - captain-guitar-lounge.com","og_description":"Fr\u00fcher oder sp\u00e4ter kommt man an den Punkt wo man sein Deeflexx nicht mehr im Karton transportieren kann oder will.  Daf\u00fcr haben wir jetzt die L\u00f6sung: Die Captain Deeflexx Transporttasche! Wir verwenden das gleiche gepolsterte Material wie f\u00fcr die Captain Amp Covers.       Captain Deeflexx Tasche Double Mit Platz f\u00fcr zwei Beam Blocker. Ordentlich vern\u00e4ht mit Tragegriff und Klettverschlu\u00df.","og_url":"https:\/\/captain-guitar-lounge.com\/en\/product\/deeflexx-bag-double\/","og_site_name":"captain-guitar-lounge.com","article_publisher":"https:\/\/www.facebook.com\/Captain-Guitar-Lounge-140457272682315\/","article_modified_time":"2026-02-23T05:49:57+00:00","og_image":[{"width":1024,"height":1024,"url":"https:\/\/captain-guitar-lounge.com\/wp-content\/uploads\/2020\/12\/k-Doppel1-1-rotated.jpg","type":"image\/jpeg"}],"twitter_card":"summary_large_image","schema":{"@context":"https:\/\/schema.org","@graph":[{"@type":"WebPage","@id":"https:\/\/captain-guitar-lounge.com\/en\/product\/deeflexx-bag-double\/","url":"https:\/\/captain-guitar-lounge.com\/en\/product\/deeflexx-bag-double\/","name":"Deeflexx Bag Double - captain-guitar-lounge.com","isPartOf":{"@id":"https:\/\/captain-guitar-lounge.com\/en\/#website"},"primaryImageOfPage":{"@id":"https:\/\/captain-guitar-lounge.com\/en\/product\/deeflexx-bag-double\/#primaryimage"},"image":{"@id":"https:\/\/captain-guitar-lounge.com\/en\/product\/deeflexx-bag-double\/#primaryimage"},"thumbnailUrl":"https:\/\/captain-guitar-lounge.com\/wp-content\/uploads\/2020\/12\/k-Doppel1-1-rotated.jpg","datePublished":"2020-12-20T13:35:38+00:00","dateModified":"2026-02-23T05:49:57+00:00","breadcrumb":{"@id":"https:\/\/captain-guitar-lounge.com\/en\/product\/deeflexx-bag-double\/#breadcrumb"},"inLanguage":"en-US","potentialAction":[{"@type":"ReadAction","target":["https:\/\/captain-guitar-lounge.com\/en\/product\/deeflexx-bag-double\/"]}]},{"@type":"ImageObject","inLanguage":"en-US","@id":"https:\/\/captain-guitar-lounge.com\/en\/product\/deeflexx-bag-double\/#primaryimage","url":"https:\/\/captain-guitar-lounge.com\/wp-content\/uploads\/2020\/12\/k-Doppel1-1-rotated.jpg","contentUrl":"https:\/\/captain-guitar-lounge.com\/wp-content\/uploads\/2020\/12\/k-Doppel1-1-rotated.jpg","width":1024,"height":1024,"caption":"k-Doppel1-1"},{"@type":"BreadcrumbList","@id":"https:\/\/captain-guitar-lounge.com\/en\/product\/deeflexx-bag-double\/#breadcrumb","itemListElement":[{"@type":"ListItem","position":1,"name":"Startseite","item":"https:\/\/captain-guitar-lounge.com\/en\/"},{"@type":"ListItem","position":2,"name":"Shop","item":"https:\/\/captain-guitar-lounge.com\/shop\/"},{"@type":"ListItem","position":3,"name":"Deeflexx Bag Double"}]},{"@type":"WebSite","@id":"https:\/\/captain-guitar-lounge.com\/en\/#website","url":"https:\/\/captain-guitar-lounge.com\/en\/","name":"captain-guitar-lounge.com","description":"Fine Amps and Guitars and more","potentialAction":[{"@type":"SearchAction","target":{"@type":"EntryPoint","urlTemplate":"https:\/\/captain-guitar-lounge.com\/en\/?s={search_term_string}"},"query-input":{"@type":"PropertyValueSpecification","valueRequired":true,"valueName":"search_term_string"}}],"inLanguage":"en-US"}]}},"_links":{"self":[{"href":"https:\/\/captain-guitar-lounge.com\/en\/wp-json\/wp\/v2\/product\/18680","targetHints":{"allow":["GET"]}}],"collection":[{"href":"https:\/\/captain-guitar-lounge.com\/en\/wp-json\/wp\/v2\/product"}],"about":[{"href":"https:\/\/captain-guitar-lounge.com\/en\/wp-json\/wp\/v2\/types\/product"}],"replies":[{"embeddable":true,"href":"https:\/\/captain-guitar-lounge.com\/en\/wp-json\/wp\/v2\/comments?post=18680"}],"wp:featuredmedia":[{"embeddable":true,"href":"https:\/\/captain-guitar-lounge.com\/en\/wp-json\/wp\/v2\/media\/18806"}],"wp:attachment":[{"href":"https:\/\/captain-guitar-lounge.com\/en\/wp-json\/wp\/v2\/media?parent=18680"}],"wp:term":[{"taxonomy":"product_brand","embeddable":true,"href":"https:\/\/captain-guitar-lounge.com\/en\/wp-json\/wp\/v2\/product_brand?post=18680"},{"taxonomy":"product_cat","embeddable":true,"href":"https:\/\/captain-guitar-lounge.com\/en\/wp-json\/wp\/v2\/product_cat?post=18680"},{"taxonomy":"product_tag","embeddable":true,"href":"https:\/\/captain-guitar-lounge.com\/en\/wp-json\/wp\/v2\/product_tag?post=18680"}],"curies":[{"name":"wp","href":"https:\/\/api.w.org\/{rel}","templated":true}]}}