{"id":18682,"date":"2021-02-15T07:39:40","date_gmt":"2021-02-15T06:39:40","guid":{"rendered":"https:\/\/captain-guitar-lounge.com\/?post_type=product&#038;p=18682"},"modified":"2023-12-07T16:26:01","modified_gmt":"2023-12-07T15:26:01","slug":"vahlbruch-pipeline-v2","status":"publish","type":"product","link":"https:\/\/captain-guitar-lounge.com\/en\/product\/vahlbruch-pipeline-v2\/","title":{"rendered":"Vahlbruch Pipeline v2"},"content":{"rendered":"<p><strong>Vahlbruch Pipeline v2 &#8211; Vintage Spring Reverb Emulation<\/strong><small><small><br \/>\n<\/small><\/small><\/p>\n<p align=\"justify\">Das PIPELINE ist ein in Handarbeit gefertigtes Hallger\u00e4t, das den legend\u00e4ren Klang der Hallspiralen von klassischen R\u00f6hrenverst\u00e4rkern im Pedalformat liefert. In seinem einzigartigen Schaltkreis vereint es die Vorz\u00fcge analoger und digitaler Audio-Technik; hierdurch entsteht ein klassisch analog und warm klingendes Reverb-Pedal mit intuitiver Handhabung und \u00fcberragendem Nebenger\u00e4uschverhalten.<br \/>\nIm PIPELINE durchl\u00e4uft das direkte Gitarrensignal keinerlei Digitalisierung, ist also komplett frei von Latenzen und ung\u00fcnstigen Frequenz-Beeinflussungen. Der individuelle Charakter und die volle Dynamik von Verst\u00e4rker und Gitarre bleiben somit voll erhalten. Auch die Signalbearbeitung vor und nach der Hallerzeugung erfolgt zu 100% analog. Lediglich die Hallspiralen-Simulation wird digital realisiert und zum parallel verlaufenden Analogsignal hinzu addiert.<\/p>\n","protected":false},"excerpt":{"rendered":"<p>Vahlbruch Pipeline v2 &#8211; Vintage Spring Reverb Emulation Das PIPELINE ist ein in Handarbeit gefertigtes Hallger\u00e4t, das den legend\u00e4ren Klang der Hallspiralen von klassischen R\u00f6hrenverst\u00e4rkern im Pedalformat liefert. In seinem einzigartigen Schaltkreis vereint es die Vorz\u00fcge analoger und digitaler Audio-Technik; hierdurch entsteht ein klassisch analog und warm klingendes Reverb-Pedal mit intuitiver Handhabung und \u00fcberragendem Nebenger\u00e4uschverhalten. [&hellip;]<\/p>\n","protected":false},"featured_media":18683,"comment_status":"closed","ping_status":"closed","template":"","meta":{"_et_pb_use_builder":"","_et_pb_old_content":"","_et_gb_content_width":""},"product_brand":[],"product_cat":[1100],"product_tag":[],"class_list":{"0":"post-18682","1":"product","2":"type-product","3":"status-publish","4":"has-post-thumbnail","6":"product_cat-vahlbruch","7":"product_shipping_class-small","9":"first","10":"onbackorder","11":"taxable","12":"shipping-taxable","13":"purchasable","14":"product-type-simple"},"composite_virtual":false,"composite_layout":"","composite_add_to_cart_form_location":"","composite_editable_in_cart":false,"composite_sold_individually_context":"","composite_shop_price_calc":"","composite_components":[],"composite_scenarios":[],"pp_statuses_selecting_workflow":false,"pp_workflow_action":"current","pp_status_selection":"publish","yoast_head":"<!-- This site is optimized with the Yoast SEO plugin v26.8 - https:\/\/yoast.com\/product\/yoast-seo-wordpress\/ -->\n<title>Vahlbruch Pipeline v2 - captain-guitar-lounge.com<\/title>\n<meta name=\"robots\" content=\"index, follow, max-snippet:-1, max-image-preview:large, max-video-preview:-1\" \/>\n<link rel=\"canonical\" href=\"https:\/\/captain-guitar-lounge.com\/en\/product\/vahlbruch-pipeline-v2\/\" \/>\n<meta property=\"og:locale\" content=\"en_US\" \/>\n<meta property=\"og:type\" content=\"article\" \/>\n<meta property=\"og:title\" content=\"Vahlbruch Pipeline v2 - captain-guitar-lounge.com\" \/>\n<meta property=\"og:description\" content=\"Vahlbruch Pipeline v2 &#8211; Vintage Spring Reverb Emulation Das PIPELINE ist ein in Handarbeit gefertigtes Hallger\u00e4t, das den legend\u00e4ren Klang der Hallspiralen von klassischen R\u00f6hrenverst\u00e4rkern im Pedalformat liefert. In seinem einzigartigen Schaltkreis vereint es die Vorz\u00fcge analoger und digitaler Audio-Technik; hierdurch entsteht ein klassisch analog und warm klingendes Reverb-Pedal mit intuitiver Handhabung und \u00fcberragendem Nebenger\u00e4uschverhalten. [&hellip;]\" \/>\n<meta property=\"og:url\" content=\"https:\/\/captain-guitar-lounge.com\/en\/product\/vahlbruch-pipeline-v2\/\" \/>\n<meta property=\"og:site_name\" content=\"captain-guitar-lounge.com\" \/>\n<meta property=\"article:publisher\" content=\"https:\/\/www.facebook.com\/Captain-Guitar-Lounge-140457272682315\/\" \/>\n<meta property=\"article:modified_time\" content=\"2023-12-07T15:26:01+00:00\" \/>\n<meta property=\"og:image\" content=\"https:\/\/captain-guitar-lounge.com\/wp-content\/uploads\/2020\/12\/PipelineV2350.jpg\" \/>\n\t<meta property=\"og:image:width\" content=\"603\" \/>\n\t<meta property=\"og:image:height\" content=\"605\" \/>\n\t<meta property=\"og:image:type\" content=\"image\/jpeg\" \/>\n<meta name=\"twitter:card\" content=\"summary_large_image\" \/>\n<meta name=\"twitter:label1\" content=\"Est. reading time\" \/>\n\t<meta name=\"twitter:data1\" content=\"1 minute\" \/>\n<script type=\"application\/ld+json\" class=\"yoast-schema-graph\">{\"@context\":\"https:\/\/schema.org\",\"@graph\":[{\"@type\":\"WebPage\",\"@id\":\"https:\/\/captain-guitar-lounge.com\/en\/product\/vahlbruch-pipeline-v2\/\",\"url\":\"https:\/\/captain-guitar-lounge.com\/en\/product\/vahlbruch-pipeline-v2\/\",\"name\":\"Vahlbruch Pipeline v2 - captain-guitar-lounge.com\",\"isPartOf\":{\"@id\":\"https:\/\/captain-guitar-lounge.com\/en\/#website\"},\"primaryImageOfPage\":{\"@id\":\"https:\/\/captain-guitar-lounge.com\/en\/product\/vahlbruch-pipeline-v2\/#primaryimage\"},\"image\":{\"@id\":\"https:\/\/captain-guitar-lounge.com\/en\/product\/vahlbruch-pipeline-v2\/#primaryimage\"},\"thumbnailUrl\":\"https:\/\/captain-guitar-lounge.com\/wp-content\/uploads\/2020\/12\/PipelineV2350.jpg\",\"datePublished\":\"2021-02-15T06:39:40+00:00\",\"dateModified\":\"2023-12-07T15:26:01+00:00\",\"breadcrumb\":{\"@id\":\"https:\/\/captain-guitar-lounge.com\/en\/product\/vahlbruch-pipeline-v2\/#breadcrumb\"},\"inLanguage\":\"en-US\",\"potentialAction\":[{\"@type\":\"ReadAction\",\"target\":[\"https:\/\/captain-guitar-lounge.com\/en\/product\/vahlbruch-pipeline-v2\/\"]}]},{\"@type\":\"ImageObject\",\"inLanguage\":\"en-US\",\"@id\":\"https:\/\/captain-guitar-lounge.com\/en\/product\/vahlbruch-pipeline-v2\/#primaryimage\",\"url\":\"https:\/\/captain-guitar-lounge.com\/wp-content\/uploads\/2020\/12\/PipelineV2350.jpg\",\"contentUrl\":\"https:\/\/captain-guitar-lounge.com\/wp-content\/uploads\/2020\/12\/PipelineV2350.jpg\",\"width\":603,\"height\":605,\"caption\":\"80118\"},{\"@type\":\"BreadcrumbList\",\"@id\":\"https:\/\/captain-guitar-lounge.com\/en\/product\/vahlbruch-pipeline-v2\/#breadcrumb\",\"itemListElement\":[{\"@type\":\"ListItem\",\"position\":1,\"name\":\"Startseite\",\"item\":\"https:\/\/captain-guitar-lounge.com\/en\/\"},{\"@type\":\"ListItem\",\"position\":2,\"name\":\"Shop\",\"item\":\"https:\/\/captain-guitar-lounge.com\/shop\/\"},{\"@type\":\"ListItem\",\"position\":3,\"name\":\"Vahlbruch Pipeline v2\"}]},{\"@type\":\"WebSite\",\"@id\":\"https:\/\/captain-guitar-lounge.com\/en\/#website\",\"url\":\"https:\/\/captain-guitar-lounge.com\/en\/\",\"name\":\"captain-guitar-lounge.com\",\"description\":\"Fine Amps and Guitars and more\",\"potentialAction\":[{\"@type\":\"SearchAction\",\"target\":{\"@type\":\"EntryPoint\",\"urlTemplate\":\"https:\/\/captain-guitar-lounge.com\/en\/?s={search_term_string}\"},\"query-input\":{\"@type\":\"PropertyValueSpecification\",\"valueRequired\":true,\"valueName\":\"search_term_string\"}}],\"inLanguage\":\"en-US\"}]}<\/script>\n<!-- \/ Yoast SEO plugin. -->","yoast_head_json":{"title":"Vahlbruch Pipeline v2 - captain-guitar-lounge.com","robots":{"index":"index","follow":"follow","max-snippet":"max-snippet:-1","max-image-preview":"max-image-preview:large","max-video-preview":"max-video-preview:-1"},"canonical":"https:\/\/captain-guitar-lounge.com\/en\/product\/vahlbruch-pipeline-v2\/","og_locale":"en_US","og_type":"article","og_title":"Vahlbruch Pipeline v2 - captain-guitar-lounge.com","og_description":"Vahlbruch Pipeline v2 &#8211; Vintage Spring Reverb Emulation Das PIPELINE ist ein in Handarbeit gefertigtes Hallger\u00e4t, das den legend\u00e4ren Klang der Hallspiralen von klassischen R\u00f6hrenverst\u00e4rkern im Pedalformat liefert. In seinem einzigartigen Schaltkreis vereint es die Vorz\u00fcge analoger und digitaler Audio-Technik; hierdurch entsteht ein klassisch analog und warm klingendes Reverb-Pedal mit intuitiver Handhabung und \u00fcberragendem Nebenger\u00e4uschverhalten. [&hellip;]","og_url":"https:\/\/captain-guitar-lounge.com\/en\/product\/vahlbruch-pipeline-v2\/","og_site_name":"captain-guitar-lounge.com","article_publisher":"https:\/\/www.facebook.com\/Captain-Guitar-Lounge-140457272682315\/","article_modified_time":"2023-12-07T15:26:01+00:00","og_image":[{"width":603,"height":605,"url":"https:\/\/captain-guitar-lounge.com\/wp-content\/uploads\/2020\/12\/PipelineV2350.jpg","type":"image\/jpeg"}],"twitter_card":"summary_large_image","twitter_misc":{"Est. reading time":"1 minute"},"schema":{"@context":"https:\/\/schema.org","@graph":[{"@type":"WebPage","@id":"https:\/\/captain-guitar-lounge.com\/en\/product\/vahlbruch-pipeline-v2\/","url":"https:\/\/captain-guitar-lounge.com\/en\/product\/vahlbruch-pipeline-v2\/","name":"Vahlbruch Pipeline v2 - captain-guitar-lounge.com","isPartOf":{"@id":"https:\/\/captain-guitar-lounge.com\/en\/#website"},"primaryImageOfPage":{"@id":"https:\/\/captain-guitar-lounge.com\/en\/product\/vahlbruch-pipeline-v2\/#primaryimage"},"image":{"@id":"https:\/\/captain-guitar-lounge.com\/en\/product\/vahlbruch-pipeline-v2\/#primaryimage"},"thumbnailUrl":"https:\/\/captain-guitar-lounge.com\/wp-content\/uploads\/2020\/12\/PipelineV2350.jpg","datePublished":"2021-02-15T06:39:40+00:00","dateModified":"2023-12-07T15:26:01+00:00","breadcrumb":{"@id":"https:\/\/captain-guitar-lounge.com\/en\/product\/vahlbruch-pipeline-v2\/#breadcrumb"},"inLanguage":"en-US","potentialAction":[{"@type":"ReadAction","target":["https:\/\/captain-guitar-lounge.com\/en\/product\/vahlbruch-pipeline-v2\/"]}]},{"@type":"ImageObject","inLanguage":"en-US","@id":"https:\/\/captain-guitar-lounge.com\/en\/product\/vahlbruch-pipeline-v2\/#primaryimage","url":"https:\/\/captain-guitar-lounge.com\/wp-content\/uploads\/2020\/12\/PipelineV2350.jpg","contentUrl":"https:\/\/captain-guitar-lounge.com\/wp-content\/uploads\/2020\/12\/PipelineV2350.jpg","width":603,"height":605,"caption":"80118"},{"@type":"BreadcrumbList","@id":"https:\/\/captain-guitar-lounge.com\/en\/product\/vahlbruch-pipeline-v2\/#breadcrumb","itemListElement":[{"@type":"ListItem","position":1,"name":"Startseite","item":"https:\/\/captain-guitar-lounge.com\/en\/"},{"@type":"ListItem","position":2,"name":"Shop","item":"https:\/\/captain-guitar-lounge.com\/shop\/"},{"@type":"ListItem","position":3,"name":"Vahlbruch Pipeline v2"}]},{"@type":"WebSite","@id":"https:\/\/captain-guitar-lounge.com\/en\/#website","url":"https:\/\/captain-guitar-lounge.com\/en\/","name":"captain-guitar-lounge.com","description":"Fine Amps and Guitars and more","potentialAction":[{"@type":"SearchAction","target":{"@type":"EntryPoint","urlTemplate":"https:\/\/captain-guitar-lounge.com\/en\/?s={search_term_string}"},"query-input":{"@type":"PropertyValueSpecification","valueRequired":true,"valueName":"search_term_string"}}],"inLanguage":"en-US"}]}},"_links":{"self":[{"href":"https:\/\/captain-guitar-lounge.com\/en\/wp-json\/wp\/v2\/product\/18682","targetHints":{"allow":["GET"]}}],"collection":[{"href":"https:\/\/captain-guitar-lounge.com\/en\/wp-json\/wp\/v2\/product"}],"about":[{"href":"https:\/\/captain-guitar-lounge.com\/en\/wp-json\/wp\/v2\/types\/product"}],"replies":[{"embeddable":true,"href":"https:\/\/captain-guitar-lounge.com\/en\/wp-json\/wp\/v2\/comments?post=18682"}],"wp:featuredmedia":[{"embeddable":true,"href":"https:\/\/captain-guitar-lounge.com\/en\/wp-json\/wp\/v2\/media\/18683"}],"wp:attachment":[{"href":"https:\/\/captain-guitar-lounge.com\/en\/wp-json\/wp\/v2\/media?parent=18682"}],"wp:term":[{"taxonomy":"product_brand","embeddable":true,"href":"https:\/\/captain-guitar-lounge.com\/en\/wp-json\/wp\/v2\/product_brand?post=18682"},{"taxonomy":"product_cat","embeddable":true,"href":"https:\/\/captain-guitar-lounge.com\/en\/wp-json\/wp\/v2\/product_cat?post=18682"},{"taxonomy":"product_tag","embeddable":true,"href":"https:\/\/captain-guitar-lounge.com\/en\/wp-json\/wp\/v2\/product_tag?post=18682"}],"curies":[{"name":"wp","href":"https:\/\/api.w.org\/{rel}","templated":true}]}}