{"id":18815,"date":"2020-12-14T08:43:13","date_gmt":"2020-12-14T07:43:13","guid":{"rendered":"https:\/\/captain-guitar-lounge.com\/?post_type=product&#038;p=18815"},"modified":"2024-12-10T15:52:31","modified_gmt":"2024-12-10T14:52:31","slug":"fane-ascension-f70-12","status":"publish","type":"product","link":"https:\/\/captain-guitar-lounge.com\/en\/product\/fane-ascension-f70-12\/","title":{"rendered":"Fane Ascension F70 12&#8243;"},"content":{"rendered":"<p><strong>Technische Daten Fane Ascension F70<\/strong><\/p>\n<p>Handgefertigt in England!<\/p>\n<p>Gr\u00f6\u00dfe: 12&#8243; \/ 304.8mm<br \/>\nBelastbarkeit : 70 Watt<br \/>\nImpedanz: 8 Ohm oder 16 Ohm<br \/>\nFrequenzbereich: 70 Hz-5 kHz<br \/>\nSensitivity: 100 dB<br \/>\nMagnet: Ferrite<br \/>\nGewicht: 4.85kg<\/p>\n<p>Incl. 24hrs Captain speaker Shakedown<\/p>\n","protected":false},"excerpt":{"rendered":"<p>Viele moderne Lautsprecher sind viel zu harsch in den H\u00f6hen, klingen schachtelig und nicht &#8220;Vintage&#8221; genug.<br \/>\nDeswegen haben wir nur weinige, ausgew\u00e4hlte Typen im Programm und testen die Lautsprecher an diversen Amps, bevor wir sie euch anbieten.<\/p>\n<p>Der F70 Keramik-Speaker hat im Vergleich zum Celestion V-Type die Mitten etwas weiter oben im Frequenzspektrum, aber nicht so ausgepr\u00e4gt. Das macht ihn auch gegen\u00fcber den alten Green- und Blackback Speaker etwas agressiver und optimal f\u00fcr die etwas moderneren Sounds. Er punktet mit einer sehr pr\u00e4zisen Wiedergabe, definierten B\u00e4ssen und perligen H\u00f6hen. Auch hier braucht der Speaker eine Weile, bis er perfekt ist. Deshalb bieten wie den F70 gleich mit 24hrs <strong><a href=\"https:\/\/captain-guitar-lounge.com\/produkt\/captain-speaker-shakedown\/\">Captain Speaker Shakedown<\/a> <\/strong>an.<\/p>\n","protected":false},"featured_media":18816,"comment_status":"closed","ping_status":"closed","template":"","meta":{"_et_pb_use_builder":"","_et_pb_old_content":"","_et_gb_content_width":""},"product_brand":[],"product_cat":[1075],"product_tag":[],"class_list":{"0":"post-18815","1":"product","2":"type-product","3":"status-publish","4":"has-post-thumbnail","6":"product_cat-fane-speaker","7":"product_shipping_class-small","8":"pa_impedanz-8-ohm","9":"pa_impedanz-16-ohm","10":"pa_power-bis-80-watt","11":"pa_speaker-679","13":"first","14":"instock","15":"taxable","16":"shipping-taxable","17":"purchasable","18":"product-type-variable","19":"has-default-attributes"},"composite_virtual":false,"composite_layout":"","composite_add_to_cart_form_location":"","composite_editable_in_cart":false,"composite_sold_individually_context":"","composite_shop_price_calc":"","composite_components":[],"composite_scenarios":[],"pp_statuses_selecting_workflow":false,"pp_workflow_action":"current","pp_status_selection":"publish","yoast_head":"<!-- This site is optimized with the Yoast SEO plugin v26.8 - https:\/\/yoast.com\/product\/yoast-seo-wordpress\/ -->\n<title>Fane Ascension F70 12&quot; - captain-guitar-lounge.com<\/title>\n<meta name=\"robots\" content=\"index, follow, max-snippet:-1, max-image-preview:large, max-video-preview:-1\" \/>\n<link rel=\"canonical\" href=\"https:\/\/captain-guitar-lounge.com\/en\/product\/fane-ascension-f70-12\/\" \/>\n<meta property=\"og:locale\" content=\"en_US\" \/>\n<meta property=\"og:type\" content=\"article\" \/>\n<meta property=\"og:title\" content=\"Fane Ascension F70 12&quot; - captain-guitar-lounge.com\" \/>\n<meta property=\"og:description\" content=\"Viele moderne Lautsprecher sind viel zu harsch in den H\u00f6hen, klingen schachtelig und nicht &quot;Vintage&quot; genug. Deswegen haben wir nur weinige, ausgew\u00e4hlte Typen im Programm und testen die Lautsprecher an diversen Amps, bevor wir sie euch anbieten.  Der F70 Keramik-Speaker hat im Vergleich zum Celestion V-Type die Mitten etwas weiter oben im Frequenzspektrum, aber nicht so ausgepr\u00e4gt. Das macht ihn auch gegen\u00fcber den alten Green- und Blackback Speaker etwas agressiver und optimal f\u00fcr die etwas moderneren Sounds. Er punktet mit einer sehr pr\u00e4zisen Wiedergabe, definierten B\u00e4ssen und perligen H\u00f6hen. Auch hier braucht der Speaker eine Weile, bis er perfekt ist. Deshalb bieten wie den F70 gleich mit 24hrs Captain Speaker Shakedown an.\" \/>\n<meta property=\"og:url\" content=\"https:\/\/captain-guitar-lounge.com\/en\/product\/fane-ascension-f70-12\/\" \/>\n<meta property=\"og:site_name\" content=\"captain-guitar-lounge.com\" \/>\n<meta property=\"article:publisher\" content=\"https:\/\/www.facebook.com\/Captain-Guitar-Lounge-140457272682315\/\" \/>\n<meta property=\"article:modified_time\" content=\"2024-12-10T14:52:31+00:00\" \/>\n<meta property=\"og:image\" content=\"https:\/\/captain-guitar-lounge.com\/wp-content\/uploads\/2020\/12\/Fane-F70.jpg\" \/>\n\t<meta property=\"og:image:width\" content=\"642\" \/>\n\t<meta property=\"og:image:height\" content=\"661\" \/>\n\t<meta property=\"og:image:type\" content=\"image\/jpeg\" \/>\n<meta name=\"twitter:card\" content=\"summary_large_image\" \/>\n<meta name=\"twitter:label1\" content=\"Est. reading time\" \/>\n\t<meta name=\"twitter:data1\" content=\"1 minute\" \/>\n<script type=\"application\/ld+json\" class=\"yoast-schema-graph\">{\"@context\":\"https:\/\/schema.org\",\"@graph\":[{\"@type\":\"WebPage\",\"@id\":\"https:\/\/captain-guitar-lounge.com\/en\/product\/fane-ascension-f70-12\/\",\"url\":\"https:\/\/captain-guitar-lounge.com\/en\/product\/fane-ascension-f70-12\/\",\"name\":\"Fane Ascension F70 12\\\" - captain-guitar-lounge.com\",\"isPartOf\":{\"@id\":\"https:\/\/captain-guitar-lounge.com\/en\/#website\"},\"primaryImageOfPage\":{\"@id\":\"https:\/\/captain-guitar-lounge.com\/en\/product\/fane-ascension-f70-12\/#primaryimage\"},\"image\":{\"@id\":\"https:\/\/captain-guitar-lounge.com\/en\/product\/fane-ascension-f70-12\/#primaryimage\"},\"thumbnailUrl\":\"https:\/\/captain-guitar-lounge.com\/wp-content\/uploads\/2020\/12\/Fane-F70.jpg\",\"datePublished\":\"2020-12-14T07:43:13+00:00\",\"dateModified\":\"2024-12-10T14:52:31+00:00\",\"breadcrumb\":{\"@id\":\"https:\/\/captain-guitar-lounge.com\/en\/product\/fane-ascension-f70-12\/#breadcrumb\"},\"inLanguage\":\"en-US\",\"potentialAction\":[{\"@type\":\"ReadAction\",\"target\":[\"https:\/\/captain-guitar-lounge.com\/en\/product\/fane-ascension-f70-12\/\"]}]},{\"@type\":\"ImageObject\",\"inLanguage\":\"en-US\",\"@id\":\"https:\/\/captain-guitar-lounge.com\/en\/product\/fane-ascension-f70-12\/#primaryimage\",\"url\":\"https:\/\/captain-guitar-lounge.com\/wp-content\/uploads\/2020\/12\/Fane-F70.jpg\",\"contentUrl\":\"https:\/\/captain-guitar-lounge.com\/wp-content\/uploads\/2020\/12\/Fane-F70.jpg\",\"width\":642,\"height\":661,\"caption\":\"Fane F70\"},{\"@type\":\"BreadcrumbList\",\"@id\":\"https:\/\/captain-guitar-lounge.com\/en\/product\/fane-ascension-f70-12\/#breadcrumb\",\"itemListElement\":[{\"@type\":\"ListItem\",\"position\":1,\"name\":\"Startseite\",\"item\":\"https:\/\/captain-guitar-lounge.com\/en\/\"},{\"@type\":\"ListItem\",\"position\":2,\"name\":\"Shop\",\"item\":\"https:\/\/captain-guitar-lounge.com\/shop\/\"},{\"@type\":\"ListItem\",\"position\":3,\"name\":\"Fane Ascension F70 12&#8243;\"}]},{\"@type\":\"WebSite\",\"@id\":\"https:\/\/captain-guitar-lounge.com\/en\/#website\",\"url\":\"https:\/\/captain-guitar-lounge.com\/en\/\",\"name\":\"captain-guitar-lounge.com\",\"description\":\"Fine Amps and Guitars and more\",\"potentialAction\":[{\"@type\":\"SearchAction\",\"target\":{\"@type\":\"EntryPoint\",\"urlTemplate\":\"https:\/\/captain-guitar-lounge.com\/en\/?s={search_term_string}\"},\"query-input\":{\"@type\":\"PropertyValueSpecification\",\"valueRequired\":true,\"valueName\":\"search_term_string\"}}],\"inLanguage\":\"en-US\"}]}<\/script>\n<!-- \/ Yoast SEO plugin. -->","yoast_head_json":{"title":"Fane Ascension F70 12\" - captain-guitar-lounge.com","robots":{"index":"index","follow":"follow","max-snippet":"max-snippet:-1","max-image-preview":"max-image-preview:large","max-video-preview":"max-video-preview:-1"},"canonical":"https:\/\/captain-guitar-lounge.com\/en\/product\/fane-ascension-f70-12\/","og_locale":"en_US","og_type":"article","og_title":"Fane Ascension F70 12\" - captain-guitar-lounge.com","og_description":"Viele moderne Lautsprecher sind viel zu harsch in den H\u00f6hen, klingen schachtelig und nicht \"Vintage\" genug. Deswegen haben wir nur weinige, ausgew\u00e4hlte Typen im Programm und testen die Lautsprecher an diversen Amps, bevor wir sie euch anbieten.  Der F70 Keramik-Speaker hat im Vergleich zum Celestion V-Type die Mitten etwas weiter oben im Frequenzspektrum, aber nicht so ausgepr\u00e4gt. Das macht ihn auch gegen\u00fcber den alten Green- und Blackback Speaker etwas agressiver und optimal f\u00fcr die etwas moderneren Sounds. Er punktet mit einer sehr pr\u00e4zisen Wiedergabe, definierten B\u00e4ssen und perligen H\u00f6hen. Auch hier braucht der Speaker eine Weile, bis er perfekt ist. Deshalb bieten wie den F70 gleich mit 24hrs Captain Speaker Shakedown an.","og_url":"https:\/\/captain-guitar-lounge.com\/en\/product\/fane-ascension-f70-12\/","og_site_name":"captain-guitar-lounge.com","article_publisher":"https:\/\/www.facebook.com\/Captain-Guitar-Lounge-140457272682315\/","article_modified_time":"2024-12-10T14:52:31+00:00","og_image":[{"width":642,"height":661,"url":"https:\/\/captain-guitar-lounge.com\/wp-content\/uploads\/2020\/12\/Fane-F70.jpg","type":"image\/jpeg"}],"twitter_card":"summary_large_image","twitter_misc":{"Est. reading time":"1 minute"},"schema":{"@context":"https:\/\/schema.org","@graph":[{"@type":"WebPage","@id":"https:\/\/captain-guitar-lounge.com\/en\/product\/fane-ascension-f70-12\/","url":"https:\/\/captain-guitar-lounge.com\/en\/product\/fane-ascension-f70-12\/","name":"Fane Ascension F70 12\" - captain-guitar-lounge.com","isPartOf":{"@id":"https:\/\/captain-guitar-lounge.com\/en\/#website"},"primaryImageOfPage":{"@id":"https:\/\/captain-guitar-lounge.com\/en\/product\/fane-ascension-f70-12\/#primaryimage"},"image":{"@id":"https:\/\/captain-guitar-lounge.com\/en\/product\/fane-ascension-f70-12\/#primaryimage"},"thumbnailUrl":"https:\/\/captain-guitar-lounge.com\/wp-content\/uploads\/2020\/12\/Fane-F70.jpg","datePublished":"2020-12-14T07:43:13+00:00","dateModified":"2024-12-10T14:52:31+00:00","breadcrumb":{"@id":"https:\/\/captain-guitar-lounge.com\/en\/product\/fane-ascension-f70-12\/#breadcrumb"},"inLanguage":"en-US","potentialAction":[{"@type":"ReadAction","target":["https:\/\/captain-guitar-lounge.com\/en\/product\/fane-ascension-f70-12\/"]}]},{"@type":"ImageObject","inLanguage":"en-US","@id":"https:\/\/captain-guitar-lounge.com\/en\/product\/fane-ascension-f70-12\/#primaryimage","url":"https:\/\/captain-guitar-lounge.com\/wp-content\/uploads\/2020\/12\/Fane-F70.jpg","contentUrl":"https:\/\/captain-guitar-lounge.com\/wp-content\/uploads\/2020\/12\/Fane-F70.jpg","width":642,"height":661,"caption":"Fane F70"},{"@type":"BreadcrumbList","@id":"https:\/\/captain-guitar-lounge.com\/en\/product\/fane-ascension-f70-12\/#breadcrumb","itemListElement":[{"@type":"ListItem","position":1,"name":"Startseite","item":"https:\/\/captain-guitar-lounge.com\/en\/"},{"@type":"ListItem","position":2,"name":"Shop","item":"https:\/\/captain-guitar-lounge.com\/shop\/"},{"@type":"ListItem","position":3,"name":"Fane Ascension F70 12&#8243;"}]},{"@type":"WebSite","@id":"https:\/\/captain-guitar-lounge.com\/en\/#website","url":"https:\/\/captain-guitar-lounge.com\/en\/","name":"captain-guitar-lounge.com","description":"Fine Amps and Guitars and more","potentialAction":[{"@type":"SearchAction","target":{"@type":"EntryPoint","urlTemplate":"https:\/\/captain-guitar-lounge.com\/en\/?s={search_term_string}"},"query-input":{"@type":"PropertyValueSpecification","valueRequired":true,"valueName":"search_term_string"}}],"inLanguage":"en-US"}]}},"_links":{"self":[{"href":"https:\/\/captain-guitar-lounge.com\/en\/wp-json\/wp\/v2\/product\/18815","targetHints":{"allow":["GET"]}}],"collection":[{"href":"https:\/\/captain-guitar-lounge.com\/en\/wp-json\/wp\/v2\/product"}],"about":[{"href":"https:\/\/captain-guitar-lounge.com\/en\/wp-json\/wp\/v2\/types\/product"}],"replies":[{"embeddable":true,"href":"https:\/\/captain-guitar-lounge.com\/en\/wp-json\/wp\/v2\/comments?post=18815"}],"wp:featuredmedia":[{"embeddable":true,"href":"https:\/\/captain-guitar-lounge.com\/en\/wp-json\/wp\/v2\/media\/18816"}],"wp:attachment":[{"href":"https:\/\/captain-guitar-lounge.com\/en\/wp-json\/wp\/v2\/media?parent=18815"}],"wp:term":[{"taxonomy":"product_brand","embeddable":true,"href":"https:\/\/captain-guitar-lounge.com\/en\/wp-json\/wp\/v2\/product_brand?post=18815"},{"taxonomy":"product_cat","embeddable":true,"href":"https:\/\/captain-guitar-lounge.com\/en\/wp-json\/wp\/v2\/product_cat?post=18815"},{"taxonomy":"product_tag","embeddable":true,"href":"https:\/\/captain-guitar-lounge.com\/en\/wp-json\/wp\/v2\/product_tag?post=18815"}],"curies":[{"name":"wp","href":"https:\/\/api.w.org\/{rel}","templated":true}]}}