{"id":189584,"date":"2025-01-29T09:32:31","date_gmt":"2025-01-29T08:32:31","guid":{"rendered":"https:\/\/captain-guitar-lounge.com\/?post_type=product&#038;p=189584"},"modified":"2026-01-27T10:21:25","modified_gmt":"2026-01-27T09:21:25","slug":"tascam-dm-4800-digital-mischpult-id-4753","status":"publish","type":"product","link":"https:\/\/captain-guitar-lounge.com\/en\/product\/tascam-dm-4800-digital-mischpult-id-4753\/","title":{"rendered":"Tascam &#8211; DM 4800 Digital Mischpult &#8211; ID 4753"},"content":{"rendered":"<p>Tascam DM 4800 Digital Mischpult<br \/>\n32 Mikrofon Inputs<br \/>\n32 In\/32 out FW Audio Interface<br \/>\nKann auch als DAW Controller \u00fcber die Remote Ebene z.B. f\u00fcr Cubase genutzt werden. F\u00fcr weitere Infos bitte im Internet schauen.<\/p>\n<p>Das interne Display hat einen leichten Defekt (mit dem Kontrastregler muss h\u00e4ufig nachgeregelt werden). Leider haben die meisten Tascam Pulte irgendwann das Display Problem.<\/p>\n<p>Inkl. Tascam IF-FW DMmkII Firewire-Card<br \/>\nInkl. Tascam IF &#8211;AN\/DM 8Kanal Analog I\/O Card<br \/>\nInkl. Meterbridge<\/p>\n<p>Das Pult funktioniert in den Grundfunktionen gut , alle Fader laufen sauber.<br \/>\nEs konnten nicht alle Funktionen \u00fcberpr\u00fcft werden.<\/p>\n","protected":false},"excerpt":{"rendered":"<p>Aus privatem Tonstudio<br \/>\nZustand: Gut<br \/>\nSerNr: 023001<br \/>\nGewicht: 32 kg Versandklasse: auf Anfrage<br \/>\nDokumente: Ja<br \/>\nVermittlungsverkauf: 16487<\/p>\n","protected":false},"featured_media":189635,"comment_status":"closed","ping_status":"closed","template":"","meta":{"_et_pb_use_builder":"","_et_pb_old_content":"","_et_gb_content_width":""},"product_brand":[],"product_cat":[2489],"product_tag":[],"class_list":{"0":"post-189584","1":"product","2":"type-product","3":"status-publish","4":"has-post-thumbnail","6":"product_cat-mischpulte-studio","7":"product_shipping_class-nur-abholung","9":"first","10":"outofstock","11":"sold-individually","12":"purchasable","13":"product-type-simple"},"composite_virtual":false,"composite_layout":"","composite_add_to_cart_form_location":"","composite_editable_in_cart":false,"composite_sold_individually_context":"","composite_shop_price_calc":"","composite_components":[],"composite_scenarios":[],"pp_statuses_selecting_workflow":false,"pp_workflow_action":"current","pp_status_selection":"publish","yoast_head":"<!-- This site is optimized with the Yoast SEO plugin v26.8 - https:\/\/yoast.com\/product\/yoast-seo-wordpress\/ -->\n<title>Tascam - DM 4800 Digital Mischpult - ID 4753 - captain-guitar-lounge.com<\/title>\n<meta name=\"robots\" content=\"index, follow, max-snippet:-1, max-image-preview:large, max-video-preview:-1\" \/>\n<link rel=\"canonical\" href=\"https:\/\/captain-guitar-lounge.com\/en\/product\/tascam-dm-4800-digital-mischpult-id-4753\/\" \/>\n<meta property=\"og:locale\" content=\"en_US\" \/>\n<meta property=\"og:type\" content=\"article\" \/>\n<meta property=\"og:title\" content=\"Tascam - DM 4800 Digital Mischpult - ID 4753 - captain-guitar-lounge.com\" \/>\n<meta property=\"og:description\" content=\"Aus privatem Tonstudio Zustand: Gut SerNr: 023001 Gewicht: 32 kg Versandklasse: auf Anfrage Dokumente: Ja Vermittlungsverkauf: 16487\" \/>\n<meta property=\"og:url\" content=\"https:\/\/captain-guitar-lounge.com\/en\/product\/tascam-dm-4800-digital-mischpult-id-4753\/\" \/>\n<meta property=\"og:site_name\" content=\"captain-guitar-lounge.com\" \/>\n<meta property=\"article:publisher\" content=\"https:\/\/www.facebook.com\/Captain-Guitar-Lounge-140457272682315\/\" \/>\n<meta property=\"article:modified_time\" content=\"2026-01-27T09:21:25+00:00\" \/>\n<meta property=\"og:image\" content=\"https:\/\/captain-guitar-lounge.com\/wp-content\/uploads\/2025\/01\/Tascam-DM-4800-Digitales-Mischpult-ID-4753IMG_1447.jpg\" \/>\n\t<meta property=\"og:image:width\" content=\"1024\" \/>\n\t<meta property=\"og:image:height\" content=\"1024\" \/>\n\t<meta property=\"og:image:type\" content=\"image\/jpeg\" \/>\n<meta name=\"twitter:card\" content=\"summary_large_image\" \/>\n<meta name=\"twitter:label1\" content=\"Est. reading time\" \/>\n\t<meta name=\"twitter:data1\" content=\"1 minute\" \/>\n<script type=\"application\/ld+json\" class=\"yoast-schema-graph\">{\"@context\":\"https:\/\/schema.org\",\"@graph\":[{\"@type\":\"WebPage\",\"@id\":\"https:\/\/captain-guitar-lounge.com\/en\/product\/tascam-dm-4800-digital-mischpult-id-4753\/\",\"url\":\"https:\/\/captain-guitar-lounge.com\/en\/product\/tascam-dm-4800-digital-mischpult-id-4753\/\",\"name\":\"Tascam - DM 4800 Digital Mischpult - ID 4753 - captain-guitar-lounge.com\",\"isPartOf\":{\"@id\":\"https:\/\/captain-guitar-lounge.com\/en\/#website\"},\"primaryImageOfPage\":{\"@id\":\"https:\/\/captain-guitar-lounge.com\/en\/product\/tascam-dm-4800-digital-mischpult-id-4753\/#primaryimage\"},\"image\":{\"@id\":\"https:\/\/captain-guitar-lounge.com\/en\/product\/tascam-dm-4800-digital-mischpult-id-4753\/#primaryimage\"},\"thumbnailUrl\":\"https:\/\/captain-guitar-lounge.com\/wp-content\/uploads\/2025\/01\/Tascam-DM-4800-Digitales-Mischpult-ID-4753IMG_1447.jpg\",\"datePublished\":\"2025-01-29T08:32:31+00:00\",\"dateModified\":\"2026-01-27T09:21:25+00:00\",\"breadcrumb\":{\"@id\":\"https:\/\/captain-guitar-lounge.com\/en\/product\/tascam-dm-4800-digital-mischpult-id-4753\/#breadcrumb\"},\"inLanguage\":\"en-US\",\"potentialAction\":[{\"@type\":\"ReadAction\",\"target\":[\"https:\/\/captain-guitar-lounge.com\/en\/product\/tascam-dm-4800-digital-mischpult-id-4753\/\"]}]},{\"@type\":\"ImageObject\",\"inLanguage\":\"en-US\",\"@id\":\"https:\/\/captain-guitar-lounge.com\/en\/product\/tascam-dm-4800-digital-mischpult-id-4753\/#primaryimage\",\"url\":\"https:\/\/captain-guitar-lounge.com\/wp-content\/uploads\/2025\/01\/Tascam-DM-4800-Digitales-Mischpult-ID-4753IMG_1447.jpg\",\"contentUrl\":\"https:\/\/captain-guitar-lounge.com\/wp-content\/uploads\/2025\/01\/Tascam-DM-4800-Digitales-Mischpult-ID-4753IMG_1447.jpg\",\"width\":1024,\"height\":1024,\"caption\":\"Tascam-DM-4800-Digitales-Mischpult-ID-4753IMG_1447.jpg\"},{\"@type\":\"BreadcrumbList\",\"@id\":\"https:\/\/captain-guitar-lounge.com\/en\/product\/tascam-dm-4800-digital-mischpult-id-4753\/#breadcrumb\",\"itemListElement\":[{\"@type\":\"ListItem\",\"position\":1,\"name\":\"Startseite\",\"item\":\"https:\/\/captain-guitar-lounge.com\/en\/\"},{\"@type\":\"ListItem\",\"position\":2,\"name\":\"Shop\",\"item\":\"https:\/\/captain-guitar-lounge.com\/shop\/\"},{\"@type\":\"ListItem\",\"position\":3,\"name\":\"Tascam &#8211; DM 4800 Digital Mischpult &#8211; ID 4753\"}]},{\"@type\":\"WebSite\",\"@id\":\"https:\/\/captain-guitar-lounge.com\/en\/#website\",\"url\":\"https:\/\/captain-guitar-lounge.com\/en\/\",\"name\":\"captain-guitar-lounge.com\",\"description\":\"Fine Amps and Guitars and more\",\"potentialAction\":[{\"@type\":\"SearchAction\",\"target\":{\"@type\":\"EntryPoint\",\"urlTemplate\":\"https:\/\/captain-guitar-lounge.com\/en\/?s={search_term_string}\"},\"query-input\":{\"@type\":\"PropertyValueSpecification\",\"valueRequired\":true,\"valueName\":\"search_term_string\"}}],\"inLanguage\":\"en-US\"}]}<\/script>\n<!-- \/ Yoast SEO plugin. -->","yoast_head_json":{"title":"Tascam - DM 4800 Digital Mischpult - ID 4753 - captain-guitar-lounge.com","robots":{"index":"index","follow":"follow","max-snippet":"max-snippet:-1","max-image-preview":"max-image-preview:large","max-video-preview":"max-video-preview:-1"},"canonical":"https:\/\/captain-guitar-lounge.com\/en\/product\/tascam-dm-4800-digital-mischpult-id-4753\/","og_locale":"en_US","og_type":"article","og_title":"Tascam - DM 4800 Digital Mischpult - ID 4753 - captain-guitar-lounge.com","og_description":"Aus privatem Tonstudio Zustand: Gut SerNr: 023001 Gewicht: 32 kg Versandklasse: auf Anfrage Dokumente: Ja Vermittlungsverkauf: 16487","og_url":"https:\/\/captain-guitar-lounge.com\/en\/product\/tascam-dm-4800-digital-mischpult-id-4753\/","og_site_name":"captain-guitar-lounge.com","article_publisher":"https:\/\/www.facebook.com\/Captain-Guitar-Lounge-140457272682315\/","article_modified_time":"2026-01-27T09:21:25+00:00","og_image":[{"width":1024,"height":1024,"url":"https:\/\/captain-guitar-lounge.com\/wp-content\/uploads\/2025\/01\/Tascam-DM-4800-Digitales-Mischpult-ID-4753IMG_1447.jpg","type":"image\/jpeg"}],"twitter_card":"summary_large_image","twitter_misc":{"Est. reading time":"1 minute"},"schema":{"@context":"https:\/\/schema.org","@graph":[{"@type":"WebPage","@id":"https:\/\/captain-guitar-lounge.com\/en\/product\/tascam-dm-4800-digital-mischpult-id-4753\/","url":"https:\/\/captain-guitar-lounge.com\/en\/product\/tascam-dm-4800-digital-mischpult-id-4753\/","name":"Tascam - DM 4800 Digital Mischpult - ID 4753 - captain-guitar-lounge.com","isPartOf":{"@id":"https:\/\/captain-guitar-lounge.com\/en\/#website"},"primaryImageOfPage":{"@id":"https:\/\/captain-guitar-lounge.com\/en\/product\/tascam-dm-4800-digital-mischpult-id-4753\/#primaryimage"},"image":{"@id":"https:\/\/captain-guitar-lounge.com\/en\/product\/tascam-dm-4800-digital-mischpult-id-4753\/#primaryimage"},"thumbnailUrl":"https:\/\/captain-guitar-lounge.com\/wp-content\/uploads\/2025\/01\/Tascam-DM-4800-Digitales-Mischpult-ID-4753IMG_1447.jpg","datePublished":"2025-01-29T08:32:31+00:00","dateModified":"2026-01-27T09:21:25+00:00","breadcrumb":{"@id":"https:\/\/captain-guitar-lounge.com\/en\/product\/tascam-dm-4800-digital-mischpult-id-4753\/#breadcrumb"},"inLanguage":"en-US","potentialAction":[{"@type":"ReadAction","target":["https:\/\/captain-guitar-lounge.com\/en\/product\/tascam-dm-4800-digital-mischpult-id-4753\/"]}]},{"@type":"ImageObject","inLanguage":"en-US","@id":"https:\/\/captain-guitar-lounge.com\/en\/product\/tascam-dm-4800-digital-mischpult-id-4753\/#primaryimage","url":"https:\/\/captain-guitar-lounge.com\/wp-content\/uploads\/2025\/01\/Tascam-DM-4800-Digitales-Mischpult-ID-4753IMG_1447.jpg","contentUrl":"https:\/\/captain-guitar-lounge.com\/wp-content\/uploads\/2025\/01\/Tascam-DM-4800-Digitales-Mischpult-ID-4753IMG_1447.jpg","width":1024,"height":1024,"caption":"Tascam-DM-4800-Digitales-Mischpult-ID-4753IMG_1447.jpg"},{"@type":"BreadcrumbList","@id":"https:\/\/captain-guitar-lounge.com\/en\/product\/tascam-dm-4800-digital-mischpult-id-4753\/#breadcrumb","itemListElement":[{"@type":"ListItem","position":1,"name":"Startseite","item":"https:\/\/captain-guitar-lounge.com\/en\/"},{"@type":"ListItem","position":2,"name":"Shop","item":"https:\/\/captain-guitar-lounge.com\/shop\/"},{"@type":"ListItem","position":3,"name":"Tascam &#8211; DM 4800 Digital Mischpult &#8211; ID 4753"}]},{"@type":"WebSite","@id":"https:\/\/captain-guitar-lounge.com\/en\/#website","url":"https:\/\/captain-guitar-lounge.com\/en\/","name":"captain-guitar-lounge.com","description":"Fine Amps and Guitars and more","potentialAction":[{"@type":"SearchAction","target":{"@type":"EntryPoint","urlTemplate":"https:\/\/captain-guitar-lounge.com\/en\/?s={search_term_string}"},"query-input":{"@type":"PropertyValueSpecification","valueRequired":true,"valueName":"search_term_string"}}],"inLanguage":"en-US"}]}},"_links":{"self":[{"href":"https:\/\/captain-guitar-lounge.com\/en\/wp-json\/wp\/v2\/product\/189584","targetHints":{"allow":["GET"]}}],"collection":[{"href":"https:\/\/captain-guitar-lounge.com\/en\/wp-json\/wp\/v2\/product"}],"about":[{"href":"https:\/\/captain-guitar-lounge.com\/en\/wp-json\/wp\/v2\/types\/product"}],"replies":[{"embeddable":true,"href":"https:\/\/captain-guitar-lounge.com\/en\/wp-json\/wp\/v2\/comments?post=189584"}],"wp:featuredmedia":[{"embeddable":true,"href":"https:\/\/captain-guitar-lounge.com\/en\/wp-json\/wp\/v2\/media\/189635"}],"wp:attachment":[{"href":"https:\/\/captain-guitar-lounge.com\/en\/wp-json\/wp\/v2\/media?parent=189584"}],"wp:term":[{"taxonomy":"product_brand","embeddable":true,"href":"https:\/\/captain-guitar-lounge.com\/en\/wp-json\/wp\/v2\/product_brand?post=189584"},{"taxonomy":"product_cat","embeddable":true,"href":"https:\/\/captain-guitar-lounge.com\/en\/wp-json\/wp\/v2\/product_cat?post=189584"},{"taxonomy":"product_tag","embeddable":true,"href":"https:\/\/captain-guitar-lounge.com\/en\/wp-json\/wp\/v2\/product_tag?post=189584"}],"curies":[{"name":"wp","href":"https:\/\/api.w.org\/{rel}","templated":true}]}}