{"id":195084,"date":"2025-02-07T16:09:13","date_gmt":"2025-02-07T15:09:13","guid":{"rendered":"https:\/\/captain-guitar-lounge.com\/?p=195084&#038;post_type=product&#038;preview_id=195084"},"modified":"2025-03-07T16:29:05","modified_gmt":"2025-03-07T15:29:05","slug":"captain-m50","status":"publish","type":"product","link":"https:\/\/captain-guitar-lounge.com\/en\/product\/captain-m50\/","title":{"rendered":"Captain M50"},"content":{"rendered":"<div class=\"n module-type-text diyfeLiveArea \">\n<p>Der M50 erzeugt den typischen britischen Rocksound, wie man ihn von den sp\u00e4ten 50 Watt Plexi Amps kennt.<br \/>\nDer Verst\u00e4rker hat nur einen Kanal, man kann aber zwischen zwei Einstellungen mit je einem Gain- und Master-Regler per Fu\u00dfschalter umschalten.<\/p>\n<p>&#8220;Kanal I&#8221; kann von Clean bis reichlich Crunch. Und im &#8220;zweiten Kanal&#8221; geht RICHTIG die Post ab, da reicht das Gain bis weit \u00fcber AC\/DC und erm\u00f6glicht singende Solo-Sounds mit schier endlosem Sustain. Dabei extrem dynamisch und pr\u00e4zise.<br \/>\nBeide Kan\u00e4le sind mit VolumeI und GainII seperat im Zerrgrad einstellbar und haben je einen eigenen PPIMV Master. Dazu wie \u00fcblich Treble, Middle und Bass, sowie ein Presence Regler in der Endstufe.<\/p>\n<\/div>\n<p>Die Endstufe erzeugt aus zwei EL34 Endstufenr\u00f6hren 50 Watt. Die Trafos stammen nat\u00fcrlich von <strong>Mercury Magnetics<\/strong>.<br \/>\nAls V1 haben wir eine <strong>6N2 aus russischen Milit\u00e4rbest\u00e4nden<\/strong> gew\u00e4hlt. Sie ist extrem rausch- und mikrofoniearm und hat eine fast biblische Lebensdauer.<br \/>\nDer Verst\u00e4rker ist in <strong>Vollr\u00f6hrentechnik<\/strong> gebaut und besitzt keine Halbleiter im Signalweg. Die Umschaltung erfolgt mit <strong>hochwertigen Relais<\/strong> und nicht mit Optokopplern.<br \/>\nDer Ausgangs\u00fcbertrager liefert zwei Ausgangsimpendanzen, es gibt zwei Buchsen mit 8Ohm und eine mit 16Ohm. Um zwei 16Ohm-Boxen zu betreiben schliesst man sie an die beiden 8Ohm Buchsen an.<\/p>\n<p><strong>Technische Daten Captain M50 Amp<br \/>\n<\/strong>Einkanaliger Vollr\u00f6hrenverst\u00e4rker in Class AB<br \/>\n<strong>Kan\u00e4le<\/strong>: zwei Einstellungen umschaltbar per Fu\u00dfschalter<br \/>\n<strong>Leistung: <\/strong>ca. 50Watt aus zwei EL34<br \/>\n<strong>Vorstufenr\u00f6hren: <\/strong>1x 6N2 2x 12AX7<br \/>\n<strong>Geh\u00e4use: <\/strong>Birke Multiplex<br \/>\n<strong>Tolex:<\/strong> Black Levant<br \/>\n<strong>Front (Combos):<\/strong> Checkerboard<br \/>\n<strong>Frontplatte:<\/strong> gold Eloxiert<br \/>\n<strong>Kn\u00f6pfe:<\/strong> Marshall Style<br \/>\n<strong>Griff:<\/strong> Marshall Style<br \/>\n<strong>Lieferumfang<\/strong>: Fu\u00dfschalter mit LED zur Kanalumschaltung<\/p>\n<p>&nbsp;<\/p>\n","protected":false},"excerpt":{"rendered":"<p>&nbsp;<\/p>\n<p>Der Captain M50 ist die logische Weiterentwicklung der sp\u00e4ten 50W Plexi Amps. Der klassische 70er Jahre Rocksound ist immer noch das Ma\u00df der Dinge f\u00fcr viele Gitarristen, jedoch sind die alten Amps zu laut und zu wenig flexibel.<br \/>\nWir haben dem Amp zwei Kan\u00e4le mit je einem Gain- und Master-Regler spendiert, umschaltbar per Fu\u00dfschalter. Dabei bleibt es ein <strong>einkanaliger Verst\u00e4rker<\/strong> mit der gewohnten Dynamik, man kann quasi <strong>zwei Einstellungen<\/strong> abrufen.<\/p>\n<p>Jeder Captain Amp ist ein<strong> individuelles Einzelst\u00fcck<\/strong> und wird f\u00fcr Dich in <strong>Handarbeit<\/strong> hergestellt.<br \/>\nDaher sind <strong>Sonderw\u00fcnsche<\/strong> jederzeit m\u00f6glich, egal ob Tolex, Frontbespannung, Kn\u00f6pfe oder Farbe der Frontplatte.<br \/>\nSetzt Dich einfach mit uns in Verbindung und wir besprechen Deine Ideen.<\/p>\n<p>Die Lieferzeit betr\u00e4gt je nach Optionen und Sonderw\u00fcnschen zwischen 8 und 16 Wochen.<\/p>\n","protected":false},"featured_media":15219,"comment_status":"closed","ping_status":"closed","template":"","meta":{"_et_pb_use_builder":"off","_et_pb_old_content":"Test Gruppiertes Produkt","_et_gb_content_width":""},"product_brand":[],"product_cat":[871],"product_tag":[],"class_list":{"0":"post-195084","1":"product","2":"type-product","3":"status-publish","4":"has-post-thumbnail","6":"product_cat-pure-captain-amps","7":"product_shipping_class-standard","8":"pa_amp-features-2-channel","9":"pa_amp-features-master-volume","10":"pa_artikelzustand-neuer-artikel","11":"pa_captain-amp-leistung-bis-50-watt","12":"pa_captain-amp-serie-pure-captain-amps","13":"pa_captain-amp-speaker-12-zoll","14":"pa_captain-amp-style-british","15":"pa_captain-amp-style-captain-style","16":"pa_captain-amp-tubes-el34","18":"first","19":"onbackorder","20":"taxable","21":"shipping-taxable","22":"purchasable","23":"product-type-variable"},"composite_virtual":false,"composite_layout":"","composite_add_to_cart_form_location":"","composite_editable_in_cart":false,"composite_sold_individually_context":"","composite_shop_price_calc":"","composite_components":[],"composite_scenarios":[],"pp_statuses_selecting_workflow":false,"pp_workflow_action":"current","pp_status_selection":"publish","yoast_head":"<!-- This site is optimized with the Yoast SEO plugin v26.8 - https:\/\/yoast.com\/product\/yoast-seo-wordpress\/ -->\n<title>Captain M50 - captain-guitar-lounge.com<\/title>\n<meta name=\"robots\" content=\"index, follow, max-snippet:-1, max-image-preview:large, max-video-preview:-1\" \/>\n<link rel=\"canonical\" href=\"https:\/\/captain-guitar-lounge.com\/en\/product\/captain-m50\/\" \/>\n<meta property=\"og:locale\" content=\"en_US\" \/>\n<meta property=\"og:type\" content=\"article\" \/>\n<meta property=\"og:title\" content=\"Captain M50 - captain-guitar-lounge.com\" \/>\n<meta property=\"og:description\" content=\"&nbsp;  Der Captain M50 ist die logische Weiterentwicklung der sp\u00e4ten 50W Plexi Amps. Der klassische 70er Jahre Rocksound ist immer noch das Ma\u00df der Dinge f\u00fcr viele Gitarristen, jedoch sind die alten Amps zu laut und zu wenig flexibel. Wir haben dem Amp zwei Kan\u00e4le mit je einem Gain- und Master-Regler spendiert, umschaltbar per Fu\u00dfschalter. Dabei bleibt es ein einkanaliger Verst\u00e4rker mit der gewohnten Dynamik, man kann quasi zwei Einstellungen abrufen.  Jeder Captain Amp ist ein individuelles Einzelst\u00fcck und wird f\u00fcr Dich in Handarbeit hergestellt. Daher sind Sonderw\u00fcnsche jederzeit m\u00f6glich, egal ob Tolex, Frontbespannung, Kn\u00f6pfe oder Farbe der Frontplatte. Setzt Dich einfach mit uns in Verbindung und wir besprechen Deine Ideen.  Die Lieferzeit betr\u00e4gt je nach Optionen und Sonderw\u00fcnschen zwischen 8 und 16 Wochen.\" \/>\n<meta property=\"og:url\" content=\"https:\/\/captain-guitar-lounge.com\/en\/product\/captain-m50\/\" \/>\n<meta property=\"og:site_name\" content=\"captain-guitar-lounge.com\" \/>\n<meta property=\"article:publisher\" content=\"https:\/\/www.facebook.com\/Captain-Guitar-Lounge-140457272682315\/\" \/>\n<meta property=\"article:modified_time\" content=\"2025-03-07T15:29:05+00:00\" \/>\n<meta property=\"og:image\" content=\"https:\/\/captain-guitar-lounge.com\/wp-content\/uploads\/2020\/08\/k-IMG_4796.jpg\" \/>\n\t<meta property=\"og:image:width\" content=\"1024\" \/>\n\t<meta property=\"og:image:height\" content=\"768\" \/>\n\t<meta property=\"og:image:type\" content=\"image\/jpeg\" \/>\n<meta name=\"twitter:card\" content=\"summary_large_image\" \/>\n<meta name=\"twitter:label1\" content=\"Est. reading time\" \/>\n\t<meta name=\"twitter:data1\" content=\"2 minutes\" \/>\n<script type=\"application\/ld+json\" class=\"yoast-schema-graph\">{\"@context\":\"https:\/\/schema.org\",\"@graph\":[{\"@type\":\"WebPage\",\"@id\":\"https:\/\/captain-guitar-lounge.com\/en\/product\/captain-m50\/\",\"url\":\"https:\/\/captain-guitar-lounge.com\/en\/product\/captain-m50\/\",\"name\":\"Captain M50 - captain-guitar-lounge.com\",\"isPartOf\":{\"@id\":\"https:\/\/captain-guitar-lounge.com\/en\/#website\"},\"primaryImageOfPage\":{\"@id\":\"https:\/\/captain-guitar-lounge.com\/en\/product\/captain-m50\/#primaryimage\"},\"image\":{\"@id\":\"https:\/\/captain-guitar-lounge.com\/en\/product\/captain-m50\/#primaryimage\"},\"thumbnailUrl\":\"https:\/\/captain-guitar-lounge.com\/wp-content\/uploads\/2020\/08\/k-IMG_4796.jpg\",\"datePublished\":\"2025-02-07T15:09:13+00:00\",\"dateModified\":\"2025-03-07T15:29:05+00:00\",\"breadcrumb\":{\"@id\":\"https:\/\/captain-guitar-lounge.com\/en\/product\/captain-m50\/#breadcrumb\"},\"inLanguage\":\"en-US\",\"potentialAction\":[{\"@type\":\"ReadAction\",\"target\":[\"https:\/\/captain-guitar-lounge.com\/en\/product\/captain-m50\/\"]}]},{\"@type\":\"ImageObject\",\"inLanguage\":\"en-US\",\"@id\":\"https:\/\/captain-guitar-lounge.com\/en\/product\/captain-m50\/#primaryimage\",\"url\":\"https:\/\/captain-guitar-lounge.com\/wp-content\/uploads\/2020\/08\/k-IMG_4796.jpg\",\"contentUrl\":\"https:\/\/captain-guitar-lounge.com\/wp-content\/uploads\/2020\/08\/k-IMG_4796.jpg\",\"width\":1024,\"height\":768},{\"@type\":\"BreadcrumbList\",\"@id\":\"https:\/\/captain-guitar-lounge.com\/en\/product\/captain-m50\/#breadcrumb\",\"itemListElement\":[{\"@type\":\"ListItem\",\"position\":1,\"name\":\"Startseite\",\"item\":\"https:\/\/captain-guitar-lounge.com\/en\/\"},{\"@type\":\"ListItem\",\"position\":2,\"name\":\"Shop\",\"item\":\"https:\/\/captain-guitar-lounge.com\/shop\/\"},{\"@type\":\"ListItem\",\"position\":3,\"name\":\"Captain M50\"}]},{\"@type\":\"WebSite\",\"@id\":\"https:\/\/captain-guitar-lounge.com\/en\/#website\",\"url\":\"https:\/\/captain-guitar-lounge.com\/en\/\",\"name\":\"captain-guitar-lounge.com\",\"description\":\"Fine Amps and Guitars and more\",\"potentialAction\":[{\"@type\":\"SearchAction\",\"target\":{\"@type\":\"EntryPoint\",\"urlTemplate\":\"https:\/\/captain-guitar-lounge.com\/en\/?s={search_term_string}\"},\"query-input\":{\"@type\":\"PropertyValueSpecification\",\"valueRequired\":true,\"valueName\":\"search_term_string\"}}],\"inLanguage\":\"en-US\"}]}<\/script>\n<!-- \/ Yoast SEO plugin. -->","yoast_head_json":{"title":"Captain M50 - captain-guitar-lounge.com","robots":{"index":"index","follow":"follow","max-snippet":"max-snippet:-1","max-image-preview":"max-image-preview:large","max-video-preview":"max-video-preview:-1"},"canonical":"https:\/\/captain-guitar-lounge.com\/en\/product\/captain-m50\/","og_locale":"en_US","og_type":"article","og_title":"Captain M50 - captain-guitar-lounge.com","og_description":"&nbsp;  Der Captain M50 ist die logische Weiterentwicklung der sp\u00e4ten 50W Plexi Amps. Der klassische 70er Jahre Rocksound ist immer noch das Ma\u00df der Dinge f\u00fcr viele Gitarristen, jedoch sind die alten Amps zu laut und zu wenig flexibel. Wir haben dem Amp zwei Kan\u00e4le mit je einem Gain- und Master-Regler spendiert, umschaltbar per Fu\u00dfschalter. Dabei bleibt es ein einkanaliger Verst\u00e4rker mit der gewohnten Dynamik, man kann quasi zwei Einstellungen abrufen.  Jeder Captain Amp ist ein individuelles Einzelst\u00fcck und wird f\u00fcr Dich in Handarbeit hergestellt. Daher sind Sonderw\u00fcnsche jederzeit m\u00f6glich, egal ob Tolex, Frontbespannung, Kn\u00f6pfe oder Farbe der Frontplatte. Setzt Dich einfach mit uns in Verbindung und wir besprechen Deine Ideen.  Die Lieferzeit betr\u00e4gt je nach Optionen und Sonderw\u00fcnschen zwischen 8 und 16 Wochen.","og_url":"https:\/\/captain-guitar-lounge.com\/en\/product\/captain-m50\/","og_site_name":"captain-guitar-lounge.com","article_publisher":"https:\/\/www.facebook.com\/Captain-Guitar-Lounge-140457272682315\/","article_modified_time":"2025-03-07T15:29:05+00:00","og_image":[{"width":1024,"height":768,"url":"https:\/\/captain-guitar-lounge.com\/wp-content\/uploads\/2020\/08\/k-IMG_4796.jpg","type":"image\/jpeg"}],"twitter_card":"summary_large_image","twitter_misc":{"Est. reading time":"2 minutes"},"schema":{"@context":"https:\/\/schema.org","@graph":[{"@type":"WebPage","@id":"https:\/\/captain-guitar-lounge.com\/en\/product\/captain-m50\/","url":"https:\/\/captain-guitar-lounge.com\/en\/product\/captain-m50\/","name":"Captain M50 - captain-guitar-lounge.com","isPartOf":{"@id":"https:\/\/captain-guitar-lounge.com\/en\/#website"},"primaryImageOfPage":{"@id":"https:\/\/captain-guitar-lounge.com\/en\/product\/captain-m50\/#primaryimage"},"image":{"@id":"https:\/\/captain-guitar-lounge.com\/en\/product\/captain-m50\/#primaryimage"},"thumbnailUrl":"https:\/\/captain-guitar-lounge.com\/wp-content\/uploads\/2020\/08\/k-IMG_4796.jpg","datePublished":"2025-02-07T15:09:13+00:00","dateModified":"2025-03-07T15:29:05+00:00","breadcrumb":{"@id":"https:\/\/captain-guitar-lounge.com\/en\/product\/captain-m50\/#breadcrumb"},"inLanguage":"en-US","potentialAction":[{"@type":"ReadAction","target":["https:\/\/captain-guitar-lounge.com\/en\/product\/captain-m50\/"]}]},{"@type":"ImageObject","inLanguage":"en-US","@id":"https:\/\/captain-guitar-lounge.com\/en\/product\/captain-m50\/#primaryimage","url":"https:\/\/captain-guitar-lounge.com\/wp-content\/uploads\/2020\/08\/k-IMG_4796.jpg","contentUrl":"https:\/\/captain-guitar-lounge.com\/wp-content\/uploads\/2020\/08\/k-IMG_4796.jpg","width":1024,"height":768},{"@type":"BreadcrumbList","@id":"https:\/\/captain-guitar-lounge.com\/en\/product\/captain-m50\/#breadcrumb","itemListElement":[{"@type":"ListItem","position":1,"name":"Startseite","item":"https:\/\/captain-guitar-lounge.com\/en\/"},{"@type":"ListItem","position":2,"name":"Shop","item":"https:\/\/captain-guitar-lounge.com\/shop\/"},{"@type":"ListItem","position":3,"name":"Captain M50"}]},{"@type":"WebSite","@id":"https:\/\/captain-guitar-lounge.com\/en\/#website","url":"https:\/\/captain-guitar-lounge.com\/en\/","name":"captain-guitar-lounge.com","description":"Fine Amps and Guitars and more","potentialAction":[{"@type":"SearchAction","target":{"@type":"EntryPoint","urlTemplate":"https:\/\/captain-guitar-lounge.com\/en\/?s={search_term_string}"},"query-input":{"@type":"PropertyValueSpecification","valueRequired":true,"valueName":"search_term_string"}}],"inLanguage":"en-US"}]}},"_links":{"self":[{"href":"https:\/\/captain-guitar-lounge.com\/en\/wp-json\/wp\/v2\/product\/195084","targetHints":{"allow":["GET"]}}],"collection":[{"href":"https:\/\/captain-guitar-lounge.com\/en\/wp-json\/wp\/v2\/product"}],"about":[{"href":"https:\/\/captain-guitar-lounge.com\/en\/wp-json\/wp\/v2\/types\/product"}],"replies":[{"embeddable":true,"href":"https:\/\/captain-guitar-lounge.com\/en\/wp-json\/wp\/v2\/comments?post=195084"}],"wp:featuredmedia":[{"embeddable":true,"href":"https:\/\/captain-guitar-lounge.com\/en\/wp-json\/wp\/v2\/media\/15219"}],"wp:attachment":[{"href":"https:\/\/captain-guitar-lounge.com\/en\/wp-json\/wp\/v2\/media?parent=195084"}],"wp:term":[{"taxonomy":"product_brand","embeddable":true,"href":"https:\/\/captain-guitar-lounge.com\/en\/wp-json\/wp\/v2\/product_brand?post=195084"},{"taxonomy":"product_cat","embeddable":true,"href":"https:\/\/captain-guitar-lounge.com\/en\/wp-json\/wp\/v2\/product_cat?post=195084"},{"taxonomy":"product_tag","embeddable":true,"href":"https:\/\/captain-guitar-lounge.com\/en\/wp-json\/wp\/v2\/product_tag?post=195084"}],"curies":[{"name":"wp","href":"https:\/\/api.w.org\/{rel}","templated":true}]}}