{"id":201302,"date":"2025-05-19T13:57:11","date_gmt":"2025-05-19T11:57:11","guid":{"rendered":"https:\/\/captain-guitar-lounge.com\/?post_type=product&#038;p=201302"},"modified":"2026-02-23T13:15:25","modified_gmt":"2026-02-23T12:15:25","slug":"1976-dynacord-twen-ii-id-5007","status":"publish","type":"product","link":"https:\/\/captain-guitar-lounge.com\/en\/product\/1976-dynacord-twen-ii-id-5007\/","title":{"rendered":"1976 Dynacord &#8211; Twen II &#8211; ID 5007"},"content":{"rendered":"<p>Der Twen II \u2013 ein feiner R\u00f6hrencombo aus der goldenen <a href=\"https:\/\/de.wikipedia.org\/wiki\/Dynacord\"><strong>Dynacord<\/strong><\/a>-Zeit! Ideal f\u00fcr Studio, Wohnzimmer oder Retro-B\u00fchne. Samtig warme Clean-Sounds und nat\u00fcrliches R\u00f6hrenbreakup inklusive. German Engineering mit Charme und Charakter. Dank Master Volume auch bei kleinen Lautst\u00e4rken zum Zerren zu bringen.<br \/>\nKomplett durchgecheckt bei uns in der CGL Werkstatt.<\/p>\n<p>\u2705 Baujahr: 1976<br \/>\n\u2705 Modell: Dynacord Twen II<br \/>\n\u2705 Leistung: 17 Watt Sinus, 20 Watt Musik<br \/>\n\u2705 R\u00f6hrenbest\u00fcckung: 2x ECC83S, 2x 6V6, 1x EZ81<br \/>\n\u2705 Lautsprecher: Originalbest\u00fcckung<br \/>\n\u2705 Abmessungen: ca. 50 x 43 x 20 cm<br \/>\n\u2705 Gewicht: ca. 17 kg<br \/>\n\u2705 Herkunft: Made in Germany<br \/>\n\u2705Master Volume nachger\u00fcstet<br \/>\n\u2705Kn\u00f6pfe wurden ersetzt<\/p>\n","protected":false},"excerpt":{"rendered":"<p><strong>Made in Germany<\/strong><br \/>\nZustand: Gut<br \/>\nSerNr: 11463<br \/>\nGewicht: 16 kg<br \/>\nVersandklasse: <a href=\"https:\/\/captain-guitar-lounge.com\/versand__lieferung\/\"><strong>Standard<\/strong><\/a><br \/>\nVermittlungsverkauf: 10340<\/p>\n","protected":false},"featured_media":201339,"comment_status":"closed","ping_status":"closed","template":"","meta":{"_et_pb_use_builder":"","_et_pb_old_content":"","_et_gb_content_width":""},"product_brand":[],"product_cat":[55,290],"product_tag":[76],"class_list":{"0":"post-201302","1":"product","2":"type-product","3":"status-publish","4":"has-post-thumbnail","6":"product_cat-combo","7":"product_cat-fundgrube","8":"product_tag-vintage","9":"product_shipping_class-standard","10":"pa_baujahr-70s","11":"pa_power-bis-20watt","12":"pa_power-tubes-6v6","13":"pa_speaker-679","15":"first","16":"outofstock","17":"sold-individually","18":"purchasable","19":"product-type-simple"},"composite_virtual":false,"composite_layout":"","composite_add_to_cart_form_location":"","composite_editable_in_cart":false,"composite_sold_individually_context":"","composite_shop_price_calc":"","composite_components":[],"composite_scenarios":[],"pp_statuses_selecting_workflow":false,"pp_workflow_action":"current","pp_status_selection":"publish","yoast_head":"<!-- This site is optimized with the Yoast SEO plugin v26.8 - https:\/\/yoast.com\/product\/yoast-seo-wordpress\/ -->\n<title>1976 Dynacord - Twen II - ID 5007 - captain-guitar-lounge.com<\/title>\n<meta name=\"robots\" content=\"index, follow, max-snippet:-1, max-image-preview:large, max-video-preview:-1\" \/>\n<link rel=\"canonical\" href=\"https:\/\/captain-guitar-lounge.com\/en\/product\/1976-dynacord-twen-ii-id-5007\/\" \/>\n<meta property=\"og:locale\" content=\"en_US\" \/>\n<meta property=\"og:type\" content=\"article\" \/>\n<meta property=\"og:title\" content=\"1976 Dynacord - Twen II - ID 5007 - captain-guitar-lounge.com\" \/>\n<meta property=\"og:description\" content=\"Made in Germany Zustand: Gut SerNr: 11463 Gewicht: 16 kg Versandklasse: Standard Vermittlungsverkauf: 10340\" \/>\n<meta property=\"og:url\" content=\"https:\/\/captain-guitar-lounge.com\/en\/product\/1976-dynacord-twen-ii-id-5007\/\" \/>\n<meta property=\"og:site_name\" content=\"captain-guitar-lounge.com\" \/>\n<meta property=\"article:publisher\" content=\"https:\/\/www.facebook.com\/Captain-Guitar-Lounge-140457272682315\/\" \/>\n<meta property=\"article:modified_time\" content=\"2026-02-23T12:15:25+00:00\" \/>\n<meta property=\"og:image\" content=\"https:\/\/captain-guitar-lounge.com\/wp-content\/uploads\/2025\/05\/1976-Dynacord-Twen-II-ID-5007IMG_E3883.jpg\" \/>\n\t<meta property=\"og:image:width\" content=\"1512\" \/>\n\t<meta property=\"og:image:height\" content=\"1512\" \/>\n\t<meta property=\"og:image:type\" content=\"image\/jpeg\" \/>\n<meta name=\"twitter:card\" content=\"summary_large_image\" \/>\n<meta name=\"twitter:label1\" content=\"Est. reading time\" \/>\n\t<meta name=\"twitter:data1\" content=\"1 minute\" \/>\n<script type=\"application\/ld+json\" class=\"yoast-schema-graph\">{\"@context\":\"https:\/\/schema.org\",\"@graph\":[{\"@type\":\"WebPage\",\"@id\":\"https:\/\/captain-guitar-lounge.com\/en\/product\/1976-dynacord-twen-ii-id-5007\/\",\"url\":\"https:\/\/captain-guitar-lounge.com\/en\/product\/1976-dynacord-twen-ii-id-5007\/\",\"name\":\"1976 Dynacord - Twen II - ID 5007 - captain-guitar-lounge.com\",\"isPartOf\":{\"@id\":\"https:\/\/captain-guitar-lounge.com\/en\/#website\"},\"primaryImageOfPage\":{\"@id\":\"https:\/\/captain-guitar-lounge.com\/en\/product\/1976-dynacord-twen-ii-id-5007\/#primaryimage\"},\"image\":{\"@id\":\"https:\/\/captain-guitar-lounge.com\/en\/product\/1976-dynacord-twen-ii-id-5007\/#primaryimage\"},\"thumbnailUrl\":\"https:\/\/captain-guitar-lounge.com\/wp-content\/uploads\/2025\/05\/1976-Dynacord-Twen-II-ID-5007IMG_E3883.jpg\",\"datePublished\":\"2025-05-19T11:57:11+00:00\",\"dateModified\":\"2026-02-23T12:15:25+00:00\",\"breadcrumb\":{\"@id\":\"https:\/\/captain-guitar-lounge.com\/en\/product\/1976-dynacord-twen-ii-id-5007\/#breadcrumb\"},\"inLanguage\":\"en-US\",\"potentialAction\":[{\"@type\":\"ReadAction\",\"target\":[\"https:\/\/captain-guitar-lounge.com\/en\/product\/1976-dynacord-twen-ii-id-5007\/\"]}]},{\"@type\":\"ImageObject\",\"inLanguage\":\"en-US\",\"@id\":\"https:\/\/captain-guitar-lounge.com\/en\/product\/1976-dynacord-twen-ii-id-5007\/#primaryimage\",\"url\":\"https:\/\/captain-guitar-lounge.com\/wp-content\/uploads\/2025\/05\/1976-Dynacord-Twen-II-ID-5007IMG_E3883.jpg\",\"contentUrl\":\"https:\/\/captain-guitar-lounge.com\/wp-content\/uploads\/2025\/05\/1976-Dynacord-Twen-II-ID-5007IMG_E3883.jpg\",\"width\":1512,\"height\":1512},{\"@type\":\"BreadcrumbList\",\"@id\":\"https:\/\/captain-guitar-lounge.com\/en\/product\/1976-dynacord-twen-ii-id-5007\/#breadcrumb\",\"itemListElement\":[{\"@type\":\"ListItem\",\"position\":1,\"name\":\"Startseite\",\"item\":\"https:\/\/captain-guitar-lounge.com\/en\/\"},{\"@type\":\"ListItem\",\"position\":2,\"name\":\"Shop\",\"item\":\"https:\/\/captain-guitar-lounge.com\/shop\/\"},{\"@type\":\"ListItem\",\"position\":3,\"name\":\"1976 Dynacord &#8211; Twen II &#8211; ID 5007\"}]},{\"@type\":\"WebSite\",\"@id\":\"https:\/\/captain-guitar-lounge.com\/en\/#website\",\"url\":\"https:\/\/captain-guitar-lounge.com\/en\/\",\"name\":\"captain-guitar-lounge.com\",\"description\":\"Fine Amps and Guitars and more\",\"potentialAction\":[{\"@type\":\"SearchAction\",\"target\":{\"@type\":\"EntryPoint\",\"urlTemplate\":\"https:\/\/captain-guitar-lounge.com\/en\/?s={search_term_string}\"},\"query-input\":{\"@type\":\"PropertyValueSpecification\",\"valueRequired\":true,\"valueName\":\"search_term_string\"}}],\"inLanguage\":\"en-US\"}]}<\/script>\n<!-- \/ Yoast SEO plugin. -->","yoast_head_json":{"title":"1976 Dynacord - Twen II - ID 5007 - captain-guitar-lounge.com","robots":{"index":"index","follow":"follow","max-snippet":"max-snippet:-1","max-image-preview":"max-image-preview:large","max-video-preview":"max-video-preview:-1"},"canonical":"https:\/\/captain-guitar-lounge.com\/en\/product\/1976-dynacord-twen-ii-id-5007\/","og_locale":"en_US","og_type":"article","og_title":"1976 Dynacord - Twen II - ID 5007 - captain-guitar-lounge.com","og_description":"Made in Germany Zustand: Gut SerNr: 11463 Gewicht: 16 kg Versandklasse: Standard Vermittlungsverkauf: 10340","og_url":"https:\/\/captain-guitar-lounge.com\/en\/product\/1976-dynacord-twen-ii-id-5007\/","og_site_name":"captain-guitar-lounge.com","article_publisher":"https:\/\/www.facebook.com\/Captain-Guitar-Lounge-140457272682315\/","article_modified_time":"2026-02-23T12:15:25+00:00","og_image":[{"width":1512,"height":1512,"url":"https:\/\/captain-guitar-lounge.com\/wp-content\/uploads\/2025\/05\/1976-Dynacord-Twen-II-ID-5007IMG_E3883.jpg","type":"image\/jpeg"}],"twitter_card":"summary_large_image","twitter_misc":{"Est. reading time":"1 minute"},"schema":{"@context":"https:\/\/schema.org","@graph":[{"@type":"WebPage","@id":"https:\/\/captain-guitar-lounge.com\/en\/product\/1976-dynacord-twen-ii-id-5007\/","url":"https:\/\/captain-guitar-lounge.com\/en\/product\/1976-dynacord-twen-ii-id-5007\/","name":"1976 Dynacord - Twen II - ID 5007 - captain-guitar-lounge.com","isPartOf":{"@id":"https:\/\/captain-guitar-lounge.com\/en\/#website"},"primaryImageOfPage":{"@id":"https:\/\/captain-guitar-lounge.com\/en\/product\/1976-dynacord-twen-ii-id-5007\/#primaryimage"},"image":{"@id":"https:\/\/captain-guitar-lounge.com\/en\/product\/1976-dynacord-twen-ii-id-5007\/#primaryimage"},"thumbnailUrl":"https:\/\/captain-guitar-lounge.com\/wp-content\/uploads\/2025\/05\/1976-Dynacord-Twen-II-ID-5007IMG_E3883.jpg","datePublished":"2025-05-19T11:57:11+00:00","dateModified":"2026-02-23T12:15:25+00:00","breadcrumb":{"@id":"https:\/\/captain-guitar-lounge.com\/en\/product\/1976-dynacord-twen-ii-id-5007\/#breadcrumb"},"inLanguage":"en-US","potentialAction":[{"@type":"ReadAction","target":["https:\/\/captain-guitar-lounge.com\/en\/product\/1976-dynacord-twen-ii-id-5007\/"]}]},{"@type":"ImageObject","inLanguage":"en-US","@id":"https:\/\/captain-guitar-lounge.com\/en\/product\/1976-dynacord-twen-ii-id-5007\/#primaryimage","url":"https:\/\/captain-guitar-lounge.com\/wp-content\/uploads\/2025\/05\/1976-Dynacord-Twen-II-ID-5007IMG_E3883.jpg","contentUrl":"https:\/\/captain-guitar-lounge.com\/wp-content\/uploads\/2025\/05\/1976-Dynacord-Twen-II-ID-5007IMG_E3883.jpg","width":1512,"height":1512},{"@type":"BreadcrumbList","@id":"https:\/\/captain-guitar-lounge.com\/en\/product\/1976-dynacord-twen-ii-id-5007\/#breadcrumb","itemListElement":[{"@type":"ListItem","position":1,"name":"Startseite","item":"https:\/\/captain-guitar-lounge.com\/en\/"},{"@type":"ListItem","position":2,"name":"Shop","item":"https:\/\/captain-guitar-lounge.com\/shop\/"},{"@type":"ListItem","position":3,"name":"1976 Dynacord &#8211; Twen II &#8211; ID 5007"}]},{"@type":"WebSite","@id":"https:\/\/captain-guitar-lounge.com\/en\/#website","url":"https:\/\/captain-guitar-lounge.com\/en\/","name":"captain-guitar-lounge.com","description":"Fine Amps and Guitars and more","potentialAction":[{"@type":"SearchAction","target":{"@type":"EntryPoint","urlTemplate":"https:\/\/captain-guitar-lounge.com\/en\/?s={search_term_string}"},"query-input":{"@type":"PropertyValueSpecification","valueRequired":true,"valueName":"search_term_string"}}],"inLanguage":"en-US"}]}},"_links":{"self":[{"href":"https:\/\/captain-guitar-lounge.com\/en\/wp-json\/wp\/v2\/product\/201302","targetHints":{"allow":["GET"]}}],"collection":[{"href":"https:\/\/captain-guitar-lounge.com\/en\/wp-json\/wp\/v2\/product"}],"about":[{"href":"https:\/\/captain-guitar-lounge.com\/en\/wp-json\/wp\/v2\/types\/product"}],"replies":[{"embeddable":true,"href":"https:\/\/captain-guitar-lounge.com\/en\/wp-json\/wp\/v2\/comments?post=201302"}],"wp:featuredmedia":[{"embeddable":true,"href":"https:\/\/captain-guitar-lounge.com\/en\/wp-json\/wp\/v2\/media\/201339"}],"wp:attachment":[{"href":"https:\/\/captain-guitar-lounge.com\/en\/wp-json\/wp\/v2\/media?parent=201302"}],"wp:term":[{"taxonomy":"product_brand","embeddable":true,"href":"https:\/\/captain-guitar-lounge.com\/en\/wp-json\/wp\/v2\/product_brand?post=201302"},{"taxonomy":"product_cat","embeddable":true,"href":"https:\/\/captain-guitar-lounge.com\/en\/wp-json\/wp\/v2\/product_cat?post=201302"},{"taxonomy":"product_tag","embeddable":true,"href":"https:\/\/captain-guitar-lounge.com\/en\/wp-json\/wp\/v2\/product_tag?post=201302"}],"curies":[{"name":"wp","href":"https:\/\/api.w.org\/{rel}","templated":true}]}}